{"id":198931,"date":"2024-09-18T09:34:25","date_gmt":"2024-09-18T07:34:25","guid":{"rendered":"https:\/\/ekkla.ch\/produit\/haengeleuchte-cuzco-mit-kabel-natur-und-schwarz-o65-good-mojo\/"},"modified":"2024-09-20T03:16:09","modified_gmt":"2024-09-20T01:16:09","slug":"haengeleuchte-cuzco-mit-kabel-natur-und-schwarz-o65-good-mojo","status":"publish","type":"product","link":"https:\/\/ekkla.ch\/de\/produit\/haengeleuchte-cuzco-mit-kabel-natur-und-schwarz-o65-good-mojo\/","title":{"rendered":"H\u00e4ngeleuchte Cuzco mit Kabel &#8211; Natur und Schwarz &#8211; \u00d865 &#8211; Good &amp; Mojo"},"content":{"rendered":"<p>Inspiriert von den Fl\u00fcssen in der Region Cuzco bringt unsere organisch geformte H\u00e4ngelampe die nat\u00fcrliche Sch\u00f6nheit der Jute in jeden Raum. Mit ihrem leicht wellenf\u00f6rmigen Design verbreitet sie ein warmes, einladendes Licht und eignet sich perfekt, um \u00fcber Ihrem Esstisch platziert zu werden. Die Cuzco- Leuchte schafft eine warme und einladende Atmosph\u00e4re, die zu tiefen Gespr\u00e4chen und k\u00f6stlichen Mahlzeiten einl\u00e4dt. Geniessen Sie eine wunderbare Mischung aus Design und Nachhaltigkeit!<\/p>\n<p>Die Marke Good &amp; Mojo umfasst \u00f6kologisch verantwortungsvolle Leuchten, die ausschliesslich aus nachhaltigen und\/oder recycelten Materialien bestehen. Die meisten dieser Lampen werden von Handwerkern in einer Gemeinschaft in einem kleinen vietnamesischen Dorf handgefertigt.<\/p>\n<p>F\u00fcr jede verkaufte Lampe der Good &amp; Mojo Collection werden 5% an die <a href=\"https:\/\/waka-waka.com\/de\/\">WakaWaka<\/a> Foundation gespendet, die Solarleuchten f\u00fcr bed\u00fcrftige Bev\u00f6lkerungsgruppen bereitstellt.<\/p>\n<blockquote>\n<h2 style=\"text-align: left\">Merkmale &amp; Eigenschaften<\/h2>\n<p><strong>Marke<\/strong> Good &amp; Mojo<\/p>\n<p style=\"text-align: left\"><strong>Farben<\/strong> Natur und Schwarz<\/p>\n<p style=\"text-align: left\"><strong>Materialien<\/strong> Jute und Metall<\/p>\n<p style=\"text-align: left\"><strong>Gl\u00fchbirne<\/strong> E27 (nicht im Lieferumfang enthalten)<\/p>\n<p style=\"text-align: left\"><strong>Max. Leistung (W) <\/strong>60<\/p>\n<p style=\"text-align: left\"><strong>Kabel (cm) <\/strong>200<\/p>\n<\/blockquote>\n","protected":false},"excerpt":{"rendered":"<p>Inspiriert von den Fl\u00fcssen in der Region Cuzco bringt unsere organisch geformte H\u00e4ngelampe die nat\u00fcrliche Sch\u00f6nheit der Jute in jeden Raum. Mit ihrem leicht wellenf\u00f6rmigen Design verbreitet sie ein warmes, einladendes Licht und eignet sich perfekt, um \u00fcber Ihrem Esstisch platziert zu werden. Die Cuzco- Leuchte schafft eine warme und einladende Atmosph\u00e4re, die zu tiefen [&hellip;]<\/p>\n","protected":false},"featured_media":199233,"template":"","meta":{"_acf_changed":false,"om_disable_all_campaigns":false},"product_cat":[291],"product_tag":[1258,898,554,1188,1265,816,704,603],"bundled_by":[],"bundle_stock_status":"onbackorder","bundle_stock_quantity":null,"bundle_virtual":false,"bundle_layout":"","bundle_add_to_cart_form_location":"","bundle_editable_in_cart":false,"bundle_sold_individually_context":"","bundle_item_grouping":"","bundle_min_size":"","bundle_max_size":"","bundle_price":[],"bundled_items":[],"bundle_sell_ids":[],"acf":[],"yoast_head":"<!-- This site is optimized with the Yoast SEO Premium plugin v22.2 (Yoast SEO v22.8) - https:\/\/yoast.com\/wordpress\/plugins\/seo\/ -->\n<title>Good &amp; Mojo | H\u00e4ngeleuchte Cuzco | Eco-friendly | Ekkla<\/title>\n<meta name=\"description\" content=\"Die handgefertigte H\u00e4ngeleuchte aus Jute verleiht ein nat\u00fcrliches &amp; elegantes Aussehen. Eine ideale Leuchte \u00fcber einem Esstisch oder in einem Schlafzimmer.\" \/>\n<meta name=\"robots\" content=\"index, follow, max-snippet:-1, max-image-preview:large, max-video-preview:-1\" \/>\n<link rel=\"canonical\" href=\"https:\/\/ekkla.ch\/de\/produit\/haengeleuchte-cuzco-mit-kabel-natur-und-schwarz-o65-good-mojo\/\" \/>\n<meta property=\"og:locale\" content=\"de_DE\" \/>\n<meta property=\"og:type\" content=\"article\" \/>\n<meta property=\"og:title\" content=\"H\u00e4ngeleuchte Cuzco mit Kabel - Natur und Schwarz - \u00d865 - Good &amp; Mojo\" \/>\n<meta property=\"og:description\" content=\"Die handgefertigte H\u00e4ngeleuchte aus Jute verleiht ein nat\u00fcrliches &amp; elegantes Aussehen. Eine ideale Leuchte \u00fcber einem Esstisch oder in einem Schlafzimmer.\" \/>\n<meta property=\"og:url\" content=\"https:\/\/ekkla.ch\/de\/produit\/haengeleuchte-cuzco-mit-kabel-natur-und-schwarz-o65-good-mojo\/\" \/>\n<meta property=\"og:site_name\" content=\"Ekkla\" \/>\n<meta property=\"article:modified_time\" content=\"2024-09-20T01:16:09+00:00\" \/>\n<meta property=\"og:image\" content=\"https:\/\/ekkla.ch\/wp-content\/uploads\/2024\/09\/173.jpg\" \/>\n\t<meta property=\"og:image:width\" content=\"1000\" \/>\n\t<meta property=\"og:image:height\" content=\"1000\" \/>\n\t<meta property=\"og:image:type\" content=\"image\/jpeg\" \/>\n<meta name=\"twitter:card\" content=\"summary_large_image\" \/>\n<meta name=\"twitter:label1\" content=\"Gesch\u00e4tzte Lesezeit\" \/>\n\t<meta name=\"twitter:data1\" content=\"1\u00a0Minute\" \/>\n<script type=\"application\/ld+json\" class=\"yoast-schema-graph\">{\"@context\":\"https:\/\/schema.org\",\"@graph\":[{\"@type\":\"WebPage\",\"@id\":\"https:\/\/ekkla.ch\/de\/produit\/haengeleuchte-cuzco-mit-kabel-natur-und-schwarz-o65-good-mojo\/\",\"url\":\"https:\/\/ekkla.ch\/de\/produit\/haengeleuchte-cuzco-mit-kabel-natur-und-schwarz-o65-good-mojo\/\",\"name\":\"Good & Mojo | H\u00e4ngeleuchte Cuzco | Eco-friendly | Ekkla\",\"isPartOf\":{\"@id\":\"https:\/\/ekkla.ch\/#website\"},\"primaryImageOfPage\":{\"@id\":\"https:\/\/ekkla.ch\/de\/produit\/haengeleuchte-cuzco-mit-kabel-natur-und-schwarz-o65-good-mojo\/#primaryimage\"},\"image\":{\"@id\":\"https:\/\/ekkla.ch\/de\/produit\/haengeleuchte-cuzco-mit-kabel-natur-und-schwarz-o65-good-mojo\/#primaryimage\"},\"thumbnailUrl\":\"https:\/\/ekkla.ch\/wp-content\/uploads\/2024\/09\/Ekkla-Light-Suspension-Cuzco-avec-cable-Naturel-et-noir-O65-Good-Mojo-produit.jpg\",\"datePublished\":\"2024-09-18T07:34:25+00:00\",\"dateModified\":\"2024-09-20T01:16:09+00:00\",\"description\":\"Die handgefertigte H\u00e4ngeleuchte aus Jute verleiht ein nat\u00fcrliches & elegantes Aussehen. Eine ideale Leuchte \u00fcber einem Esstisch oder in einem Schlafzimmer.\",\"breadcrumb\":{\"@id\":\"https:\/\/ekkla.ch\/de\/produit\/haengeleuchte-cuzco-mit-kabel-natur-und-schwarz-o65-good-mojo\/#breadcrumb\"},\"inLanguage\":\"de\",\"potentialAction\":[{\"@type\":\"ReadAction\",\"target\":[\"https:\/\/ekkla.ch\/de\/produit\/haengeleuchte-cuzco-mit-kabel-natur-und-schwarz-o65-good-mojo\/\"]}]},{\"@type\":\"ImageObject\",\"inLanguage\":\"de\",\"@id\":\"https:\/\/ekkla.ch\/de\/produit\/haengeleuchte-cuzco-mit-kabel-natur-und-schwarz-o65-good-mojo\/#primaryimage\",\"url\":\"https:\/\/ekkla.ch\/wp-content\/uploads\/2024\/09\/Ekkla-Light-Suspension-Cuzco-avec-cable-Naturel-et-noir-O65-Good-Mojo-produit.jpg\",\"contentUrl\":\"https:\/\/ekkla.ch\/wp-content\/uploads\/2024\/09\/Ekkla-Light-Suspension-Cuzco-avec-cable-Naturel-et-noir-O65-Good-Mojo-produit.jpg\",\"width\":1000,\"height\":1000},{\"@type\":\"BreadcrumbList\",\"@id\":\"https:\/\/ekkla.ch\/de\/produit\/haengeleuchte-cuzco-mit-kabel-natur-und-schwarz-o65-good-mojo\/#breadcrumb\",\"itemListElement\":[{\"@type\":\"ListItem\",\"position\":1,\"name\":\"Home\",\"item\":\"https:\/\/ekkla.ch\/de\/\"},{\"@type\":\"ListItem\",\"position\":2,\"name\":\"Shop\",\"item\":\"https:\/\/ekkla.ch\/de\/shop\/\"},{\"@type\":\"ListItem\",\"position\":3,\"name\":\"H\u00e4ngeleuchte Cuzco mit Kabel - Natur und Schwarz - \u00d865 - Good &amp; Mojo\"}]},{\"@type\":\"WebSite\",\"@id\":\"https:\/\/ekkla.ch\/#website\",\"url\":\"https:\/\/ekkla.ch\/\",\"name\":\"Ekkla\",\"description\":\"Der Onlineshop f\u00fcr Beleuchtung\",\"publisher\":{\"@id\":\"https:\/\/ekkla.ch\/#organization\"},\"potentialAction\":[{\"@type\":\"SearchAction\",\"target\":{\"@type\":\"EntryPoint\",\"urlTemplate\":\"https:\/\/ekkla.ch\/?s={search_term_string}\"},\"query-input\":\"required name=search_term_string\"}],\"inLanguage\":\"de\"},{\"@type\":\"Organization\",\"@id\":\"https:\/\/ekkla.ch\/#organization\",\"name\":\"Ekkla\",\"url\":\"https:\/\/ekkla.ch\/\",\"logo\":{\"@type\":\"ImageObject\",\"inLanguage\":\"de\",\"@id\":\"https:\/\/ekkla.ch\/#\/schema\/logo\/image\/\",\"url\":\"http:\/\/ekkla.ch\/wp-content\/uploads\/2019\/07\/logo-1.svg\",\"contentUrl\":\"http:\/\/ekkla.ch\/wp-content\/uploads\/2019\/07\/logo-1.svg\",\"width\":1,\"height\":1,\"caption\":\"Ekkla\"},\"image\":{\"@id\":\"https:\/\/ekkla.ch\/#\/schema\/logo\/image\/\"},\"sameAs\":[\"https:\/\/www.instagram.com\/ekkla_light\/\"]}]}<\/script>\n<!-- \/ Yoast SEO Premium plugin. -->","yoast_head_json":{"title":"Good & Mojo | H\u00e4ngeleuchte Cuzco | Eco-friendly | Ekkla","description":"Die handgefertigte H\u00e4ngeleuchte aus Jute verleiht ein nat\u00fcrliches & elegantes Aussehen. Eine ideale Leuchte \u00fcber einem Esstisch oder in einem Schlafzimmer.","robots":{"index":"index","follow":"follow","max-snippet":"max-snippet:-1","max-image-preview":"max-image-preview:large","max-video-preview":"max-video-preview:-1"},"canonical":"https:\/\/ekkla.ch\/de\/produit\/haengeleuchte-cuzco-mit-kabel-natur-und-schwarz-o65-good-mojo\/","og_locale":"de_DE","og_type":"article","og_title":"H\u00e4ngeleuchte Cuzco mit Kabel - Natur und Schwarz - \u00d865 - Good &amp; Mojo","og_description":"Die handgefertigte H\u00e4ngeleuchte aus Jute verleiht ein nat\u00fcrliches & elegantes Aussehen. Eine ideale Leuchte \u00fcber einem Esstisch oder in einem Schlafzimmer.","og_url":"https:\/\/ekkla.ch\/de\/produit\/haengeleuchte-cuzco-mit-kabel-natur-und-schwarz-o65-good-mojo\/","og_site_name":"Ekkla","article_modified_time":"2024-09-20T01:16:09+00:00","og_image":[{"width":1000,"height":1000,"url":"https:\/\/ekkla.ch\/wp-content\/uploads\/2024\/09\/173.jpg","type":"image\/jpeg"}],"twitter_card":"summary_large_image","twitter_misc":{"Gesch\u00e4tzte Lesezeit":"1\u00a0Minute"},"schema":{"@context":"https:\/\/schema.org","@graph":[{"@type":"WebPage","@id":"https:\/\/ekkla.ch\/de\/produit\/haengeleuchte-cuzco-mit-kabel-natur-und-schwarz-o65-good-mojo\/","url":"https:\/\/ekkla.ch\/de\/produit\/haengeleuchte-cuzco-mit-kabel-natur-und-schwarz-o65-good-mojo\/","name":"Good & Mojo | H\u00e4ngeleuchte Cuzco | Eco-friendly | Ekkla","isPartOf":{"@id":"https:\/\/ekkla.ch\/#website"},"primaryImageOfPage":{"@id":"https:\/\/ekkla.ch\/de\/produit\/haengeleuchte-cuzco-mit-kabel-natur-und-schwarz-o65-good-mojo\/#primaryimage"},"image":{"@id":"https:\/\/ekkla.ch\/de\/produit\/haengeleuchte-cuzco-mit-kabel-natur-und-schwarz-o65-good-mojo\/#primaryimage"},"thumbnailUrl":"https:\/\/ekkla.ch\/wp-content\/uploads\/2024\/09\/Ekkla-Light-Suspension-Cuzco-avec-cable-Naturel-et-noir-O65-Good-Mojo-produit.jpg","datePublished":"2024-09-18T07:34:25+00:00","dateModified":"2024-09-20T01:16:09+00:00","description":"Die handgefertigte H\u00e4ngeleuchte aus Jute verleiht ein nat\u00fcrliches & elegantes Aussehen. Eine ideale Leuchte \u00fcber einem Esstisch oder in einem Schlafzimmer.","breadcrumb":{"@id":"https:\/\/ekkla.ch\/de\/produit\/haengeleuchte-cuzco-mit-kabel-natur-und-schwarz-o65-good-mojo\/#breadcrumb"},"inLanguage":"de","potentialAction":[{"@type":"ReadAction","target":["https:\/\/ekkla.ch\/de\/produit\/haengeleuchte-cuzco-mit-kabel-natur-und-schwarz-o65-good-mojo\/"]}]},{"@type":"ImageObject","inLanguage":"de","@id":"https:\/\/ekkla.ch\/de\/produit\/haengeleuchte-cuzco-mit-kabel-natur-und-schwarz-o65-good-mojo\/#primaryimage","url":"https:\/\/ekkla.ch\/wp-content\/uploads\/2024\/09\/Ekkla-Light-Suspension-Cuzco-avec-cable-Naturel-et-noir-O65-Good-Mojo-produit.jpg","contentUrl":"https:\/\/ekkla.ch\/wp-content\/uploads\/2024\/09\/Ekkla-Light-Suspension-Cuzco-avec-cable-Naturel-et-noir-O65-Good-Mojo-produit.jpg","width":1000,"height":1000},{"@type":"BreadcrumbList","@id":"https:\/\/ekkla.ch\/de\/produit\/haengeleuchte-cuzco-mit-kabel-natur-und-schwarz-o65-good-mojo\/#breadcrumb","itemListElement":[{"@type":"ListItem","position":1,"name":"Home","item":"https:\/\/ekkla.ch\/de\/"},{"@type":"ListItem","position":2,"name":"Shop","item":"https:\/\/ekkla.ch\/de\/shop\/"},{"@type":"ListItem","position":3,"name":"H\u00e4ngeleuchte Cuzco mit Kabel - Natur und Schwarz - \u00d865 - Good &amp; Mojo"}]},{"@type":"WebSite","@id":"https:\/\/ekkla.ch\/#website","url":"https:\/\/ekkla.ch\/","name":"Ekkla","description":"Der Onlineshop f\u00fcr Beleuchtung","publisher":{"@id":"https:\/\/ekkla.ch\/#organization"},"potentialAction":[{"@type":"SearchAction","target":{"@type":"EntryPoint","urlTemplate":"https:\/\/ekkla.ch\/?s={search_term_string}"},"query-input":"required name=search_term_string"}],"inLanguage":"de"},{"@type":"Organization","@id":"https:\/\/ekkla.ch\/#organization","name":"Ekkla","url":"https:\/\/ekkla.ch\/","logo":{"@type":"ImageObject","inLanguage":"de","@id":"https:\/\/ekkla.ch\/#\/schema\/logo\/image\/","url":"http:\/\/ekkla.ch\/wp-content\/uploads\/2019\/07\/logo-1.svg","contentUrl":"http:\/\/ekkla.ch\/wp-content\/uploads\/2019\/07\/logo-1.svg","width":1,"height":1,"caption":"Ekkla"},"image":{"@id":"https:\/\/ekkla.ch\/#\/schema\/logo\/image\/"},"sameAs":["https:\/\/www.instagram.com\/ekkla_light\/"]}]}},"_links":{"self":[{"href":"https:\/\/ekkla.ch\/de\/wp-json\/wp\/v2\/product\/198931"}],"collection":[{"href":"https:\/\/ekkla.ch\/de\/wp-json\/wp\/v2\/product"}],"about":[{"href":"https:\/\/ekkla.ch\/de\/wp-json\/wp\/v2\/types\/product"}],"wp:featuredmedia":[{"embeddable":true,"href":"https:\/\/ekkla.ch\/de\/wp-json\/wp\/v2\/media\/199233"}],"wp:attachment":[{"href":"https:\/\/ekkla.ch\/de\/wp-json\/wp\/v2\/media?parent=198931"}],"wp:term":[{"taxonomy":"product_cat","embeddable":true,"href":"https:\/\/ekkla.ch\/de\/wp-json\/wp\/v2\/product_cat?post=198931"},{"taxonomy":"product_tag","embeddable":true,"href":"https:\/\/ekkla.ch\/de\/wp-json\/wp\/v2\/product_tag?post=198931"}],"curies":[{"name":"wp","href":"https:\/\/api.w.org\/{rel}","templated":true}]}}