{"id":198981,"date":"2024-09-11T13:41:32","date_gmt":"2024-09-11T11:41:32","guid":{"rendered":"https:\/\/ekkla.ch\/produit\/deckenleuchte-andros-natur-weiss-und-schwarz-o45-good-mojo\/"},"modified":"2024-09-24T19:42:18","modified_gmt":"2024-09-24T17:42:18","slug":"deckenleuchte-andros-natur-weiss-und-schwarz-o45-good-mojo","status":"publish","type":"product","link":"https:\/\/ekkla.ch\/de\/produit\/deckenleuchte-andros-natur-weiss-und-schwarz-o45-good-mojo\/","title":{"rendered":"Deckenleuchte Andros &#8211; Natur, Weiss und Schwarz &#8211; \u00d845 &#8211; Good &amp; Mojo"},"content":{"rendered":"<p>Andros ist eine Verschmelzung von Kunsthandwerk und dem Ozean. Inspiriert von den ruhigen Wellen und den Sandstr\u00e4nden seiner gleichnamigen Insel. Mit Andros entscheiden Sie sich f\u00fcr eine inspirierende und verantwortungsvolle Beleuchtung. Egal, ob Sie sich f\u00fcr die Wand- oder die Deckenleuchte entscheiden. Andros bringt \u00fcberall ein weiches und warmes Licht. Jedes St\u00fcck wird unter dem Blickwinkel der Nachhaltigkeit hergestellt, so dass Sie sich mit jeder Wahl, die Sie treffen, f\u00fcr G\u00fcte gegen\u00fcber unserem Planeten entscheiden.<\/p>\n<p>Die Marke Good &amp; Mojo umfasst \u00f6kologisch verantwortungsvolle Leuchten, die ausschliesslich aus nachhaltigen und\/oder recycelten Materialien bestehen. Die meisten dieser Lampen werden von Handwerkern in einer Gemeinschaft in einem kleinen vietnamesischen Dorf handgefertigt.<\/p>\n<p>F\u00fcr jede verkaufte Lampe der Good &amp; Mojo Collection werden 5% an die <a href=\"https:\/\/waka-waka.com\/de\/\">WakaWaka<\/a> Foundation gespendet, die Solarleuchten f\u00fcr bed\u00fcrftige Bev\u00f6lkerungsgruppen bereitstellt.<\/p>\n<p>Gl\u00fchbirne nicht im Lieferumfang enthalten.<\/p>\n<blockquote>\n<h2>Merkmale &amp; Eigenschaften<\/h2>\n<p><strong>Marke<\/strong> Good &amp; Mojo<\/p>\n<p><strong>Farben<\/strong> Natur, Weiss und Schwarz<\/p>\n<p><strong>Materialien<\/strong> Meeresalgen und Stahl<\/p>\n<p><b>Gl\u00fchbirne <\/b>E27<\/p>\n<p><strong>Max. Leistung (W)<\/strong> 60<\/p>\n<p><strong>Durchmesser (cm) <\/strong>45<\/p><\/blockquote>\n","protected":false},"excerpt":{"rendered":"<p>Andros ist eine Verschmelzung von Kunsthandwerk und dem Ozean. Inspiriert von den ruhigen Wellen und den Sandstr\u00e4nden seiner gleichnamigen Insel. Mit Andros entscheiden Sie sich f\u00fcr eine inspirierende und verantwortungsvolle Beleuchtung. Egal, ob Sie sich f\u00fcr die Wand- oder die Deckenleuchte entscheiden. Andros bringt \u00fcberall ein weiches und warmes Licht. Jedes St\u00fcck wird unter dem [&hellip;]<\/p>\n","protected":false},"featured_media":198588,"template":"","meta":{"_acf_changed":false,"om_disable_all_campaigns":false},"product_cat":[1087,286],"product_tag":[1258,898,554,1188,1265,816,704,603],"bundled_by":[],"bundle_stock_status":"onbackorder","bundle_stock_quantity":null,"bundle_virtual":false,"bundle_layout":"","bundle_add_to_cart_form_location":"","bundle_editable_in_cart":false,"bundle_sold_individually_context":"","bundle_item_grouping":"","bundle_min_size":"","bundle_max_size":"","bundle_price":[],"bundled_items":[],"bundle_sell_ids":[],"acf":[],"yoast_head":"<!-- This site is optimized with the Yoast SEO Premium plugin v22.2 (Yoast SEO v22.8) - https:\/\/yoast.com\/wordpress\/plugins\/seo\/ -->\n<title>Good &amp; Mojo | Deckenleuchte Andros | Ekkla | Ecofriendly<\/title>\n<meta name=\"description\" content=\"Diese Deckenleuchte aus Meeresalgen ist eine Mischung aus nat\u00fcrlichen Materialien und zeitgen\u00f6ssischem Design in einem sehr aktuellen Ethno-Chic.\" \/>\n<meta name=\"robots\" content=\"index, follow, max-snippet:-1, max-image-preview:large, max-video-preview:-1\" \/>\n<link rel=\"canonical\" href=\"https:\/\/ekkla.ch\/de\/produit\/deckenleuchte-andros-natur-weiss-und-schwarz-o45-good-mojo\/\" \/>\n<meta property=\"og:locale\" content=\"de_DE\" \/>\n<meta property=\"og:type\" content=\"article\" \/>\n<meta property=\"og:title\" content=\"Deckenleuchte Andros - Natur, Weiss und Schwarz - \u00d845 - Good &amp; Mojo\" \/>\n<meta property=\"og:description\" content=\"Diese Deckenleuchte aus Meeresalgen ist eine Mischung aus nat\u00fcrlichen Materialien und zeitgen\u00f6ssischem Design in einem sehr aktuellen Ethno-Chic.\" \/>\n<meta property=\"og:url\" content=\"https:\/\/ekkla.ch\/de\/produit\/deckenleuchte-andros-natur-weiss-und-schwarz-o45-good-mojo\/\" \/>\n<meta property=\"og:site_name\" content=\"Ekkla\" \/>\n<meta property=\"article:modified_time\" content=\"2024-09-24T17:42:18+00:00\" \/>\n<meta property=\"og:image\" content=\"https:\/\/ekkla.ch\/wp-content\/uploads\/2024\/09\/andc031bw.jpg\" \/>\n\t<meta property=\"og:image:width\" content=\"900\" \/>\n\t<meta property=\"og:image:height\" content=\"1200\" \/>\n\t<meta property=\"og:image:type\" content=\"image\/jpeg\" \/>\n<meta name=\"twitter:card\" content=\"summary_large_image\" \/>\n<meta name=\"twitter:label1\" content=\"Gesch\u00e4tzte Lesezeit\" \/>\n\t<meta name=\"twitter:data1\" content=\"2\u00a0Minuten\" \/>\n<script type=\"application\/ld+json\" class=\"yoast-schema-graph\">{\"@context\":\"https:\/\/schema.org\",\"@graph\":[{\"@type\":\"WebPage\",\"@id\":\"https:\/\/ekkla.ch\/de\/produit\/deckenleuchte-andros-natur-weiss-und-schwarz-o45-good-mojo\/\",\"url\":\"https:\/\/ekkla.ch\/de\/produit\/deckenleuchte-andros-natur-weiss-und-schwarz-o45-good-mojo\/\",\"name\":\"Good & Mojo | Deckenleuchte Andros | Ekkla | Ecofriendly\",\"isPartOf\":{\"@id\":\"https:\/\/ekkla.ch\/#website\"},\"primaryImageOfPage\":{\"@id\":\"https:\/\/ekkla.ch\/de\/produit\/deckenleuchte-andros-natur-weiss-und-schwarz-o45-good-mojo\/#primaryimage\"},\"image\":{\"@id\":\"https:\/\/ekkla.ch\/de\/produit\/deckenleuchte-andros-natur-weiss-und-schwarz-o45-good-mojo\/#primaryimage\"},\"thumbnailUrl\":\"https:\/\/ekkla.ch\/wp-content\/uploads\/2024\/09\/andc031bw.jpg\",\"datePublished\":\"2024-09-11T11:41:32+00:00\",\"dateModified\":\"2024-09-24T17:42:18+00:00\",\"description\":\"Diese Deckenleuchte aus Meeresalgen ist eine Mischung aus nat\u00fcrlichen Materialien und zeitgen\u00f6ssischem Design in einem sehr aktuellen Ethno-Chic.\",\"breadcrumb\":{\"@id\":\"https:\/\/ekkla.ch\/de\/produit\/deckenleuchte-andros-natur-weiss-und-schwarz-o45-good-mojo\/#breadcrumb\"},\"inLanguage\":\"de\",\"potentialAction\":[{\"@type\":\"ReadAction\",\"target\":[\"https:\/\/ekkla.ch\/de\/produit\/deckenleuchte-andros-natur-weiss-und-schwarz-o45-good-mojo\/\"]}]},{\"@type\":\"ImageObject\",\"inLanguage\":\"de\",\"@id\":\"https:\/\/ekkla.ch\/de\/produit\/deckenleuchte-andros-natur-weiss-und-schwarz-o45-good-mojo\/#primaryimage\",\"url\":\"https:\/\/ekkla.ch\/wp-content\/uploads\/2024\/09\/andc031bw.jpg\",\"contentUrl\":\"https:\/\/ekkla.ch\/wp-content\/uploads\/2024\/09\/andc031bw.jpg\",\"width\":900,\"height\":1200},{\"@type\":\"BreadcrumbList\",\"@id\":\"https:\/\/ekkla.ch\/de\/produit\/deckenleuchte-andros-natur-weiss-und-schwarz-o45-good-mojo\/#breadcrumb\",\"itemListElement\":[{\"@type\":\"ListItem\",\"position\":1,\"name\":\"Home\",\"item\":\"https:\/\/ekkla.ch\/de\/\"},{\"@type\":\"ListItem\",\"position\":2,\"name\":\"Shop\",\"item\":\"https:\/\/ekkla.ch\/de\/shop\/\"},{\"@type\":\"ListItem\",\"position\":3,\"name\":\"Deckenleuchte Andros - Natur, Weiss und Schwarz - \u00d845 - Good &amp; Mojo\"}]},{\"@type\":\"WebSite\",\"@id\":\"https:\/\/ekkla.ch\/#website\",\"url\":\"https:\/\/ekkla.ch\/\",\"name\":\"Ekkla\",\"description\":\"Der Onlineshop f\u00fcr Beleuchtung\",\"publisher\":{\"@id\":\"https:\/\/ekkla.ch\/#organization\"},\"potentialAction\":[{\"@type\":\"SearchAction\",\"target\":{\"@type\":\"EntryPoint\",\"urlTemplate\":\"https:\/\/ekkla.ch\/?s={search_term_string}\"},\"query-input\":\"required name=search_term_string\"}],\"inLanguage\":\"de\"},{\"@type\":\"Organization\",\"@id\":\"https:\/\/ekkla.ch\/#organization\",\"name\":\"Ekkla\",\"url\":\"https:\/\/ekkla.ch\/\",\"logo\":{\"@type\":\"ImageObject\",\"inLanguage\":\"de\",\"@id\":\"https:\/\/ekkla.ch\/#\/schema\/logo\/image\/\",\"url\":\"http:\/\/ekkla.ch\/wp-content\/uploads\/2019\/07\/logo-1.svg\",\"contentUrl\":\"http:\/\/ekkla.ch\/wp-content\/uploads\/2019\/07\/logo-1.svg\",\"width\":1,\"height\":1,\"caption\":\"Ekkla\"},\"image\":{\"@id\":\"https:\/\/ekkla.ch\/#\/schema\/logo\/image\/\"},\"sameAs\":[\"https:\/\/www.instagram.com\/ekkla_light\/\"]}]}<\/script>\n<!-- \/ Yoast SEO Premium plugin. -->","yoast_head_json":{"title":"Good & Mojo | Deckenleuchte Andros | Ekkla | Ecofriendly","description":"Diese Deckenleuchte aus Meeresalgen ist eine Mischung aus nat\u00fcrlichen Materialien und zeitgen\u00f6ssischem Design in einem sehr aktuellen Ethno-Chic.","robots":{"index":"index","follow":"follow","max-snippet":"max-snippet:-1","max-image-preview":"max-image-preview:large","max-video-preview":"max-video-preview:-1"},"canonical":"https:\/\/ekkla.ch\/de\/produit\/deckenleuchte-andros-natur-weiss-und-schwarz-o45-good-mojo\/","og_locale":"de_DE","og_type":"article","og_title":"Deckenleuchte Andros - Natur, Weiss und Schwarz - \u00d845 - Good &amp; Mojo","og_description":"Diese Deckenleuchte aus Meeresalgen ist eine Mischung aus nat\u00fcrlichen Materialien und zeitgen\u00f6ssischem Design in einem sehr aktuellen Ethno-Chic.","og_url":"https:\/\/ekkla.ch\/de\/produit\/deckenleuchte-andros-natur-weiss-und-schwarz-o45-good-mojo\/","og_site_name":"Ekkla","article_modified_time":"2024-09-24T17:42:18+00:00","og_image":[{"width":900,"height":1200,"url":"https:\/\/ekkla.ch\/wp-content\/uploads\/2024\/09\/andc031bw.jpg","type":"image\/jpeg"}],"twitter_card":"summary_large_image","twitter_misc":{"Gesch\u00e4tzte Lesezeit":"2\u00a0Minuten"},"schema":{"@context":"https:\/\/schema.org","@graph":[{"@type":"WebPage","@id":"https:\/\/ekkla.ch\/de\/produit\/deckenleuchte-andros-natur-weiss-und-schwarz-o45-good-mojo\/","url":"https:\/\/ekkla.ch\/de\/produit\/deckenleuchte-andros-natur-weiss-und-schwarz-o45-good-mojo\/","name":"Good & Mojo | Deckenleuchte Andros | Ekkla | Ecofriendly","isPartOf":{"@id":"https:\/\/ekkla.ch\/#website"},"primaryImageOfPage":{"@id":"https:\/\/ekkla.ch\/de\/produit\/deckenleuchte-andros-natur-weiss-und-schwarz-o45-good-mojo\/#primaryimage"},"image":{"@id":"https:\/\/ekkla.ch\/de\/produit\/deckenleuchte-andros-natur-weiss-und-schwarz-o45-good-mojo\/#primaryimage"},"thumbnailUrl":"https:\/\/ekkla.ch\/wp-content\/uploads\/2024\/09\/andc031bw.jpg","datePublished":"2024-09-11T11:41:32+00:00","dateModified":"2024-09-24T17:42:18+00:00","description":"Diese Deckenleuchte aus Meeresalgen ist eine Mischung aus nat\u00fcrlichen Materialien und zeitgen\u00f6ssischem Design in einem sehr aktuellen Ethno-Chic.","breadcrumb":{"@id":"https:\/\/ekkla.ch\/de\/produit\/deckenleuchte-andros-natur-weiss-und-schwarz-o45-good-mojo\/#breadcrumb"},"inLanguage":"de","potentialAction":[{"@type":"ReadAction","target":["https:\/\/ekkla.ch\/de\/produit\/deckenleuchte-andros-natur-weiss-und-schwarz-o45-good-mojo\/"]}]},{"@type":"ImageObject","inLanguage":"de","@id":"https:\/\/ekkla.ch\/de\/produit\/deckenleuchte-andros-natur-weiss-und-schwarz-o45-good-mojo\/#primaryimage","url":"https:\/\/ekkla.ch\/wp-content\/uploads\/2024\/09\/andc031bw.jpg","contentUrl":"https:\/\/ekkla.ch\/wp-content\/uploads\/2024\/09\/andc031bw.jpg","width":900,"height":1200},{"@type":"BreadcrumbList","@id":"https:\/\/ekkla.ch\/de\/produit\/deckenleuchte-andros-natur-weiss-und-schwarz-o45-good-mojo\/#breadcrumb","itemListElement":[{"@type":"ListItem","position":1,"name":"Home","item":"https:\/\/ekkla.ch\/de\/"},{"@type":"ListItem","position":2,"name":"Shop","item":"https:\/\/ekkla.ch\/de\/shop\/"},{"@type":"ListItem","position":3,"name":"Deckenleuchte Andros - Natur, Weiss und Schwarz - \u00d845 - Good &amp; Mojo"}]},{"@type":"WebSite","@id":"https:\/\/ekkla.ch\/#website","url":"https:\/\/ekkla.ch\/","name":"Ekkla","description":"Der Onlineshop f\u00fcr Beleuchtung","publisher":{"@id":"https:\/\/ekkla.ch\/#organization"},"potentialAction":[{"@type":"SearchAction","target":{"@type":"EntryPoint","urlTemplate":"https:\/\/ekkla.ch\/?s={search_term_string}"},"query-input":"required name=search_term_string"}],"inLanguage":"de"},{"@type":"Organization","@id":"https:\/\/ekkla.ch\/#organization","name":"Ekkla","url":"https:\/\/ekkla.ch\/","logo":{"@type":"ImageObject","inLanguage":"de","@id":"https:\/\/ekkla.ch\/#\/schema\/logo\/image\/","url":"http:\/\/ekkla.ch\/wp-content\/uploads\/2019\/07\/logo-1.svg","contentUrl":"http:\/\/ekkla.ch\/wp-content\/uploads\/2019\/07\/logo-1.svg","width":1,"height":1,"caption":"Ekkla"},"image":{"@id":"https:\/\/ekkla.ch\/#\/schema\/logo\/image\/"},"sameAs":["https:\/\/www.instagram.com\/ekkla_light\/"]}]}},"_links":{"self":[{"href":"https:\/\/ekkla.ch\/de\/wp-json\/wp\/v2\/product\/198981"}],"collection":[{"href":"https:\/\/ekkla.ch\/de\/wp-json\/wp\/v2\/product"}],"about":[{"href":"https:\/\/ekkla.ch\/de\/wp-json\/wp\/v2\/types\/product"}],"wp:featuredmedia":[{"embeddable":true,"href":"https:\/\/ekkla.ch\/de\/wp-json\/wp\/v2\/media\/198588"}],"wp:attachment":[{"href":"https:\/\/ekkla.ch\/de\/wp-json\/wp\/v2\/media?parent=198981"}],"wp:term":[{"taxonomy":"product_cat","embeddable":true,"href":"https:\/\/ekkla.ch\/de\/wp-json\/wp\/v2\/product_cat?post=198981"},{"taxonomy":"product_tag","embeddable":true,"href":"https:\/\/ekkla.ch\/de\/wp-json\/wp\/v2\/product_tag?post=198981"}],"curies":[{"name":"wp","href":"https:\/\/api.w.org\/{rel}","templated":true}]}}