{"id":200094,"date":"2024-10-26T16:37:12","date_gmt":"2024-10-26T14:37:12","guid":{"rendered":"https:\/\/ekkla.ch\/produit\/stuhl-fan-schwarzes-holz-tom-dixon\/"},"modified":"2024-11-06T13:53:41","modified_gmt":"2024-11-06T12:53:41","slug":"stuhl-fan-schwarzes-holz-tom-dixon","status":"publish","type":"product","link":"https:\/\/ekkla.ch\/de\/produit\/stuhl-fan-schwarzes-holz-tom-dixon\/","title":{"rendered":"Stuhl Fan &#8211; Schwarzes Holz &#8211; Tom Dixon"},"content":{"rendered":"<div class=\"flex-shrink-0 flex flex-col relative items-end\">\n<div class=\"pt-0\">\n<div class=\"gizmo-bot-avatar flex h-8 w-8 items-center justify-center overflow-hidden rounded-full\">\n<div class=\"relative p-1 rounded-sm flex items-center justify-center bg-token-main-surface-primary text-token-text-primary h-8 w-8\">\n<p>Der Stuhl Fan von Tom Dixon ist eine skulpturale und elegante Version eines klassischen britischen Designs. Mit einer Sitzfl\u00e4che aus schwarzem Leder und einer geschwungenen R\u00fcckenlehne bietet er h\u00f6chsten Komfort und verleiht jedem Raum eine raffinierte Note. Der Stuhl ist aus schwarzem Birkenholz gefertigt und verk\u00f6rpert Robustheit und Raffinesse zugleich.<\/p>\n<p>Der Fan-Stuhl zeichnet sich durch seine klaren Linien und sein zeitloses Design aus und passt sowohl in moderne als auch in traditionelle Umgebungen. Neben dem Stuhl umfasst die Fan-Kollektion auch Tische und Modelle mit hoher R\u00fcckenlehne, so dass ein stimmiges und elegantes Ensemble entsteht.<\/p>\n<p>Entworfen von Tom Dixon, einem britischen Designer, der f\u00fcr seinen innovativen Ansatz und seine Materialkompetenz bekannt ist, spiegelt dieses St\u00fcck das Engagement der Marke f\u00fcr ein Design wider, das sowohl funktional als auch skulptural ist.<\/p>\n<\/div>\n<\/div>\n<\/div>\n<\/div>\n<blockquote>\n<h2>Merkmale &amp; Eigenschaften<\/h2>\n<div class=\"flex-1 overflow-hidden\">\n<div class=\"h-full\">\n<div class=\"react-scroll-to-bottom--css-fhlzq-79elbk h-full\">\n<div class=\"react-scroll-to-bottom--css-fhlzq-1n7m0yu\">\n<div class=\"flex flex-col text-sm md:pb-9\">\n<article class=\"w-full text-token-text-primary focus-visible:outline-2 focus-visible:outline-offset-[-4px]\" dir=\"auto\" data-testid=\"conversation-turn-11\" data-scroll-anchor=\"true\">\n<div class=\"m-auto text-base py-[18px] px-3 md:px-4 w-full md:px-5 lg:px-4 xl:px-5\">\n<div class=\"mx-auto flex flex-1 gap-4 text-base md:gap-5 lg:gap-6 md:max-w-3xl lg:max-w-[40rem] xl:max-w-[48rem]\">\n<div class=\"group\/conversation-turn relative flex w-full min-w-0 flex-col agent-turn\">\n<div class=\"flex-col gap-1 md:gap-3\">\n<div class=\"flex max-w-full flex-col flex-grow\">\n<div class=\"min-h-8 text-message flex w-full flex-col items-end gap-2 whitespace-normal break-words [.text-message+&amp;]:mt-5\" dir=\"auto\" data-message-author-role=\"assistant\" data-message-id=\"866d18de-5fd6-4732-a36b-3e79294d2f99\" data-message-model-slug=\"gpt-4o\">\n<div class=\"flex w-full flex-col gap-1 empty:hidden first:pt-[3px]\">\n<div class=\"markdown prose w-full break-words dark:prose-invert light\">\n<p><strong>Marke<\/strong>\u00a0Tom Dixon<\/p>\n<p><strong>Farbe<\/strong> Schwarz<\/p>\n<\/div>\n<\/div>\n<\/div>\n<\/div>\n<\/div>\n<\/div>\n<\/div>\n<\/div>\n<\/article>\n<\/div>\n<\/div>\n<\/div>\n<\/div>\n<\/div>\n<p><strong>Materialien<\/strong> Birkenholz und Leder<\/p>\n<p><strong>H\u00f6he (cm) <\/strong>112<\/p>\n<p><strong>Breite (cm) <\/strong>87<\/p>\n<p><strong>Tiefe (cm) <\/strong>63<\/p>\n<p><strong>Gewicht (kg) <\/strong>8<\/p><\/blockquote>\n","protected":false},"excerpt":{"rendered":"<p>Der Stuhl Fan von Tom Dixon ist eine skulpturale und elegante Version eines klassischen britischen Designs. Mit einer Sitzfl\u00e4che aus schwarzem Leder und einer geschwungenen R\u00fcckenlehne bietet er h\u00f6chsten Komfort und verleiht jedem Raum eine raffinierte Note. Der Stuhl ist aus schwarzem Birkenholz gefertigt und verk\u00f6rpert Robustheit und Raffinesse zugleich. Der Fan-Stuhl zeichnet sich durch [&hellip;]<\/p>\n","protected":false},"featured_media":200313,"template":"","meta":{"_acf_changed":false,"om_disable_all_campaigns":false},"product_cat":[964,968],"product_tag":[1254,896,1188,1265,801,1166],"bundled_by":[],"bundle_stock_status":"onbackorder","bundle_stock_quantity":null,"bundle_virtual":false,"bundle_layout":"","bundle_add_to_cart_form_location":"","bundle_editable_in_cart":false,"bundle_sold_individually_context":"","bundle_item_grouping":"","bundle_min_size":"","bundle_max_size":"","bundle_price":[],"bundled_items":[],"bundle_sell_ids":[],"acf":[],"yoast_head":"<!-- This site is optimized with the Yoast SEO Premium plugin v22.2 (Yoast SEO v22.8) - https:\/\/yoast.com\/wordpress\/plugins\/seo\/ -->\n<title>Stuhl Fan I Schwarzes Holz I Tom Dixon I Ekkla<\/title>\n<meta name=\"description\" content=\"Entdecken Sie den Stuhl Fan von Tom Dixon aus naturfarbenem Eichenholz mit Ledersitz. Er vereint skulpturales Design, Komfort und zeitlose Eleganz.\" \/>\n<meta name=\"robots\" content=\"index, follow, max-snippet:-1, max-image-preview:large, max-video-preview:-1\" \/>\n<link rel=\"canonical\" href=\"https:\/\/ekkla.ch\/de\/produit\/stuhl-fan-schwarzes-holz-tom-dixon\/\" \/>\n<meta property=\"og:locale\" content=\"de_DE\" \/>\n<meta property=\"og:type\" content=\"article\" \/>\n<meta property=\"og:title\" content=\"Stuhl Fan - Schwarzes Holz - Tom Dixon\" \/>\n<meta property=\"og:description\" content=\"Entdecken Sie den Stuhl Fan von Tom Dixon aus naturfarbenem Eichenholz mit Ledersitz. Er vereint skulpturales Design, Komfort und zeitlose Eleganz.\" \/>\n<meta property=\"og:url\" content=\"https:\/\/ekkla.ch\/de\/produit\/stuhl-fan-schwarzes-holz-tom-dixon\/\" \/>\n<meta property=\"og:site_name\" content=\"Ekkla\" \/>\n<meta property=\"article:modified_time\" content=\"2024-11-06T12:53:41+00:00\" \/>\n<meta property=\"og:image\" content=\"https:\/\/ekkla.ch\/wp-content\/uploads\/2024\/10\/ekkla-lampes-meubles-fan_0014_FAD01BL_Fan-Dining-Chair-Black_Main_Cut-out-1.jpg\" \/>\n\t<meta property=\"og:image:width\" content=\"1000\" \/>\n\t<meta property=\"og:image:height\" content=\"1000\" \/>\n\t<meta property=\"og:image:type\" content=\"image\/jpeg\" \/>\n<meta name=\"twitter:card\" content=\"summary_large_image\" \/>\n<meta name=\"twitter:label1\" content=\"Gesch\u00e4tzte Lesezeit\" \/>\n\t<meta name=\"twitter:data1\" content=\"1\u00a0Minute\" \/>\n<script type=\"application\/ld+json\" class=\"yoast-schema-graph\">{\"@context\":\"https:\/\/schema.org\",\"@graph\":[{\"@type\":\"WebPage\",\"@id\":\"https:\/\/ekkla.ch\/de\/produit\/stuhl-fan-schwarzes-holz-tom-dixon\/\",\"url\":\"https:\/\/ekkla.ch\/de\/produit\/stuhl-fan-schwarzes-holz-tom-dixon\/\",\"name\":\"Stuhl Fan I Schwarzes Holz I Tom Dixon I Ekkla\",\"isPartOf\":{\"@id\":\"https:\/\/ekkla.ch\/#website\"},\"primaryImageOfPage\":{\"@id\":\"https:\/\/ekkla.ch\/de\/produit\/stuhl-fan-schwarzes-holz-tom-dixon\/#primaryimage\"},\"image\":{\"@id\":\"https:\/\/ekkla.ch\/de\/produit\/stuhl-fan-schwarzes-holz-tom-dixon\/#primaryimage\"},\"thumbnailUrl\":\"https:\/\/ekkla.ch\/wp-content\/uploads\/2024\/10\/ekkla-lampes-meubles-fan_0014_FAD01BL_Fan-Dining-Chair-Black_Main_Cut-out-1.jpg\",\"datePublished\":\"2024-10-26T14:37:12+00:00\",\"dateModified\":\"2024-11-06T12:53:41+00:00\",\"description\":\"Entdecken Sie den Stuhl Fan von Tom Dixon aus naturfarbenem Eichenholz mit Ledersitz. Er vereint skulpturales Design, Komfort und zeitlose Eleganz.\",\"breadcrumb\":{\"@id\":\"https:\/\/ekkla.ch\/de\/produit\/stuhl-fan-schwarzes-holz-tom-dixon\/#breadcrumb\"},\"inLanguage\":\"de\",\"potentialAction\":[{\"@type\":\"ReadAction\",\"target\":[\"https:\/\/ekkla.ch\/de\/produit\/stuhl-fan-schwarzes-holz-tom-dixon\/\"]}]},{\"@type\":\"ImageObject\",\"inLanguage\":\"de\",\"@id\":\"https:\/\/ekkla.ch\/de\/produit\/stuhl-fan-schwarzes-holz-tom-dixon\/#primaryimage\",\"url\":\"https:\/\/ekkla.ch\/wp-content\/uploads\/2024\/10\/ekkla-lampes-meubles-fan_0014_FAD01BL_Fan-Dining-Chair-Black_Main_Cut-out-1.jpg\",\"contentUrl\":\"https:\/\/ekkla.ch\/wp-content\/uploads\/2024\/10\/ekkla-lampes-meubles-fan_0014_FAD01BL_Fan-Dining-Chair-Black_Main_Cut-out-1.jpg\",\"width\":1000,\"height\":1000},{\"@type\":\"BreadcrumbList\",\"@id\":\"https:\/\/ekkla.ch\/de\/produit\/stuhl-fan-schwarzes-holz-tom-dixon\/#breadcrumb\",\"itemListElement\":[{\"@type\":\"ListItem\",\"position\":1,\"name\":\"Home\",\"item\":\"https:\/\/ekkla.ch\/de\/\"},{\"@type\":\"ListItem\",\"position\":2,\"name\":\"Shop\",\"item\":\"https:\/\/ekkla.ch\/de\/shop\/\"},{\"@type\":\"ListItem\",\"position\":3,\"name\":\"Stuhl Fan - Schwarzes Holz - Tom Dixon\"}]},{\"@type\":\"WebSite\",\"@id\":\"https:\/\/ekkla.ch\/#website\",\"url\":\"https:\/\/ekkla.ch\/\",\"name\":\"Ekkla\",\"description\":\"Der Onlineshop f\u00fcr Beleuchtung\",\"publisher\":{\"@id\":\"https:\/\/ekkla.ch\/#organization\"},\"potentialAction\":[{\"@type\":\"SearchAction\",\"target\":{\"@type\":\"EntryPoint\",\"urlTemplate\":\"https:\/\/ekkla.ch\/?s={search_term_string}\"},\"query-input\":\"required name=search_term_string\"}],\"inLanguage\":\"de\"},{\"@type\":\"Organization\",\"@id\":\"https:\/\/ekkla.ch\/#organization\",\"name\":\"Ekkla\",\"url\":\"https:\/\/ekkla.ch\/\",\"logo\":{\"@type\":\"ImageObject\",\"inLanguage\":\"de\",\"@id\":\"https:\/\/ekkla.ch\/#\/schema\/logo\/image\/\",\"url\":\"http:\/\/ekkla.ch\/wp-content\/uploads\/2019\/07\/logo-1.svg\",\"contentUrl\":\"http:\/\/ekkla.ch\/wp-content\/uploads\/2019\/07\/logo-1.svg\",\"width\":1,\"height\":1,\"caption\":\"Ekkla\"},\"image\":{\"@id\":\"https:\/\/ekkla.ch\/#\/schema\/logo\/image\/\"},\"sameAs\":[\"https:\/\/www.instagram.com\/ekkla_light\/\"]}]}<\/script>\n<!-- \/ Yoast SEO Premium plugin. -->","yoast_head_json":{"title":"Stuhl Fan I Schwarzes Holz I Tom Dixon I Ekkla","description":"Entdecken Sie den Stuhl Fan von Tom Dixon aus naturfarbenem Eichenholz mit Ledersitz. Er vereint skulpturales Design, Komfort und zeitlose Eleganz.","robots":{"index":"index","follow":"follow","max-snippet":"max-snippet:-1","max-image-preview":"max-image-preview:large","max-video-preview":"max-video-preview:-1"},"canonical":"https:\/\/ekkla.ch\/de\/produit\/stuhl-fan-schwarzes-holz-tom-dixon\/","og_locale":"de_DE","og_type":"article","og_title":"Stuhl Fan - Schwarzes Holz - Tom Dixon","og_description":"Entdecken Sie den Stuhl Fan von Tom Dixon aus naturfarbenem Eichenholz mit Ledersitz. Er vereint skulpturales Design, Komfort und zeitlose Eleganz.","og_url":"https:\/\/ekkla.ch\/de\/produit\/stuhl-fan-schwarzes-holz-tom-dixon\/","og_site_name":"Ekkla","article_modified_time":"2024-11-06T12:53:41+00:00","og_image":[{"width":1000,"height":1000,"url":"https:\/\/ekkla.ch\/wp-content\/uploads\/2024\/10\/ekkla-lampes-meubles-fan_0014_FAD01BL_Fan-Dining-Chair-Black_Main_Cut-out-1.jpg","type":"image\/jpeg"}],"twitter_card":"summary_large_image","twitter_misc":{"Gesch\u00e4tzte Lesezeit":"1\u00a0Minute"},"schema":{"@context":"https:\/\/schema.org","@graph":[{"@type":"WebPage","@id":"https:\/\/ekkla.ch\/de\/produit\/stuhl-fan-schwarzes-holz-tom-dixon\/","url":"https:\/\/ekkla.ch\/de\/produit\/stuhl-fan-schwarzes-holz-tom-dixon\/","name":"Stuhl Fan I Schwarzes Holz I Tom Dixon I Ekkla","isPartOf":{"@id":"https:\/\/ekkla.ch\/#website"},"primaryImageOfPage":{"@id":"https:\/\/ekkla.ch\/de\/produit\/stuhl-fan-schwarzes-holz-tom-dixon\/#primaryimage"},"image":{"@id":"https:\/\/ekkla.ch\/de\/produit\/stuhl-fan-schwarzes-holz-tom-dixon\/#primaryimage"},"thumbnailUrl":"https:\/\/ekkla.ch\/wp-content\/uploads\/2024\/10\/ekkla-lampes-meubles-fan_0014_FAD01BL_Fan-Dining-Chair-Black_Main_Cut-out-1.jpg","datePublished":"2024-10-26T14:37:12+00:00","dateModified":"2024-11-06T12:53:41+00:00","description":"Entdecken Sie den Stuhl Fan von Tom Dixon aus naturfarbenem Eichenholz mit Ledersitz. Er vereint skulpturales Design, Komfort und zeitlose Eleganz.","breadcrumb":{"@id":"https:\/\/ekkla.ch\/de\/produit\/stuhl-fan-schwarzes-holz-tom-dixon\/#breadcrumb"},"inLanguage":"de","potentialAction":[{"@type":"ReadAction","target":["https:\/\/ekkla.ch\/de\/produit\/stuhl-fan-schwarzes-holz-tom-dixon\/"]}]},{"@type":"ImageObject","inLanguage":"de","@id":"https:\/\/ekkla.ch\/de\/produit\/stuhl-fan-schwarzes-holz-tom-dixon\/#primaryimage","url":"https:\/\/ekkla.ch\/wp-content\/uploads\/2024\/10\/ekkla-lampes-meubles-fan_0014_FAD01BL_Fan-Dining-Chair-Black_Main_Cut-out-1.jpg","contentUrl":"https:\/\/ekkla.ch\/wp-content\/uploads\/2024\/10\/ekkla-lampes-meubles-fan_0014_FAD01BL_Fan-Dining-Chair-Black_Main_Cut-out-1.jpg","width":1000,"height":1000},{"@type":"BreadcrumbList","@id":"https:\/\/ekkla.ch\/de\/produit\/stuhl-fan-schwarzes-holz-tom-dixon\/#breadcrumb","itemListElement":[{"@type":"ListItem","position":1,"name":"Home","item":"https:\/\/ekkla.ch\/de\/"},{"@type":"ListItem","position":2,"name":"Shop","item":"https:\/\/ekkla.ch\/de\/shop\/"},{"@type":"ListItem","position":3,"name":"Stuhl Fan - Schwarzes Holz - Tom Dixon"}]},{"@type":"WebSite","@id":"https:\/\/ekkla.ch\/#website","url":"https:\/\/ekkla.ch\/","name":"Ekkla","description":"Der Onlineshop f\u00fcr Beleuchtung","publisher":{"@id":"https:\/\/ekkla.ch\/#organization"},"potentialAction":[{"@type":"SearchAction","target":{"@type":"EntryPoint","urlTemplate":"https:\/\/ekkla.ch\/?s={search_term_string}"},"query-input":"required name=search_term_string"}],"inLanguage":"de"},{"@type":"Organization","@id":"https:\/\/ekkla.ch\/#organization","name":"Ekkla","url":"https:\/\/ekkla.ch\/","logo":{"@type":"ImageObject","inLanguage":"de","@id":"https:\/\/ekkla.ch\/#\/schema\/logo\/image\/","url":"http:\/\/ekkla.ch\/wp-content\/uploads\/2019\/07\/logo-1.svg","contentUrl":"http:\/\/ekkla.ch\/wp-content\/uploads\/2019\/07\/logo-1.svg","width":1,"height":1,"caption":"Ekkla"},"image":{"@id":"https:\/\/ekkla.ch\/#\/schema\/logo\/image\/"},"sameAs":["https:\/\/www.instagram.com\/ekkla_light\/"]}]}},"_links":{"self":[{"href":"https:\/\/ekkla.ch\/de\/wp-json\/wp\/v2\/product\/200094"}],"collection":[{"href":"https:\/\/ekkla.ch\/de\/wp-json\/wp\/v2\/product"}],"about":[{"href":"https:\/\/ekkla.ch\/de\/wp-json\/wp\/v2\/types\/product"}],"wp:featuredmedia":[{"embeddable":true,"href":"https:\/\/ekkla.ch\/de\/wp-json\/wp\/v2\/media\/200313"}],"wp:attachment":[{"href":"https:\/\/ekkla.ch\/de\/wp-json\/wp\/v2\/media?parent=200094"}],"wp:term":[{"taxonomy":"product_cat","embeddable":true,"href":"https:\/\/ekkla.ch\/de\/wp-json\/wp\/v2\/product_cat?post=200094"},{"taxonomy":"product_tag","embeddable":true,"href":"https:\/\/ekkla.ch\/de\/wp-json\/wp\/v2\/product_tag?post=200094"}],"curies":[{"name":"wp","href":"https:\/\/api.w.org\/{rel}","templated":true}]}}