{"id":201026,"date":"2024-11-01T21:05:08","date_gmt":"2024-11-01T20:05:08","guid":{"rendered":"https:\/\/ekkla.ch\/produit\/sessel-wingback-ge0203-tom-dixon\/"},"modified":"2024-11-06T13:53:25","modified_gmt":"2024-11-06T12:53:25","slug":"sessel-wingback-ge0203-tom-dixon","status":"publish","type":"product","link":"https:\/\/ekkla.ch\/de\/produit\/sessel-wingback-ge0203-tom-dixon\/","title":{"rendered":"Sessel Wingback &#8211; GE0203 &#8211; Tom Dixon"},"content":{"rendered":"<p>Tom Dixon erfindet den klassischen Wingback-Sessel mit ausdrucksstarken Kurven neu, die einen einzigartigen skulpturalen Touch verleihen. Die ikonischen Fl\u00fcgel dieses Sessels sehen nicht nur gut aus: Sie sorgen f\u00fcr eine praktische Schallisolierung, die ideal f\u00fcr Ihre Anrufe ist, und bieten gleichzeitig eine perfekte Kopfst\u00fctze f\u00fcr ein spontanes Nickerchen.<\/p>\n<p>Inspiriert von den Ohrensesseln und Ballonsilhouetten des 17\u1d49 Jahrhunderts wurde dieser Sessel urspr\u00fcnglich f\u00fcr den Privatclub Shoreditch House entworfen, wo sein unverkennbares Aussehen sofort die Herzen eroberte. Unter seiner skulpturalen Schaumstoffschale sorgen ein Stahlrahmen und eine Basis aus geformtem Sperrholz f\u00fcr Stabilit\u00e4t und Haltbarkeit. Der Sessel ist mit geschnittenem Schaumstoff und einem Sitzkissen mit Taschenfederkern gepolstert und bietet unvergleichlichen Komfort. Erkunden Sie die Wingback-Kollektion in verschiedenen Farben und Stoffen f\u00fcr einen Sessel, der sich harmonisch in Ihren Raum einf\u00fcgt.<\/p>\n<blockquote>\n<h2>Merkmale &amp; Eigenschaften<\/h2>\n<p><strong>Marke<\/strong>\u00a0Tom Dixon<\/p>\n<p><strong>Farbe<\/strong> Hellgrau<\/p>\n<p><strong>Materialien<\/strong> 60% Wolle, 20% Polyamid, 20% Polyester<\/p>\n<p><strong>H\u00f6he (cm) <\/strong>128<\/p>\n<p><strong>Breite (cm) <\/strong>74<\/p>\n<p><strong>Tiefe (cm) <\/strong>97<\/p>\n<p><strong>Gewicht (kg) <\/strong>35<\/p><\/blockquote>\n","protected":false},"excerpt":{"rendered":"<p>Tom Dixon erfindet den klassischen Wingback-Sessel mit ausdrucksstarken Kurven neu, die einen einzigartigen skulpturalen Touch verleihen. Die ikonischen Fl\u00fcgel dieses Sessels sehen nicht nur gut aus: Sie sorgen f\u00fcr eine praktische Schallisolierung, die ideal f\u00fcr Ihre Anrufe ist, und bieten gleichzeitig eine perfekte Kopfst\u00fctze f\u00fcr ein spontanes Nickerchen. Inspiriert von den Ohrensesseln und Ballonsilhouetten des [&hellip;]<\/p>\n","protected":false},"featured_media":200165,"template":"","meta":{"_acf_changed":false,"om_disable_all_campaigns":false},"product_cat":[964,972],"product_tag":[1254,896,1188,1265,801,1166],"bundled_by":[],"bundle_stock_status":"onbackorder","bundle_stock_quantity":null,"bundle_virtual":false,"bundle_layout":"","bundle_add_to_cart_form_location":"","bundle_editable_in_cart":false,"bundle_sold_individually_context":"","bundle_item_grouping":"","bundle_min_size":"","bundle_max_size":"","bundle_price":[],"bundled_items":[],"bundle_sell_ids":[],"acf":[],"yoast_head":"<!-- This site is optimized with the Yoast SEO Premium plugin v22.2 (Yoast SEO v22.8) - https:\/\/yoast.com\/wordpress\/plugins\/seo\/ -->\n<title>Sessel Wingback I GE0203 I Tom Dixon I Ekkla<\/title>\n<meta name=\"description\" content=\"Entdecken Sie den Sessel Wingback von Tom Dixon: ein skulpturales Design mit akustischen Fl\u00fcgeln, das Komfort und zeitlose Eleganz vereint.\" \/>\n<meta name=\"robots\" content=\"index, follow, max-snippet:-1, max-image-preview:large, max-video-preview:-1\" \/>\n<link rel=\"canonical\" href=\"https:\/\/ekkla.ch\/de\/produit\/sessel-wingback-ge0203-tom-dixon\/\" \/>\n<meta property=\"og:locale\" content=\"de_DE\" \/>\n<meta property=\"og:type\" content=\"article\" \/>\n<meta property=\"og:title\" content=\"Sessel Wingback - GE0203 - Tom Dixon\" \/>\n<meta property=\"og:description\" content=\"Entdecken Sie den Sessel Wingback von Tom Dixon: ein skulpturales Design mit akustischen Fl\u00fcgeln, das Komfort und zeitlose Eleganz vereint.\" \/>\n<meta property=\"og:url\" content=\"https:\/\/ekkla.ch\/de\/produit\/sessel-wingback-ge0203-tom-dixon\/\" \/>\n<meta property=\"og:site_name\" content=\"Ekkla\" \/>\n<meta property=\"article:modified_time\" content=\"2024-11-06T12:53:25+00:00\" \/>\n<meta property=\"og:image\" content=\"https:\/\/ekkla.ch\/wp-content\/uploads\/2024\/10\/ekkla-lampes-meubles-wingback-chair_0016_WINGBACK_CHAIR_GENTLE-2_0203.jpg\" \/>\n\t<meta property=\"og:image:width\" content=\"1000\" \/>\n\t<meta property=\"og:image:height\" content=\"1000\" \/>\n\t<meta property=\"og:image:type\" content=\"image\/jpeg\" \/>\n<meta name=\"twitter:card\" content=\"summary_large_image\" \/>\n<meta name=\"twitter:label1\" content=\"Gesch\u00e4tzte Lesezeit\" \/>\n\t<meta name=\"twitter:data1\" content=\"1\u00a0Minute\" \/>\n<script type=\"application\/ld+json\" class=\"yoast-schema-graph\">{\"@context\":\"https:\/\/schema.org\",\"@graph\":[{\"@type\":\"WebPage\",\"@id\":\"https:\/\/ekkla.ch\/de\/produit\/sessel-wingback-ge0203-tom-dixon\/\",\"url\":\"https:\/\/ekkla.ch\/de\/produit\/sessel-wingback-ge0203-tom-dixon\/\",\"name\":\"Sessel Wingback I GE0203 I Tom Dixon I Ekkla\",\"isPartOf\":{\"@id\":\"https:\/\/ekkla.ch\/#website\"},\"primaryImageOfPage\":{\"@id\":\"https:\/\/ekkla.ch\/de\/produit\/sessel-wingback-ge0203-tom-dixon\/#primaryimage\"},\"image\":{\"@id\":\"https:\/\/ekkla.ch\/de\/produit\/sessel-wingback-ge0203-tom-dixon\/#primaryimage\"},\"thumbnailUrl\":\"https:\/\/ekkla.ch\/wp-content\/uploads\/2024\/10\/ekkla-lampes-meubles-wingback-chair_0016_WINGBACK_CHAIR_GENTLE-2_0203.jpg\",\"datePublished\":\"2024-11-01T20:05:08+00:00\",\"dateModified\":\"2024-11-06T12:53:25+00:00\",\"description\":\"Entdecken Sie den Sessel Wingback von Tom Dixon: ein skulpturales Design mit akustischen Fl\u00fcgeln, das Komfort und zeitlose Eleganz vereint.\",\"breadcrumb\":{\"@id\":\"https:\/\/ekkla.ch\/de\/produit\/sessel-wingback-ge0203-tom-dixon\/#breadcrumb\"},\"inLanguage\":\"de\",\"potentialAction\":[{\"@type\":\"ReadAction\",\"target\":[\"https:\/\/ekkla.ch\/de\/produit\/sessel-wingback-ge0203-tom-dixon\/\"]}]},{\"@type\":\"ImageObject\",\"inLanguage\":\"de\",\"@id\":\"https:\/\/ekkla.ch\/de\/produit\/sessel-wingback-ge0203-tom-dixon\/#primaryimage\",\"url\":\"https:\/\/ekkla.ch\/wp-content\/uploads\/2024\/10\/ekkla-lampes-meubles-wingback-chair_0016_WINGBACK_CHAIR_GENTLE-2_0203.jpg\",\"contentUrl\":\"https:\/\/ekkla.ch\/wp-content\/uploads\/2024\/10\/ekkla-lampes-meubles-wingback-chair_0016_WINGBACK_CHAIR_GENTLE-2_0203.jpg\",\"width\":1000,\"height\":1000},{\"@type\":\"BreadcrumbList\",\"@id\":\"https:\/\/ekkla.ch\/de\/produit\/sessel-wingback-ge0203-tom-dixon\/#breadcrumb\",\"itemListElement\":[{\"@type\":\"ListItem\",\"position\":1,\"name\":\"Home\",\"item\":\"https:\/\/ekkla.ch\/de\/\"},{\"@type\":\"ListItem\",\"position\":2,\"name\":\"Shop\",\"item\":\"https:\/\/ekkla.ch\/de\/shop\/\"},{\"@type\":\"ListItem\",\"position\":3,\"name\":\"Sessel Wingback - GE0203 - Tom Dixon\"}]},{\"@type\":\"WebSite\",\"@id\":\"https:\/\/ekkla.ch\/#website\",\"url\":\"https:\/\/ekkla.ch\/\",\"name\":\"Ekkla\",\"description\":\"Der Onlineshop f\u00fcr Beleuchtung\",\"publisher\":{\"@id\":\"https:\/\/ekkla.ch\/#organization\"},\"potentialAction\":[{\"@type\":\"SearchAction\",\"target\":{\"@type\":\"EntryPoint\",\"urlTemplate\":\"https:\/\/ekkla.ch\/?s={search_term_string}\"},\"query-input\":\"required name=search_term_string\"}],\"inLanguage\":\"de\"},{\"@type\":\"Organization\",\"@id\":\"https:\/\/ekkla.ch\/#organization\",\"name\":\"Ekkla\",\"url\":\"https:\/\/ekkla.ch\/\",\"logo\":{\"@type\":\"ImageObject\",\"inLanguage\":\"de\",\"@id\":\"https:\/\/ekkla.ch\/#\/schema\/logo\/image\/\",\"url\":\"http:\/\/ekkla.ch\/wp-content\/uploads\/2019\/07\/logo-1.svg\",\"contentUrl\":\"http:\/\/ekkla.ch\/wp-content\/uploads\/2019\/07\/logo-1.svg\",\"width\":1,\"height\":1,\"caption\":\"Ekkla\"},\"image\":{\"@id\":\"https:\/\/ekkla.ch\/#\/schema\/logo\/image\/\"},\"sameAs\":[\"https:\/\/www.instagram.com\/ekkla_light\/\"]}]}<\/script>\n<!-- \/ Yoast SEO Premium plugin. -->","yoast_head_json":{"title":"Sessel Wingback I GE0203 I Tom Dixon I Ekkla","description":"Entdecken Sie den Sessel Wingback von Tom Dixon: ein skulpturales Design mit akustischen Fl\u00fcgeln, das Komfort und zeitlose Eleganz vereint.","robots":{"index":"index","follow":"follow","max-snippet":"max-snippet:-1","max-image-preview":"max-image-preview:large","max-video-preview":"max-video-preview:-1"},"canonical":"https:\/\/ekkla.ch\/de\/produit\/sessel-wingback-ge0203-tom-dixon\/","og_locale":"de_DE","og_type":"article","og_title":"Sessel Wingback - GE0203 - Tom Dixon","og_description":"Entdecken Sie den Sessel Wingback von Tom Dixon: ein skulpturales Design mit akustischen Fl\u00fcgeln, das Komfort und zeitlose Eleganz vereint.","og_url":"https:\/\/ekkla.ch\/de\/produit\/sessel-wingback-ge0203-tom-dixon\/","og_site_name":"Ekkla","article_modified_time":"2024-11-06T12:53:25+00:00","og_image":[{"width":1000,"height":1000,"url":"https:\/\/ekkla.ch\/wp-content\/uploads\/2024\/10\/ekkla-lampes-meubles-wingback-chair_0016_WINGBACK_CHAIR_GENTLE-2_0203.jpg","type":"image\/jpeg"}],"twitter_card":"summary_large_image","twitter_misc":{"Gesch\u00e4tzte Lesezeit":"1\u00a0Minute"},"schema":{"@context":"https:\/\/schema.org","@graph":[{"@type":"WebPage","@id":"https:\/\/ekkla.ch\/de\/produit\/sessel-wingback-ge0203-tom-dixon\/","url":"https:\/\/ekkla.ch\/de\/produit\/sessel-wingback-ge0203-tom-dixon\/","name":"Sessel Wingback I GE0203 I Tom Dixon I Ekkla","isPartOf":{"@id":"https:\/\/ekkla.ch\/#website"},"primaryImageOfPage":{"@id":"https:\/\/ekkla.ch\/de\/produit\/sessel-wingback-ge0203-tom-dixon\/#primaryimage"},"image":{"@id":"https:\/\/ekkla.ch\/de\/produit\/sessel-wingback-ge0203-tom-dixon\/#primaryimage"},"thumbnailUrl":"https:\/\/ekkla.ch\/wp-content\/uploads\/2024\/10\/ekkla-lampes-meubles-wingback-chair_0016_WINGBACK_CHAIR_GENTLE-2_0203.jpg","datePublished":"2024-11-01T20:05:08+00:00","dateModified":"2024-11-06T12:53:25+00:00","description":"Entdecken Sie den Sessel Wingback von Tom Dixon: ein skulpturales Design mit akustischen Fl\u00fcgeln, das Komfort und zeitlose Eleganz vereint.","breadcrumb":{"@id":"https:\/\/ekkla.ch\/de\/produit\/sessel-wingback-ge0203-tom-dixon\/#breadcrumb"},"inLanguage":"de","potentialAction":[{"@type":"ReadAction","target":["https:\/\/ekkla.ch\/de\/produit\/sessel-wingback-ge0203-tom-dixon\/"]}]},{"@type":"ImageObject","inLanguage":"de","@id":"https:\/\/ekkla.ch\/de\/produit\/sessel-wingback-ge0203-tom-dixon\/#primaryimage","url":"https:\/\/ekkla.ch\/wp-content\/uploads\/2024\/10\/ekkla-lampes-meubles-wingback-chair_0016_WINGBACK_CHAIR_GENTLE-2_0203.jpg","contentUrl":"https:\/\/ekkla.ch\/wp-content\/uploads\/2024\/10\/ekkla-lampes-meubles-wingback-chair_0016_WINGBACK_CHAIR_GENTLE-2_0203.jpg","width":1000,"height":1000},{"@type":"BreadcrumbList","@id":"https:\/\/ekkla.ch\/de\/produit\/sessel-wingback-ge0203-tom-dixon\/#breadcrumb","itemListElement":[{"@type":"ListItem","position":1,"name":"Home","item":"https:\/\/ekkla.ch\/de\/"},{"@type":"ListItem","position":2,"name":"Shop","item":"https:\/\/ekkla.ch\/de\/shop\/"},{"@type":"ListItem","position":3,"name":"Sessel Wingback - GE0203 - Tom Dixon"}]},{"@type":"WebSite","@id":"https:\/\/ekkla.ch\/#website","url":"https:\/\/ekkla.ch\/","name":"Ekkla","description":"Der Onlineshop f\u00fcr Beleuchtung","publisher":{"@id":"https:\/\/ekkla.ch\/#organization"},"potentialAction":[{"@type":"SearchAction","target":{"@type":"EntryPoint","urlTemplate":"https:\/\/ekkla.ch\/?s={search_term_string}"},"query-input":"required name=search_term_string"}],"inLanguage":"de"},{"@type":"Organization","@id":"https:\/\/ekkla.ch\/#organization","name":"Ekkla","url":"https:\/\/ekkla.ch\/","logo":{"@type":"ImageObject","inLanguage":"de","@id":"https:\/\/ekkla.ch\/#\/schema\/logo\/image\/","url":"http:\/\/ekkla.ch\/wp-content\/uploads\/2019\/07\/logo-1.svg","contentUrl":"http:\/\/ekkla.ch\/wp-content\/uploads\/2019\/07\/logo-1.svg","width":1,"height":1,"caption":"Ekkla"},"image":{"@id":"https:\/\/ekkla.ch\/#\/schema\/logo\/image\/"},"sameAs":["https:\/\/www.instagram.com\/ekkla_light\/"]}]}},"_links":{"self":[{"href":"https:\/\/ekkla.ch\/de\/wp-json\/wp\/v2\/product\/201026"}],"collection":[{"href":"https:\/\/ekkla.ch\/de\/wp-json\/wp\/v2\/product"}],"about":[{"href":"https:\/\/ekkla.ch\/de\/wp-json\/wp\/v2\/types\/product"}],"wp:featuredmedia":[{"embeddable":true,"href":"https:\/\/ekkla.ch\/de\/wp-json\/wp\/v2\/media\/200165"}],"wp:attachment":[{"href":"https:\/\/ekkla.ch\/de\/wp-json\/wp\/v2\/media?parent=201026"}],"wp:term":[{"taxonomy":"product_cat","embeddable":true,"href":"https:\/\/ekkla.ch\/de\/wp-json\/wp\/v2\/product_cat?post=201026"},{"taxonomy":"product_tag","embeddable":true,"href":"https:\/\/ekkla.ch\/de\/wp-json\/wp\/v2\/product_tag?post=201026"}],"curies":[{"name":"wp","href":"https:\/\/api.w.org\/{rel}","templated":true}]}}