{"id":201141,"date":"2024-11-03T18:16:39","date_gmt":"2024-11-03T17:16:39","guid":{"rendered":"https:\/\/ekkla.ch\/produit\/lounge-chair-fat-schwarzer-stahlfuss-el0220-tom-dixon\/"},"modified":"2024-11-06T13:52:44","modified_gmt":"2024-11-06T12:52:44","slug":"lounge-chair-fat-schwarzer-stahlfuss-el0220-tom-dixon","status":"publish","type":"product","link":"https:\/\/ekkla.ch\/de\/produit\/lounge-chair-fat-schwarzer-stahlfuss-el0220-tom-dixon\/","title":{"rendered":"Lounge Chair Fat &#8211; Schwarzer Stahlfuss &#8211; EL0220 &#8211; Tom Dixon"},"content":{"rendered":"<p>Der Sessel Lounge Fat wurde so entworfen, dass er sich perfekt an die Konturen des K\u00f6rpers anpasst und so einen Komfort bietet, der sich an verschiedene Sitzpositionen anpasst. Der Sessel hat ein auff\u00e4lliges Design mit einer abgerundeten Struktur und einem Gestell in Hochglanzlackierung, das ihm einen zeitgen\u00f6ssischen Charme verleiht.<\/p>\n<p>Gedacht f\u00fcr diejenigen, die handwerkliche Qualit\u00e4t sch\u00e4tzen, wird jeder Hochstuhl von europ\u00e4ischen K\u00fcnstlern handgefertigt, um eine makellose Verarbeitung und eine massgeschneiderte Polsterung zu gew\u00e4hrleisten, die Ihnen mit Stil und Komfort zur Seite steht.<\/p>\n<blockquote>\n<h2>Merkmale &amp; Eigenschaften<\/h2>\n<p><strong>Marke<\/strong>\u00a0Tom Dixon<\/p>\n<p><strong>Farben<\/strong> Dunkelbeige und Schwarz<\/p>\n<p><strong>Materialien<\/strong> 20% Polyacryl, 15% Polyamid, 20% Viskose, 20% Wolle, 25% Baumwolle, Stahl<\/p>\n<p><strong>H\u00f6he (cm) <\/strong>101<\/p>\n<p><strong>Breite (cm) <\/strong>72<\/p>\n<p><strong>Tiefe (cm) <\/strong>70<\/p>\n<p><strong>Gewicht (kg) <\/strong>19<\/p><\/blockquote>\n","protected":false},"excerpt":{"rendered":"<p>Der Sessel Lounge Fat wurde so entworfen, dass er sich perfekt an die Konturen des K\u00f6rpers anpasst und so einen Komfort bietet, der sich an verschiedene Sitzpositionen anpasst. Der Sessel hat ein auff\u00e4lliges Design mit einer abgerundeten Struktur und einem Gestell in Hochglanzlackierung, das ihm einen zeitgen\u00f6ssischen Charme verleiht. Gedacht f\u00fcr diejenigen, die handwerkliche Qualit\u00e4t [&hellip;]<\/p>\n","protected":false},"featured_media":200811,"template":"","meta":{"_acf_changed":false,"om_disable_all_campaigns":false},"product_cat":[964,968],"product_tag":[1254,896,1188,1265,801,1166],"bundled_by":[],"bundle_stock_status":"onbackorder","bundle_stock_quantity":null,"bundle_virtual":false,"bundle_layout":"","bundle_add_to_cart_form_location":"","bundle_editable_in_cart":false,"bundle_sold_individually_context":"","bundle_item_grouping":"","bundle_min_size":"","bundle_max_size":"","bundle_price":[],"bundled_items":[],"bundle_sell_ids":[],"acf":[],"yoast_head":"<!-- This site is optimized with the Yoast SEO Premium plugin v22.2 (Yoast SEO v22.8) - https:\/\/yoast.com\/wordpress\/plugins\/seo\/ -->\n<title>Lounge Chair Fat I Schwarzer Stahlfuss I EL0220 I Tom Dixon<\/title>\n<meta name=\"description\" content=\"Entdecken Sie den Lounge-Sessel Fat: umh\u00fcllendes Design, anpassungsf\u00e4hig und handgefertigt in Europa f\u00fcr unvergleichlichen Komfort und Stil.\" \/>\n<meta name=\"robots\" content=\"index, follow, max-snippet:-1, max-image-preview:large, max-video-preview:-1\" \/>\n<link rel=\"canonical\" href=\"https:\/\/ekkla.ch\/de\/produit\/lounge-chair-fat-schwarzer-stahlfuss-el0220-tom-dixon\/\" \/>\n<meta property=\"og:locale\" content=\"de_DE\" \/>\n<meta property=\"og:type\" content=\"article\" \/>\n<meta property=\"og:title\" content=\"Lounge Chair Fat - Schwarzer Stahlfuss - EL0220 - Tom Dixon\" \/>\n<meta property=\"og:description\" content=\"Entdecken Sie den Lounge-Sessel Fat: umh\u00fcllendes Design, anpassungsf\u00e4hig und handgefertigt in Europa f\u00fcr unvergleichlichen Komfort und Stil.\" \/>\n<meta property=\"og:url\" content=\"https:\/\/ekkla.ch\/de\/produit\/lounge-chair-fat-schwarzer-stahlfuss-el0220-tom-dixon\/\" \/>\n<meta property=\"og:site_name\" content=\"Ekkla\" \/>\n<meta property=\"article:modified_time\" content=\"2024-11-06T12:52:44+00:00\" \/>\n<meta property=\"og:image\" content=\"https:\/\/ekkla.ch\/wp-content\/uploads\/2024\/10\/ekkla-lampes-meubles-Lounge-chair-fat_0030_FAT_LOUNGE-CHAIR_ELLE_0220.jpg\" \/>\n\t<meta property=\"og:image:width\" content=\"1000\" \/>\n\t<meta property=\"og:image:height\" content=\"1000\" \/>\n\t<meta property=\"og:image:type\" content=\"image\/jpeg\" \/>\n<meta name=\"twitter:card\" content=\"summary_large_image\" \/>\n<meta name=\"twitter:label1\" content=\"Gesch\u00e4tzte Lesezeit\" \/>\n\t<meta name=\"twitter:data1\" content=\"1\u00a0Minute\" \/>\n<script type=\"application\/ld+json\" class=\"yoast-schema-graph\">{\"@context\":\"https:\/\/schema.org\",\"@graph\":[{\"@type\":\"WebPage\",\"@id\":\"https:\/\/ekkla.ch\/de\/produit\/lounge-chair-fat-schwarzer-stahlfuss-el0220-tom-dixon\/\",\"url\":\"https:\/\/ekkla.ch\/de\/produit\/lounge-chair-fat-schwarzer-stahlfuss-el0220-tom-dixon\/\",\"name\":\"Lounge Chair Fat I Schwarzer Stahlfuss I EL0220 I Tom Dixon\",\"isPartOf\":{\"@id\":\"https:\/\/ekkla.ch\/#website\"},\"primaryImageOfPage\":{\"@id\":\"https:\/\/ekkla.ch\/de\/produit\/lounge-chair-fat-schwarzer-stahlfuss-el0220-tom-dixon\/#primaryimage\"},\"image\":{\"@id\":\"https:\/\/ekkla.ch\/de\/produit\/lounge-chair-fat-schwarzer-stahlfuss-el0220-tom-dixon\/#primaryimage\"},\"thumbnailUrl\":\"https:\/\/ekkla.ch\/wp-content\/uploads\/2024\/10\/ekkla-lampes-meubles-Lounge-chair-fat_0030_FAT_LOUNGE-CHAIR_ELLE_0220.jpg\",\"datePublished\":\"2024-11-03T17:16:39+00:00\",\"dateModified\":\"2024-11-06T12:52:44+00:00\",\"description\":\"Entdecken Sie den Lounge-Sessel Fat: umh\u00fcllendes Design, anpassungsf\u00e4hig und handgefertigt in Europa f\u00fcr unvergleichlichen Komfort und Stil.\",\"breadcrumb\":{\"@id\":\"https:\/\/ekkla.ch\/de\/produit\/lounge-chair-fat-schwarzer-stahlfuss-el0220-tom-dixon\/#breadcrumb\"},\"inLanguage\":\"de\",\"potentialAction\":[{\"@type\":\"ReadAction\",\"target\":[\"https:\/\/ekkla.ch\/de\/produit\/lounge-chair-fat-schwarzer-stahlfuss-el0220-tom-dixon\/\"]}]},{\"@type\":\"ImageObject\",\"inLanguage\":\"de\",\"@id\":\"https:\/\/ekkla.ch\/de\/produit\/lounge-chair-fat-schwarzer-stahlfuss-el0220-tom-dixon\/#primaryimage\",\"url\":\"https:\/\/ekkla.ch\/wp-content\/uploads\/2024\/10\/ekkla-lampes-meubles-Lounge-chair-fat_0030_FAT_LOUNGE-CHAIR_ELLE_0220.jpg\",\"contentUrl\":\"https:\/\/ekkla.ch\/wp-content\/uploads\/2024\/10\/ekkla-lampes-meubles-Lounge-chair-fat_0030_FAT_LOUNGE-CHAIR_ELLE_0220.jpg\",\"width\":1000,\"height\":1000},{\"@type\":\"BreadcrumbList\",\"@id\":\"https:\/\/ekkla.ch\/de\/produit\/lounge-chair-fat-schwarzer-stahlfuss-el0220-tom-dixon\/#breadcrumb\",\"itemListElement\":[{\"@type\":\"ListItem\",\"position\":1,\"name\":\"Home\",\"item\":\"https:\/\/ekkla.ch\/de\/\"},{\"@type\":\"ListItem\",\"position\":2,\"name\":\"Shop\",\"item\":\"https:\/\/ekkla.ch\/de\/shop\/\"},{\"@type\":\"ListItem\",\"position\":3,\"name\":\"Lounge Chair Fat - Schwarzer Stahlfuss - EL0220 - Tom Dixon\"}]},{\"@type\":\"WebSite\",\"@id\":\"https:\/\/ekkla.ch\/#website\",\"url\":\"https:\/\/ekkla.ch\/\",\"name\":\"Ekkla\",\"description\":\"Der Onlineshop f\u00fcr Beleuchtung\",\"publisher\":{\"@id\":\"https:\/\/ekkla.ch\/#organization\"},\"potentialAction\":[{\"@type\":\"SearchAction\",\"target\":{\"@type\":\"EntryPoint\",\"urlTemplate\":\"https:\/\/ekkla.ch\/?s={search_term_string}\"},\"query-input\":\"required name=search_term_string\"}],\"inLanguage\":\"de\"},{\"@type\":\"Organization\",\"@id\":\"https:\/\/ekkla.ch\/#organization\",\"name\":\"Ekkla\",\"url\":\"https:\/\/ekkla.ch\/\",\"logo\":{\"@type\":\"ImageObject\",\"inLanguage\":\"de\",\"@id\":\"https:\/\/ekkla.ch\/#\/schema\/logo\/image\/\",\"url\":\"http:\/\/ekkla.ch\/wp-content\/uploads\/2019\/07\/logo-1.svg\",\"contentUrl\":\"http:\/\/ekkla.ch\/wp-content\/uploads\/2019\/07\/logo-1.svg\",\"width\":1,\"height\":1,\"caption\":\"Ekkla\"},\"image\":{\"@id\":\"https:\/\/ekkla.ch\/#\/schema\/logo\/image\/\"},\"sameAs\":[\"https:\/\/www.instagram.com\/ekkla_light\/\"]}]}<\/script>\n<!-- \/ Yoast SEO Premium plugin. -->","yoast_head_json":{"title":"Lounge Chair Fat I Schwarzer Stahlfuss I EL0220 I Tom Dixon","description":"Entdecken Sie den Lounge-Sessel Fat: umh\u00fcllendes Design, anpassungsf\u00e4hig und handgefertigt in Europa f\u00fcr unvergleichlichen Komfort und Stil.","robots":{"index":"index","follow":"follow","max-snippet":"max-snippet:-1","max-image-preview":"max-image-preview:large","max-video-preview":"max-video-preview:-1"},"canonical":"https:\/\/ekkla.ch\/de\/produit\/lounge-chair-fat-schwarzer-stahlfuss-el0220-tom-dixon\/","og_locale":"de_DE","og_type":"article","og_title":"Lounge Chair Fat - Schwarzer Stahlfuss - EL0220 - Tom Dixon","og_description":"Entdecken Sie den Lounge-Sessel Fat: umh\u00fcllendes Design, anpassungsf\u00e4hig und handgefertigt in Europa f\u00fcr unvergleichlichen Komfort und Stil.","og_url":"https:\/\/ekkla.ch\/de\/produit\/lounge-chair-fat-schwarzer-stahlfuss-el0220-tom-dixon\/","og_site_name":"Ekkla","article_modified_time":"2024-11-06T12:52:44+00:00","og_image":[{"width":1000,"height":1000,"url":"https:\/\/ekkla.ch\/wp-content\/uploads\/2024\/10\/ekkla-lampes-meubles-Lounge-chair-fat_0030_FAT_LOUNGE-CHAIR_ELLE_0220.jpg","type":"image\/jpeg"}],"twitter_card":"summary_large_image","twitter_misc":{"Gesch\u00e4tzte Lesezeit":"1\u00a0Minute"},"schema":{"@context":"https:\/\/schema.org","@graph":[{"@type":"WebPage","@id":"https:\/\/ekkla.ch\/de\/produit\/lounge-chair-fat-schwarzer-stahlfuss-el0220-tom-dixon\/","url":"https:\/\/ekkla.ch\/de\/produit\/lounge-chair-fat-schwarzer-stahlfuss-el0220-tom-dixon\/","name":"Lounge Chair Fat I Schwarzer Stahlfuss I EL0220 I Tom Dixon","isPartOf":{"@id":"https:\/\/ekkla.ch\/#website"},"primaryImageOfPage":{"@id":"https:\/\/ekkla.ch\/de\/produit\/lounge-chair-fat-schwarzer-stahlfuss-el0220-tom-dixon\/#primaryimage"},"image":{"@id":"https:\/\/ekkla.ch\/de\/produit\/lounge-chair-fat-schwarzer-stahlfuss-el0220-tom-dixon\/#primaryimage"},"thumbnailUrl":"https:\/\/ekkla.ch\/wp-content\/uploads\/2024\/10\/ekkla-lampes-meubles-Lounge-chair-fat_0030_FAT_LOUNGE-CHAIR_ELLE_0220.jpg","datePublished":"2024-11-03T17:16:39+00:00","dateModified":"2024-11-06T12:52:44+00:00","description":"Entdecken Sie den Lounge-Sessel Fat: umh\u00fcllendes Design, anpassungsf\u00e4hig und handgefertigt in Europa f\u00fcr unvergleichlichen Komfort und Stil.","breadcrumb":{"@id":"https:\/\/ekkla.ch\/de\/produit\/lounge-chair-fat-schwarzer-stahlfuss-el0220-tom-dixon\/#breadcrumb"},"inLanguage":"de","potentialAction":[{"@type":"ReadAction","target":["https:\/\/ekkla.ch\/de\/produit\/lounge-chair-fat-schwarzer-stahlfuss-el0220-tom-dixon\/"]}]},{"@type":"ImageObject","inLanguage":"de","@id":"https:\/\/ekkla.ch\/de\/produit\/lounge-chair-fat-schwarzer-stahlfuss-el0220-tom-dixon\/#primaryimage","url":"https:\/\/ekkla.ch\/wp-content\/uploads\/2024\/10\/ekkla-lampes-meubles-Lounge-chair-fat_0030_FAT_LOUNGE-CHAIR_ELLE_0220.jpg","contentUrl":"https:\/\/ekkla.ch\/wp-content\/uploads\/2024\/10\/ekkla-lampes-meubles-Lounge-chair-fat_0030_FAT_LOUNGE-CHAIR_ELLE_0220.jpg","width":1000,"height":1000},{"@type":"BreadcrumbList","@id":"https:\/\/ekkla.ch\/de\/produit\/lounge-chair-fat-schwarzer-stahlfuss-el0220-tom-dixon\/#breadcrumb","itemListElement":[{"@type":"ListItem","position":1,"name":"Home","item":"https:\/\/ekkla.ch\/de\/"},{"@type":"ListItem","position":2,"name":"Shop","item":"https:\/\/ekkla.ch\/de\/shop\/"},{"@type":"ListItem","position":3,"name":"Lounge Chair Fat - Schwarzer Stahlfuss - EL0220 - Tom Dixon"}]},{"@type":"WebSite","@id":"https:\/\/ekkla.ch\/#website","url":"https:\/\/ekkla.ch\/","name":"Ekkla","description":"Der Onlineshop f\u00fcr Beleuchtung","publisher":{"@id":"https:\/\/ekkla.ch\/#organization"},"potentialAction":[{"@type":"SearchAction","target":{"@type":"EntryPoint","urlTemplate":"https:\/\/ekkla.ch\/?s={search_term_string}"},"query-input":"required name=search_term_string"}],"inLanguage":"de"},{"@type":"Organization","@id":"https:\/\/ekkla.ch\/#organization","name":"Ekkla","url":"https:\/\/ekkla.ch\/","logo":{"@type":"ImageObject","inLanguage":"de","@id":"https:\/\/ekkla.ch\/#\/schema\/logo\/image\/","url":"http:\/\/ekkla.ch\/wp-content\/uploads\/2019\/07\/logo-1.svg","contentUrl":"http:\/\/ekkla.ch\/wp-content\/uploads\/2019\/07\/logo-1.svg","width":1,"height":1,"caption":"Ekkla"},"image":{"@id":"https:\/\/ekkla.ch\/#\/schema\/logo\/image\/"},"sameAs":["https:\/\/www.instagram.com\/ekkla_light\/"]}]}},"_links":{"self":[{"href":"https:\/\/ekkla.ch\/de\/wp-json\/wp\/v2\/product\/201141"}],"collection":[{"href":"https:\/\/ekkla.ch\/de\/wp-json\/wp\/v2\/product"}],"about":[{"href":"https:\/\/ekkla.ch\/de\/wp-json\/wp\/v2\/types\/product"}],"wp:featuredmedia":[{"embeddable":true,"href":"https:\/\/ekkla.ch\/de\/wp-json\/wp\/v2\/media\/200811"}],"wp:attachment":[{"href":"https:\/\/ekkla.ch\/de\/wp-json\/wp\/v2\/media?parent=201141"}],"wp:term":[{"taxonomy":"product_cat","embeddable":true,"href":"https:\/\/ekkla.ch\/de\/wp-json\/wp\/v2\/product_cat?post=201141"},{"taxonomy":"product_tag","embeddable":true,"href":"https:\/\/ekkla.ch\/de\/wp-json\/wp\/v2\/product_tag?post=201141"}],"curies":[{"name":"wp","href":"https:\/\/api.w.org\/{rel}","templated":true}]}}