{"id":201206,"date":"2024-11-04T07:43:46","date_gmt":"2024-11-04T06:43:46","guid":{"rendered":"https:\/\/ekkla.ch\/produit\/dining-chair-fat-schwarzes-holzgestell-ha0600-tom-dixon\/"},"modified":"2024-11-06T13:52:41","modified_gmt":"2024-11-06T12:52:41","slug":"dining-chair-fat-schwarzes-holzgestell-ha0600-tom-dixon","status":"publish","type":"product","link":"https:\/\/ekkla.ch\/de\/produit\/dining-chair-fat-schwarzes-holzgestell-ha0600-tom-dixon\/","title":{"rendered":"Dining Chair Fat &#8211; Schwarzes Holzgestell &#8211; HA0600 &#8211; Tom Dixon"},"content":{"rendered":"<p>Der Esszimmerstuhl Fat wurde so entworfen, dass er sich den K\u00f6rperformen anpasst, optimalen Komfort bietet und zahlreiche Sitzpositionen erm\u00f6glicht. Sein k\u00fchnes Design wird von einem geformten Schaumstoffgestell und gl\u00e4nzend lackierten Beinen unterst\u00fctzt und verleiht Ihrem Raum einen Hauch von moderner Raffinesse. Jeder Stuhl wird in Europa hergestellt und von qualifizierten Handwerkern in sorgf\u00e4ltiger Handarbeit veredelt, wobei die Sitzfl\u00e4che individuell an Ihren Geschmack angepasst werden kann. Eine elegante und langlebige Wahl f\u00fcr alle, die Komfort und Stil am Esstisch suchen.<\/p>\n<blockquote>\n<h2>Merkmale &amp; Eigenschaften<\/h2>\n<p><strong>Marke<\/strong>\u00a0Tom Dixon<\/p>\n<p><strong>Farben<\/strong> Rot und Schwarz<\/p>\n<p><strong>Materialien<\/strong> 70% Schurwolle, 30% Viskose, Birkenholz<\/p>\n<p><strong>H\u00f6he (cm) <\/strong>75<\/p>\n<p><strong>Breite (cm) <\/strong>58<\/p>\n<p><strong>Tiefe (cm) <\/strong>61<\/p>\n<p><strong>Gewicht (kg) <\/strong>13<\/p><\/blockquote>\n","protected":false},"excerpt":{"rendered":"<p>Der Esszimmerstuhl Fat wurde so entworfen, dass er sich den K\u00f6rperformen anpasst, optimalen Komfort bietet und zahlreiche Sitzpositionen erm\u00f6glicht. Sein k\u00fchnes Design wird von einem geformten Schaumstoffgestell und gl\u00e4nzend lackierten Beinen unterst\u00fctzt und verleiht Ihrem Raum einen Hauch von moderner Raffinesse. Jeder Stuhl wird in Europa hergestellt und von qualifizierten Handwerkern in sorgf\u00e4ltiger Handarbeit veredelt, [&hellip;]<\/p>\n","protected":false},"featured_media":200603,"template":"","meta":{"_acf_changed":false,"om_disable_all_campaigns":false},"product_cat":[964,968],"product_tag":[1254,896,1188,1265,801,1166],"bundled_by":[],"bundle_stock_status":"onbackorder","bundle_stock_quantity":null,"bundle_virtual":false,"bundle_layout":"","bundle_add_to_cart_form_location":"","bundle_editable_in_cart":false,"bundle_sold_individually_context":"","bundle_item_grouping":"","bundle_min_size":"","bundle_max_size":"","bundle_price":[],"bundled_items":[],"bundle_sell_ids":[],"acf":[],"yoast_head":"<!-- This site is optimized with the Yoast SEO Premium plugin v22.2 (Yoast SEO v22.8) - https:\/\/yoast.com\/wordpress\/plugins\/seo\/ -->\n<title>Dining Chair Fat I Schwarzes Holzgestell I HA0600 I Tom Dixon<\/title>\n<meta name=\"description\" content=\"Entdecken Sie den Esszimmerstuhl Fat: Komfort, modernes Design und europ\u00e4ische Handwerkskunst f\u00fcr eleganten, langlebigen Stil.\" \/>\n<meta name=\"robots\" content=\"index, follow, max-snippet:-1, max-image-preview:large, max-video-preview:-1\" \/>\n<link rel=\"canonical\" href=\"https:\/\/ekkla.ch\/de\/produit\/dining-chair-fat-schwarzes-holzgestell-ha0600-tom-dixon\/\" \/>\n<meta property=\"og:locale\" content=\"de_DE\" \/>\n<meta property=\"og:type\" content=\"article\" \/>\n<meta property=\"og:title\" content=\"Dining Chair Fat - Schwarzes Holzgestell - HA0600 - Tom Dixon\" \/>\n<meta property=\"og:description\" content=\"Entdecken Sie den Esszimmerstuhl Fat: Komfort, modernes Design und europ\u00e4ische Handwerkskunst f\u00fcr eleganten, langlebigen Stil.\" \/>\n<meta property=\"og:url\" content=\"https:\/\/ekkla.ch\/de\/produit\/dining-chair-fat-schwarzes-holzgestell-ha0600-tom-dixon\/\" \/>\n<meta property=\"og:site_name\" content=\"Ekkla\" \/>\n<meta property=\"article:modified_time\" content=\"2024-11-06T12:52:41+00:00\" \/>\n<meta property=\"og:image\" content=\"https:\/\/ekkla.ch\/wp-content\/uploads\/2024\/10\/ekkla-lampes-meubles-chaise-fat-dining_0028_Fat-Dining-HA600-BW-Front-1-1.jpg\" \/>\n\t<meta property=\"og:image:width\" content=\"1000\" \/>\n\t<meta property=\"og:image:height\" content=\"1000\" \/>\n\t<meta property=\"og:image:type\" content=\"image\/jpeg\" \/>\n<meta name=\"twitter:card\" content=\"summary_large_image\" \/>\n<meta name=\"twitter:label1\" content=\"Gesch\u00e4tzte Lesezeit\" \/>\n\t<meta name=\"twitter:data1\" content=\"1\u00a0Minute\" \/>\n<script type=\"application\/ld+json\" class=\"yoast-schema-graph\">{\"@context\":\"https:\/\/schema.org\",\"@graph\":[{\"@type\":\"WebPage\",\"@id\":\"https:\/\/ekkla.ch\/de\/produit\/dining-chair-fat-schwarzes-holzgestell-ha0600-tom-dixon\/\",\"url\":\"https:\/\/ekkla.ch\/de\/produit\/dining-chair-fat-schwarzes-holzgestell-ha0600-tom-dixon\/\",\"name\":\"Dining Chair Fat I Schwarzes Holzgestell I HA0600 I Tom Dixon\",\"isPartOf\":{\"@id\":\"https:\/\/ekkla.ch\/#website\"},\"primaryImageOfPage\":{\"@id\":\"https:\/\/ekkla.ch\/de\/produit\/dining-chair-fat-schwarzes-holzgestell-ha0600-tom-dixon\/#primaryimage\"},\"image\":{\"@id\":\"https:\/\/ekkla.ch\/de\/produit\/dining-chair-fat-schwarzes-holzgestell-ha0600-tom-dixon\/#primaryimage\"},\"thumbnailUrl\":\"https:\/\/ekkla.ch\/wp-content\/uploads\/2024\/10\/ekkla-lampes-meubles-chaise-fat-dining_0028_Fat-Dining-HA600-BW-Front-1-1.jpg\",\"datePublished\":\"2024-11-04T06:43:46+00:00\",\"dateModified\":\"2024-11-06T12:52:41+00:00\",\"description\":\"Entdecken Sie den Esszimmerstuhl Fat: Komfort, modernes Design und europ\u00e4ische Handwerkskunst f\u00fcr eleganten, langlebigen Stil.\",\"breadcrumb\":{\"@id\":\"https:\/\/ekkla.ch\/de\/produit\/dining-chair-fat-schwarzes-holzgestell-ha0600-tom-dixon\/#breadcrumb\"},\"inLanguage\":\"de\",\"potentialAction\":[{\"@type\":\"ReadAction\",\"target\":[\"https:\/\/ekkla.ch\/de\/produit\/dining-chair-fat-schwarzes-holzgestell-ha0600-tom-dixon\/\"]}]},{\"@type\":\"ImageObject\",\"inLanguage\":\"de\",\"@id\":\"https:\/\/ekkla.ch\/de\/produit\/dining-chair-fat-schwarzes-holzgestell-ha0600-tom-dixon\/#primaryimage\",\"url\":\"https:\/\/ekkla.ch\/wp-content\/uploads\/2024\/10\/ekkla-lampes-meubles-chaise-fat-dining_0028_Fat-Dining-HA600-BW-Front-1-1.jpg\",\"contentUrl\":\"https:\/\/ekkla.ch\/wp-content\/uploads\/2024\/10\/ekkla-lampes-meubles-chaise-fat-dining_0028_Fat-Dining-HA600-BW-Front-1-1.jpg\",\"width\":1000,\"height\":1000},{\"@type\":\"BreadcrumbList\",\"@id\":\"https:\/\/ekkla.ch\/de\/produit\/dining-chair-fat-schwarzes-holzgestell-ha0600-tom-dixon\/#breadcrumb\",\"itemListElement\":[{\"@type\":\"ListItem\",\"position\":1,\"name\":\"Home\",\"item\":\"https:\/\/ekkla.ch\/de\/\"},{\"@type\":\"ListItem\",\"position\":2,\"name\":\"Shop\",\"item\":\"https:\/\/ekkla.ch\/de\/shop\/\"},{\"@type\":\"ListItem\",\"position\":3,\"name\":\"Dining Chair Fat - Schwarzes Holzgestell - HA0600 - Tom Dixon\"}]},{\"@type\":\"WebSite\",\"@id\":\"https:\/\/ekkla.ch\/#website\",\"url\":\"https:\/\/ekkla.ch\/\",\"name\":\"Ekkla\",\"description\":\"Der Onlineshop f\u00fcr Beleuchtung\",\"publisher\":{\"@id\":\"https:\/\/ekkla.ch\/#organization\"},\"potentialAction\":[{\"@type\":\"SearchAction\",\"target\":{\"@type\":\"EntryPoint\",\"urlTemplate\":\"https:\/\/ekkla.ch\/?s={search_term_string}\"},\"query-input\":\"required name=search_term_string\"}],\"inLanguage\":\"de\"},{\"@type\":\"Organization\",\"@id\":\"https:\/\/ekkla.ch\/#organization\",\"name\":\"Ekkla\",\"url\":\"https:\/\/ekkla.ch\/\",\"logo\":{\"@type\":\"ImageObject\",\"inLanguage\":\"de\",\"@id\":\"https:\/\/ekkla.ch\/#\/schema\/logo\/image\/\",\"url\":\"http:\/\/ekkla.ch\/wp-content\/uploads\/2019\/07\/logo-1.svg\",\"contentUrl\":\"http:\/\/ekkla.ch\/wp-content\/uploads\/2019\/07\/logo-1.svg\",\"width\":1,\"height\":1,\"caption\":\"Ekkla\"},\"image\":{\"@id\":\"https:\/\/ekkla.ch\/#\/schema\/logo\/image\/\"},\"sameAs\":[\"https:\/\/www.instagram.com\/ekkla_light\/\"]}]}<\/script>\n<!-- \/ Yoast SEO Premium plugin. -->","yoast_head_json":{"title":"Dining Chair Fat I Schwarzes Holzgestell I HA0600 I Tom Dixon","description":"Entdecken Sie den Esszimmerstuhl Fat: Komfort, modernes Design und europ\u00e4ische Handwerkskunst f\u00fcr eleganten, langlebigen Stil.","robots":{"index":"index","follow":"follow","max-snippet":"max-snippet:-1","max-image-preview":"max-image-preview:large","max-video-preview":"max-video-preview:-1"},"canonical":"https:\/\/ekkla.ch\/de\/produit\/dining-chair-fat-schwarzes-holzgestell-ha0600-tom-dixon\/","og_locale":"de_DE","og_type":"article","og_title":"Dining Chair Fat - Schwarzes Holzgestell - HA0600 - Tom Dixon","og_description":"Entdecken Sie den Esszimmerstuhl Fat: Komfort, modernes Design und europ\u00e4ische Handwerkskunst f\u00fcr eleganten, langlebigen Stil.","og_url":"https:\/\/ekkla.ch\/de\/produit\/dining-chair-fat-schwarzes-holzgestell-ha0600-tom-dixon\/","og_site_name":"Ekkla","article_modified_time":"2024-11-06T12:52:41+00:00","og_image":[{"width":1000,"height":1000,"url":"https:\/\/ekkla.ch\/wp-content\/uploads\/2024\/10\/ekkla-lampes-meubles-chaise-fat-dining_0028_Fat-Dining-HA600-BW-Front-1-1.jpg","type":"image\/jpeg"}],"twitter_card":"summary_large_image","twitter_misc":{"Gesch\u00e4tzte Lesezeit":"1\u00a0Minute"},"schema":{"@context":"https:\/\/schema.org","@graph":[{"@type":"WebPage","@id":"https:\/\/ekkla.ch\/de\/produit\/dining-chair-fat-schwarzes-holzgestell-ha0600-tom-dixon\/","url":"https:\/\/ekkla.ch\/de\/produit\/dining-chair-fat-schwarzes-holzgestell-ha0600-tom-dixon\/","name":"Dining Chair Fat I Schwarzes Holzgestell I HA0600 I Tom Dixon","isPartOf":{"@id":"https:\/\/ekkla.ch\/#website"},"primaryImageOfPage":{"@id":"https:\/\/ekkla.ch\/de\/produit\/dining-chair-fat-schwarzes-holzgestell-ha0600-tom-dixon\/#primaryimage"},"image":{"@id":"https:\/\/ekkla.ch\/de\/produit\/dining-chair-fat-schwarzes-holzgestell-ha0600-tom-dixon\/#primaryimage"},"thumbnailUrl":"https:\/\/ekkla.ch\/wp-content\/uploads\/2024\/10\/ekkla-lampes-meubles-chaise-fat-dining_0028_Fat-Dining-HA600-BW-Front-1-1.jpg","datePublished":"2024-11-04T06:43:46+00:00","dateModified":"2024-11-06T12:52:41+00:00","description":"Entdecken Sie den Esszimmerstuhl Fat: Komfort, modernes Design und europ\u00e4ische Handwerkskunst f\u00fcr eleganten, langlebigen Stil.","breadcrumb":{"@id":"https:\/\/ekkla.ch\/de\/produit\/dining-chair-fat-schwarzes-holzgestell-ha0600-tom-dixon\/#breadcrumb"},"inLanguage":"de","potentialAction":[{"@type":"ReadAction","target":["https:\/\/ekkla.ch\/de\/produit\/dining-chair-fat-schwarzes-holzgestell-ha0600-tom-dixon\/"]}]},{"@type":"ImageObject","inLanguage":"de","@id":"https:\/\/ekkla.ch\/de\/produit\/dining-chair-fat-schwarzes-holzgestell-ha0600-tom-dixon\/#primaryimage","url":"https:\/\/ekkla.ch\/wp-content\/uploads\/2024\/10\/ekkla-lampes-meubles-chaise-fat-dining_0028_Fat-Dining-HA600-BW-Front-1-1.jpg","contentUrl":"https:\/\/ekkla.ch\/wp-content\/uploads\/2024\/10\/ekkla-lampes-meubles-chaise-fat-dining_0028_Fat-Dining-HA600-BW-Front-1-1.jpg","width":1000,"height":1000},{"@type":"BreadcrumbList","@id":"https:\/\/ekkla.ch\/de\/produit\/dining-chair-fat-schwarzes-holzgestell-ha0600-tom-dixon\/#breadcrumb","itemListElement":[{"@type":"ListItem","position":1,"name":"Home","item":"https:\/\/ekkla.ch\/de\/"},{"@type":"ListItem","position":2,"name":"Shop","item":"https:\/\/ekkla.ch\/de\/shop\/"},{"@type":"ListItem","position":3,"name":"Dining Chair Fat - Schwarzes Holzgestell - HA0600 - Tom Dixon"}]},{"@type":"WebSite","@id":"https:\/\/ekkla.ch\/#website","url":"https:\/\/ekkla.ch\/","name":"Ekkla","description":"Der Onlineshop f\u00fcr Beleuchtung","publisher":{"@id":"https:\/\/ekkla.ch\/#organization"},"potentialAction":[{"@type":"SearchAction","target":{"@type":"EntryPoint","urlTemplate":"https:\/\/ekkla.ch\/?s={search_term_string}"},"query-input":"required name=search_term_string"}],"inLanguage":"de"},{"@type":"Organization","@id":"https:\/\/ekkla.ch\/#organization","name":"Ekkla","url":"https:\/\/ekkla.ch\/","logo":{"@type":"ImageObject","inLanguage":"de","@id":"https:\/\/ekkla.ch\/#\/schema\/logo\/image\/","url":"http:\/\/ekkla.ch\/wp-content\/uploads\/2019\/07\/logo-1.svg","contentUrl":"http:\/\/ekkla.ch\/wp-content\/uploads\/2019\/07\/logo-1.svg","width":1,"height":1,"caption":"Ekkla"},"image":{"@id":"https:\/\/ekkla.ch\/#\/schema\/logo\/image\/"},"sameAs":["https:\/\/www.instagram.com\/ekkla_light\/"]}]}},"_links":{"self":[{"href":"https:\/\/ekkla.ch\/de\/wp-json\/wp\/v2\/product\/201206"}],"collection":[{"href":"https:\/\/ekkla.ch\/de\/wp-json\/wp\/v2\/product"}],"about":[{"href":"https:\/\/ekkla.ch\/de\/wp-json\/wp\/v2\/types\/product"}],"wp:featuredmedia":[{"embeddable":true,"href":"https:\/\/ekkla.ch\/de\/wp-json\/wp\/v2\/media\/200603"}],"wp:attachment":[{"href":"https:\/\/ekkla.ch\/de\/wp-json\/wp\/v2\/media?parent=201206"}],"wp:term":[{"taxonomy":"product_cat","embeddable":true,"href":"https:\/\/ekkla.ch\/de\/wp-json\/wp\/v2\/product_cat?post=201206"},{"taxonomy":"product_tag","embeddable":true,"href":"https:\/\/ekkla.ch\/de\/wp-json\/wp\/v2\/product_tag?post=201206"}],"curies":[{"name":"wp","href":"https:\/\/api.w.org\/{rel}","templated":true}]}}