{"id":201318,"date":"2024-11-05T00:11:04","date_gmt":"2024-11-04T23:11:04","guid":{"rendered":"https:\/\/ekkla.ch\/produit\/sofa-fat-4-teile-kat-1-apfr-84-tom-dixon\/"},"modified":"2024-11-06T13:52:19","modified_gmt":"2024-11-06T12:52:19","slug":"sofa-fat-4-teile-kat-1-apfr-84-tom-dixon","status":"publish","type":"product","link":"https:\/\/ekkla.ch\/de\/produit\/sofa-fat-4-teile-kat-1-apfr-84-tom-dixon\/","title":{"rendered":"Sofa Fat &#8211; 4 Teile &#8211; Kat. 1 &#8211; APFR 84 &#8211; Tom Dixon"},"content":{"rendered":"<p>Das Sofa Fat bietet eine innovative, modulare Sitzl\u00f6sung, die so gestaltet ist, dass sie sich elegant in zeitgen\u00f6ssische R\u00e4ume einf\u00fcgt. Das Fat-Sofa vereint das unverwechselbare Design von Tom Dixon mit \u00fcberragendem Komfort und verwandelt Ihre Einrichtung mit klaren Linien und hoher Flexibilit\u00e4t.<\/p>\n<p>Dank seines vollst\u00e4ndig modularen Systems erm\u00f6glicht das Sofa Fat endlose Konfigurationen, die sich an Ihre Bed\u00fcrfnisse und Ihren Raum anpassen lassen. Da es in einer Vielzahl von Stoffen und Farbkombinationen erh\u00e4ltlich ist, passt es sich problemlos an h\u00e4usliche und gewerbliche Umgebungen an und sorgt f\u00fcr einen einzigartigen und anspruchsvollen Stil.<\/p>\n<p>Hergestellt aus nachhaltigen Materialien, darunter FSC-zertifiziertes Mischholz, starke Federn und F\u00fcsse aus pulverbeschichtetem Stahl, bietet das Fat Sofa eine aussergew\u00f6hnliche Langlebigkeit und dauerhaften Komfort.<\/p>\n<p>In London entworfen, in Europa hergestellt.<\/p>\n<blockquote>\n<h2>Merkmale &amp; Eigenschaften<\/h2>\n<p><strong>Marke<\/strong>\u00a0Tom Dixon<\/p>\n<p><strong>Farbe <\/strong>Beige grau meliert<\/p>\n<p><strong>Materialien<\/strong> 96% Polyester, 4% Acryl, Stahl<\/p>\n<p><strong>H\u00f6he (cm) <\/strong>71<\/p>\n<p><strong>Breite (cm) <\/strong>340<\/p>\n<p><strong>Tiefe (cm) <\/strong>240<\/p><\/blockquote>\n","protected":false},"excerpt":{"rendered":"<p>Das Sofa Fat bietet eine innovative, modulare Sitzl\u00f6sung, die so gestaltet ist, dass sie sich elegant in zeitgen\u00f6ssische R\u00e4ume einf\u00fcgt. Das Fat-Sofa vereint das unverwechselbare Design von Tom Dixon mit \u00fcberragendem Komfort und verwandelt Ihre Einrichtung mit klaren Linien und hoher Flexibilit\u00e4t. Dank seines vollst\u00e4ndig modularen Systems erm\u00f6glicht das Sofa Fat endlose Konfigurationen, die sich [&hellip;]<\/p>\n","protected":false},"featured_media":200355,"template":"","meta":{"_acf_changed":false,"om_disable_all_campaigns":false},"product_cat":[964,972],"product_tag":[1254,896,1188,1265,801,1166],"bundled_by":[],"bundle_stock_status":"onbackorder","bundle_stock_quantity":null,"bundle_virtual":false,"bundle_layout":"","bundle_add_to_cart_form_location":"","bundle_editable_in_cart":false,"bundle_sold_individually_context":"","bundle_item_grouping":"","bundle_min_size":"","bundle_max_size":"","bundle_price":[],"bundled_items":[],"bundle_sell_ids":[],"acf":[],"yoast_head":"<!-- This site is optimized with the Yoast SEO Premium plugin v22.2 (Yoast SEO v22.8) - https:\/\/yoast.com\/wordpress\/plugins\/seo\/ -->\n<title>Sofa Fat I 4 Teile I Kat. 1 I APFR 84 I Tom Dixon I Ekkla<\/title>\n<meta name=\"description\" content=\"Entdecken Sie das Sofa Fat: odulares Design, hoher Komfort, nachhaltige Materialien. In London entworfen, in Europa gefertigt \u2013 ideal f\u00fcr moderne R\u00e4ume.\" \/>\n<meta name=\"robots\" content=\"index, follow, max-snippet:-1, max-image-preview:large, max-video-preview:-1\" \/>\n<link rel=\"canonical\" href=\"https:\/\/ekkla.ch\/de\/produit\/sofa-fat-4-teile-kat-1-apfr-84-tom-dixon\/\" \/>\n<meta property=\"og:locale\" content=\"de_DE\" \/>\n<meta property=\"og:type\" content=\"article\" \/>\n<meta property=\"og:title\" content=\"Sofa Fat - 4 Teile - Kat. 1 - APFR 84 - Tom Dixon\" \/>\n<meta property=\"og:description\" content=\"Entdecken Sie das Sofa Fat: odulares Design, hoher Komfort, nachhaltige Materialien. In London entworfen, in Europa gefertigt \u2013 ideal f\u00fcr moderne R\u00e4ume.\" \/>\n<meta property=\"og:url\" content=\"https:\/\/ekkla.ch\/de\/produit\/sofa-fat-4-teile-kat-1-apfr-84-tom-dixon\/\" \/>\n<meta property=\"og:site_name\" content=\"Ekkla\" \/>\n<meta property=\"article:modified_time\" content=\"2024-11-06T12:52:19+00:00\" \/>\n<meta property=\"og:image\" content=\"https:\/\/ekkla.ch\/wp-content\/uploads\/2024\/10\/ekkla-lampes-meubles-canape-fat-plump_0009_FAT_comb_05.jpg\" \/>\n\t<meta property=\"og:image:width\" content=\"1000\" \/>\n\t<meta property=\"og:image:height\" content=\"1000\" \/>\n\t<meta property=\"og:image:type\" content=\"image\/jpeg\" \/>\n<meta name=\"twitter:card\" content=\"summary_large_image\" \/>\n<meta name=\"twitter:label1\" content=\"Gesch\u00e4tzte Lesezeit\" \/>\n\t<meta name=\"twitter:data1\" content=\"1\u00a0Minute\" \/>\n<script type=\"application\/ld+json\" class=\"yoast-schema-graph\">{\"@context\":\"https:\/\/schema.org\",\"@graph\":[{\"@type\":\"WebPage\",\"@id\":\"https:\/\/ekkla.ch\/de\/produit\/sofa-fat-4-teile-kat-1-apfr-84-tom-dixon\/\",\"url\":\"https:\/\/ekkla.ch\/de\/produit\/sofa-fat-4-teile-kat-1-apfr-84-tom-dixon\/\",\"name\":\"Sofa Fat I 4 Teile I Kat. 1 I APFR 84 I Tom Dixon I Ekkla\",\"isPartOf\":{\"@id\":\"https:\/\/ekkla.ch\/#website\"},\"primaryImageOfPage\":{\"@id\":\"https:\/\/ekkla.ch\/de\/produit\/sofa-fat-4-teile-kat-1-apfr-84-tom-dixon\/#primaryimage\"},\"image\":{\"@id\":\"https:\/\/ekkla.ch\/de\/produit\/sofa-fat-4-teile-kat-1-apfr-84-tom-dixon\/#primaryimage\"},\"thumbnailUrl\":\"https:\/\/ekkla.ch\/wp-content\/uploads\/2024\/10\/ekkla-lampes-meubles-canape-fat-plump_0009_FAT_comb_05.jpg\",\"datePublished\":\"2024-11-04T23:11:04+00:00\",\"dateModified\":\"2024-11-06T12:52:19+00:00\",\"description\":\"Entdecken Sie das Sofa Fat: odulares Design, hoher Komfort, nachhaltige Materialien. In London entworfen, in Europa gefertigt \u2013 ideal f\u00fcr moderne R\u00e4ume.\",\"breadcrumb\":{\"@id\":\"https:\/\/ekkla.ch\/de\/produit\/sofa-fat-4-teile-kat-1-apfr-84-tom-dixon\/#breadcrumb\"},\"inLanguage\":\"de\",\"potentialAction\":[{\"@type\":\"ReadAction\",\"target\":[\"https:\/\/ekkla.ch\/de\/produit\/sofa-fat-4-teile-kat-1-apfr-84-tom-dixon\/\"]}]},{\"@type\":\"ImageObject\",\"inLanguage\":\"de\",\"@id\":\"https:\/\/ekkla.ch\/de\/produit\/sofa-fat-4-teile-kat-1-apfr-84-tom-dixon\/#primaryimage\",\"url\":\"https:\/\/ekkla.ch\/wp-content\/uploads\/2024\/10\/ekkla-lampes-meubles-canape-fat-plump_0009_FAT_comb_05.jpg\",\"contentUrl\":\"https:\/\/ekkla.ch\/wp-content\/uploads\/2024\/10\/ekkla-lampes-meubles-canape-fat-plump_0009_FAT_comb_05.jpg\",\"width\":1000,\"height\":1000},{\"@type\":\"BreadcrumbList\",\"@id\":\"https:\/\/ekkla.ch\/de\/produit\/sofa-fat-4-teile-kat-1-apfr-84-tom-dixon\/#breadcrumb\",\"itemListElement\":[{\"@type\":\"ListItem\",\"position\":1,\"name\":\"Home\",\"item\":\"https:\/\/ekkla.ch\/de\/\"},{\"@type\":\"ListItem\",\"position\":2,\"name\":\"Shop\",\"item\":\"https:\/\/ekkla.ch\/de\/shop\/\"},{\"@type\":\"ListItem\",\"position\":3,\"name\":\"Sofa Fat - 4 Teile - Kat. 1 - APFR 84 - Tom Dixon\"}]},{\"@type\":\"WebSite\",\"@id\":\"https:\/\/ekkla.ch\/#website\",\"url\":\"https:\/\/ekkla.ch\/\",\"name\":\"Ekkla\",\"description\":\"Der Onlineshop f\u00fcr Beleuchtung\",\"publisher\":{\"@id\":\"https:\/\/ekkla.ch\/#organization\"},\"potentialAction\":[{\"@type\":\"SearchAction\",\"target\":{\"@type\":\"EntryPoint\",\"urlTemplate\":\"https:\/\/ekkla.ch\/?s={search_term_string}\"},\"query-input\":\"required name=search_term_string\"}],\"inLanguage\":\"de\"},{\"@type\":\"Organization\",\"@id\":\"https:\/\/ekkla.ch\/#organization\",\"name\":\"Ekkla\",\"url\":\"https:\/\/ekkla.ch\/\",\"logo\":{\"@type\":\"ImageObject\",\"inLanguage\":\"de\",\"@id\":\"https:\/\/ekkla.ch\/#\/schema\/logo\/image\/\",\"url\":\"http:\/\/ekkla.ch\/wp-content\/uploads\/2019\/07\/logo-1.svg\",\"contentUrl\":\"http:\/\/ekkla.ch\/wp-content\/uploads\/2019\/07\/logo-1.svg\",\"width\":1,\"height\":1,\"caption\":\"Ekkla\"},\"image\":{\"@id\":\"https:\/\/ekkla.ch\/#\/schema\/logo\/image\/\"},\"sameAs\":[\"https:\/\/www.instagram.com\/ekkla_light\/\"]}]}<\/script>\n<!-- \/ Yoast SEO Premium plugin. -->","yoast_head_json":{"title":"Sofa Fat I 4 Teile I Kat. 1 I APFR 84 I Tom Dixon I Ekkla","description":"Entdecken Sie das Sofa Fat: odulares Design, hoher Komfort, nachhaltige Materialien. In London entworfen, in Europa gefertigt \u2013 ideal f\u00fcr moderne R\u00e4ume.","robots":{"index":"index","follow":"follow","max-snippet":"max-snippet:-1","max-image-preview":"max-image-preview:large","max-video-preview":"max-video-preview:-1"},"canonical":"https:\/\/ekkla.ch\/de\/produit\/sofa-fat-4-teile-kat-1-apfr-84-tom-dixon\/","og_locale":"de_DE","og_type":"article","og_title":"Sofa Fat - 4 Teile - Kat. 1 - APFR 84 - Tom Dixon","og_description":"Entdecken Sie das Sofa Fat: odulares Design, hoher Komfort, nachhaltige Materialien. In London entworfen, in Europa gefertigt \u2013 ideal f\u00fcr moderne R\u00e4ume.","og_url":"https:\/\/ekkla.ch\/de\/produit\/sofa-fat-4-teile-kat-1-apfr-84-tom-dixon\/","og_site_name":"Ekkla","article_modified_time":"2024-11-06T12:52:19+00:00","og_image":[{"width":1000,"height":1000,"url":"https:\/\/ekkla.ch\/wp-content\/uploads\/2024\/10\/ekkla-lampes-meubles-canape-fat-plump_0009_FAT_comb_05.jpg","type":"image\/jpeg"}],"twitter_card":"summary_large_image","twitter_misc":{"Gesch\u00e4tzte Lesezeit":"1\u00a0Minute"},"schema":{"@context":"https:\/\/schema.org","@graph":[{"@type":"WebPage","@id":"https:\/\/ekkla.ch\/de\/produit\/sofa-fat-4-teile-kat-1-apfr-84-tom-dixon\/","url":"https:\/\/ekkla.ch\/de\/produit\/sofa-fat-4-teile-kat-1-apfr-84-tom-dixon\/","name":"Sofa Fat I 4 Teile I Kat. 1 I APFR 84 I Tom Dixon I Ekkla","isPartOf":{"@id":"https:\/\/ekkla.ch\/#website"},"primaryImageOfPage":{"@id":"https:\/\/ekkla.ch\/de\/produit\/sofa-fat-4-teile-kat-1-apfr-84-tom-dixon\/#primaryimage"},"image":{"@id":"https:\/\/ekkla.ch\/de\/produit\/sofa-fat-4-teile-kat-1-apfr-84-tom-dixon\/#primaryimage"},"thumbnailUrl":"https:\/\/ekkla.ch\/wp-content\/uploads\/2024\/10\/ekkla-lampes-meubles-canape-fat-plump_0009_FAT_comb_05.jpg","datePublished":"2024-11-04T23:11:04+00:00","dateModified":"2024-11-06T12:52:19+00:00","description":"Entdecken Sie das Sofa Fat: odulares Design, hoher Komfort, nachhaltige Materialien. In London entworfen, in Europa gefertigt \u2013 ideal f\u00fcr moderne R\u00e4ume.","breadcrumb":{"@id":"https:\/\/ekkla.ch\/de\/produit\/sofa-fat-4-teile-kat-1-apfr-84-tom-dixon\/#breadcrumb"},"inLanguage":"de","potentialAction":[{"@type":"ReadAction","target":["https:\/\/ekkla.ch\/de\/produit\/sofa-fat-4-teile-kat-1-apfr-84-tom-dixon\/"]}]},{"@type":"ImageObject","inLanguage":"de","@id":"https:\/\/ekkla.ch\/de\/produit\/sofa-fat-4-teile-kat-1-apfr-84-tom-dixon\/#primaryimage","url":"https:\/\/ekkla.ch\/wp-content\/uploads\/2024\/10\/ekkla-lampes-meubles-canape-fat-plump_0009_FAT_comb_05.jpg","contentUrl":"https:\/\/ekkla.ch\/wp-content\/uploads\/2024\/10\/ekkla-lampes-meubles-canape-fat-plump_0009_FAT_comb_05.jpg","width":1000,"height":1000},{"@type":"BreadcrumbList","@id":"https:\/\/ekkla.ch\/de\/produit\/sofa-fat-4-teile-kat-1-apfr-84-tom-dixon\/#breadcrumb","itemListElement":[{"@type":"ListItem","position":1,"name":"Home","item":"https:\/\/ekkla.ch\/de\/"},{"@type":"ListItem","position":2,"name":"Shop","item":"https:\/\/ekkla.ch\/de\/shop\/"},{"@type":"ListItem","position":3,"name":"Sofa Fat - 4 Teile - Kat. 1 - APFR 84 - Tom Dixon"}]},{"@type":"WebSite","@id":"https:\/\/ekkla.ch\/#website","url":"https:\/\/ekkla.ch\/","name":"Ekkla","description":"Der Onlineshop f\u00fcr Beleuchtung","publisher":{"@id":"https:\/\/ekkla.ch\/#organization"},"potentialAction":[{"@type":"SearchAction","target":{"@type":"EntryPoint","urlTemplate":"https:\/\/ekkla.ch\/?s={search_term_string}"},"query-input":"required name=search_term_string"}],"inLanguage":"de"},{"@type":"Organization","@id":"https:\/\/ekkla.ch\/#organization","name":"Ekkla","url":"https:\/\/ekkla.ch\/","logo":{"@type":"ImageObject","inLanguage":"de","@id":"https:\/\/ekkla.ch\/#\/schema\/logo\/image\/","url":"http:\/\/ekkla.ch\/wp-content\/uploads\/2019\/07\/logo-1.svg","contentUrl":"http:\/\/ekkla.ch\/wp-content\/uploads\/2019\/07\/logo-1.svg","width":1,"height":1,"caption":"Ekkla"},"image":{"@id":"https:\/\/ekkla.ch\/#\/schema\/logo\/image\/"},"sameAs":["https:\/\/www.instagram.com\/ekkla_light\/"]}]}},"_links":{"self":[{"href":"https:\/\/ekkla.ch\/de\/wp-json\/wp\/v2\/product\/201318"}],"collection":[{"href":"https:\/\/ekkla.ch\/de\/wp-json\/wp\/v2\/product"}],"about":[{"href":"https:\/\/ekkla.ch\/de\/wp-json\/wp\/v2\/types\/product"}],"wp:featuredmedia":[{"embeddable":true,"href":"https:\/\/ekkla.ch\/de\/wp-json\/wp\/v2\/media\/200355"}],"wp:attachment":[{"href":"https:\/\/ekkla.ch\/de\/wp-json\/wp\/v2\/media?parent=201318"}],"wp:term":[{"taxonomy":"product_cat","embeddable":true,"href":"https:\/\/ekkla.ch\/de\/wp-json\/wp\/v2\/product_cat?post=201318"},{"taxonomy":"product_tag","embeddable":true,"href":"https:\/\/ekkla.ch\/de\/wp-json\/wp\/v2\/product_tag?post=201318"}],"curies":[{"name":"wp","href":"https:\/\/api.w.org\/{rel}","templated":true}]}}