{"id":201587,"date":"2024-11-08T16:46:58","date_gmt":"2024-11-08T15:46:58","guid":{"rendered":"https:\/\/ekkla.ch\/produit\/tischleuchte-teresa-petrolblau-h-43-kartell\/"},"modified":"2024-11-11T08:03:16","modified_gmt":"2024-11-11T07:03:16","slug":"tischleuchte-teresa-petrolblau-h-43-kartell","status":"publish","type":"product","link":"https:\/\/ekkla.ch\/de\/produit\/tischleuchte-teresa-petrolblau-h-43-kartell\/","title":{"rendered":"Tischleuchte Teresa &#8211; Petrolblau &#8211; H.43 &#8211; Kartell"},"content":{"rendered":"<p>Teresa von Ferruccio Laviani ist eine Leuchte mit gewundenen Formen, die das Bild von Bl\u00fctenbl\u00e4ttern hervorrufen, die sich sanft entfalten und einen umh\u00fcllenden und einladenden Lichteffekt erzeugen. Teresa stellt einen Fortschritt beim Experimentieren mit Designideen und industriellen Produktionstechniken in der Beleuchtungsbranche dar. Dank dieser Innovationen ist es m\u00f6glich, \u00fcberraschende und einzigartige geschwungene Formen und Volumen zu erzielen, die der Lampe einen zeitlosen Charme und eine unverwechselbare Pr\u00e4senz in jeder Umgebung verleihen.<\/p>\n<blockquote>\n<h2 style=\"text-align: left\">Merkmale &amp; Eigenschaften<\/h2>\n<p><strong>Marke<\/strong>\u00a0Kartell<\/p>\n<p style=\"text-align: left\"><strong>Farbe <\/strong>Petrolblau<\/p>\n<p style=\"text-align: left\"><strong>Materialien<\/strong> Gef\u00e4rbtes recyceltes PMMA<\/p>\n<p><strong>Gl\u00fchbirne<\/strong> E27 (11W) inbegriffen\/dimmbar<\/p>\n<p><strong>Lichtfarbe (K) <\/strong>2700<\/p>\n<p style=\"text-align: left\"><strong>H\u00f6he (cm)<\/strong> 43<\/p>\n<p><strong>Durchmesser (cm)<\/strong> 50<\/p>\n<p><strong>Gewicht (kg)<\/strong> 2.70<\/p><\/blockquote>\n","protected":false},"excerpt":{"rendered":"<p>Teresa von Ferruccio Laviani ist eine Leuchte mit gewundenen Formen, die das Bild von Bl\u00fctenbl\u00e4ttern hervorrufen, die sich sanft entfalten und einen umh\u00fcllenden und einladenden Lichteffekt erzeugen. Teresa stellt einen Fortschritt beim Experimentieren mit Designideen und industriellen Produktionstechniken in der Beleuchtungsbranche dar. Dank dieser Innovationen ist es m\u00f6glich, \u00fcberraschende und einzigartige geschwungene Formen und Volumen [&hellip;]<\/p>\n","protected":false},"featured_media":201645,"template":"","meta":{"_acf_changed":false,"om_disable_all_campaigns":false},"product_cat":[290],"product_tag":[1258,896,1188,1265,801,1203,816,1209],"bundled_by":[],"bundle_stock_status":"onbackorder","bundle_stock_quantity":null,"bundle_virtual":false,"bundle_layout":"","bundle_add_to_cart_form_location":"","bundle_editable_in_cart":false,"bundle_sold_individually_context":"","bundle_item_grouping":"","bundle_min_size":"","bundle_max_size":"","bundle_price":[],"bundled_items":[],"bundle_sell_ids":[],"acf":[],"yoast_head":"<!-- This site is optimized with the Yoast SEO Premium plugin v22.2 (Yoast SEO v22.8) - https:\/\/yoast.com\/wordpress\/plugins\/seo\/ -->\n<title>Tischleuchte Teresa I Petrolblau I H.43 I Kartell I Ekkla<\/title>\n<meta name=\"description\" content=\"Entdecken Sie die hochwertige Tischleuchte Teresa. Ideal f\u00fcr Ihr Wohnzimmer. F\u00fcr eine schlichte und elegante Dekoration, die von einer Blume inspiriert ist.\" \/>\n<meta name=\"robots\" content=\"index, follow, max-snippet:-1, max-image-preview:large, max-video-preview:-1\" \/>\n<link rel=\"canonical\" href=\"https:\/\/ekkla.ch\/de\/produit\/tischleuchte-teresa-petrolblau-h-43-kartell\/\" \/>\n<meta property=\"og:locale\" content=\"de_DE\" \/>\n<meta property=\"og:type\" content=\"article\" \/>\n<meta property=\"og:title\" content=\"Tischleuchte Teresa - Petrolblau - H.43 - Kartell\" \/>\n<meta property=\"og:description\" content=\"Entdecken Sie die hochwertige Tischleuchte Teresa. Ideal f\u00fcr Ihr Wohnzimmer. F\u00fcr eine schlichte und elegante Dekoration, die von einer Blume inspiriert ist.\" \/>\n<meta property=\"og:url\" content=\"https:\/\/ekkla.ch\/de\/produit\/tischleuchte-teresa-petrolblau-h-43-kartell\/\" \/>\n<meta property=\"og:site_name\" content=\"Ekkla\" \/>\n<meta property=\"article:modified_time\" content=\"2024-11-11T07:03:16+00:00\" \/>\n<meta property=\"og:image\" content=\"https:\/\/ekkla.ch\/wp-content\/uploads\/2024\/11\/ekkla-lampe-de-table-teresa-petrole-h-43-kartell-produit.jpg\" \/>\n\t<meta property=\"og:image:width\" content=\"1000\" \/>\n\t<meta property=\"og:image:height\" content=\"1000\" \/>\n\t<meta property=\"og:image:type\" content=\"image\/jpeg\" \/>\n<meta name=\"twitter:card\" content=\"summary_large_image\" \/>\n<meta name=\"twitter:label1\" content=\"Gesch\u00e4tzte Lesezeit\" \/>\n\t<meta name=\"twitter:data1\" content=\"1\u00a0Minute\" \/>\n<script type=\"application\/ld+json\" class=\"yoast-schema-graph\">{\"@context\":\"https:\/\/schema.org\",\"@graph\":[{\"@type\":\"WebPage\",\"@id\":\"https:\/\/ekkla.ch\/de\/produit\/tischleuchte-teresa-petrolblau-h-43-kartell\/\",\"url\":\"https:\/\/ekkla.ch\/de\/produit\/tischleuchte-teresa-petrolblau-h-43-kartell\/\",\"name\":\"Tischleuchte Teresa I Petrolblau I H.43 I Kartell I Ekkla\",\"isPartOf\":{\"@id\":\"https:\/\/ekkla.ch\/#website\"},\"primaryImageOfPage\":{\"@id\":\"https:\/\/ekkla.ch\/de\/produit\/tischleuchte-teresa-petrolblau-h-43-kartell\/#primaryimage\"},\"image\":{\"@id\":\"https:\/\/ekkla.ch\/de\/produit\/tischleuchte-teresa-petrolblau-h-43-kartell\/#primaryimage\"},\"thumbnailUrl\":\"https:\/\/ekkla.ch\/wp-content\/uploads\/2024\/11\/ekkla-lampe-de-table-teresa-petrole-h-43-kartell-produit.jpg\",\"datePublished\":\"2024-11-08T15:46:58+00:00\",\"dateModified\":\"2024-11-11T07:03:16+00:00\",\"description\":\"Entdecken Sie die hochwertige Tischleuchte Teresa. Ideal f\u00fcr Ihr Wohnzimmer. F\u00fcr eine schlichte und elegante Dekoration, die von einer Blume inspiriert ist.\",\"breadcrumb\":{\"@id\":\"https:\/\/ekkla.ch\/de\/produit\/tischleuchte-teresa-petrolblau-h-43-kartell\/#breadcrumb\"},\"inLanguage\":\"de\",\"potentialAction\":[{\"@type\":\"ReadAction\",\"target\":[\"https:\/\/ekkla.ch\/de\/produit\/tischleuchte-teresa-petrolblau-h-43-kartell\/\"]}]},{\"@type\":\"ImageObject\",\"inLanguage\":\"de\",\"@id\":\"https:\/\/ekkla.ch\/de\/produit\/tischleuchte-teresa-petrolblau-h-43-kartell\/#primaryimage\",\"url\":\"https:\/\/ekkla.ch\/wp-content\/uploads\/2024\/11\/ekkla-lampe-de-table-teresa-petrole-h-43-kartell-produit.jpg\",\"contentUrl\":\"https:\/\/ekkla.ch\/wp-content\/uploads\/2024\/11\/ekkla-lampe-de-table-teresa-petrole-h-43-kartell-produit.jpg\",\"width\":1000,\"height\":1000},{\"@type\":\"BreadcrumbList\",\"@id\":\"https:\/\/ekkla.ch\/de\/produit\/tischleuchte-teresa-petrolblau-h-43-kartell\/#breadcrumb\",\"itemListElement\":[{\"@type\":\"ListItem\",\"position\":1,\"name\":\"Home\",\"item\":\"https:\/\/ekkla.ch\/de\/\"},{\"@type\":\"ListItem\",\"position\":2,\"name\":\"Shop\",\"item\":\"https:\/\/ekkla.ch\/de\/shop\/\"},{\"@type\":\"ListItem\",\"position\":3,\"name\":\"Tischleuchte Teresa &#8211; Petrolblau &#8211; H.43 &#8211; Kartell\"}]},{\"@type\":\"WebSite\",\"@id\":\"https:\/\/ekkla.ch\/#website\",\"url\":\"https:\/\/ekkla.ch\/\",\"name\":\"Ekkla\",\"description\":\"Der Onlineshop f\u00fcr Beleuchtung\",\"publisher\":{\"@id\":\"https:\/\/ekkla.ch\/#organization\"},\"potentialAction\":[{\"@type\":\"SearchAction\",\"target\":{\"@type\":\"EntryPoint\",\"urlTemplate\":\"https:\/\/ekkla.ch\/?s={search_term_string}\"},\"query-input\":\"required name=search_term_string\"}],\"inLanguage\":\"de\"},{\"@type\":\"Organization\",\"@id\":\"https:\/\/ekkla.ch\/#organization\",\"name\":\"Ekkla\",\"url\":\"https:\/\/ekkla.ch\/\",\"logo\":{\"@type\":\"ImageObject\",\"inLanguage\":\"de\",\"@id\":\"https:\/\/ekkla.ch\/#\/schema\/logo\/image\/\",\"url\":\"http:\/\/ekkla.ch\/wp-content\/uploads\/2019\/07\/logo-1.svg\",\"contentUrl\":\"http:\/\/ekkla.ch\/wp-content\/uploads\/2019\/07\/logo-1.svg\",\"width\":1,\"height\":1,\"caption\":\"Ekkla\"},\"image\":{\"@id\":\"https:\/\/ekkla.ch\/#\/schema\/logo\/image\/\"},\"sameAs\":[\"https:\/\/www.instagram.com\/ekkla_light\/\"]}]}<\/script>\n<!-- \/ Yoast SEO Premium plugin. -->","yoast_head_json":{"title":"Tischleuchte Teresa I Petrolblau I H.43 I Kartell I Ekkla","description":"Entdecken Sie die hochwertige Tischleuchte Teresa. Ideal f\u00fcr Ihr Wohnzimmer. F\u00fcr eine schlichte und elegante Dekoration, die von einer Blume inspiriert ist.","robots":{"index":"index","follow":"follow","max-snippet":"max-snippet:-1","max-image-preview":"max-image-preview:large","max-video-preview":"max-video-preview:-1"},"canonical":"https:\/\/ekkla.ch\/de\/produit\/tischleuchte-teresa-petrolblau-h-43-kartell\/","og_locale":"de_DE","og_type":"article","og_title":"Tischleuchte Teresa - Petrolblau - H.43 - Kartell","og_description":"Entdecken Sie die hochwertige Tischleuchte Teresa. Ideal f\u00fcr Ihr Wohnzimmer. F\u00fcr eine schlichte und elegante Dekoration, die von einer Blume inspiriert ist.","og_url":"https:\/\/ekkla.ch\/de\/produit\/tischleuchte-teresa-petrolblau-h-43-kartell\/","og_site_name":"Ekkla","article_modified_time":"2024-11-11T07:03:16+00:00","og_image":[{"width":1000,"height":1000,"url":"https:\/\/ekkla.ch\/wp-content\/uploads\/2024\/11\/ekkla-lampe-de-table-teresa-petrole-h-43-kartell-produit.jpg","type":"image\/jpeg"}],"twitter_card":"summary_large_image","twitter_misc":{"Gesch\u00e4tzte Lesezeit":"1\u00a0Minute"},"schema":{"@context":"https:\/\/schema.org","@graph":[{"@type":"WebPage","@id":"https:\/\/ekkla.ch\/de\/produit\/tischleuchte-teresa-petrolblau-h-43-kartell\/","url":"https:\/\/ekkla.ch\/de\/produit\/tischleuchte-teresa-petrolblau-h-43-kartell\/","name":"Tischleuchte Teresa I Petrolblau I H.43 I Kartell I Ekkla","isPartOf":{"@id":"https:\/\/ekkla.ch\/#website"},"primaryImageOfPage":{"@id":"https:\/\/ekkla.ch\/de\/produit\/tischleuchte-teresa-petrolblau-h-43-kartell\/#primaryimage"},"image":{"@id":"https:\/\/ekkla.ch\/de\/produit\/tischleuchte-teresa-petrolblau-h-43-kartell\/#primaryimage"},"thumbnailUrl":"https:\/\/ekkla.ch\/wp-content\/uploads\/2024\/11\/ekkla-lampe-de-table-teresa-petrole-h-43-kartell-produit.jpg","datePublished":"2024-11-08T15:46:58+00:00","dateModified":"2024-11-11T07:03:16+00:00","description":"Entdecken Sie die hochwertige Tischleuchte Teresa. Ideal f\u00fcr Ihr Wohnzimmer. F\u00fcr eine schlichte und elegante Dekoration, die von einer Blume inspiriert ist.","breadcrumb":{"@id":"https:\/\/ekkla.ch\/de\/produit\/tischleuchte-teresa-petrolblau-h-43-kartell\/#breadcrumb"},"inLanguage":"de","potentialAction":[{"@type":"ReadAction","target":["https:\/\/ekkla.ch\/de\/produit\/tischleuchte-teresa-petrolblau-h-43-kartell\/"]}]},{"@type":"ImageObject","inLanguage":"de","@id":"https:\/\/ekkla.ch\/de\/produit\/tischleuchte-teresa-petrolblau-h-43-kartell\/#primaryimage","url":"https:\/\/ekkla.ch\/wp-content\/uploads\/2024\/11\/ekkla-lampe-de-table-teresa-petrole-h-43-kartell-produit.jpg","contentUrl":"https:\/\/ekkla.ch\/wp-content\/uploads\/2024\/11\/ekkla-lampe-de-table-teresa-petrole-h-43-kartell-produit.jpg","width":1000,"height":1000},{"@type":"BreadcrumbList","@id":"https:\/\/ekkla.ch\/de\/produit\/tischleuchte-teresa-petrolblau-h-43-kartell\/#breadcrumb","itemListElement":[{"@type":"ListItem","position":1,"name":"Home","item":"https:\/\/ekkla.ch\/de\/"},{"@type":"ListItem","position":2,"name":"Shop","item":"https:\/\/ekkla.ch\/de\/shop\/"},{"@type":"ListItem","position":3,"name":"Tischleuchte Teresa &#8211; Petrolblau &#8211; H.43 &#8211; Kartell"}]},{"@type":"WebSite","@id":"https:\/\/ekkla.ch\/#website","url":"https:\/\/ekkla.ch\/","name":"Ekkla","description":"Der Onlineshop f\u00fcr Beleuchtung","publisher":{"@id":"https:\/\/ekkla.ch\/#organization"},"potentialAction":[{"@type":"SearchAction","target":{"@type":"EntryPoint","urlTemplate":"https:\/\/ekkla.ch\/?s={search_term_string}"},"query-input":"required name=search_term_string"}],"inLanguage":"de"},{"@type":"Organization","@id":"https:\/\/ekkla.ch\/#organization","name":"Ekkla","url":"https:\/\/ekkla.ch\/","logo":{"@type":"ImageObject","inLanguage":"de","@id":"https:\/\/ekkla.ch\/#\/schema\/logo\/image\/","url":"http:\/\/ekkla.ch\/wp-content\/uploads\/2019\/07\/logo-1.svg","contentUrl":"http:\/\/ekkla.ch\/wp-content\/uploads\/2019\/07\/logo-1.svg","width":1,"height":1,"caption":"Ekkla"},"image":{"@id":"https:\/\/ekkla.ch\/#\/schema\/logo\/image\/"},"sameAs":["https:\/\/www.instagram.com\/ekkla_light\/"]}]}},"_links":{"self":[{"href":"https:\/\/ekkla.ch\/de\/wp-json\/wp\/v2\/product\/201587"}],"collection":[{"href":"https:\/\/ekkla.ch\/de\/wp-json\/wp\/v2\/product"}],"about":[{"href":"https:\/\/ekkla.ch\/de\/wp-json\/wp\/v2\/types\/product"}],"wp:featuredmedia":[{"embeddable":true,"href":"https:\/\/ekkla.ch\/de\/wp-json\/wp\/v2\/media\/201645"}],"wp:attachment":[{"href":"https:\/\/ekkla.ch\/de\/wp-json\/wp\/v2\/media?parent=201587"}],"wp:term":[{"taxonomy":"product_cat","embeddable":true,"href":"https:\/\/ekkla.ch\/de\/wp-json\/wp\/v2\/product_cat?post=201587"},{"taxonomy":"product_tag","embeddable":true,"href":"https:\/\/ekkla.ch\/de\/wp-json\/wp\/v2\/product_tag?post=201587"}],"curies":[{"name":"wp","href":"https:\/\/api.w.org\/{rel}","templated":true}]}}