{"id":201806,"date":"2024-11-12T23:47:53","date_gmt":"2024-11-12T22:47:53","guid":{"rendered":"https:\/\/ekkla.ch\/produit\/schreibtisch-audacious-eiche-sugar-brown-umage\/"},"modified":"2024-11-13T07:07:36","modified_gmt":"2024-11-13T06:07:36","slug":"schreibtisch-audacious-eiche-sugar-brown-umage","status":"publish","type":"product","link":"https:\/\/ekkla.ch\/de\/produit\/schreibtisch-audacious-eiche-sugar-brown-umage\/","title":{"rendered":"Schreibtisch Audacious &#8211; Eiche &#8211; Sugar Brown &#8211; Umage"},"content":{"rendered":"<p>Gestalten Sie Ihren Arbeitsplatz inspirierender mit dem Schreibtisch Audacious. Seine geschwungene, nordische Silhouette verleiht Ihrem Schreibtisch einen Hauch von Anmut, w\u00e4hrend die Stoffschiebet\u00fcren einen modernen Retro-Charme verspr\u00fchen. Greifen Sie mit dem Haken unter der Tischplatte leicht auf Ihre Kopfh\u00f6rer zu und verbergen Sie Ihre Kabel elegant mit der R\u00fcckwand f\u00fcr einen aufger\u00e4umten Platz.<\/p>\n<p>Halten Sie mit den integrierten Organizern alles griffbereit und passen Sie die H\u00f6he an, damit Sie sich auf jedem Stuhl wohlf\u00fchlen. Lust auf Ver\u00e4nderung? Tauschen Sie die Fl\u00fcgelt\u00fcren selbst aus und frischen Sie Ihr B\u00fcro auf, ohne neue M\u00f6bel zu kaufen.<\/p>\n<blockquote>\n<h2>Merkmale &amp; Eigenschaften<\/h2>\n<div class=\"flex-1 overflow-hidden\">\n<div class=\"h-full\">\n<div class=\"react-scroll-to-bottom--css-fhlzq-79elbk h-full\">\n<div class=\"react-scroll-to-bottom--css-fhlzq-1n7m0yu\">\n<div class=\"flex flex-col text-sm md:pb-9\">\n<article class=\"w-full text-token-text-primary focus-visible:outline-2 focus-visible:outline-offset-[-4px]\" dir=\"auto\" data-testid=\"conversation-turn-11\" data-scroll-anchor=\"true\">\n<div class=\"m-auto text-base py-[18px] px-3 md:px-4 w-full md:px-5 lg:px-4 xl:px-5\">\n<div class=\"mx-auto flex flex-1 gap-4 text-base md:gap-5 lg:gap-6 md:max-w-3xl lg:max-w-[40rem] xl:max-w-[48rem]\">\n<div class=\"group\/conversation-turn relative flex w-full min-w-0 flex-col agent-turn\">\n<div class=\"flex-col gap-1 md:gap-3\">\n<div class=\"flex max-w-full flex-col flex-grow\">\n<div class=\"min-h-8 text-message flex w-full flex-col items-end gap-2 whitespace-normal break-words [.text-message+&amp;]:mt-5\" dir=\"auto\" data-message-author-role=\"assistant\" data-message-id=\"866d18de-5fd6-4732-a36b-3e79294d2f99\" data-message-model-slug=\"gpt-4o\">\n<div class=\"flex w-full flex-col gap-1 empty:hidden first:pt-[3px]\">\n<div class=\"markdown prose w-full break-words dark:prose-invert light\">\n<p><strong>Marke<\/strong> Umage<\/p>\n<p><strong>Farben<\/strong> Nature und Braun<\/p>\n<\/div>\n<\/div>\n<\/div>\n<\/div>\n<\/div>\n<\/div>\n<\/div>\n<\/div>\n<\/article>\n<\/div>\n<\/div>\n<\/div>\n<\/div>\n<\/div>\n<p><strong>Materialien<\/strong> Eichenholz, Polyester, MDF, messingbeschichteter Stahl und Kunstleder<\/p>\n<p><strong>Tiefe (cm) <\/strong>60<\/p>\n<p><strong>H\u00f6he (cm) <\/strong>75<\/p>\n<p><strong>Breite (cm) <\/strong>141<\/p>\n<p><strong>Gewicht (kg) <\/strong>27.6<\/p><\/blockquote>\n","protected":false},"excerpt":{"rendered":"<p>Gestalten Sie Ihren Arbeitsplatz inspirierender mit dem Schreibtisch Audacious. Seine geschwungene, nordische Silhouette verleiht Ihrem Schreibtisch einen Hauch von Anmut, w\u00e4hrend die Stoffschiebet\u00fcren einen modernen Retro-Charme verspr\u00fchen. Greifen Sie mit dem Haken unter der Tischplatte leicht auf Ihre Kopfh\u00f6rer zu und verbergen Sie Ihre Kabel elegant mit der R\u00fcckwand f\u00fcr einen aufger\u00e4umten Platz. Halten Sie [&hellip;]<\/p>\n","protected":false},"featured_media":202506,"template":"","meta":{"_acf_changed":false,"om_disable_all_campaigns":false},"product_cat":[1038,964],"product_tag":[1258,898,1188,1265,801],"bundled_by":[],"bundle_stock_status":"onbackorder","bundle_stock_quantity":null,"bundle_virtual":false,"bundle_layout":"","bundle_add_to_cart_form_location":"","bundle_editable_in_cart":false,"bundle_sold_individually_context":"","bundle_item_grouping":"","bundle_min_size":"","bundle_max_size":"","bundle_price":[],"bundled_items":[],"bundle_sell_ids":[],"acf":[],"yoast_head":"<!-- This site is optimized with the Yoast SEO Premium plugin v22.2 (Yoast SEO v22.8) - https:\/\/yoast.com\/wordpress\/plugins\/seo\/ -->\n<title>Schreibtisch Audacious I Eiche I Sugar Brown I Umage I Ekkla<\/title>\n<meta name=\"description\" content=\"Entdecken Sie Audacious \u2013 der Schreibtisch aus Eiche im nordischen Design, mit eleganten Schiebet\u00fcren und Organizer f\u00fcr Ordnung.\" \/>\n<meta name=\"robots\" content=\"index, follow, max-snippet:-1, max-image-preview:large, max-video-preview:-1\" \/>\n<link rel=\"canonical\" href=\"https:\/\/ekkla.ch\/de\/produit\/schreibtisch-audacious-eiche-sugar-brown-umage\/\" \/>\n<meta property=\"og:locale\" content=\"de_DE\" \/>\n<meta property=\"og:type\" content=\"article\" \/>\n<meta property=\"og:title\" content=\"Schreibtisch Audacious - Eiche - Sugar Brown - Umage\" \/>\n<meta property=\"og:description\" content=\"Entdecken Sie Audacious \u2013 der Schreibtisch aus Eiche im nordischen Design, mit eleganten Schiebet\u00fcren und Organizer f\u00fcr Ordnung.\" \/>\n<meta property=\"og:url\" content=\"https:\/\/ekkla.ch\/de\/produit\/schreibtisch-audacious-eiche-sugar-brown-umage\/\" \/>\n<meta property=\"og:site_name\" content=\"Ekkla\" \/>\n<meta property=\"article:modified_time\" content=\"2024-11-13T06:07:36+00:00\" \/>\n<meta name=\"twitter:card\" content=\"summary_large_image\" \/>\n<meta name=\"twitter:label1\" content=\"Gesch\u00e4tzte Lesezeit\" \/>\n\t<meta name=\"twitter:data1\" content=\"1\u00a0Minute\" \/>\n<script type=\"application\/ld+json\" class=\"yoast-schema-graph\">{\"@context\":\"https:\/\/schema.org\",\"@graph\":[{\"@type\":\"WebPage\",\"@id\":\"https:\/\/ekkla.ch\/de\/produit\/schreibtisch-audacious-eiche-sugar-brown-umage\/\",\"url\":\"https:\/\/ekkla.ch\/de\/produit\/schreibtisch-audacious-eiche-sugar-brown-umage\/\",\"name\":\"Schreibtisch Audacious I Eiche I Sugar Brown I Umage I Ekkla\",\"isPartOf\":{\"@id\":\"https:\/\/ekkla.ch\/#website\"},\"primaryImageOfPage\":{\"@id\":\"https:\/\/ekkla.ch\/de\/produit\/schreibtisch-audacious-eiche-sugar-brown-umage\/#primaryimage\"},\"image\":{\"@id\":\"https:\/\/ekkla.ch\/de\/produit\/schreibtisch-audacious-eiche-sugar-brown-umage\/#primaryimage\"},\"thumbnailUrl\":\"https:\/\/ekkla.ch\/wp-content\/uploads\/2024\/11\/ekkla-luminaires-meubles-umage_0113_UMAGE_packshot_5608C707-01_Audacious_desk_sugarbrown_oak__1_900x.jpg\",\"datePublished\":\"2024-11-12T22:47:53+00:00\",\"dateModified\":\"2024-11-13T06:07:36+00:00\",\"description\":\"Entdecken Sie Audacious \u2013 der Schreibtisch aus Eiche im nordischen Design, mit eleganten Schiebet\u00fcren und Organizer f\u00fcr Ordnung.\",\"breadcrumb\":{\"@id\":\"https:\/\/ekkla.ch\/de\/produit\/schreibtisch-audacious-eiche-sugar-brown-umage\/#breadcrumb\"},\"inLanguage\":\"de\",\"potentialAction\":[{\"@type\":\"ReadAction\",\"target\":[\"https:\/\/ekkla.ch\/de\/produit\/schreibtisch-audacious-eiche-sugar-brown-umage\/\"]}]},{\"@type\":\"ImageObject\",\"inLanguage\":\"de\",\"@id\":\"https:\/\/ekkla.ch\/de\/produit\/schreibtisch-audacious-eiche-sugar-brown-umage\/#primaryimage\",\"url\":\"https:\/\/ekkla.ch\/wp-content\/uploads\/2024\/11\/ekkla-luminaires-meubles-umage_0113_UMAGE_packshot_5608C707-01_Audacious_desk_sugarbrown_oak__1_900x.jpg\",\"contentUrl\":\"https:\/\/ekkla.ch\/wp-content\/uploads\/2024\/11\/ekkla-luminaires-meubles-umage_0113_UMAGE_packshot_5608C707-01_Audacious_desk_sugarbrown_oak__1_900x.jpg\",\"width\":900,\"height\":900},{\"@type\":\"BreadcrumbList\",\"@id\":\"https:\/\/ekkla.ch\/de\/produit\/schreibtisch-audacious-eiche-sugar-brown-umage\/#breadcrumb\",\"itemListElement\":[{\"@type\":\"ListItem\",\"position\":1,\"name\":\"Home\",\"item\":\"https:\/\/ekkla.ch\/de\/\"},{\"@type\":\"ListItem\",\"position\":2,\"name\":\"Shop\",\"item\":\"https:\/\/ekkla.ch\/de\/shop\/\"},{\"@type\":\"ListItem\",\"position\":3,\"name\":\"Schreibtisch Audacious - Eiche - Sugar Brown - Umage\"}]},{\"@type\":\"WebSite\",\"@id\":\"https:\/\/ekkla.ch\/#website\",\"url\":\"https:\/\/ekkla.ch\/\",\"name\":\"Ekkla\",\"description\":\"Der Onlineshop f\u00fcr Beleuchtung\",\"publisher\":{\"@id\":\"https:\/\/ekkla.ch\/#organization\"},\"potentialAction\":[{\"@type\":\"SearchAction\",\"target\":{\"@type\":\"EntryPoint\",\"urlTemplate\":\"https:\/\/ekkla.ch\/?s={search_term_string}\"},\"query-input\":\"required name=search_term_string\"}],\"inLanguage\":\"de\"},{\"@type\":\"Organization\",\"@id\":\"https:\/\/ekkla.ch\/#organization\",\"name\":\"Ekkla\",\"url\":\"https:\/\/ekkla.ch\/\",\"logo\":{\"@type\":\"ImageObject\",\"inLanguage\":\"de\",\"@id\":\"https:\/\/ekkla.ch\/#\/schema\/logo\/image\/\",\"url\":\"http:\/\/ekkla.ch\/wp-content\/uploads\/2019\/07\/logo-1.svg\",\"contentUrl\":\"http:\/\/ekkla.ch\/wp-content\/uploads\/2019\/07\/logo-1.svg\",\"width\":1,\"height\":1,\"caption\":\"Ekkla\"},\"image\":{\"@id\":\"https:\/\/ekkla.ch\/#\/schema\/logo\/image\/\"},\"sameAs\":[\"https:\/\/www.instagram.com\/ekkla_light\/\"]}]}<\/script>\n<!-- \/ Yoast SEO Premium plugin. -->","yoast_head_json":{"title":"Schreibtisch Audacious I Eiche I Sugar Brown I Umage I Ekkla","description":"Entdecken Sie Audacious \u2013 der Schreibtisch aus Eiche im nordischen Design, mit eleganten Schiebet\u00fcren und Organizer f\u00fcr Ordnung.","robots":{"index":"index","follow":"follow","max-snippet":"max-snippet:-1","max-image-preview":"max-image-preview:large","max-video-preview":"max-video-preview:-1"},"canonical":"https:\/\/ekkla.ch\/de\/produit\/schreibtisch-audacious-eiche-sugar-brown-umage\/","og_locale":"de_DE","og_type":"article","og_title":"Schreibtisch Audacious - Eiche - Sugar Brown - Umage","og_description":"Entdecken Sie Audacious \u2013 der Schreibtisch aus Eiche im nordischen Design, mit eleganten Schiebet\u00fcren und Organizer f\u00fcr Ordnung.","og_url":"https:\/\/ekkla.ch\/de\/produit\/schreibtisch-audacious-eiche-sugar-brown-umage\/","og_site_name":"Ekkla","article_modified_time":"2024-11-13T06:07:36+00:00","twitter_card":"summary_large_image","twitter_misc":{"Gesch\u00e4tzte Lesezeit":"1\u00a0Minute"},"schema":{"@context":"https:\/\/schema.org","@graph":[{"@type":"WebPage","@id":"https:\/\/ekkla.ch\/de\/produit\/schreibtisch-audacious-eiche-sugar-brown-umage\/","url":"https:\/\/ekkla.ch\/de\/produit\/schreibtisch-audacious-eiche-sugar-brown-umage\/","name":"Schreibtisch Audacious I Eiche I Sugar Brown I Umage I Ekkla","isPartOf":{"@id":"https:\/\/ekkla.ch\/#website"},"primaryImageOfPage":{"@id":"https:\/\/ekkla.ch\/de\/produit\/schreibtisch-audacious-eiche-sugar-brown-umage\/#primaryimage"},"image":{"@id":"https:\/\/ekkla.ch\/de\/produit\/schreibtisch-audacious-eiche-sugar-brown-umage\/#primaryimage"},"thumbnailUrl":"https:\/\/ekkla.ch\/wp-content\/uploads\/2024\/11\/ekkla-luminaires-meubles-umage_0113_UMAGE_packshot_5608C707-01_Audacious_desk_sugarbrown_oak__1_900x.jpg","datePublished":"2024-11-12T22:47:53+00:00","dateModified":"2024-11-13T06:07:36+00:00","description":"Entdecken Sie Audacious \u2013 der Schreibtisch aus Eiche im nordischen Design, mit eleganten Schiebet\u00fcren und Organizer f\u00fcr Ordnung.","breadcrumb":{"@id":"https:\/\/ekkla.ch\/de\/produit\/schreibtisch-audacious-eiche-sugar-brown-umage\/#breadcrumb"},"inLanguage":"de","potentialAction":[{"@type":"ReadAction","target":["https:\/\/ekkla.ch\/de\/produit\/schreibtisch-audacious-eiche-sugar-brown-umage\/"]}]},{"@type":"ImageObject","inLanguage":"de","@id":"https:\/\/ekkla.ch\/de\/produit\/schreibtisch-audacious-eiche-sugar-brown-umage\/#primaryimage","url":"https:\/\/ekkla.ch\/wp-content\/uploads\/2024\/11\/ekkla-luminaires-meubles-umage_0113_UMAGE_packshot_5608C707-01_Audacious_desk_sugarbrown_oak__1_900x.jpg","contentUrl":"https:\/\/ekkla.ch\/wp-content\/uploads\/2024\/11\/ekkla-luminaires-meubles-umage_0113_UMAGE_packshot_5608C707-01_Audacious_desk_sugarbrown_oak__1_900x.jpg","width":900,"height":900},{"@type":"BreadcrumbList","@id":"https:\/\/ekkla.ch\/de\/produit\/schreibtisch-audacious-eiche-sugar-brown-umage\/#breadcrumb","itemListElement":[{"@type":"ListItem","position":1,"name":"Home","item":"https:\/\/ekkla.ch\/de\/"},{"@type":"ListItem","position":2,"name":"Shop","item":"https:\/\/ekkla.ch\/de\/shop\/"},{"@type":"ListItem","position":3,"name":"Schreibtisch Audacious - Eiche - Sugar Brown - Umage"}]},{"@type":"WebSite","@id":"https:\/\/ekkla.ch\/#website","url":"https:\/\/ekkla.ch\/","name":"Ekkla","description":"Der Onlineshop f\u00fcr Beleuchtung","publisher":{"@id":"https:\/\/ekkla.ch\/#organization"},"potentialAction":[{"@type":"SearchAction","target":{"@type":"EntryPoint","urlTemplate":"https:\/\/ekkla.ch\/?s={search_term_string}"},"query-input":"required name=search_term_string"}],"inLanguage":"de"},{"@type":"Organization","@id":"https:\/\/ekkla.ch\/#organization","name":"Ekkla","url":"https:\/\/ekkla.ch\/","logo":{"@type":"ImageObject","inLanguage":"de","@id":"https:\/\/ekkla.ch\/#\/schema\/logo\/image\/","url":"http:\/\/ekkla.ch\/wp-content\/uploads\/2019\/07\/logo-1.svg","contentUrl":"http:\/\/ekkla.ch\/wp-content\/uploads\/2019\/07\/logo-1.svg","width":1,"height":1,"caption":"Ekkla"},"image":{"@id":"https:\/\/ekkla.ch\/#\/schema\/logo\/image\/"},"sameAs":["https:\/\/www.instagram.com\/ekkla_light\/"]}]}},"_links":{"self":[{"href":"https:\/\/ekkla.ch\/de\/wp-json\/wp\/v2\/product\/201806"}],"collection":[{"href":"https:\/\/ekkla.ch\/de\/wp-json\/wp\/v2\/product"}],"about":[{"href":"https:\/\/ekkla.ch\/de\/wp-json\/wp\/v2\/types\/product"}],"wp:featuredmedia":[{"embeddable":true,"href":"https:\/\/ekkla.ch\/de\/wp-json\/wp\/v2\/media\/202506"}],"wp:attachment":[{"href":"https:\/\/ekkla.ch\/de\/wp-json\/wp\/v2\/media?parent=201806"}],"wp:term":[{"taxonomy":"product_cat","embeddable":true,"href":"https:\/\/ekkla.ch\/de\/wp-json\/wp\/v2\/product_cat?post=201806"},{"taxonomy":"product_tag","embeddable":true,"href":"https:\/\/ekkla.ch\/de\/wp-json\/wp\/v2\/product_tag?post=201806"}],"curies":[{"name":"wp","href":"https:\/\/api.w.org\/{rel}","templated":true}]}}