{"id":201910,"date":"2024-11-14T06:06:13","date_gmt":"2024-11-14T05:06:13","guid":{"rendered":"https:\/\/ekkla.ch\/produit\/buffet-tv-audacious-eiche-white-sands-umage\/"},"modified":"2024-11-14T07:18:50","modified_gmt":"2024-11-14T06:18:50","slug":"buffet-tv-audacious-eiche-white-sands-umage","status":"publish","type":"product","link":"https:\/\/ekkla.ch\/de\/produit\/buffet-tv-audacious-eiche-white-sands-umage\/","title":{"rendered":"Buffet TV Audacious &#8211; Eiche &#8211; White Sands &#8211; Umage"},"content":{"rendered":"<p>Entdecken Sie eine Bank, die alles kann! Nutzen Sie sie als Sitzgelegenheit oder verstecken Sie Ihre audiovisuellen Ger\u00e4te unter dem Fernseher. Der clevere Kabelauslass sorgt f\u00fcr einen cleanen Look ohne sichtbare Kabel. Im Eingangsbereich ist sie der perfekte Ort, um Ihre Outdoor-Sachen zu verstauen, und eine Sitzgelegenheit, um Ihre Schuhe anzuziehen.<\/p>\n<p>Erh\u00e4ltlich in Natureiche, dunkler Eiche oder schwarzer Eiche, mit austauschbaren Vorhangt\u00fcren aus recyceltem Textil oder Kunstleder, f\u00fcr ein langlebiges Design, das Sie nach Belieben auffrischen k\u00f6nnen.<\/p>\n<blockquote>\n<h2>Merkmale &amp; Eigenschaften<\/h2>\n<div class=\"flex-1 overflow-hidden\">\n<div class=\"h-full\">\n<div class=\"react-scroll-to-bottom--css-fhlzq-79elbk h-full\">\n<div class=\"react-scroll-to-bottom--css-fhlzq-1n7m0yu\">\n<div class=\"flex flex-col text-sm md:pb-9\">\n<article class=\"w-full text-token-text-primary focus-visible:outline-2 focus-visible:outline-offset-[-4px]\" dir=\"auto\" data-testid=\"conversation-turn-11\" data-scroll-anchor=\"true\">\n<div class=\"m-auto text-base py-[18px] px-3 md:px-4 w-full md:px-5 lg:px-4 xl:px-5\">\n<div class=\"mx-auto flex flex-1 gap-4 text-base md:gap-5 lg:gap-6 md:max-w-3xl lg:max-w-[40rem] xl:max-w-[48rem]\">\n<div class=\"group\/conversation-turn relative flex w-full min-w-0 flex-col agent-turn\">\n<div class=\"flex-col gap-1 md:gap-3\">\n<div class=\"flex max-w-full flex-col flex-grow\">\n<div class=\"min-h-8 text-message flex w-full flex-col items-end gap-2 whitespace-normal break-words [.text-message+&amp;]:mt-5\" dir=\"auto\" data-message-author-role=\"assistant\" data-message-id=\"866d18de-5fd6-4732-a36b-3e79294d2f99\" data-message-model-slug=\"gpt-4o\">\n<div class=\"flex w-full flex-col gap-1 empty:hidden first:pt-[3px]\">\n<div class=\"markdown prose w-full break-words dark:prose-invert light\">\n<p><strong>Marke<\/strong> Umage<\/p>\n<p><strong>Farben<\/strong> Natur und Weiss<\/p>\n<\/div>\n<\/div>\n<\/div>\n<\/div>\n<\/div>\n<\/div>\n<\/div>\n<\/div>\n<\/article>\n<\/div>\n<\/div>\n<\/div>\n<\/div>\n<\/div>\n<p><strong>Materialien<\/strong> Eichenholz, Polyester, MDF, Stahl und Kunstleder<\/p>\n<p><strong>Tiefe (cm) <\/strong>46<\/p>\n<p><strong>H\u00f6he (cm) <\/strong>40<\/p>\n<p><strong>Breite (cm) <\/strong>140<\/p>\n<p><strong>Gewicht (kg) <\/strong>18.75<\/p><\/blockquote>\n","protected":false},"excerpt":{"rendered":"<p>Entdecken Sie eine Bank, die alles kann! Nutzen Sie sie als Sitzgelegenheit oder verstecken Sie Ihre audiovisuellen Ger\u00e4te unter dem Fernseher. Der clevere Kabelauslass sorgt f\u00fcr einen cleanen Look ohne sichtbare Kabel. Im Eingangsbereich ist sie der perfekte Ort, um Ihre Outdoor-Sachen zu verstauen, und eine Sitzgelegenheit, um Ihre Schuhe anzuziehen. Erh\u00e4ltlich in Natureiche, dunkler [&hellip;]<\/p>\n","protected":false},"featured_media":202710,"template":"","meta":{"_acf_changed":false,"om_disable_all_campaigns":false},"product_cat":[1062,964],"product_tag":[1258,898,1188,1265,801],"bundled_by":[],"bundle_stock_status":"onbackorder","bundle_stock_quantity":null,"bundle_virtual":false,"bundle_layout":"","bundle_add_to_cart_form_location":"","bundle_editable_in_cart":false,"bundle_sold_individually_context":"","bundle_item_grouping":"","bundle_min_size":"","bundle_max_size":"","bundle_price":[],"bundled_items":[],"bundle_sell_ids":[],"acf":[],"yoast_head":"<!-- This site is optimized with the Yoast SEO Premium plugin v22.2 (Yoast SEO v22.8) - https:\/\/yoast.com\/wordpress\/plugins\/seo\/ -->\n<title>Buffet TV Audacious I Eiche I White Sands I Umage I Ekkla<\/title>\n<meta name=\"description\" content=\"Entdecken Sie die vielseitige Bank aus Eichenholz mit austauschbaren Dreht\u00fcren, um Ihre Sachen zu ordnen oder Ihre AV-Ausr\u00fcstung zu kaschieren.\" \/>\n<meta name=\"robots\" content=\"index, follow, max-snippet:-1, max-image-preview:large, max-video-preview:-1\" \/>\n<link rel=\"canonical\" href=\"https:\/\/ekkla.ch\/de\/produit\/buffet-tv-audacious-eiche-white-sands-umage\/\" \/>\n<meta property=\"og:locale\" content=\"de_DE\" \/>\n<meta property=\"og:type\" content=\"article\" \/>\n<meta property=\"og:title\" content=\"Buffet TV Audacious - Eiche - White Sands - Umage\" \/>\n<meta property=\"og:description\" content=\"Entdecken Sie die vielseitige Bank aus Eichenholz mit austauschbaren Dreht\u00fcren, um Ihre Sachen zu ordnen oder Ihre AV-Ausr\u00fcstung zu kaschieren.\" \/>\n<meta property=\"og:url\" content=\"https:\/\/ekkla.ch\/de\/produit\/buffet-tv-audacious-eiche-white-sands-umage\/\" \/>\n<meta property=\"og:site_name\" content=\"Ekkla\" \/>\n<meta property=\"article:modified_time\" content=\"2024-11-14T06:18:50+00:00\" \/>\n<meta name=\"twitter:card\" content=\"summary_large_image\" \/>\n<meta name=\"twitter:label1\" content=\"Gesch\u00e4tzte Lesezeit\" \/>\n\t<meta name=\"twitter:data1\" content=\"1\u00a0Minute\" \/>\n<script type=\"application\/ld+json\" class=\"yoast-schema-graph\">{\"@context\":\"https:\/\/schema.org\",\"@graph\":[{\"@type\":\"WebPage\",\"@id\":\"https:\/\/ekkla.ch\/de\/produit\/buffet-tv-audacious-eiche-white-sands-umage\/\",\"url\":\"https:\/\/ekkla.ch\/de\/produit\/buffet-tv-audacious-eiche-white-sands-umage\/\",\"name\":\"Buffet TV Audacious I Eiche I White Sands I Umage I Ekkla\",\"isPartOf\":{\"@id\":\"https:\/\/ekkla.ch\/#website\"},\"primaryImageOfPage\":{\"@id\":\"https:\/\/ekkla.ch\/de\/produit\/buffet-tv-audacious-eiche-white-sands-umage\/#primaryimage\"},\"image\":{\"@id\":\"https:\/\/ekkla.ch\/de\/produit\/buffet-tv-audacious-eiche-white-sands-umage\/#primaryimage\"},\"thumbnailUrl\":\"https:\/\/ekkla.ch\/wp-content\/uploads\/2024\/11\/ekkla-luminaires-meubles-umage_0215_UMAGE_packshot_5601_707-02_Audacious_tvbench_oak_whitesands_e6c16e75-5d2c-4e8c-8b1e-.jpg\",\"datePublished\":\"2024-11-14T05:06:13+00:00\",\"dateModified\":\"2024-11-14T06:18:50+00:00\",\"description\":\"Entdecken Sie die vielseitige Bank aus Eichenholz mit austauschbaren Dreht\u00fcren, um Ihre Sachen zu ordnen oder Ihre AV-Ausr\u00fcstung zu kaschieren.\",\"breadcrumb\":{\"@id\":\"https:\/\/ekkla.ch\/de\/produit\/buffet-tv-audacious-eiche-white-sands-umage\/#breadcrumb\"},\"inLanguage\":\"de\",\"potentialAction\":[{\"@type\":\"ReadAction\",\"target\":[\"https:\/\/ekkla.ch\/de\/produit\/buffet-tv-audacious-eiche-white-sands-umage\/\"]}]},{\"@type\":\"ImageObject\",\"inLanguage\":\"de\",\"@id\":\"https:\/\/ekkla.ch\/de\/produit\/buffet-tv-audacious-eiche-white-sands-umage\/#primaryimage\",\"url\":\"https:\/\/ekkla.ch\/wp-content\/uploads\/2024\/11\/ekkla-luminaires-meubles-umage_0215_UMAGE_packshot_5601_707-02_Audacious_tvbench_oak_whitesands_e6c16e75-5d2c-4e8c-8b1e-.jpg\",\"contentUrl\":\"https:\/\/ekkla.ch\/wp-content\/uploads\/2024\/11\/ekkla-luminaires-meubles-umage_0215_UMAGE_packshot_5601_707-02_Audacious_tvbench_oak_whitesands_e6c16e75-5d2c-4e8c-8b1e-.jpg\",\"width\":900,\"height\":900},{\"@type\":\"BreadcrumbList\",\"@id\":\"https:\/\/ekkla.ch\/de\/produit\/buffet-tv-audacious-eiche-white-sands-umage\/#breadcrumb\",\"itemListElement\":[{\"@type\":\"ListItem\",\"position\":1,\"name\":\"Home\",\"item\":\"https:\/\/ekkla.ch\/de\/\"},{\"@type\":\"ListItem\",\"position\":2,\"name\":\"Shop\",\"item\":\"https:\/\/ekkla.ch\/de\/shop\/\"},{\"@type\":\"ListItem\",\"position\":3,\"name\":\"Buffet TV Audacious - Eiche - White Sands - Umage\"}]},{\"@type\":\"WebSite\",\"@id\":\"https:\/\/ekkla.ch\/#website\",\"url\":\"https:\/\/ekkla.ch\/\",\"name\":\"Ekkla\",\"description\":\"Der Onlineshop f\u00fcr Beleuchtung\",\"publisher\":{\"@id\":\"https:\/\/ekkla.ch\/#organization\"},\"potentialAction\":[{\"@type\":\"SearchAction\",\"target\":{\"@type\":\"EntryPoint\",\"urlTemplate\":\"https:\/\/ekkla.ch\/?s={search_term_string}\"},\"query-input\":\"required name=search_term_string\"}],\"inLanguage\":\"de\"},{\"@type\":\"Organization\",\"@id\":\"https:\/\/ekkla.ch\/#organization\",\"name\":\"Ekkla\",\"url\":\"https:\/\/ekkla.ch\/\",\"logo\":{\"@type\":\"ImageObject\",\"inLanguage\":\"de\",\"@id\":\"https:\/\/ekkla.ch\/#\/schema\/logo\/image\/\",\"url\":\"http:\/\/ekkla.ch\/wp-content\/uploads\/2019\/07\/logo-1.svg\",\"contentUrl\":\"http:\/\/ekkla.ch\/wp-content\/uploads\/2019\/07\/logo-1.svg\",\"width\":1,\"height\":1,\"caption\":\"Ekkla\"},\"image\":{\"@id\":\"https:\/\/ekkla.ch\/#\/schema\/logo\/image\/\"},\"sameAs\":[\"https:\/\/www.instagram.com\/ekkla_light\/\"]}]}<\/script>\n<!-- \/ Yoast SEO Premium plugin. -->","yoast_head_json":{"title":"Buffet TV Audacious I Eiche I White Sands I Umage I Ekkla","description":"Entdecken Sie die vielseitige Bank aus Eichenholz mit austauschbaren Dreht\u00fcren, um Ihre Sachen zu ordnen oder Ihre AV-Ausr\u00fcstung zu kaschieren.","robots":{"index":"index","follow":"follow","max-snippet":"max-snippet:-1","max-image-preview":"max-image-preview:large","max-video-preview":"max-video-preview:-1"},"canonical":"https:\/\/ekkla.ch\/de\/produit\/buffet-tv-audacious-eiche-white-sands-umage\/","og_locale":"de_DE","og_type":"article","og_title":"Buffet TV Audacious - Eiche - White Sands - Umage","og_description":"Entdecken Sie die vielseitige Bank aus Eichenholz mit austauschbaren Dreht\u00fcren, um Ihre Sachen zu ordnen oder Ihre AV-Ausr\u00fcstung zu kaschieren.","og_url":"https:\/\/ekkla.ch\/de\/produit\/buffet-tv-audacious-eiche-white-sands-umage\/","og_site_name":"Ekkla","article_modified_time":"2024-11-14T06:18:50+00:00","twitter_card":"summary_large_image","twitter_misc":{"Gesch\u00e4tzte Lesezeit":"1\u00a0Minute"},"schema":{"@context":"https:\/\/schema.org","@graph":[{"@type":"WebPage","@id":"https:\/\/ekkla.ch\/de\/produit\/buffet-tv-audacious-eiche-white-sands-umage\/","url":"https:\/\/ekkla.ch\/de\/produit\/buffet-tv-audacious-eiche-white-sands-umage\/","name":"Buffet TV Audacious I Eiche I White Sands I Umage I Ekkla","isPartOf":{"@id":"https:\/\/ekkla.ch\/#website"},"primaryImageOfPage":{"@id":"https:\/\/ekkla.ch\/de\/produit\/buffet-tv-audacious-eiche-white-sands-umage\/#primaryimage"},"image":{"@id":"https:\/\/ekkla.ch\/de\/produit\/buffet-tv-audacious-eiche-white-sands-umage\/#primaryimage"},"thumbnailUrl":"https:\/\/ekkla.ch\/wp-content\/uploads\/2024\/11\/ekkla-luminaires-meubles-umage_0215_UMAGE_packshot_5601_707-02_Audacious_tvbench_oak_whitesands_e6c16e75-5d2c-4e8c-8b1e-.jpg","datePublished":"2024-11-14T05:06:13+00:00","dateModified":"2024-11-14T06:18:50+00:00","description":"Entdecken Sie die vielseitige Bank aus Eichenholz mit austauschbaren Dreht\u00fcren, um Ihre Sachen zu ordnen oder Ihre AV-Ausr\u00fcstung zu kaschieren.","breadcrumb":{"@id":"https:\/\/ekkla.ch\/de\/produit\/buffet-tv-audacious-eiche-white-sands-umage\/#breadcrumb"},"inLanguage":"de","potentialAction":[{"@type":"ReadAction","target":["https:\/\/ekkla.ch\/de\/produit\/buffet-tv-audacious-eiche-white-sands-umage\/"]}]},{"@type":"ImageObject","inLanguage":"de","@id":"https:\/\/ekkla.ch\/de\/produit\/buffet-tv-audacious-eiche-white-sands-umage\/#primaryimage","url":"https:\/\/ekkla.ch\/wp-content\/uploads\/2024\/11\/ekkla-luminaires-meubles-umage_0215_UMAGE_packshot_5601_707-02_Audacious_tvbench_oak_whitesands_e6c16e75-5d2c-4e8c-8b1e-.jpg","contentUrl":"https:\/\/ekkla.ch\/wp-content\/uploads\/2024\/11\/ekkla-luminaires-meubles-umage_0215_UMAGE_packshot_5601_707-02_Audacious_tvbench_oak_whitesands_e6c16e75-5d2c-4e8c-8b1e-.jpg","width":900,"height":900},{"@type":"BreadcrumbList","@id":"https:\/\/ekkla.ch\/de\/produit\/buffet-tv-audacious-eiche-white-sands-umage\/#breadcrumb","itemListElement":[{"@type":"ListItem","position":1,"name":"Home","item":"https:\/\/ekkla.ch\/de\/"},{"@type":"ListItem","position":2,"name":"Shop","item":"https:\/\/ekkla.ch\/de\/shop\/"},{"@type":"ListItem","position":3,"name":"Buffet TV Audacious - Eiche - White Sands - Umage"}]},{"@type":"WebSite","@id":"https:\/\/ekkla.ch\/#website","url":"https:\/\/ekkla.ch\/","name":"Ekkla","description":"Der Onlineshop f\u00fcr Beleuchtung","publisher":{"@id":"https:\/\/ekkla.ch\/#organization"},"potentialAction":[{"@type":"SearchAction","target":{"@type":"EntryPoint","urlTemplate":"https:\/\/ekkla.ch\/?s={search_term_string}"},"query-input":"required name=search_term_string"}],"inLanguage":"de"},{"@type":"Organization","@id":"https:\/\/ekkla.ch\/#organization","name":"Ekkla","url":"https:\/\/ekkla.ch\/","logo":{"@type":"ImageObject","inLanguage":"de","@id":"https:\/\/ekkla.ch\/#\/schema\/logo\/image\/","url":"http:\/\/ekkla.ch\/wp-content\/uploads\/2019\/07\/logo-1.svg","contentUrl":"http:\/\/ekkla.ch\/wp-content\/uploads\/2019\/07\/logo-1.svg","width":1,"height":1,"caption":"Ekkla"},"image":{"@id":"https:\/\/ekkla.ch\/#\/schema\/logo\/image\/"},"sameAs":["https:\/\/www.instagram.com\/ekkla_light\/"]}]}},"_links":{"self":[{"href":"https:\/\/ekkla.ch\/de\/wp-json\/wp\/v2\/product\/201910"}],"collection":[{"href":"https:\/\/ekkla.ch\/de\/wp-json\/wp\/v2\/product"}],"about":[{"href":"https:\/\/ekkla.ch\/de\/wp-json\/wp\/v2\/types\/product"}],"wp:featuredmedia":[{"embeddable":true,"href":"https:\/\/ekkla.ch\/de\/wp-json\/wp\/v2\/media\/202710"}],"wp:attachment":[{"href":"https:\/\/ekkla.ch\/de\/wp-json\/wp\/v2\/media?parent=201910"}],"wp:term":[{"taxonomy":"product_cat","embeddable":true,"href":"https:\/\/ekkla.ch\/de\/wp-json\/wp\/v2\/product_cat?post=201910"},{"taxonomy":"product_tag","embeddable":true,"href":"https:\/\/ekkla.ch\/de\/wp-json\/wp\/v2\/product_tag?post=201910"}],"curies":[{"name":"wp","href":"https:\/\/api.w.org\/{rel}","templated":true}]}}