{"id":201947,"date":"2024-11-14T17:52:44","date_gmt":"2024-11-14T16:52:44","guid":{"rendered":"https:\/\/ekkla.ch\/produit\/esstisch-heartnsoul-eiche-umage\/"},"modified":"2024-11-15T05:16:25","modified_gmt":"2024-11-15T04:16:25","slug":"esstisch-heartnsoul-eiche-umage","status":"publish","type":"product","link":"https:\/\/ekkla.ch\/de\/produit\/esstisch-heartnsoul-eiche-umage\/","title":{"rendered":"Esstisch Heart&#8217;n&#8217;Soul &#8211; Eiche &#8211; Umage"},"content":{"rendered":"<p>Entdecken Sie den Esstisch Heart&#8217;n&#8217;Soul, bei dem sich Stil und Funktionalit\u00e4t vereinen. Sein schlichtes Design und die Stoffschubladen an den Enden erm\u00f6glichen eine einfache und diskrete Aufbewahrung. Die Verl\u00e4ngerungen, die unter der Tischplatte integriert sind, lassen sich sicher befestigen und bieten Platz f\u00fcr bis zu 12 G\u00e4ste &#8211; perfekt f\u00fcr grosse Versammlungen.<\/p>\n<p>Erh\u00e4ltlich in Eiche, dunkler Eiche und schwarzer Eiche, mit FENIX\u00ae-Optionen f\u00fcr eine kratzfeste und fleckenabweisende Oberfl\u00e4che, bietet er einen modernen Touch, der die Zeit \u00fcberdauert.<\/p>\n<blockquote>\n<h2>Merkmale &amp; Eigenschaften<\/h2>\n<p><strong>Marke<\/strong> Umage<\/p>\n<p><strong>Farbe<\/strong>\u00a0Natur<\/p>\n<p><strong>Materialien<\/strong> Eiche, MDF und Stahl<\/p>\n<p><strong>H\u00f6he (cm)<\/strong> 75<\/p>\n<p><strong>Breite (cm) <\/strong>200-330<\/p>\n<p><strong>Tiefe (cm<\/strong>) 90<\/p>\n<p><strong>Gewicht (kg)<\/strong> 75<\/p><\/blockquote>\n","protected":false},"excerpt":{"rendered":"<p>Entdecken Sie den Esstisch Heart&#8217;n&#8217;Soul, bei dem sich Stil und Funktionalit\u00e4t vereinen. Sein schlichtes Design und die Stoffschubladen an den Enden erm\u00f6glichen eine einfache und diskrete Aufbewahrung. Die Verl\u00e4ngerungen, die unter der Tischplatte integriert sind, lassen sich sicher befestigen und bieten Platz f\u00fcr bis zu 12 G\u00e4ste &#8211; perfekt f\u00fcr grosse Versammlungen. Erh\u00e4ltlich in Eiche, [&hellip;]<\/p>\n","protected":false},"featured_media":202892,"template":"","meta":{"_acf_changed":false,"om_disable_all_campaigns":false},"product_cat":[970],"product_tag":[1258,898,1188,1265,801],"bundled_by":[],"bundle_stock_status":"onbackorder","bundle_stock_quantity":null,"bundle_virtual":false,"bundle_layout":"","bundle_add_to_cart_form_location":"","bundle_editable_in_cart":false,"bundle_sold_individually_context":"","bundle_item_grouping":"","bundle_min_size":"","bundle_max_size":"","bundle_price":[],"bundled_items":[],"bundle_sell_ids":[],"acf":[],"yoast_head":"<!-- This site is optimized with the Yoast SEO Premium plugin v22.2 (Yoast SEO v22.8) - https:\/\/yoast.com\/wordpress\/plugins\/seo\/ -->\n<title>Heart&#039;n&#039;Soul Esstisch I Eiche I Umage I Ekkla<\/title>\n<meta name=\"description\" content=\"Ausziehbarer Esstisch Heart&#039;n&#039;Soul: schlichtes Design, strapazierf\u00e4hige Oberfl\u00e4che aus Eiche oder FENIX\u00ae, perfekt, um Ihren Raum zu veredeln.\" \/>\n<meta name=\"robots\" content=\"index, follow, max-snippet:-1, max-image-preview:large, max-video-preview:-1\" \/>\n<link rel=\"canonical\" href=\"https:\/\/ekkla.ch\/de\/produit\/esstisch-heartnsoul-eiche-umage\/\" \/>\n<meta property=\"og:locale\" content=\"de_DE\" \/>\n<meta property=\"og:type\" content=\"article\" \/>\n<meta property=\"og:title\" content=\"Esstisch Heart&#039;n&#039;Soul - Eiche - Umage\" \/>\n<meta property=\"og:description\" content=\"Ausziehbarer Esstisch Heart&#039;n&#039;Soul: schlichtes Design, strapazierf\u00e4hige Oberfl\u00e4che aus Eiche oder FENIX\u00ae, perfekt, um Ihren Raum zu veredeln.\" \/>\n<meta property=\"og:url\" content=\"https:\/\/ekkla.ch\/de\/produit\/esstisch-heartnsoul-eiche-umage\/\" \/>\n<meta property=\"og:site_name\" content=\"Ekkla\" \/>\n<meta property=\"article:modified_time\" content=\"2024-11-15T04:16:25+00:00\" \/>\n<meta name=\"twitter:card\" content=\"summary_large_image\" \/>\n<meta name=\"twitter:label1\" content=\"Gesch\u00e4tzte Lesezeit\" \/>\n\t<meta name=\"twitter:data1\" content=\"1\u00a0Minute\" \/>\n<script type=\"application\/ld+json\" class=\"yoast-schema-graph\">{\"@context\":\"https:\/\/schema.org\",\"@graph\":[{\"@type\":\"WebPage\",\"@id\":\"https:\/\/ekkla.ch\/de\/produit\/esstisch-heartnsoul-eiche-umage\/\",\"url\":\"https:\/\/ekkla.ch\/de\/produit\/esstisch-heartnsoul-eiche-umage\/\",\"name\":\"Heart'n'Soul Esstisch I Eiche I Umage I Ekkla\",\"isPartOf\":{\"@id\":\"https:\/\/ekkla.ch\/#website\"},\"primaryImageOfPage\":{\"@id\":\"https:\/\/ekkla.ch\/de\/produit\/esstisch-heartnsoul-eiche-umage\/#primaryimage\"},\"image\":{\"@id\":\"https:\/\/ekkla.ch\/de\/produit\/esstisch-heartnsoul-eiche-umage\/#primaryimage\"},\"thumbnailUrl\":\"https:\/\/ekkla.ch\/wp-content\/uploads\/2024\/11\/ekkla-luminaires-meubles-umage_0306_UMAGE_packshot_5658_Heart-n-Soul_dining-table_oak.jpg\",\"datePublished\":\"2024-11-14T16:52:44+00:00\",\"dateModified\":\"2024-11-15T04:16:25+00:00\",\"description\":\"Ausziehbarer Esstisch Heart'n'Soul: schlichtes Design, strapazierf\u00e4hige Oberfl\u00e4che aus Eiche oder FENIX\u00ae, perfekt, um Ihren Raum zu veredeln.\",\"breadcrumb\":{\"@id\":\"https:\/\/ekkla.ch\/de\/produit\/esstisch-heartnsoul-eiche-umage\/#breadcrumb\"},\"inLanguage\":\"de\",\"potentialAction\":[{\"@type\":\"ReadAction\",\"target\":[\"https:\/\/ekkla.ch\/de\/produit\/esstisch-heartnsoul-eiche-umage\/\"]}]},{\"@type\":\"ImageObject\",\"inLanguage\":\"de\",\"@id\":\"https:\/\/ekkla.ch\/de\/produit\/esstisch-heartnsoul-eiche-umage\/#primaryimage\",\"url\":\"https:\/\/ekkla.ch\/wp-content\/uploads\/2024\/11\/ekkla-luminaires-meubles-umage_0306_UMAGE_packshot_5658_Heart-n-Soul_dining-table_oak.jpg\",\"contentUrl\":\"https:\/\/ekkla.ch\/wp-content\/uploads\/2024\/11\/ekkla-luminaires-meubles-umage_0306_UMAGE_packshot_5658_Heart-n-Soul_dining-table_oak.jpg\",\"width\":900,\"height\":900},{\"@type\":\"BreadcrumbList\",\"@id\":\"https:\/\/ekkla.ch\/de\/produit\/esstisch-heartnsoul-eiche-umage\/#breadcrumb\",\"itemListElement\":[{\"@type\":\"ListItem\",\"position\":1,\"name\":\"Home\",\"item\":\"https:\/\/ekkla.ch\/de\/\"},{\"@type\":\"ListItem\",\"position\":2,\"name\":\"Shop\",\"item\":\"https:\/\/ekkla.ch\/de\/shop\/\"},{\"@type\":\"ListItem\",\"position\":3,\"name\":\"Esstisch Heart&rsquo;n&rsquo;Soul &#8211; Eiche &#8211; Umage\"}]},{\"@type\":\"WebSite\",\"@id\":\"https:\/\/ekkla.ch\/#website\",\"url\":\"https:\/\/ekkla.ch\/\",\"name\":\"Ekkla\",\"description\":\"Der Onlineshop f\u00fcr Beleuchtung\",\"publisher\":{\"@id\":\"https:\/\/ekkla.ch\/#organization\"},\"potentialAction\":[{\"@type\":\"SearchAction\",\"target\":{\"@type\":\"EntryPoint\",\"urlTemplate\":\"https:\/\/ekkla.ch\/?s={search_term_string}\"},\"query-input\":\"required name=search_term_string\"}],\"inLanguage\":\"de\"},{\"@type\":\"Organization\",\"@id\":\"https:\/\/ekkla.ch\/#organization\",\"name\":\"Ekkla\",\"url\":\"https:\/\/ekkla.ch\/\",\"logo\":{\"@type\":\"ImageObject\",\"inLanguage\":\"de\",\"@id\":\"https:\/\/ekkla.ch\/#\/schema\/logo\/image\/\",\"url\":\"http:\/\/ekkla.ch\/wp-content\/uploads\/2019\/07\/logo-1.svg\",\"contentUrl\":\"http:\/\/ekkla.ch\/wp-content\/uploads\/2019\/07\/logo-1.svg\",\"width\":1,\"height\":1,\"caption\":\"Ekkla\"},\"image\":{\"@id\":\"https:\/\/ekkla.ch\/#\/schema\/logo\/image\/\"},\"sameAs\":[\"https:\/\/www.instagram.com\/ekkla_light\/\"]}]}<\/script>\n<!-- \/ Yoast SEO Premium plugin. -->","yoast_head_json":{"title":"Heart'n'Soul Esstisch I Eiche I Umage I Ekkla","description":"Ausziehbarer Esstisch Heart'n'Soul: schlichtes Design, strapazierf\u00e4hige Oberfl\u00e4che aus Eiche oder FENIX\u00ae, perfekt, um Ihren Raum zu veredeln.","robots":{"index":"index","follow":"follow","max-snippet":"max-snippet:-1","max-image-preview":"max-image-preview:large","max-video-preview":"max-video-preview:-1"},"canonical":"https:\/\/ekkla.ch\/de\/produit\/esstisch-heartnsoul-eiche-umage\/","og_locale":"de_DE","og_type":"article","og_title":"Esstisch Heart'n'Soul - Eiche - Umage","og_description":"Ausziehbarer Esstisch Heart'n'Soul: schlichtes Design, strapazierf\u00e4hige Oberfl\u00e4che aus Eiche oder FENIX\u00ae, perfekt, um Ihren Raum zu veredeln.","og_url":"https:\/\/ekkla.ch\/de\/produit\/esstisch-heartnsoul-eiche-umage\/","og_site_name":"Ekkla","article_modified_time":"2024-11-15T04:16:25+00:00","twitter_card":"summary_large_image","twitter_misc":{"Gesch\u00e4tzte Lesezeit":"1\u00a0Minute"},"schema":{"@context":"https:\/\/schema.org","@graph":[{"@type":"WebPage","@id":"https:\/\/ekkla.ch\/de\/produit\/esstisch-heartnsoul-eiche-umage\/","url":"https:\/\/ekkla.ch\/de\/produit\/esstisch-heartnsoul-eiche-umage\/","name":"Heart'n'Soul Esstisch I Eiche I Umage I Ekkla","isPartOf":{"@id":"https:\/\/ekkla.ch\/#website"},"primaryImageOfPage":{"@id":"https:\/\/ekkla.ch\/de\/produit\/esstisch-heartnsoul-eiche-umage\/#primaryimage"},"image":{"@id":"https:\/\/ekkla.ch\/de\/produit\/esstisch-heartnsoul-eiche-umage\/#primaryimage"},"thumbnailUrl":"https:\/\/ekkla.ch\/wp-content\/uploads\/2024\/11\/ekkla-luminaires-meubles-umage_0306_UMAGE_packshot_5658_Heart-n-Soul_dining-table_oak.jpg","datePublished":"2024-11-14T16:52:44+00:00","dateModified":"2024-11-15T04:16:25+00:00","description":"Ausziehbarer Esstisch Heart'n'Soul: schlichtes Design, strapazierf\u00e4hige Oberfl\u00e4che aus Eiche oder FENIX\u00ae, perfekt, um Ihren Raum zu veredeln.","breadcrumb":{"@id":"https:\/\/ekkla.ch\/de\/produit\/esstisch-heartnsoul-eiche-umage\/#breadcrumb"},"inLanguage":"de","potentialAction":[{"@type":"ReadAction","target":["https:\/\/ekkla.ch\/de\/produit\/esstisch-heartnsoul-eiche-umage\/"]}]},{"@type":"ImageObject","inLanguage":"de","@id":"https:\/\/ekkla.ch\/de\/produit\/esstisch-heartnsoul-eiche-umage\/#primaryimage","url":"https:\/\/ekkla.ch\/wp-content\/uploads\/2024\/11\/ekkla-luminaires-meubles-umage_0306_UMAGE_packshot_5658_Heart-n-Soul_dining-table_oak.jpg","contentUrl":"https:\/\/ekkla.ch\/wp-content\/uploads\/2024\/11\/ekkla-luminaires-meubles-umage_0306_UMAGE_packshot_5658_Heart-n-Soul_dining-table_oak.jpg","width":900,"height":900},{"@type":"BreadcrumbList","@id":"https:\/\/ekkla.ch\/de\/produit\/esstisch-heartnsoul-eiche-umage\/#breadcrumb","itemListElement":[{"@type":"ListItem","position":1,"name":"Home","item":"https:\/\/ekkla.ch\/de\/"},{"@type":"ListItem","position":2,"name":"Shop","item":"https:\/\/ekkla.ch\/de\/shop\/"},{"@type":"ListItem","position":3,"name":"Esstisch Heart&rsquo;n&rsquo;Soul &#8211; Eiche &#8211; Umage"}]},{"@type":"WebSite","@id":"https:\/\/ekkla.ch\/#website","url":"https:\/\/ekkla.ch\/","name":"Ekkla","description":"Der Onlineshop f\u00fcr Beleuchtung","publisher":{"@id":"https:\/\/ekkla.ch\/#organization"},"potentialAction":[{"@type":"SearchAction","target":{"@type":"EntryPoint","urlTemplate":"https:\/\/ekkla.ch\/?s={search_term_string}"},"query-input":"required name=search_term_string"}],"inLanguage":"de"},{"@type":"Organization","@id":"https:\/\/ekkla.ch\/#organization","name":"Ekkla","url":"https:\/\/ekkla.ch\/","logo":{"@type":"ImageObject","inLanguage":"de","@id":"https:\/\/ekkla.ch\/#\/schema\/logo\/image\/","url":"http:\/\/ekkla.ch\/wp-content\/uploads\/2019\/07\/logo-1.svg","contentUrl":"http:\/\/ekkla.ch\/wp-content\/uploads\/2019\/07\/logo-1.svg","width":1,"height":1,"caption":"Ekkla"},"image":{"@id":"https:\/\/ekkla.ch\/#\/schema\/logo\/image\/"},"sameAs":["https:\/\/www.instagram.com\/ekkla_light\/"]}]}},"_links":{"self":[{"href":"https:\/\/ekkla.ch\/de\/wp-json\/wp\/v2\/product\/201947"}],"collection":[{"href":"https:\/\/ekkla.ch\/de\/wp-json\/wp\/v2\/product"}],"about":[{"href":"https:\/\/ekkla.ch\/de\/wp-json\/wp\/v2\/types\/product"}],"wp:featuredmedia":[{"embeddable":true,"href":"https:\/\/ekkla.ch\/de\/wp-json\/wp\/v2\/media\/202892"}],"wp:attachment":[{"href":"https:\/\/ekkla.ch\/de\/wp-json\/wp\/v2\/media?parent=201947"}],"wp:term":[{"taxonomy":"product_cat","embeddable":true,"href":"https:\/\/ekkla.ch\/de\/wp-json\/wp\/v2\/product_cat?post=201947"},{"taxonomy":"product_tag","embeddable":true,"href":"https:\/\/ekkla.ch\/de\/wp-json\/wp\/v2\/product_tag?post=201947"}],"curies":[{"name":"wp","href":"https:\/\/api.w.org\/{rel}","templated":true}]}}