{"id":201988,"date":"2024-11-15T06:00:55","date_gmt":"2024-11-15T05:00:55","guid":{"rendered":"https:\/\/ekkla.ch\/produit\/curious-stuhl-eiche-mit-kissen-curry-sun-schwarze-beine-umage\/"},"modified":"2024-11-15T19:22:20","modified_gmt":"2024-11-15T18:22:20","slug":"curious-stuhl-eiche-mit-kissen-curry-sun-schwarze-beine-umage","status":"publish","type":"product","link":"https:\/\/ekkla.ch\/de\/produit\/curious-stuhl-eiche-mit-kissen-curry-sun-schwarze-beine-umage\/","title":{"rendered":"Curious Stuhl &#8211; Eiche mit Kissen Curry Sun &#8211; Schwarze Beine &#8211; Umage"},"content":{"rendered":"<p>Curious ist ein stapelbarer Stuhl mit minimalistischem, leichtem und elegantem Design in Eichenfurnier. Er ist mit Messing- oder schwarzen Beinen erh\u00e4ltlich und bietet die M\u00f6glichkeit, ein Sitzkissen in einer breiten Farbpalette hinzuzuf\u00fcgen, um den Komfort zu erh\u00f6hen.<\/p>\n<p>Perfekt f\u00fcr jeden Raum, passt er in ein Esszimmer, ein Schlafzimmer oder als Beistellstuhl und bringt Stil und Komfort in Ihr Zuhause.<\/p>\n<blockquote>\n<h2>Merkmale &amp; Eigenschaften<\/h2>\n<p><strong>Marke<\/strong> Umage<\/p>\n<p><strong>Farben<\/strong> Natur, Gelb und Schwarz<\/p>\n<p><strong>Materialien<\/strong> Sperrholz, Stahl und Polyester<\/p>\n<p><strong>H\u00f6he (cm)<\/strong> 77.5<\/p>\n<p><strong>Breite (cm) <\/strong>43<\/p>\n<p><strong>Tiefe (cm<\/strong>) 48<\/p>\n<p><strong>Gewicht (kg)<\/strong> 4.7<\/p><\/blockquote>\n","protected":false},"excerpt":{"rendered":"<p>Curious ist ein stapelbarer Stuhl mit minimalistischem, leichtem und elegantem Design in Eichenfurnier. Er ist mit Messing- oder schwarzen Beinen erh\u00e4ltlich und bietet die M\u00f6glichkeit, ein Sitzkissen in einer breiten Farbpalette hinzuzuf\u00fcgen, um den Komfort zu erh\u00f6hen. Perfekt f\u00fcr jeden Raum, passt er in ein Esszimmer, ein Schlafzimmer oder als Beistellstuhl und bringt Stil und [&hellip;]<\/p>\n","protected":false},"featured_media":202522,"template":"","meta":{"_acf_changed":false,"om_disable_all_campaigns":false},"product_cat":[968],"product_tag":[1258,898,1188,1265,801],"bundled_by":[],"bundle_stock_status":"onbackorder","bundle_stock_quantity":null,"bundle_virtual":false,"bundle_layout":"","bundle_add_to_cart_form_location":"","bundle_editable_in_cart":false,"bundle_sold_individually_context":"","bundle_item_grouping":"","bundle_min_size":"","bundle_max_size":"","bundle_price":[],"bundled_items":[],"bundle_sell_ids":[],"acf":[],"yoast_head":"<!-- This site is optimized with the Yoast SEO Premium plugin v22.2 (Yoast SEO v22.8) - https:\/\/yoast.com\/wordpress\/plugins\/seo\/ -->\n<title>Stuhl Curious I Eiche &amp; Curry Sun I Schwarze Beine I Umage<\/title>\n<meta name=\"description\" content=\"Entdecken Sie den Curious Stuhl: minimalistisches Design aus Eichenholz, Beine aus Messing oder Schwarz, mit Sitzkissen f\u00fcr optimalen Komfort.\" \/>\n<meta name=\"robots\" content=\"index, follow, max-snippet:-1, max-image-preview:large, max-video-preview:-1\" \/>\n<link rel=\"canonical\" href=\"https:\/\/ekkla.ch\/de\/produit\/curious-stuhl-eiche-mit-kissen-curry-sun-schwarze-beine-umage\/\" \/>\n<meta property=\"og:locale\" content=\"de_DE\" \/>\n<meta property=\"og:type\" content=\"article\" \/>\n<meta property=\"og:title\" content=\"Curious Stuhl - Eiche mit Kissen Curry Sun - Schwarze Beine - Umage\" \/>\n<meta property=\"og:description\" content=\"Entdecken Sie den Curious Stuhl: minimalistisches Design aus Eichenholz, Beine aus Messing oder Schwarz, mit Sitzkissen f\u00fcr optimalen Komfort.\" \/>\n<meta property=\"og:url\" content=\"https:\/\/ekkla.ch\/de\/produit\/curious-stuhl-eiche-mit-kissen-curry-sun-schwarze-beine-umage\/\" \/>\n<meta property=\"og:site_name\" content=\"Ekkla\" \/>\n<meta property=\"article:modified_time\" content=\"2024-11-15T18:22:20+00:00\" \/>\n<meta name=\"twitter:card\" content=\"summary_large_image\" \/>\n<meta name=\"twitter:label1\" content=\"Gesch\u00e4tzte Lesezeit\" \/>\n\t<meta name=\"twitter:data1\" content=\"1\u00a0Minute\" \/>\n<script type=\"application\/ld+json\" class=\"yoast-schema-graph\">{\"@context\":\"https:\/\/schema.org\",\"@graph\":[{\"@type\":\"WebPage\",\"@id\":\"https:\/\/ekkla.ch\/de\/produit\/curious-stuhl-eiche-mit-kissen-curry-sun-schwarze-beine-umage\/\",\"url\":\"https:\/\/ekkla.ch\/de\/produit\/curious-stuhl-eiche-mit-kissen-curry-sun-schwarze-beine-umage\/\",\"name\":\"Stuhl Curious I Eiche & Curry Sun I Schwarze Beine I Umage\",\"isPartOf\":{\"@id\":\"https:\/\/ekkla.ch\/#website\"},\"primaryImageOfPage\":{\"@id\":\"https:\/\/ekkla.ch\/de\/produit\/curious-stuhl-eiche-mit-kissen-curry-sun-schwarze-beine-umage\/#primaryimage\"},\"image\":{\"@id\":\"https:\/\/ekkla.ch\/de\/produit\/curious-stuhl-eiche-mit-kissen-curry-sun-schwarze-beine-umage\/#primaryimage\"},\"thumbnailUrl\":\"https:\/\/ekkla.ch\/wp-content\/uploads\/2024\/11\/ekkla-luminaires-meubles-umage_0121_UMAGE_packshot_5916-3C719-09_Curious_oak_black_curry-sun_2.jpg\",\"datePublished\":\"2024-11-15T05:00:55+00:00\",\"dateModified\":\"2024-11-15T18:22:20+00:00\",\"description\":\"Entdecken Sie den Curious Stuhl: minimalistisches Design aus Eichenholz, Beine aus Messing oder Schwarz, mit Sitzkissen f\u00fcr optimalen Komfort.\",\"breadcrumb\":{\"@id\":\"https:\/\/ekkla.ch\/de\/produit\/curious-stuhl-eiche-mit-kissen-curry-sun-schwarze-beine-umage\/#breadcrumb\"},\"inLanguage\":\"de\",\"potentialAction\":[{\"@type\":\"ReadAction\",\"target\":[\"https:\/\/ekkla.ch\/de\/produit\/curious-stuhl-eiche-mit-kissen-curry-sun-schwarze-beine-umage\/\"]}]},{\"@type\":\"ImageObject\",\"inLanguage\":\"de\",\"@id\":\"https:\/\/ekkla.ch\/de\/produit\/curious-stuhl-eiche-mit-kissen-curry-sun-schwarze-beine-umage\/#primaryimage\",\"url\":\"https:\/\/ekkla.ch\/wp-content\/uploads\/2024\/11\/ekkla-luminaires-meubles-umage_0121_UMAGE_packshot_5916-3C719-09_Curious_oak_black_curry-sun_2.jpg\",\"contentUrl\":\"https:\/\/ekkla.ch\/wp-content\/uploads\/2024\/11\/ekkla-luminaires-meubles-umage_0121_UMAGE_packshot_5916-3C719-09_Curious_oak_black_curry-sun_2.jpg\",\"width\":900,\"height\":900},{\"@type\":\"BreadcrumbList\",\"@id\":\"https:\/\/ekkla.ch\/de\/produit\/curious-stuhl-eiche-mit-kissen-curry-sun-schwarze-beine-umage\/#breadcrumb\",\"itemListElement\":[{\"@type\":\"ListItem\",\"position\":1,\"name\":\"Home\",\"item\":\"https:\/\/ekkla.ch\/de\/\"},{\"@type\":\"ListItem\",\"position\":2,\"name\":\"Shop\",\"item\":\"https:\/\/ekkla.ch\/de\/shop\/\"},{\"@type\":\"ListItem\",\"position\":3,\"name\":\"Curious Stuhl - Eiche mit Kissen Curry Sun - Schwarze Beine - Umage\"}]},{\"@type\":\"WebSite\",\"@id\":\"https:\/\/ekkla.ch\/#website\",\"url\":\"https:\/\/ekkla.ch\/\",\"name\":\"Ekkla\",\"description\":\"Der Onlineshop f\u00fcr Beleuchtung\",\"publisher\":{\"@id\":\"https:\/\/ekkla.ch\/#organization\"},\"potentialAction\":[{\"@type\":\"SearchAction\",\"target\":{\"@type\":\"EntryPoint\",\"urlTemplate\":\"https:\/\/ekkla.ch\/?s={search_term_string}\"},\"query-input\":\"required name=search_term_string\"}],\"inLanguage\":\"de\"},{\"@type\":\"Organization\",\"@id\":\"https:\/\/ekkla.ch\/#organization\",\"name\":\"Ekkla\",\"url\":\"https:\/\/ekkla.ch\/\",\"logo\":{\"@type\":\"ImageObject\",\"inLanguage\":\"de\",\"@id\":\"https:\/\/ekkla.ch\/#\/schema\/logo\/image\/\",\"url\":\"http:\/\/ekkla.ch\/wp-content\/uploads\/2019\/07\/logo-1.svg\",\"contentUrl\":\"http:\/\/ekkla.ch\/wp-content\/uploads\/2019\/07\/logo-1.svg\",\"width\":1,\"height\":1,\"caption\":\"Ekkla\"},\"image\":{\"@id\":\"https:\/\/ekkla.ch\/#\/schema\/logo\/image\/\"},\"sameAs\":[\"https:\/\/www.instagram.com\/ekkla_light\/\"]}]}<\/script>\n<!-- \/ Yoast SEO Premium plugin. -->","yoast_head_json":{"title":"Stuhl Curious I Eiche & Curry Sun I Schwarze Beine I Umage","description":"Entdecken Sie den Curious Stuhl: minimalistisches Design aus Eichenholz, Beine aus Messing oder Schwarz, mit Sitzkissen f\u00fcr optimalen Komfort.","robots":{"index":"index","follow":"follow","max-snippet":"max-snippet:-1","max-image-preview":"max-image-preview:large","max-video-preview":"max-video-preview:-1"},"canonical":"https:\/\/ekkla.ch\/de\/produit\/curious-stuhl-eiche-mit-kissen-curry-sun-schwarze-beine-umage\/","og_locale":"de_DE","og_type":"article","og_title":"Curious Stuhl - Eiche mit Kissen Curry Sun - Schwarze Beine - Umage","og_description":"Entdecken Sie den Curious Stuhl: minimalistisches Design aus Eichenholz, Beine aus Messing oder Schwarz, mit Sitzkissen f\u00fcr optimalen Komfort.","og_url":"https:\/\/ekkla.ch\/de\/produit\/curious-stuhl-eiche-mit-kissen-curry-sun-schwarze-beine-umage\/","og_site_name":"Ekkla","article_modified_time":"2024-11-15T18:22:20+00:00","twitter_card":"summary_large_image","twitter_misc":{"Gesch\u00e4tzte Lesezeit":"1\u00a0Minute"},"schema":{"@context":"https:\/\/schema.org","@graph":[{"@type":"WebPage","@id":"https:\/\/ekkla.ch\/de\/produit\/curious-stuhl-eiche-mit-kissen-curry-sun-schwarze-beine-umage\/","url":"https:\/\/ekkla.ch\/de\/produit\/curious-stuhl-eiche-mit-kissen-curry-sun-schwarze-beine-umage\/","name":"Stuhl Curious I Eiche & Curry Sun I Schwarze Beine I Umage","isPartOf":{"@id":"https:\/\/ekkla.ch\/#website"},"primaryImageOfPage":{"@id":"https:\/\/ekkla.ch\/de\/produit\/curious-stuhl-eiche-mit-kissen-curry-sun-schwarze-beine-umage\/#primaryimage"},"image":{"@id":"https:\/\/ekkla.ch\/de\/produit\/curious-stuhl-eiche-mit-kissen-curry-sun-schwarze-beine-umage\/#primaryimage"},"thumbnailUrl":"https:\/\/ekkla.ch\/wp-content\/uploads\/2024\/11\/ekkla-luminaires-meubles-umage_0121_UMAGE_packshot_5916-3C719-09_Curious_oak_black_curry-sun_2.jpg","datePublished":"2024-11-15T05:00:55+00:00","dateModified":"2024-11-15T18:22:20+00:00","description":"Entdecken Sie den Curious Stuhl: minimalistisches Design aus Eichenholz, Beine aus Messing oder Schwarz, mit Sitzkissen f\u00fcr optimalen Komfort.","breadcrumb":{"@id":"https:\/\/ekkla.ch\/de\/produit\/curious-stuhl-eiche-mit-kissen-curry-sun-schwarze-beine-umage\/#breadcrumb"},"inLanguage":"de","potentialAction":[{"@type":"ReadAction","target":["https:\/\/ekkla.ch\/de\/produit\/curious-stuhl-eiche-mit-kissen-curry-sun-schwarze-beine-umage\/"]}]},{"@type":"ImageObject","inLanguage":"de","@id":"https:\/\/ekkla.ch\/de\/produit\/curious-stuhl-eiche-mit-kissen-curry-sun-schwarze-beine-umage\/#primaryimage","url":"https:\/\/ekkla.ch\/wp-content\/uploads\/2024\/11\/ekkla-luminaires-meubles-umage_0121_UMAGE_packshot_5916-3C719-09_Curious_oak_black_curry-sun_2.jpg","contentUrl":"https:\/\/ekkla.ch\/wp-content\/uploads\/2024\/11\/ekkla-luminaires-meubles-umage_0121_UMAGE_packshot_5916-3C719-09_Curious_oak_black_curry-sun_2.jpg","width":900,"height":900},{"@type":"BreadcrumbList","@id":"https:\/\/ekkla.ch\/de\/produit\/curious-stuhl-eiche-mit-kissen-curry-sun-schwarze-beine-umage\/#breadcrumb","itemListElement":[{"@type":"ListItem","position":1,"name":"Home","item":"https:\/\/ekkla.ch\/de\/"},{"@type":"ListItem","position":2,"name":"Shop","item":"https:\/\/ekkla.ch\/de\/shop\/"},{"@type":"ListItem","position":3,"name":"Curious Stuhl - Eiche mit Kissen Curry Sun - Schwarze Beine - Umage"}]},{"@type":"WebSite","@id":"https:\/\/ekkla.ch\/#website","url":"https:\/\/ekkla.ch\/","name":"Ekkla","description":"Der Onlineshop f\u00fcr Beleuchtung","publisher":{"@id":"https:\/\/ekkla.ch\/#organization"},"potentialAction":[{"@type":"SearchAction","target":{"@type":"EntryPoint","urlTemplate":"https:\/\/ekkla.ch\/?s={search_term_string}"},"query-input":"required name=search_term_string"}],"inLanguage":"de"},{"@type":"Organization","@id":"https:\/\/ekkla.ch\/#organization","name":"Ekkla","url":"https:\/\/ekkla.ch\/","logo":{"@type":"ImageObject","inLanguage":"de","@id":"https:\/\/ekkla.ch\/#\/schema\/logo\/image\/","url":"http:\/\/ekkla.ch\/wp-content\/uploads\/2019\/07\/logo-1.svg","contentUrl":"http:\/\/ekkla.ch\/wp-content\/uploads\/2019\/07\/logo-1.svg","width":1,"height":1,"caption":"Ekkla"},"image":{"@id":"https:\/\/ekkla.ch\/#\/schema\/logo\/image\/"},"sameAs":["https:\/\/www.instagram.com\/ekkla_light\/"]}]}},"_links":{"self":[{"href":"https:\/\/ekkla.ch\/de\/wp-json\/wp\/v2\/product\/201988"}],"collection":[{"href":"https:\/\/ekkla.ch\/de\/wp-json\/wp\/v2\/product"}],"about":[{"href":"https:\/\/ekkla.ch\/de\/wp-json\/wp\/v2\/types\/product"}],"wp:featuredmedia":[{"embeddable":true,"href":"https:\/\/ekkla.ch\/de\/wp-json\/wp\/v2\/media\/202522"}],"wp:attachment":[{"href":"https:\/\/ekkla.ch\/de\/wp-json\/wp\/v2\/media?parent=201988"}],"wp:term":[{"taxonomy":"product_cat","embeddable":true,"href":"https:\/\/ekkla.ch\/de\/wp-json\/wp\/v2\/product_cat?post=201988"},{"taxonomy":"product_tag","embeddable":true,"href":"https:\/\/ekkla.ch\/de\/wp-json\/wp\/v2\/product_tag?post=201988"}],"curies":[{"name":"wp","href":"https:\/\/api.w.org\/{rel}","templated":true}]}}