{"id":202021,"date":"2024-11-14T15:51:00","date_gmt":"2024-11-14T14:51:00","guid":{"rendered":"https:\/\/ekkla.ch\/produit\/sessel-a-conversation-piece-dunkle-eiche-teddy-brown-umage\/"},"modified":"2024-11-15T23:41:15","modified_gmt":"2024-11-15T22:41:15","slug":"sessel-a-conversation-piece-dunkle-eiche-teddy-brown-umage","status":"publish","type":"product","link":"https:\/\/ekkla.ch\/de\/produit\/sessel-a-conversation-piece-dunkle-eiche-teddy-brown-umage\/","title":{"rendered":"Sessel A Conversation Piece &#8211; Dunkle Eiche &#8211; Teddy Brown &#8211; Umage"},"content":{"rendered":"<p>A Conversation Piece low ist ein bemerkenswertes Designst\u00fcck, das jedem Raum Raffinesse verleiht. Es eignet sich perfekt zum Lesen oder f\u00fcr Gespr\u00e4che, da es zur Entspannung und einem langsameren Lebensrhythmus beitr\u00e4gt.<\/p>\n<p>A Conversation Piece low ist mit Rahmen aus Eiche, dunkler Eiche und schwarzer Eiche erh\u00e4ltlich, mit einer breiten Palette an Verkleidungen, aus denen Sie w\u00e4hlen k\u00f6nnen, sodass Sie die perfekte Erg\u00e4nzung f\u00fcr Ihr Zuhause schaffen k\u00f6nnen.<\/p>\n<p>Da wir uns der st\u00e4ndigen Ver\u00e4nderung von Trends, Bed\u00fcrfnissen oder W\u00fcnschen bewusst sind, wurde A Conversation Piece low mit einer austauschbaren Verkleidung entworfen. Mit einem austauschbaren Bezug k\u00f6nnen Sie diesem M\u00f6belst\u00fcck neues Leben einhauchen, indem Sie einfach den Bezug austauschen. So schaffen Sie ein M\u00f6belst\u00fcck, das nicht nur mit den Trends, sondern auch mit Ihnen und Ihren Bed\u00fcrfnissen w\u00e4chst und viele Jahre lang halten wird.<\/p>\n<p>Umage ist eine d\u00e4nische Marke, die skandinavisches Design, Langlebigkeit und Funktionalit\u00e4t miteinander verbindet. Sie zeichnet sich durch ihre eleganten und modularen Kreationen aus, die dazu gedacht sind, moderne Inneneinrichtungen zu veredeln und gleichzeitig den Raum zu optimieren. Mit einem starken Engagement f\u00fcr die Umwelt verwendet Umage verantwortungsvolle Materialien und legt Wert auf praktische L\u00f6sungen, die es erm\u00f6glichen, M\u00f6bel und Leuchten je nach Bedarf und Lust und Laune anzupassen und zu gestalten.<\/p>\n<blockquote>\n<h2>Merkmale &amp; Eigenschaften<\/h2>\n<p><strong>Marke<\/strong> Umage<\/p>\n<p><strong>Farben<\/strong> Dunkelbraun und Braun<\/p>\n<p><strong>Materialien<\/strong> Eiche und Teddyb\u00e4r-Stoff<\/p>\n<p><strong>H\u00f6he (cm)<\/strong> 83<\/p>\n<p><strong>Breite (cm) <\/strong>70<\/p>\n<p><strong>Tiefe (cm<\/strong>) 83<\/p>\n<p><strong>Gewicht (kg)<\/strong> 16,5<\/p><\/blockquote>\n","protected":false},"excerpt":{"rendered":"<p>A Conversation Piece low ist ein bemerkenswertes Designst\u00fcck, das jedem Raum Raffinesse verleiht. Es eignet sich perfekt zum Lesen oder f\u00fcr Gespr\u00e4che, da es zur Entspannung und einem langsameren Lebensrhythmus beitr\u00e4gt. A Conversation Piece low ist mit Rahmen aus Eiche, dunkler Eiche und schwarzer Eiche erh\u00e4ltlich, mit einer breiten Palette an Verkleidungen, aus denen Sie [&hellip;]<\/p>\n","protected":false},"featured_media":203076,"template":"","meta":{"_acf_changed":false,"om_disable_all_campaigns":false},"product_cat":[964,972],"product_tag":[1258,898,1188,1265,801],"bundled_by":[],"bundle_stock_status":"onbackorder","bundle_stock_quantity":null,"bundle_virtual":false,"bundle_layout":"","bundle_add_to_cart_form_location":"","bundle_editable_in_cart":false,"bundle_sold_individually_context":"","bundle_item_grouping":"","bundle_min_size":"","bundle_max_size":"","bundle_price":[],"bundled_items":[],"bundle_sell_ids":[],"acf":[],"yoast_head":"<!-- This site is optimized with the Yoast SEO Premium plugin v22.2 (Yoast SEO v22.8) - https:\/\/yoast.com\/wordpress\/plugins\/seo\/ -->\n<title>Sessel A Conversation Piece I Dunkle Eiche I Teddy Brown<\/title>\n<meta name=\"description\" content=\"A Conversation Piece Low \u2013 ikonischer Designsessel f\u00fcr Lesen, Entspannen und Gespr\u00e4che. Perfekt f\u00fcr eine ruhige Atmosph\u00e4re.\" \/>\n<meta name=\"robots\" content=\"index, follow, max-snippet:-1, max-image-preview:large, max-video-preview:-1\" \/>\n<link rel=\"canonical\" href=\"https:\/\/ekkla.ch\/de\/produit\/sessel-a-conversation-piece-dunkle-eiche-teddy-brown-umage\/\" \/>\n<meta property=\"og:locale\" content=\"de_DE\" \/>\n<meta property=\"og:type\" content=\"article\" \/>\n<meta property=\"og:title\" content=\"Sessel A Conversation Piece - Dunkle Eiche - Teddy Brown - Umage\" \/>\n<meta property=\"og:description\" content=\"A Conversation Piece Low \u2013 ikonischer Designsessel f\u00fcr Lesen, Entspannen und Gespr\u00e4che. Perfekt f\u00fcr eine ruhige Atmosph\u00e4re.\" \/>\n<meta property=\"og:url\" content=\"https:\/\/ekkla.ch\/de\/produit\/sessel-a-conversation-piece-dunkle-eiche-teddy-brown-umage\/\" \/>\n<meta property=\"og:site_name\" content=\"Ekkla\" \/>\n<meta property=\"article:modified_time\" content=\"2024-11-15T22:41:15+00:00\" \/>\n<meta name=\"twitter:card\" content=\"summary_large_image\" \/>\n<meta name=\"twitter:label1\" content=\"Gesch\u00e4tzte Lesezeit\" \/>\n\t<meta name=\"twitter:data1\" content=\"2\u00a0Minuten\" \/>\n<script type=\"application\/ld+json\" class=\"yoast-schema-graph\">{\"@context\":\"https:\/\/schema.org\",\"@graph\":[{\"@type\":\"WebPage\",\"@id\":\"https:\/\/ekkla.ch\/de\/produit\/sessel-a-conversation-piece-dunkle-eiche-teddy-brown-umage\/\",\"url\":\"https:\/\/ekkla.ch\/de\/produit\/sessel-a-conversation-piece-dunkle-eiche-teddy-brown-umage\/\",\"name\":\"Sessel A Conversation Piece I Dunkle Eiche I Teddy Brown\",\"isPartOf\":{\"@id\":\"https:\/\/ekkla.ch\/#website\"},\"primaryImageOfPage\":{\"@id\":\"https:\/\/ekkla.ch\/de\/produit\/sessel-a-conversation-piece-dunkle-eiche-teddy-brown-umage\/#primaryimage\"},\"image\":{\"@id\":\"https:\/\/ekkla.ch\/de\/produit\/sessel-a-conversation-piece-dunkle-eiche-teddy-brown-umage\/#primaryimage\"},\"thumbnailUrl\":\"https:\/\/ekkla.ch\/wp-content\/uploads\/2024\/11\/ekkla-luminaires-meubles-umage_0398_UMAGE_packshot_5700_5501-8_AConversationPiecelow_darkoak_teddybrown__2_474ba3b4-f520.jpg\",\"datePublished\":\"2024-11-14T14:51:00+00:00\",\"dateModified\":\"2024-11-15T22:41:15+00:00\",\"description\":\"A Conversation Piece Low \u2013 ikonischer Designsessel f\u00fcr Lesen, Entspannen und Gespr\u00e4che. Perfekt f\u00fcr eine ruhige Atmosph\u00e4re.\",\"breadcrumb\":{\"@id\":\"https:\/\/ekkla.ch\/de\/produit\/sessel-a-conversation-piece-dunkle-eiche-teddy-brown-umage\/#breadcrumb\"},\"inLanguage\":\"de\",\"potentialAction\":[{\"@type\":\"ReadAction\",\"target\":[\"https:\/\/ekkla.ch\/de\/produit\/sessel-a-conversation-piece-dunkle-eiche-teddy-brown-umage\/\"]}]},{\"@type\":\"ImageObject\",\"inLanguage\":\"de\",\"@id\":\"https:\/\/ekkla.ch\/de\/produit\/sessel-a-conversation-piece-dunkle-eiche-teddy-brown-umage\/#primaryimage\",\"url\":\"https:\/\/ekkla.ch\/wp-content\/uploads\/2024\/11\/ekkla-luminaires-meubles-umage_0398_UMAGE_packshot_5700_5501-8_AConversationPiecelow_darkoak_teddybrown__2_474ba3b4-f520.jpg\",\"contentUrl\":\"https:\/\/ekkla.ch\/wp-content\/uploads\/2024\/11\/ekkla-luminaires-meubles-umage_0398_UMAGE_packshot_5700_5501-8_AConversationPiecelow_darkoak_teddybrown__2_474ba3b4-f520.jpg\",\"width\":900,\"height\":900},{\"@type\":\"BreadcrumbList\",\"@id\":\"https:\/\/ekkla.ch\/de\/produit\/sessel-a-conversation-piece-dunkle-eiche-teddy-brown-umage\/#breadcrumb\",\"itemListElement\":[{\"@type\":\"ListItem\",\"position\":1,\"name\":\"Home\",\"item\":\"https:\/\/ekkla.ch\/de\/\"},{\"@type\":\"ListItem\",\"position\":2,\"name\":\"Shop\",\"item\":\"https:\/\/ekkla.ch\/de\/shop\/\"},{\"@type\":\"ListItem\",\"position\":3,\"name\":\"Sessel A Conversation Piece - Dunkle Eiche - Teddy Brown - Umage\"}]},{\"@type\":\"WebSite\",\"@id\":\"https:\/\/ekkla.ch\/#website\",\"url\":\"https:\/\/ekkla.ch\/\",\"name\":\"Ekkla\",\"description\":\"Der Onlineshop f\u00fcr Beleuchtung\",\"publisher\":{\"@id\":\"https:\/\/ekkla.ch\/#organization\"},\"potentialAction\":[{\"@type\":\"SearchAction\",\"target\":{\"@type\":\"EntryPoint\",\"urlTemplate\":\"https:\/\/ekkla.ch\/?s={search_term_string}\"},\"query-input\":\"required name=search_term_string\"}],\"inLanguage\":\"de\"},{\"@type\":\"Organization\",\"@id\":\"https:\/\/ekkla.ch\/#organization\",\"name\":\"Ekkla\",\"url\":\"https:\/\/ekkla.ch\/\",\"logo\":{\"@type\":\"ImageObject\",\"inLanguage\":\"de\",\"@id\":\"https:\/\/ekkla.ch\/#\/schema\/logo\/image\/\",\"url\":\"http:\/\/ekkla.ch\/wp-content\/uploads\/2019\/07\/logo-1.svg\",\"contentUrl\":\"http:\/\/ekkla.ch\/wp-content\/uploads\/2019\/07\/logo-1.svg\",\"width\":1,\"height\":1,\"caption\":\"Ekkla\"},\"image\":{\"@id\":\"https:\/\/ekkla.ch\/#\/schema\/logo\/image\/\"},\"sameAs\":[\"https:\/\/www.instagram.com\/ekkla_light\/\"]}]}<\/script>\n<!-- \/ Yoast SEO Premium plugin. -->","yoast_head_json":{"title":"Sessel A Conversation Piece I Dunkle Eiche I Teddy Brown","description":"A Conversation Piece Low \u2013 ikonischer Designsessel f\u00fcr Lesen, Entspannen und Gespr\u00e4che. Perfekt f\u00fcr eine ruhige Atmosph\u00e4re.","robots":{"index":"index","follow":"follow","max-snippet":"max-snippet:-1","max-image-preview":"max-image-preview:large","max-video-preview":"max-video-preview:-1"},"canonical":"https:\/\/ekkla.ch\/de\/produit\/sessel-a-conversation-piece-dunkle-eiche-teddy-brown-umage\/","og_locale":"de_DE","og_type":"article","og_title":"Sessel A Conversation Piece - Dunkle Eiche - Teddy Brown - Umage","og_description":"A Conversation Piece Low \u2013 ikonischer Designsessel f\u00fcr Lesen, Entspannen und Gespr\u00e4che. Perfekt f\u00fcr eine ruhige Atmosph\u00e4re.","og_url":"https:\/\/ekkla.ch\/de\/produit\/sessel-a-conversation-piece-dunkle-eiche-teddy-brown-umage\/","og_site_name":"Ekkla","article_modified_time":"2024-11-15T22:41:15+00:00","twitter_card":"summary_large_image","twitter_misc":{"Gesch\u00e4tzte Lesezeit":"2\u00a0Minuten"},"schema":{"@context":"https:\/\/schema.org","@graph":[{"@type":"WebPage","@id":"https:\/\/ekkla.ch\/de\/produit\/sessel-a-conversation-piece-dunkle-eiche-teddy-brown-umage\/","url":"https:\/\/ekkla.ch\/de\/produit\/sessel-a-conversation-piece-dunkle-eiche-teddy-brown-umage\/","name":"Sessel A Conversation Piece I Dunkle Eiche I Teddy Brown","isPartOf":{"@id":"https:\/\/ekkla.ch\/#website"},"primaryImageOfPage":{"@id":"https:\/\/ekkla.ch\/de\/produit\/sessel-a-conversation-piece-dunkle-eiche-teddy-brown-umage\/#primaryimage"},"image":{"@id":"https:\/\/ekkla.ch\/de\/produit\/sessel-a-conversation-piece-dunkle-eiche-teddy-brown-umage\/#primaryimage"},"thumbnailUrl":"https:\/\/ekkla.ch\/wp-content\/uploads\/2024\/11\/ekkla-luminaires-meubles-umage_0398_UMAGE_packshot_5700_5501-8_AConversationPiecelow_darkoak_teddybrown__2_474ba3b4-f520.jpg","datePublished":"2024-11-14T14:51:00+00:00","dateModified":"2024-11-15T22:41:15+00:00","description":"A Conversation Piece Low \u2013 ikonischer Designsessel f\u00fcr Lesen, Entspannen und Gespr\u00e4che. Perfekt f\u00fcr eine ruhige Atmosph\u00e4re.","breadcrumb":{"@id":"https:\/\/ekkla.ch\/de\/produit\/sessel-a-conversation-piece-dunkle-eiche-teddy-brown-umage\/#breadcrumb"},"inLanguage":"de","potentialAction":[{"@type":"ReadAction","target":["https:\/\/ekkla.ch\/de\/produit\/sessel-a-conversation-piece-dunkle-eiche-teddy-brown-umage\/"]}]},{"@type":"ImageObject","inLanguage":"de","@id":"https:\/\/ekkla.ch\/de\/produit\/sessel-a-conversation-piece-dunkle-eiche-teddy-brown-umage\/#primaryimage","url":"https:\/\/ekkla.ch\/wp-content\/uploads\/2024\/11\/ekkla-luminaires-meubles-umage_0398_UMAGE_packshot_5700_5501-8_AConversationPiecelow_darkoak_teddybrown__2_474ba3b4-f520.jpg","contentUrl":"https:\/\/ekkla.ch\/wp-content\/uploads\/2024\/11\/ekkla-luminaires-meubles-umage_0398_UMAGE_packshot_5700_5501-8_AConversationPiecelow_darkoak_teddybrown__2_474ba3b4-f520.jpg","width":900,"height":900},{"@type":"BreadcrumbList","@id":"https:\/\/ekkla.ch\/de\/produit\/sessel-a-conversation-piece-dunkle-eiche-teddy-brown-umage\/#breadcrumb","itemListElement":[{"@type":"ListItem","position":1,"name":"Home","item":"https:\/\/ekkla.ch\/de\/"},{"@type":"ListItem","position":2,"name":"Shop","item":"https:\/\/ekkla.ch\/de\/shop\/"},{"@type":"ListItem","position":3,"name":"Sessel A Conversation Piece - Dunkle Eiche - Teddy Brown - Umage"}]},{"@type":"WebSite","@id":"https:\/\/ekkla.ch\/#website","url":"https:\/\/ekkla.ch\/","name":"Ekkla","description":"Der Onlineshop f\u00fcr Beleuchtung","publisher":{"@id":"https:\/\/ekkla.ch\/#organization"},"potentialAction":[{"@type":"SearchAction","target":{"@type":"EntryPoint","urlTemplate":"https:\/\/ekkla.ch\/?s={search_term_string}"},"query-input":"required name=search_term_string"}],"inLanguage":"de"},{"@type":"Organization","@id":"https:\/\/ekkla.ch\/#organization","name":"Ekkla","url":"https:\/\/ekkla.ch\/","logo":{"@type":"ImageObject","inLanguage":"de","@id":"https:\/\/ekkla.ch\/#\/schema\/logo\/image\/","url":"http:\/\/ekkla.ch\/wp-content\/uploads\/2019\/07\/logo-1.svg","contentUrl":"http:\/\/ekkla.ch\/wp-content\/uploads\/2019\/07\/logo-1.svg","width":1,"height":1,"caption":"Ekkla"},"image":{"@id":"https:\/\/ekkla.ch\/#\/schema\/logo\/image\/"},"sameAs":["https:\/\/www.instagram.com\/ekkla_light\/"]}]}},"_links":{"self":[{"href":"https:\/\/ekkla.ch\/de\/wp-json\/wp\/v2\/product\/202021"}],"collection":[{"href":"https:\/\/ekkla.ch\/de\/wp-json\/wp\/v2\/product"}],"about":[{"href":"https:\/\/ekkla.ch\/de\/wp-json\/wp\/v2\/types\/product"}],"wp:featuredmedia":[{"embeddable":true,"href":"https:\/\/ekkla.ch\/de\/wp-json\/wp\/v2\/media\/203076"}],"wp:attachment":[{"href":"https:\/\/ekkla.ch\/de\/wp-json\/wp\/v2\/media?parent=202021"}],"wp:term":[{"taxonomy":"product_cat","embeddable":true,"href":"https:\/\/ekkla.ch\/de\/wp-json\/wp\/v2\/product_cat?post=202021"},{"taxonomy":"product_tag","embeddable":true,"href":"https:\/\/ekkla.ch\/de\/wp-json\/wp\/v2\/product_tag?post=202021"}],"curies":[{"name":"wp","href":"https:\/\/api.w.org\/{rel}","templated":true}]}}