{"id":202049,"date":"2024-11-08T15:04:20","date_gmt":"2024-11-08T14:04:20","guid":{"rendered":"https:\/\/ekkla.ch\/produit\/sofa-lounge-around-3-sitzer-eiche-sugar-brown-umage\/"},"modified":"2024-11-16T02:08:40","modified_gmt":"2024-11-16T01:08:40","slug":"sofa-lounge-around-3-sitzer-eiche-sugar-brown-umage","status":"publish","type":"product","link":"https:\/\/ekkla.ch\/de\/produit\/sofa-lounge-around-3-sitzer-eiche-sugar-brown-umage\/","title":{"rendered":"Sofa Lounge Around &#8211; 3-Sitzer &#8211; Eiche &#8211; Sugar Brown &#8211; Umage"},"content":{"rendered":"<p>Lounge Around ist ein modulares und vielseitiges Sofa, das zum zentralen Element Ihres Wohnbereichs werden soll. Es wurde mit Blick auf optimalen Komfort entworfen und eignet sich perfekt, um sich nach einem anstrengenden Tag zu entspannen, sich hinzulegen, zu lesen oder einfach nur zu relaxen.<\/p>\n<p>Dieses innovative Sofa zeichnet sich durch seine individuelle Anpassbarkeit und Flexibilit\u00e4t aus. Dank der neu positionierbaren Kissen, R\u00fcckenlehnen und Polster l\u00e4sst es sich ganz nach Ihren W\u00fcnschen konfigurieren und passt in jedes Wohnzimmer, Schlafzimmer, G\u00e4stezimmer und sogar auf kleine Fl\u00e4chen. Lounge Around eignet sich auch f\u00fcr zahlreiche Arbeits- und Freizeitumgebungen: Es eignet sich hervorragend als Tagesbett in einem Hotel, als Sofa in einem Empfangsraum oder als Entspannungsecke in einem Wartezimmer.<\/p>\n<p>Ein raffiniertes Detail ist eines der Sitzkissen, in das ein wendbares Plateau integriert ist, das sich ideal zum Abstellen einer Kaffeetasse, eines Buches oder eines Laptops eignet und so die Arbeits- oder Entspannungsmomente erleichtert.<\/p>\n<p>Umage ist eine d\u00e4nische Marke, die skandinavisches Design, Nachhaltigkeit und Funktionalit\u00e4t miteinander verbindet. Sie zeichnet sich durch ihre eleganten und modularen Kreationen aus, die dazu gedacht sind, moderne Inneneinrichtungen zu veredeln und gleichzeitig den Raum zu optimieren. Mit einem starken Engagement f\u00fcr die Umwelt verwendet Umage verantwortungsvolle Materialien und legt Wert auf praktische L\u00f6sungen, die es erm\u00f6glichen, M\u00f6bel und Leuchten je nach Bedarf und Lust und Laune anzupassen und zu gestalten.<\/p>\n<blockquote>\n<h2>Merkmale &amp; Eigenschaften<\/h2>\n<p><strong>Marke<\/strong> Umage<\/p>\n<p><strong>Farben<\/strong> Natur und Braun<\/p>\n<p><strong>Materialien<\/strong> Massive Eiche, MDF, Stahl (Messing beschichtet) und Polyester (Horizons S)<\/p>\n<p><strong>H\u00f6he (cm) <\/strong>67,2<\/p>\n<p><strong>L\u00e4nge (cm) <\/strong>230<\/p>\n<p><strong>Tiefe (cm) <\/strong>74,5<\/p>\n<p><strong>Gewicht (kg) <\/strong>58<\/p><\/blockquote>\n","protected":false},"excerpt":{"rendered":"<p>Lounge Around ist ein modulares und vielseitiges Sofa, das zum zentralen Element Ihres Wohnbereichs werden soll. Es wurde mit Blick auf optimalen Komfort entworfen und eignet sich perfekt, um sich nach einem anstrengenden Tag zu entspannen, sich hinzulegen, zu lesen oder einfach nur zu relaxen. Dieses innovative Sofa zeichnet sich durch seine individuelle Anpassbarkeit und [&hellip;]<\/p>\n","protected":false},"featured_media":201720,"template":"","meta":{"_acf_changed":false,"om_disable_all_campaigns":false},"product_cat":[964,972],"product_tag":[1258,898,1188,1265,801,775],"bundled_by":[],"bundle_stock_status":"onbackorder","bundle_stock_quantity":null,"bundle_virtual":false,"bundle_layout":"","bundle_add_to_cart_form_location":"","bundle_editable_in_cart":false,"bundle_sold_individually_context":"","bundle_item_grouping":"","bundle_min_size":"","bundle_max_size":"","bundle_price":[],"bundled_items":[],"bundle_sell_ids":[],"acf":[],"yoast_head":"<!-- This site is optimized with the Yoast SEO Premium plugin v22.2 (Yoast SEO v22.8) - https:\/\/yoast.com\/wordpress\/plugins\/seo\/ -->\n<title>Sofa Lounge Around I 3-Sitzer I Eiche I Sugar Brown I Umage<\/title>\n<meta name=\"description\" content=\"Entdecken Sie das Sofa Lounge Around: Komfort, modulares Design und nachhaltige Materialien. Hergestellt in Europa, um sich modernen R\u00e4umen anzupassen.\" \/>\n<meta name=\"robots\" content=\"index, follow, max-snippet:-1, max-image-preview:large, max-video-preview:-1\" \/>\n<link rel=\"canonical\" href=\"https:\/\/ekkla.ch\/de\/produit\/sofa-lounge-around-3-sitzer-eiche-sugar-brown-umage\/\" \/>\n<meta property=\"og:locale\" content=\"de_DE\" \/>\n<meta property=\"og:type\" content=\"article\" \/>\n<meta property=\"og:title\" content=\"Sofa Lounge Around - 3-Sitzer - Eiche - Sugar Brown - Umage\" \/>\n<meta property=\"og:description\" content=\"Entdecken Sie das Sofa Lounge Around: Komfort, modulares Design und nachhaltige Materialien. Hergestellt in Europa, um sich modernen R\u00e4umen anzupassen.\" \/>\n<meta property=\"og:url\" content=\"https:\/\/ekkla.ch\/de\/produit\/sofa-lounge-around-3-sitzer-eiche-sugar-brown-umage\/\" \/>\n<meta property=\"og:site_name\" content=\"Ekkla\" \/>\n<meta property=\"article:modified_time\" content=\"2024-11-16T01:08:40+00:00\" \/>\n<meta property=\"og:image\" content=\"https:\/\/ekkla.ch\/wp-content\/uploads\/2024\/11\/ekkla-umage-canape-lounge-around-chene-sugar-brown.jpg\" \/>\n\t<meta property=\"og:image:width\" content=\"1000\" \/>\n\t<meta property=\"og:image:height\" content=\"1000\" \/>\n\t<meta property=\"og:image:type\" content=\"image\/jpeg\" \/>\n<meta name=\"twitter:card\" content=\"summary_large_image\" \/>\n<meta name=\"twitter:label1\" content=\"Gesch\u00e4tzte Lesezeit\" \/>\n\t<meta name=\"twitter:data1\" content=\"2\u00a0Minuten\" \/>\n<script type=\"application\/ld+json\" class=\"yoast-schema-graph\">{\"@context\":\"https:\/\/schema.org\",\"@graph\":[{\"@type\":\"WebPage\",\"@id\":\"https:\/\/ekkla.ch\/de\/produit\/sofa-lounge-around-3-sitzer-eiche-sugar-brown-umage\/\",\"url\":\"https:\/\/ekkla.ch\/de\/produit\/sofa-lounge-around-3-sitzer-eiche-sugar-brown-umage\/\",\"name\":\"Sofa Lounge Around I 3-Sitzer I Eiche I Sugar Brown I Umage\",\"isPartOf\":{\"@id\":\"https:\/\/ekkla.ch\/#website\"},\"primaryImageOfPage\":{\"@id\":\"https:\/\/ekkla.ch\/de\/produit\/sofa-lounge-around-3-sitzer-eiche-sugar-brown-umage\/#primaryimage\"},\"image\":{\"@id\":\"https:\/\/ekkla.ch\/de\/produit\/sofa-lounge-around-3-sitzer-eiche-sugar-brown-umage\/#primaryimage\"},\"thumbnailUrl\":\"https:\/\/ekkla.ch\/wp-content\/uploads\/2024\/11\/ekkla-umage-canape-lounge-around-chene-sugar-brown.jpg\",\"datePublished\":\"2024-11-08T14:04:20+00:00\",\"dateModified\":\"2024-11-16T01:08:40+00:00\",\"description\":\"Entdecken Sie das Sofa Lounge Around: Komfort, modulares Design und nachhaltige Materialien. Hergestellt in Europa, um sich modernen R\u00e4umen anzupassen.\",\"breadcrumb\":{\"@id\":\"https:\/\/ekkla.ch\/de\/produit\/sofa-lounge-around-3-sitzer-eiche-sugar-brown-umage\/#breadcrumb\"},\"inLanguage\":\"de\",\"potentialAction\":[{\"@type\":\"ReadAction\",\"target\":[\"https:\/\/ekkla.ch\/de\/produit\/sofa-lounge-around-3-sitzer-eiche-sugar-brown-umage\/\"]}]},{\"@type\":\"ImageObject\",\"inLanguage\":\"de\",\"@id\":\"https:\/\/ekkla.ch\/de\/produit\/sofa-lounge-around-3-sitzer-eiche-sugar-brown-umage\/#primaryimage\",\"url\":\"https:\/\/ekkla.ch\/wp-content\/uploads\/2024\/11\/ekkla-umage-canape-lounge-around-chene-sugar-brown.jpg\",\"contentUrl\":\"https:\/\/ekkla.ch\/wp-content\/uploads\/2024\/11\/ekkla-umage-canape-lounge-around-chene-sugar-brown.jpg\",\"width\":1000,\"height\":1000},{\"@type\":\"BreadcrumbList\",\"@id\":\"https:\/\/ekkla.ch\/de\/produit\/sofa-lounge-around-3-sitzer-eiche-sugar-brown-umage\/#breadcrumb\",\"itemListElement\":[{\"@type\":\"ListItem\",\"position\":1,\"name\":\"Home\",\"item\":\"https:\/\/ekkla.ch\/de\/\"},{\"@type\":\"ListItem\",\"position\":2,\"name\":\"Shop\",\"item\":\"https:\/\/ekkla.ch\/de\/shop\/\"},{\"@type\":\"ListItem\",\"position\":3,\"name\":\"Sofa Lounge Around - 3-Sitzer - Eiche - Sugar Brown - Umage\"}]},{\"@type\":\"WebSite\",\"@id\":\"https:\/\/ekkla.ch\/#website\",\"url\":\"https:\/\/ekkla.ch\/\",\"name\":\"Ekkla\",\"description\":\"Der Onlineshop f\u00fcr Beleuchtung\",\"publisher\":{\"@id\":\"https:\/\/ekkla.ch\/#organization\"},\"potentialAction\":[{\"@type\":\"SearchAction\",\"target\":{\"@type\":\"EntryPoint\",\"urlTemplate\":\"https:\/\/ekkla.ch\/?s={search_term_string}\"},\"query-input\":\"required name=search_term_string\"}],\"inLanguage\":\"de\"},{\"@type\":\"Organization\",\"@id\":\"https:\/\/ekkla.ch\/#organization\",\"name\":\"Ekkla\",\"url\":\"https:\/\/ekkla.ch\/\",\"logo\":{\"@type\":\"ImageObject\",\"inLanguage\":\"de\",\"@id\":\"https:\/\/ekkla.ch\/#\/schema\/logo\/image\/\",\"url\":\"http:\/\/ekkla.ch\/wp-content\/uploads\/2019\/07\/logo-1.svg\",\"contentUrl\":\"http:\/\/ekkla.ch\/wp-content\/uploads\/2019\/07\/logo-1.svg\",\"width\":1,\"height\":1,\"caption\":\"Ekkla\"},\"image\":{\"@id\":\"https:\/\/ekkla.ch\/#\/schema\/logo\/image\/\"},\"sameAs\":[\"https:\/\/www.instagram.com\/ekkla_light\/\"]}]}<\/script>\n<!-- \/ Yoast SEO Premium plugin. -->","yoast_head_json":{"title":"Sofa Lounge Around I 3-Sitzer I Eiche I Sugar Brown I Umage","description":"Entdecken Sie das Sofa Lounge Around: Komfort, modulares Design und nachhaltige Materialien. Hergestellt in Europa, um sich modernen R\u00e4umen anzupassen.","robots":{"index":"index","follow":"follow","max-snippet":"max-snippet:-1","max-image-preview":"max-image-preview:large","max-video-preview":"max-video-preview:-1"},"canonical":"https:\/\/ekkla.ch\/de\/produit\/sofa-lounge-around-3-sitzer-eiche-sugar-brown-umage\/","og_locale":"de_DE","og_type":"article","og_title":"Sofa Lounge Around - 3-Sitzer - Eiche - Sugar Brown - Umage","og_description":"Entdecken Sie das Sofa Lounge Around: Komfort, modulares Design und nachhaltige Materialien. Hergestellt in Europa, um sich modernen R\u00e4umen anzupassen.","og_url":"https:\/\/ekkla.ch\/de\/produit\/sofa-lounge-around-3-sitzer-eiche-sugar-brown-umage\/","og_site_name":"Ekkla","article_modified_time":"2024-11-16T01:08:40+00:00","og_image":[{"width":1000,"height":1000,"url":"https:\/\/ekkla.ch\/wp-content\/uploads\/2024\/11\/ekkla-umage-canape-lounge-around-chene-sugar-brown.jpg","type":"image\/jpeg"}],"twitter_card":"summary_large_image","twitter_misc":{"Gesch\u00e4tzte Lesezeit":"2\u00a0Minuten"},"schema":{"@context":"https:\/\/schema.org","@graph":[{"@type":"WebPage","@id":"https:\/\/ekkla.ch\/de\/produit\/sofa-lounge-around-3-sitzer-eiche-sugar-brown-umage\/","url":"https:\/\/ekkla.ch\/de\/produit\/sofa-lounge-around-3-sitzer-eiche-sugar-brown-umage\/","name":"Sofa Lounge Around I 3-Sitzer I Eiche I Sugar Brown I Umage","isPartOf":{"@id":"https:\/\/ekkla.ch\/#website"},"primaryImageOfPage":{"@id":"https:\/\/ekkla.ch\/de\/produit\/sofa-lounge-around-3-sitzer-eiche-sugar-brown-umage\/#primaryimage"},"image":{"@id":"https:\/\/ekkla.ch\/de\/produit\/sofa-lounge-around-3-sitzer-eiche-sugar-brown-umage\/#primaryimage"},"thumbnailUrl":"https:\/\/ekkla.ch\/wp-content\/uploads\/2024\/11\/ekkla-umage-canape-lounge-around-chene-sugar-brown.jpg","datePublished":"2024-11-08T14:04:20+00:00","dateModified":"2024-11-16T01:08:40+00:00","description":"Entdecken Sie das Sofa Lounge Around: Komfort, modulares Design und nachhaltige Materialien. Hergestellt in Europa, um sich modernen R\u00e4umen anzupassen.","breadcrumb":{"@id":"https:\/\/ekkla.ch\/de\/produit\/sofa-lounge-around-3-sitzer-eiche-sugar-brown-umage\/#breadcrumb"},"inLanguage":"de","potentialAction":[{"@type":"ReadAction","target":["https:\/\/ekkla.ch\/de\/produit\/sofa-lounge-around-3-sitzer-eiche-sugar-brown-umage\/"]}]},{"@type":"ImageObject","inLanguage":"de","@id":"https:\/\/ekkla.ch\/de\/produit\/sofa-lounge-around-3-sitzer-eiche-sugar-brown-umage\/#primaryimage","url":"https:\/\/ekkla.ch\/wp-content\/uploads\/2024\/11\/ekkla-umage-canape-lounge-around-chene-sugar-brown.jpg","contentUrl":"https:\/\/ekkla.ch\/wp-content\/uploads\/2024\/11\/ekkla-umage-canape-lounge-around-chene-sugar-brown.jpg","width":1000,"height":1000},{"@type":"BreadcrumbList","@id":"https:\/\/ekkla.ch\/de\/produit\/sofa-lounge-around-3-sitzer-eiche-sugar-brown-umage\/#breadcrumb","itemListElement":[{"@type":"ListItem","position":1,"name":"Home","item":"https:\/\/ekkla.ch\/de\/"},{"@type":"ListItem","position":2,"name":"Shop","item":"https:\/\/ekkla.ch\/de\/shop\/"},{"@type":"ListItem","position":3,"name":"Sofa Lounge Around - 3-Sitzer - Eiche - Sugar Brown - Umage"}]},{"@type":"WebSite","@id":"https:\/\/ekkla.ch\/#website","url":"https:\/\/ekkla.ch\/","name":"Ekkla","description":"Der Onlineshop f\u00fcr Beleuchtung","publisher":{"@id":"https:\/\/ekkla.ch\/#organization"},"potentialAction":[{"@type":"SearchAction","target":{"@type":"EntryPoint","urlTemplate":"https:\/\/ekkla.ch\/?s={search_term_string}"},"query-input":"required name=search_term_string"}],"inLanguage":"de"},{"@type":"Organization","@id":"https:\/\/ekkla.ch\/#organization","name":"Ekkla","url":"https:\/\/ekkla.ch\/","logo":{"@type":"ImageObject","inLanguage":"de","@id":"https:\/\/ekkla.ch\/#\/schema\/logo\/image\/","url":"http:\/\/ekkla.ch\/wp-content\/uploads\/2019\/07\/logo-1.svg","contentUrl":"http:\/\/ekkla.ch\/wp-content\/uploads\/2019\/07\/logo-1.svg","width":1,"height":1,"caption":"Ekkla"},"image":{"@id":"https:\/\/ekkla.ch\/#\/schema\/logo\/image\/"},"sameAs":["https:\/\/www.instagram.com\/ekkla_light\/"]}]}},"_links":{"self":[{"href":"https:\/\/ekkla.ch\/de\/wp-json\/wp\/v2\/product\/202049"}],"collection":[{"href":"https:\/\/ekkla.ch\/de\/wp-json\/wp\/v2\/product"}],"about":[{"href":"https:\/\/ekkla.ch\/de\/wp-json\/wp\/v2\/types\/product"}],"wp:featuredmedia":[{"embeddable":true,"href":"https:\/\/ekkla.ch\/de\/wp-json\/wp\/v2\/media\/201720"}],"wp:attachment":[{"href":"https:\/\/ekkla.ch\/de\/wp-json\/wp\/v2\/media?parent=202049"}],"wp:term":[{"taxonomy":"product_cat","embeddable":true,"href":"https:\/\/ekkla.ch\/de\/wp-json\/wp\/v2\/product_cat?post=202049"},{"taxonomy":"product_tag","embeddable":true,"href":"https:\/\/ekkla.ch\/de\/wp-json\/wp\/v2\/product_tag?post=202049"}],"curies":[{"name":"wp","href":"https:\/\/api.w.org\/{rel}","templated":true}]}}