{"id":202062,"date":"2024-11-12T10:35:29","date_gmt":"2024-11-12T09:35:29","guid":{"rendered":"https:\/\/ekkla.ch\/produit\/ausziehbarer-tisch-comfort-circle-dunkle-eiche-glatte-beine-umage\/"},"modified":"2024-11-16T02:55:21","modified_gmt":"2024-11-16T01:55:21","slug":"ausziehbarer-tisch-comfort-circle-dunkle-eiche-glatte-beine-umage","status":"publish","type":"product","link":"https:\/\/ekkla.ch\/de\/produit\/ausziehbarer-tisch-comfort-circle-dunkle-eiche-glatte-beine-umage\/","title":{"rendered":"Ausziehbarer Tisch Comfort Circle &#8211; Dunkle Eiche &#8211; Glatte Beine &#8211; Umage"},"content":{"rendered":"<p>Der ausziehbare Tisch Comfort Circle\u2122 ist so konzipiert, dass er sich jeder Gelegenheit anpasst und bis zu zehn G\u00e4sten Platz bietet. Er ist praktisch und unauff\u00e4llig und verf\u00fcgt \u00fcber zwei unter der Tischplatte integrierte Verl\u00e4ngerungen, mit denen Sie leicht mehr Platz schaffen k\u00f6nnen, wenn Sie G\u00e4ste empfangen. Das h\u00f6henverstellbare Mittelteil macht ihn noch vielseitiger, egal ob der Tisch ausgeklappt ist oder nicht. Erh\u00f6hen Sie das Mittelteil, um Dekorationen oder Blumen auszustellen oder um Speisen elegant anzuordnen. Mit seinem modularen Design und seiner visuellen Leichtigkeit ist der Comfort Circle\u2122 ideal, um kleine R\u00e4ume zu optimieren und sich gleichzeitig in grossen Esszimmern hervorzuheben.<\/p>\n<p>Erh\u00e4ltlich in Eiche und dunkler Eiche, mit glatten Beinen f\u00fcr einen individuellen Stil.<\/p>\n<p>Umage ist eine d\u00e4nische Marke, die skandinavisches Design, Langlebigkeit und Funktionalit\u00e4t miteinander verbindet. Sie zeichnet sich durch ihre eleganten und modularen Kreationen aus, die dazu gedacht sind, moderne Innenr\u00e4ume zu veredeln und gleichzeitig den Raum zu optimieren. Mit einem starken Engagement f\u00fcr die Umwelt verwendet Umage verantwortungsvolle Materialien und legt Wert auf praktische L\u00f6sungen, die es erm\u00f6glichen, M\u00f6bel und Leuchten je nach Bedarf und Lust und Laune anzupassen und zu gestalten.<\/p>\n<blockquote>\n<h2>Merkmale &amp; Eigenschaften<\/h2>\n<p><strong>Marke<\/strong> Umage<\/p>\n<p><strong>Farbe<\/strong> Dunkelbraun<\/p>\n<p><strong>Materialien<\/strong> Massive Eiche, MDF und Stahl<\/p>\n<p><strong>L\u00e4nge (cm) <\/strong>132<\/p>\n<p><strong>Auszugsl\u00e4nge (cm) <\/strong>202<\/p>\n<p><strong>H\u00f6he (cm)<\/strong> 75,9<\/p>\n<p><strong>Gewicht (kg)<\/strong> 50<\/p><\/blockquote>\n","protected":false},"excerpt":{"rendered":"<p>Der ausziehbare Tisch Comfort Circle\u2122 ist so konzipiert, dass er sich jeder Gelegenheit anpasst und bis zu zehn G\u00e4sten Platz bietet. Er ist praktisch und unauff\u00e4llig und verf\u00fcgt \u00fcber zwei unter der Tischplatte integrierte Verl\u00e4ngerungen, mit denen Sie leicht mehr Platz schaffen k\u00f6nnen, wenn Sie G\u00e4ste empfangen. Das h\u00f6henverstellbare Mittelteil macht ihn noch vielseitiger, egal [&hellip;]<\/p>\n","protected":false},"featured_media":202836,"template":"","meta":{"_acf_changed":false,"om_disable_all_campaigns":false},"product_cat":[970],"product_tag":[1258,898,1188,1265,801],"bundled_by":[],"bundle_stock_status":"onbackorder","bundle_stock_quantity":null,"bundle_virtual":false,"bundle_layout":"","bundle_add_to_cart_form_location":"","bundle_editable_in_cart":false,"bundle_sold_individually_context":"","bundle_item_grouping":"","bundle_min_size":"","bundle_max_size":"","bundle_price":[],"bundled_items":[],"bundle_sell_ids":[],"acf":[],"yoast_head":"<!-- This site is optimized with the Yoast SEO Premium plugin v22.2 (Yoast SEO v22.8) - https:\/\/yoast.com\/wordpress\/plugins\/seo\/ -->\n<title>Ausziehbarer Tisch Comfort Circle I Dunkle Eiche I Umage I Ekkla<\/title>\n<meta name=\"description\" content=\"Entdecken Sie den ausziehbaren Tisch Comfort Circle: ideal, um Freunde zu empfangen. In Europa hergestellt, um in moderne R\u00e4ume zu passen.\" \/>\n<meta name=\"robots\" content=\"index, follow, max-snippet:-1, max-image-preview:large, max-video-preview:-1\" \/>\n<link rel=\"canonical\" href=\"https:\/\/ekkla.ch\/de\/produit\/ausziehbarer-tisch-comfort-circle-dunkle-eiche-glatte-beine-umage\/\" \/>\n<meta property=\"og:locale\" content=\"de_DE\" \/>\n<meta property=\"og:type\" content=\"article\" \/>\n<meta property=\"og:title\" content=\"Ausziehbarer Tisch Comfort Circle - Dunkle Eiche - Glatte Beine - Umage\" \/>\n<meta property=\"og:description\" content=\"Entdecken Sie den ausziehbaren Tisch Comfort Circle: ideal, um Freunde zu empfangen. In Europa hergestellt, um in moderne R\u00e4ume zu passen.\" \/>\n<meta property=\"og:url\" content=\"https:\/\/ekkla.ch\/de\/produit\/ausziehbarer-tisch-comfort-circle-dunkle-eiche-glatte-beine-umage\/\" \/>\n<meta property=\"og:site_name\" content=\"Ekkla\" \/>\n<meta property=\"article:modified_time\" content=\"2024-11-16T01:55:21+00:00\" \/>\n<meta name=\"twitter:card\" content=\"summary_large_image\" \/>\n<meta name=\"twitter:label1\" content=\"Gesch\u00e4tzte Lesezeit\" \/>\n\t<meta name=\"twitter:data1\" content=\"1\u00a0Minute\" \/>\n<script type=\"application\/ld+json\" class=\"yoast-schema-graph\">{\"@context\":\"https:\/\/schema.org\",\"@graph\":[{\"@type\":\"WebPage\",\"@id\":\"https:\/\/ekkla.ch\/de\/produit\/ausziehbarer-tisch-comfort-circle-dunkle-eiche-glatte-beine-umage\/\",\"url\":\"https:\/\/ekkla.ch\/de\/produit\/ausziehbarer-tisch-comfort-circle-dunkle-eiche-glatte-beine-umage\/\",\"name\":\"Ausziehbarer Tisch Comfort Circle I Dunkle Eiche I Umage I Ekkla\",\"isPartOf\":{\"@id\":\"https:\/\/ekkla.ch\/#website\"},\"primaryImageOfPage\":{\"@id\":\"https:\/\/ekkla.ch\/de\/produit\/ausziehbarer-tisch-comfort-circle-dunkle-eiche-glatte-beine-umage\/#primaryimage\"},\"image\":{\"@id\":\"https:\/\/ekkla.ch\/de\/produit\/ausziehbarer-tisch-comfort-circle-dunkle-eiche-glatte-beine-umage\/#primaryimage\"},\"thumbnailUrl\":\"https:\/\/ekkla.ch\/wp-content\/uploads\/2024\/11\/ekkla-luminaires-meubles-umage_0278_UMAGE_packshot_5857C5856-2_ComfortCircle_darkoak__5_900x.jpg\",\"datePublished\":\"2024-11-12T09:35:29+00:00\",\"dateModified\":\"2024-11-16T01:55:21+00:00\",\"description\":\"Entdecken Sie den ausziehbaren Tisch Comfort Circle: ideal, um Freunde zu empfangen. In Europa hergestellt, um in moderne R\u00e4ume zu passen.\",\"breadcrumb\":{\"@id\":\"https:\/\/ekkla.ch\/de\/produit\/ausziehbarer-tisch-comfort-circle-dunkle-eiche-glatte-beine-umage\/#breadcrumb\"},\"inLanguage\":\"de\",\"potentialAction\":[{\"@type\":\"ReadAction\",\"target\":[\"https:\/\/ekkla.ch\/de\/produit\/ausziehbarer-tisch-comfort-circle-dunkle-eiche-glatte-beine-umage\/\"]}]},{\"@type\":\"ImageObject\",\"inLanguage\":\"de\",\"@id\":\"https:\/\/ekkla.ch\/de\/produit\/ausziehbarer-tisch-comfort-circle-dunkle-eiche-glatte-beine-umage\/#primaryimage\",\"url\":\"https:\/\/ekkla.ch\/wp-content\/uploads\/2024\/11\/ekkla-luminaires-meubles-umage_0278_UMAGE_packshot_5857C5856-2_ComfortCircle_darkoak__5_900x.jpg\",\"contentUrl\":\"https:\/\/ekkla.ch\/wp-content\/uploads\/2024\/11\/ekkla-luminaires-meubles-umage_0278_UMAGE_packshot_5857C5856-2_ComfortCircle_darkoak__5_900x.jpg\",\"width\":900,\"height\":900},{\"@type\":\"BreadcrumbList\",\"@id\":\"https:\/\/ekkla.ch\/de\/produit\/ausziehbarer-tisch-comfort-circle-dunkle-eiche-glatte-beine-umage\/#breadcrumb\",\"itemListElement\":[{\"@type\":\"ListItem\",\"position\":1,\"name\":\"Home\",\"item\":\"https:\/\/ekkla.ch\/de\/\"},{\"@type\":\"ListItem\",\"position\":2,\"name\":\"Shop\",\"item\":\"https:\/\/ekkla.ch\/de\/shop\/\"},{\"@type\":\"ListItem\",\"position\":3,\"name\":\"Ausziehbarer Tisch Comfort Circle - Dunkle Eiche - Glatte Beine - Umage\"}]},{\"@type\":\"WebSite\",\"@id\":\"https:\/\/ekkla.ch\/#website\",\"url\":\"https:\/\/ekkla.ch\/\",\"name\":\"Ekkla\",\"description\":\"Der Onlineshop f\u00fcr Beleuchtung\",\"publisher\":{\"@id\":\"https:\/\/ekkla.ch\/#organization\"},\"potentialAction\":[{\"@type\":\"SearchAction\",\"target\":{\"@type\":\"EntryPoint\",\"urlTemplate\":\"https:\/\/ekkla.ch\/?s={search_term_string}\"},\"query-input\":\"required name=search_term_string\"}],\"inLanguage\":\"de\"},{\"@type\":\"Organization\",\"@id\":\"https:\/\/ekkla.ch\/#organization\",\"name\":\"Ekkla\",\"url\":\"https:\/\/ekkla.ch\/\",\"logo\":{\"@type\":\"ImageObject\",\"inLanguage\":\"de\",\"@id\":\"https:\/\/ekkla.ch\/#\/schema\/logo\/image\/\",\"url\":\"http:\/\/ekkla.ch\/wp-content\/uploads\/2019\/07\/logo-1.svg\",\"contentUrl\":\"http:\/\/ekkla.ch\/wp-content\/uploads\/2019\/07\/logo-1.svg\",\"width\":1,\"height\":1,\"caption\":\"Ekkla\"},\"image\":{\"@id\":\"https:\/\/ekkla.ch\/#\/schema\/logo\/image\/\"},\"sameAs\":[\"https:\/\/www.instagram.com\/ekkla_light\/\"]}]}<\/script>\n<!-- \/ Yoast SEO Premium plugin. -->","yoast_head_json":{"title":"Ausziehbarer Tisch Comfort Circle I Dunkle Eiche I Umage I Ekkla","description":"Entdecken Sie den ausziehbaren Tisch Comfort Circle: ideal, um Freunde zu empfangen. In Europa hergestellt, um in moderne R\u00e4ume zu passen.","robots":{"index":"index","follow":"follow","max-snippet":"max-snippet:-1","max-image-preview":"max-image-preview:large","max-video-preview":"max-video-preview:-1"},"canonical":"https:\/\/ekkla.ch\/de\/produit\/ausziehbarer-tisch-comfort-circle-dunkle-eiche-glatte-beine-umage\/","og_locale":"de_DE","og_type":"article","og_title":"Ausziehbarer Tisch Comfort Circle - Dunkle Eiche - Glatte Beine - Umage","og_description":"Entdecken Sie den ausziehbaren Tisch Comfort Circle: ideal, um Freunde zu empfangen. In Europa hergestellt, um in moderne R\u00e4ume zu passen.","og_url":"https:\/\/ekkla.ch\/de\/produit\/ausziehbarer-tisch-comfort-circle-dunkle-eiche-glatte-beine-umage\/","og_site_name":"Ekkla","article_modified_time":"2024-11-16T01:55:21+00:00","twitter_card":"summary_large_image","twitter_misc":{"Gesch\u00e4tzte Lesezeit":"1\u00a0Minute"},"schema":{"@context":"https:\/\/schema.org","@graph":[{"@type":"WebPage","@id":"https:\/\/ekkla.ch\/de\/produit\/ausziehbarer-tisch-comfort-circle-dunkle-eiche-glatte-beine-umage\/","url":"https:\/\/ekkla.ch\/de\/produit\/ausziehbarer-tisch-comfort-circle-dunkle-eiche-glatte-beine-umage\/","name":"Ausziehbarer Tisch Comfort Circle I Dunkle Eiche I Umage I Ekkla","isPartOf":{"@id":"https:\/\/ekkla.ch\/#website"},"primaryImageOfPage":{"@id":"https:\/\/ekkla.ch\/de\/produit\/ausziehbarer-tisch-comfort-circle-dunkle-eiche-glatte-beine-umage\/#primaryimage"},"image":{"@id":"https:\/\/ekkla.ch\/de\/produit\/ausziehbarer-tisch-comfort-circle-dunkle-eiche-glatte-beine-umage\/#primaryimage"},"thumbnailUrl":"https:\/\/ekkla.ch\/wp-content\/uploads\/2024\/11\/ekkla-luminaires-meubles-umage_0278_UMAGE_packshot_5857C5856-2_ComfortCircle_darkoak__5_900x.jpg","datePublished":"2024-11-12T09:35:29+00:00","dateModified":"2024-11-16T01:55:21+00:00","description":"Entdecken Sie den ausziehbaren Tisch Comfort Circle: ideal, um Freunde zu empfangen. In Europa hergestellt, um in moderne R\u00e4ume zu passen.","breadcrumb":{"@id":"https:\/\/ekkla.ch\/de\/produit\/ausziehbarer-tisch-comfort-circle-dunkle-eiche-glatte-beine-umage\/#breadcrumb"},"inLanguage":"de","potentialAction":[{"@type":"ReadAction","target":["https:\/\/ekkla.ch\/de\/produit\/ausziehbarer-tisch-comfort-circle-dunkle-eiche-glatte-beine-umage\/"]}]},{"@type":"ImageObject","inLanguage":"de","@id":"https:\/\/ekkla.ch\/de\/produit\/ausziehbarer-tisch-comfort-circle-dunkle-eiche-glatte-beine-umage\/#primaryimage","url":"https:\/\/ekkla.ch\/wp-content\/uploads\/2024\/11\/ekkla-luminaires-meubles-umage_0278_UMAGE_packshot_5857C5856-2_ComfortCircle_darkoak__5_900x.jpg","contentUrl":"https:\/\/ekkla.ch\/wp-content\/uploads\/2024\/11\/ekkla-luminaires-meubles-umage_0278_UMAGE_packshot_5857C5856-2_ComfortCircle_darkoak__5_900x.jpg","width":900,"height":900},{"@type":"BreadcrumbList","@id":"https:\/\/ekkla.ch\/de\/produit\/ausziehbarer-tisch-comfort-circle-dunkle-eiche-glatte-beine-umage\/#breadcrumb","itemListElement":[{"@type":"ListItem","position":1,"name":"Home","item":"https:\/\/ekkla.ch\/de\/"},{"@type":"ListItem","position":2,"name":"Shop","item":"https:\/\/ekkla.ch\/de\/shop\/"},{"@type":"ListItem","position":3,"name":"Ausziehbarer Tisch Comfort Circle - Dunkle Eiche - Glatte Beine - Umage"}]},{"@type":"WebSite","@id":"https:\/\/ekkla.ch\/#website","url":"https:\/\/ekkla.ch\/","name":"Ekkla","description":"Der Onlineshop f\u00fcr Beleuchtung","publisher":{"@id":"https:\/\/ekkla.ch\/#organization"},"potentialAction":[{"@type":"SearchAction","target":{"@type":"EntryPoint","urlTemplate":"https:\/\/ekkla.ch\/?s={search_term_string}"},"query-input":"required name=search_term_string"}],"inLanguage":"de"},{"@type":"Organization","@id":"https:\/\/ekkla.ch\/#organization","name":"Ekkla","url":"https:\/\/ekkla.ch\/","logo":{"@type":"ImageObject","inLanguage":"de","@id":"https:\/\/ekkla.ch\/#\/schema\/logo\/image\/","url":"http:\/\/ekkla.ch\/wp-content\/uploads\/2019\/07\/logo-1.svg","contentUrl":"http:\/\/ekkla.ch\/wp-content\/uploads\/2019\/07\/logo-1.svg","width":1,"height":1,"caption":"Ekkla"},"image":{"@id":"https:\/\/ekkla.ch\/#\/schema\/logo\/image\/"},"sameAs":["https:\/\/www.instagram.com\/ekkla_light\/"]}]}},"_links":{"self":[{"href":"https:\/\/ekkla.ch\/de\/wp-json\/wp\/v2\/product\/202062"}],"collection":[{"href":"https:\/\/ekkla.ch\/de\/wp-json\/wp\/v2\/product"}],"about":[{"href":"https:\/\/ekkla.ch\/de\/wp-json\/wp\/v2\/types\/product"}],"wp:featuredmedia":[{"embeddable":true,"href":"https:\/\/ekkla.ch\/de\/wp-json\/wp\/v2\/media\/202836"}],"wp:attachment":[{"href":"https:\/\/ekkla.ch\/de\/wp-json\/wp\/v2\/media?parent=202062"}],"wp:term":[{"taxonomy":"product_cat","embeddable":true,"href":"https:\/\/ekkla.ch\/de\/wp-json\/wp\/v2\/product_cat?post=202062"},{"taxonomy":"product_tag","embeddable":true,"href":"https:\/\/ekkla.ch\/de\/wp-json\/wp\/v2\/product_tag?post=202062"}],"curies":[{"name":"wp","href":"https:\/\/api.w.org\/{rel}","templated":true}]}}