{"id":202082,"date":"2024-11-12T11:25:41","date_gmt":"2024-11-12T10:25:41","guid":{"rendered":"https:\/\/ekkla.ch\/produit\/hocker-paff-eiche-shadow-umage\/"},"modified":"2024-11-16T03:36:41","modified_gmt":"2024-11-16T02:36:41","slug":"hocker-paff-eiche-shadow-umage","status":"publish","type":"product","link":"https:\/\/ekkla.ch\/de\/produit\/hocker-paff-eiche-shadow-umage\/","title":{"rendered":"Hocker Paff &#8211; Eiche &#8211; Shadow &#8211; Umage"},"content":{"rendered":"<p>Paff ist ein vielseitiger, anpassbarer Hocker, der so gestaltet ist, dass er sich all Ihren R\u00e4umen und Bed\u00fcrfnissen anpasst. Ob im Kinderzimmer, im Wohnzimmer, im Flur oder in der K\u00fcche, der Hocker Paff verleiht eine beruhigende und elegante Note und bereichert jeden Winkel Ihres Zuhauses. Mit seiner Basis aus massiver Eiche bietet er verschiedene Oberteiloptionen, die zu Ihrem Stil passen. F\u00fcr einen klaren Look w\u00e4hlen Sie das Oberteil aus Eichenfurnier. F\u00fcr mehr Komfort entscheiden Sie sich f\u00fcr eine beidseitig verwendbare Oberseite, mit einer Kissenseite zum Sitzen und einer Tablettseite zum Abstellen von Gegenst\u00e4nden. Das Kissen besteht aus 100% recyceltem Textilmaterial.<\/p>\n<p>Der Paff-Hocker ist in einer niedrigen oder hohen Ausf\u00fchrung erh\u00e4ltlich, mit kurzen oder langen Beinen, um den Bed\u00fcrfnissen von Erwachsenen und Kindern gerecht zu werden.<\/p>\n<p>Umage ist eine d\u00e4nische Marke, die skandinavisches Design, Nachhaltigkeit und Funktionalit\u00e4t miteinander verbindet. Sie zeichnet sich durch ihre eleganten und modularen Kreationen aus, die dazu gedacht sind, moderne Innenr\u00e4ume zu veredeln und gleichzeitig den Raum zu optimieren. Mit einem starken Engagement f\u00fcr die Umwelt verwendet Umage verantwortungsvolle Materialien und legt Wert auf praktische L\u00f6sungen, die es erm\u00f6glichen, M\u00f6bel und Leuchten je nach Bedarf und Lust und Laune anzupassen und zu gestalten.<\/p>\n<blockquote>\n<h2>Merkmale &amp; Eigenschaften<\/h2>\n<p><strong>Marke<\/strong> Umage<\/p>\n<p><strong>Farben<\/strong> Natur und Anthrazit<\/p>\n<p><strong>Materialien<\/strong> Eiche (Polyester, Sperrholz und MDF)<\/p>\n<p><strong>H\u00f6he (cm)<\/strong> 46.5<\/p>\n<p><strong>L\u00e4nge (cm)<\/strong> 50<\/p>\n<p><strong>Breite (cm)<\/strong> 35<\/p><\/blockquote>\n","protected":false},"excerpt":{"rendered":"<p>Paff ist ein vielseitiger, anpassbarer Hocker, der so gestaltet ist, dass er sich all Ihren R\u00e4umen und Bed\u00fcrfnissen anpasst. Ob im Kinderzimmer, im Wohnzimmer, im Flur oder in der K\u00fcche, der Hocker Paff verleiht eine beruhigende und elegante Note und bereichert jeden Winkel Ihres Zuhauses. Mit seiner Basis aus massiver Eiche bietet er verschiedene Oberteiloptionen, [&hellip;]<\/p>\n","protected":false},"featured_media":202930,"template":"","meta":{"_acf_changed":false,"om_disable_all_campaigns":false},"product_cat":[964,1090,968],"product_tag":[1258,898,1188,1265,801,775],"bundled_by":[],"bundle_stock_status":"onbackorder","bundle_stock_quantity":null,"bundle_virtual":false,"bundle_layout":"","bundle_add_to_cart_form_location":"","bundle_editable_in_cart":false,"bundle_sold_individually_context":"","bundle_item_grouping":"","bundle_min_size":"","bundle_max_size":"","bundle_price":[],"bundled_items":[],"bundle_sell_ids":[],"acf":[],"yoast_head":"<!-- This site is optimized with the Yoast SEO Premium plugin v22.2 (Yoast SEO v22.8) - https:\/\/yoast.com\/wordpress\/plugins\/seo\/ -->\n<title>Hocker Paff I Eiche I Shadow I Umage I Ekkla<\/title>\n<meta name=\"description\" content=\"Entdecken Sie den Paff Hocker: vielseitig und individuell gestaltbar, passt er sich an alle Ihre R\u00e4ume und Bed\u00fcrfnisse an.\" \/>\n<meta name=\"robots\" content=\"index, follow, max-snippet:-1, max-image-preview:large, max-video-preview:-1\" \/>\n<link rel=\"canonical\" href=\"https:\/\/ekkla.ch\/de\/produit\/hocker-paff-eiche-shadow-umage\/\" \/>\n<meta property=\"og:locale\" content=\"de_DE\" \/>\n<meta property=\"og:type\" content=\"article\" \/>\n<meta property=\"og:title\" content=\"Hocker Paff - Eiche - Shadow - Umage\" \/>\n<meta property=\"og:description\" content=\"Entdecken Sie den Paff Hocker: vielseitig und individuell gestaltbar, passt er sich an alle Ihre R\u00e4ume und Bed\u00fcrfnisse an.\" \/>\n<meta property=\"og:url\" content=\"https:\/\/ekkla.ch\/de\/produit\/hocker-paff-eiche-shadow-umage\/\" \/>\n<meta property=\"og:site_name\" content=\"Ekkla\" \/>\n<meta property=\"article:modified_time\" content=\"2024-11-16T02:36:41+00:00\" \/>\n<meta name=\"twitter:card\" content=\"summary_large_image\" \/>\n<meta name=\"twitter:label1\" content=\"Gesch\u00e4tzte Lesezeit\" \/>\n\t<meta name=\"twitter:data1\" content=\"2\u00a0Minuten\" \/>\n<script type=\"application\/ld+json\" class=\"yoast-schema-graph\">{\"@context\":\"https:\/\/schema.org\",\"@graph\":[{\"@type\":\"WebPage\",\"@id\":\"https:\/\/ekkla.ch\/de\/produit\/hocker-paff-eiche-shadow-umage\/\",\"url\":\"https:\/\/ekkla.ch\/de\/produit\/hocker-paff-eiche-shadow-umage\/\",\"name\":\"Hocker Paff I Eiche I Shadow I Umage I Ekkla\",\"isPartOf\":{\"@id\":\"https:\/\/ekkla.ch\/#website\"},\"primaryImageOfPage\":{\"@id\":\"https:\/\/ekkla.ch\/de\/produit\/hocker-paff-eiche-shadow-umage\/#primaryimage\"},\"image\":{\"@id\":\"https:\/\/ekkla.ch\/de\/produit\/hocker-paff-eiche-shadow-umage\/#primaryimage\"},\"thumbnailUrl\":\"https:\/\/ekkla.ch\/wp-content\/uploads\/2024\/11\/ekkla-luminaires-meubles-umage_0325_UMAGE_packshot_5610C5610-2C732-04_Pafftall_stool_oak_shadow__1_900x.jpg\",\"datePublished\":\"2024-11-12T10:25:41+00:00\",\"dateModified\":\"2024-11-16T02:36:41+00:00\",\"description\":\"Entdecken Sie den Paff Hocker: vielseitig und individuell gestaltbar, passt er sich an alle Ihre R\u00e4ume und Bed\u00fcrfnisse an.\",\"breadcrumb\":{\"@id\":\"https:\/\/ekkla.ch\/de\/produit\/hocker-paff-eiche-shadow-umage\/#breadcrumb\"},\"inLanguage\":\"de\",\"potentialAction\":[{\"@type\":\"ReadAction\",\"target\":[\"https:\/\/ekkla.ch\/de\/produit\/hocker-paff-eiche-shadow-umage\/\"]}]},{\"@type\":\"ImageObject\",\"inLanguage\":\"de\",\"@id\":\"https:\/\/ekkla.ch\/de\/produit\/hocker-paff-eiche-shadow-umage\/#primaryimage\",\"url\":\"https:\/\/ekkla.ch\/wp-content\/uploads\/2024\/11\/ekkla-luminaires-meubles-umage_0325_UMAGE_packshot_5610C5610-2C732-04_Pafftall_stool_oak_shadow__1_900x.jpg\",\"contentUrl\":\"https:\/\/ekkla.ch\/wp-content\/uploads\/2024\/11\/ekkla-luminaires-meubles-umage_0325_UMAGE_packshot_5610C5610-2C732-04_Pafftall_stool_oak_shadow__1_900x.jpg\",\"width\":900,\"height\":900},{\"@type\":\"BreadcrumbList\",\"@id\":\"https:\/\/ekkla.ch\/de\/produit\/hocker-paff-eiche-shadow-umage\/#breadcrumb\",\"itemListElement\":[{\"@type\":\"ListItem\",\"position\":1,\"name\":\"Home\",\"item\":\"https:\/\/ekkla.ch\/de\/\"},{\"@type\":\"ListItem\",\"position\":2,\"name\":\"Shop\",\"item\":\"https:\/\/ekkla.ch\/de\/shop\/\"},{\"@type\":\"ListItem\",\"position\":3,\"name\":\"Hocker Paff - Eiche - Shadow - Umage\"}]},{\"@type\":\"WebSite\",\"@id\":\"https:\/\/ekkla.ch\/#website\",\"url\":\"https:\/\/ekkla.ch\/\",\"name\":\"Ekkla\",\"description\":\"Der Onlineshop f\u00fcr Beleuchtung\",\"publisher\":{\"@id\":\"https:\/\/ekkla.ch\/#organization\"},\"potentialAction\":[{\"@type\":\"SearchAction\",\"target\":{\"@type\":\"EntryPoint\",\"urlTemplate\":\"https:\/\/ekkla.ch\/?s={search_term_string}\"},\"query-input\":\"required name=search_term_string\"}],\"inLanguage\":\"de\"},{\"@type\":\"Organization\",\"@id\":\"https:\/\/ekkla.ch\/#organization\",\"name\":\"Ekkla\",\"url\":\"https:\/\/ekkla.ch\/\",\"logo\":{\"@type\":\"ImageObject\",\"inLanguage\":\"de\",\"@id\":\"https:\/\/ekkla.ch\/#\/schema\/logo\/image\/\",\"url\":\"http:\/\/ekkla.ch\/wp-content\/uploads\/2019\/07\/logo-1.svg\",\"contentUrl\":\"http:\/\/ekkla.ch\/wp-content\/uploads\/2019\/07\/logo-1.svg\",\"width\":1,\"height\":1,\"caption\":\"Ekkla\"},\"image\":{\"@id\":\"https:\/\/ekkla.ch\/#\/schema\/logo\/image\/\"},\"sameAs\":[\"https:\/\/www.instagram.com\/ekkla_light\/\"]}]}<\/script>\n<!-- \/ Yoast SEO Premium plugin. -->","yoast_head_json":{"title":"Hocker Paff I Eiche I Shadow I Umage I Ekkla","description":"Entdecken Sie den Paff Hocker: vielseitig und individuell gestaltbar, passt er sich an alle Ihre R\u00e4ume und Bed\u00fcrfnisse an.","robots":{"index":"index","follow":"follow","max-snippet":"max-snippet:-1","max-image-preview":"max-image-preview:large","max-video-preview":"max-video-preview:-1"},"canonical":"https:\/\/ekkla.ch\/de\/produit\/hocker-paff-eiche-shadow-umage\/","og_locale":"de_DE","og_type":"article","og_title":"Hocker Paff - Eiche - Shadow - Umage","og_description":"Entdecken Sie den Paff Hocker: vielseitig und individuell gestaltbar, passt er sich an alle Ihre R\u00e4ume und Bed\u00fcrfnisse an.","og_url":"https:\/\/ekkla.ch\/de\/produit\/hocker-paff-eiche-shadow-umage\/","og_site_name":"Ekkla","article_modified_time":"2024-11-16T02:36:41+00:00","twitter_card":"summary_large_image","twitter_misc":{"Gesch\u00e4tzte Lesezeit":"2\u00a0Minuten"},"schema":{"@context":"https:\/\/schema.org","@graph":[{"@type":"WebPage","@id":"https:\/\/ekkla.ch\/de\/produit\/hocker-paff-eiche-shadow-umage\/","url":"https:\/\/ekkla.ch\/de\/produit\/hocker-paff-eiche-shadow-umage\/","name":"Hocker Paff I Eiche I Shadow I Umage I Ekkla","isPartOf":{"@id":"https:\/\/ekkla.ch\/#website"},"primaryImageOfPage":{"@id":"https:\/\/ekkla.ch\/de\/produit\/hocker-paff-eiche-shadow-umage\/#primaryimage"},"image":{"@id":"https:\/\/ekkla.ch\/de\/produit\/hocker-paff-eiche-shadow-umage\/#primaryimage"},"thumbnailUrl":"https:\/\/ekkla.ch\/wp-content\/uploads\/2024\/11\/ekkla-luminaires-meubles-umage_0325_UMAGE_packshot_5610C5610-2C732-04_Pafftall_stool_oak_shadow__1_900x.jpg","datePublished":"2024-11-12T10:25:41+00:00","dateModified":"2024-11-16T02:36:41+00:00","description":"Entdecken Sie den Paff Hocker: vielseitig und individuell gestaltbar, passt er sich an alle Ihre R\u00e4ume und Bed\u00fcrfnisse an.","breadcrumb":{"@id":"https:\/\/ekkla.ch\/de\/produit\/hocker-paff-eiche-shadow-umage\/#breadcrumb"},"inLanguage":"de","potentialAction":[{"@type":"ReadAction","target":["https:\/\/ekkla.ch\/de\/produit\/hocker-paff-eiche-shadow-umage\/"]}]},{"@type":"ImageObject","inLanguage":"de","@id":"https:\/\/ekkla.ch\/de\/produit\/hocker-paff-eiche-shadow-umage\/#primaryimage","url":"https:\/\/ekkla.ch\/wp-content\/uploads\/2024\/11\/ekkla-luminaires-meubles-umage_0325_UMAGE_packshot_5610C5610-2C732-04_Pafftall_stool_oak_shadow__1_900x.jpg","contentUrl":"https:\/\/ekkla.ch\/wp-content\/uploads\/2024\/11\/ekkla-luminaires-meubles-umage_0325_UMAGE_packshot_5610C5610-2C732-04_Pafftall_stool_oak_shadow__1_900x.jpg","width":900,"height":900},{"@type":"BreadcrumbList","@id":"https:\/\/ekkla.ch\/de\/produit\/hocker-paff-eiche-shadow-umage\/#breadcrumb","itemListElement":[{"@type":"ListItem","position":1,"name":"Home","item":"https:\/\/ekkla.ch\/de\/"},{"@type":"ListItem","position":2,"name":"Shop","item":"https:\/\/ekkla.ch\/de\/shop\/"},{"@type":"ListItem","position":3,"name":"Hocker Paff - Eiche - Shadow - Umage"}]},{"@type":"WebSite","@id":"https:\/\/ekkla.ch\/#website","url":"https:\/\/ekkla.ch\/","name":"Ekkla","description":"Der Onlineshop f\u00fcr Beleuchtung","publisher":{"@id":"https:\/\/ekkla.ch\/#organization"},"potentialAction":[{"@type":"SearchAction","target":{"@type":"EntryPoint","urlTemplate":"https:\/\/ekkla.ch\/?s={search_term_string}"},"query-input":"required name=search_term_string"}],"inLanguage":"de"},{"@type":"Organization","@id":"https:\/\/ekkla.ch\/#organization","name":"Ekkla","url":"https:\/\/ekkla.ch\/","logo":{"@type":"ImageObject","inLanguage":"de","@id":"https:\/\/ekkla.ch\/#\/schema\/logo\/image\/","url":"http:\/\/ekkla.ch\/wp-content\/uploads\/2019\/07\/logo-1.svg","contentUrl":"http:\/\/ekkla.ch\/wp-content\/uploads\/2019\/07\/logo-1.svg","width":1,"height":1,"caption":"Ekkla"},"image":{"@id":"https:\/\/ekkla.ch\/#\/schema\/logo\/image\/"},"sameAs":["https:\/\/www.instagram.com\/ekkla_light\/"]}]}},"_links":{"self":[{"href":"https:\/\/ekkla.ch\/de\/wp-json\/wp\/v2\/product\/202082"}],"collection":[{"href":"https:\/\/ekkla.ch\/de\/wp-json\/wp\/v2\/product"}],"about":[{"href":"https:\/\/ekkla.ch\/de\/wp-json\/wp\/v2\/types\/product"}],"wp:featuredmedia":[{"embeddable":true,"href":"https:\/\/ekkla.ch\/de\/wp-json\/wp\/v2\/media\/202930"}],"wp:attachment":[{"href":"https:\/\/ekkla.ch\/de\/wp-json\/wp\/v2\/media?parent=202082"}],"wp:term":[{"taxonomy":"product_cat","embeddable":true,"href":"https:\/\/ekkla.ch\/de\/wp-json\/wp\/v2\/product_cat?post=202082"},{"taxonomy":"product_tag","embeddable":true,"href":"https:\/\/ekkla.ch\/de\/wp-json\/wp\/v2\/product_tag?post=202082"}],"curies":[{"name":"wp","href":"https:\/\/api.w.org\/{rel}","templated":true}]}}