{"id":202101,"date":"2024-11-12T16:17:20","date_gmt":"2024-11-12T15:17:20","guid":{"rendered":"https:\/\/ekkla.ch\/produit\/spiegel-one-more-look-dunkle-eiche-anthracite-grey-umage\/"},"modified":"2024-11-17T23:20:46","modified_gmt":"2024-11-17T22:20:46","slug":"spiegel-one-more-look-dunkle-eiche-anthracite-grey-umage","status":"publish","type":"product","link":"https:\/\/ekkla.ch\/de\/produit\/spiegel-one-more-look-dunkle-eiche-anthracite-grey-umage\/","title":{"rendered":"Spiegel One more Look &#8211; Dunkle Eiche &#8211; Anthracite Grey &#8211; Umage"},"content":{"rendered":"<p>One More Look ist ein Ganzk\u00f6rperspiegel mit einem leichten und klaren Design. Er vereint minimalistische skandinavische \u00c4sthetik mit praktischen Funktionen und passt sich so den Bed\u00fcrfnissen des urbanen Lebens an. Er ist kompakt und platzsparend, passt perfekt in Flure jeder Gr\u00f6sse und f\u00fcgt sich harmonisch in Zimmer, Hotels oder B\u00fcror\u00e4ume ein. Dieser elegante Spiegel ist ideal f\u00fcr einen letzten Blick, bevor Sie das Haus verlassen. Im Inneren des farbenfrohen Schranks ist ein abnehmbarer Handspiegel diskret verborgen, der sofort einsatzbereit ist. Kleine Alltagsgegenst\u00e4nde wie Schl\u00fcssel, Make-up, Sonnenbrille oder Kleingeld k\u00f6nnen sorgf\u00e4ltig in der integrierten Lederablage aufbewahrt werden und sorgen f\u00fcr einen Hauch von Eleganz und Organisation.<\/p>\n<p>Umage ist eine d\u00e4nische Marke, die skandinavisches Design, Langlebigkeit und Funktionalit\u00e4t miteinander verbindet. Sie zeichnet sich durch ihre eleganten und modularen Kreationen aus, die dazu gedacht sind, moderne Inneneinrichtungen zu veredeln und gleichzeitig den Raum zu optimieren. Mit einem starken Engagement f\u00fcr die Umwelt verwendet Umage verantwortungsvolle Materialien und legt Wert auf praktische L\u00f6sungen, die es erm\u00f6glichen, M\u00f6bel und Leuchten je nach Bedarf und Lust und Laune anzupassen und zu gestalten.<\/p>\n<blockquote>\n<h2>Merkmale &amp; Eigenschaften<\/h2>\n<p><strong>Marke<\/strong> Umage<\/p>\n<p><strong>Farben<\/strong> Dunkelbraun und Anthrazit<\/p>\n<p><strong>Materialien<\/strong> Eiche, MDF, Glas, Stahl (messingbeschichtet) und Kunstleder<\/p>\n<p><strong>H\u00f6he (cm)<\/strong> 118<\/p>\n<p><strong>Breite Spiegel (cm)<\/strong> 38<\/p>\n<p><strong>Gesamtbreite (cm)<\/strong> 78<\/p>\n<p><strong>Gewicht (kg)<\/strong> 11<\/p><\/blockquote>\n","protected":false},"excerpt":{"rendered":"<p>One More Look ist ein Ganzk\u00f6rperspiegel mit einem leichten und klaren Design. Er vereint minimalistische skandinavische \u00c4sthetik mit praktischen Funktionen und passt sich so den Bed\u00fcrfnissen des urbanen Lebens an. Er ist kompakt und platzsparend, passt perfekt in Flure jeder Gr\u00f6sse und f\u00fcgt sich harmonisch in Zimmer, Hotels oder B\u00fcror\u00e4ume ein. Dieser elegante Spiegel ist [&hellip;]<\/p>\n","protected":false},"featured_media":203042,"template":"","meta":{"_acf_changed":false,"om_disable_all_campaigns":false},"product_cat":[964,989],"product_tag":[1258,898,1188,1265,801,775],"bundled_by":[],"bundle_stock_status":"onbackorder","bundle_stock_quantity":null,"bundle_virtual":false,"bundle_layout":"","bundle_add_to_cart_form_location":"","bundle_editable_in_cart":false,"bundle_sold_individually_context":"","bundle_item_grouping":"","bundle_min_size":"","bundle_max_size":"","bundle_price":[],"bundled_items":[],"bundle_sell_ids":[],"acf":[],"yoast_head":"<!-- This site is optimized with the Yoast SEO Premium plugin v22.2 (Yoast SEO v22.8) - https:\/\/yoast.com\/wordpress\/plugins\/seo\/ -->\n<title>Spiegel One more Look I Dunkle Eiche I Anthracite Grey I Umage<\/title>\n<meta name=\"description\" content=\"Entdecken Sie One More Look \u2013 ein skandinavischer Designspiegel, der \u00c4sthetik und Funktionalit\u00e4t f\u00fcr urbanes Leben vereint.\" \/>\n<meta name=\"robots\" content=\"index, follow, max-snippet:-1, max-image-preview:large, max-video-preview:-1\" \/>\n<link rel=\"canonical\" href=\"https:\/\/ekkla.ch\/de\/produit\/spiegel-one-more-look-dunkle-eiche-anthracite-grey-umage\/\" \/>\n<meta property=\"og:locale\" content=\"de_DE\" \/>\n<meta property=\"og:type\" content=\"article\" \/>\n<meta property=\"og:title\" content=\"Spiegel One more Look - Dunkle Eiche - Anthracite Grey - Umage\" \/>\n<meta property=\"og:description\" content=\"Entdecken Sie One More Look \u2013 ein skandinavischer Designspiegel, der \u00c4sthetik und Funktionalit\u00e4t f\u00fcr urbanes Leben vereint.\" \/>\n<meta property=\"og:url\" content=\"https:\/\/ekkla.ch\/de\/produit\/spiegel-one-more-look-dunkle-eiche-anthracite-grey-umage\/\" \/>\n<meta property=\"og:site_name\" content=\"Ekkla\" \/>\n<meta property=\"article:modified_time\" content=\"2024-11-17T22:20:46+00:00\" \/>\n<meta name=\"twitter:card\" content=\"summary_large_image\" \/>\n<meta name=\"twitter:label1\" content=\"Gesch\u00e4tzte Lesezeit\" \/>\n\t<meta name=\"twitter:data1\" content=\"1\u00a0Minute\" \/>\n<script type=\"application\/ld+json\" class=\"yoast-schema-graph\">{\"@context\":\"https:\/\/schema.org\",\"@graph\":[{\"@type\":\"WebPage\",\"@id\":\"https:\/\/ekkla.ch\/de\/produit\/spiegel-one-more-look-dunkle-eiche-anthracite-grey-umage\/\",\"url\":\"https:\/\/ekkla.ch\/de\/produit\/spiegel-one-more-look-dunkle-eiche-anthracite-grey-umage\/\",\"name\":\"Spiegel One more Look I Dunkle Eiche I Anthracite Grey I Umage\",\"isPartOf\":{\"@id\":\"https:\/\/ekkla.ch\/#website\"},\"primaryImageOfPage\":{\"@id\":\"https:\/\/ekkla.ch\/de\/produit\/spiegel-one-more-look-dunkle-eiche-anthracite-grey-umage\/#primaryimage\"},\"image\":{\"@id\":\"https:\/\/ekkla.ch\/de\/produit\/spiegel-one-more-look-dunkle-eiche-anthracite-grey-umage\/#primaryimage\"},\"thumbnailUrl\":\"https:\/\/ekkla.ch\/wp-content\/uploads\/2024\/11\/ekkla-luminaires-meubles-umage_0381_UMAGE_packshot_5820C5620-2_OneMoreLook_darkoak_anthracitegrey__1_4eb5b3cf-fec1-4da0-.jpg\",\"datePublished\":\"2024-11-12T15:17:20+00:00\",\"dateModified\":\"2024-11-17T22:20:46+00:00\",\"description\":\"Entdecken Sie One More Look \u2013 ein skandinavischer Designspiegel, der \u00c4sthetik und Funktionalit\u00e4t f\u00fcr urbanes Leben vereint.\",\"breadcrumb\":{\"@id\":\"https:\/\/ekkla.ch\/de\/produit\/spiegel-one-more-look-dunkle-eiche-anthracite-grey-umage\/#breadcrumb\"},\"inLanguage\":\"de\",\"potentialAction\":[{\"@type\":\"ReadAction\",\"target\":[\"https:\/\/ekkla.ch\/de\/produit\/spiegel-one-more-look-dunkle-eiche-anthracite-grey-umage\/\"]}]},{\"@type\":\"ImageObject\",\"inLanguage\":\"de\",\"@id\":\"https:\/\/ekkla.ch\/de\/produit\/spiegel-one-more-look-dunkle-eiche-anthracite-grey-umage\/#primaryimage\",\"url\":\"https:\/\/ekkla.ch\/wp-content\/uploads\/2024\/11\/ekkla-luminaires-meubles-umage_0381_UMAGE_packshot_5820C5620-2_OneMoreLook_darkoak_anthracitegrey__1_4eb5b3cf-fec1-4da0-.jpg\",\"contentUrl\":\"https:\/\/ekkla.ch\/wp-content\/uploads\/2024\/11\/ekkla-luminaires-meubles-umage_0381_UMAGE_packshot_5820C5620-2_OneMoreLook_darkoak_anthracitegrey__1_4eb5b3cf-fec1-4da0-.jpg\",\"width\":900,\"height\":900},{\"@type\":\"BreadcrumbList\",\"@id\":\"https:\/\/ekkla.ch\/de\/produit\/spiegel-one-more-look-dunkle-eiche-anthracite-grey-umage\/#breadcrumb\",\"itemListElement\":[{\"@type\":\"ListItem\",\"position\":1,\"name\":\"Home\",\"item\":\"https:\/\/ekkla.ch\/de\/\"},{\"@type\":\"ListItem\",\"position\":2,\"name\":\"Shop\",\"item\":\"https:\/\/ekkla.ch\/de\/shop\/\"},{\"@type\":\"ListItem\",\"position\":3,\"name\":\"Spiegel One more Look - Dunkle Eiche - Anthracite Grey - Umage\"}]},{\"@type\":\"WebSite\",\"@id\":\"https:\/\/ekkla.ch\/#website\",\"url\":\"https:\/\/ekkla.ch\/\",\"name\":\"Ekkla\",\"description\":\"Der Onlineshop f\u00fcr Beleuchtung\",\"publisher\":{\"@id\":\"https:\/\/ekkla.ch\/#organization\"},\"potentialAction\":[{\"@type\":\"SearchAction\",\"target\":{\"@type\":\"EntryPoint\",\"urlTemplate\":\"https:\/\/ekkla.ch\/?s={search_term_string}\"},\"query-input\":\"required name=search_term_string\"}],\"inLanguage\":\"de\"},{\"@type\":\"Organization\",\"@id\":\"https:\/\/ekkla.ch\/#organization\",\"name\":\"Ekkla\",\"url\":\"https:\/\/ekkla.ch\/\",\"logo\":{\"@type\":\"ImageObject\",\"inLanguage\":\"de\",\"@id\":\"https:\/\/ekkla.ch\/#\/schema\/logo\/image\/\",\"url\":\"http:\/\/ekkla.ch\/wp-content\/uploads\/2019\/07\/logo-1.svg\",\"contentUrl\":\"http:\/\/ekkla.ch\/wp-content\/uploads\/2019\/07\/logo-1.svg\",\"width\":1,\"height\":1,\"caption\":\"Ekkla\"},\"image\":{\"@id\":\"https:\/\/ekkla.ch\/#\/schema\/logo\/image\/\"},\"sameAs\":[\"https:\/\/www.instagram.com\/ekkla_light\/\"]}]}<\/script>\n<!-- \/ Yoast SEO Premium plugin. -->","yoast_head_json":{"title":"Spiegel One more Look I Dunkle Eiche I Anthracite Grey I Umage","description":"Entdecken Sie One More Look \u2013 ein skandinavischer Designspiegel, der \u00c4sthetik und Funktionalit\u00e4t f\u00fcr urbanes Leben vereint.","robots":{"index":"index","follow":"follow","max-snippet":"max-snippet:-1","max-image-preview":"max-image-preview:large","max-video-preview":"max-video-preview:-1"},"canonical":"https:\/\/ekkla.ch\/de\/produit\/spiegel-one-more-look-dunkle-eiche-anthracite-grey-umage\/","og_locale":"de_DE","og_type":"article","og_title":"Spiegel One more Look - Dunkle Eiche - Anthracite Grey - Umage","og_description":"Entdecken Sie One More Look \u2013 ein skandinavischer Designspiegel, der \u00c4sthetik und Funktionalit\u00e4t f\u00fcr urbanes Leben vereint.","og_url":"https:\/\/ekkla.ch\/de\/produit\/spiegel-one-more-look-dunkle-eiche-anthracite-grey-umage\/","og_site_name":"Ekkla","article_modified_time":"2024-11-17T22:20:46+00:00","twitter_card":"summary_large_image","twitter_misc":{"Gesch\u00e4tzte Lesezeit":"1\u00a0Minute"},"schema":{"@context":"https:\/\/schema.org","@graph":[{"@type":"WebPage","@id":"https:\/\/ekkla.ch\/de\/produit\/spiegel-one-more-look-dunkle-eiche-anthracite-grey-umage\/","url":"https:\/\/ekkla.ch\/de\/produit\/spiegel-one-more-look-dunkle-eiche-anthracite-grey-umage\/","name":"Spiegel One more Look I Dunkle Eiche I Anthracite Grey I Umage","isPartOf":{"@id":"https:\/\/ekkla.ch\/#website"},"primaryImageOfPage":{"@id":"https:\/\/ekkla.ch\/de\/produit\/spiegel-one-more-look-dunkle-eiche-anthracite-grey-umage\/#primaryimage"},"image":{"@id":"https:\/\/ekkla.ch\/de\/produit\/spiegel-one-more-look-dunkle-eiche-anthracite-grey-umage\/#primaryimage"},"thumbnailUrl":"https:\/\/ekkla.ch\/wp-content\/uploads\/2024\/11\/ekkla-luminaires-meubles-umage_0381_UMAGE_packshot_5820C5620-2_OneMoreLook_darkoak_anthracitegrey__1_4eb5b3cf-fec1-4da0-.jpg","datePublished":"2024-11-12T15:17:20+00:00","dateModified":"2024-11-17T22:20:46+00:00","description":"Entdecken Sie One More Look \u2013 ein skandinavischer Designspiegel, der \u00c4sthetik und Funktionalit\u00e4t f\u00fcr urbanes Leben vereint.","breadcrumb":{"@id":"https:\/\/ekkla.ch\/de\/produit\/spiegel-one-more-look-dunkle-eiche-anthracite-grey-umage\/#breadcrumb"},"inLanguage":"de","potentialAction":[{"@type":"ReadAction","target":["https:\/\/ekkla.ch\/de\/produit\/spiegel-one-more-look-dunkle-eiche-anthracite-grey-umage\/"]}]},{"@type":"ImageObject","inLanguage":"de","@id":"https:\/\/ekkla.ch\/de\/produit\/spiegel-one-more-look-dunkle-eiche-anthracite-grey-umage\/#primaryimage","url":"https:\/\/ekkla.ch\/wp-content\/uploads\/2024\/11\/ekkla-luminaires-meubles-umage_0381_UMAGE_packshot_5820C5620-2_OneMoreLook_darkoak_anthracitegrey__1_4eb5b3cf-fec1-4da0-.jpg","contentUrl":"https:\/\/ekkla.ch\/wp-content\/uploads\/2024\/11\/ekkla-luminaires-meubles-umage_0381_UMAGE_packshot_5820C5620-2_OneMoreLook_darkoak_anthracitegrey__1_4eb5b3cf-fec1-4da0-.jpg","width":900,"height":900},{"@type":"BreadcrumbList","@id":"https:\/\/ekkla.ch\/de\/produit\/spiegel-one-more-look-dunkle-eiche-anthracite-grey-umage\/#breadcrumb","itemListElement":[{"@type":"ListItem","position":1,"name":"Home","item":"https:\/\/ekkla.ch\/de\/"},{"@type":"ListItem","position":2,"name":"Shop","item":"https:\/\/ekkla.ch\/de\/shop\/"},{"@type":"ListItem","position":3,"name":"Spiegel One more Look - Dunkle Eiche - Anthracite Grey - Umage"}]},{"@type":"WebSite","@id":"https:\/\/ekkla.ch\/#website","url":"https:\/\/ekkla.ch\/","name":"Ekkla","description":"Der Onlineshop f\u00fcr Beleuchtung","publisher":{"@id":"https:\/\/ekkla.ch\/#organization"},"potentialAction":[{"@type":"SearchAction","target":{"@type":"EntryPoint","urlTemplate":"https:\/\/ekkla.ch\/?s={search_term_string}"},"query-input":"required name=search_term_string"}],"inLanguage":"de"},{"@type":"Organization","@id":"https:\/\/ekkla.ch\/#organization","name":"Ekkla","url":"https:\/\/ekkla.ch\/","logo":{"@type":"ImageObject","inLanguage":"de","@id":"https:\/\/ekkla.ch\/#\/schema\/logo\/image\/","url":"http:\/\/ekkla.ch\/wp-content\/uploads\/2019\/07\/logo-1.svg","contentUrl":"http:\/\/ekkla.ch\/wp-content\/uploads\/2019\/07\/logo-1.svg","width":1,"height":1,"caption":"Ekkla"},"image":{"@id":"https:\/\/ekkla.ch\/#\/schema\/logo\/image\/"},"sameAs":["https:\/\/www.instagram.com\/ekkla_light\/"]}]}},"_links":{"self":[{"href":"https:\/\/ekkla.ch\/de\/wp-json\/wp\/v2\/product\/202101"}],"collection":[{"href":"https:\/\/ekkla.ch\/de\/wp-json\/wp\/v2\/product"}],"about":[{"href":"https:\/\/ekkla.ch\/de\/wp-json\/wp\/v2\/types\/product"}],"wp:featuredmedia":[{"embeddable":true,"href":"https:\/\/ekkla.ch\/de\/wp-json\/wp\/v2\/media\/203042"}],"wp:attachment":[{"href":"https:\/\/ekkla.ch\/de\/wp-json\/wp\/v2\/media?parent=202101"}],"wp:term":[{"taxonomy":"product_cat","embeddable":true,"href":"https:\/\/ekkla.ch\/de\/wp-json\/wp\/v2\/product_cat?post=202101"},{"taxonomy":"product_tag","embeddable":true,"href":"https:\/\/ekkla.ch\/de\/wp-json\/wp\/v2\/product_tag?post=202101"}],"curies":[{"name":"wp","href":"https:\/\/api.w.org\/{rel}","templated":true}]}}