{"id":202114,"date":"2024-11-12T16:38:59","date_gmt":"2024-11-12T15:38:59","guid":{"rendered":"https:\/\/ekkla.ch\/produit\/stuhl-time-flies-sugar-brown-vergoldete-beine-umage\/"},"modified":"2024-11-18T00:19:59","modified_gmt":"2024-11-17T23:19:59","slug":"stuhl-time-flies-sugar-brown-vergoldete-beine-umage","status":"publish","type":"product","link":"https:\/\/ekkla.ch\/de\/produit\/stuhl-time-flies-sugar-brown-vergoldete-beine-umage\/","title":{"rendered":"Stuhl Time Flies &#8211; Sugar Brown &#8211; Vergoldete Beine &#8211; Umage"},"content":{"rendered":"<p>Time Flies ist viel mehr als nur ein Stuhl &#8211; er ist ein funktionales Kunstwerk, das mit Ihnen wachsen soll. Sein Design mit seinen kunstvollen, klaren Linien verleiht jeder Einrichtung einen Hauch von Eleganz und verbindet Komfort mit \u00c4sthetik. Dank eines Systems aus austauschbaren Teilen ist dieser voll gepolsterte Stuhl vollst\u00e4ndig anpassbar, sodass Sie sein Aussehen nach Lust und Laune ver\u00e4ndern k\u00f6nnen, ohne einen neuen Stuhl kaufen zu m\u00fcssen.<\/p>\n<p>Jede Komponente ist so konzipiert, dass sie leicht ausgetauscht werden kann, wodurch sich eine breite Palette an Stilen und Texturen ergibt. Sie k\u00f6nnen Time Flies an verschiedene Umgebungen anpassen oder Ihren Raum neu erfinden, ohne Kompromisse bei Komfort oder Qualit\u00e4t eingehen zu m\u00fcssen. Indem sie auf Modularit\u00e4t und Nachhaltigkeit setzt, erfindet Time Flies die Art und Weise, wie wir M\u00f6bel wahrnehmen, neu &#8211; mit einem umweltfreundlicheren und innovativeren Ansatz. Sie ist die perfekte Wahl f\u00fcr alle, die nach zeitlosem, anpassungsf\u00e4higem und nachhaltigem Design suchen.<\/p>\n<p>Umage ist eine d\u00e4nische Marke, die skandinavisches Design, Nachhaltigkeit und Funktionalit\u00e4t miteinander verbindet. Sie zeichnet sich durch ihre eleganten und modularen Kreationen aus, die so konzipiert sind, dass sie moderne Innenr\u00e4ume veredeln und gleichzeitig den Platz optimieren. Mit einem starken Engagement f\u00fcr die Umwelt verwendet Umage verantwortungsvolle Materialien und legt Wert auf praktische L\u00f6sungen, die es erm\u00f6glichen, M\u00f6bel und Leuchten je nach Bedarf und Lust und Laune anzupassen und zu gestalten.<\/p>\n<blockquote>\n<h2>Merkmale &amp; Eigenschaften<\/h2>\n<p><strong>Marke<\/strong> Umage<\/p>\n<p><strong>Farben<\/strong> Braun und Gold<\/p>\n<p><strong>Materialien<\/strong> Stahl und Polyester (Horizons S und Horizons F).<\/p>\n<p><strong>H\u00f6he (cm)<\/strong> 83<\/p>\n<p><strong>Breite (cm) <\/strong>57<\/p>\n<p><strong>Tiefe (cm<\/strong>) 59<\/p>\n<p><strong>Gewicht (kg)<\/strong> 10,2<\/p><\/blockquote>\n","protected":false},"excerpt":{"rendered":"<p>Time Flies ist viel mehr als nur ein Stuhl &#8211; er ist ein funktionales Kunstwerk, das mit Ihnen wachsen soll. Sein Design mit seinen kunstvollen, klaren Linien verleiht jeder Einrichtung einen Hauch von Eleganz und verbindet Komfort mit \u00c4sthetik. Dank eines Systems aus austauschbaren Teilen ist dieser voll gepolsterte Stuhl vollst\u00e4ndig anpassbar, sodass Sie sein [&hellip;]<\/p>\n","protected":false},"featured_media":202556,"template":"","meta":{"_acf_changed":false,"om_disable_all_campaigns":false},"product_cat":[964,968],"product_tag":[1258,898,1188,1265,801,775],"bundled_by":[],"bundle_stock_status":"onbackorder","bundle_stock_quantity":null,"bundle_virtual":false,"bundle_layout":"","bundle_add_to_cart_form_location":"","bundle_editable_in_cart":false,"bundle_sold_individually_context":"","bundle_item_grouping":"","bundle_min_size":"","bundle_max_size":"","bundle_price":[],"bundled_items":[],"bundle_sell_ids":[],"acf":[],"yoast_head":"<!-- This site is optimized with the Yoast SEO Premium plugin v22.2 (Yoast SEO v22.8) - https:\/\/yoast.com\/wordpress\/plugins\/seo\/ -->\n<title>Stuhl Time Flies I Sugar Brown I Vergoldete Beine I Umage I Ekkla<\/title>\n<meta name=\"description\" content=\"Entdecken Sie den Stuhl Time Flies \u2013 ein vielseitiger Stuhl mit klaren Linien und elegantem Design, passend f\u00fcr jede Einrichtung.\" \/>\n<meta name=\"robots\" content=\"index, follow, max-snippet:-1, max-image-preview:large, max-video-preview:-1\" \/>\n<link rel=\"canonical\" href=\"https:\/\/ekkla.ch\/de\/produit\/stuhl-time-flies-sugar-brown-vergoldete-beine-umage\/\" \/>\n<meta property=\"og:locale\" content=\"de_DE\" \/>\n<meta property=\"og:type\" content=\"article\" \/>\n<meta property=\"og:title\" content=\"Stuhl Time Flies - Sugar Brown - Vergoldete Beine - Umage\" \/>\n<meta property=\"og:description\" content=\"Entdecken Sie den Stuhl Time Flies \u2013 ein vielseitiger Stuhl mit klaren Linien und elegantem Design, passend f\u00fcr jede Einrichtung.\" \/>\n<meta property=\"og:url\" content=\"https:\/\/ekkla.ch\/de\/produit\/stuhl-time-flies-sugar-brown-vergoldete-beine-umage\/\" \/>\n<meta property=\"og:site_name\" content=\"Ekkla\" \/>\n<meta property=\"article:modified_time\" content=\"2024-11-17T23:19:59+00:00\" \/>\n<meta name=\"twitter:card\" content=\"summary_large_image\" \/>\n<meta name=\"twitter:label1\" content=\"Gesch\u00e4tzte Lesezeit\" \/>\n\t<meta name=\"twitter:data1\" content=\"2\u00a0Minuten\" \/>\n<script type=\"application\/ld+json\" class=\"yoast-schema-graph\">{\"@context\":\"https:\/\/schema.org\",\"@graph\":[{\"@type\":\"WebPage\",\"@id\":\"https:\/\/ekkla.ch\/de\/produit\/stuhl-time-flies-sugar-brown-vergoldete-beine-umage\/\",\"url\":\"https:\/\/ekkla.ch\/de\/produit\/stuhl-time-flies-sugar-brown-vergoldete-beine-umage\/\",\"name\":\"Stuhl Time Flies I Sugar Brown I Vergoldete Beine I Umage I Ekkla\",\"isPartOf\":{\"@id\":\"https:\/\/ekkla.ch\/#website\"},\"primaryImageOfPage\":{\"@id\":\"https:\/\/ekkla.ch\/de\/produit\/stuhl-time-flies-sugar-brown-vergoldete-beine-umage\/#primaryimage\"},\"image\":{\"@id\":\"https:\/\/ekkla.ch\/de\/produit\/stuhl-time-flies-sugar-brown-vergoldete-beine-umage\/#primaryimage\"},\"thumbnailUrl\":\"https:\/\/ekkla.ch\/wp-content\/uploads\/2024\/11\/ekkla-luminaires-meubles-umage_0138_UMAGE_packshot_590-01C5901-1_TimeFlies_brass_sugarbrown__1_8bd5e066-145d-4354-998e-0.jpg\",\"datePublished\":\"2024-11-12T15:38:59+00:00\",\"dateModified\":\"2024-11-17T23:19:59+00:00\",\"description\":\"Entdecken Sie den Stuhl Time Flies \u2013 ein vielseitiger Stuhl mit klaren Linien und elegantem Design, passend f\u00fcr jede Einrichtung.\",\"breadcrumb\":{\"@id\":\"https:\/\/ekkla.ch\/de\/produit\/stuhl-time-flies-sugar-brown-vergoldete-beine-umage\/#breadcrumb\"},\"inLanguage\":\"de\",\"potentialAction\":[{\"@type\":\"ReadAction\",\"target\":[\"https:\/\/ekkla.ch\/de\/produit\/stuhl-time-flies-sugar-brown-vergoldete-beine-umage\/\"]}]},{\"@type\":\"ImageObject\",\"inLanguage\":\"de\",\"@id\":\"https:\/\/ekkla.ch\/de\/produit\/stuhl-time-flies-sugar-brown-vergoldete-beine-umage\/#primaryimage\",\"url\":\"https:\/\/ekkla.ch\/wp-content\/uploads\/2024\/11\/ekkla-luminaires-meubles-umage_0138_UMAGE_packshot_590-01C5901-1_TimeFlies_brass_sugarbrown__1_8bd5e066-145d-4354-998e-0.jpg\",\"contentUrl\":\"https:\/\/ekkla.ch\/wp-content\/uploads\/2024\/11\/ekkla-luminaires-meubles-umage_0138_UMAGE_packshot_590-01C5901-1_TimeFlies_brass_sugarbrown__1_8bd5e066-145d-4354-998e-0.jpg\",\"width\":900,\"height\":900},{\"@type\":\"BreadcrumbList\",\"@id\":\"https:\/\/ekkla.ch\/de\/produit\/stuhl-time-flies-sugar-brown-vergoldete-beine-umage\/#breadcrumb\",\"itemListElement\":[{\"@type\":\"ListItem\",\"position\":1,\"name\":\"Home\",\"item\":\"https:\/\/ekkla.ch\/de\/\"},{\"@type\":\"ListItem\",\"position\":2,\"name\":\"Shop\",\"item\":\"https:\/\/ekkla.ch\/de\/shop\/\"},{\"@type\":\"ListItem\",\"position\":3,\"name\":\"Stuhl Time Flies - Sugar Brown - Vergoldete Beine - Umage\"}]},{\"@type\":\"WebSite\",\"@id\":\"https:\/\/ekkla.ch\/#website\",\"url\":\"https:\/\/ekkla.ch\/\",\"name\":\"Ekkla\",\"description\":\"Der Onlineshop f\u00fcr Beleuchtung\",\"publisher\":{\"@id\":\"https:\/\/ekkla.ch\/#organization\"},\"potentialAction\":[{\"@type\":\"SearchAction\",\"target\":{\"@type\":\"EntryPoint\",\"urlTemplate\":\"https:\/\/ekkla.ch\/?s={search_term_string}\"},\"query-input\":\"required name=search_term_string\"}],\"inLanguage\":\"de\"},{\"@type\":\"Organization\",\"@id\":\"https:\/\/ekkla.ch\/#organization\",\"name\":\"Ekkla\",\"url\":\"https:\/\/ekkla.ch\/\",\"logo\":{\"@type\":\"ImageObject\",\"inLanguage\":\"de\",\"@id\":\"https:\/\/ekkla.ch\/#\/schema\/logo\/image\/\",\"url\":\"http:\/\/ekkla.ch\/wp-content\/uploads\/2019\/07\/logo-1.svg\",\"contentUrl\":\"http:\/\/ekkla.ch\/wp-content\/uploads\/2019\/07\/logo-1.svg\",\"width\":1,\"height\":1,\"caption\":\"Ekkla\"},\"image\":{\"@id\":\"https:\/\/ekkla.ch\/#\/schema\/logo\/image\/\"},\"sameAs\":[\"https:\/\/www.instagram.com\/ekkla_light\/\"]}]}<\/script>\n<!-- \/ Yoast SEO Premium plugin. -->","yoast_head_json":{"title":"Stuhl Time Flies I Sugar Brown I Vergoldete Beine I Umage I Ekkla","description":"Entdecken Sie den Stuhl Time Flies \u2013 ein vielseitiger Stuhl mit klaren Linien und elegantem Design, passend f\u00fcr jede Einrichtung.","robots":{"index":"index","follow":"follow","max-snippet":"max-snippet:-1","max-image-preview":"max-image-preview:large","max-video-preview":"max-video-preview:-1"},"canonical":"https:\/\/ekkla.ch\/de\/produit\/stuhl-time-flies-sugar-brown-vergoldete-beine-umage\/","og_locale":"de_DE","og_type":"article","og_title":"Stuhl Time Flies - Sugar Brown - Vergoldete Beine - Umage","og_description":"Entdecken Sie den Stuhl Time Flies \u2013 ein vielseitiger Stuhl mit klaren Linien und elegantem Design, passend f\u00fcr jede Einrichtung.","og_url":"https:\/\/ekkla.ch\/de\/produit\/stuhl-time-flies-sugar-brown-vergoldete-beine-umage\/","og_site_name":"Ekkla","article_modified_time":"2024-11-17T23:19:59+00:00","twitter_card":"summary_large_image","twitter_misc":{"Gesch\u00e4tzte Lesezeit":"2\u00a0Minuten"},"schema":{"@context":"https:\/\/schema.org","@graph":[{"@type":"WebPage","@id":"https:\/\/ekkla.ch\/de\/produit\/stuhl-time-flies-sugar-brown-vergoldete-beine-umage\/","url":"https:\/\/ekkla.ch\/de\/produit\/stuhl-time-flies-sugar-brown-vergoldete-beine-umage\/","name":"Stuhl Time Flies I Sugar Brown I Vergoldete Beine I Umage I Ekkla","isPartOf":{"@id":"https:\/\/ekkla.ch\/#website"},"primaryImageOfPage":{"@id":"https:\/\/ekkla.ch\/de\/produit\/stuhl-time-flies-sugar-brown-vergoldete-beine-umage\/#primaryimage"},"image":{"@id":"https:\/\/ekkla.ch\/de\/produit\/stuhl-time-flies-sugar-brown-vergoldete-beine-umage\/#primaryimage"},"thumbnailUrl":"https:\/\/ekkla.ch\/wp-content\/uploads\/2024\/11\/ekkla-luminaires-meubles-umage_0138_UMAGE_packshot_590-01C5901-1_TimeFlies_brass_sugarbrown__1_8bd5e066-145d-4354-998e-0.jpg","datePublished":"2024-11-12T15:38:59+00:00","dateModified":"2024-11-17T23:19:59+00:00","description":"Entdecken Sie den Stuhl Time Flies \u2013 ein vielseitiger Stuhl mit klaren Linien und elegantem Design, passend f\u00fcr jede Einrichtung.","breadcrumb":{"@id":"https:\/\/ekkla.ch\/de\/produit\/stuhl-time-flies-sugar-brown-vergoldete-beine-umage\/#breadcrumb"},"inLanguage":"de","potentialAction":[{"@type":"ReadAction","target":["https:\/\/ekkla.ch\/de\/produit\/stuhl-time-flies-sugar-brown-vergoldete-beine-umage\/"]}]},{"@type":"ImageObject","inLanguage":"de","@id":"https:\/\/ekkla.ch\/de\/produit\/stuhl-time-flies-sugar-brown-vergoldete-beine-umage\/#primaryimage","url":"https:\/\/ekkla.ch\/wp-content\/uploads\/2024\/11\/ekkla-luminaires-meubles-umage_0138_UMAGE_packshot_590-01C5901-1_TimeFlies_brass_sugarbrown__1_8bd5e066-145d-4354-998e-0.jpg","contentUrl":"https:\/\/ekkla.ch\/wp-content\/uploads\/2024\/11\/ekkla-luminaires-meubles-umage_0138_UMAGE_packshot_590-01C5901-1_TimeFlies_brass_sugarbrown__1_8bd5e066-145d-4354-998e-0.jpg","width":900,"height":900},{"@type":"BreadcrumbList","@id":"https:\/\/ekkla.ch\/de\/produit\/stuhl-time-flies-sugar-brown-vergoldete-beine-umage\/#breadcrumb","itemListElement":[{"@type":"ListItem","position":1,"name":"Home","item":"https:\/\/ekkla.ch\/de\/"},{"@type":"ListItem","position":2,"name":"Shop","item":"https:\/\/ekkla.ch\/de\/shop\/"},{"@type":"ListItem","position":3,"name":"Stuhl Time Flies - Sugar Brown - Vergoldete Beine - Umage"}]},{"@type":"WebSite","@id":"https:\/\/ekkla.ch\/#website","url":"https:\/\/ekkla.ch\/","name":"Ekkla","description":"Der Onlineshop f\u00fcr Beleuchtung","publisher":{"@id":"https:\/\/ekkla.ch\/#organization"},"potentialAction":[{"@type":"SearchAction","target":{"@type":"EntryPoint","urlTemplate":"https:\/\/ekkla.ch\/?s={search_term_string}"},"query-input":"required name=search_term_string"}],"inLanguage":"de"},{"@type":"Organization","@id":"https:\/\/ekkla.ch\/#organization","name":"Ekkla","url":"https:\/\/ekkla.ch\/","logo":{"@type":"ImageObject","inLanguage":"de","@id":"https:\/\/ekkla.ch\/#\/schema\/logo\/image\/","url":"http:\/\/ekkla.ch\/wp-content\/uploads\/2019\/07\/logo-1.svg","contentUrl":"http:\/\/ekkla.ch\/wp-content\/uploads\/2019\/07\/logo-1.svg","width":1,"height":1,"caption":"Ekkla"},"image":{"@id":"https:\/\/ekkla.ch\/#\/schema\/logo\/image\/"},"sameAs":["https:\/\/www.instagram.com\/ekkla_light\/"]}]}},"_links":{"self":[{"href":"https:\/\/ekkla.ch\/de\/wp-json\/wp\/v2\/product\/202114"}],"collection":[{"href":"https:\/\/ekkla.ch\/de\/wp-json\/wp\/v2\/product"}],"about":[{"href":"https:\/\/ekkla.ch\/de\/wp-json\/wp\/v2\/types\/product"}],"wp:featuredmedia":[{"embeddable":true,"href":"https:\/\/ekkla.ch\/de\/wp-json\/wp\/v2\/media\/202556"}],"wp:attachment":[{"href":"https:\/\/ekkla.ch\/de\/wp-json\/wp\/v2\/media?parent=202114"}],"wp:term":[{"taxonomy":"product_cat","embeddable":true,"href":"https:\/\/ekkla.ch\/de\/wp-json\/wp\/v2\/product_cat?post=202114"},{"taxonomy":"product_tag","embeddable":true,"href":"https:\/\/ekkla.ch\/de\/wp-json\/wp\/v2\/product_tag?post=202114"}],"curies":[{"name":"wp","href":"https:\/\/api.w.org\/{rel}","templated":true}]}}