{"id":202184,"date":"2024-11-18T15:19:28","date_gmt":"2024-11-18T14:19:28","guid":{"rendered":"https:\/\/ekkla.ch\/produit\/ottoman-a-conversation-piece-schwarze-eiche-teddy-white-umage\/"},"modified":"2024-11-19T01:10:03","modified_gmt":"2024-11-19T00:10:03","slug":"ottoman-a-conversation-piece-schwarze-eiche-teddy-white-umage","status":"publish","type":"product","link":"https:\/\/ekkla.ch\/de\/produit\/ottoman-a-conversation-piece-schwarze-eiche-teddy-white-umage\/","title":{"rendered":"Ottoman A Conversation Piece &#8211; Schwarze Eiche &#8211; Teddy White &#8211; Umage"},"content":{"rendered":"<p>Die Ottomane wurde entworfen, um die zarten Herzformen des Sessels A Conversation Piece zu erg\u00e4nzen, was sie zur idealen Begleiterin Ihrer Sessel macht. Sie bietet das gleiche zarte, organische Design und die detaillierte Konstruktion ohne sichtbare Verbindungen, die von den Sesseln der gleichen Kollektion anerkannt und gesch\u00e4tzt werden.<\/p>\n<p>Die Ottomane A Conversation Piece ist mit Rahmen aus Eiche, dunkler Eiche und schwarzer Eiche erh\u00e4ltlich, mit einer breiten Palette an Bez\u00fcgen, aus denen Sie w\u00e4hlen k\u00f6nnen, sodass Sie die perfekte Erg\u00e4nzung f\u00fcr Ihr Zuhause schaffen k\u00f6nnen.<\/p>\n<p>Da wir uns der st\u00e4ndigen Ver\u00e4nderung von Trends, Bed\u00fcrfnissen oder W\u00fcnschen bewusst sind, haben wir A Conversation Piece low mit einer austauschbaren Verkleidung entworfen. Mit einem austauschbaren Bezug k\u00f6nnen Sie diesem M\u00f6belst\u00fcck neues Leben einhauchen, indem Sie einfach den Bezug austauschen. So schaffen Sie ein M\u00f6belst\u00fcck, das nicht nur mit den Trends, sondern auch mit Ihnen und Ihren Bed\u00fcrfnissen w\u00e4chst und viele Jahre lang halten wird.<\/p>\n<p>Umage ist eine d\u00e4nische Marke, die skandinavisches Design, Langlebigkeit und Funktionalit\u00e4t miteinander verbindet. Sie zeichnet sich durch ihre eleganten und modularen Kreationen aus, die dazu gedacht sind, moderne Innenr\u00e4ume zu veredeln und gleichzeitig den Raum zu optimieren. Mit einem starken Engagement f\u00fcr die Umwelt verwendet Umage verantwortungsvolle Materialien und legt Wert auf praktische L\u00f6sungen, die es erm\u00f6glichen, M\u00f6bel und Leuchten je nach Bedarf und Lust und Laune anzupassen und zu gestalten.<\/p>\n<blockquote>\n<h2>Merkmale &amp; Eigenschaften<\/h2>\n<p><strong>Marke<\/strong> Umage<\/p>\n<p><strong>Farben<\/strong> Schwarz und Weiss<\/p>\n<p><strong>Materialien<\/strong> Eiche und Teddy Bear-Stoff<\/p>\n<p><strong>H\u00f6he (cm)<\/strong> 43<\/p>\n<p><strong>Breite (cm) <\/strong>63<\/p>\n<p><strong>Tiefe (cm)<\/strong> 50<\/p>\n<p><strong>Gewicht (kg)<\/strong> 7<\/p><\/blockquote>\n","protected":false},"excerpt":{"rendered":"<p>Die Ottomane wurde entworfen, um die zarten Herzformen des Sessels A Conversation Piece zu erg\u00e4nzen, was sie zur idealen Begleiterin Ihrer Sessel macht. Sie bietet das gleiche zarte, organische Design und die detaillierte Konstruktion ohne sichtbare Verbindungen, die von den Sesseln der gleichen Kollektion anerkannt und gesch\u00e4tzt werden. Die Ottomane A Conversation Piece ist mit [&hellip;]<\/p>\n","protected":false},"featured_media":202654,"template":"","meta":{"_acf_changed":false,"om_disable_all_campaigns":false},"product_cat":[964,972],"product_tag":[1258,898,1188,1265,775],"bundled_by":[],"bundle_stock_status":"onbackorder","bundle_stock_quantity":null,"bundle_virtual":false,"bundle_layout":"","bundle_add_to_cart_form_location":"","bundle_editable_in_cart":false,"bundle_sold_individually_context":"","bundle_item_grouping":"","bundle_min_size":"","bundle_max_size":"","bundle_price":[],"bundled_items":[],"bundle_sell_ids":[],"acf":[],"yoast_head":"<!-- This site is optimized with the Yoast SEO Premium plugin v22.2 (Yoast SEO v22.8) - https:\/\/yoast.com\/wordpress\/plugins\/seo\/ -->\n<title>Ottoman A Conversation Piece I Schwarze Eiche I White I Umage<\/title>\n<meta name=\"description\" content=\"Die Ottomane wurde als Erg\u00e4nzung zu den zarten Herzformen des Sessels A Conversation Piece entworfen. Sie bietet das gleiche zarte und organische Design.\" \/>\n<meta name=\"robots\" content=\"index, follow, max-snippet:-1, max-image-preview:large, max-video-preview:-1\" \/>\n<link rel=\"canonical\" href=\"https:\/\/ekkla.ch\/de\/produit\/ottoman-a-conversation-piece-schwarze-eiche-teddy-white-umage\/\" \/>\n<meta property=\"og:locale\" content=\"de_DE\" \/>\n<meta property=\"og:type\" content=\"article\" \/>\n<meta property=\"og:title\" content=\"Ottoman A Conversation Piece - Schwarze Eiche - Teddy White - Umage\" \/>\n<meta property=\"og:description\" content=\"Die Ottomane wurde als Erg\u00e4nzung zu den zarten Herzformen des Sessels A Conversation Piece entworfen. Sie bietet das gleiche zarte und organische Design.\" \/>\n<meta property=\"og:url\" content=\"https:\/\/ekkla.ch\/de\/produit\/ottoman-a-conversation-piece-schwarze-eiche-teddy-white-umage\/\" \/>\n<meta property=\"og:site_name\" content=\"Ekkla\" \/>\n<meta property=\"article:modified_time\" content=\"2024-11-19T00:10:03+00:00\" \/>\n<meta name=\"twitter:card\" content=\"summary_large_image\" \/>\n<meta name=\"twitter:label1\" content=\"Gesch\u00e4tzte Lesezeit\" \/>\n\t<meta name=\"twitter:data1\" content=\"2\u00a0Minuten\" \/>\n<script type=\"application\/ld+json\" class=\"yoast-schema-graph\">{\"@context\":\"https:\/\/schema.org\",\"@graph\":[{\"@type\":\"WebPage\",\"@id\":\"https:\/\/ekkla.ch\/de\/produit\/ottoman-a-conversation-piece-schwarze-eiche-teddy-white-umage\/\",\"url\":\"https:\/\/ekkla.ch\/de\/produit\/ottoman-a-conversation-piece-schwarze-eiche-teddy-white-umage\/\",\"name\":\"Ottoman A Conversation Piece I Schwarze Eiche I White I Umage\",\"isPartOf\":{\"@id\":\"https:\/\/ekkla.ch\/#website\"},\"primaryImageOfPage\":{\"@id\":\"https:\/\/ekkla.ch\/de\/produit\/ottoman-a-conversation-piece-schwarze-eiche-teddy-white-umage\/#primaryimage\"},\"image\":{\"@id\":\"https:\/\/ekkla.ch\/de\/produit\/ottoman-a-conversation-piece-schwarze-eiche-teddy-white-umage\/#primaryimage\"},\"thumbnailUrl\":\"https:\/\/ekkla.ch\/wp-content\/uploads\/2024\/11\/ekkla-luminaires-meubles-umage_0187_UMAGE_packshot_5104_5573-6_AConversationPiece_ottoman_blackoak_teddywhite_lowres_306.jpg\",\"datePublished\":\"2024-11-18T14:19:28+00:00\",\"dateModified\":\"2024-11-19T00:10:03+00:00\",\"description\":\"Die Ottomane wurde als Erg\u00e4nzung zu den zarten Herzformen des Sessels A Conversation Piece entworfen. Sie bietet das gleiche zarte und organische Design.\",\"breadcrumb\":{\"@id\":\"https:\/\/ekkla.ch\/de\/produit\/ottoman-a-conversation-piece-schwarze-eiche-teddy-white-umage\/#breadcrumb\"},\"inLanguage\":\"de\",\"potentialAction\":[{\"@type\":\"ReadAction\",\"target\":[\"https:\/\/ekkla.ch\/de\/produit\/ottoman-a-conversation-piece-schwarze-eiche-teddy-white-umage\/\"]}]},{\"@type\":\"ImageObject\",\"inLanguage\":\"de\",\"@id\":\"https:\/\/ekkla.ch\/de\/produit\/ottoman-a-conversation-piece-schwarze-eiche-teddy-white-umage\/#primaryimage\",\"url\":\"https:\/\/ekkla.ch\/wp-content\/uploads\/2024\/11\/ekkla-luminaires-meubles-umage_0187_UMAGE_packshot_5104_5573-6_AConversationPiece_ottoman_blackoak_teddywhite_lowres_306.jpg\",\"contentUrl\":\"https:\/\/ekkla.ch\/wp-content\/uploads\/2024\/11\/ekkla-luminaires-meubles-umage_0187_UMAGE_packshot_5104_5573-6_AConversationPiece_ottoman_blackoak_teddywhite_lowres_306.jpg\",\"width\":900,\"height\":900},{\"@type\":\"BreadcrumbList\",\"@id\":\"https:\/\/ekkla.ch\/de\/produit\/ottoman-a-conversation-piece-schwarze-eiche-teddy-white-umage\/#breadcrumb\",\"itemListElement\":[{\"@type\":\"ListItem\",\"position\":1,\"name\":\"Home\",\"item\":\"https:\/\/ekkla.ch\/de\/\"},{\"@type\":\"ListItem\",\"position\":2,\"name\":\"Shop\",\"item\":\"https:\/\/ekkla.ch\/de\/shop\/\"},{\"@type\":\"ListItem\",\"position\":3,\"name\":\"Ottoman A Conversation Piece - Schwarze Eiche - Teddy White - Umage\"}]},{\"@type\":\"WebSite\",\"@id\":\"https:\/\/ekkla.ch\/#website\",\"url\":\"https:\/\/ekkla.ch\/\",\"name\":\"Ekkla\",\"description\":\"Der Onlineshop f\u00fcr Beleuchtung\",\"publisher\":{\"@id\":\"https:\/\/ekkla.ch\/#organization\"},\"potentialAction\":[{\"@type\":\"SearchAction\",\"target\":{\"@type\":\"EntryPoint\",\"urlTemplate\":\"https:\/\/ekkla.ch\/?s={search_term_string}\"},\"query-input\":\"required name=search_term_string\"}],\"inLanguage\":\"de\"},{\"@type\":\"Organization\",\"@id\":\"https:\/\/ekkla.ch\/#organization\",\"name\":\"Ekkla\",\"url\":\"https:\/\/ekkla.ch\/\",\"logo\":{\"@type\":\"ImageObject\",\"inLanguage\":\"de\",\"@id\":\"https:\/\/ekkla.ch\/#\/schema\/logo\/image\/\",\"url\":\"http:\/\/ekkla.ch\/wp-content\/uploads\/2019\/07\/logo-1.svg\",\"contentUrl\":\"http:\/\/ekkla.ch\/wp-content\/uploads\/2019\/07\/logo-1.svg\",\"width\":1,\"height\":1,\"caption\":\"Ekkla\"},\"image\":{\"@id\":\"https:\/\/ekkla.ch\/#\/schema\/logo\/image\/\"},\"sameAs\":[\"https:\/\/www.instagram.com\/ekkla_light\/\"]}]}<\/script>\n<!-- \/ Yoast SEO Premium plugin. -->","yoast_head_json":{"title":"Ottoman A Conversation Piece I Schwarze Eiche I White I Umage","description":"Die Ottomane wurde als Erg\u00e4nzung zu den zarten Herzformen des Sessels A Conversation Piece entworfen. Sie bietet das gleiche zarte und organische Design.","robots":{"index":"index","follow":"follow","max-snippet":"max-snippet:-1","max-image-preview":"max-image-preview:large","max-video-preview":"max-video-preview:-1"},"canonical":"https:\/\/ekkla.ch\/de\/produit\/ottoman-a-conversation-piece-schwarze-eiche-teddy-white-umage\/","og_locale":"de_DE","og_type":"article","og_title":"Ottoman A Conversation Piece - Schwarze Eiche - Teddy White - Umage","og_description":"Die Ottomane wurde als Erg\u00e4nzung zu den zarten Herzformen des Sessels A Conversation Piece entworfen. Sie bietet das gleiche zarte und organische Design.","og_url":"https:\/\/ekkla.ch\/de\/produit\/ottoman-a-conversation-piece-schwarze-eiche-teddy-white-umage\/","og_site_name":"Ekkla","article_modified_time":"2024-11-19T00:10:03+00:00","twitter_card":"summary_large_image","twitter_misc":{"Gesch\u00e4tzte Lesezeit":"2\u00a0Minuten"},"schema":{"@context":"https:\/\/schema.org","@graph":[{"@type":"WebPage","@id":"https:\/\/ekkla.ch\/de\/produit\/ottoman-a-conversation-piece-schwarze-eiche-teddy-white-umage\/","url":"https:\/\/ekkla.ch\/de\/produit\/ottoman-a-conversation-piece-schwarze-eiche-teddy-white-umage\/","name":"Ottoman A Conversation Piece I Schwarze Eiche I White I Umage","isPartOf":{"@id":"https:\/\/ekkla.ch\/#website"},"primaryImageOfPage":{"@id":"https:\/\/ekkla.ch\/de\/produit\/ottoman-a-conversation-piece-schwarze-eiche-teddy-white-umage\/#primaryimage"},"image":{"@id":"https:\/\/ekkla.ch\/de\/produit\/ottoman-a-conversation-piece-schwarze-eiche-teddy-white-umage\/#primaryimage"},"thumbnailUrl":"https:\/\/ekkla.ch\/wp-content\/uploads\/2024\/11\/ekkla-luminaires-meubles-umage_0187_UMAGE_packshot_5104_5573-6_AConversationPiece_ottoman_blackoak_teddywhite_lowres_306.jpg","datePublished":"2024-11-18T14:19:28+00:00","dateModified":"2024-11-19T00:10:03+00:00","description":"Die Ottomane wurde als Erg\u00e4nzung zu den zarten Herzformen des Sessels A Conversation Piece entworfen. Sie bietet das gleiche zarte und organische Design.","breadcrumb":{"@id":"https:\/\/ekkla.ch\/de\/produit\/ottoman-a-conversation-piece-schwarze-eiche-teddy-white-umage\/#breadcrumb"},"inLanguage":"de","potentialAction":[{"@type":"ReadAction","target":["https:\/\/ekkla.ch\/de\/produit\/ottoman-a-conversation-piece-schwarze-eiche-teddy-white-umage\/"]}]},{"@type":"ImageObject","inLanguage":"de","@id":"https:\/\/ekkla.ch\/de\/produit\/ottoman-a-conversation-piece-schwarze-eiche-teddy-white-umage\/#primaryimage","url":"https:\/\/ekkla.ch\/wp-content\/uploads\/2024\/11\/ekkla-luminaires-meubles-umage_0187_UMAGE_packshot_5104_5573-6_AConversationPiece_ottoman_blackoak_teddywhite_lowres_306.jpg","contentUrl":"https:\/\/ekkla.ch\/wp-content\/uploads\/2024\/11\/ekkla-luminaires-meubles-umage_0187_UMAGE_packshot_5104_5573-6_AConversationPiece_ottoman_blackoak_teddywhite_lowres_306.jpg","width":900,"height":900},{"@type":"BreadcrumbList","@id":"https:\/\/ekkla.ch\/de\/produit\/ottoman-a-conversation-piece-schwarze-eiche-teddy-white-umage\/#breadcrumb","itemListElement":[{"@type":"ListItem","position":1,"name":"Home","item":"https:\/\/ekkla.ch\/de\/"},{"@type":"ListItem","position":2,"name":"Shop","item":"https:\/\/ekkla.ch\/de\/shop\/"},{"@type":"ListItem","position":3,"name":"Ottoman A Conversation Piece - Schwarze Eiche - Teddy White - Umage"}]},{"@type":"WebSite","@id":"https:\/\/ekkla.ch\/#website","url":"https:\/\/ekkla.ch\/","name":"Ekkla","description":"Der Onlineshop f\u00fcr Beleuchtung","publisher":{"@id":"https:\/\/ekkla.ch\/#organization"},"potentialAction":[{"@type":"SearchAction","target":{"@type":"EntryPoint","urlTemplate":"https:\/\/ekkla.ch\/?s={search_term_string}"},"query-input":"required name=search_term_string"}],"inLanguage":"de"},{"@type":"Organization","@id":"https:\/\/ekkla.ch\/#organization","name":"Ekkla","url":"https:\/\/ekkla.ch\/","logo":{"@type":"ImageObject","inLanguage":"de","@id":"https:\/\/ekkla.ch\/#\/schema\/logo\/image\/","url":"http:\/\/ekkla.ch\/wp-content\/uploads\/2019\/07\/logo-1.svg","contentUrl":"http:\/\/ekkla.ch\/wp-content\/uploads\/2019\/07\/logo-1.svg","width":1,"height":1,"caption":"Ekkla"},"image":{"@id":"https:\/\/ekkla.ch\/#\/schema\/logo\/image\/"},"sameAs":["https:\/\/www.instagram.com\/ekkla_light\/"]}]}},"_links":{"self":[{"href":"https:\/\/ekkla.ch\/de\/wp-json\/wp\/v2\/product\/202184"}],"collection":[{"href":"https:\/\/ekkla.ch\/de\/wp-json\/wp\/v2\/product"}],"about":[{"href":"https:\/\/ekkla.ch\/de\/wp-json\/wp\/v2\/types\/product"}],"wp:featuredmedia":[{"embeddable":true,"href":"https:\/\/ekkla.ch\/de\/wp-json\/wp\/v2\/media\/202654"}],"wp:attachment":[{"href":"https:\/\/ekkla.ch\/de\/wp-json\/wp\/v2\/media?parent=202184"}],"wp:term":[{"taxonomy":"product_cat","embeddable":true,"href":"https:\/\/ekkla.ch\/de\/wp-json\/wp\/v2\/product_cat?post=202184"},{"taxonomy":"product_tag","embeddable":true,"href":"https:\/\/ekkla.ch\/de\/wp-json\/wp\/v2\/product_tag?post=202184"}],"curies":[{"name":"wp","href":"https:\/\/api.w.org\/{rel}","templated":true}]}}