{"id":202268,"date":"2024-11-18T16:27:12","date_gmt":"2024-11-18T15:27:12","guid":{"rendered":"https:\/\/ekkla.ch\/produit\/grosser-sessel-a-conversation-piece-eiche-sugar-brown-umage\/"},"modified":"2024-11-20T06:33:20","modified_gmt":"2024-11-20T05:33:20","slug":"grosser-sessel-a-conversation-piece-eiche-sugar-brown-umage","status":"publish","type":"product","link":"https:\/\/ekkla.ch\/de\/produit\/grosser-sessel-a-conversation-piece-eiche-sugar-brown-umage\/","title":{"rendered":"Grosser Sessel A Conversation Piece &#8211; Eiche &#8211; Sugar Brown &#8211; Umage"},"content":{"rendered":"<p>Der Sessel A Conversation Piece tall ist ein bemerkenswertes Designst\u00fcck, das jedem Raum Raffinesse verleiht. Er eignet sich perfekt zum Lesen oder f\u00fcr Gespr\u00e4che, da er zur Entspannung und einem langsameren Lebensrhythmus beitr\u00e4gt.<\/p>\n<p>A Conversation Piece tall ist mit Rahmen aus Eiche, dunkler Eiche und schwarzer Eiche erh\u00e4ltlich, mit einer breiten Palette an Verkleidungen, aus denen Sie w\u00e4hlen k\u00f6nnen, sodass Sie die perfekte Erg\u00e4nzung f\u00fcr Ihr Zuhause schaffen k\u00f6nnen.<\/p>\n<p>Da wir uns der st\u00e4ndigen Ver\u00e4nderung von Trends, Bed\u00fcrfnissen oder W\u00fcnschen bewusst sind, haben wir A Conversation Piece tall mit einer austauschbaren Verkleidung entworfen. Mit einem austauschbaren Bezug k\u00f6nnen Sie diesem M\u00f6belst\u00fcck neues Leben einhauchen, indem Sie einfach den Bezug austauschen. So schaffen Sie ein M\u00f6belst\u00fcck, das nicht nur mit den Trends, sondern auch mit Ihnen und Ihren Bed\u00fcrfnissen w\u00e4chst und viele Jahre lang halten wird.<\/p>\n<p>Umage ist eine d\u00e4nische Marke, die skandinavisches Design, Langlebigkeit und Funktionalit\u00e4t miteinander verbindet. Sie zeichnet sich durch ihre eleganten und modularen Kreationen aus, die dazu gedacht sind, moderne Innenr\u00e4ume zu veredeln und gleichzeitig den Raum zu optimieren. Mit einem starken Engagement f\u00fcr die Umwelt verwendet Umage verantwortungsvolle Materialien und legt Wert auf praktische L\u00f6sungen, die es erm\u00f6glichen, M\u00f6bel und Leuchten je nach Bedarf und Lust und Laune anzupassen und zu gestalten.<\/p>\n<blockquote>\n<h2>Merkmale &amp; Eigenschaften<\/h2>\n<p><strong>Marke<\/strong> Umage<\/p>\n<p><strong>Farben<\/strong> Natur und Braun<\/p>\n<p><strong>Materialien<\/strong> Eiche und Horizon-Stoff<\/p>\n<p><strong>H\u00f6he (cm)<\/strong> 106<\/p>\n<p><strong>Breite (cm) <\/strong>73<\/p>\n<p><strong>Tiefe (cm<\/strong>) 93<\/p>\n<p><strong>Gewicht (kg)<\/strong> 19,5<\/p><\/blockquote>\n","protected":false},"excerpt":{"rendered":"<p>Der Sessel A Conversation Piece tall ist ein bemerkenswertes Designst\u00fcck, das jedem Raum Raffinesse verleiht. Er eignet sich perfekt zum Lesen oder f\u00fcr Gespr\u00e4che, da er zur Entspannung und einem langsameren Lebensrhythmus beitr\u00e4gt. A Conversation Piece tall ist mit Rahmen aus Eiche, dunkler Eiche und schwarzer Eiche erh\u00e4ltlich, mit einer breiten Palette an Verkleidungen, aus [&hellip;]<\/p>\n","protected":false},"featured_media":202404,"template":"","meta":{"_acf_changed":false,"om_disable_all_campaigns":false},"product_cat":[964,972],"product_tag":[1258,898,1188,1265,801],"bundled_by":[],"bundle_stock_status":"onbackorder","bundle_stock_quantity":null,"bundle_virtual":false,"bundle_layout":"","bundle_add_to_cart_form_location":"","bundle_editable_in_cart":false,"bundle_sold_individually_context":"","bundle_item_grouping":"","bundle_min_size":"","bundle_max_size":"","bundle_price":[],"bundled_items":[],"bundle_sell_ids":[],"acf":[],"yoast_head":"<!-- This site is optimized with the Yoast SEO Premium plugin v22.2 (Yoast SEO v22.8) - https:\/\/yoast.com\/wordpress\/plugins\/seo\/ -->\n<title>Grosser Sessel A Conversation Piece I Eiche I Brown I Umage<\/title>\n<meta name=\"description\" content=\"Der grosse Sessel A Conversation Piece kombiniert skandinavisches Design, Modularit\u00e4t und Langlebigkeit, mit Eichenholzrahmen und austauschbaren Bez\u00fcgen.\" \/>\n<meta name=\"robots\" content=\"index, follow, max-snippet:-1, max-image-preview:large, max-video-preview:-1\" \/>\n<link rel=\"canonical\" href=\"https:\/\/ekkla.ch\/de\/produit\/grosser-sessel-a-conversation-piece-eiche-sugar-brown-umage\/\" \/>\n<meta property=\"og:locale\" content=\"de_DE\" \/>\n<meta property=\"og:type\" content=\"article\" \/>\n<meta property=\"og:title\" content=\"Grosser Sessel A Conversation Piece - Eiche - Sugar Brown - Umage\" \/>\n<meta property=\"og:description\" content=\"Der grosse Sessel A Conversation Piece kombiniert skandinavisches Design, Modularit\u00e4t und Langlebigkeit, mit Eichenholzrahmen und austauschbaren Bez\u00fcgen.\" \/>\n<meta property=\"og:url\" content=\"https:\/\/ekkla.ch\/de\/produit\/grosser-sessel-a-conversation-piece-eiche-sugar-brown-umage\/\" \/>\n<meta property=\"og:site_name\" content=\"Ekkla\" \/>\n<meta property=\"article:modified_time\" content=\"2024-11-20T05:33:20+00:00\" \/>\n<meta name=\"twitter:card\" content=\"summary_large_image\" \/>\n<meta name=\"twitter:label1\" content=\"Gesch\u00e4tzte Lesezeit\" \/>\n\t<meta name=\"twitter:data1\" content=\"2\u00a0Minuten\" \/>\n<script type=\"application\/ld+json\" class=\"yoast-schema-graph\">{\"@context\":\"https:\/\/schema.org\",\"@graph\":[{\"@type\":\"WebPage\",\"@id\":\"https:\/\/ekkla.ch\/de\/produit\/grosser-sessel-a-conversation-piece-eiche-sugar-brown-umage\/\",\"url\":\"https:\/\/ekkla.ch\/de\/produit\/grosser-sessel-a-conversation-piece-eiche-sugar-brown-umage\/\",\"name\":\"Grosser Sessel A Conversation Piece I Eiche I Brown I Umage\",\"isPartOf\":{\"@id\":\"https:\/\/ekkla.ch\/#website\"},\"primaryImageOfPage\":{\"@id\":\"https:\/\/ekkla.ch\/de\/produit\/grosser-sessel-a-conversation-piece-eiche-sugar-brown-umage\/#primaryimage\"},\"image\":{\"@id\":\"https:\/\/ekkla.ch\/de\/produit\/grosser-sessel-a-conversation-piece-eiche-sugar-brown-umage\/#primaryimage\"},\"thumbnailUrl\":\"https:\/\/ekkla.ch\/wp-content\/uploads\/2024\/11\/ekkla-luminaires-meubles-umage_0062_UMAGE_packshot_5577C704-01_AConversationPiece_tall_oak_sugarbrown__2_900x.jpg\",\"datePublished\":\"2024-11-18T15:27:12+00:00\",\"dateModified\":\"2024-11-20T05:33:20+00:00\",\"description\":\"Der grosse Sessel A Conversation Piece kombiniert skandinavisches Design, Modularit\u00e4t und Langlebigkeit, mit Eichenholzrahmen und austauschbaren Bez\u00fcgen.\",\"breadcrumb\":{\"@id\":\"https:\/\/ekkla.ch\/de\/produit\/grosser-sessel-a-conversation-piece-eiche-sugar-brown-umage\/#breadcrumb\"},\"inLanguage\":\"de\",\"potentialAction\":[{\"@type\":\"ReadAction\",\"target\":[\"https:\/\/ekkla.ch\/de\/produit\/grosser-sessel-a-conversation-piece-eiche-sugar-brown-umage\/\"]}]},{\"@type\":\"ImageObject\",\"inLanguage\":\"de\",\"@id\":\"https:\/\/ekkla.ch\/de\/produit\/grosser-sessel-a-conversation-piece-eiche-sugar-brown-umage\/#primaryimage\",\"url\":\"https:\/\/ekkla.ch\/wp-content\/uploads\/2024\/11\/ekkla-luminaires-meubles-umage_0062_UMAGE_packshot_5577C704-01_AConversationPiece_tall_oak_sugarbrown__2_900x.jpg\",\"contentUrl\":\"https:\/\/ekkla.ch\/wp-content\/uploads\/2024\/11\/ekkla-luminaires-meubles-umage_0062_UMAGE_packshot_5577C704-01_AConversationPiece_tall_oak_sugarbrown__2_900x.jpg\",\"width\":900,\"height\":900},{\"@type\":\"BreadcrumbList\",\"@id\":\"https:\/\/ekkla.ch\/de\/produit\/grosser-sessel-a-conversation-piece-eiche-sugar-brown-umage\/#breadcrumb\",\"itemListElement\":[{\"@type\":\"ListItem\",\"position\":1,\"name\":\"Home\",\"item\":\"https:\/\/ekkla.ch\/de\/\"},{\"@type\":\"ListItem\",\"position\":2,\"name\":\"Shop\",\"item\":\"https:\/\/ekkla.ch\/de\/shop\/\"},{\"@type\":\"ListItem\",\"position\":3,\"name\":\"Grosser Sessel A Conversation Piece - Eiche - Sugar Brown - Umage\"}]},{\"@type\":\"WebSite\",\"@id\":\"https:\/\/ekkla.ch\/#website\",\"url\":\"https:\/\/ekkla.ch\/\",\"name\":\"Ekkla\",\"description\":\"Der Onlineshop f\u00fcr Beleuchtung\",\"publisher\":{\"@id\":\"https:\/\/ekkla.ch\/#organization\"},\"potentialAction\":[{\"@type\":\"SearchAction\",\"target\":{\"@type\":\"EntryPoint\",\"urlTemplate\":\"https:\/\/ekkla.ch\/?s={search_term_string}\"},\"query-input\":\"required name=search_term_string\"}],\"inLanguage\":\"de\"},{\"@type\":\"Organization\",\"@id\":\"https:\/\/ekkla.ch\/#organization\",\"name\":\"Ekkla\",\"url\":\"https:\/\/ekkla.ch\/\",\"logo\":{\"@type\":\"ImageObject\",\"inLanguage\":\"de\",\"@id\":\"https:\/\/ekkla.ch\/#\/schema\/logo\/image\/\",\"url\":\"http:\/\/ekkla.ch\/wp-content\/uploads\/2019\/07\/logo-1.svg\",\"contentUrl\":\"http:\/\/ekkla.ch\/wp-content\/uploads\/2019\/07\/logo-1.svg\",\"width\":1,\"height\":1,\"caption\":\"Ekkla\"},\"image\":{\"@id\":\"https:\/\/ekkla.ch\/#\/schema\/logo\/image\/\"},\"sameAs\":[\"https:\/\/www.instagram.com\/ekkla_light\/\"]}]}<\/script>\n<!-- \/ Yoast SEO Premium plugin. -->","yoast_head_json":{"title":"Grosser Sessel A Conversation Piece I Eiche I Brown I Umage","description":"Der grosse Sessel A Conversation Piece kombiniert skandinavisches Design, Modularit\u00e4t und Langlebigkeit, mit Eichenholzrahmen und austauschbaren Bez\u00fcgen.","robots":{"index":"index","follow":"follow","max-snippet":"max-snippet:-1","max-image-preview":"max-image-preview:large","max-video-preview":"max-video-preview:-1"},"canonical":"https:\/\/ekkla.ch\/de\/produit\/grosser-sessel-a-conversation-piece-eiche-sugar-brown-umage\/","og_locale":"de_DE","og_type":"article","og_title":"Grosser Sessel A Conversation Piece - Eiche - Sugar Brown - Umage","og_description":"Der grosse Sessel A Conversation Piece kombiniert skandinavisches Design, Modularit\u00e4t und Langlebigkeit, mit Eichenholzrahmen und austauschbaren Bez\u00fcgen.","og_url":"https:\/\/ekkla.ch\/de\/produit\/grosser-sessel-a-conversation-piece-eiche-sugar-brown-umage\/","og_site_name":"Ekkla","article_modified_time":"2024-11-20T05:33:20+00:00","twitter_card":"summary_large_image","twitter_misc":{"Gesch\u00e4tzte Lesezeit":"2\u00a0Minuten"},"schema":{"@context":"https:\/\/schema.org","@graph":[{"@type":"WebPage","@id":"https:\/\/ekkla.ch\/de\/produit\/grosser-sessel-a-conversation-piece-eiche-sugar-brown-umage\/","url":"https:\/\/ekkla.ch\/de\/produit\/grosser-sessel-a-conversation-piece-eiche-sugar-brown-umage\/","name":"Grosser Sessel A Conversation Piece I Eiche I Brown I Umage","isPartOf":{"@id":"https:\/\/ekkla.ch\/#website"},"primaryImageOfPage":{"@id":"https:\/\/ekkla.ch\/de\/produit\/grosser-sessel-a-conversation-piece-eiche-sugar-brown-umage\/#primaryimage"},"image":{"@id":"https:\/\/ekkla.ch\/de\/produit\/grosser-sessel-a-conversation-piece-eiche-sugar-brown-umage\/#primaryimage"},"thumbnailUrl":"https:\/\/ekkla.ch\/wp-content\/uploads\/2024\/11\/ekkla-luminaires-meubles-umage_0062_UMAGE_packshot_5577C704-01_AConversationPiece_tall_oak_sugarbrown__2_900x.jpg","datePublished":"2024-11-18T15:27:12+00:00","dateModified":"2024-11-20T05:33:20+00:00","description":"Der grosse Sessel A Conversation Piece kombiniert skandinavisches Design, Modularit\u00e4t und Langlebigkeit, mit Eichenholzrahmen und austauschbaren Bez\u00fcgen.","breadcrumb":{"@id":"https:\/\/ekkla.ch\/de\/produit\/grosser-sessel-a-conversation-piece-eiche-sugar-brown-umage\/#breadcrumb"},"inLanguage":"de","potentialAction":[{"@type":"ReadAction","target":["https:\/\/ekkla.ch\/de\/produit\/grosser-sessel-a-conversation-piece-eiche-sugar-brown-umage\/"]}]},{"@type":"ImageObject","inLanguage":"de","@id":"https:\/\/ekkla.ch\/de\/produit\/grosser-sessel-a-conversation-piece-eiche-sugar-brown-umage\/#primaryimage","url":"https:\/\/ekkla.ch\/wp-content\/uploads\/2024\/11\/ekkla-luminaires-meubles-umage_0062_UMAGE_packshot_5577C704-01_AConversationPiece_tall_oak_sugarbrown__2_900x.jpg","contentUrl":"https:\/\/ekkla.ch\/wp-content\/uploads\/2024\/11\/ekkla-luminaires-meubles-umage_0062_UMAGE_packshot_5577C704-01_AConversationPiece_tall_oak_sugarbrown__2_900x.jpg","width":900,"height":900},{"@type":"BreadcrumbList","@id":"https:\/\/ekkla.ch\/de\/produit\/grosser-sessel-a-conversation-piece-eiche-sugar-brown-umage\/#breadcrumb","itemListElement":[{"@type":"ListItem","position":1,"name":"Home","item":"https:\/\/ekkla.ch\/de\/"},{"@type":"ListItem","position":2,"name":"Shop","item":"https:\/\/ekkla.ch\/de\/shop\/"},{"@type":"ListItem","position":3,"name":"Grosser Sessel A Conversation Piece - Eiche - Sugar Brown - Umage"}]},{"@type":"WebSite","@id":"https:\/\/ekkla.ch\/#website","url":"https:\/\/ekkla.ch\/","name":"Ekkla","description":"Der Onlineshop f\u00fcr Beleuchtung","publisher":{"@id":"https:\/\/ekkla.ch\/#organization"},"potentialAction":[{"@type":"SearchAction","target":{"@type":"EntryPoint","urlTemplate":"https:\/\/ekkla.ch\/?s={search_term_string}"},"query-input":"required name=search_term_string"}],"inLanguage":"de"},{"@type":"Organization","@id":"https:\/\/ekkla.ch\/#organization","name":"Ekkla","url":"https:\/\/ekkla.ch\/","logo":{"@type":"ImageObject","inLanguage":"de","@id":"https:\/\/ekkla.ch\/#\/schema\/logo\/image\/","url":"http:\/\/ekkla.ch\/wp-content\/uploads\/2019\/07\/logo-1.svg","contentUrl":"http:\/\/ekkla.ch\/wp-content\/uploads\/2019\/07\/logo-1.svg","width":1,"height":1,"caption":"Ekkla"},"image":{"@id":"https:\/\/ekkla.ch\/#\/schema\/logo\/image\/"},"sameAs":["https:\/\/www.instagram.com\/ekkla_light\/"]}]}},"_links":{"self":[{"href":"https:\/\/ekkla.ch\/de\/wp-json\/wp\/v2\/product\/202268"}],"collection":[{"href":"https:\/\/ekkla.ch\/de\/wp-json\/wp\/v2\/product"}],"about":[{"href":"https:\/\/ekkla.ch\/de\/wp-json\/wp\/v2\/types\/product"}],"wp:featuredmedia":[{"embeddable":true,"href":"https:\/\/ekkla.ch\/de\/wp-json\/wp\/v2\/media\/202404"}],"wp:attachment":[{"href":"https:\/\/ekkla.ch\/de\/wp-json\/wp\/v2\/media?parent=202268"}],"wp:term":[{"taxonomy":"product_cat","embeddable":true,"href":"https:\/\/ekkla.ch\/de\/wp-json\/wp\/v2\/product_cat?post=202268"},{"taxonomy":"product_tag","embeddable":true,"href":"https:\/\/ekkla.ch\/de\/wp-json\/wp\/v2\/product_tag?post=202268"}],"curies":[{"name":"wp","href":"https:\/\/api.w.org\/{rel}","templated":true}]}}