{"id":203300,"date":"2024-11-21T05:42:54","date_gmt":"2024-11-21T04:42:54","guid":{"rendered":"https:\/\/ekkla.ch\/produit\/buffet-audacious-schwarze-eiche-shadow-umage\/"},"modified":"2024-11-21T06:41:44","modified_gmt":"2024-11-21T05:41:44","slug":"buffet-audacious-schwarze-eiche-shadow-umage","status":"publish","type":"product","link":"https:\/\/ekkla.ch\/de\/produit\/buffet-audacious-schwarze-eiche-shadow-umage\/","title":{"rendered":"Buffet Audacious &#8211; Schwarze Eiche &#8211; Shadow &#8211; Umage"},"content":{"rendered":"<p>Das Sideboard Audacious ist viel mehr als nur ein Aufbewahrungsm\u00f6bel, es ist eine Leinwand, auf der Sie Ihre Pers\u00f6nlichkeit zum Ausdruck bringen k\u00f6nnen. Dank seiner Trommelschiebet\u00fcren k\u00f6nnen Sie selbst entscheiden, was Sie hervorheben oder verbergen m\u00f6chten, und das Aussehen des M\u00f6belst\u00fccks nach Lust und Laune ver\u00e4ndern.<\/p>\n<p>Audacious ist in Natureiche, dunkler Eiche und schwarzer Eiche erh\u00e4ltlich und zeichnet sich durch seine T\u00fcren aus 100 % recyceltem Horizons-Textil in vier sorgf\u00e4ltig ausgew\u00e4hlten Farben aus. Mit diesen austauschbaren T\u00fcren k\u00f6nnen Sie das Design ganz einfach auffrischen, die Lebensdauer des M\u00f6belst\u00fccks verl\u00e4ngern und gleichzeitig die Umweltbelastung reduzieren.<\/p>\n<p>Mit Audacious erfinden Sie Ihr Zuhause neu und werten gleichzeitig Ihre Lieblingsst\u00fccke auf. Funktionalit\u00e4t, Nachhaltigkeit und \u00c4sthetik treffen sich in zeitlosem skandinavischem Design.<\/p>\n<blockquote>\n<h2>Merkmale &amp; Eigenschaften<\/h2>\n<p><strong>Marke<\/strong> Umage<\/p>\n<p><strong>Farben<\/strong> Schwarz und Anthrazit<\/p>\n<p><strong>Materialien<\/strong> Eiche, MDF, Messing und Polyester<\/p>\n<p><strong>H\u00f6he (cm)<\/strong> 67<\/p>\n<p><strong>Breite (cm) <\/strong>100<\/p>\n<p><strong>Tiefe (cm)<\/strong> 50<\/p>\n<p><strong>Gewicht (kg)<\/strong> 19.3<\/p><\/blockquote>\n","protected":false},"excerpt":{"rendered":"<p>Das Sideboard Audacious ist viel mehr als nur ein Aufbewahrungsm\u00f6bel, es ist eine Leinwand, auf der Sie Ihre Pers\u00f6nlichkeit zum Ausdruck bringen k\u00f6nnen. Dank seiner Trommelschiebet\u00fcren k\u00f6nnen Sie selbst entscheiden, was Sie hervorheben oder verbergen m\u00f6chten, und das Aussehen des M\u00f6belst\u00fccks nach Lust und Laune ver\u00e4ndern. Audacious ist in Natureiche, dunkler Eiche und schwarzer Eiche [&hellip;]<\/p>\n","protected":false},"featured_media":204573,"template":"","meta":{"_acf_changed":false,"om_disable_all_campaigns":false},"product_cat":[1062],"product_tag":[1258,898,1188,1265,801],"bundled_by":[],"bundle_stock_status":"onbackorder","bundle_stock_quantity":null,"bundle_virtual":false,"bundle_layout":"","bundle_add_to_cart_form_location":"","bundle_editable_in_cart":false,"bundle_sold_individually_context":"","bundle_item_grouping":"","bundle_min_size":"","bundle_max_size":"","bundle_price":[],"bundled_items":[],"bundle_sell_ids":[],"acf":[],"yoast_head":"<!-- This site is optimized with the Yoast SEO Premium plugin v22.2 (Yoast SEO v22.8) - https:\/\/yoast.com\/wordpress\/plugins\/seo\/ -->\n<title>Buffet Audacious I Schwarze Eiche I Shadow I Umage I Ekkla<\/title>\n<meta name=\"description\" content=\"Entdecken Sie das Buffet Audacious: ein skandinavisches M\u00f6belst\u00fcck aus Eiche mit austauschbaren Schiebet\u00fcren aus recyceltem Textil.\" \/>\n<meta name=\"robots\" content=\"index, follow, max-snippet:-1, max-image-preview:large, max-video-preview:-1\" \/>\n<link rel=\"canonical\" href=\"https:\/\/ekkla.ch\/de\/produit\/buffet-audacious-schwarze-eiche-shadow-umage\/\" \/>\n<meta property=\"og:locale\" content=\"de_DE\" \/>\n<meta property=\"og:type\" content=\"article\" \/>\n<meta property=\"og:title\" content=\"Buffet Audacious - Schwarze Eiche - Shadow - Umage\" \/>\n<meta property=\"og:description\" content=\"Entdecken Sie das Buffet Audacious: ein skandinavisches M\u00f6belst\u00fcck aus Eiche mit austauschbaren Schiebet\u00fcren aus recyceltem Textil.\" \/>\n<meta property=\"og:url\" content=\"https:\/\/ekkla.ch\/de\/produit\/buffet-audacious-schwarze-eiche-shadow-umage\/\" \/>\n<meta property=\"og:site_name\" content=\"Ekkla\" \/>\n<meta property=\"article:modified_time\" content=\"2024-11-21T05:41:44+00:00\" \/>\n<meta name=\"twitter:card\" content=\"summary_large_image\" \/>\n<meta name=\"twitter:label1\" content=\"Gesch\u00e4tzte Lesezeit\" \/>\n\t<meta name=\"twitter:data1\" content=\"1\u00a0Minute\" \/>\n<script type=\"application\/ld+json\" class=\"yoast-schema-graph\">{\"@context\":\"https:\/\/schema.org\",\"@graph\":[{\"@type\":\"WebPage\",\"@id\":\"https:\/\/ekkla.ch\/de\/produit\/buffet-audacious-schwarze-eiche-shadow-umage\/\",\"url\":\"https:\/\/ekkla.ch\/de\/produit\/buffet-audacious-schwarze-eiche-shadow-umage\/\",\"name\":\"Buffet Audacious I Schwarze Eiche I Shadow I Umage I Ekkla\",\"isPartOf\":{\"@id\":\"https:\/\/ekkla.ch\/#website\"},\"primaryImageOfPage\":{\"@id\":\"https:\/\/ekkla.ch\/de\/produit\/buffet-audacious-schwarze-eiche-shadow-umage\/#primaryimage\"},\"image\":{\"@id\":\"https:\/\/ekkla.ch\/de\/produit\/buffet-audacious-schwarze-eiche-shadow-umage\/#primaryimage\"},\"thumbnailUrl\":\"https:\/\/ekkla.ch\/wp-content\/uploads\/2024\/11\/ekkla-umage-audacious-chene-ambiance-1-1.jpg\",\"datePublished\":\"2024-11-21T04:42:54+00:00\",\"dateModified\":\"2024-11-21T05:41:44+00:00\",\"description\":\"Entdecken Sie das Buffet Audacious: ein skandinavisches M\u00f6belst\u00fcck aus Eiche mit austauschbaren Schiebet\u00fcren aus recyceltem Textil.\",\"breadcrumb\":{\"@id\":\"https:\/\/ekkla.ch\/de\/produit\/buffet-audacious-schwarze-eiche-shadow-umage\/#breadcrumb\"},\"inLanguage\":\"de\",\"potentialAction\":[{\"@type\":\"ReadAction\",\"target\":[\"https:\/\/ekkla.ch\/de\/produit\/buffet-audacious-schwarze-eiche-shadow-umage\/\"]}]},{\"@type\":\"ImageObject\",\"inLanguage\":\"de\",\"@id\":\"https:\/\/ekkla.ch\/de\/produit\/buffet-audacious-schwarze-eiche-shadow-umage\/#primaryimage\",\"url\":\"https:\/\/ekkla.ch\/wp-content\/uploads\/2024\/11\/ekkla-umage-audacious-chene-ambiance-1-1.jpg\",\"contentUrl\":\"https:\/\/ekkla.ch\/wp-content\/uploads\/2024\/11\/ekkla-umage-audacious-chene-ambiance-1-1.jpg\",\"width\":1000,\"height\":1000},{\"@type\":\"BreadcrumbList\",\"@id\":\"https:\/\/ekkla.ch\/de\/produit\/buffet-audacious-schwarze-eiche-shadow-umage\/#breadcrumb\",\"itemListElement\":[{\"@type\":\"ListItem\",\"position\":1,\"name\":\"Home\",\"item\":\"https:\/\/ekkla.ch\/de\/\"},{\"@type\":\"ListItem\",\"position\":2,\"name\":\"Shop\",\"item\":\"https:\/\/ekkla.ch\/de\/shop\/\"},{\"@type\":\"ListItem\",\"position\":3,\"name\":\"Buffet Audacious - Schwarze Eiche - Shadow - Umage\"}]},{\"@type\":\"WebSite\",\"@id\":\"https:\/\/ekkla.ch\/#website\",\"url\":\"https:\/\/ekkla.ch\/\",\"name\":\"Ekkla\",\"description\":\"Der Onlineshop f\u00fcr Beleuchtung\",\"publisher\":{\"@id\":\"https:\/\/ekkla.ch\/#organization\"},\"potentialAction\":[{\"@type\":\"SearchAction\",\"target\":{\"@type\":\"EntryPoint\",\"urlTemplate\":\"https:\/\/ekkla.ch\/?s={search_term_string}\"},\"query-input\":\"required name=search_term_string\"}],\"inLanguage\":\"de\"},{\"@type\":\"Organization\",\"@id\":\"https:\/\/ekkla.ch\/#organization\",\"name\":\"Ekkla\",\"url\":\"https:\/\/ekkla.ch\/\",\"logo\":{\"@type\":\"ImageObject\",\"inLanguage\":\"de\",\"@id\":\"https:\/\/ekkla.ch\/#\/schema\/logo\/image\/\",\"url\":\"http:\/\/ekkla.ch\/wp-content\/uploads\/2019\/07\/logo-1.svg\",\"contentUrl\":\"http:\/\/ekkla.ch\/wp-content\/uploads\/2019\/07\/logo-1.svg\",\"width\":1,\"height\":1,\"caption\":\"Ekkla\"},\"image\":{\"@id\":\"https:\/\/ekkla.ch\/#\/schema\/logo\/image\/\"},\"sameAs\":[\"https:\/\/www.instagram.com\/ekkla_light\/\"]}]}<\/script>\n<!-- \/ Yoast SEO Premium plugin. -->","yoast_head_json":{"title":"Buffet Audacious I Schwarze Eiche I Shadow I Umage I Ekkla","description":"Entdecken Sie das Buffet Audacious: ein skandinavisches M\u00f6belst\u00fcck aus Eiche mit austauschbaren Schiebet\u00fcren aus recyceltem Textil.","robots":{"index":"index","follow":"follow","max-snippet":"max-snippet:-1","max-image-preview":"max-image-preview:large","max-video-preview":"max-video-preview:-1"},"canonical":"https:\/\/ekkla.ch\/de\/produit\/buffet-audacious-schwarze-eiche-shadow-umage\/","og_locale":"de_DE","og_type":"article","og_title":"Buffet Audacious - Schwarze Eiche - Shadow - Umage","og_description":"Entdecken Sie das Buffet Audacious: ein skandinavisches M\u00f6belst\u00fcck aus Eiche mit austauschbaren Schiebet\u00fcren aus recyceltem Textil.","og_url":"https:\/\/ekkla.ch\/de\/produit\/buffet-audacious-schwarze-eiche-shadow-umage\/","og_site_name":"Ekkla","article_modified_time":"2024-11-21T05:41:44+00:00","twitter_card":"summary_large_image","twitter_misc":{"Gesch\u00e4tzte Lesezeit":"1\u00a0Minute"},"schema":{"@context":"https:\/\/schema.org","@graph":[{"@type":"WebPage","@id":"https:\/\/ekkla.ch\/de\/produit\/buffet-audacious-schwarze-eiche-shadow-umage\/","url":"https:\/\/ekkla.ch\/de\/produit\/buffet-audacious-schwarze-eiche-shadow-umage\/","name":"Buffet Audacious I Schwarze Eiche I Shadow I Umage I Ekkla","isPartOf":{"@id":"https:\/\/ekkla.ch\/#website"},"primaryImageOfPage":{"@id":"https:\/\/ekkla.ch\/de\/produit\/buffet-audacious-schwarze-eiche-shadow-umage\/#primaryimage"},"image":{"@id":"https:\/\/ekkla.ch\/de\/produit\/buffet-audacious-schwarze-eiche-shadow-umage\/#primaryimage"},"thumbnailUrl":"https:\/\/ekkla.ch\/wp-content\/uploads\/2024\/11\/ekkla-umage-audacious-chene-ambiance-1-1.jpg","datePublished":"2024-11-21T04:42:54+00:00","dateModified":"2024-11-21T05:41:44+00:00","description":"Entdecken Sie das Buffet Audacious: ein skandinavisches M\u00f6belst\u00fcck aus Eiche mit austauschbaren Schiebet\u00fcren aus recyceltem Textil.","breadcrumb":{"@id":"https:\/\/ekkla.ch\/de\/produit\/buffet-audacious-schwarze-eiche-shadow-umage\/#breadcrumb"},"inLanguage":"de","potentialAction":[{"@type":"ReadAction","target":["https:\/\/ekkla.ch\/de\/produit\/buffet-audacious-schwarze-eiche-shadow-umage\/"]}]},{"@type":"ImageObject","inLanguage":"de","@id":"https:\/\/ekkla.ch\/de\/produit\/buffet-audacious-schwarze-eiche-shadow-umage\/#primaryimage","url":"https:\/\/ekkla.ch\/wp-content\/uploads\/2024\/11\/ekkla-umage-audacious-chene-ambiance-1-1.jpg","contentUrl":"https:\/\/ekkla.ch\/wp-content\/uploads\/2024\/11\/ekkla-umage-audacious-chene-ambiance-1-1.jpg","width":1000,"height":1000},{"@type":"BreadcrumbList","@id":"https:\/\/ekkla.ch\/de\/produit\/buffet-audacious-schwarze-eiche-shadow-umage\/#breadcrumb","itemListElement":[{"@type":"ListItem","position":1,"name":"Home","item":"https:\/\/ekkla.ch\/de\/"},{"@type":"ListItem","position":2,"name":"Shop","item":"https:\/\/ekkla.ch\/de\/shop\/"},{"@type":"ListItem","position":3,"name":"Buffet Audacious - Schwarze Eiche - Shadow - Umage"}]},{"@type":"WebSite","@id":"https:\/\/ekkla.ch\/#website","url":"https:\/\/ekkla.ch\/","name":"Ekkla","description":"Der Onlineshop f\u00fcr Beleuchtung","publisher":{"@id":"https:\/\/ekkla.ch\/#organization"},"potentialAction":[{"@type":"SearchAction","target":{"@type":"EntryPoint","urlTemplate":"https:\/\/ekkla.ch\/?s={search_term_string}"},"query-input":"required name=search_term_string"}],"inLanguage":"de"},{"@type":"Organization","@id":"https:\/\/ekkla.ch\/#organization","name":"Ekkla","url":"https:\/\/ekkla.ch\/","logo":{"@type":"ImageObject","inLanguage":"de","@id":"https:\/\/ekkla.ch\/#\/schema\/logo\/image\/","url":"http:\/\/ekkla.ch\/wp-content\/uploads\/2019\/07\/logo-1.svg","contentUrl":"http:\/\/ekkla.ch\/wp-content\/uploads\/2019\/07\/logo-1.svg","width":1,"height":1,"caption":"Ekkla"},"image":{"@id":"https:\/\/ekkla.ch\/#\/schema\/logo\/image\/"},"sameAs":["https:\/\/www.instagram.com\/ekkla_light\/"]}]}},"_links":{"self":[{"href":"https:\/\/ekkla.ch\/de\/wp-json\/wp\/v2\/product\/203300"}],"collection":[{"href":"https:\/\/ekkla.ch\/de\/wp-json\/wp\/v2\/product"}],"about":[{"href":"https:\/\/ekkla.ch\/de\/wp-json\/wp\/v2\/types\/product"}],"wp:featuredmedia":[{"embeddable":true,"href":"https:\/\/ekkla.ch\/de\/wp-json\/wp\/v2\/media\/204573"}],"wp:attachment":[{"href":"https:\/\/ekkla.ch\/de\/wp-json\/wp\/v2\/media?parent=203300"}],"wp:term":[{"taxonomy":"product_cat","embeddable":true,"href":"https:\/\/ekkla.ch\/de\/wp-json\/wp\/v2\/product_cat?post=203300"},{"taxonomy":"product_tag","embeddable":true,"href":"https:\/\/ekkla.ch\/de\/wp-json\/wp\/v2\/product_tag?post=203300"}],"curies":[{"name":"wp","href":"https:\/\/api.w.org\/{rel}","templated":true}]}}