{"id":203327,"date":"2024-11-21T06:59:45","date_gmt":"2024-11-21T05:59:45","guid":{"rendered":"https:\/\/ekkla.ch\/produit\/buffet-audacious-highboard-eiche-white-sands-umage\/"},"modified":"2024-11-22T05:21:42","modified_gmt":"2024-11-22T04:21:42","slug":"buffet-audacious-highboard-eiche-white-sands-umage","status":"publish","type":"product","link":"https:\/\/ekkla.ch\/de\/produit\/buffet-audacious-highboard-eiche-white-sands-umage\/","title":{"rendered":"Buffet Audacious Highboard &#8211; Eiche &#8211; White Sands &#8211; Umage"},"content":{"rendered":"<p>Das Audacious Highboard ist die ideale L\u00f6sung, um Ihrer Einrichtung Stil und Funktionalit\u00e4t zu verleihen. Sein k\u00fchnes nordisches Design und die verschiebbaren Trommelt\u00fcren aus Textil verleihen ihm einen modernen Touch mit einem Hauch von Nostalgie.<\/p>\n<p>Mit zwei ger\u00e4umigen Regalb\u00f6den bietet es ausreichend Platz f\u00fcr Vasen, Spirituosen, Geschirr oder andere Alltagsgegenst\u00e4nde, w\u00e4hrend es gleichzeitig ordentlich und stilvoll aussieht.<\/p>\n<p>Mit den leicht austauschbaren Dreht\u00fcren k\u00f6nnen Sie das M\u00f6belst\u00fcck individuell gestalten und seine Lebensdauer verl\u00e4ngern, ohne es komplett austauschen zu m\u00fcssen &#8211; eine nachhaltige Option, die die Umwelt schont.<\/p>\n<p>Audacious Highboard vereint Zweckm\u00e4ssigkeit, \u00c4sthetik und verantwortungsbewusstes Engagement, um Ihren Lebensraum zu veredeln.<\/p>\n<blockquote>\n<h2>Merkmale &amp; Eigenschaften<\/h2>\n<p><strong>Marke<\/strong> Umage<\/p>\n<p><strong>Farben<\/strong> Natur und Weiss<\/p>\n<p><strong>Materialien<\/strong> Eiche, MDF und Polyester<\/p>\n<p><strong>H\u00f6he (cm)<\/strong> 100<\/p>\n<p><strong>Breite (cm) <\/strong>120<\/p>\n<p><strong>Tiefe (cm)<\/strong> 50<\/p>\n<p><strong>Gewicht (kg)<\/strong> 28.9<\/p><\/blockquote>\n","protected":false},"excerpt":{"rendered":"<p>Das Audacious Highboard ist die ideale L\u00f6sung, um Ihrer Einrichtung Stil und Funktionalit\u00e4t zu verleihen. Sein k\u00fchnes nordisches Design und die verschiebbaren Trommelt\u00fcren aus Textil verleihen ihm einen modernen Touch mit einem Hauch von Nostalgie. Mit zwei ger\u00e4umigen Regalb\u00f6den bietet es ausreichend Platz f\u00fcr Vasen, Spirituosen, Geschirr oder andere Alltagsgegenst\u00e4nde, w\u00e4hrend es gleichzeitig ordentlich und [&hellip;]<\/p>\n","protected":false},"featured_media":204670,"template":"","meta":{"_acf_changed":false,"om_disable_all_campaigns":false},"product_cat":[1062],"product_tag":[1258,898,1188,1265,801],"bundled_by":[],"bundle_stock_status":"onbackorder","bundle_stock_quantity":null,"bundle_virtual":false,"bundle_layout":"","bundle_add_to_cart_form_location":"","bundle_editable_in_cart":false,"bundle_sold_individually_context":"","bundle_item_grouping":"","bundle_min_size":"","bundle_max_size":"","bundle_price":[],"bundled_items":[],"bundle_sell_ids":[],"acf":[],"yoast_head":"<!-- This site is optimized with the Yoast SEO Premium plugin v22.2 (Yoast SEO v22.8) - https:\/\/yoast.com\/wordpress\/plugins\/seo\/ -->\n<title>Buffet Audacious Highboard I Eiche I White Sands I Umage I Ekkla<\/title>\n<meta name=\"description\" content=\"Entdecken Sie das Audacious Highboard: Nordisches M\u00f6belst\u00fcck in elegantem Design mit austauschbaren Trommelt\u00fcren, vielseitiger und langlebiger Stauraum.\" \/>\n<meta name=\"robots\" content=\"index, follow, max-snippet:-1, max-image-preview:large, max-video-preview:-1\" \/>\n<link rel=\"canonical\" href=\"https:\/\/ekkla.ch\/de\/produit\/buffet-audacious-highboard-eiche-white-sands-umage\/\" \/>\n<meta property=\"og:locale\" content=\"de_DE\" \/>\n<meta property=\"og:type\" content=\"article\" \/>\n<meta property=\"og:title\" content=\"Buffet Audacious Highboard - Eiche - White Sands - Umage\" \/>\n<meta property=\"og:description\" content=\"Entdecken Sie das Audacious Highboard: Nordisches M\u00f6belst\u00fcck in elegantem Design mit austauschbaren Trommelt\u00fcren, vielseitiger und langlebiger Stauraum.\" \/>\n<meta property=\"og:url\" content=\"https:\/\/ekkla.ch\/de\/produit\/buffet-audacious-highboard-eiche-white-sands-umage\/\" \/>\n<meta property=\"og:site_name\" content=\"Ekkla\" \/>\n<meta property=\"article:modified_time\" content=\"2024-11-22T04:21:42+00:00\" \/>\n<meta name=\"twitter:card\" content=\"summary_large_image\" \/>\n<meta name=\"twitter:label1\" content=\"Gesch\u00e4tzte Lesezeit\" \/>\n\t<meta name=\"twitter:data1\" content=\"1\u00a0Minute\" \/>\n<script type=\"application\/ld+json\" class=\"yoast-schema-graph\">{\"@context\":\"https:\/\/schema.org\",\"@graph\":[{\"@type\":\"WebPage\",\"@id\":\"https:\/\/ekkla.ch\/de\/produit\/buffet-audacious-highboard-eiche-white-sands-umage\/\",\"url\":\"https:\/\/ekkla.ch\/de\/produit\/buffet-audacious-highboard-eiche-white-sands-umage\/\",\"name\":\"Buffet Audacious Highboard I Eiche I White Sands I Umage I Ekkla\",\"isPartOf\":{\"@id\":\"https:\/\/ekkla.ch\/#website\"},\"primaryImageOfPage\":{\"@id\":\"https:\/\/ekkla.ch\/de\/produit\/buffet-audacious-highboard-eiche-white-sands-umage\/#primaryimage\"},\"image\":{\"@id\":\"https:\/\/ekkla.ch\/de\/produit\/buffet-audacious-highboard-eiche-white-sands-umage\/#primaryimage\"},\"thumbnailUrl\":\"https:\/\/ekkla.ch\/wp-content\/uploads\/2024\/12\/ekkla-umage-audacious-highboard-chene-white-sands-face.jpg\",\"datePublished\":\"2024-11-21T05:59:45+00:00\",\"dateModified\":\"2024-11-22T04:21:42+00:00\",\"description\":\"Entdecken Sie das Audacious Highboard: Nordisches M\u00f6belst\u00fcck in elegantem Design mit austauschbaren Trommelt\u00fcren, vielseitiger und langlebiger Stauraum.\",\"breadcrumb\":{\"@id\":\"https:\/\/ekkla.ch\/de\/produit\/buffet-audacious-highboard-eiche-white-sands-umage\/#breadcrumb\"},\"inLanguage\":\"de\",\"potentialAction\":[{\"@type\":\"ReadAction\",\"target\":[\"https:\/\/ekkla.ch\/de\/produit\/buffet-audacious-highboard-eiche-white-sands-umage\/\"]}]},{\"@type\":\"ImageObject\",\"inLanguage\":\"de\",\"@id\":\"https:\/\/ekkla.ch\/de\/produit\/buffet-audacious-highboard-eiche-white-sands-umage\/#primaryimage\",\"url\":\"https:\/\/ekkla.ch\/wp-content\/uploads\/2024\/12\/ekkla-umage-audacious-highboard-chene-white-sands-face.jpg\",\"contentUrl\":\"https:\/\/ekkla.ch\/wp-content\/uploads\/2024\/12\/ekkla-umage-audacious-highboard-chene-white-sands-face.jpg\",\"width\":1000,\"height\":1000},{\"@type\":\"BreadcrumbList\",\"@id\":\"https:\/\/ekkla.ch\/de\/produit\/buffet-audacious-highboard-eiche-white-sands-umage\/#breadcrumb\",\"itemListElement\":[{\"@type\":\"ListItem\",\"position\":1,\"name\":\"Home\",\"item\":\"https:\/\/ekkla.ch\/de\/\"},{\"@type\":\"ListItem\",\"position\":2,\"name\":\"Shop\",\"item\":\"https:\/\/ekkla.ch\/de\/shop\/\"},{\"@type\":\"ListItem\",\"position\":3,\"name\":\"Buffet Audacious Highboard - Eiche - White Sands - Umage\"}]},{\"@type\":\"WebSite\",\"@id\":\"https:\/\/ekkla.ch\/#website\",\"url\":\"https:\/\/ekkla.ch\/\",\"name\":\"Ekkla\",\"description\":\"Der Onlineshop f\u00fcr Beleuchtung\",\"publisher\":{\"@id\":\"https:\/\/ekkla.ch\/#organization\"},\"potentialAction\":[{\"@type\":\"SearchAction\",\"target\":{\"@type\":\"EntryPoint\",\"urlTemplate\":\"https:\/\/ekkla.ch\/?s={search_term_string}\"},\"query-input\":\"required name=search_term_string\"}],\"inLanguage\":\"de\"},{\"@type\":\"Organization\",\"@id\":\"https:\/\/ekkla.ch\/#organization\",\"name\":\"Ekkla\",\"url\":\"https:\/\/ekkla.ch\/\",\"logo\":{\"@type\":\"ImageObject\",\"inLanguage\":\"de\",\"@id\":\"https:\/\/ekkla.ch\/#\/schema\/logo\/image\/\",\"url\":\"http:\/\/ekkla.ch\/wp-content\/uploads\/2019\/07\/logo-1.svg\",\"contentUrl\":\"http:\/\/ekkla.ch\/wp-content\/uploads\/2019\/07\/logo-1.svg\",\"width\":1,\"height\":1,\"caption\":\"Ekkla\"},\"image\":{\"@id\":\"https:\/\/ekkla.ch\/#\/schema\/logo\/image\/\"},\"sameAs\":[\"https:\/\/www.instagram.com\/ekkla_light\/\"]}]}<\/script>\n<!-- \/ Yoast SEO Premium plugin. -->","yoast_head_json":{"title":"Buffet Audacious Highboard I Eiche I White Sands I Umage I Ekkla","description":"Entdecken Sie das Audacious Highboard: Nordisches M\u00f6belst\u00fcck in elegantem Design mit austauschbaren Trommelt\u00fcren, vielseitiger und langlebiger Stauraum.","robots":{"index":"index","follow":"follow","max-snippet":"max-snippet:-1","max-image-preview":"max-image-preview:large","max-video-preview":"max-video-preview:-1"},"canonical":"https:\/\/ekkla.ch\/de\/produit\/buffet-audacious-highboard-eiche-white-sands-umage\/","og_locale":"de_DE","og_type":"article","og_title":"Buffet Audacious Highboard - Eiche - White Sands - Umage","og_description":"Entdecken Sie das Audacious Highboard: Nordisches M\u00f6belst\u00fcck in elegantem Design mit austauschbaren Trommelt\u00fcren, vielseitiger und langlebiger Stauraum.","og_url":"https:\/\/ekkla.ch\/de\/produit\/buffet-audacious-highboard-eiche-white-sands-umage\/","og_site_name":"Ekkla","article_modified_time":"2024-11-22T04:21:42+00:00","twitter_card":"summary_large_image","twitter_misc":{"Gesch\u00e4tzte Lesezeit":"1\u00a0Minute"},"schema":{"@context":"https:\/\/schema.org","@graph":[{"@type":"WebPage","@id":"https:\/\/ekkla.ch\/de\/produit\/buffet-audacious-highboard-eiche-white-sands-umage\/","url":"https:\/\/ekkla.ch\/de\/produit\/buffet-audacious-highboard-eiche-white-sands-umage\/","name":"Buffet Audacious Highboard I Eiche I White Sands I Umage I Ekkla","isPartOf":{"@id":"https:\/\/ekkla.ch\/#website"},"primaryImageOfPage":{"@id":"https:\/\/ekkla.ch\/de\/produit\/buffet-audacious-highboard-eiche-white-sands-umage\/#primaryimage"},"image":{"@id":"https:\/\/ekkla.ch\/de\/produit\/buffet-audacious-highboard-eiche-white-sands-umage\/#primaryimage"},"thumbnailUrl":"https:\/\/ekkla.ch\/wp-content\/uploads\/2024\/12\/ekkla-umage-audacious-highboard-chene-white-sands-face.jpg","datePublished":"2024-11-21T05:59:45+00:00","dateModified":"2024-11-22T04:21:42+00:00","description":"Entdecken Sie das Audacious Highboard: Nordisches M\u00f6belst\u00fcck in elegantem Design mit austauschbaren Trommelt\u00fcren, vielseitiger und langlebiger Stauraum.","breadcrumb":{"@id":"https:\/\/ekkla.ch\/de\/produit\/buffet-audacious-highboard-eiche-white-sands-umage\/#breadcrumb"},"inLanguage":"de","potentialAction":[{"@type":"ReadAction","target":["https:\/\/ekkla.ch\/de\/produit\/buffet-audacious-highboard-eiche-white-sands-umage\/"]}]},{"@type":"ImageObject","inLanguage":"de","@id":"https:\/\/ekkla.ch\/de\/produit\/buffet-audacious-highboard-eiche-white-sands-umage\/#primaryimage","url":"https:\/\/ekkla.ch\/wp-content\/uploads\/2024\/12\/ekkla-umage-audacious-highboard-chene-white-sands-face.jpg","contentUrl":"https:\/\/ekkla.ch\/wp-content\/uploads\/2024\/12\/ekkla-umage-audacious-highboard-chene-white-sands-face.jpg","width":1000,"height":1000},{"@type":"BreadcrumbList","@id":"https:\/\/ekkla.ch\/de\/produit\/buffet-audacious-highboard-eiche-white-sands-umage\/#breadcrumb","itemListElement":[{"@type":"ListItem","position":1,"name":"Home","item":"https:\/\/ekkla.ch\/de\/"},{"@type":"ListItem","position":2,"name":"Shop","item":"https:\/\/ekkla.ch\/de\/shop\/"},{"@type":"ListItem","position":3,"name":"Buffet Audacious Highboard - Eiche - White Sands - Umage"}]},{"@type":"WebSite","@id":"https:\/\/ekkla.ch\/#website","url":"https:\/\/ekkla.ch\/","name":"Ekkla","description":"Der Onlineshop f\u00fcr Beleuchtung","publisher":{"@id":"https:\/\/ekkla.ch\/#organization"},"potentialAction":[{"@type":"SearchAction","target":{"@type":"EntryPoint","urlTemplate":"https:\/\/ekkla.ch\/?s={search_term_string}"},"query-input":"required name=search_term_string"}],"inLanguage":"de"},{"@type":"Organization","@id":"https:\/\/ekkla.ch\/#organization","name":"Ekkla","url":"https:\/\/ekkla.ch\/","logo":{"@type":"ImageObject","inLanguage":"de","@id":"https:\/\/ekkla.ch\/#\/schema\/logo\/image\/","url":"http:\/\/ekkla.ch\/wp-content\/uploads\/2019\/07\/logo-1.svg","contentUrl":"http:\/\/ekkla.ch\/wp-content\/uploads\/2019\/07\/logo-1.svg","width":1,"height":1,"caption":"Ekkla"},"image":{"@id":"https:\/\/ekkla.ch\/#\/schema\/logo\/image\/"},"sameAs":["https:\/\/www.instagram.com\/ekkla_light\/"]}]}},"_links":{"self":[{"href":"https:\/\/ekkla.ch\/de\/wp-json\/wp\/v2\/product\/203327"}],"collection":[{"href":"https:\/\/ekkla.ch\/de\/wp-json\/wp\/v2\/product"}],"about":[{"href":"https:\/\/ekkla.ch\/de\/wp-json\/wp\/v2\/types\/product"}],"wp:featuredmedia":[{"embeddable":true,"href":"https:\/\/ekkla.ch\/de\/wp-json\/wp\/v2\/media\/204670"}],"wp:attachment":[{"href":"https:\/\/ekkla.ch\/de\/wp-json\/wp\/v2\/media?parent=203327"}],"wp:term":[{"taxonomy":"product_cat","embeddable":true,"href":"https:\/\/ekkla.ch\/de\/wp-json\/wp\/v2\/product_cat?post=203327"},{"taxonomy":"product_tag","embeddable":true,"href":"https:\/\/ekkla.ch\/de\/wp-json\/wp\/v2\/product_tag?post=203327"}],"curies":[{"name":"wp","href":"https:\/\/api.w.org\/{rel}","templated":true}]}}