{"id":203367,"date":"2024-11-22T05:40:15","date_gmt":"2024-11-22T04:40:15","guid":{"rendered":"https:\/\/ekkla.ch\/produit\/sessel-the-reader-dunkle-eiche-teddy-brown-umage\/"},"modified":"2024-11-22T07:04:10","modified_gmt":"2024-11-22T06:04:10","slug":"sessel-the-reader-dunkle-eiche-teddy-brown-umage","status":"publish","type":"product","link":"https:\/\/ekkla.ch\/de\/produit\/sessel-the-reader-dunkle-eiche-teddy-brown-umage\/","title":{"rendered":"Sessel The Reader &#8211; Dunkle Eiche &#8211; Teddy Brown &#8211; Umage"},"content":{"rendered":"<p>Der Sessel The Reader wurde entworfen, damit Sie sich entspannen k\u00f6nnen. Er zeichnet sich durch seine geschwungene Sitzschale aus, die von d\u00e4nischen Handwerkstechniken inspiriert ist. Diese einzigartige Form reduziert die Umgebungsger\u00e4usche und bietet einen Ort der Ruhe und des Nachdenkens.<\/p>\n<p>Mit seinen k\u00fchnen organischen Kurven und dem leichten Design f\u00fcgt er sich nahtlos in jede Einrichtung ein und ist ideal, um ein gutes Buch oder ein Gespr\u00e4ch zu geniessen.<\/p>\n<p>Erh\u00e4ltlich mit Rahmen aus Eiche, dunkler Eiche oder schwarzer Eiche und einer breiten Palette an Textilien und Farben, einschliesslich recycelter Materialien und zertifiziertem Leder. Sein austauschbarer Bezug erm\u00f6glicht es Ihnen, Ihrem Geschmack und Ihren Bed\u00fcrfnissen zu folgen und garantiert ein Design, das mit der Zeit geht.<\/p>\n<blockquote>\n<h2>Merkmale &amp; Eigenschaften<\/h2>\n<p><strong>Marke<\/strong> Umage<\/p>\n<p><strong>Farben<\/strong> Dunkelbraun und Braun<\/p>\n<p><strong>Materialien<\/strong> Eiche, MDF und Polyester<\/p>\n<p><strong>H\u00f6he (cm)<\/strong> 105<\/p>\n<p><strong>Breite (cm) <\/strong>79<\/p>\n<p><strong>Tiefe (cm)<\/strong> 91<\/p>\n<p><strong>Gewicht (kg)<\/strong> 21.5<\/p><\/blockquote>\n","protected":false},"excerpt":{"rendered":"<p>Der Sessel The Reader wurde entworfen, damit Sie sich entspannen k\u00f6nnen. Er zeichnet sich durch seine geschwungene Sitzschale aus, die von d\u00e4nischen Handwerkstechniken inspiriert ist. Diese einzigartige Form reduziert die Umgebungsger\u00e4usche und bietet einen Ort der Ruhe und des Nachdenkens. Mit seinen k\u00fchnen organischen Kurven und dem leichten Design f\u00fcgt er sich nahtlos in jede [&hellip;]<\/p>\n","protected":false},"featured_media":204743,"template":"","meta":{"_acf_changed":false,"om_disable_all_campaigns":false},"product_cat":[972],"product_tag":[1258,898,1188,1265,801],"bundled_by":[],"bundle_stock_status":"onbackorder","bundle_stock_quantity":null,"bundle_virtual":false,"bundle_layout":"","bundle_add_to_cart_form_location":"","bundle_editable_in_cart":false,"bundle_sold_individually_context":"","bundle_item_grouping":"","bundle_min_size":"","bundle_max_size":"","bundle_price":[],"bundled_items":[],"bundle_sell_ids":[],"acf":[],"yoast_head":"<!-- This site is optimized with the Yoast SEO Premium plugin v22.2 (Yoast SEO v22.8) - https:\/\/yoast.com\/wordpress\/plugins\/seo\/ -->\n<title>Sessel The Reader I Dunkle Eiche I Teddy Brown I Umage I Ekkla<\/title>\n<meta name=\"description\" content=\"Entdecken Sie den Sessel The Reader: d\u00e4nisches Design, eine gebogene Sitzschale zur Ger\u00e4uschreduzierung, Eichenholzrahmen und elegante Textilien.\" \/>\n<meta name=\"robots\" content=\"index, follow, max-snippet:-1, max-image-preview:large, max-video-preview:-1\" \/>\n<link rel=\"canonical\" href=\"https:\/\/ekkla.ch\/de\/produit\/sessel-the-reader-dunkle-eiche-teddy-brown-umage\/\" \/>\n<meta property=\"og:locale\" content=\"de_DE\" \/>\n<meta property=\"og:type\" content=\"article\" \/>\n<meta property=\"og:title\" content=\"Sessel The Reader - Dunkle Eiche - Teddy Brown - Umage\" \/>\n<meta property=\"og:description\" content=\"Entdecken Sie den Sessel The Reader: d\u00e4nisches Design, eine gebogene Sitzschale zur Ger\u00e4uschreduzierung, Eichenholzrahmen und elegante Textilien.\" \/>\n<meta property=\"og:url\" content=\"https:\/\/ekkla.ch\/de\/produit\/sessel-the-reader-dunkle-eiche-teddy-brown-umage\/\" \/>\n<meta property=\"og:site_name\" content=\"Ekkla\" \/>\n<meta property=\"article:modified_time\" content=\"2024-11-22T06:04:10+00:00\" \/>\n<meta name=\"twitter:card\" content=\"summary_large_image\" \/>\n<meta name=\"twitter:label1\" content=\"Gesch\u00e4tzte Lesezeit\" \/>\n\t<meta name=\"twitter:data1\" content=\"1\u00a0Minute\" \/>\n<script type=\"application\/ld+json\" class=\"yoast-schema-graph\">{\"@context\":\"https:\/\/schema.org\",\"@graph\":[{\"@type\":\"WebPage\",\"@id\":\"https:\/\/ekkla.ch\/de\/produit\/sessel-the-reader-dunkle-eiche-teddy-brown-umage\/\",\"url\":\"https:\/\/ekkla.ch\/de\/produit\/sessel-the-reader-dunkle-eiche-teddy-brown-umage\/\",\"name\":\"Sessel The Reader I Dunkle Eiche I Teddy Brown I Umage I Ekkla\",\"isPartOf\":{\"@id\":\"https:\/\/ekkla.ch\/#website\"},\"primaryImageOfPage\":{\"@id\":\"https:\/\/ekkla.ch\/de\/produit\/sessel-the-reader-dunkle-eiche-teddy-brown-umage\/#primaryimage\"},\"image\":{\"@id\":\"https:\/\/ekkla.ch\/de\/produit\/sessel-the-reader-dunkle-eiche-teddy-brown-umage\/#primaryimage\"},\"thumbnailUrl\":\"https:\/\/ekkla.ch\/wp-content\/uploads\/2024\/12\/ekkla-umage-the-reader-chene-fonce-teddy-brown.jpg\",\"datePublished\":\"2024-11-22T04:40:15+00:00\",\"dateModified\":\"2024-11-22T06:04:10+00:00\",\"description\":\"Entdecken Sie den Sessel The Reader: d\u00e4nisches Design, eine gebogene Sitzschale zur Ger\u00e4uschreduzierung, Eichenholzrahmen und elegante Textilien.\",\"breadcrumb\":{\"@id\":\"https:\/\/ekkla.ch\/de\/produit\/sessel-the-reader-dunkle-eiche-teddy-brown-umage\/#breadcrumb\"},\"inLanguage\":\"de\",\"potentialAction\":[{\"@type\":\"ReadAction\",\"target\":[\"https:\/\/ekkla.ch\/de\/produit\/sessel-the-reader-dunkle-eiche-teddy-brown-umage\/\"]}]},{\"@type\":\"ImageObject\",\"inLanguage\":\"de\",\"@id\":\"https:\/\/ekkla.ch\/de\/produit\/sessel-the-reader-dunkle-eiche-teddy-brown-umage\/#primaryimage\",\"url\":\"https:\/\/ekkla.ch\/wp-content\/uploads\/2024\/12\/ekkla-umage-the-reader-chene-fonce-teddy-brown.jpg\",\"contentUrl\":\"https:\/\/ekkla.ch\/wp-content\/uploads\/2024\/12\/ekkla-umage-the-reader-chene-fonce-teddy-brown.jpg\",\"width\":1000,\"height\":1000},{\"@type\":\"BreadcrumbList\",\"@id\":\"https:\/\/ekkla.ch\/de\/produit\/sessel-the-reader-dunkle-eiche-teddy-brown-umage\/#breadcrumb\",\"itemListElement\":[{\"@type\":\"ListItem\",\"position\":1,\"name\":\"Home\",\"item\":\"https:\/\/ekkla.ch\/de\/\"},{\"@type\":\"ListItem\",\"position\":2,\"name\":\"Shop\",\"item\":\"https:\/\/ekkla.ch\/de\/shop\/\"},{\"@type\":\"ListItem\",\"position\":3,\"name\":\"Sessel The Reader - Dunkle Eiche - Teddy Brown - Umage\"}]},{\"@type\":\"WebSite\",\"@id\":\"https:\/\/ekkla.ch\/#website\",\"url\":\"https:\/\/ekkla.ch\/\",\"name\":\"Ekkla\",\"description\":\"Der Onlineshop f\u00fcr Beleuchtung\",\"publisher\":{\"@id\":\"https:\/\/ekkla.ch\/#organization\"},\"potentialAction\":[{\"@type\":\"SearchAction\",\"target\":{\"@type\":\"EntryPoint\",\"urlTemplate\":\"https:\/\/ekkla.ch\/?s={search_term_string}\"},\"query-input\":\"required name=search_term_string\"}],\"inLanguage\":\"de\"},{\"@type\":\"Organization\",\"@id\":\"https:\/\/ekkla.ch\/#organization\",\"name\":\"Ekkla\",\"url\":\"https:\/\/ekkla.ch\/\",\"logo\":{\"@type\":\"ImageObject\",\"inLanguage\":\"de\",\"@id\":\"https:\/\/ekkla.ch\/#\/schema\/logo\/image\/\",\"url\":\"http:\/\/ekkla.ch\/wp-content\/uploads\/2019\/07\/logo-1.svg\",\"contentUrl\":\"http:\/\/ekkla.ch\/wp-content\/uploads\/2019\/07\/logo-1.svg\",\"width\":1,\"height\":1,\"caption\":\"Ekkla\"},\"image\":{\"@id\":\"https:\/\/ekkla.ch\/#\/schema\/logo\/image\/\"},\"sameAs\":[\"https:\/\/www.instagram.com\/ekkla_light\/\"]}]}<\/script>\n<!-- \/ Yoast SEO Premium plugin. -->","yoast_head_json":{"title":"Sessel The Reader I Dunkle Eiche I Teddy Brown I Umage I Ekkla","description":"Entdecken Sie den Sessel The Reader: d\u00e4nisches Design, eine gebogene Sitzschale zur Ger\u00e4uschreduzierung, Eichenholzrahmen und elegante Textilien.","robots":{"index":"index","follow":"follow","max-snippet":"max-snippet:-1","max-image-preview":"max-image-preview:large","max-video-preview":"max-video-preview:-1"},"canonical":"https:\/\/ekkla.ch\/de\/produit\/sessel-the-reader-dunkle-eiche-teddy-brown-umage\/","og_locale":"de_DE","og_type":"article","og_title":"Sessel The Reader - Dunkle Eiche - Teddy Brown - Umage","og_description":"Entdecken Sie den Sessel The Reader: d\u00e4nisches Design, eine gebogene Sitzschale zur Ger\u00e4uschreduzierung, Eichenholzrahmen und elegante Textilien.","og_url":"https:\/\/ekkla.ch\/de\/produit\/sessel-the-reader-dunkle-eiche-teddy-brown-umage\/","og_site_name":"Ekkla","article_modified_time":"2024-11-22T06:04:10+00:00","twitter_card":"summary_large_image","twitter_misc":{"Gesch\u00e4tzte Lesezeit":"1\u00a0Minute"},"schema":{"@context":"https:\/\/schema.org","@graph":[{"@type":"WebPage","@id":"https:\/\/ekkla.ch\/de\/produit\/sessel-the-reader-dunkle-eiche-teddy-brown-umage\/","url":"https:\/\/ekkla.ch\/de\/produit\/sessel-the-reader-dunkle-eiche-teddy-brown-umage\/","name":"Sessel The Reader I Dunkle Eiche I Teddy Brown I Umage I Ekkla","isPartOf":{"@id":"https:\/\/ekkla.ch\/#website"},"primaryImageOfPage":{"@id":"https:\/\/ekkla.ch\/de\/produit\/sessel-the-reader-dunkle-eiche-teddy-brown-umage\/#primaryimage"},"image":{"@id":"https:\/\/ekkla.ch\/de\/produit\/sessel-the-reader-dunkle-eiche-teddy-brown-umage\/#primaryimage"},"thumbnailUrl":"https:\/\/ekkla.ch\/wp-content\/uploads\/2024\/12\/ekkla-umage-the-reader-chene-fonce-teddy-brown.jpg","datePublished":"2024-11-22T04:40:15+00:00","dateModified":"2024-11-22T06:04:10+00:00","description":"Entdecken Sie den Sessel The Reader: d\u00e4nisches Design, eine gebogene Sitzschale zur Ger\u00e4uschreduzierung, Eichenholzrahmen und elegante Textilien.","breadcrumb":{"@id":"https:\/\/ekkla.ch\/de\/produit\/sessel-the-reader-dunkle-eiche-teddy-brown-umage\/#breadcrumb"},"inLanguage":"de","potentialAction":[{"@type":"ReadAction","target":["https:\/\/ekkla.ch\/de\/produit\/sessel-the-reader-dunkle-eiche-teddy-brown-umage\/"]}]},{"@type":"ImageObject","inLanguage":"de","@id":"https:\/\/ekkla.ch\/de\/produit\/sessel-the-reader-dunkle-eiche-teddy-brown-umage\/#primaryimage","url":"https:\/\/ekkla.ch\/wp-content\/uploads\/2024\/12\/ekkla-umage-the-reader-chene-fonce-teddy-brown.jpg","contentUrl":"https:\/\/ekkla.ch\/wp-content\/uploads\/2024\/12\/ekkla-umage-the-reader-chene-fonce-teddy-brown.jpg","width":1000,"height":1000},{"@type":"BreadcrumbList","@id":"https:\/\/ekkla.ch\/de\/produit\/sessel-the-reader-dunkle-eiche-teddy-brown-umage\/#breadcrumb","itemListElement":[{"@type":"ListItem","position":1,"name":"Home","item":"https:\/\/ekkla.ch\/de\/"},{"@type":"ListItem","position":2,"name":"Shop","item":"https:\/\/ekkla.ch\/de\/shop\/"},{"@type":"ListItem","position":3,"name":"Sessel The Reader - Dunkle Eiche - Teddy Brown - Umage"}]},{"@type":"WebSite","@id":"https:\/\/ekkla.ch\/#website","url":"https:\/\/ekkla.ch\/","name":"Ekkla","description":"Der Onlineshop f\u00fcr Beleuchtung","publisher":{"@id":"https:\/\/ekkla.ch\/#organization"},"potentialAction":[{"@type":"SearchAction","target":{"@type":"EntryPoint","urlTemplate":"https:\/\/ekkla.ch\/?s={search_term_string}"},"query-input":"required name=search_term_string"}],"inLanguage":"de"},{"@type":"Organization","@id":"https:\/\/ekkla.ch\/#organization","name":"Ekkla","url":"https:\/\/ekkla.ch\/","logo":{"@type":"ImageObject","inLanguage":"de","@id":"https:\/\/ekkla.ch\/#\/schema\/logo\/image\/","url":"http:\/\/ekkla.ch\/wp-content\/uploads\/2019\/07\/logo-1.svg","contentUrl":"http:\/\/ekkla.ch\/wp-content\/uploads\/2019\/07\/logo-1.svg","width":1,"height":1,"caption":"Ekkla"},"image":{"@id":"https:\/\/ekkla.ch\/#\/schema\/logo\/image\/"},"sameAs":["https:\/\/www.instagram.com\/ekkla_light\/"]}]}},"_links":{"self":[{"href":"https:\/\/ekkla.ch\/de\/wp-json\/wp\/v2\/product\/203367"}],"collection":[{"href":"https:\/\/ekkla.ch\/de\/wp-json\/wp\/v2\/product"}],"about":[{"href":"https:\/\/ekkla.ch\/de\/wp-json\/wp\/v2\/types\/product"}],"wp:featuredmedia":[{"embeddable":true,"href":"https:\/\/ekkla.ch\/de\/wp-json\/wp\/v2\/media\/204743"}],"wp:attachment":[{"href":"https:\/\/ekkla.ch\/de\/wp-json\/wp\/v2\/media?parent=203367"}],"wp:term":[{"taxonomy":"product_cat","embeddable":true,"href":"https:\/\/ekkla.ch\/de\/wp-json\/wp\/v2\/product_cat?post=203367"},{"taxonomy":"product_tag","embeddable":true,"href":"https:\/\/ekkla.ch\/de\/wp-json\/wp\/v2\/product_tag?post=203367"}],"curies":[{"name":"wp","href":"https:\/\/api.w.org\/{rel}","templated":true}]}}