{"id":203475,"date":"2024-11-22T20:46:44","date_gmt":"2024-11-22T19:46:44","guid":{"rendered":"https:\/\/ekkla.ch\/produit\/ottoman-the-reader-schwarze-eiche-teddy-white-umage\/"},"modified":"2024-11-23T18:12:59","modified_gmt":"2024-11-23T17:12:59","slug":"ottoman-the-reader-schwarze-eiche-teddy-white-umage","status":"publish","type":"product","link":"https:\/\/ekkla.ch\/de\/produit\/ottoman-the-reader-schwarze-eiche-teddy-white-umage\/","title":{"rendered":"Ottoman The Reader &#8211; Schwarze Eiche &#8211; Teddy White &#8211; Umage"},"content":{"rendered":"<p>Die Ottomane The Reader zeichnet sich durch ihre leicht erh\u00f6hten Eichenholzbeine aus, die dem Design Leichtigkeit und Eleganz verleihen. Die Form der Kissen wurde so konzipiert, dass sie die Sitzschale subtil freilegen, die Holzdetails betonen und einen sch\u00f6nen visuellen Kontrast bilden.<\/p>\n<p>Erh\u00e4ltlich in Eiche, dunkler Eiche oder schwarzer Eiche, bietet sie eine breite Auswahl an Textilien und Farben, die zu jedem Stil passen. Dank des austauschbaren Bezugs w\u00e4chst sie mit Ihren W\u00fcnschen, sodass Sie ihr Aussehen leicht erneuern und ein zeitloses Design schaffen k\u00f6nnen, das bleibt.<\/p>\n<blockquote>\n<h2>Merkmale &amp; Eigenschaften<\/h2>\n<p><strong>Marke<\/strong> Umage<\/p>\n<p><strong>Farben<\/strong> Schwarz und Weiss<\/p>\n<p><strong>Materialien<\/strong> Eiche, MDF und Polyester<\/p>\n<p><strong>H\u00f6he (cm)<\/strong> 42<\/p>\n<p><strong>Breite (cm) <\/strong>60<\/p>\n<p><strong>Tiefe (cm)<\/strong> 26<\/p>\n<p><strong>Gewicht (kg)<\/strong> 4.2<\/p><\/blockquote>\n","protected":false},"excerpt":{"rendered":"<p>Die Ottomane The Reader zeichnet sich durch ihre leicht erh\u00f6hten Eichenholzbeine aus, die dem Design Leichtigkeit und Eleganz verleihen. Die Form der Kissen wurde so konzipiert, dass sie die Sitzschale subtil freilegen, die Holzdetails betonen und einen sch\u00f6nen visuellen Kontrast bilden. Erh\u00e4ltlich in Eiche, dunkler Eiche oder schwarzer Eiche, bietet sie eine breite Auswahl an [&hellip;]<\/p>\n","protected":false},"featured_media":204779,"template":"","meta":{"_acf_changed":false,"om_disable_all_campaigns":false},"product_cat":[972],"product_tag":[1258,898,1188,1265,801],"bundled_by":[],"bundle_stock_status":"onbackorder","bundle_stock_quantity":null,"bundle_virtual":false,"bundle_layout":"","bundle_add_to_cart_form_location":"","bundle_editable_in_cart":false,"bundle_sold_individually_context":"","bundle_item_grouping":"","bundle_min_size":"","bundle_max_size":"","bundle_price":[],"bundled_items":[],"bundle_sell_ids":[],"acf":[],"yoast_head":"<!-- This site is optimized with the Yoast SEO Premium plugin v22.2 (Yoast SEO v22.8) - https:\/\/yoast.com\/wordpress\/plugins\/seo\/ -->\n<title>Ottoman The Reader I Schwarze Eiche I White I Umage I Ekkla<\/title>\n<meta name=\"description\" content=\"Ottomane The Reader: elegantes Design mit Eichenholzbeinen und Kissen, die Details aus Holz offenbaren. Individuell gestaltbar mit austauschbaren Bez\u00fcgen.\" \/>\n<meta name=\"robots\" content=\"index, follow, max-snippet:-1, max-image-preview:large, max-video-preview:-1\" \/>\n<link rel=\"canonical\" href=\"https:\/\/ekkla.ch\/de\/produit\/ottoman-the-reader-schwarze-eiche-teddy-white-umage\/\" \/>\n<meta property=\"og:locale\" content=\"de_DE\" \/>\n<meta property=\"og:type\" content=\"article\" \/>\n<meta property=\"og:title\" content=\"Ottoman The Reader - Schwarze Eiche - Teddy White - Umage\" \/>\n<meta property=\"og:description\" content=\"Ottomane The Reader: elegantes Design mit Eichenholzbeinen und Kissen, die Details aus Holz offenbaren. Individuell gestaltbar mit austauschbaren Bez\u00fcgen.\" \/>\n<meta property=\"og:url\" content=\"https:\/\/ekkla.ch\/de\/produit\/ottoman-the-reader-schwarze-eiche-teddy-white-umage\/\" \/>\n<meta property=\"og:site_name\" content=\"Ekkla\" \/>\n<meta property=\"article:modified_time\" content=\"2024-11-23T17:12:59+00:00\" \/>\n<meta property=\"og:image\" content=\"https:\/\/ekkla.ch\/wp-content\/uploads\/2024\/11\/ekkla-umage-ottoman-chene-noir-teddy-white.jpg\" \/>\n\t<meta property=\"og:image:width\" content=\"1000\" \/>\n\t<meta property=\"og:image:height\" content=\"1000\" \/>\n\t<meta property=\"og:image:type\" content=\"image\/jpeg\" \/>\n<meta name=\"twitter:card\" content=\"summary_large_image\" \/>\n<meta name=\"twitter:label1\" content=\"Gesch\u00e4tzte Lesezeit\" \/>\n\t<meta name=\"twitter:data1\" content=\"1\u00a0Minute\" \/>\n<script type=\"application\/ld+json\" class=\"yoast-schema-graph\">{\"@context\":\"https:\/\/schema.org\",\"@graph\":[{\"@type\":\"WebPage\",\"@id\":\"https:\/\/ekkla.ch\/de\/produit\/ottoman-the-reader-schwarze-eiche-teddy-white-umage\/\",\"url\":\"https:\/\/ekkla.ch\/de\/produit\/ottoman-the-reader-schwarze-eiche-teddy-white-umage\/\",\"name\":\"Ottoman The Reader I Schwarze Eiche I White I Umage I Ekkla\",\"isPartOf\":{\"@id\":\"https:\/\/ekkla.ch\/#website\"},\"primaryImageOfPage\":{\"@id\":\"https:\/\/ekkla.ch\/de\/produit\/ottoman-the-reader-schwarze-eiche-teddy-white-umage\/#primaryimage\"},\"image\":{\"@id\":\"https:\/\/ekkla.ch\/de\/produit\/ottoman-the-reader-schwarze-eiche-teddy-white-umage\/#primaryimage\"},\"thumbnailUrl\":\"https:\/\/ekkla.ch\/wp-content\/uploads\/2024\/11\/ekkla-umage-ottoman-chene-noir-teddy-white.jpg\",\"datePublished\":\"2024-11-22T19:46:44+00:00\",\"dateModified\":\"2024-11-23T17:12:59+00:00\",\"description\":\"Ottomane The Reader: elegantes Design mit Eichenholzbeinen und Kissen, die Details aus Holz offenbaren. Individuell gestaltbar mit austauschbaren Bez\u00fcgen.\",\"breadcrumb\":{\"@id\":\"https:\/\/ekkla.ch\/de\/produit\/ottoman-the-reader-schwarze-eiche-teddy-white-umage\/#breadcrumb\"},\"inLanguage\":\"de\",\"potentialAction\":[{\"@type\":\"ReadAction\",\"target\":[\"https:\/\/ekkla.ch\/de\/produit\/ottoman-the-reader-schwarze-eiche-teddy-white-umage\/\"]}]},{\"@type\":\"ImageObject\",\"inLanguage\":\"de\",\"@id\":\"https:\/\/ekkla.ch\/de\/produit\/ottoman-the-reader-schwarze-eiche-teddy-white-umage\/#primaryimage\",\"url\":\"https:\/\/ekkla.ch\/wp-content\/uploads\/2024\/11\/ekkla-umage-ottoman-chene-noir-teddy-white.jpg\",\"contentUrl\":\"https:\/\/ekkla.ch\/wp-content\/uploads\/2024\/11\/ekkla-umage-ottoman-chene-noir-teddy-white.jpg\",\"width\":1000,\"height\":1000},{\"@type\":\"BreadcrumbList\",\"@id\":\"https:\/\/ekkla.ch\/de\/produit\/ottoman-the-reader-schwarze-eiche-teddy-white-umage\/#breadcrumb\",\"itemListElement\":[{\"@type\":\"ListItem\",\"position\":1,\"name\":\"Home\",\"item\":\"https:\/\/ekkla.ch\/de\/\"},{\"@type\":\"ListItem\",\"position\":2,\"name\":\"Shop\",\"item\":\"https:\/\/ekkla.ch\/de\/shop\/\"},{\"@type\":\"ListItem\",\"position\":3,\"name\":\"Ottoman The Reader - Schwarze Eiche - Teddy White - Umage\"}]},{\"@type\":\"WebSite\",\"@id\":\"https:\/\/ekkla.ch\/#website\",\"url\":\"https:\/\/ekkla.ch\/\",\"name\":\"Ekkla\",\"description\":\"Der Onlineshop f\u00fcr Beleuchtung\",\"publisher\":{\"@id\":\"https:\/\/ekkla.ch\/#organization\"},\"potentialAction\":[{\"@type\":\"SearchAction\",\"target\":{\"@type\":\"EntryPoint\",\"urlTemplate\":\"https:\/\/ekkla.ch\/?s={search_term_string}\"},\"query-input\":\"required name=search_term_string\"}],\"inLanguage\":\"de\"},{\"@type\":\"Organization\",\"@id\":\"https:\/\/ekkla.ch\/#organization\",\"name\":\"Ekkla\",\"url\":\"https:\/\/ekkla.ch\/\",\"logo\":{\"@type\":\"ImageObject\",\"inLanguage\":\"de\",\"@id\":\"https:\/\/ekkla.ch\/#\/schema\/logo\/image\/\",\"url\":\"http:\/\/ekkla.ch\/wp-content\/uploads\/2019\/07\/logo-1.svg\",\"contentUrl\":\"http:\/\/ekkla.ch\/wp-content\/uploads\/2019\/07\/logo-1.svg\",\"width\":1,\"height\":1,\"caption\":\"Ekkla\"},\"image\":{\"@id\":\"https:\/\/ekkla.ch\/#\/schema\/logo\/image\/\"},\"sameAs\":[\"https:\/\/www.instagram.com\/ekkla_light\/\"]}]}<\/script>\n<!-- \/ Yoast SEO Premium plugin. -->","yoast_head_json":{"title":"Ottoman The Reader I Schwarze Eiche I White I Umage I Ekkla","description":"Ottomane The Reader: elegantes Design mit Eichenholzbeinen und Kissen, die Details aus Holz offenbaren. Individuell gestaltbar mit austauschbaren Bez\u00fcgen.","robots":{"index":"index","follow":"follow","max-snippet":"max-snippet:-1","max-image-preview":"max-image-preview:large","max-video-preview":"max-video-preview:-1"},"canonical":"https:\/\/ekkla.ch\/de\/produit\/ottoman-the-reader-schwarze-eiche-teddy-white-umage\/","og_locale":"de_DE","og_type":"article","og_title":"Ottoman The Reader - Schwarze Eiche - Teddy White - Umage","og_description":"Ottomane The Reader: elegantes Design mit Eichenholzbeinen und Kissen, die Details aus Holz offenbaren. Individuell gestaltbar mit austauschbaren Bez\u00fcgen.","og_url":"https:\/\/ekkla.ch\/de\/produit\/ottoman-the-reader-schwarze-eiche-teddy-white-umage\/","og_site_name":"Ekkla","article_modified_time":"2024-11-23T17:12:59+00:00","og_image":[{"width":1000,"height":1000,"url":"https:\/\/ekkla.ch\/wp-content\/uploads\/2024\/11\/ekkla-umage-ottoman-chene-noir-teddy-white.jpg","type":"image\/jpeg"}],"twitter_card":"summary_large_image","twitter_misc":{"Gesch\u00e4tzte Lesezeit":"1\u00a0Minute"},"schema":{"@context":"https:\/\/schema.org","@graph":[{"@type":"WebPage","@id":"https:\/\/ekkla.ch\/de\/produit\/ottoman-the-reader-schwarze-eiche-teddy-white-umage\/","url":"https:\/\/ekkla.ch\/de\/produit\/ottoman-the-reader-schwarze-eiche-teddy-white-umage\/","name":"Ottoman The Reader I Schwarze Eiche I White I Umage I Ekkla","isPartOf":{"@id":"https:\/\/ekkla.ch\/#website"},"primaryImageOfPage":{"@id":"https:\/\/ekkla.ch\/de\/produit\/ottoman-the-reader-schwarze-eiche-teddy-white-umage\/#primaryimage"},"image":{"@id":"https:\/\/ekkla.ch\/de\/produit\/ottoman-the-reader-schwarze-eiche-teddy-white-umage\/#primaryimage"},"thumbnailUrl":"https:\/\/ekkla.ch\/wp-content\/uploads\/2024\/11\/ekkla-umage-ottoman-chene-noir-teddy-white.jpg","datePublished":"2024-11-22T19:46:44+00:00","dateModified":"2024-11-23T17:12:59+00:00","description":"Ottomane The Reader: elegantes Design mit Eichenholzbeinen und Kissen, die Details aus Holz offenbaren. Individuell gestaltbar mit austauschbaren Bez\u00fcgen.","breadcrumb":{"@id":"https:\/\/ekkla.ch\/de\/produit\/ottoman-the-reader-schwarze-eiche-teddy-white-umage\/#breadcrumb"},"inLanguage":"de","potentialAction":[{"@type":"ReadAction","target":["https:\/\/ekkla.ch\/de\/produit\/ottoman-the-reader-schwarze-eiche-teddy-white-umage\/"]}]},{"@type":"ImageObject","inLanguage":"de","@id":"https:\/\/ekkla.ch\/de\/produit\/ottoman-the-reader-schwarze-eiche-teddy-white-umage\/#primaryimage","url":"https:\/\/ekkla.ch\/wp-content\/uploads\/2024\/11\/ekkla-umage-ottoman-chene-noir-teddy-white.jpg","contentUrl":"https:\/\/ekkla.ch\/wp-content\/uploads\/2024\/11\/ekkla-umage-ottoman-chene-noir-teddy-white.jpg","width":1000,"height":1000},{"@type":"BreadcrumbList","@id":"https:\/\/ekkla.ch\/de\/produit\/ottoman-the-reader-schwarze-eiche-teddy-white-umage\/#breadcrumb","itemListElement":[{"@type":"ListItem","position":1,"name":"Home","item":"https:\/\/ekkla.ch\/de\/"},{"@type":"ListItem","position":2,"name":"Shop","item":"https:\/\/ekkla.ch\/de\/shop\/"},{"@type":"ListItem","position":3,"name":"Ottoman The Reader - Schwarze Eiche - Teddy White - Umage"}]},{"@type":"WebSite","@id":"https:\/\/ekkla.ch\/#website","url":"https:\/\/ekkla.ch\/","name":"Ekkla","description":"Der Onlineshop f\u00fcr Beleuchtung","publisher":{"@id":"https:\/\/ekkla.ch\/#organization"},"potentialAction":[{"@type":"SearchAction","target":{"@type":"EntryPoint","urlTemplate":"https:\/\/ekkla.ch\/?s={search_term_string}"},"query-input":"required name=search_term_string"}],"inLanguage":"de"},{"@type":"Organization","@id":"https:\/\/ekkla.ch\/#organization","name":"Ekkla","url":"https:\/\/ekkla.ch\/","logo":{"@type":"ImageObject","inLanguage":"de","@id":"https:\/\/ekkla.ch\/#\/schema\/logo\/image\/","url":"http:\/\/ekkla.ch\/wp-content\/uploads\/2019\/07\/logo-1.svg","contentUrl":"http:\/\/ekkla.ch\/wp-content\/uploads\/2019\/07\/logo-1.svg","width":1,"height":1,"caption":"Ekkla"},"image":{"@id":"https:\/\/ekkla.ch\/#\/schema\/logo\/image\/"},"sameAs":["https:\/\/www.instagram.com\/ekkla_light\/"]}]}},"_links":{"self":[{"href":"https:\/\/ekkla.ch\/de\/wp-json\/wp\/v2\/product\/203475"}],"collection":[{"href":"https:\/\/ekkla.ch\/de\/wp-json\/wp\/v2\/product"}],"about":[{"href":"https:\/\/ekkla.ch\/de\/wp-json\/wp\/v2\/types\/product"}],"wp:featuredmedia":[{"embeddable":true,"href":"https:\/\/ekkla.ch\/de\/wp-json\/wp\/v2\/media\/204779"}],"wp:attachment":[{"href":"https:\/\/ekkla.ch\/de\/wp-json\/wp\/v2\/media?parent=203475"}],"wp:term":[{"taxonomy":"product_cat","embeddable":true,"href":"https:\/\/ekkla.ch\/de\/wp-json\/wp\/v2\/product_cat?post=203475"},{"taxonomy":"product_tag","embeddable":true,"href":"https:\/\/ekkla.ch\/de\/wp-json\/wp\/v2\/product_tag?post=203475"}],"curies":[{"name":"wp","href":"https:\/\/api.w.org\/{rel}","templated":true}]}}