{"id":203510,"date":"2024-11-23T20:39:14","date_gmt":"2024-11-23T19:39:14","guid":{"rendered":"https:\/\/ekkla.ch\/produit\/buffet-treasures-2-tueren-schwarze-eiche-white-sands-umage\/"},"modified":"2024-11-23T22:24:48","modified_gmt":"2024-11-23T21:24:48","slug":"buffet-treasures-2-tueren-schwarze-eiche-white-sands-umage","status":"publish","type":"product","link":"https:\/\/ekkla.ch\/de\/produit\/buffet-treasures-2-tueren-schwarze-eiche-white-sands-umage\/","title":{"rendered":"Buffet Treasures &#8211; 2 T\u00fcren &#8211; Schwarze Eiche &#8211; White Sands &#8211; Umage"},"content":{"rendered":"<p>Das Buffet Treasures kombiniert zeitloses nordisches Design mit einzigartiger Individualit\u00e4t. Es ist aus furnierter Eiche gefertigt und besticht durch seine geschwungenen Seiten, die mit individuell gestaltbaren Materialien bezogen sind: venezianisches Rohrgeflecht oder recycelte Horizons-Textilien. Die austauschbaren T\u00fcren erm\u00f6glichen es Ihnen, den Bezug einfach zu wechseln und bieten eine dauerhafte L\u00f6sung f\u00fcr einen neuen Stil, ohne das gesamte M\u00f6belst\u00fcck auszutauschen.<\/p>\n<p>Die Seiten lassen sich elegant wie Fl\u00fcgel \u00f6ffnen, um Ihre Lik\u00f6re oder B\u00fccher aufzubewahren, w\u00e4hrend die mittleren F\u00e4cher mit Regalen perfekt geeignet sind, um Ihr Porzellan, Ihre Keramik oder andere wertvolle Gegenst\u00e4nde auszustellen. Das Buffet Treasures ist in nat\u00fcrlicher, dunkler oder schwarzer Eiche erh\u00e4ltlich und passt sich perfekt an Ihre Bed\u00fcrfnisse und R\u00e4umlichkeiten an. Es vereint Funktionalit\u00e4t, \u00c4sthetik und Umweltfreundlichkeit.<\/p>\n<blockquote>\n<h2>Merkmale &amp; Eigenschaften<\/h2>\n<p><strong>Marke<\/strong>\u00a0Umage<\/p>\n<p><strong>Farben<\/strong> Schwarz und Weiss<\/p>\n<p><strong>Materialien<\/strong> Eiche und Polyester<\/p>\n<p><strong>H\u00f6he (cm)<\/strong> 75<\/p>\n<p><strong>Breite (cm) <\/strong>109<\/p>\n<p><strong>Tiefe (cm)<\/strong> 43<\/p>\n<p><strong>Gewicht (kg)<\/strong> 36<\/p><\/blockquote>\n","protected":false},"excerpt":{"rendered":"<p>Das Buffet Treasures kombiniert zeitloses nordisches Design mit einzigartiger Individualit\u00e4t. Es ist aus furnierter Eiche gefertigt und besticht durch seine geschwungenen Seiten, die mit individuell gestaltbaren Materialien bezogen sind: venezianisches Rohrgeflecht oder recycelte Horizons-Textilien. Die austauschbaren T\u00fcren erm\u00f6glichen es Ihnen, den Bezug einfach zu wechseln und bieten eine dauerhafte L\u00f6sung f\u00fcr einen neuen Stil, ohne [&hellip;]<\/p>\n","protected":false},"featured_media":202670,"template":"","meta":{"_acf_changed":false,"om_disable_all_campaigns":false},"product_cat":[1062],"product_tag":[1258,898,1188,1265,801],"bundled_by":[],"bundle_stock_status":"onbackorder","bundle_stock_quantity":null,"bundle_virtual":false,"bundle_layout":"","bundle_add_to_cart_form_location":"","bundle_editable_in_cart":false,"bundle_sold_individually_context":"","bundle_item_grouping":"","bundle_min_size":"","bundle_max_size":"","bundle_price":[],"bundled_items":[],"bundle_sell_ids":[],"acf":[],"yoast_head":"<!-- This site is optimized with the Yoast SEO Premium plugin v22.2 (Yoast SEO v22.8) - https:\/\/yoast.com\/wordpress\/plugins\/seo\/ -->\n<title>Buffet Treasures I 2 T\u00fcren I Schwarze Eiche I White Sands IUmage<\/title>\n<meta name=\"description\" content=\"Das Buffet Treasures vereint nordisches Design mit individuell gestaltbaren, geschwungenen Seiten und austauschbaren T\u00fcren.\" \/>\n<meta name=\"robots\" content=\"index, follow, max-snippet:-1, max-image-preview:large, max-video-preview:-1\" \/>\n<link rel=\"canonical\" href=\"https:\/\/ekkla.ch\/de\/produit\/buffet-treasures-2-tueren-schwarze-eiche-white-sands-umage\/\" \/>\n<meta property=\"og:locale\" content=\"de_DE\" \/>\n<meta property=\"og:type\" content=\"article\" \/>\n<meta property=\"og:title\" content=\"Buffet Treasures - 2 T\u00fcren - Schwarze Eiche - White Sands - Umage\" \/>\n<meta property=\"og:description\" content=\"Das Buffet Treasures vereint nordisches Design mit individuell gestaltbaren, geschwungenen Seiten und austauschbaren T\u00fcren.\" \/>\n<meta property=\"og:url\" content=\"https:\/\/ekkla.ch\/de\/produit\/buffet-treasures-2-tueren-schwarze-eiche-white-sands-umage\/\" \/>\n<meta property=\"og:site_name\" content=\"Ekkla\" \/>\n<meta property=\"article:modified_time\" content=\"2024-11-23T21:24:48+00:00\" \/>\n<meta property=\"og:image\" content=\"https:\/\/ekkla.ch\/wp-content\/uploads\/2024\/11\/ekkla-luminaires-meubles-umage_0195_UMAGE_packshot_5106_710-02_Treasures_2-door_blackoak_whitesands__2_4b73319b-196e-4da.jpg\" \/>\n\t<meta property=\"og:image:width\" content=\"900\" \/>\n\t<meta property=\"og:image:height\" content=\"900\" \/>\n\t<meta property=\"og:image:type\" content=\"image\/jpeg\" \/>\n<meta name=\"twitter:card\" content=\"summary_large_image\" \/>\n<meta name=\"twitter:label1\" content=\"Gesch\u00e4tzte Lesezeit\" \/>\n\t<meta name=\"twitter:data1\" content=\"1\u00a0Minute\" \/>\n<script type=\"application\/ld+json\" class=\"yoast-schema-graph\">{\"@context\":\"https:\/\/schema.org\",\"@graph\":[{\"@type\":\"WebPage\",\"@id\":\"https:\/\/ekkla.ch\/de\/produit\/buffet-treasures-2-tueren-schwarze-eiche-white-sands-umage\/\",\"url\":\"https:\/\/ekkla.ch\/de\/produit\/buffet-treasures-2-tueren-schwarze-eiche-white-sands-umage\/\",\"name\":\"Buffet Treasures I 2 T\u00fcren I Schwarze Eiche I White Sands IUmage\",\"isPartOf\":{\"@id\":\"https:\/\/ekkla.ch\/#website\"},\"primaryImageOfPage\":{\"@id\":\"https:\/\/ekkla.ch\/de\/produit\/buffet-treasures-2-tueren-schwarze-eiche-white-sands-umage\/#primaryimage\"},\"image\":{\"@id\":\"https:\/\/ekkla.ch\/de\/produit\/buffet-treasures-2-tueren-schwarze-eiche-white-sands-umage\/#primaryimage\"},\"thumbnailUrl\":\"https:\/\/ekkla.ch\/wp-content\/uploads\/2024\/11\/ekkla-luminaires-meubles-umage_0195_UMAGE_packshot_5106_710-02_Treasures_2-door_blackoak_whitesands__2_4b73319b-196e-4da.jpg\",\"datePublished\":\"2024-11-23T19:39:14+00:00\",\"dateModified\":\"2024-11-23T21:24:48+00:00\",\"description\":\"Das Buffet Treasures vereint nordisches Design mit individuell gestaltbaren, geschwungenen Seiten und austauschbaren T\u00fcren.\",\"breadcrumb\":{\"@id\":\"https:\/\/ekkla.ch\/de\/produit\/buffet-treasures-2-tueren-schwarze-eiche-white-sands-umage\/#breadcrumb\"},\"inLanguage\":\"de\",\"potentialAction\":[{\"@type\":\"ReadAction\",\"target\":[\"https:\/\/ekkla.ch\/de\/produit\/buffet-treasures-2-tueren-schwarze-eiche-white-sands-umage\/\"]}]},{\"@type\":\"ImageObject\",\"inLanguage\":\"de\",\"@id\":\"https:\/\/ekkla.ch\/de\/produit\/buffet-treasures-2-tueren-schwarze-eiche-white-sands-umage\/#primaryimage\",\"url\":\"https:\/\/ekkla.ch\/wp-content\/uploads\/2024\/11\/ekkla-luminaires-meubles-umage_0195_UMAGE_packshot_5106_710-02_Treasures_2-door_blackoak_whitesands__2_4b73319b-196e-4da.jpg\",\"contentUrl\":\"https:\/\/ekkla.ch\/wp-content\/uploads\/2024\/11\/ekkla-luminaires-meubles-umage_0195_UMAGE_packshot_5106_710-02_Treasures_2-door_blackoak_whitesands__2_4b73319b-196e-4da.jpg\",\"width\":900,\"height\":900},{\"@type\":\"BreadcrumbList\",\"@id\":\"https:\/\/ekkla.ch\/de\/produit\/buffet-treasures-2-tueren-schwarze-eiche-white-sands-umage\/#breadcrumb\",\"itemListElement\":[{\"@type\":\"ListItem\",\"position\":1,\"name\":\"Home\",\"item\":\"https:\/\/ekkla.ch\/de\/\"},{\"@type\":\"ListItem\",\"position\":2,\"name\":\"Shop\",\"item\":\"https:\/\/ekkla.ch\/de\/shop\/\"},{\"@type\":\"ListItem\",\"position\":3,\"name\":\"Buffet Treasures - 2 T\u00fcren - Schwarze Eiche - White Sands - Umage\"}]},{\"@type\":\"WebSite\",\"@id\":\"https:\/\/ekkla.ch\/#website\",\"url\":\"https:\/\/ekkla.ch\/\",\"name\":\"Ekkla\",\"description\":\"Der Onlineshop f\u00fcr Beleuchtung\",\"publisher\":{\"@id\":\"https:\/\/ekkla.ch\/#organization\"},\"potentialAction\":[{\"@type\":\"SearchAction\",\"target\":{\"@type\":\"EntryPoint\",\"urlTemplate\":\"https:\/\/ekkla.ch\/?s={search_term_string}\"},\"query-input\":\"required name=search_term_string\"}],\"inLanguage\":\"de\"},{\"@type\":\"Organization\",\"@id\":\"https:\/\/ekkla.ch\/#organization\",\"name\":\"Ekkla\",\"url\":\"https:\/\/ekkla.ch\/\",\"logo\":{\"@type\":\"ImageObject\",\"inLanguage\":\"de\",\"@id\":\"https:\/\/ekkla.ch\/#\/schema\/logo\/image\/\",\"url\":\"http:\/\/ekkla.ch\/wp-content\/uploads\/2019\/07\/logo-1.svg\",\"contentUrl\":\"http:\/\/ekkla.ch\/wp-content\/uploads\/2019\/07\/logo-1.svg\",\"width\":1,\"height\":1,\"caption\":\"Ekkla\"},\"image\":{\"@id\":\"https:\/\/ekkla.ch\/#\/schema\/logo\/image\/\"},\"sameAs\":[\"https:\/\/www.instagram.com\/ekkla_light\/\"]}]}<\/script>\n<!-- \/ Yoast SEO Premium plugin. -->","yoast_head_json":{"title":"Buffet Treasures I 2 T\u00fcren I Schwarze Eiche I White Sands IUmage","description":"Das Buffet Treasures vereint nordisches Design mit individuell gestaltbaren, geschwungenen Seiten und austauschbaren T\u00fcren.","robots":{"index":"index","follow":"follow","max-snippet":"max-snippet:-1","max-image-preview":"max-image-preview:large","max-video-preview":"max-video-preview:-1"},"canonical":"https:\/\/ekkla.ch\/de\/produit\/buffet-treasures-2-tueren-schwarze-eiche-white-sands-umage\/","og_locale":"de_DE","og_type":"article","og_title":"Buffet Treasures - 2 T\u00fcren - Schwarze Eiche - White Sands - Umage","og_description":"Das Buffet Treasures vereint nordisches Design mit individuell gestaltbaren, geschwungenen Seiten und austauschbaren T\u00fcren.","og_url":"https:\/\/ekkla.ch\/de\/produit\/buffet-treasures-2-tueren-schwarze-eiche-white-sands-umage\/","og_site_name":"Ekkla","article_modified_time":"2024-11-23T21:24:48+00:00","og_image":[{"width":900,"height":900,"url":"https:\/\/ekkla.ch\/wp-content\/uploads\/2024\/11\/ekkla-luminaires-meubles-umage_0195_UMAGE_packshot_5106_710-02_Treasures_2-door_blackoak_whitesands__2_4b73319b-196e-4da.jpg","type":"image\/jpeg"}],"twitter_card":"summary_large_image","twitter_misc":{"Gesch\u00e4tzte Lesezeit":"1\u00a0Minute"},"schema":{"@context":"https:\/\/schema.org","@graph":[{"@type":"WebPage","@id":"https:\/\/ekkla.ch\/de\/produit\/buffet-treasures-2-tueren-schwarze-eiche-white-sands-umage\/","url":"https:\/\/ekkla.ch\/de\/produit\/buffet-treasures-2-tueren-schwarze-eiche-white-sands-umage\/","name":"Buffet Treasures I 2 T\u00fcren I Schwarze Eiche I White Sands IUmage","isPartOf":{"@id":"https:\/\/ekkla.ch\/#website"},"primaryImageOfPage":{"@id":"https:\/\/ekkla.ch\/de\/produit\/buffet-treasures-2-tueren-schwarze-eiche-white-sands-umage\/#primaryimage"},"image":{"@id":"https:\/\/ekkla.ch\/de\/produit\/buffet-treasures-2-tueren-schwarze-eiche-white-sands-umage\/#primaryimage"},"thumbnailUrl":"https:\/\/ekkla.ch\/wp-content\/uploads\/2024\/11\/ekkla-luminaires-meubles-umage_0195_UMAGE_packshot_5106_710-02_Treasures_2-door_blackoak_whitesands__2_4b73319b-196e-4da.jpg","datePublished":"2024-11-23T19:39:14+00:00","dateModified":"2024-11-23T21:24:48+00:00","description":"Das Buffet Treasures vereint nordisches Design mit individuell gestaltbaren, geschwungenen Seiten und austauschbaren T\u00fcren.","breadcrumb":{"@id":"https:\/\/ekkla.ch\/de\/produit\/buffet-treasures-2-tueren-schwarze-eiche-white-sands-umage\/#breadcrumb"},"inLanguage":"de","potentialAction":[{"@type":"ReadAction","target":["https:\/\/ekkla.ch\/de\/produit\/buffet-treasures-2-tueren-schwarze-eiche-white-sands-umage\/"]}]},{"@type":"ImageObject","inLanguage":"de","@id":"https:\/\/ekkla.ch\/de\/produit\/buffet-treasures-2-tueren-schwarze-eiche-white-sands-umage\/#primaryimage","url":"https:\/\/ekkla.ch\/wp-content\/uploads\/2024\/11\/ekkla-luminaires-meubles-umage_0195_UMAGE_packshot_5106_710-02_Treasures_2-door_blackoak_whitesands__2_4b73319b-196e-4da.jpg","contentUrl":"https:\/\/ekkla.ch\/wp-content\/uploads\/2024\/11\/ekkla-luminaires-meubles-umage_0195_UMAGE_packshot_5106_710-02_Treasures_2-door_blackoak_whitesands__2_4b73319b-196e-4da.jpg","width":900,"height":900},{"@type":"BreadcrumbList","@id":"https:\/\/ekkla.ch\/de\/produit\/buffet-treasures-2-tueren-schwarze-eiche-white-sands-umage\/#breadcrumb","itemListElement":[{"@type":"ListItem","position":1,"name":"Home","item":"https:\/\/ekkla.ch\/de\/"},{"@type":"ListItem","position":2,"name":"Shop","item":"https:\/\/ekkla.ch\/de\/shop\/"},{"@type":"ListItem","position":3,"name":"Buffet Treasures - 2 T\u00fcren - Schwarze Eiche - White Sands - Umage"}]},{"@type":"WebSite","@id":"https:\/\/ekkla.ch\/#website","url":"https:\/\/ekkla.ch\/","name":"Ekkla","description":"Der Onlineshop f\u00fcr Beleuchtung","publisher":{"@id":"https:\/\/ekkla.ch\/#organization"},"potentialAction":[{"@type":"SearchAction","target":{"@type":"EntryPoint","urlTemplate":"https:\/\/ekkla.ch\/?s={search_term_string}"},"query-input":"required name=search_term_string"}],"inLanguage":"de"},{"@type":"Organization","@id":"https:\/\/ekkla.ch\/#organization","name":"Ekkla","url":"https:\/\/ekkla.ch\/","logo":{"@type":"ImageObject","inLanguage":"de","@id":"https:\/\/ekkla.ch\/#\/schema\/logo\/image\/","url":"http:\/\/ekkla.ch\/wp-content\/uploads\/2019\/07\/logo-1.svg","contentUrl":"http:\/\/ekkla.ch\/wp-content\/uploads\/2019\/07\/logo-1.svg","width":1,"height":1,"caption":"Ekkla"},"image":{"@id":"https:\/\/ekkla.ch\/#\/schema\/logo\/image\/"},"sameAs":["https:\/\/www.instagram.com\/ekkla_light\/"]}]}},"_links":{"self":[{"href":"https:\/\/ekkla.ch\/de\/wp-json\/wp\/v2\/product\/203510"}],"collection":[{"href":"https:\/\/ekkla.ch\/de\/wp-json\/wp\/v2\/product"}],"about":[{"href":"https:\/\/ekkla.ch\/de\/wp-json\/wp\/v2\/types\/product"}],"wp:featuredmedia":[{"embeddable":true,"href":"https:\/\/ekkla.ch\/de\/wp-json\/wp\/v2\/media\/202670"}],"wp:attachment":[{"href":"https:\/\/ekkla.ch\/de\/wp-json\/wp\/v2\/media?parent=203510"}],"wp:term":[{"taxonomy":"product_cat","embeddable":true,"href":"https:\/\/ekkla.ch\/de\/wp-json\/wp\/v2\/product_cat?post=203510"},{"taxonomy":"product_tag","embeddable":true,"href":"https:\/\/ekkla.ch\/de\/wp-json\/wp\/v2\/product_tag?post=203510"}],"curies":[{"name":"wp","href":"https:\/\/api.w.org\/{rel}","templated":true}]}}