{"id":203593,"date":"2024-11-24T05:14:54","date_gmt":"2024-11-24T04:14:54","guid":{"rendered":"https:\/\/ekkla.ch\/produit\/buffet-italic-sideboard-dunkle-eiche-1-tuer-aus-eiche-und-1-tuer-aus-glas-umage\/"},"modified":"2024-11-24T07:02:13","modified_gmt":"2024-11-24T06:02:13","slug":"buffet-italic-sideboard-dunkle-eiche-1-tuer-aus-eiche-und-1-tuer-aus-glas-umage","status":"publish","type":"product","link":"https:\/\/ekkla.ch\/de\/produit\/buffet-italic-sideboard-dunkle-eiche-1-tuer-aus-eiche-und-1-tuer-aus-glas-umage\/","title":{"rendered":"Buffet Italic Sideboard &#8211; Dunkle Eiche &#8211; 1 T\u00fcr aus Eiche und 1 T\u00fcr aus Glas &#8211; Umage"},"content":{"rendered":"<p>Das Buffet Italic verk\u00f6rpert die Kunst der Einfachheit mit einer klaren Silhouette und raffinierten Linien. Seine St\u00e4rke liegt in den subtil abgerundeten Ecken, die die Basis seiner Struktur bilden und eine visuelle Sanftheit bieten, die sich perfekt in jede Einrichtung einf\u00fcgt. Hergestellt aus massivem, furniertem Holz, ist es f\u00fcr die Ewigkeit gemacht und vereint Robustheit mit zeitloser \u00c4sthetik.<\/p>\n<p>Gestalten Sie Ihren Raum individuell mit den T\u00fcren des Sideboards, die in geriffeltem Glas oder Eichenholz erh\u00e4ltlich sind. Sie k\u00f6nnen die Optionen mischen und aufeinander abstimmen, um einen eleganten Kontrast zu schaffen, der Ihren einzigartigen Stil widerspiegelt. Die Holzt\u00fcren bieten ein doppeltes Finish: eine Seite mit einer diagonal furnierten Platte f\u00fcr einen originellen Touch und die andere mit einem vertikalen Furnier f\u00fcr einen klassischen und zeitlosen Look.<\/p>\n<p>Das Italic Sideboard ist nicht nur ein funktionales M\u00f6belst\u00fcck, sondern auch ein echtes Dekorationsobjekt. Sein minimalistisches Design und die liebevollen Details machen es zu einem unverzichtbaren M\u00f6belst\u00fcck, das Ihren Raum veredeln wird und dabei diskret elegant bleibt. Eine perfekte Wahl f\u00fcr alle, die nach einem praktischen und gleichzeitig designorientierten St\u00fcck suchen, das jeden Raum in einen raffinierten Ort verwandeln kann.<\/p>\n<blockquote>\n<h2>Merkmale &amp; Eigenschaften<\/h2>\n<p><strong>Marke<\/strong> Umage<\/p>\n<p><strong>Farbe<\/strong> Dunkelbraun<\/p>\n<p><strong>Materialien<\/strong> Eiche, MDF und Glas<\/p>\n<p><strong>H\u00f6he (cm)<\/strong> 73.4<\/p>\n<p><strong>Breite (cm) <\/strong>135<\/p>\n<p><strong>Tiefe (cm)<\/strong> 48<\/p>\n<p><strong>Gewicht (kg)<\/strong> 51<\/p><\/blockquote>\n","protected":false},"excerpt":{"rendered":"<p>Das Buffet Italic verk\u00f6rpert die Kunst der Einfachheit mit einer klaren Silhouette und raffinierten Linien. Seine St\u00e4rke liegt in den subtil abgerundeten Ecken, die die Basis seiner Struktur bilden und eine visuelle Sanftheit bieten, die sich perfekt in jede Einrichtung einf\u00fcgt. Hergestellt aus massivem, furniertem Holz, ist es f\u00fcr die Ewigkeit gemacht und vereint Robustheit [&hellip;]<\/p>\n","protected":false},"featured_media":204909,"template":"","meta":{"_acf_changed":false,"om_disable_all_campaigns":false},"product_cat":[1062],"product_tag":[1258,898,1188,1265,801],"bundled_by":[],"bundle_stock_status":"onbackorder","bundle_stock_quantity":null,"bundle_virtual":false,"bundle_layout":"","bundle_add_to_cart_form_location":"","bundle_editable_in_cart":false,"bundle_sold_individually_context":"","bundle_item_grouping":"","bundle_min_size":"","bundle_max_size":"","bundle_price":[],"bundled_items":[],"bundle_sell_ids":[],"acf":[],"yoast_head":"<!-- This site is optimized with the Yoast SEO Premium plugin v22.2 (Yoast SEO v22.8) - https:\/\/yoast.com\/wordpress\/plugins\/seo\/ -->\n<title>Buffet Italic Sideboard I Dunkle Eiche I T\u00fcren aus Eiche &amp; Glas<\/title>\n<meta name=\"description\" content=\"Entdecken Sie das Sideboard Italic: schlichtes Massivholz-Design mit T\u00fcren aus Eiche oder geriffeltem Glas, in Eiche, Dunkler Eiche oder Schwarzer Eiche.\" \/>\n<meta name=\"robots\" content=\"index, follow, max-snippet:-1, max-image-preview:large, max-video-preview:-1\" \/>\n<link rel=\"canonical\" href=\"https:\/\/ekkla.ch\/de\/produit\/buffet-italic-sideboard-dunkle-eiche-1-tuer-aus-eiche-und-1-tuer-aus-glas-umage\/\" \/>\n<meta property=\"og:locale\" content=\"de_DE\" \/>\n<meta property=\"og:type\" content=\"article\" \/>\n<meta property=\"og:title\" content=\"Buffet Italic Sideboard - Dunkle Eiche - 1 T\u00fcr aus Eiche und 1 T\u00fcr aus Glas - Umage\" \/>\n<meta property=\"og:description\" content=\"Entdecken Sie das Sideboard Italic: schlichtes Massivholz-Design mit T\u00fcren aus Eiche oder geriffeltem Glas, in Eiche, Dunkler Eiche oder Schwarzer Eiche.\" \/>\n<meta property=\"og:url\" content=\"https:\/\/ekkla.ch\/de\/produit\/buffet-italic-sideboard-dunkle-eiche-1-tuer-aus-eiche-und-1-tuer-aus-glas-umage\/\" \/>\n<meta property=\"og:site_name\" content=\"Ekkla\" \/>\n<meta property=\"article:modified_time\" content=\"2024-11-24T06:02:13+00:00\" \/>\n<meta property=\"og:image\" content=\"https:\/\/ekkla.ch\/wp-content\/uploads\/2024\/11\/UMAGE_packshot_5719C5523-2_Italic_darkoak_glass__1_900x.webp\" \/>\n\t<meta property=\"og:image:width\" content=\"900\" \/>\n\t<meta property=\"og:image:height\" content=\"900\" \/>\n\t<meta property=\"og:image:type\" content=\"image\/webp\" \/>\n<meta name=\"twitter:card\" content=\"summary_large_image\" \/>\n<meta name=\"twitter:label1\" content=\"Gesch\u00e4tzte Lesezeit\" \/>\n\t<meta name=\"twitter:data1\" content=\"1\u00a0Minute\" \/>\n<script type=\"application\/ld+json\" class=\"yoast-schema-graph\">{\"@context\":\"https:\/\/schema.org\",\"@graph\":[{\"@type\":\"WebPage\",\"@id\":\"https:\/\/ekkla.ch\/de\/produit\/buffet-italic-sideboard-dunkle-eiche-1-tuer-aus-eiche-und-1-tuer-aus-glas-umage\/\",\"url\":\"https:\/\/ekkla.ch\/de\/produit\/buffet-italic-sideboard-dunkle-eiche-1-tuer-aus-eiche-und-1-tuer-aus-glas-umage\/\",\"name\":\"Buffet Italic Sideboard I Dunkle Eiche I T\u00fcren aus Eiche & Glas\",\"isPartOf\":{\"@id\":\"https:\/\/ekkla.ch\/#website\"},\"primaryImageOfPage\":{\"@id\":\"https:\/\/ekkla.ch\/de\/produit\/buffet-italic-sideboard-dunkle-eiche-1-tuer-aus-eiche-und-1-tuer-aus-glas-umage\/#primaryimage\"},\"image\":{\"@id\":\"https:\/\/ekkla.ch\/de\/produit\/buffet-italic-sideboard-dunkle-eiche-1-tuer-aus-eiche-und-1-tuer-aus-glas-umage\/#primaryimage\"},\"thumbnailUrl\":\"https:\/\/ekkla.ch\/wp-content\/uploads\/2024\/11\/UMAGE_packshot_5719C5523-2_Italic_darkoak_glass__1_900x.webp\",\"datePublished\":\"2024-11-24T04:14:54+00:00\",\"dateModified\":\"2024-11-24T06:02:13+00:00\",\"description\":\"Entdecken Sie das Sideboard Italic: schlichtes Massivholz-Design mit T\u00fcren aus Eiche oder geriffeltem Glas, in Eiche, Dunkler Eiche oder Schwarzer Eiche.\",\"breadcrumb\":{\"@id\":\"https:\/\/ekkla.ch\/de\/produit\/buffet-italic-sideboard-dunkle-eiche-1-tuer-aus-eiche-und-1-tuer-aus-glas-umage\/#breadcrumb\"},\"inLanguage\":\"de\",\"potentialAction\":[{\"@type\":\"ReadAction\",\"target\":[\"https:\/\/ekkla.ch\/de\/produit\/buffet-italic-sideboard-dunkle-eiche-1-tuer-aus-eiche-und-1-tuer-aus-glas-umage\/\"]}]},{\"@type\":\"ImageObject\",\"inLanguage\":\"de\",\"@id\":\"https:\/\/ekkla.ch\/de\/produit\/buffet-italic-sideboard-dunkle-eiche-1-tuer-aus-eiche-und-1-tuer-aus-glas-umage\/#primaryimage\",\"url\":\"https:\/\/ekkla.ch\/wp-content\/uploads\/2024\/11\/UMAGE_packshot_5719C5523-2_Italic_darkoak_glass__1_900x.webp\",\"contentUrl\":\"https:\/\/ekkla.ch\/wp-content\/uploads\/2024\/11\/UMAGE_packshot_5719C5523-2_Italic_darkoak_glass__1_900x.webp\",\"width\":900,\"height\":900},{\"@type\":\"BreadcrumbList\",\"@id\":\"https:\/\/ekkla.ch\/de\/produit\/buffet-italic-sideboard-dunkle-eiche-1-tuer-aus-eiche-und-1-tuer-aus-glas-umage\/#breadcrumb\",\"itemListElement\":[{\"@type\":\"ListItem\",\"position\":1,\"name\":\"Home\",\"item\":\"https:\/\/ekkla.ch\/de\/\"},{\"@type\":\"ListItem\",\"position\":2,\"name\":\"Shop\",\"item\":\"https:\/\/ekkla.ch\/de\/shop\/\"},{\"@type\":\"ListItem\",\"position\":3,\"name\":\"Buffet Italic Sideboard - Dunkle Eiche - 1 T\u00fcr aus Eiche und 1 T\u00fcr aus Glas - Umage\"}]},{\"@type\":\"WebSite\",\"@id\":\"https:\/\/ekkla.ch\/#website\",\"url\":\"https:\/\/ekkla.ch\/\",\"name\":\"Ekkla\",\"description\":\"Der Onlineshop f\u00fcr Beleuchtung\",\"publisher\":{\"@id\":\"https:\/\/ekkla.ch\/#organization\"},\"potentialAction\":[{\"@type\":\"SearchAction\",\"target\":{\"@type\":\"EntryPoint\",\"urlTemplate\":\"https:\/\/ekkla.ch\/?s={search_term_string}\"},\"query-input\":\"required name=search_term_string\"}],\"inLanguage\":\"de\"},{\"@type\":\"Organization\",\"@id\":\"https:\/\/ekkla.ch\/#organization\",\"name\":\"Ekkla\",\"url\":\"https:\/\/ekkla.ch\/\",\"logo\":{\"@type\":\"ImageObject\",\"inLanguage\":\"de\",\"@id\":\"https:\/\/ekkla.ch\/#\/schema\/logo\/image\/\",\"url\":\"http:\/\/ekkla.ch\/wp-content\/uploads\/2019\/07\/logo-1.svg\",\"contentUrl\":\"http:\/\/ekkla.ch\/wp-content\/uploads\/2019\/07\/logo-1.svg\",\"width\":1,\"height\":1,\"caption\":\"Ekkla\"},\"image\":{\"@id\":\"https:\/\/ekkla.ch\/#\/schema\/logo\/image\/\"},\"sameAs\":[\"https:\/\/www.instagram.com\/ekkla_light\/\"]}]}<\/script>\n<!-- \/ Yoast SEO Premium plugin. -->","yoast_head_json":{"title":"Buffet Italic Sideboard I Dunkle Eiche I T\u00fcren aus Eiche & Glas","description":"Entdecken Sie das Sideboard Italic: schlichtes Massivholz-Design mit T\u00fcren aus Eiche oder geriffeltem Glas, in Eiche, Dunkler Eiche oder Schwarzer Eiche.","robots":{"index":"index","follow":"follow","max-snippet":"max-snippet:-1","max-image-preview":"max-image-preview:large","max-video-preview":"max-video-preview:-1"},"canonical":"https:\/\/ekkla.ch\/de\/produit\/buffet-italic-sideboard-dunkle-eiche-1-tuer-aus-eiche-und-1-tuer-aus-glas-umage\/","og_locale":"de_DE","og_type":"article","og_title":"Buffet Italic Sideboard - Dunkle Eiche - 1 T\u00fcr aus Eiche und 1 T\u00fcr aus Glas - Umage","og_description":"Entdecken Sie das Sideboard Italic: schlichtes Massivholz-Design mit T\u00fcren aus Eiche oder geriffeltem Glas, in Eiche, Dunkler Eiche oder Schwarzer Eiche.","og_url":"https:\/\/ekkla.ch\/de\/produit\/buffet-italic-sideboard-dunkle-eiche-1-tuer-aus-eiche-und-1-tuer-aus-glas-umage\/","og_site_name":"Ekkla","article_modified_time":"2024-11-24T06:02:13+00:00","og_image":[{"width":900,"height":900,"url":"https:\/\/ekkla.ch\/wp-content\/uploads\/2024\/11\/UMAGE_packshot_5719C5523-2_Italic_darkoak_glass__1_900x.webp","type":"image\/webp"}],"twitter_card":"summary_large_image","twitter_misc":{"Gesch\u00e4tzte Lesezeit":"1\u00a0Minute"},"schema":{"@context":"https:\/\/schema.org","@graph":[{"@type":"WebPage","@id":"https:\/\/ekkla.ch\/de\/produit\/buffet-italic-sideboard-dunkle-eiche-1-tuer-aus-eiche-und-1-tuer-aus-glas-umage\/","url":"https:\/\/ekkla.ch\/de\/produit\/buffet-italic-sideboard-dunkle-eiche-1-tuer-aus-eiche-und-1-tuer-aus-glas-umage\/","name":"Buffet Italic Sideboard I Dunkle Eiche I T\u00fcren aus Eiche & Glas","isPartOf":{"@id":"https:\/\/ekkla.ch\/#website"},"primaryImageOfPage":{"@id":"https:\/\/ekkla.ch\/de\/produit\/buffet-italic-sideboard-dunkle-eiche-1-tuer-aus-eiche-und-1-tuer-aus-glas-umage\/#primaryimage"},"image":{"@id":"https:\/\/ekkla.ch\/de\/produit\/buffet-italic-sideboard-dunkle-eiche-1-tuer-aus-eiche-und-1-tuer-aus-glas-umage\/#primaryimage"},"thumbnailUrl":"https:\/\/ekkla.ch\/wp-content\/uploads\/2024\/11\/UMAGE_packshot_5719C5523-2_Italic_darkoak_glass__1_900x.webp","datePublished":"2024-11-24T04:14:54+00:00","dateModified":"2024-11-24T06:02:13+00:00","description":"Entdecken Sie das Sideboard Italic: schlichtes Massivholz-Design mit T\u00fcren aus Eiche oder geriffeltem Glas, in Eiche, Dunkler Eiche oder Schwarzer Eiche.","breadcrumb":{"@id":"https:\/\/ekkla.ch\/de\/produit\/buffet-italic-sideboard-dunkle-eiche-1-tuer-aus-eiche-und-1-tuer-aus-glas-umage\/#breadcrumb"},"inLanguage":"de","potentialAction":[{"@type":"ReadAction","target":["https:\/\/ekkla.ch\/de\/produit\/buffet-italic-sideboard-dunkle-eiche-1-tuer-aus-eiche-und-1-tuer-aus-glas-umage\/"]}]},{"@type":"ImageObject","inLanguage":"de","@id":"https:\/\/ekkla.ch\/de\/produit\/buffet-italic-sideboard-dunkle-eiche-1-tuer-aus-eiche-und-1-tuer-aus-glas-umage\/#primaryimage","url":"https:\/\/ekkla.ch\/wp-content\/uploads\/2024\/11\/UMAGE_packshot_5719C5523-2_Italic_darkoak_glass__1_900x.webp","contentUrl":"https:\/\/ekkla.ch\/wp-content\/uploads\/2024\/11\/UMAGE_packshot_5719C5523-2_Italic_darkoak_glass__1_900x.webp","width":900,"height":900},{"@type":"BreadcrumbList","@id":"https:\/\/ekkla.ch\/de\/produit\/buffet-italic-sideboard-dunkle-eiche-1-tuer-aus-eiche-und-1-tuer-aus-glas-umage\/#breadcrumb","itemListElement":[{"@type":"ListItem","position":1,"name":"Home","item":"https:\/\/ekkla.ch\/de\/"},{"@type":"ListItem","position":2,"name":"Shop","item":"https:\/\/ekkla.ch\/de\/shop\/"},{"@type":"ListItem","position":3,"name":"Buffet Italic Sideboard - Dunkle Eiche - 1 T\u00fcr aus Eiche und 1 T\u00fcr aus Glas - Umage"}]},{"@type":"WebSite","@id":"https:\/\/ekkla.ch\/#website","url":"https:\/\/ekkla.ch\/","name":"Ekkla","description":"Der Onlineshop f\u00fcr Beleuchtung","publisher":{"@id":"https:\/\/ekkla.ch\/#organization"},"potentialAction":[{"@type":"SearchAction","target":{"@type":"EntryPoint","urlTemplate":"https:\/\/ekkla.ch\/?s={search_term_string}"},"query-input":"required name=search_term_string"}],"inLanguage":"de"},{"@type":"Organization","@id":"https:\/\/ekkla.ch\/#organization","name":"Ekkla","url":"https:\/\/ekkla.ch\/","logo":{"@type":"ImageObject","inLanguage":"de","@id":"https:\/\/ekkla.ch\/#\/schema\/logo\/image\/","url":"http:\/\/ekkla.ch\/wp-content\/uploads\/2019\/07\/logo-1.svg","contentUrl":"http:\/\/ekkla.ch\/wp-content\/uploads\/2019\/07\/logo-1.svg","width":1,"height":1,"caption":"Ekkla"},"image":{"@id":"https:\/\/ekkla.ch\/#\/schema\/logo\/image\/"},"sameAs":["https:\/\/www.instagram.com\/ekkla_light\/"]}]}},"_links":{"self":[{"href":"https:\/\/ekkla.ch\/de\/wp-json\/wp\/v2\/product\/203593"}],"collection":[{"href":"https:\/\/ekkla.ch\/de\/wp-json\/wp\/v2\/product"}],"about":[{"href":"https:\/\/ekkla.ch\/de\/wp-json\/wp\/v2\/types\/product"}],"wp:featuredmedia":[{"embeddable":true,"href":"https:\/\/ekkla.ch\/de\/wp-json\/wp\/v2\/media\/204909"}],"wp:attachment":[{"href":"https:\/\/ekkla.ch\/de\/wp-json\/wp\/v2\/media?parent=203593"}],"wp:term":[{"taxonomy":"product_cat","embeddable":true,"href":"https:\/\/ekkla.ch\/de\/wp-json\/wp\/v2\/product_cat?post=203593"},{"taxonomy":"product_tag","embeddable":true,"href":"https:\/\/ekkla.ch\/de\/wp-json\/wp\/v2\/product_tag?post=203593"}],"curies":[{"name":"wp","href":"https:\/\/api.w.org\/{rel}","templated":true}]}}