{"id":203636,"date":"2024-11-20T16:53:55","date_gmt":"2024-11-20T15:53:55","guid":{"rendered":"https:\/\/ekkla.ch\/produit\/bank-angui-boucle-stoff-amber-aytm\/"},"modified":"2024-11-25T05:52:52","modified_gmt":"2024-11-25T04:52:52","slug":"bank-angui-boucle-stoff-amber-aytm","status":"publish","type":"product","link":"https:\/\/ekkla.ch\/de\/produit\/bank-angui-boucle-stoff-amber-aytm\/","title":{"rendered":"Bank Angui &#8211; Boucl\u00e9-Stoff &#8211; Amber &#8211; AYTM"},"content":{"rendered":"<p>Sich einen Moment Zeit zu nehmen, um sich zu entspannen und die Beine f\u00fcr eine kurze Zeit auszuruhen, die ANGUI-Bank ist der perfekte Ort daf\u00fcr. Verwenden Sie sie im Flur, im Schlafzimmer oder wo immer Sie einen Platz zum Ausruhen brauchen. Der schlauchf\u00f6rmige Rahmen und die Ton-in-Ton-Optik schaffen raffinierte St\u00fccke, die Ihren pers\u00f6nlichen Stil unterstreichen und dazu beitragen. Die ANGUI-Kollektion umfasst eine sch\u00f6ne Auswahl an verschiedenen M\u00f6beln, darunter B\u00e4nke, St\u00fchle, Regale und Spiegel, die in verschiedenen Farben und Gr\u00f6ssen erh\u00e4ltlich sind.<\/p>\n<blockquote>\n<h2>Merkmale &amp; Eigenschaften<\/h2>\n<div class=\"flex-1 overflow-hidden\">\n<div class=\"h-full\">\n<div class=\"react-scroll-to-bottom--css-fhlzq-79elbk h-full\">\n<div class=\"react-scroll-to-bottom--css-fhlzq-1n7m0yu\">\n<div class=\"flex flex-col text-sm md:pb-9\">\n<article class=\"w-full text-token-text-primary focus-visible:outline-2 focus-visible:outline-offset-[-4px]\" dir=\"auto\" data-testid=\"conversation-turn-11\" data-scroll-anchor=\"true\">\n<div class=\"m-auto text-base py-[18px] px-3 md:px-4 w-full md:px-5 lg:px-4 xl:px-5\">\n<div class=\"mx-auto flex flex-1 gap-4 text-base md:gap-5 lg:gap-6 md:max-w-3xl lg:max-w-[40rem] xl:max-w-[48rem]\">\n<div class=\"group\/conversation-turn relative flex w-full min-w-0 flex-col agent-turn\">\n<div class=\"flex-col gap-1 md:gap-3\">\n<div class=\"flex max-w-full flex-col flex-grow\">\n<div class=\"min-h-8 text-message flex w-full flex-col items-end gap-2 whitespace-normal break-words [.text-message+&amp;]:mt-5\" dir=\"auto\" data-message-author-role=\"assistant\" data-message-id=\"866d18de-5fd6-4732-a36b-3e79294d2f99\" data-message-model-slug=\"gpt-4o\">\n<div class=\"flex w-full flex-col gap-1 empty:hidden first:pt-[3px]\">\n<div class=\"markdown prose w-full break-words dark:prose-invert light\">\n<p><strong>Marke<\/strong> AYTM<\/p>\n<p><strong>Farbe<\/strong> Amber<\/p>\n<\/div>\n<\/div>\n<\/div>\n<\/div>\n<\/div>\n<\/div>\n<\/div>\n<\/div>\n<\/article>\n<\/div>\n<\/div>\n<\/div>\n<\/div>\n<\/div>\n<p><strong>Materialien<\/strong> Polyester, PU-Schaumstoff, Sperrholz und recyceltes PET<\/p>\n<p><strong>L\u00e4nge (cm)<\/strong> 110<\/p>\n<p><strong>Breite (cm) <\/strong>39<\/p>\n<p><strong>H\u00f6he (cm) <\/strong>68<\/p>\n<p><strong>Gewicht (kg) <\/strong>12<\/p><\/blockquote>\n","protected":false},"excerpt":{"rendered":"<p>Sich einen Moment Zeit zu nehmen, um sich zu entspannen und die Beine f\u00fcr eine kurze Zeit auszuruhen, die ANGUI-Bank ist der perfekte Ort daf\u00fcr. Verwenden Sie sie im Flur, im Schlafzimmer oder wo immer Sie einen Platz zum Ausruhen brauchen. Der schlauchf\u00f6rmige Rahmen und die Ton-in-Ton-Optik schaffen raffinierte St\u00fccke, die Ihren pers\u00f6nlichen Stil unterstreichen [&hellip;]<\/p>\n","protected":false},"featured_media":203998,"template":"","meta":{"_acf_changed":false,"om_disable_all_campaigns":false},"product_cat":[985,964],"product_tag":[1256,1188,1265],"bundled_by":[],"bundle_stock_status":"onbackorder","bundle_stock_quantity":null,"bundle_virtual":false,"bundle_layout":"","bundle_add_to_cart_form_location":"","bundle_editable_in_cart":false,"bundle_sold_individually_context":"","bundle_item_grouping":"","bundle_min_size":"","bundle_max_size":"","bundle_price":[],"bundled_items":[],"bundle_sell_ids":[],"acf":[],"yoast_head":"<!-- This site is optimized with the Yoast SEO Premium plugin v22.2 (Yoast SEO v22.8) - https:\/\/yoast.com\/wordpress\/plugins\/seo\/ -->\n<title>Bank Angui I Boucl\u00e9-Stoff I Amber I AYTM I Ekkla<\/title>\n<meta name=\"description\" content=\"Sich einen Moment Zeit nehmen, um sich zu entspannen und die Beine f\u00fcr eine kurze Zeit auszuruhen - die ANGUI-Bank ist der perfekte Ort daf\u00fcr.\" \/>\n<meta name=\"robots\" content=\"index, follow, max-snippet:-1, max-image-preview:large, max-video-preview:-1\" \/>\n<link rel=\"canonical\" href=\"https:\/\/ekkla.ch\/de\/produit\/bank-angui-boucle-stoff-amber-aytm\/\" \/>\n<meta property=\"og:locale\" content=\"de_DE\" \/>\n<meta property=\"og:type\" content=\"article\" \/>\n<meta property=\"og:title\" content=\"Bank Angui - Boucl\u00e9-Stoff - Amber - AYTM\" \/>\n<meta property=\"og:description\" content=\"Sich einen Moment Zeit nehmen, um sich zu entspannen und die Beine f\u00fcr eine kurze Zeit auszuruhen - die ANGUI-Bank ist der perfekte Ort daf\u00fcr.\" \/>\n<meta property=\"og:url\" content=\"https:\/\/ekkla.ch\/de\/produit\/bank-angui-boucle-stoff-amber-aytm\/\" \/>\n<meta property=\"og:site_name\" content=\"Ekkla\" \/>\n<meta property=\"article:modified_time\" content=\"2024-11-25T04:52:52+00:00\" \/>\n<meta property=\"og:image\" content=\"https:\/\/ekkla.ch\/wp-content\/uploads\/2024\/11\/ekkla-light-luminaires-meubles-AYTM_0000s_0043_501600636081_ANGUI_bench_amber-boucle_-L110xW39xH68cm_1.jpg\" \/>\n\t<meta property=\"og:image:width\" content=\"1000\" \/>\n\t<meta property=\"og:image:height\" content=\"1000\" \/>\n\t<meta property=\"og:image:type\" content=\"image\/jpeg\" \/>\n<meta name=\"twitter:card\" content=\"summary_large_image\" \/>\n<meta name=\"twitter:label1\" content=\"Gesch\u00e4tzte Lesezeit\" \/>\n\t<meta name=\"twitter:data1\" content=\"1\u00a0Minute\" \/>\n<script type=\"application\/ld+json\" class=\"yoast-schema-graph\">{\"@context\":\"https:\/\/schema.org\",\"@graph\":[{\"@type\":\"WebPage\",\"@id\":\"https:\/\/ekkla.ch\/de\/produit\/bank-angui-boucle-stoff-amber-aytm\/\",\"url\":\"https:\/\/ekkla.ch\/de\/produit\/bank-angui-boucle-stoff-amber-aytm\/\",\"name\":\"Bank Angui I Boucl\u00e9-Stoff I Amber I AYTM I Ekkla\",\"isPartOf\":{\"@id\":\"https:\/\/ekkla.ch\/#website\"},\"primaryImageOfPage\":{\"@id\":\"https:\/\/ekkla.ch\/de\/produit\/bank-angui-boucle-stoff-amber-aytm\/#primaryimage\"},\"image\":{\"@id\":\"https:\/\/ekkla.ch\/de\/produit\/bank-angui-boucle-stoff-amber-aytm\/#primaryimage\"},\"thumbnailUrl\":\"https:\/\/ekkla.ch\/wp-content\/uploads\/2024\/11\/ekkla-light-luminaires-meubles-AYTM_0000s_0043_501600636081_ANGUI_bench_amber-boucle_-L110xW39xH68cm_1.jpg\",\"datePublished\":\"2024-11-20T15:53:55+00:00\",\"dateModified\":\"2024-11-25T04:52:52+00:00\",\"description\":\"Sich einen Moment Zeit nehmen, um sich zu entspannen und die Beine f\u00fcr eine kurze Zeit auszuruhen - die ANGUI-Bank ist der perfekte Ort daf\u00fcr.\",\"breadcrumb\":{\"@id\":\"https:\/\/ekkla.ch\/de\/produit\/bank-angui-boucle-stoff-amber-aytm\/#breadcrumb\"},\"inLanguage\":\"de\",\"potentialAction\":[{\"@type\":\"ReadAction\",\"target\":[\"https:\/\/ekkla.ch\/de\/produit\/bank-angui-boucle-stoff-amber-aytm\/\"]}]},{\"@type\":\"ImageObject\",\"inLanguage\":\"de\",\"@id\":\"https:\/\/ekkla.ch\/de\/produit\/bank-angui-boucle-stoff-amber-aytm\/#primaryimage\",\"url\":\"https:\/\/ekkla.ch\/wp-content\/uploads\/2024\/11\/ekkla-light-luminaires-meubles-AYTM_0000s_0043_501600636081_ANGUI_bench_amber-boucle_-L110xW39xH68cm_1.jpg\",\"contentUrl\":\"https:\/\/ekkla.ch\/wp-content\/uploads\/2024\/11\/ekkla-light-luminaires-meubles-AYTM_0000s_0043_501600636081_ANGUI_bench_amber-boucle_-L110xW39xH68cm_1.jpg\",\"width\":1000,\"height\":1000},{\"@type\":\"BreadcrumbList\",\"@id\":\"https:\/\/ekkla.ch\/de\/produit\/bank-angui-boucle-stoff-amber-aytm\/#breadcrumb\",\"itemListElement\":[{\"@type\":\"ListItem\",\"position\":1,\"name\":\"Home\",\"item\":\"https:\/\/ekkla.ch\/de\/\"},{\"@type\":\"ListItem\",\"position\":2,\"name\":\"Shop\",\"item\":\"https:\/\/ekkla.ch\/de\/shop\/\"},{\"@type\":\"ListItem\",\"position\":3,\"name\":\"Bank Angui - Boucl\u00e9-Stoff - Amber - AYTM\"}]},{\"@type\":\"WebSite\",\"@id\":\"https:\/\/ekkla.ch\/#website\",\"url\":\"https:\/\/ekkla.ch\/\",\"name\":\"Ekkla\",\"description\":\"Der Onlineshop f\u00fcr Beleuchtung\",\"publisher\":{\"@id\":\"https:\/\/ekkla.ch\/#organization\"},\"potentialAction\":[{\"@type\":\"SearchAction\",\"target\":{\"@type\":\"EntryPoint\",\"urlTemplate\":\"https:\/\/ekkla.ch\/?s={search_term_string}\"},\"query-input\":\"required name=search_term_string\"}],\"inLanguage\":\"de\"},{\"@type\":\"Organization\",\"@id\":\"https:\/\/ekkla.ch\/#organization\",\"name\":\"Ekkla\",\"url\":\"https:\/\/ekkla.ch\/\",\"logo\":{\"@type\":\"ImageObject\",\"inLanguage\":\"de\",\"@id\":\"https:\/\/ekkla.ch\/#\/schema\/logo\/image\/\",\"url\":\"http:\/\/ekkla.ch\/wp-content\/uploads\/2019\/07\/logo-1.svg\",\"contentUrl\":\"http:\/\/ekkla.ch\/wp-content\/uploads\/2019\/07\/logo-1.svg\",\"width\":1,\"height\":1,\"caption\":\"Ekkla\"},\"image\":{\"@id\":\"https:\/\/ekkla.ch\/#\/schema\/logo\/image\/\"},\"sameAs\":[\"https:\/\/www.instagram.com\/ekkla_light\/\"]}]}<\/script>\n<!-- \/ Yoast SEO Premium plugin. -->","yoast_head_json":{"title":"Bank Angui I Boucl\u00e9-Stoff I Amber I AYTM I Ekkla","description":"Sich einen Moment Zeit nehmen, um sich zu entspannen und die Beine f\u00fcr eine kurze Zeit auszuruhen - die ANGUI-Bank ist der perfekte Ort daf\u00fcr.","robots":{"index":"index","follow":"follow","max-snippet":"max-snippet:-1","max-image-preview":"max-image-preview:large","max-video-preview":"max-video-preview:-1"},"canonical":"https:\/\/ekkla.ch\/de\/produit\/bank-angui-boucle-stoff-amber-aytm\/","og_locale":"de_DE","og_type":"article","og_title":"Bank Angui - Boucl\u00e9-Stoff - Amber - AYTM","og_description":"Sich einen Moment Zeit nehmen, um sich zu entspannen und die Beine f\u00fcr eine kurze Zeit auszuruhen - die ANGUI-Bank ist der perfekte Ort daf\u00fcr.","og_url":"https:\/\/ekkla.ch\/de\/produit\/bank-angui-boucle-stoff-amber-aytm\/","og_site_name":"Ekkla","article_modified_time":"2024-11-25T04:52:52+00:00","og_image":[{"width":1000,"height":1000,"url":"https:\/\/ekkla.ch\/wp-content\/uploads\/2024\/11\/ekkla-light-luminaires-meubles-AYTM_0000s_0043_501600636081_ANGUI_bench_amber-boucle_-L110xW39xH68cm_1.jpg","type":"image\/jpeg"}],"twitter_card":"summary_large_image","twitter_misc":{"Gesch\u00e4tzte Lesezeit":"1\u00a0Minute"},"schema":{"@context":"https:\/\/schema.org","@graph":[{"@type":"WebPage","@id":"https:\/\/ekkla.ch\/de\/produit\/bank-angui-boucle-stoff-amber-aytm\/","url":"https:\/\/ekkla.ch\/de\/produit\/bank-angui-boucle-stoff-amber-aytm\/","name":"Bank Angui I Boucl\u00e9-Stoff I Amber I AYTM I Ekkla","isPartOf":{"@id":"https:\/\/ekkla.ch\/#website"},"primaryImageOfPage":{"@id":"https:\/\/ekkla.ch\/de\/produit\/bank-angui-boucle-stoff-amber-aytm\/#primaryimage"},"image":{"@id":"https:\/\/ekkla.ch\/de\/produit\/bank-angui-boucle-stoff-amber-aytm\/#primaryimage"},"thumbnailUrl":"https:\/\/ekkla.ch\/wp-content\/uploads\/2024\/11\/ekkla-light-luminaires-meubles-AYTM_0000s_0043_501600636081_ANGUI_bench_amber-boucle_-L110xW39xH68cm_1.jpg","datePublished":"2024-11-20T15:53:55+00:00","dateModified":"2024-11-25T04:52:52+00:00","description":"Sich einen Moment Zeit nehmen, um sich zu entspannen und die Beine f\u00fcr eine kurze Zeit auszuruhen - die ANGUI-Bank ist der perfekte Ort daf\u00fcr.","breadcrumb":{"@id":"https:\/\/ekkla.ch\/de\/produit\/bank-angui-boucle-stoff-amber-aytm\/#breadcrumb"},"inLanguage":"de","potentialAction":[{"@type":"ReadAction","target":["https:\/\/ekkla.ch\/de\/produit\/bank-angui-boucle-stoff-amber-aytm\/"]}]},{"@type":"ImageObject","inLanguage":"de","@id":"https:\/\/ekkla.ch\/de\/produit\/bank-angui-boucle-stoff-amber-aytm\/#primaryimage","url":"https:\/\/ekkla.ch\/wp-content\/uploads\/2024\/11\/ekkla-light-luminaires-meubles-AYTM_0000s_0043_501600636081_ANGUI_bench_amber-boucle_-L110xW39xH68cm_1.jpg","contentUrl":"https:\/\/ekkla.ch\/wp-content\/uploads\/2024\/11\/ekkla-light-luminaires-meubles-AYTM_0000s_0043_501600636081_ANGUI_bench_amber-boucle_-L110xW39xH68cm_1.jpg","width":1000,"height":1000},{"@type":"BreadcrumbList","@id":"https:\/\/ekkla.ch\/de\/produit\/bank-angui-boucle-stoff-amber-aytm\/#breadcrumb","itemListElement":[{"@type":"ListItem","position":1,"name":"Home","item":"https:\/\/ekkla.ch\/de\/"},{"@type":"ListItem","position":2,"name":"Shop","item":"https:\/\/ekkla.ch\/de\/shop\/"},{"@type":"ListItem","position":3,"name":"Bank Angui - Boucl\u00e9-Stoff - Amber - AYTM"}]},{"@type":"WebSite","@id":"https:\/\/ekkla.ch\/#website","url":"https:\/\/ekkla.ch\/","name":"Ekkla","description":"Der Onlineshop f\u00fcr Beleuchtung","publisher":{"@id":"https:\/\/ekkla.ch\/#organization"},"potentialAction":[{"@type":"SearchAction","target":{"@type":"EntryPoint","urlTemplate":"https:\/\/ekkla.ch\/?s={search_term_string}"},"query-input":"required name=search_term_string"}],"inLanguage":"de"},{"@type":"Organization","@id":"https:\/\/ekkla.ch\/#organization","name":"Ekkla","url":"https:\/\/ekkla.ch\/","logo":{"@type":"ImageObject","inLanguage":"de","@id":"https:\/\/ekkla.ch\/#\/schema\/logo\/image\/","url":"http:\/\/ekkla.ch\/wp-content\/uploads\/2019\/07\/logo-1.svg","contentUrl":"http:\/\/ekkla.ch\/wp-content\/uploads\/2019\/07\/logo-1.svg","width":1,"height":1,"caption":"Ekkla"},"image":{"@id":"https:\/\/ekkla.ch\/#\/schema\/logo\/image\/"},"sameAs":["https:\/\/www.instagram.com\/ekkla_light\/"]}]}},"_links":{"self":[{"href":"https:\/\/ekkla.ch\/de\/wp-json\/wp\/v2\/product\/203636"}],"collection":[{"href":"https:\/\/ekkla.ch\/de\/wp-json\/wp\/v2\/product"}],"about":[{"href":"https:\/\/ekkla.ch\/de\/wp-json\/wp\/v2\/types\/product"}],"wp:featuredmedia":[{"embeddable":true,"href":"https:\/\/ekkla.ch\/de\/wp-json\/wp\/v2\/media\/203998"}],"wp:attachment":[{"href":"https:\/\/ekkla.ch\/de\/wp-json\/wp\/v2\/media?parent=203636"}],"wp:term":[{"taxonomy":"product_cat","embeddable":true,"href":"https:\/\/ekkla.ch\/de\/wp-json\/wp\/v2\/product_cat?post=203636"},{"taxonomy":"product_tag","embeddable":true,"href":"https:\/\/ekkla.ch\/de\/wp-json\/wp\/v2\/product_tag?post=203636"}],"curies":[{"name":"wp","href":"https:\/\/api.w.org\/{rel}","templated":true}]}}