{"id":203647,"date":"2024-11-20T10:23:41","date_gmt":"2024-11-20T09:23:41","guid":{"rendered":"https:\/\/ekkla.ch\/produit\/stuhl-semper-schwarz-schwarz-leder-aytm\/"},"modified":"2024-11-25T06:19:51","modified_gmt":"2024-11-25T05:19:51","slug":"stuhl-semper-schwarz-schwarz-leder-aytm","status":"publish","type":"product","link":"https:\/\/ekkla.ch\/de\/produit\/stuhl-semper-schwarz-schwarz-leder-aytm\/","title":{"rendered":"Stuhl Semper &#8211; Schwarz\/Schwarz &#8211; Leder &#8211; AYTM"},"content":{"rendered":"<p>Eine der aufregenden Neuheiten in der SS22-Kollektion ist der Ess- und Wohnzimmerstuhl SEMPER, der von dem Schmied Nicklas Bang Christensen entworfen wurde. Das neue, skulpturale Design zieht die Blicke auf sich und nimmt den Raum ein, in dem er steht. SEMPER ist der perfekte Artikel, um als Kunstwerk in der Ecke Ihres Arbeitszimmers oder in einem eleganten Paar neben dem Wohnzimmertisch f\u00fcr Ihre G\u00e4ste aufgestellt zu werden. Die Chaiselongue ist wie geschaffen, um sich zur\u00fcckzulehnen, die Zeit f\u00fcr eine Minute anzuhalten und dar\u00fcber nachzudenken, was bis dahin erreicht wurde. Nicklas ist bekannt f\u00fcr seinen Auftritt in der d\u00e4nischen Fernsehsendung \u201eDanmarks n\u00e6ste klassiker\u201c, der ihm gro\u00dfen Erfolg im Bereich M\u00f6beldesign eingebracht hat. Es ist uns eine Ehre, mit ihm an der SEMPER-Kollektion zu arbeiten, die in Italien hergestellt wird und in den Farben Schwarz, Cognac und Javabraun aus feinstem Leder von CAMO Leathers erh\u00e4ltlich ist. Erh\u00e4ltlich in verschiedenen Farben.<\/p>\n<blockquote>\n<h2>Merkmale &amp; Eigenschaften<\/h2>\n<div class=\"flex-1 overflow-hidden\">\n<div class=\"h-full\">\n<div class=\"react-scroll-to-bottom--css-fhlzq-79elbk h-full\">\n<div class=\"react-scroll-to-bottom--css-fhlzq-1n7m0yu\">\n<div class=\"flex flex-col text-sm md:pb-9\">\n<article class=\"w-full text-token-text-primary focus-visible:outline-2 focus-visible:outline-offset-[-4px]\" dir=\"auto\" data-testid=\"conversation-turn-11\" data-scroll-anchor=\"true\">\n<div class=\"m-auto text-base py-[18px] px-3 md:px-4 w-full md:px-5 lg:px-4 xl:px-5\">\n<div class=\"mx-auto flex flex-1 gap-4 text-base md:gap-5 lg:gap-6 md:max-w-3xl lg:max-w-[40rem] xl:max-w-[48rem]\">\n<div class=\"group\/conversation-turn relative flex w-full min-w-0 flex-col agent-turn\">\n<div class=\"flex-col gap-1 md:gap-3\">\n<div class=\"flex max-w-full flex-col flex-grow\">\n<div class=\"min-h-8 text-message flex w-full flex-col items-end gap-2 whitespace-normal break-words [.text-message+&amp;]:mt-5\" dir=\"auto\" data-message-author-role=\"assistant\" data-message-id=\"866d18de-5fd6-4732-a36b-3e79294d2f99\" data-message-model-slug=\"gpt-4o\">\n<div class=\"flex w-full flex-col gap-1 empty:hidden first:pt-[3px]\">\n<div class=\"markdown prose w-full break-words dark:prose-invert light\">\n<p><strong>Marke<\/strong> AYTM<\/p>\n<p><strong>Farbe<\/strong> Schwarz<\/p>\n<\/div>\n<\/div>\n<\/div>\n<\/div>\n<\/div>\n<\/div>\n<\/div>\n<\/div>\n<\/article>\n<\/div>\n<\/div>\n<\/div>\n<\/div>\n<\/div>\n<p><strong>Materialien<\/strong> Stahl, Leder und Schaumstoff<\/p>\n<p><strong>H\u00f6he (cm) <\/strong>79<\/p>\n<p><strong>Breite (cm) <\/strong>56.5<\/p>\n<p><strong>Tiefe (cm) <\/strong>55.5<\/p>\n<p><strong>Gewicht (kg)<\/strong> 6.5<\/p><\/blockquote>\n","protected":false},"excerpt":{"rendered":"<p>Eine der aufregenden Neuheiten in der SS22-Kollektion ist der Ess- und Wohnzimmerstuhl SEMPER, der von dem Schmied Nicklas Bang Christensen entworfen wurde. Das neue, skulpturale Design zieht die Blicke auf sich und nimmt den Raum ein, in dem er steht. SEMPER ist der perfekte Artikel, um als Kunstwerk in der Ecke Ihres Arbeitszimmers oder in [&hellip;]<\/p>\n","protected":false},"featured_media":204426,"template":"","meta":{"_acf_changed":false,"om_disable_all_campaigns":false},"product_cat":[964,968],"product_tag":[1256,1188,1265],"bundled_by":[],"bundle_stock_status":"onbackorder","bundle_stock_quantity":null,"bundle_virtual":false,"bundle_layout":"","bundle_add_to_cart_form_location":"","bundle_editable_in_cart":false,"bundle_sold_individually_context":"","bundle_item_grouping":"","bundle_min_size":"","bundle_max_size":"","bundle_price":[],"bundled_items":[],"bundle_sell_ids":[],"acf":[],"yoast_head":"<!-- This site is optimized with the Yoast SEO Premium plugin v22.2 (Yoast SEO v22.8) - https:\/\/yoast.com\/wordpress\/plugins\/seo\/ -->\n<title>Stuhl Semper I Schwarz\/Schwarz I Leder I AYTM I Ekkla<\/title>\n<meta name=\"description\" content=\"Ein neues, skulpturales Design, das die Blicke auf sich zieht. Er wurde von dem Schmied Nicklas Bang Christensen entworfen.\" \/>\n<meta name=\"robots\" content=\"index, follow, max-snippet:-1, max-image-preview:large, max-video-preview:-1\" \/>\n<link rel=\"canonical\" href=\"https:\/\/ekkla.ch\/de\/produit\/stuhl-semper-schwarz-schwarz-leder-aytm\/\" \/>\n<meta property=\"og:locale\" content=\"de_DE\" \/>\n<meta property=\"og:type\" content=\"article\" \/>\n<meta property=\"og:title\" content=\"Stuhl Semper - Schwarz\/Schwarz - Leder - AYTM\" \/>\n<meta property=\"og:description\" content=\"Ein neues, skulpturales Design, das die Blicke auf sich zieht. Er wurde von dem Schmied Nicklas Bang Christensen entworfen.\" \/>\n<meta property=\"og:url\" content=\"https:\/\/ekkla.ch\/de\/produit\/stuhl-semper-schwarz-schwarz-leder-aytm\/\" \/>\n<meta property=\"og:site_name\" content=\"Ekkla\" \/>\n<meta property=\"article:modified_time\" content=\"2024-11-25T05:19:51+00:00\" \/>\n<meta name=\"twitter:card\" content=\"summary_large_image\" \/>\n<meta name=\"twitter:label1\" content=\"Gesch\u00e4tzte Lesezeit\" \/>\n\t<meta name=\"twitter:data1\" content=\"1\u00a0Minute\" \/>\n<script type=\"application\/ld+json\" class=\"yoast-schema-graph\">{\"@context\":\"https:\/\/schema.org\",\"@graph\":[{\"@type\":\"WebPage\",\"@id\":\"https:\/\/ekkla.ch\/de\/produit\/stuhl-semper-schwarz-schwarz-leder-aytm\/\",\"url\":\"https:\/\/ekkla.ch\/de\/produit\/stuhl-semper-schwarz-schwarz-leder-aytm\/\",\"name\":\"Stuhl Semper I Schwarz\/Schwarz I Leder I AYTM I Ekkla\",\"isPartOf\":{\"@id\":\"https:\/\/ekkla.ch\/#website\"},\"primaryImageOfPage\":{\"@id\":\"https:\/\/ekkla.ch\/de\/produit\/stuhl-semper-schwarz-schwarz-leder-aytm\/#primaryimage\"},\"image\":{\"@id\":\"https:\/\/ekkla.ch\/de\/produit\/stuhl-semper-schwarz-schwarz-leder-aytm\/#primaryimage\"},\"thumbnailUrl\":\"https:\/\/ekkla.ch\/wp-content\/uploads\/2024\/11\/ekkla-light-luminaires-meubles-AYTM_0007s_0021_508649000083_SEMPER-dining-chair_BlackBlackL565-x-W555-x-H79-CM.jpg\",\"datePublished\":\"2024-11-20T09:23:41+00:00\",\"dateModified\":\"2024-11-25T05:19:51+00:00\",\"description\":\"Ein neues, skulpturales Design, das die Blicke auf sich zieht. Er wurde von dem Schmied Nicklas Bang Christensen entworfen.\",\"breadcrumb\":{\"@id\":\"https:\/\/ekkla.ch\/de\/produit\/stuhl-semper-schwarz-schwarz-leder-aytm\/#breadcrumb\"},\"inLanguage\":\"de\",\"potentialAction\":[{\"@type\":\"ReadAction\",\"target\":[\"https:\/\/ekkla.ch\/de\/produit\/stuhl-semper-schwarz-schwarz-leder-aytm\/\"]}]},{\"@type\":\"ImageObject\",\"inLanguage\":\"de\",\"@id\":\"https:\/\/ekkla.ch\/de\/produit\/stuhl-semper-schwarz-schwarz-leder-aytm\/#primaryimage\",\"url\":\"https:\/\/ekkla.ch\/wp-content\/uploads\/2024\/11\/ekkla-light-luminaires-meubles-AYTM_0007s_0021_508649000083_SEMPER-dining-chair_BlackBlackL565-x-W555-x-H79-CM.jpg\",\"contentUrl\":\"https:\/\/ekkla.ch\/wp-content\/uploads\/2024\/11\/ekkla-light-luminaires-meubles-AYTM_0007s_0021_508649000083_SEMPER-dining-chair_BlackBlackL565-x-W555-x-H79-CM.jpg\",\"width\":1000,\"height\":1000},{\"@type\":\"BreadcrumbList\",\"@id\":\"https:\/\/ekkla.ch\/de\/produit\/stuhl-semper-schwarz-schwarz-leder-aytm\/#breadcrumb\",\"itemListElement\":[{\"@type\":\"ListItem\",\"position\":1,\"name\":\"Home\",\"item\":\"https:\/\/ekkla.ch\/de\/\"},{\"@type\":\"ListItem\",\"position\":2,\"name\":\"Shop\",\"item\":\"https:\/\/ekkla.ch\/de\/shop\/\"},{\"@type\":\"ListItem\",\"position\":3,\"name\":\"Stuhl Semper &#8211; Schwarz\/Schwarz &#8211; Leder &#8211; AYTM\"}]},{\"@type\":\"WebSite\",\"@id\":\"https:\/\/ekkla.ch\/#website\",\"url\":\"https:\/\/ekkla.ch\/\",\"name\":\"Ekkla\",\"description\":\"Der Onlineshop f\u00fcr Beleuchtung\",\"publisher\":{\"@id\":\"https:\/\/ekkla.ch\/#organization\"},\"potentialAction\":[{\"@type\":\"SearchAction\",\"target\":{\"@type\":\"EntryPoint\",\"urlTemplate\":\"https:\/\/ekkla.ch\/?s={search_term_string}\"},\"query-input\":\"required name=search_term_string\"}],\"inLanguage\":\"de\"},{\"@type\":\"Organization\",\"@id\":\"https:\/\/ekkla.ch\/#organization\",\"name\":\"Ekkla\",\"url\":\"https:\/\/ekkla.ch\/\",\"logo\":{\"@type\":\"ImageObject\",\"inLanguage\":\"de\",\"@id\":\"https:\/\/ekkla.ch\/#\/schema\/logo\/image\/\",\"url\":\"http:\/\/ekkla.ch\/wp-content\/uploads\/2019\/07\/logo-1.svg\",\"contentUrl\":\"http:\/\/ekkla.ch\/wp-content\/uploads\/2019\/07\/logo-1.svg\",\"width\":1,\"height\":1,\"caption\":\"Ekkla\"},\"image\":{\"@id\":\"https:\/\/ekkla.ch\/#\/schema\/logo\/image\/\"},\"sameAs\":[\"https:\/\/www.instagram.com\/ekkla_light\/\"]}]}<\/script>\n<!-- \/ Yoast SEO Premium plugin. -->","yoast_head_json":{"title":"Stuhl Semper I Schwarz\/Schwarz I Leder I AYTM I Ekkla","description":"Ein neues, skulpturales Design, das die Blicke auf sich zieht. Er wurde von dem Schmied Nicklas Bang Christensen entworfen.","robots":{"index":"index","follow":"follow","max-snippet":"max-snippet:-1","max-image-preview":"max-image-preview:large","max-video-preview":"max-video-preview:-1"},"canonical":"https:\/\/ekkla.ch\/de\/produit\/stuhl-semper-schwarz-schwarz-leder-aytm\/","og_locale":"de_DE","og_type":"article","og_title":"Stuhl Semper - Schwarz\/Schwarz - Leder - AYTM","og_description":"Ein neues, skulpturales Design, das die Blicke auf sich zieht. Er wurde von dem Schmied Nicklas Bang Christensen entworfen.","og_url":"https:\/\/ekkla.ch\/de\/produit\/stuhl-semper-schwarz-schwarz-leder-aytm\/","og_site_name":"Ekkla","article_modified_time":"2024-11-25T05:19:51+00:00","twitter_card":"summary_large_image","twitter_misc":{"Gesch\u00e4tzte Lesezeit":"1\u00a0Minute"},"schema":{"@context":"https:\/\/schema.org","@graph":[{"@type":"WebPage","@id":"https:\/\/ekkla.ch\/de\/produit\/stuhl-semper-schwarz-schwarz-leder-aytm\/","url":"https:\/\/ekkla.ch\/de\/produit\/stuhl-semper-schwarz-schwarz-leder-aytm\/","name":"Stuhl Semper I Schwarz\/Schwarz I Leder I AYTM I Ekkla","isPartOf":{"@id":"https:\/\/ekkla.ch\/#website"},"primaryImageOfPage":{"@id":"https:\/\/ekkla.ch\/de\/produit\/stuhl-semper-schwarz-schwarz-leder-aytm\/#primaryimage"},"image":{"@id":"https:\/\/ekkla.ch\/de\/produit\/stuhl-semper-schwarz-schwarz-leder-aytm\/#primaryimage"},"thumbnailUrl":"https:\/\/ekkla.ch\/wp-content\/uploads\/2024\/11\/ekkla-light-luminaires-meubles-AYTM_0007s_0021_508649000083_SEMPER-dining-chair_BlackBlackL565-x-W555-x-H79-CM.jpg","datePublished":"2024-11-20T09:23:41+00:00","dateModified":"2024-11-25T05:19:51+00:00","description":"Ein neues, skulpturales Design, das die Blicke auf sich zieht. Er wurde von dem Schmied Nicklas Bang Christensen entworfen.","breadcrumb":{"@id":"https:\/\/ekkla.ch\/de\/produit\/stuhl-semper-schwarz-schwarz-leder-aytm\/#breadcrumb"},"inLanguage":"de","potentialAction":[{"@type":"ReadAction","target":["https:\/\/ekkla.ch\/de\/produit\/stuhl-semper-schwarz-schwarz-leder-aytm\/"]}]},{"@type":"ImageObject","inLanguage":"de","@id":"https:\/\/ekkla.ch\/de\/produit\/stuhl-semper-schwarz-schwarz-leder-aytm\/#primaryimage","url":"https:\/\/ekkla.ch\/wp-content\/uploads\/2024\/11\/ekkla-light-luminaires-meubles-AYTM_0007s_0021_508649000083_SEMPER-dining-chair_BlackBlackL565-x-W555-x-H79-CM.jpg","contentUrl":"https:\/\/ekkla.ch\/wp-content\/uploads\/2024\/11\/ekkla-light-luminaires-meubles-AYTM_0007s_0021_508649000083_SEMPER-dining-chair_BlackBlackL565-x-W555-x-H79-CM.jpg","width":1000,"height":1000},{"@type":"BreadcrumbList","@id":"https:\/\/ekkla.ch\/de\/produit\/stuhl-semper-schwarz-schwarz-leder-aytm\/#breadcrumb","itemListElement":[{"@type":"ListItem","position":1,"name":"Home","item":"https:\/\/ekkla.ch\/de\/"},{"@type":"ListItem","position":2,"name":"Shop","item":"https:\/\/ekkla.ch\/de\/shop\/"},{"@type":"ListItem","position":3,"name":"Stuhl Semper &#8211; Schwarz\/Schwarz &#8211; Leder &#8211; AYTM"}]},{"@type":"WebSite","@id":"https:\/\/ekkla.ch\/#website","url":"https:\/\/ekkla.ch\/","name":"Ekkla","description":"Der Onlineshop f\u00fcr Beleuchtung","publisher":{"@id":"https:\/\/ekkla.ch\/#organization"},"potentialAction":[{"@type":"SearchAction","target":{"@type":"EntryPoint","urlTemplate":"https:\/\/ekkla.ch\/?s={search_term_string}"},"query-input":"required name=search_term_string"}],"inLanguage":"de"},{"@type":"Organization","@id":"https:\/\/ekkla.ch\/#organization","name":"Ekkla","url":"https:\/\/ekkla.ch\/","logo":{"@type":"ImageObject","inLanguage":"de","@id":"https:\/\/ekkla.ch\/#\/schema\/logo\/image\/","url":"http:\/\/ekkla.ch\/wp-content\/uploads\/2019\/07\/logo-1.svg","contentUrl":"http:\/\/ekkla.ch\/wp-content\/uploads\/2019\/07\/logo-1.svg","width":1,"height":1,"caption":"Ekkla"},"image":{"@id":"https:\/\/ekkla.ch\/#\/schema\/logo\/image\/"},"sameAs":["https:\/\/www.instagram.com\/ekkla_light\/"]}]}},"_links":{"self":[{"href":"https:\/\/ekkla.ch\/de\/wp-json\/wp\/v2\/product\/203647"}],"collection":[{"href":"https:\/\/ekkla.ch\/de\/wp-json\/wp\/v2\/product"}],"about":[{"href":"https:\/\/ekkla.ch\/de\/wp-json\/wp\/v2\/types\/product"}],"wp:featuredmedia":[{"embeddable":true,"href":"https:\/\/ekkla.ch\/de\/wp-json\/wp\/v2\/media\/204426"}],"wp:attachment":[{"href":"https:\/\/ekkla.ch\/de\/wp-json\/wp\/v2\/media?parent=203647"}],"wp:term":[{"taxonomy":"product_cat","embeddable":true,"href":"https:\/\/ekkla.ch\/de\/wp-json\/wp\/v2\/product_cat?post=203647"},{"taxonomy":"product_tag","embeddable":true,"href":"https:\/\/ekkla.ch\/de\/wp-json\/wp\/v2\/product_tag?post=203647"}],"curies":[{"name":"wp","href":"https:\/\/api.w.org\/{rel}","templated":true}]}}