{"id":203686,"date":"2024-11-20T16:00:49","date_gmt":"2024-11-20T15:00:49","guid":{"rendered":"https:\/\/ekkla.ch\/produit\/wandregal-curva-schwarz-l40-aytm\/"},"modified":"2024-11-25T21:02:51","modified_gmt":"2024-11-25T20:02:51","slug":"wandregal-curva-schwarz-l40-aytm","status":"publish","type":"product","link":"https:\/\/ekkla.ch\/de\/produit\/wandregal-curva-schwarz-l40-aytm\/","title":{"rendered":"Wandregal Curva &#8211; Schwarz &#8211; L40 &#8211; AYTM"},"content":{"rendered":"<p>Die Formen und Materialien, die das CURVA-Regal charakterisieren, sind von den Wellen des Ozeans inspiriert. Sein minimalistisches Design l\u00e4dt zu unz\u00e4hligen M\u00f6glichkeiten ein, sodass Sie es individuell nutzen k\u00f6nnen, um es an Ihren Lebensstil anzupassen. Das CURVA-Regal ist eine vielseitige Erg\u00e4nzung f\u00fcr jedes Zuhause und kann als praktische Sitzoption im Flur oder als dekorative Wandinstallation verwendet werden. Inspiriert von den sanften Wellen des Ozeans, verf\u00fcgt das CURVA-Regal \u00fcber elegante, skulpturale Drahtkonturen, die jedem Raum einen dynamischen Touch verleihen. Sein schlichtes Design f\u00fcgt sich nahtlos in jede Umgebung ein. Erweitern Sie seine Funktionalit\u00e4t und seinen Stil mit dem CURVA Holztablett, das perfekt daf\u00fcr geeignet ist, auf der Spitze des Regals zu sitzen. Erh\u00e4ltlich in verschiedenen Farben und Gr\u00f6ssen.<\/p>\n<blockquote>\n<h2>Merkmale &amp; Eigenschaften<\/h2>\n<div class=\"flex-1 overflow-hidden\">\n<div class=\"h-full\">\n<div class=\"react-scroll-to-bottom--css-fhlzq-79elbk h-full\">\n<div class=\"react-scroll-to-bottom--css-fhlzq-1n7m0yu\">\n<div class=\"flex flex-col text-sm md:pb-9\">\n<article class=\"w-full text-token-text-primary focus-visible:outline-2 focus-visible:outline-offset-[-4px]\" dir=\"auto\" data-testid=\"conversation-turn-11\" data-scroll-anchor=\"true\">\n<div class=\"m-auto text-base py-[18px] px-3 md:px-4 w-full md:px-5 lg:px-4 xl:px-5\">\n<div class=\"mx-auto flex flex-1 gap-4 text-base md:gap-5 lg:gap-6 md:max-w-3xl lg:max-w-[40rem] xl:max-w-[48rem]\">\n<div class=\"group\/conversation-turn relative flex w-full min-w-0 flex-col agent-turn\">\n<div class=\"flex-col gap-1 md:gap-3\">\n<div class=\"flex max-w-full flex-col flex-grow\">\n<div class=\"min-h-8 text-message flex w-full flex-col items-end gap-2 whitespace-normal break-words [.text-message+&amp;]:mt-5\" dir=\"auto\" data-message-author-role=\"assistant\" data-message-id=\"866d18de-5fd6-4732-a36b-3e79294d2f99\" data-message-model-slug=\"gpt-4o\">\n<div class=\"flex w-full flex-col gap-1 empty:hidden first:pt-[3px]\">\n<div class=\"markdown prose w-full break-words dark:prose-invert light\">\n<p><strong>Marke<\/strong> AYTM<\/p>\n<p><strong>Farbe<\/strong> Schwarz<\/p>\n<\/div>\n<\/div>\n<\/div>\n<\/div>\n<\/div>\n<\/div>\n<\/div>\n<\/div>\n<\/article>\n<\/div>\n<\/div>\n<\/div>\n<\/div>\n<\/div>\n<p><strong>Material<\/strong> Stahl<\/p>\n<p><strong>H\u00f6he (cm) <\/strong>12<\/p>\n<p><strong>Breite (cm) <\/strong>40.4<\/p>\n<p><strong>Tiefe (cm) <\/strong>25.3<\/p>\n<p><strong>Gewicht (kg)<\/strong> 1.5<\/p><\/blockquote>\n","protected":false},"excerpt":{"rendered":"<p>Die Formen und Materialien, die das CURVA-Regal charakterisieren, sind von den Wellen des Ozeans inspiriert. Sein minimalistisches Design l\u00e4dt zu unz\u00e4hligen M\u00f6glichkeiten ein, sodass Sie es individuell nutzen k\u00f6nnen, um es an Ihren Lebensstil anzupassen. Das CURVA-Regal ist eine vielseitige Erg\u00e4nzung f\u00fcr jedes Zuhause und kann als praktische Sitzoption im Flur oder als dekorative Wandinstallation [&hellip;]<\/p>\n","protected":false},"featured_media":205102,"template":"","meta":{"_acf_changed":false,"om_disable_all_campaigns":false},"product_cat":[964,974],"product_tag":[1256,1188,1265],"bundled_by":[],"bundle_stock_status":"onbackorder","bundle_stock_quantity":null,"bundle_virtual":false,"bundle_layout":"","bundle_add_to_cart_form_location":"","bundle_editable_in_cart":false,"bundle_sold_individually_context":"","bundle_item_grouping":"","bundle_min_size":"","bundle_max_size":"","bundle_price":[],"bundled_items":[],"bundle_sell_ids":[],"acf":[],"yoast_head":"<!-- This site is optimized with the Yoast SEO Premium plugin v22.2 (Yoast SEO v22.8) - https:\/\/yoast.com\/wordpress\/plugins\/seo\/ -->\n<title>Wandregal Curva I Schwarz I L40 I AYTM I Ekkla<\/title>\n<meta name=\"description\" content=\"Die Formen und Materialien, die das Regal CURVA auszeichnen, sind mit seinem minimalistischen Design von den Wellen des Ozeans inspiriert.\" \/>\n<meta name=\"robots\" content=\"index, follow, max-snippet:-1, max-image-preview:large, max-video-preview:-1\" \/>\n<link rel=\"canonical\" href=\"https:\/\/ekkla.ch\/de\/produit\/wandregal-curva-schwarz-l40-aytm\/\" \/>\n<meta property=\"og:locale\" content=\"de_DE\" \/>\n<meta property=\"og:type\" content=\"article\" \/>\n<meta property=\"og:title\" content=\"Wandregal Curva - Schwarz - L40 - AYTM\" \/>\n<meta property=\"og:description\" content=\"Die Formen und Materialien, die das Regal CURVA auszeichnen, sind mit seinem minimalistischen Design von den Wellen des Ozeans inspiriert.\" \/>\n<meta property=\"og:url\" content=\"https:\/\/ekkla.ch\/de\/produit\/wandregal-curva-schwarz-l40-aytm\/\" \/>\n<meta property=\"og:site_name\" content=\"Ekkla\" \/>\n<meta property=\"article:modified_time\" content=\"2024-11-25T20:02:51+00:00\" \/>\n<meta property=\"og:image\" content=\"https:\/\/ekkla.ch\/wp-content\/uploads\/2024\/12\/ekkla-AYTM-etagere-curva-l-40-anthracite.jpg\" \/>\n\t<meta property=\"og:image:width\" content=\"1000\" \/>\n\t<meta property=\"og:image:height\" content=\"1000\" \/>\n\t<meta property=\"og:image:type\" content=\"image\/jpeg\" \/>\n<meta name=\"twitter:card\" content=\"summary_large_image\" \/>\n<meta name=\"twitter:label1\" content=\"Gesch\u00e4tzte Lesezeit\" \/>\n\t<meta name=\"twitter:data1\" content=\"1\u00a0Minute\" \/>\n<script type=\"application\/ld+json\" class=\"yoast-schema-graph\">{\"@context\":\"https:\/\/schema.org\",\"@graph\":[{\"@type\":\"WebPage\",\"@id\":\"https:\/\/ekkla.ch\/de\/produit\/wandregal-curva-schwarz-l40-aytm\/\",\"url\":\"https:\/\/ekkla.ch\/de\/produit\/wandregal-curva-schwarz-l40-aytm\/\",\"name\":\"Wandregal Curva I Schwarz I L40 I AYTM I Ekkla\",\"isPartOf\":{\"@id\":\"https:\/\/ekkla.ch\/#website\"},\"primaryImageOfPage\":{\"@id\":\"https:\/\/ekkla.ch\/de\/produit\/wandregal-curva-schwarz-l40-aytm\/#primaryimage\"},\"image\":{\"@id\":\"https:\/\/ekkla.ch\/de\/produit\/wandregal-curva-schwarz-l40-aytm\/#primaryimage\"},\"thumbnailUrl\":\"https:\/\/ekkla.ch\/wp-content\/uploads\/2024\/12\/ekkla-AYTM-etagere-curva-l-40-anthracite.jpg\",\"datePublished\":\"2024-11-20T15:00:49+00:00\",\"dateModified\":\"2024-11-25T20:02:51+00:00\",\"description\":\"Die Formen und Materialien, die das Regal CURVA auszeichnen, sind mit seinem minimalistischen Design von den Wellen des Ozeans inspiriert.\",\"breadcrumb\":{\"@id\":\"https:\/\/ekkla.ch\/de\/produit\/wandregal-curva-schwarz-l40-aytm\/#breadcrumb\"},\"inLanguage\":\"de\",\"potentialAction\":[{\"@type\":\"ReadAction\",\"target\":[\"https:\/\/ekkla.ch\/de\/produit\/wandregal-curva-schwarz-l40-aytm\/\"]}]},{\"@type\":\"ImageObject\",\"inLanguage\":\"de\",\"@id\":\"https:\/\/ekkla.ch\/de\/produit\/wandregal-curva-schwarz-l40-aytm\/#primaryimage\",\"url\":\"https:\/\/ekkla.ch\/wp-content\/uploads\/2024\/12\/ekkla-AYTM-etagere-curva-l-40-anthracite.jpg\",\"contentUrl\":\"https:\/\/ekkla.ch\/wp-content\/uploads\/2024\/12\/ekkla-AYTM-etagere-curva-l-40-anthracite.jpg\",\"width\":1000,\"height\":1000},{\"@type\":\"BreadcrumbList\",\"@id\":\"https:\/\/ekkla.ch\/de\/produit\/wandregal-curva-schwarz-l40-aytm\/#breadcrumb\",\"itemListElement\":[{\"@type\":\"ListItem\",\"position\":1,\"name\":\"Home\",\"item\":\"https:\/\/ekkla.ch\/de\/\"},{\"@type\":\"ListItem\",\"position\":2,\"name\":\"Shop\",\"item\":\"https:\/\/ekkla.ch\/de\/shop\/\"},{\"@type\":\"ListItem\",\"position\":3,\"name\":\"Wandregal Curva - Schwarz - L40 - AYTM\"}]},{\"@type\":\"WebSite\",\"@id\":\"https:\/\/ekkla.ch\/#website\",\"url\":\"https:\/\/ekkla.ch\/\",\"name\":\"Ekkla\",\"description\":\"Der Onlineshop f\u00fcr Beleuchtung\",\"publisher\":{\"@id\":\"https:\/\/ekkla.ch\/#organization\"},\"potentialAction\":[{\"@type\":\"SearchAction\",\"target\":{\"@type\":\"EntryPoint\",\"urlTemplate\":\"https:\/\/ekkla.ch\/?s={search_term_string}\"},\"query-input\":\"required name=search_term_string\"}],\"inLanguage\":\"de\"},{\"@type\":\"Organization\",\"@id\":\"https:\/\/ekkla.ch\/#organization\",\"name\":\"Ekkla\",\"url\":\"https:\/\/ekkla.ch\/\",\"logo\":{\"@type\":\"ImageObject\",\"inLanguage\":\"de\",\"@id\":\"https:\/\/ekkla.ch\/#\/schema\/logo\/image\/\",\"url\":\"http:\/\/ekkla.ch\/wp-content\/uploads\/2019\/07\/logo-1.svg\",\"contentUrl\":\"http:\/\/ekkla.ch\/wp-content\/uploads\/2019\/07\/logo-1.svg\",\"width\":1,\"height\":1,\"caption\":\"Ekkla\"},\"image\":{\"@id\":\"https:\/\/ekkla.ch\/#\/schema\/logo\/image\/\"},\"sameAs\":[\"https:\/\/www.instagram.com\/ekkla_light\/\"]}]}<\/script>\n<!-- \/ Yoast SEO Premium plugin. -->","yoast_head_json":{"title":"Wandregal Curva I Schwarz I L40 I AYTM I Ekkla","description":"Die Formen und Materialien, die das Regal CURVA auszeichnen, sind mit seinem minimalistischen Design von den Wellen des Ozeans inspiriert.","robots":{"index":"index","follow":"follow","max-snippet":"max-snippet:-1","max-image-preview":"max-image-preview:large","max-video-preview":"max-video-preview:-1"},"canonical":"https:\/\/ekkla.ch\/de\/produit\/wandregal-curva-schwarz-l40-aytm\/","og_locale":"de_DE","og_type":"article","og_title":"Wandregal Curva - Schwarz - L40 - AYTM","og_description":"Die Formen und Materialien, die das Regal CURVA auszeichnen, sind mit seinem minimalistischen Design von den Wellen des Ozeans inspiriert.","og_url":"https:\/\/ekkla.ch\/de\/produit\/wandregal-curva-schwarz-l40-aytm\/","og_site_name":"Ekkla","article_modified_time":"2024-11-25T20:02:51+00:00","og_image":[{"width":1000,"height":1000,"url":"https:\/\/ekkla.ch\/wp-content\/uploads\/2024\/12\/ekkla-AYTM-etagere-curva-l-40-anthracite.jpg","type":"image\/jpeg"}],"twitter_card":"summary_large_image","twitter_misc":{"Gesch\u00e4tzte Lesezeit":"1\u00a0Minute"},"schema":{"@context":"https:\/\/schema.org","@graph":[{"@type":"WebPage","@id":"https:\/\/ekkla.ch\/de\/produit\/wandregal-curva-schwarz-l40-aytm\/","url":"https:\/\/ekkla.ch\/de\/produit\/wandregal-curva-schwarz-l40-aytm\/","name":"Wandregal Curva I Schwarz I L40 I AYTM I Ekkla","isPartOf":{"@id":"https:\/\/ekkla.ch\/#website"},"primaryImageOfPage":{"@id":"https:\/\/ekkla.ch\/de\/produit\/wandregal-curva-schwarz-l40-aytm\/#primaryimage"},"image":{"@id":"https:\/\/ekkla.ch\/de\/produit\/wandregal-curva-schwarz-l40-aytm\/#primaryimage"},"thumbnailUrl":"https:\/\/ekkla.ch\/wp-content\/uploads\/2024\/12\/ekkla-AYTM-etagere-curva-l-40-anthracite.jpg","datePublished":"2024-11-20T15:00:49+00:00","dateModified":"2024-11-25T20:02:51+00:00","description":"Die Formen und Materialien, die das Regal CURVA auszeichnen, sind mit seinem minimalistischen Design von den Wellen des Ozeans inspiriert.","breadcrumb":{"@id":"https:\/\/ekkla.ch\/de\/produit\/wandregal-curva-schwarz-l40-aytm\/#breadcrumb"},"inLanguage":"de","potentialAction":[{"@type":"ReadAction","target":["https:\/\/ekkla.ch\/de\/produit\/wandregal-curva-schwarz-l40-aytm\/"]}]},{"@type":"ImageObject","inLanguage":"de","@id":"https:\/\/ekkla.ch\/de\/produit\/wandregal-curva-schwarz-l40-aytm\/#primaryimage","url":"https:\/\/ekkla.ch\/wp-content\/uploads\/2024\/12\/ekkla-AYTM-etagere-curva-l-40-anthracite.jpg","contentUrl":"https:\/\/ekkla.ch\/wp-content\/uploads\/2024\/12\/ekkla-AYTM-etagere-curva-l-40-anthracite.jpg","width":1000,"height":1000},{"@type":"BreadcrumbList","@id":"https:\/\/ekkla.ch\/de\/produit\/wandregal-curva-schwarz-l40-aytm\/#breadcrumb","itemListElement":[{"@type":"ListItem","position":1,"name":"Home","item":"https:\/\/ekkla.ch\/de\/"},{"@type":"ListItem","position":2,"name":"Shop","item":"https:\/\/ekkla.ch\/de\/shop\/"},{"@type":"ListItem","position":3,"name":"Wandregal Curva - Schwarz - L40 - AYTM"}]},{"@type":"WebSite","@id":"https:\/\/ekkla.ch\/#website","url":"https:\/\/ekkla.ch\/","name":"Ekkla","description":"Der Onlineshop f\u00fcr Beleuchtung","publisher":{"@id":"https:\/\/ekkla.ch\/#organization"},"potentialAction":[{"@type":"SearchAction","target":{"@type":"EntryPoint","urlTemplate":"https:\/\/ekkla.ch\/?s={search_term_string}"},"query-input":"required name=search_term_string"}],"inLanguage":"de"},{"@type":"Organization","@id":"https:\/\/ekkla.ch\/#organization","name":"Ekkla","url":"https:\/\/ekkla.ch\/","logo":{"@type":"ImageObject","inLanguage":"de","@id":"https:\/\/ekkla.ch\/#\/schema\/logo\/image\/","url":"http:\/\/ekkla.ch\/wp-content\/uploads\/2019\/07\/logo-1.svg","contentUrl":"http:\/\/ekkla.ch\/wp-content\/uploads\/2019\/07\/logo-1.svg","width":1,"height":1,"caption":"Ekkla"},"image":{"@id":"https:\/\/ekkla.ch\/#\/schema\/logo\/image\/"},"sameAs":["https:\/\/www.instagram.com\/ekkla_light\/"]}]}},"_links":{"self":[{"href":"https:\/\/ekkla.ch\/de\/wp-json\/wp\/v2\/product\/203686"}],"collection":[{"href":"https:\/\/ekkla.ch\/de\/wp-json\/wp\/v2\/product"}],"about":[{"href":"https:\/\/ekkla.ch\/de\/wp-json\/wp\/v2\/types\/product"}],"wp:featuredmedia":[{"embeddable":true,"href":"https:\/\/ekkla.ch\/de\/wp-json\/wp\/v2\/media\/205102"}],"wp:attachment":[{"href":"https:\/\/ekkla.ch\/de\/wp-json\/wp\/v2\/media?parent=203686"}],"wp:term":[{"taxonomy":"product_cat","embeddable":true,"href":"https:\/\/ekkla.ch\/de\/wp-json\/wp\/v2\/product_cat?post=203686"},{"taxonomy":"product_tag","embeddable":true,"href":"https:\/\/ekkla.ch\/de\/wp-json\/wp\/v2\/product_tag?post=203686"}],"curies":[{"name":"wp","href":"https:\/\/api.w.org\/{rel}","templated":true}]}}