{"id":203704,"date":"2024-11-19T14:24:29","date_gmt":"2024-11-19T13:24:29","guid":{"rendered":"https:\/\/ekkla.ch\/produit\/wandspiegel-angui-anthrazit-l50-x-h160-aytm\/"},"modified":"2024-11-26T06:39:49","modified_gmt":"2024-11-26T05:39:49","slug":"wandspiegel-angui-anthrazit-l50-x-h160-aytm","status":"publish","type":"product","link":"https:\/\/ekkla.ch\/de\/produit\/wandspiegel-angui-anthrazit-l50-x-h160-aytm\/","title":{"rendered":"Wandspiegel Angui &#8211; Anthrazit &#8211; L50 X H160 &#8211; AYTM"},"content":{"rendered":"<p>Der ANGUI-Spiegel mit seinem einfachen, schlauchf\u00f6rmigen Rahmen ist eine Sch\u00f6nheit f\u00fcr jeden Flur oder jedes Schlafzimmer. Sie k\u00f6nnen einen einzigen verwenden oder mehrere zusammen aufh\u00e4ngen. Die ANGUI-Familie ist eine wunderbare Auswahl an verschiedenen M\u00f6beln, die B\u00e4nke, St\u00fchle, Regale und Spiegel in einer Vielzahl von Farben und Gr\u00f6ssen umfasst. Anspruchsvolle St\u00fccke, die Ihren pers\u00f6nlichen Stil unterstreichen.<\/p>\n<blockquote>\n<h2 style=\"text-align: left\">Merkmale &amp; Eigenschaften<\/h2>\n<p><strong>Marke<\/strong> AYTM<\/p>\n<p style=\"text-align: left\"><strong>Farbe<\/strong> Anthrazit<\/p>\n<p style=\"text-align: left\"><strong>Materialien<\/strong> Glas und Stahl<\/p>\n<p style=\"text-align: left\"><strong>H\u00f6he (cm)<\/strong> 160<\/p>\n<p><strong>Breite (cm) <\/strong>50<\/p>\n<p><strong>Tiefe (cm) <\/strong>2<\/p>\n<p><strong>Gewicht (kg) <\/strong>13<\/p><\/blockquote>\n","protected":false},"excerpt":{"rendered":"<p>Der ANGUI-Spiegel mit seinem einfachen, schlauchf\u00f6rmigen Rahmen ist eine Sch\u00f6nheit f\u00fcr jeden Flur oder jedes Schlafzimmer. Sie k\u00f6nnen einen einzigen verwenden oder mehrere zusammen aufh\u00e4ngen. Die ANGUI-Familie ist eine wunderbare Auswahl an verschiedenen M\u00f6beln, die B\u00e4nke, St\u00fchle, Regale und Spiegel in einer Vielzahl von Farben und Gr\u00f6ssen umfasst. Anspruchsvolle St\u00fccke, die Ihren pers\u00f6nlichen Stil unterstreichen. [&hellip;]<\/p>\n","protected":false},"featured_media":204284,"template":"","meta":{"_acf_changed":false,"om_disable_all_campaigns":false},"product_cat":[989],"product_tag":[1256,896,1188,1265],"bundled_by":[],"bundle_stock_status":"onbackorder","bundle_stock_quantity":null,"bundle_virtual":false,"bundle_layout":"","bundle_add_to_cart_form_location":"","bundle_editable_in_cart":false,"bundle_sold_individually_context":"","bundle_item_grouping":"","bundle_min_size":"","bundle_max_size":"","bundle_price":[],"bundled_items":[],"bundle_sell_ids":[],"acf":[],"yoast_head":"<!-- This site is optimized with the Yoast SEO Premium plugin v22.2 (Yoast SEO v22.8) - https:\/\/yoast.com\/wordpress\/plugins\/seo\/ -->\n<title>AYTM | Wandspiegel Angui | Anthrazit | L50 X H160 | Ekkla<\/title>\n<meta name=\"description\" content=\"Der ANGUI-Spiegel mit seinem einfachen, schlauchf\u00f6rmigen Rahmen ist eine Sch\u00f6nheit f\u00fcr jeden Flur, jedes Wohn- oder Schlafzimmer.\" \/>\n<meta name=\"robots\" content=\"index, follow, max-snippet:-1, max-image-preview:large, max-video-preview:-1\" \/>\n<link rel=\"canonical\" href=\"https:\/\/ekkla.ch\/de\/produit\/wandspiegel-angui-anthrazit-l50-x-h160-aytm\/\" \/>\n<meta property=\"og:locale\" content=\"de_DE\" \/>\n<meta property=\"og:type\" content=\"article\" \/>\n<meta property=\"og:title\" content=\"Wandspiegel Angui - Anthrazit - L50 X H160 - AYTM\" \/>\n<meta property=\"og:description\" content=\"Der ANGUI-Spiegel mit seinem einfachen, schlauchf\u00f6rmigen Rahmen ist eine Sch\u00f6nheit f\u00fcr jeden Flur, jedes Wohn- oder Schlafzimmer.\" \/>\n<meta property=\"og:url\" content=\"https:\/\/ekkla.ch\/de\/produit\/wandspiegel-angui-anthrazit-l50-x-h160-aytm\/\" \/>\n<meta property=\"og:site_name\" content=\"Ekkla\" \/>\n<meta property=\"article:modified_time\" content=\"2024-11-26T05:39:49+00:00\" \/>\n<meta property=\"og:image\" content=\"https:\/\/ekkla.ch\/wp-content\/uploads\/2024\/11\/ekkla-light-luminaires-meubles-AYTM_0004s_0014_501480065087_ANGUI_mirror_anthracite_L50xW2xH160cm_1.jpg\" \/>\n\t<meta property=\"og:image:width\" content=\"1000\" \/>\n\t<meta property=\"og:image:height\" content=\"1000\" \/>\n\t<meta property=\"og:image:type\" content=\"image\/jpeg\" \/>\n<meta name=\"twitter:card\" content=\"summary_large_image\" \/>\n<meta name=\"twitter:label1\" content=\"Gesch\u00e4tzte Lesezeit\" \/>\n\t<meta name=\"twitter:data1\" content=\"1\u00a0Minute\" \/>\n<script type=\"application\/ld+json\" class=\"yoast-schema-graph\">{\"@context\":\"https:\/\/schema.org\",\"@graph\":[{\"@type\":\"WebPage\",\"@id\":\"https:\/\/ekkla.ch\/de\/produit\/wandspiegel-angui-anthrazit-l50-x-h160-aytm\/\",\"url\":\"https:\/\/ekkla.ch\/de\/produit\/wandspiegel-angui-anthrazit-l50-x-h160-aytm\/\",\"name\":\"AYTM | Wandspiegel Angui | Anthrazit | L50 X H160 | Ekkla\",\"isPartOf\":{\"@id\":\"https:\/\/ekkla.ch\/#website\"},\"primaryImageOfPage\":{\"@id\":\"https:\/\/ekkla.ch\/de\/produit\/wandspiegel-angui-anthrazit-l50-x-h160-aytm\/#primaryimage\"},\"image\":{\"@id\":\"https:\/\/ekkla.ch\/de\/produit\/wandspiegel-angui-anthrazit-l50-x-h160-aytm\/#primaryimage\"},\"thumbnailUrl\":\"https:\/\/ekkla.ch\/wp-content\/uploads\/2024\/11\/ekkla-light-luminaires-meubles-AYTM_0004s_0014_501480065087_ANGUI_mirror_anthracite_L50xW2xH160cm_1.jpg\",\"datePublished\":\"2024-11-19T13:24:29+00:00\",\"dateModified\":\"2024-11-26T05:39:49+00:00\",\"description\":\"Der ANGUI-Spiegel mit seinem einfachen, schlauchf\u00f6rmigen Rahmen ist eine Sch\u00f6nheit f\u00fcr jeden Flur, jedes Wohn- oder Schlafzimmer.\",\"breadcrumb\":{\"@id\":\"https:\/\/ekkla.ch\/de\/produit\/wandspiegel-angui-anthrazit-l50-x-h160-aytm\/#breadcrumb\"},\"inLanguage\":\"de\",\"potentialAction\":[{\"@type\":\"ReadAction\",\"target\":[\"https:\/\/ekkla.ch\/de\/produit\/wandspiegel-angui-anthrazit-l50-x-h160-aytm\/\"]}]},{\"@type\":\"ImageObject\",\"inLanguage\":\"de\",\"@id\":\"https:\/\/ekkla.ch\/de\/produit\/wandspiegel-angui-anthrazit-l50-x-h160-aytm\/#primaryimage\",\"url\":\"https:\/\/ekkla.ch\/wp-content\/uploads\/2024\/11\/ekkla-light-luminaires-meubles-AYTM_0004s_0014_501480065087_ANGUI_mirror_anthracite_L50xW2xH160cm_1.jpg\",\"contentUrl\":\"https:\/\/ekkla.ch\/wp-content\/uploads\/2024\/11\/ekkla-light-luminaires-meubles-AYTM_0004s_0014_501480065087_ANGUI_mirror_anthracite_L50xW2xH160cm_1.jpg\",\"width\":1000,\"height\":1000},{\"@type\":\"BreadcrumbList\",\"@id\":\"https:\/\/ekkla.ch\/de\/produit\/wandspiegel-angui-anthrazit-l50-x-h160-aytm\/#breadcrumb\",\"itemListElement\":[{\"@type\":\"ListItem\",\"position\":1,\"name\":\"Home\",\"item\":\"https:\/\/ekkla.ch\/de\/\"},{\"@type\":\"ListItem\",\"position\":2,\"name\":\"Shop\",\"item\":\"https:\/\/ekkla.ch\/de\/shop\/\"},{\"@type\":\"ListItem\",\"position\":3,\"name\":\"Wandspiegel Angui - Anthrazit - L50 X H160 - AYTM\"}]},{\"@type\":\"WebSite\",\"@id\":\"https:\/\/ekkla.ch\/#website\",\"url\":\"https:\/\/ekkla.ch\/\",\"name\":\"Ekkla\",\"description\":\"Der Onlineshop f\u00fcr Beleuchtung\",\"publisher\":{\"@id\":\"https:\/\/ekkla.ch\/#organization\"},\"potentialAction\":[{\"@type\":\"SearchAction\",\"target\":{\"@type\":\"EntryPoint\",\"urlTemplate\":\"https:\/\/ekkla.ch\/?s={search_term_string}\"},\"query-input\":\"required name=search_term_string\"}],\"inLanguage\":\"de\"},{\"@type\":\"Organization\",\"@id\":\"https:\/\/ekkla.ch\/#organization\",\"name\":\"Ekkla\",\"url\":\"https:\/\/ekkla.ch\/\",\"logo\":{\"@type\":\"ImageObject\",\"inLanguage\":\"de\",\"@id\":\"https:\/\/ekkla.ch\/#\/schema\/logo\/image\/\",\"url\":\"http:\/\/ekkla.ch\/wp-content\/uploads\/2019\/07\/logo-1.svg\",\"contentUrl\":\"http:\/\/ekkla.ch\/wp-content\/uploads\/2019\/07\/logo-1.svg\",\"width\":1,\"height\":1,\"caption\":\"Ekkla\"},\"image\":{\"@id\":\"https:\/\/ekkla.ch\/#\/schema\/logo\/image\/\"},\"sameAs\":[\"https:\/\/www.instagram.com\/ekkla_light\/\"]}]}<\/script>\n<!-- \/ Yoast SEO Premium plugin. -->","yoast_head_json":{"title":"AYTM | Wandspiegel Angui | Anthrazit | L50 X H160 | Ekkla","description":"Der ANGUI-Spiegel mit seinem einfachen, schlauchf\u00f6rmigen Rahmen ist eine Sch\u00f6nheit f\u00fcr jeden Flur, jedes Wohn- oder Schlafzimmer.","robots":{"index":"index","follow":"follow","max-snippet":"max-snippet:-1","max-image-preview":"max-image-preview:large","max-video-preview":"max-video-preview:-1"},"canonical":"https:\/\/ekkla.ch\/de\/produit\/wandspiegel-angui-anthrazit-l50-x-h160-aytm\/","og_locale":"de_DE","og_type":"article","og_title":"Wandspiegel Angui - Anthrazit - L50 X H160 - AYTM","og_description":"Der ANGUI-Spiegel mit seinem einfachen, schlauchf\u00f6rmigen Rahmen ist eine Sch\u00f6nheit f\u00fcr jeden Flur, jedes Wohn- oder Schlafzimmer.","og_url":"https:\/\/ekkla.ch\/de\/produit\/wandspiegel-angui-anthrazit-l50-x-h160-aytm\/","og_site_name":"Ekkla","article_modified_time":"2024-11-26T05:39:49+00:00","og_image":[{"width":1000,"height":1000,"url":"https:\/\/ekkla.ch\/wp-content\/uploads\/2024\/11\/ekkla-light-luminaires-meubles-AYTM_0004s_0014_501480065087_ANGUI_mirror_anthracite_L50xW2xH160cm_1.jpg","type":"image\/jpeg"}],"twitter_card":"summary_large_image","twitter_misc":{"Gesch\u00e4tzte Lesezeit":"1\u00a0Minute"},"schema":{"@context":"https:\/\/schema.org","@graph":[{"@type":"WebPage","@id":"https:\/\/ekkla.ch\/de\/produit\/wandspiegel-angui-anthrazit-l50-x-h160-aytm\/","url":"https:\/\/ekkla.ch\/de\/produit\/wandspiegel-angui-anthrazit-l50-x-h160-aytm\/","name":"AYTM | Wandspiegel Angui | Anthrazit | L50 X H160 | Ekkla","isPartOf":{"@id":"https:\/\/ekkla.ch\/#website"},"primaryImageOfPage":{"@id":"https:\/\/ekkla.ch\/de\/produit\/wandspiegel-angui-anthrazit-l50-x-h160-aytm\/#primaryimage"},"image":{"@id":"https:\/\/ekkla.ch\/de\/produit\/wandspiegel-angui-anthrazit-l50-x-h160-aytm\/#primaryimage"},"thumbnailUrl":"https:\/\/ekkla.ch\/wp-content\/uploads\/2024\/11\/ekkla-light-luminaires-meubles-AYTM_0004s_0014_501480065087_ANGUI_mirror_anthracite_L50xW2xH160cm_1.jpg","datePublished":"2024-11-19T13:24:29+00:00","dateModified":"2024-11-26T05:39:49+00:00","description":"Der ANGUI-Spiegel mit seinem einfachen, schlauchf\u00f6rmigen Rahmen ist eine Sch\u00f6nheit f\u00fcr jeden Flur, jedes Wohn- oder Schlafzimmer.","breadcrumb":{"@id":"https:\/\/ekkla.ch\/de\/produit\/wandspiegel-angui-anthrazit-l50-x-h160-aytm\/#breadcrumb"},"inLanguage":"de","potentialAction":[{"@type":"ReadAction","target":["https:\/\/ekkla.ch\/de\/produit\/wandspiegel-angui-anthrazit-l50-x-h160-aytm\/"]}]},{"@type":"ImageObject","inLanguage":"de","@id":"https:\/\/ekkla.ch\/de\/produit\/wandspiegel-angui-anthrazit-l50-x-h160-aytm\/#primaryimage","url":"https:\/\/ekkla.ch\/wp-content\/uploads\/2024\/11\/ekkla-light-luminaires-meubles-AYTM_0004s_0014_501480065087_ANGUI_mirror_anthracite_L50xW2xH160cm_1.jpg","contentUrl":"https:\/\/ekkla.ch\/wp-content\/uploads\/2024\/11\/ekkla-light-luminaires-meubles-AYTM_0004s_0014_501480065087_ANGUI_mirror_anthracite_L50xW2xH160cm_1.jpg","width":1000,"height":1000},{"@type":"BreadcrumbList","@id":"https:\/\/ekkla.ch\/de\/produit\/wandspiegel-angui-anthrazit-l50-x-h160-aytm\/#breadcrumb","itemListElement":[{"@type":"ListItem","position":1,"name":"Home","item":"https:\/\/ekkla.ch\/de\/"},{"@type":"ListItem","position":2,"name":"Shop","item":"https:\/\/ekkla.ch\/de\/shop\/"},{"@type":"ListItem","position":3,"name":"Wandspiegel Angui - Anthrazit - L50 X H160 - AYTM"}]},{"@type":"WebSite","@id":"https:\/\/ekkla.ch\/#website","url":"https:\/\/ekkla.ch\/","name":"Ekkla","description":"Der Onlineshop f\u00fcr Beleuchtung","publisher":{"@id":"https:\/\/ekkla.ch\/#organization"},"potentialAction":[{"@type":"SearchAction","target":{"@type":"EntryPoint","urlTemplate":"https:\/\/ekkla.ch\/?s={search_term_string}"},"query-input":"required name=search_term_string"}],"inLanguage":"de"},{"@type":"Organization","@id":"https:\/\/ekkla.ch\/#organization","name":"Ekkla","url":"https:\/\/ekkla.ch\/","logo":{"@type":"ImageObject","inLanguage":"de","@id":"https:\/\/ekkla.ch\/#\/schema\/logo\/image\/","url":"http:\/\/ekkla.ch\/wp-content\/uploads\/2019\/07\/logo-1.svg","contentUrl":"http:\/\/ekkla.ch\/wp-content\/uploads\/2019\/07\/logo-1.svg","width":1,"height":1,"caption":"Ekkla"},"image":{"@id":"https:\/\/ekkla.ch\/#\/schema\/logo\/image\/"},"sameAs":["https:\/\/www.instagram.com\/ekkla_light\/"]}]}},"_links":{"self":[{"href":"https:\/\/ekkla.ch\/de\/wp-json\/wp\/v2\/product\/203704"}],"collection":[{"href":"https:\/\/ekkla.ch\/de\/wp-json\/wp\/v2\/product"}],"about":[{"href":"https:\/\/ekkla.ch\/de\/wp-json\/wp\/v2\/types\/product"}],"wp:featuredmedia":[{"embeddable":true,"href":"https:\/\/ekkla.ch\/de\/wp-json\/wp\/v2\/media\/204284"}],"wp:attachment":[{"href":"https:\/\/ekkla.ch\/de\/wp-json\/wp\/v2\/media?parent=203704"}],"wp:term":[{"taxonomy":"product_cat","embeddable":true,"href":"https:\/\/ekkla.ch\/de\/wp-json\/wp\/v2\/product_cat?post=203704"},{"taxonomy":"product_tag","embeddable":true,"href":"https:\/\/ekkla.ch\/de\/wp-json\/wp\/v2\/product_tag?post=203704"}],"curies":[{"name":"wp","href":"https:\/\/api.w.org\/{rel}","templated":true}]}}