{"id":207871,"date":"2025-07-24T13:48:53","date_gmt":"2025-07-24T11:48:54","guid":{"rendered":"https:\/\/ekkla.ch\/?post_type=product&#038;p=207871"},"modified":"2025-07-24T15:15:33","modified_gmt":"2025-07-24T13:15:33","slug":"sofa-sumo-corner-recycelter-samt-almond-fatboy-copie","status":"publish","type":"product","link":"https:\/\/ekkla.ch\/de\/produit\/sofa-sumo-corner-recycelter-samt-almond-fatboy-copie\/","title":{"rendered":"Sofa Develius Mellow EV8H EV8B &#8211; Hot Madison 052 &#8211; &#038;Tradition"},"content":{"rendered":"<div class=\"experience-component-flowbox\">\n<div class=\"custom-layout-2-col\">\n<div class=\"custom-container wg7-text-image-small inverted\">\n<div class=\"second-col\">\n<div class=\"experience-region experience-column2\">\n<div data-ratio-number=\"3-2\" data-ratio-number-small=\"3-2\" data-columns-number=\"2\" data-columns-number-small=\"1\">\n<div id=\"cc3ff7cc685f8dcb41efd29bfe0d\" class=\"content-and-cta\">\n<div class=\"undefined\">\n<div class=\"content-and-cta-content \">\n<div class=\"description undefined\">\n<div class=\"w-100\">\n<div class=\"experience-region experience-main\">\n<div class=\"experience-component experience-dynamic-productDetail\">\n<div class=\"product-detail product-wrapper\" data-pid=\"106711\">\n<div class=\"pdp-grid\">\n<div class=\"description-and-detail\">\n<div id=\"accordionPDP\" class=\"accordion\">\n<div class=\"accordion-item\">\n<div id=\"collapse_ProductInformationAttributes\" class=\"accordion-collapse collapse show\" aria-labelledby=\"heading_ProductInformationAttributes\">\n<div class=\"attribute-group _ProductInformationAttributes\">\n<div class=\"attribute-values _longDescription\">\n<div class=\"label label-values\">\n<div class=\"label label-value\">\n<div id=\"maincontent\" role=\"main\">\n<div class=\"product-detail product-wrapper\" data-pid=\"106222\">\n<div class=\"pdp-grid\">\n<div class=\"description-and-detail\">\n<div id=\"accordionPDP\" class=\"accordion\">\n<div class=\"accordion-item\">\n<div id=\"collapse_ProductInformationAttributes\" class=\"accordion-collapse collapse show\" aria-labelledby=\"heading_ProductInformationAttributes\">\n<div class=\"attribute-group _ProductInformationAttributes\">\n<div class=\"attribute-values _longDescription\">\n<div class=\"label label-values\">\n<div class=\"label label-value\">\n<div class=\"flex max-w-full flex-col flex-grow\">\n<div class=\"min-h-8 text-message flex w-full flex-col items-end gap-2 whitespace-normal break-words [.text-message+&amp;]:mt-5\" dir=\"auto\" data-message-author-role=\"assistant\" data-message-id=\"5c0c881f-4ffc-44b2-b1e6-220d0b114b0f\">\n<div class=\"flex w-full flex-col gap-1 empty:hidden first:pt-[3px]\">\n<div class=\"markdown prose w-full break-words dark:prose-invert light\">\n<div class=\"attribute-values _longDescription\">\n<div class=\"label label-values\">\n<div class=\"label label-value\">\n<div class=\"flex max-w-full flex-col flex-grow\">\n<div class=\"min-h-8 text-message flex w-full flex-col items-end gap-2 whitespace-normal break-words [.text-message+&amp;]:mt-5\" dir=\"auto\" data-message-author-role=\"assistant\" data-message-id=\"4f32d902-c0d1-40f1-beea-fe72d0ba0201\">\n<div class=\"flex w-full flex-col gap-1 empty:hidden first:pt-[3px]\">\n<div class=\"markdown prose w-full break-words dark:prose-invert light\">\n<div class=\"experience-component-flowbox\">\n<div class=\"custom-layout-2-col\">\n<div class=\"custom-container wg7-text-image-small inverted\">\n<div class=\"second-col\">\n<div class=\"experience-region experience-column2\">\n<div data-ratio-number=\"3-2\" data-ratio-number-small=\"3-2\" data-columns-number=\"2\" data-columns-number-small=\"1\">\n<div id=\"cc3ff7cc685f8dcb41efd29bfe0d\" class=\"content-and-cta\">\n<div class=\"undefined\">\n<div class=\"content-and-cta-content \">\n<div class=\"description undefined\">\n<div class=\"w-100\">\n<div class=\"experience-region experience-main\">\n<div class=\"experience-component experience-dynamic-productDetail\">\n<div class=\"product-detail product-wrapper\" data-pid=\"106711\">\n<div class=\"pdp-grid\">\n<div class=\"description-and-detail\">\n<div id=\"accordionPDP\" class=\"accordion\">\n<div class=\"accordion-item\">\n<div id=\"collapse_ProductInformationAttributes\" class=\"accordion-collapse collapse show\" aria-labelledby=\"heading_ProductInformationAttributes\">\n<div class=\"attribute-group _ProductInformationAttributes\">\n<div class=\"attribute-values _longDescription\">\n<div class=\"label label-values\">\n<div class=\"label label-value\">\n<div id=\"maincontent\" role=\"main\">\n<div class=\"product-detail product-wrapper\" data-pid=\"106222\">\n<div class=\"pdp-grid\">\n<div class=\"description-and-detail\">\n<div id=\"accordionPDP\" class=\"accordion\">\n<div class=\"accordion-item\">\n<div id=\"collapse_ProductInformationAttributes\" class=\"accordion-collapse collapse show\" aria-labelledby=\"heading_ProductInformationAttributes\">\n<div class=\"attribute-group _ProductInformationAttributes\">\n<div class=\"attribute-values _longDescription\">\n<div class=\"label label-values\">\n<div class=\"label label-value\">\n<div class=\"flex max-w-full flex-col flex-grow\">\n<div class=\"min-h-8 text-message flex w-full flex-col items-end gap-2 whitespace-normal break-words [.text-message+&amp;]:mt-5\" dir=\"auto\" data-message-author-role=\"assistant\" data-message-id=\"5c0c881f-4ffc-44b2-b1e6-220d0b114b0f\">\n<div class=\"flex w-full flex-col gap-1 empty:hidden first:pt-[3px]\">\n<div class=\"markdown prose w-full break-words dark:prose-invert light\">\n<div class=\"attribute-values _longDescription\">\n<div class=\"label label-values\">\n<div class=\"label label-value\">\n<div class=\"flex max-w-full flex-col flex-grow\">\n<div class=\"min-h-8 text-message flex w-full flex-col items-end gap-2 whitespace-normal break-words [.text-message+&amp;]:mt-5\" dir=\"auto\" data-message-author-role=\"assistant\" data-message-id=\"4f32d902-c0d1-40f1-beea-fe72d0ba0201\">\n<div class=\"flex w-full flex-col gap-1 empty:hidden first:pt-[3px]\">\n<div class=\"markdown prose w-full break-words dark:prose-invert light\">\n<div class=\"flex max-w-full flex-col flex-grow\">\n<div class=\"min-h-8 text-message flex w-full flex-col items-end gap-2 whitespace-normal break-words [.text-message+&amp;]:mt-5\" dir=\"auto\" data-message-author-role=\"assistant\" data-message-id=\"237d989d-b698-4ccc-ba5e-69d710340b62\">\n<div class=\"flex w-full flex-col gap-1 empty:hidden first:pt-[3px]\">\n<div class=\"markdown prose w-full break-words dark:prose-invert light\">\n<div class=\"flex max-w-full flex-col flex-grow\">\n<div class=\"min-h-8 text-message flex w-full flex-col items-end gap-2 whitespace-normal break-words [.text-message+&amp;]:mt-5\" dir=\"auto\" data-message-author-role=\"assistant\" data-message-id=\"41497738-2181-4604-8696-940177ac7ecc\">\n<div class=\"flex w-full flex-col gap-1 empty:hidden first:pt-[3px]\">\n<div class=\"markdown prose w-full break-words dark:prose-invert light\">\n<div class=\"flex max-w-full flex-col flex-grow\">\n<div class=\"min-h-8 text-message flex w-full flex-col items-end gap-2 whitespace-normal break-words [.text-message+&amp;]:mt-5\" dir=\"auto\" data-message-author-role=\"assistant\" data-message-id=\"2a47b991-518c-4c20-a1d8-2ad35b39c36e\">\n<div class=\"flex w-full flex-col gap-1 empty:hidden first:pt-[3px]\">\n<div class=\"markdown prose w-full break-words dark:prose-invert light\">\n<div class=\"flex max-w-full flex-col flex-grow\">\n<div class=\"min-h-8 text-message flex w-full flex-col items-end gap-2 whitespace-normal break-words [.text-message+&amp;]:mt-5\" dir=\"auto\" data-message-author-role=\"assistant\" data-message-id=\"37a764a9-089c-4fb5-877e-665e936c1241\">\n<div class=\"flex w-full flex-col gap-1 empty:hidden first:pt-[3px]\">\n<div class=\"markdown prose w-full break-words dark:prose-invert light\">\n<div class=\"flex max-w-full flex-col flex-grow\">\n<div class=\"min-h-8 text-message flex w-full flex-col items-end gap-2 whitespace-normal break-words [.text-message+&amp;]:mt-5\" dir=\"auto\" data-message-author-role=\"assistant\" data-message-id=\"46f2a61e-8db7-4ca5-aa30-9cabcb834a44\">\n<div class=\"flex w-full flex-col gap-1 empty:hidden first:pt-[3px]\">\n<div class=\"markdown prose w-full break-words dark:prose-invert light\">\n<div class=\"flex max-w-full flex-col flex-grow\">\n<div class=\"min-h-8 text-message flex w-full flex-col items-end gap-2 whitespace-normal break-words [.text-message+&amp;]:mt-5\" dir=\"auto\" data-message-author-role=\"assistant\" data-message-id=\"e6ca5aa3-24c7-4776-9e05-a11579e8ff1c\">\n<div class=\"flex w-full flex-col gap-1 empty:hidden first:pt-[3px]\">\n<div class=\"markdown prose w-full break-words dark:prose-invert light\">\n<p>Edward van Vliets Develius Mellow ist ein sich st\u00e4ndig weiterentwickelndes Lounge-M\u00f6bel, bei dem Komfort und Langlebigkeit im Vordergrund stehen. Nach dem Erfolg des urspr\u00fcnglichen Develius-Designs, das 2018 auf den Markt kam, haben van Vliets kontinuierliche kreative Forschung und sein Bestreben, neue Designumgebungen zu schaffen, zu Develius Mellow gef\u00fchrt, einem modularen Sofa mit einem noch weicheren Sitzkomfort und einem abnehmbaren Bezug.<\/p>\n<\/div>\n<\/div>\n<\/div>\n<\/div>\n<\/div>\n<\/div>\n<\/div>\n<\/div>\n<\/div>\n<\/div>\n<\/div>\n<\/div>\n<\/div>\n<\/div>\n<\/div>\n<\/div>\n<\/div>\n<\/div>\n<\/div>\n<\/div>\n<\/div>\n<\/div>\n<\/div>\n<\/div>\n<\/div>\n<\/div>\n<\/div>\n<\/div>\n<\/div>\n<\/div>\n<\/div>\n<\/div>\n<\/div>\n<\/div>\n<\/div>\n<\/div>\n<\/div>\n<\/div>\n<\/div>\n<\/div>\n<\/div>\n<\/div>\n<\/div>\n<\/div>\n<\/div>\n<\/div>\n<\/div>\n<\/div>\n<\/div>\n<\/div>\n<\/div>\n<\/div>\n<\/div>\n<\/div>\n<\/div>\n<\/div>\n<\/div>\n<\/div>\n<\/div>\n<\/div>\n<\/div>\n<\/div>\n<\/div>\n<\/div>\n<\/div>\n<\/div>\n<\/div>\n<\/div>\n<\/div>\n<blockquote>\n<h2>Merkmale &amp; Eigenschaften<\/h2>\n<p><strong>Marke<\/strong> &amp;Tradition<\/p>\n<p><strong>Farbe<\/strong> Blau<\/p>\n<p><strong>Material<\/strong> Holzrahmen, durchschlagsichere Federn, HR-Schaumstoff, Bettdecke aus zerkleinertem HR-Schaumstoff und Polyesterwatte. Innenpolsterung aus Canvas, Metallklammern zum Verbinden der Module.<\/p>\n<p><strong>Breite (cm) <\/strong>238<\/p>\n<p><strong>Meridianl\u00e4nge (cm) <\/strong>150<\/p>\n<div class=\"attribute-values _height\">\n<div class=\"label label-values\">\n<div class=\"label label-value\">\n<p><strong>Sitzpl\u00e4tze<\/strong> 2-4<\/p>\n<\/div>\n<\/div>\n<\/div>\n<\/blockquote>\n<\/div>\n<\/div>\n<\/div>\n<\/div>\n<\/div>\n<\/div>\n<\/div>\n<\/div>\n<\/div>\n<\/div>\n<\/div>\n<\/div>\n<\/div>\n<\/div>\n<\/div>\n<\/div>\n<\/div>\n<\/div>\n<\/div>\n<\/div>\n<\/div>\n<\/div>\n<\/div>\n<\/div>\n<\/div>\n<\/div>\n<\/div>\n<\/div>\n<\/div>\n<\/div>\n<\/div>\n<\/div>\n<\/div>\n<\/div>\n<\/div>\n<\/div>\n<\/div>\n<\/div>\n<\/div>\n<\/div>\n<\/div>\n<\/div>\n<\/div>\n<\/div>\n<\/div>\n","protected":false},"excerpt":{"rendered":"<p>Edward van Vliets Develius Mellow ist ein sich st\u00e4ndig weiterentwickelndes Lounge-M\u00f6bel, bei dem Komfort und Langlebigkeit im Vordergrund stehen. Nach dem Erfolg des urspr\u00fcnglichen Develius-Designs, das 2018 auf den Markt kam, haben van Vliets kontinuierliche kreative Forschung und sein Bestreben, neue Designumgebungen zu schaffen, zu Develius Mellow gef\u00fchrt, einem modularen Sofa mit einem noch weicheren [&hellip;]<\/p>\n","protected":false},"featured_media":207873,"template":"","meta":{"_acf_changed":false,"om_disable_all_campaigns":false},"product_cat":[964,972],"product_tag":[1244,898,1188,1265,801,403],"bundled_by":[],"bundle_stock_status":"instock","bundle_stock_quantity":1,"bundle_virtual":false,"bundle_layout":"","bundle_add_to_cart_form_location":"","bundle_editable_in_cart":false,"bundle_sold_individually_context":"","bundle_item_grouping":"","bundle_min_size":"","bundle_max_size":"","bundle_price":[],"bundled_items":[],"bundle_sell_ids":[],"acf":[],"yoast_head":"<!-- This site is optimized with the Yoast SEO Premium plugin v22.2 (Yoast SEO v22.8) - https:\/\/yoast.com\/wordpress\/plugins\/seo\/ -->\n<title>Sofa I Develius Mellow I Hot Madison I &amp;Tradition I Ekkla<\/title>\n<meta name=\"description\" content=\"Entdecken Sie das Sofa Develius Mellow, ein modulares Sofa mit noch weicherer Sitzfl\u00e4che und abnehmbarem Bezug.\" \/>\n<meta name=\"robots\" content=\"index, follow, max-snippet:-1, max-image-preview:large, max-video-preview:-1\" \/>\n<link rel=\"canonical\" href=\"https:\/\/ekkla.ch\/de\/produit\/sofa-sumo-corner-recycelter-samt-almond-fatboy-copie\/\" \/>\n<meta property=\"og:locale\" content=\"de_DE\" \/>\n<meta property=\"og:type\" content=\"article\" \/>\n<meta property=\"og:title\" content=\"Sofa Develius Mellow EV8H EV8B - Hot Madison 052 - &amp;Tradition\" \/>\n<meta property=\"og:description\" content=\"Entdecken Sie das Sofa Develius Mellow, ein modulares Sofa mit noch weicherer Sitzfl\u00e4che und abnehmbarem Bezug.\" \/>\n<meta property=\"og:url\" content=\"https:\/\/ekkla.ch\/de\/produit\/sofa-sumo-corner-recycelter-samt-almond-fatboy-copie\/\" \/>\n<meta property=\"og:site_name\" content=\"Ekkla\" \/>\n<meta property=\"article:modified_time\" content=\"2025-07-24T13:15:33+00:00\" \/>\n<meta property=\"og:image\" content=\"https:\/\/ekkla.ch\/wp-content\/uploads\/2025\/07\/1-1.jpg\" \/>\n\t<meta property=\"og:image:width\" content=\"1000\" \/>\n\t<meta property=\"og:image:height\" content=\"1000\" \/>\n\t<meta property=\"og:image:type\" content=\"image\/jpeg\" \/>\n<meta name=\"twitter:card\" content=\"summary_large_image\" \/>\n<meta name=\"twitter:label1\" content=\"Gesch\u00e4tzte Lesezeit\" \/>\n\t<meta name=\"twitter:data1\" content=\"1\u00a0Minute\" \/>\n<script type=\"application\/ld+json\" class=\"yoast-schema-graph\">{\"@context\":\"https:\/\/schema.org\",\"@graph\":[{\"@type\":\"WebPage\",\"@id\":\"https:\/\/ekkla.ch\/de\/produit\/sofa-sumo-corner-recycelter-samt-almond-fatboy-copie\/\",\"url\":\"https:\/\/ekkla.ch\/de\/produit\/sofa-sumo-corner-recycelter-samt-almond-fatboy-copie\/\",\"name\":\"Sofa I Develius Mellow I Hot Madison I &Tradition I Ekkla\",\"isPartOf\":{\"@id\":\"https:\/\/ekkla.ch\/#website\"},\"primaryImageOfPage\":{\"@id\":\"https:\/\/ekkla.ch\/de\/produit\/sofa-sumo-corner-recycelter-samt-almond-fatboy-copie\/#primaryimage\"},\"image\":{\"@id\":\"https:\/\/ekkla.ch\/de\/produit\/sofa-sumo-corner-recycelter-samt-almond-fatboy-copie\/#primaryimage\"},\"thumbnailUrl\":\"https:\/\/ekkla.ch\/wp-content\/uploads\/2025\/07\/1-1.jpg\",\"datePublished\":\"2025-07-24T11:48:54+00:00\",\"dateModified\":\"2025-07-24T13:15:33+00:00\",\"description\":\"Entdecken Sie das Sofa Develius Mellow, ein modulares Sofa mit noch weicherer Sitzfl\u00e4che und abnehmbarem Bezug.\",\"breadcrumb\":{\"@id\":\"https:\/\/ekkla.ch\/de\/produit\/sofa-sumo-corner-recycelter-samt-almond-fatboy-copie\/#breadcrumb\"},\"inLanguage\":\"de\",\"potentialAction\":[{\"@type\":\"ReadAction\",\"target\":[\"https:\/\/ekkla.ch\/de\/produit\/sofa-sumo-corner-recycelter-samt-almond-fatboy-copie\/\"]}]},{\"@type\":\"ImageObject\",\"inLanguage\":\"de\",\"@id\":\"https:\/\/ekkla.ch\/de\/produit\/sofa-sumo-corner-recycelter-samt-almond-fatboy-copie\/#primaryimage\",\"url\":\"https:\/\/ekkla.ch\/wp-content\/uploads\/2025\/07\/1-1.jpg\",\"contentUrl\":\"https:\/\/ekkla.ch\/wp-content\/uploads\/2025\/07\/1-1.jpg\",\"width\":1000,\"height\":1000},{\"@type\":\"BreadcrumbList\",\"@id\":\"https:\/\/ekkla.ch\/de\/produit\/sofa-sumo-corner-recycelter-samt-almond-fatboy-copie\/#breadcrumb\",\"itemListElement\":[{\"@type\":\"ListItem\",\"position\":1,\"name\":\"Home\",\"item\":\"https:\/\/ekkla.ch\/de\/\"},{\"@type\":\"ListItem\",\"position\":2,\"name\":\"Shop\",\"item\":\"https:\/\/ekkla.ch\/de\/shop\/\"},{\"@type\":\"ListItem\",\"position\":3,\"name\":\"Sofa Develius Mellow EV8H EV8B &#8211; Hot Madison 052 &#8211; &#038;Tradition\"}]},{\"@type\":\"WebSite\",\"@id\":\"https:\/\/ekkla.ch\/#website\",\"url\":\"https:\/\/ekkla.ch\/\",\"name\":\"Ekkla\",\"description\":\"Der Onlineshop f\u00fcr Beleuchtung\",\"publisher\":{\"@id\":\"https:\/\/ekkla.ch\/#organization\"},\"potentialAction\":[{\"@type\":\"SearchAction\",\"target\":{\"@type\":\"EntryPoint\",\"urlTemplate\":\"https:\/\/ekkla.ch\/?s={search_term_string}\"},\"query-input\":\"required name=search_term_string\"}],\"inLanguage\":\"de\"},{\"@type\":\"Organization\",\"@id\":\"https:\/\/ekkla.ch\/#organization\",\"name\":\"Ekkla\",\"url\":\"https:\/\/ekkla.ch\/\",\"logo\":{\"@type\":\"ImageObject\",\"inLanguage\":\"de\",\"@id\":\"https:\/\/ekkla.ch\/#\/schema\/logo\/image\/\",\"url\":\"http:\/\/ekkla.ch\/wp-content\/uploads\/2019\/07\/logo-1.svg\",\"contentUrl\":\"http:\/\/ekkla.ch\/wp-content\/uploads\/2019\/07\/logo-1.svg\",\"width\":1,\"height\":1,\"caption\":\"Ekkla\"},\"image\":{\"@id\":\"https:\/\/ekkla.ch\/#\/schema\/logo\/image\/\"},\"sameAs\":[\"https:\/\/www.instagram.com\/ekkla_light\/\"]}]}<\/script>\n<!-- \/ Yoast SEO Premium plugin. -->","yoast_head_json":{"title":"Sofa I Develius Mellow I Hot Madison I &Tradition I Ekkla","description":"Entdecken Sie das Sofa Develius Mellow, ein modulares Sofa mit noch weicherer Sitzfl\u00e4che und abnehmbarem Bezug.","robots":{"index":"index","follow":"follow","max-snippet":"max-snippet:-1","max-image-preview":"max-image-preview:large","max-video-preview":"max-video-preview:-1"},"canonical":"https:\/\/ekkla.ch\/de\/produit\/sofa-sumo-corner-recycelter-samt-almond-fatboy-copie\/","og_locale":"de_DE","og_type":"article","og_title":"Sofa Develius Mellow EV8H EV8B - Hot Madison 052 - &Tradition","og_description":"Entdecken Sie das Sofa Develius Mellow, ein modulares Sofa mit noch weicherer Sitzfl\u00e4che und abnehmbarem Bezug.","og_url":"https:\/\/ekkla.ch\/de\/produit\/sofa-sumo-corner-recycelter-samt-almond-fatboy-copie\/","og_site_name":"Ekkla","article_modified_time":"2025-07-24T13:15:33+00:00","og_image":[{"width":1000,"height":1000,"url":"https:\/\/ekkla.ch\/wp-content\/uploads\/2025\/07\/1-1.jpg","type":"image\/jpeg"}],"twitter_card":"summary_large_image","twitter_misc":{"Gesch\u00e4tzte Lesezeit":"1\u00a0Minute"},"schema":{"@context":"https:\/\/schema.org","@graph":[{"@type":"WebPage","@id":"https:\/\/ekkla.ch\/de\/produit\/sofa-sumo-corner-recycelter-samt-almond-fatboy-copie\/","url":"https:\/\/ekkla.ch\/de\/produit\/sofa-sumo-corner-recycelter-samt-almond-fatboy-copie\/","name":"Sofa I Develius Mellow I Hot Madison I &Tradition I Ekkla","isPartOf":{"@id":"https:\/\/ekkla.ch\/#website"},"primaryImageOfPage":{"@id":"https:\/\/ekkla.ch\/de\/produit\/sofa-sumo-corner-recycelter-samt-almond-fatboy-copie\/#primaryimage"},"image":{"@id":"https:\/\/ekkla.ch\/de\/produit\/sofa-sumo-corner-recycelter-samt-almond-fatboy-copie\/#primaryimage"},"thumbnailUrl":"https:\/\/ekkla.ch\/wp-content\/uploads\/2025\/07\/1-1.jpg","datePublished":"2025-07-24T11:48:54+00:00","dateModified":"2025-07-24T13:15:33+00:00","description":"Entdecken Sie das Sofa Develius Mellow, ein modulares Sofa mit noch weicherer Sitzfl\u00e4che und abnehmbarem Bezug.","breadcrumb":{"@id":"https:\/\/ekkla.ch\/de\/produit\/sofa-sumo-corner-recycelter-samt-almond-fatboy-copie\/#breadcrumb"},"inLanguage":"de","potentialAction":[{"@type":"ReadAction","target":["https:\/\/ekkla.ch\/de\/produit\/sofa-sumo-corner-recycelter-samt-almond-fatboy-copie\/"]}]},{"@type":"ImageObject","inLanguage":"de","@id":"https:\/\/ekkla.ch\/de\/produit\/sofa-sumo-corner-recycelter-samt-almond-fatboy-copie\/#primaryimage","url":"https:\/\/ekkla.ch\/wp-content\/uploads\/2025\/07\/1-1.jpg","contentUrl":"https:\/\/ekkla.ch\/wp-content\/uploads\/2025\/07\/1-1.jpg","width":1000,"height":1000},{"@type":"BreadcrumbList","@id":"https:\/\/ekkla.ch\/de\/produit\/sofa-sumo-corner-recycelter-samt-almond-fatboy-copie\/#breadcrumb","itemListElement":[{"@type":"ListItem","position":1,"name":"Home","item":"https:\/\/ekkla.ch\/de\/"},{"@type":"ListItem","position":2,"name":"Shop","item":"https:\/\/ekkla.ch\/de\/shop\/"},{"@type":"ListItem","position":3,"name":"Sofa Develius Mellow EV8H EV8B &#8211; Hot Madison 052 &#8211; &#038;Tradition"}]},{"@type":"WebSite","@id":"https:\/\/ekkla.ch\/#website","url":"https:\/\/ekkla.ch\/","name":"Ekkla","description":"Der Onlineshop f\u00fcr Beleuchtung","publisher":{"@id":"https:\/\/ekkla.ch\/#organization"},"potentialAction":[{"@type":"SearchAction","target":{"@type":"EntryPoint","urlTemplate":"https:\/\/ekkla.ch\/?s={search_term_string}"},"query-input":"required name=search_term_string"}],"inLanguage":"de"},{"@type":"Organization","@id":"https:\/\/ekkla.ch\/#organization","name":"Ekkla","url":"https:\/\/ekkla.ch\/","logo":{"@type":"ImageObject","inLanguage":"de","@id":"https:\/\/ekkla.ch\/#\/schema\/logo\/image\/","url":"http:\/\/ekkla.ch\/wp-content\/uploads\/2019\/07\/logo-1.svg","contentUrl":"http:\/\/ekkla.ch\/wp-content\/uploads\/2019\/07\/logo-1.svg","width":1,"height":1,"caption":"Ekkla"},"image":{"@id":"https:\/\/ekkla.ch\/#\/schema\/logo\/image\/"},"sameAs":["https:\/\/www.instagram.com\/ekkla_light\/"]}]}},"_links":{"self":[{"href":"https:\/\/ekkla.ch\/de\/wp-json\/wp\/v2\/product\/207871"}],"collection":[{"href":"https:\/\/ekkla.ch\/de\/wp-json\/wp\/v2\/product"}],"about":[{"href":"https:\/\/ekkla.ch\/de\/wp-json\/wp\/v2\/types\/product"}],"wp:featuredmedia":[{"embeddable":true,"href":"https:\/\/ekkla.ch\/de\/wp-json\/wp\/v2\/media\/207873"}],"wp:attachment":[{"href":"https:\/\/ekkla.ch\/de\/wp-json\/wp\/v2\/media?parent=207871"}],"wp:term":[{"taxonomy":"product_cat","embeddable":true,"href":"https:\/\/ekkla.ch\/de\/wp-json\/wp\/v2\/product_cat?post=207871"},{"taxonomy":"product_tag","embeddable":true,"href":"https:\/\/ekkla.ch\/de\/wp-json\/wp\/v2\/product_tag?post=207871"}],"curies":[{"name":"wp","href":"https:\/\/api.w.org\/{rel}","templated":true}]}}