{"id":207897,"date":"2025-07-25T11:10:55","date_gmt":"2025-07-25T09:10:55","guid":{"rendered":"https:\/\/ekkla.ch\/?post_type=product&#038;p=207897"},"modified":"2025-07-25T14:00:37","modified_gmt":"2025-07-25T12:00:37","slug":"hochstuhl-beetle-ungepolstert-h-65-konische-basis-schwarz-gubi-copie-2","status":"publish","type":"product","link":"https:\/\/ekkla.ch\/de\/produit\/hochstuhl-beetle-ungepolstert-h-65-konische-basis-schwarz-gubi-copie-2\/","title":{"rendered":"Hochstuhl Beetle &#8211; Ungepolstert &#8211; H.75 &#8211; Konische Basis &#8211; Schwarz &#8211; Gubi (Copie)"},"content":{"rendered":"<div class=\"flex flex-grow flex-col max-w-full\">\n<div class=\"min-h-[20px] text-message flex flex-col items-start whitespace-pre-wrap break-words [.text-message+&amp;]:mt-5 juice:w-full juice:items-end overflow-x-auto gap-2\" dir=\"auto\" data-message-author-role=\"assistant\" data-message-id=\"5166cf7e-eb53-4795-a5bb-f60bd83db721\">\n<div class=\"flex w-full flex-col gap-1 juice:empty:hidden juice:first:pt-[3px]\">\n<div class=\"markdown prose w-full break-words dark:prose-invert light\">\n<div class=\"flex flex-grow flex-col max-w-full\">\n<div class=\"min-h-[20px] text-message flex flex-col items-start whitespace-pre-wrap break-words [.text-message+&amp;]:mt-5 juice:w-full juice:items-end overflow-x-auto gap-2\" dir=\"auto\" data-message-author-role=\"assistant\" data-message-id=\"b7ebefe7-9d52-455f-9158-1f14ce088d1d\">\n<div class=\"flex w-full flex-col gap-1 juice:empty:hidden juice:first:pt-[3px]\">\n<div class=\"markdown prose w-full break-words dark:prose-invert light\">\n<div class=\"flex flex-grow flex-col max-w-full\">\n<div class=\"min-h-[20px] text-message flex flex-col items-start whitespace-pre-wrap break-words [.text-message+&amp;]:mt-5 juice:w-full juice:items-end overflow-x-auto gap-2\" dir=\"auto\" data-message-author-role=\"assistant\" data-message-id=\"3be9315f-f886-42be-a060-c63e046dedea\">\n<div class=\"flex w-full flex-col gap-1 juice:empty:hidden juice:first:pt-[3px]\">\n<div class=\"markdown prose w-full break-words dark:prose-invert light\">\n<p>Mit der Einf\u00fchrung des ungepolsterten Hochstuhls Beetle hat sich die Kollektion in eine Reihe von St\u00fchlen mit unbegrenzten M\u00f6glichkeiten verwandelt. Der Beetle-Hochstuhl hat eine Sitzschale aus Polypropylen-Kunststoff, was ihm einen leichteren Ausdruck und eine bemerkenswerte Nachhaltigkeit zu einem niedrigeren Preis verleiht. Die subtile matte Textur des Hochstuhls bietet eine sanfte Taktilit\u00e4t, bei der ein aussergew\u00f6hnlicher Sitzkomfort entsteht. Dank der grossen Auswahl an Farben und Gestellen ist der ungepolsterte Hochstuhl Beetle eine ideale L\u00f6sung f\u00fcr formelle und informelle R\u00e4ume. Die H\u00f6he des Hochstuhls tr\u00e4gt zu seinem leichten Ausdruck bei, wodurch er sich nat\u00fcrlich und elegant in jedes Interieur einf\u00fcgt. Die Inspiration f\u00fcr den Hochstuhl Beetle wurde in der Welt der Insekten gefunden, da GamFratesi die Anatomie, \u00c4sthetik und Bewegung eines K\u00e4fers genauestens studiert hat. Das Design des Hochstuhls interpretiert die charakteristischen Elemente der K\u00e4fersektionen neu: Form, Schalen, N\u00e4hte, steife Aussenseite und weiche Innenseite.<\/p>\n<\/div>\n<\/div>\n<\/div>\n<\/div>\n<p>&nbsp;<\/p>\n<\/div>\n<\/div>\n<\/div>\n<\/div>\n<\/div>\n<\/div>\n<\/div>\n<\/div>\n<blockquote>\n<h2>Merkmale &amp; Eigenschaften<\/h2>\n<p><strong>Marke<\/strong>\u00a0Gubi<\/p>\n<p><strong>Farbe<\/strong> Schwarz<\/p>\n<p><strong>Materialien<\/strong> Polypropylen, Stahl, Kunststoffkufen<\/p>\n<p><strong>Sitzh\u00f6he (cm)<\/strong> 75<\/p>\n<p><strong>H\u00f6he (cm) <\/strong>118<\/p>\n<p><strong>Breite (cm) <\/strong>54<\/p>\n<p><strong>Tiefe (cm) <\/strong>56<\/p>\n<p><strong>Tiefe der Sitzfl\u00e4che (cm)<\/strong> 42<\/p>\n<p><strong>Gewicht (kg)<\/strong> 10.4<\/p><\/blockquote>\n","protected":false},"excerpt":{"rendered":"<p>Mit der Einf\u00fchrung des ungepolsterten Hochstuhls Beetle hat sich die Kollektion in eine Reihe von St\u00fchlen mit unbegrenzten M\u00f6glichkeiten verwandelt. Der Beetle-Hochstuhl hat eine Sitzschale aus Polypropylen-Kunststoff, was ihm einen leichteren Ausdruck und eine bemerkenswerte Nachhaltigkeit zu einem niedrigeren Preis verleiht. Die subtile matte Textur des Hochstuhls bietet eine sanfte Taktilit\u00e4t, bei der ein aussergew\u00f6hnlicher [&hellip;]<\/p>\n","protected":false},"featured_media":193989,"template":"","meta":{"_acf_changed":false,"om_disable_all_campaigns":false},"product_cat":[964,968],"product_tag":[1248,892,1188,1265,801,816,403],"bundled_by":[],"bundle_stock_status":"instock","bundle_stock_quantity":1,"bundle_virtual":false,"bundle_layout":"","bundle_add_to_cart_form_location":"","bundle_editable_in_cart":false,"bundle_sold_individually_context":"","bundle_item_grouping":"","bundle_min_size":"","bundle_max_size":"","bundle_price":[],"bundled_items":[],"bundle_sell_ids":[],"acf":[],"yoast_head":"<!-- This site is optimized with the Yoast SEO Premium plugin v22.2 (Yoast SEO v22.8) - https:\/\/yoast.com\/wordpress\/plugins\/seo\/ -->\n<title>Hochstuhl Beetle I Ungepolstert I Konische Basis I Schwarz I Gubi<\/title>\n<meta name=\"description\" content=\"Entdecken Sie den ungepolsterten Hochstuhl Beetle: leicht, nachhaltig und bequem. Inspiriert von K\u00e4fern f\u00fcgt er sich ganz nat\u00fcrlich in jede Einrichtung ein.\" \/>\n<meta name=\"robots\" content=\"index, follow, max-snippet:-1, max-image-preview:large, max-video-preview:-1\" \/>\n<link rel=\"canonical\" href=\"https:\/\/ekkla.ch\/de\/produit\/hochstuhl-beetle-ungepolstert-h-65-konische-basis-schwarz-gubi-copie-2\/\" \/>\n<meta property=\"og:locale\" content=\"de_DE\" \/>\n<meta property=\"og:type\" content=\"article\" \/>\n<meta property=\"og:title\" content=\"Hochstuhl Beetle - Ungepolstert - H.75 - Konische Basis - Schwarz - Gubi (Copie)\" \/>\n<meta property=\"og:description\" content=\"Entdecken Sie den ungepolsterten Hochstuhl Beetle: leicht, nachhaltig und bequem. Inspiriert von K\u00e4fern f\u00fcgt er sich ganz nat\u00fcrlich in jede Einrichtung ein.\" \/>\n<meta property=\"og:url\" content=\"https:\/\/ekkla.ch\/de\/produit\/hochstuhl-beetle-ungepolstert-h-65-konische-basis-schwarz-gubi-copie-2\/\" \/>\n<meta property=\"og:site_name\" content=\"Ekkla\" \/>\n<meta property=\"article:modified_time\" content=\"2025-07-25T12:00:37+00:00\" \/>\n<meta property=\"og:image\" content=\"https:\/\/ekkla.ch\/wp-content\/uploads\/2024\/05\/ekkla-light-meubles-luminaires_produit_0055_10237-78388-template_image-82396-262696.jpg\" \/>\n\t<meta property=\"og:image:width\" content=\"1000\" \/>\n\t<meta property=\"og:image:height\" content=\"1000\" \/>\n\t<meta property=\"og:image:type\" content=\"image\/jpeg\" \/>\n<meta name=\"twitter:card\" content=\"summary_large_image\" \/>\n<meta name=\"twitter:label1\" content=\"Gesch\u00e4tzte Lesezeit\" \/>\n\t<meta name=\"twitter:data1\" content=\"1\u00a0Minute\" \/>\n<script type=\"application\/ld+json\" class=\"yoast-schema-graph\">{\"@context\":\"https:\/\/schema.org\",\"@graph\":[{\"@type\":\"WebPage\",\"@id\":\"https:\/\/ekkla.ch\/de\/produit\/hochstuhl-beetle-ungepolstert-h-65-konische-basis-schwarz-gubi-copie-2\/\",\"url\":\"https:\/\/ekkla.ch\/de\/produit\/hochstuhl-beetle-ungepolstert-h-65-konische-basis-schwarz-gubi-copie-2\/\",\"name\":\"Hochstuhl Beetle I Ungepolstert I Konische Basis I Schwarz I Gubi\",\"isPartOf\":{\"@id\":\"https:\/\/ekkla.ch\/#website\"},\"primaryImageOfPage\":{\"@id\":\"https:\/\/ekkla.ch\/de\/produit\/hochstuhl-beetle-ungepolstert-h-65-konische-basis-schwarz-gubi-copie-2\/#primaryimage\"},\"image\":{\"@id\":\"https:\/\/ekkla.ch\/de\/produit\/hochstuhl-beetle-ungepolstert-h-65-konische-basis-schwarz-gubi-copie-2\/#primaryimage\"},\"thumbnailUrl\":\"https:\/\/ekkla.ch\/wp-content\/uploads\/2024\/05\/ekkla-light-meubles-luminaires_produit_0055_10237-78388-template_image-82396-262696.jpg\",\"datePublished\":\"2025-07-25T09:10:55+00:00\",\"dateModified\":\"2025-07-25T12:00:37+00:00\",\"description\":\"Entdecken Sie den ungepolsterten Hochstuhl Beetle: leicht, nachhaltig und bequem. Inspiriert von K\u00e4fern f\u00fcgt er sich ganz nat\u00fcrlich in jede Einrichtung ein.\",\"breadcrumb\":{\"@id\":\"https:\/\/ekkla.ch\/de\/produit\/hochstuhl-beetle-ungepolstert-h-65-konische-basis-schwarz-gubi-copie-2\/#breadcrumb\"},\"inLanguage\":\"de\",\"potentialAction\":[{\"@type\":\"ReadAction\",\"target\":[\"https:\/\/ekkla.ch\/de\/produit\/hochstuhl-beetle-ungepolstert-h-65-konische-basis-schwarz-gubi-copie-2\/\"]}]},{\"@type\":\"ImageObject\",\"inLanguage\":\"de\",\"@id\":\"https:\/\/ekkla.ch\/de\/produit\/hochstuhl-beetle-ungepolstert-h-65-konische-basis-schwarz-gubi-copie-2\/#primaryimage\",\"url\":\"https:\/\/ekkla.ch\/wp-content\/uploads\/2024\/05\/ekkla-light-meubles-luminaires_produit_0055_10237-78388-template_image-82396-262696.jpg\",\"contentUrl\":\"https:\/\/ekkla.ch\/wp-content\/uploads\/2024\/05\/ekkla-light-meubles-luminaires_produit_0055_10237-78388-template_image-82396-262696.jpg\",\"width\":1000,\"height\":1000},{\"@type\":\"BreadcrumbList\",\"@id\":\"https:\/\/ekkla.ch\/de\/produit\/hochstuhl-beetle-ungepolstert-h-65-konische-basis-schwarz-gubi-copie-2\/#breadcrumb\",\"itemListElement\":[{\"@type\":\"ListItem\",\"position\":1,\"name\":\"Home\",\"item\":\"https:\/\/ekkla.ch\/de\/\"},{\"@type\":\"ListItem\",\"position\":2,\"name\":\"Shop\",\"item\":\"https:\/\/ekkla.ch\/de\/shop\/\"},{\"@type\":\"ListItem\",\"position\":3,\"name\":\"Hochstuhl Beetle &#8211; Ungepolstert &#8211; H.75 &#8211; Konische Basis &#8211; Schwarz &#8211; Gubi (Copie)\"}]},{\"@type\":\"WebSite\",\"@id\":\"https:\/\/ekkla.ch\/#website\",\"url\":\"https:\/\/ekkla.ch\/\",\"name\":\"Ekkla\",\"description\":\"Der Onlineshop f\u00fcr Beleuchtung\",\"publisher\":{\"@id\":\"https:\/\/ekkla.ch\/#organization\"},\"potentialAction\":[{\"@type\":\"SearchAction\",\"target\":{\"@type\":\"EntryPoint\",\"urlTemplate\":\"https:\/\/ekkla.ch\/?s={search_term_string}\"},\"query-input\":\"required name=search_term_string\"}],\"inLanguage\":\"de\"},{\"@type\":\"Organization\",\"@id\":\"https:\/\/ekkla.ch\/#organization\",\"name\":\"Ekkla\",\"url\":\"https:\/\/ekkla.ch\/\",\"logo\":{\"@type\":\"ImageObject\",\"inLanguage\":\"de\",\"@id\":\"https:\/\/ekkla.ch\/#\/schema\/logo\/image\/\",\"url\":\"http:\/\/ekkla.ch\/wp-content\/uploads\/2019\/07\/logo-1.svg\",\"contentUrl\":\"http:\/\/ekkla.ch\/wp-content\/uploads\/2019\/07\/logo-1.svg\",\"width\":1,\"height\":1,\"caption\":\"Ekkla\"},\"image\":{\"@id\":\"https:\/\/ekkla.ch\/#\/schema\/logo\/image\/\"},\"sameAs\":[\"https:\/\/www.instagram.com\/ekkla_light\/\"]}]}<\/script>\n<!-- \/ Yoast SEO Premium plugin. -->","yoast_head_json":{"title":"Hochstuhl Beetle I Ungepolstert I Konische Basis I Schwarz I Gubi","description":"Entdecken Sie den ungepolsterten Hochstuhl Beetle: leicht, nachhaltig und bequem. Inspiriert von K\u00e4fern f\u00fcgt er sich ganz nat\u00fcrlich in jede Einrichtung ein.","robots":{"index":"index","follow":"follow","max-snippet":"max-snippet:-1","max-image-preview":"max-image-preview:large","max-video-preview":"max-video-preview:-1"},"canonical":"https:\/\/ekkla.ch\/de\/produit\/hochstuhl-beetle-ungepolstert-h-65-konische-basis-schwarz-gubi-copie-2\/","og_locale":"de_DE","og_type":"article","og_title":"Hochstuhl Beetle - Ungepolstert - H.75 - Konische Basis - Schwarz - Gubi (Copie)","og_description":"Entdecken Sie den ungepolsterten Hochstuhl Beetle: leicht, nachhaltig und bequem. Inspiriert von K\u00e4fern f\u00fcgt er sich ganz nat\u00fcrlich in jede Einrichtung ein.","og_url":"https:\/\/ekkla.ch\/de\/produit\/hochstuhl-beetle-ungepolstert-h-65-konische-basis-schwarz-gubi-copie-2\/","og_site_name":"Ekkla","article_modified_time":"2025-07-25T12:00:37+00:00","og_image":[{"width":1000,"height":1000,"url":"https:\/\/ekkla.ch\/wp-content\/uploads\/2024\/05\/ekkla-light-meubles-luminaires_produit_0055_10237-78388-template_image-82396-262696.jpg","type":"image\/jpeg"}],"twitter_card":"summary_large_image","twitter_misc":{"Gesch\u00e4tzte Lesezeit":"1\u00a0Minute"},"schema":{"@context":"https:\/\/schema.org","@graph":[{"@type":"WebPage","@id":"https:\/\/ekkla.ch\/de\/produit\/hochstuhl-beetle-ungepolstert-h-65-konische-basis-schwarz-gubi-copie-2\/","url":"https:\/\/ekkla.ch\/de\/produit\/hochstuhl-beetle-ungepolstert-h-65-konische-basis-schwarz-gubi-copie-2\/","name":"Hochstuhl Beetle I Ungepolstert I Konische Basis I Schwarz I Gubi","isPartOf":{"@id":"https:\/\/ekkla.ch\/#website"},"primaryImageOfPage":{"@id":"https:\/\/ekkla.ch\/de\/produit\/hochstuhl-beetle-ungepolstert-h-65-konische-basis-schwarz-gubi-copie-2\/#primaryimage"},"image":{"@id":"https:\/\/ekkla.ch\/de\/produit\/hochstuhl-beetle-ungepolstert-h-65-konische-basis-schwarz-gubi-copie-2\/#primaryimage"},"thumbnailUrl":"https:\/\/ekkla.ch\/wp-content\/uploads\/2024\/05\/ekkla-light-meubles-luminaires_produit_0055_10237-78388-template_image-82396-262696.jpg","datePublished":"2025-07-25T09:10:55+00:00","dateModified":"2025-07-25T12:00:37+00:00","description":"Entdecken Sie den ungepolsterten Hochstuhl Beetle: leicht, nachhaltig und bequem. Inspiriert von K\u00e4fern f\u00fcgt er sich ganz nat\u00fcrlich in jede Einrichtung ein.","breadcrumb":{"@id":"https:\/\/ekkla.ch\/de\/produit\/hochstuhl-beetle-ungepolstert-h-65-konische-basis-schwarz-gubi-copie-2\/#breadcrumb"},"inLanguage":"de","potentialAction":[{"@type":"ReadAction","target":["https:\/\/ekkla.ch\/de\/produit\/hochstuhl-beetle-ungepolstert-h-65-konische-basis-schwarz-gubi-copie-2\/"]}]},{"@type":"ImageObject","inLanguage":"de","@id":"https:\/\/ekkla.ch\/de\/produit\/hochstuhl-beetle-ungepolstert-h-65-konische-basis-schwarz-gubi-copie-2\/#primaryimage","url":"https:\/\/ekkla.ch\/wp-content\/uploads\/2024\/05\/ekkla-light-meubles-luminaires_produit_0055_10237-78388-template_image-82396-262696.jpg","contentUrl":"https:\/\/ekkla.ch\/wp-content\/uploads\/2024\/05\/ekkla-light-meubles-luminaires_produit_0055_10237-78388-template_image-82396-262696.jpg","width":1000,"height":1000},{"@type":"BreadcrumbList","@id":"https:\/\/ekkla.ch\/de\/produit\/hochstuhl-beetle-ungepolstert-h-65-konische-basis-schwarz-gubi-copie-2\/#breadcrumb","itemListElement":[{"@type":"ListItem","position":1,"name":"Home","item":"https:\/\/ekkla.ch\/de\/"},{"@type":"ListItem","position":2,"name":"Shop","item":"https:\/\/ekkla.ch\/de\/shop\/"},{"@type":"ListItem","position":3,"name":"Hochstuhl Beetle &#8211; Ungepolstert &#8211; H.75 &#8211; Konische Basis &#8211; Schwarz &#8211; Gubi (Copie)"}]},{"@type":"WebSite","@id":"https:\/\/ekkla.ch\/#website","url":"https:\/\/ekkla.ch\/","name":"Ekkla","description":"Der Onlineshop f\u00fcr Beleuchtung","publisher":{"@id":"https:\/\/ekkla.ch\/#organization"},"potentialAction":[{"@type":"SearchAction","target":{"@type":"EntryPoint","urlTemplate":"https:\/\/ekkla.ch\/?s={search_term_string}"},"query-input":"required name=search_term_string"}],"inLanguage":"de"},{"@type":"Organization","@id":"https:\/\/ekkla.ch\/#organization","name":"Ekkla","url":"https:\/\/ekkla.ch\/","logo":{"@type":"ImageObject","inLanguage":"de","@id":"https:\/\/ekkla.ch\/#\/schema\/logo\/image\/","url":"http:\/\/ekkla.ch\/wp-content\/uploads\/2019\/07\/logo-1.svg","contentUrl":"http:\/\/ekkla.ch\/wp-content\/uploads\/2019\/07\/logo-1.svg","width":1,"height":1,"caption":"Ekkla"},"image":{"@id":"https:\/\/ekkla.ch\/#\/schema\/logo\/image\/"},"sameAs":["https:\/\/www.instagram.com\/ekkla_light\/"]}]}},"_links":{"self":[{"href":"https:\/\/ekkla.ch\/de\/wp-json\/wp\/v2\/product\/207897"}],"collection":[{"href":"https:\/\/ekkla.ch\/de\/wp-json\/wp\/v2\/product"}],"about":[{"href":"https:\/\/ekkla.ch\/de\/wp-json\/wp\/v2\/types\/product"}],"wp:featuredmedia":[{"embeddable":true,"href":"https:\/\/ekkla.ch\/de\/wp-json\/wp\/v2\/media\/193989"}],"wp:attachment":[{"href":"https:\/\/ekkla.ch\/de\/wp-json\/wp\/v2\/media?parent=207897"}],"wp:term":[{"taxonomy":"product_cat","embeddable":true,"href":"https:\/\/ekkla.ch\/de\/wp-json\/wp\/v2\/product_cat?post=207897"},{"taxonomy":"product_tag","embeddable":true,"href":"https:\/\/ekkla.ch\/de\/wp-json\/wp\/v2\/product_tag?post=207897"}],"curies":[{"name":"wp","href":"https:\/\/api.w.org\/{rel}","templated":true}]}}