{"id":207902,"date":"2025-07-29T10:19:13","date_gmt":"2025-07-29T08:19:14","guid":{"rendered":"https:\/\/ekkla.ch\/?post_type=product&#038;p=207902"},"modified":"2025-07-29T11:32:03","modified_gmt":"2025-07-29T09:32:03","slug":"lounge-sessel-herman-schwarz-ferm-living-copie","status":"publish","type":"product","link":"https:\/\/ekkla.ch\/de\/produit\/lounge-sessel-herman-schwarz-ferm-living-copie\/","title":{"rendered":"Pflanzenbox \u2013 2 F\u00e4cher \u2013 Ferm Living"},"content":{"rendered":"<p>Ferm Living erfindet den Geist seiner ber\u00fchmten Plant Box neu mit einer Kollektion in raffiniertem, modularem Design, die Stil und Funktionalit\u00e4t vereint. Getreu den charakteristischen klaren Linien wird die Produktreihe nun um neue Konfigurationen erweitert, wie beispielsweise eine Konsole mit zwei Ebenen, die die Grenzen des urspr\u00fcnglichen Konzepts sprengt.<\/p>\n<p>Die Plant Box ist gleichzeitig Pflanzkasten, Beistellm\u00f6bel und Aufbewahrungsl\u00f6sung und besteht aus einer schlanken, leichten Struktur, in die ein Metallbeh\u00e4lter eingesetzt wird. Sie l\u00e4sst sich leicht verschieben und erm\u00f6glicht es Ihnen, Ihre Pflanzen je nach Lichteinfall neu anzuordnen. Sie kann aber auch als origineller Raumteiler oder zur Aufbewahrung von B\u00fcchern, Spielzeug oder kleinen Gegenst\u00e4nden dienen.<\/p>\n<p>Die zweist\u00f6ckige Konsole verf\u00fcgt \u00fcber eine obere Ablagefl\u00e4che und ein unteres Regal, die sich perfekt zur Pr\u00e4sentation von Deko-Accessoires oder zur Organisation von Alltagsgegenst\u00e4nden wie Tassen, Flaschen, Geschirr, Pflanzen usw. eignen. Dank ihrer schlanken Silhouette findet sie sowohl im Wohnzimmer als auch auf dem Balkon ihren Platz.<\/p>\n<p>Die Plant Box-Kollektion ist beliebig modulierbar und kann mit raffinierten Accessoires individuell gestaltet werden: Tabletts, Trennw\u00e4nde, zus\u00e4tzliche Beh\u00e4lter &#8230; All diese Elemente verwandeln dieses Designerm\u00f6belst\u00fcck in eine multifunktionale L\u00f6sung, die sich f\u00fcr alle R\u00e4ume des Hauses eignet.<\/p>\n<h2><strong>Merkmale &amp; Eigenschaften<\/strong><\/h2>\n<p style=\"font-weight: 400;\"><strong>Marke<\/strong> Ferm Living<\/p>\n<p style=\"font-weight: 400;\"><strong>Farben<\/strong> Schwarz<\/p>\n<p style=\"font-weight: 400;\"><strong>Material<\/strong> Verzinktes, pulverbeschichtetes Eisen. F\u00fcr den Aussenbereich geeignet.<\/p>\n<p><strong>H\u00f6he (cm) <\/strong>75<\/p>\n<p style=\"font-weight: 400;\"><strong>L\u00e4nge (cm) <\/strong>80<\/p>\n<p style=\"font-weight: 400;\"><strong>Breite (cm) <\/strong>25<\/p>\n<p style=\"font-weight: 400;\"><strong>Gewicht (kg)<\/strong> 12.4<\/p>\n","protected":false},"excerpt":{"rendered":"<p>Ferm Living erfindet den Geist seiner ber\u00fchmten Plant Box neu mit einer Kollektion in raffiniertem, modularem Design, die Stil und Funktionalit\u00e4t vereint. Getreu den charakteristischen klaren Linien wird die Produktreihe nun um neue Konfigurationen erweitert, wie beispielsweise eine Konsole mit zwei Ebenen, die die Grenzen des urspr\u00fcnglichen Konzepts sprengt. Die Plant Box ist gleichzeitig Pflanzkasten, [&hellip;]<\/p>\n","protected":false},"featured_media":207904,"template":"","meta":{"_acf_changed":false,"om_disable_all_campaigns":false},"product_cat":[964,974,1085],"product_tag":[1258,896,1188,1265,816],"bundled_by":[],"bundle_stock_status":"onbackorder","bundle_stock_quantity":0,"bundle_virtual":false,"bundle_layout":"","bundle_add_to_cart_form_location":"","bundle_editable_in_cart":false,"bundle_sold_individually_context":"","bundle_item_grouping":"","bundle_min_size":"","bundle_max_size":"","bundle_price":[],"bundled_items":[],"bundle_sell_ids":[],"acf":[],"yoast_head":"<!-- This site is optimized with the Yoast SEO Premium plugin v22.2 (Yoast SEO v22.8) - https:\/\/yoast.com\/wordpress\/plugins\/seo\/ -->\n<title>Pflanzenbox | Schwarz | Ferm Living | Ekkla<\/title>\n<meta name=\"description\" content=\"Ferm Living erfindet den Geist seiner ber\u00fchmten Plant Box neu mit einer Kollektion in raffiniertem und modularem Design, die Stil und Funktionalit\u00e4t vereint.\" \/>\n<meta name=\"robots\" content=\"index, follow, max-snippet:-1, max-image-preview:large, max-video-preview:-1\" \/>\n<link rel=\"canonical\" href=\"https:\/\/ekkla.ch\/de\/produit\/lounge-sessel-herman-schwarz-ferm-living-copie\/\" \/>\n<meta property=\"og:locale\" content=\"de_DE\" \/>\n<meta property=\"og:type\" content=\"article\" \/>\n<meta property=\"og:title\" content=\"Pflanzenbox \u2013 2 F\u00e4cher \u2013 Ferm Living\" \/>\n<meta property=\"og:description\" content=\"Ferm Living erfindet den Geist seiner ber\u00fchmten Plant Box neu mit einer Kollektion in raffiniertem und modularem Design, die Stil und Funktionalit\u00e4t vereint.\" \/>\n<meta property=\"og:url\" content=\"https:\/\/ekkla.ch\/de\/produit\/lounge-sessel-herman-schwarz-ferm-living-copie\/\" \/>\n<meta property=\"og:site_name\" content=\"Ekkla\" \/>\n<meta property=\"article:modified_time\" content=\"2025-07-29T09:32:03+00:00\" \/>\n<meta property=\"og:image\" content=\"https:\/\/ekkla.ch\/wp-content\/uploads\/2025\/07\/1-3.jpg\" \/>\n\t<meta property=\"og:image:width\" content=\"1000\" \/>\n\t<meta property=\"og:image:height\" content=\"1000\" \/>\n\t<meta property=\"og:image:type\" content=\"image\/jpeg\" \/>\n<meta name=\"twitter:card\" content=\"summary_large_image\" \/>\n<meta name=\"twitter:label1\" content=\"Gesch\u00e4tzte Lesezeit\" \/>\n\t<meta name=\"twitter:data1\" content=\"1\u00a0Minute\" \/>\n<script type=\"application\/ld+json\" class=\"yoast-schema-graph\">{\"@context\":\"https:\/\/schema.org\",\"@graph\":[{\"@type\":\"WebPage\",\"@id\":\"https:\/\/ekkla.ch\/de\/produit\/lounge-sessel-herman-schwarz-ferm-living-copie\/\",\"url\":\"https:\/\/ekkla.ch\/de\/produit\/lounge-sessel-herman-schwarz-ferm-living-copie\/\",\"name\":\"Pflanzenbox | Schwarz | Ferm Living | Ekkla\",\"isPartOf\":{\"@id\":\"https:\/\/ekkla.ch\/#website\"},\"primaryImageOfPage\":{\"@id\":\"https:\/\/ekkla.ch\/de\/produit\/lounge-sessel-herman-schwarz-ferm-living-copie\/#primaryimage\"},\"image\":{\"@id\":\"https:\/\/ekkla.ch\/de\/produit\/lounge-sessel-herman-schwarz-ferm-living-copie\/#primaryimage\"},\"thumbnailUrl\":\"https:\/\/ekkla.ch\/wp-content\/uploads\/2025\/07\/1-3.jpg\",\"datePublished\":\"2025-07-29T08:19:14+00:00\",\"dateModified\":\"2025-07-29T09:32:03+00:00\",\"description\":\"Ferm Living erfindet den Geist seiner ber\u00fchmten Plant Box neu mit einer Kollektion in raffiniertem und modularem Design, die Stil und Funktionalit\u00e4t vereint.\",\"breadcrumb\":{\"@id\":\"https:\/\/ekkla.ch\/de\/produit\/lounge-sessel-herman-schwarz-ferm-living-copie\/#breadcrumb\"},\"inLanguage\":\"de\",\"potentialAction\":[{\"@type\":\"ReadAction\",\"target\":[\"https:\/\/ekkla.ch\/de\/produit\/lounge-sessel-herman-schwarz-ferm-living-copie\/\"]}]},{\"@type\":\"ImageObject\",\"inLanguage\":\"de\",\"@id\":\"https:\/\/ekkla.ch\/de\/produit\/lounge-sessel-herman-schwarz-ferm-living-copie\/#primaryimage\",\"url\":\"https:\/\/ekkla.ch\/wp-content\/uploads\/2025\/07\/1-3.jpg\",\"contentUrl\":\"https:\/\/ekkla.ch\/wp-content\/uploads\/2025\/07\/1-3.jpg\",\"width\":1000,\"height\":1000},{\"@type\":\"BreadcrumbList\",\"@id\":\"https:\/\/ekkla.ch\/de\/produit\/lounge-sessel-herman-schwarz-ferm-living-copie\/#breadcrumb\",\"itemListElement\":[{\"@type\":\"ListItem\",\"position\":1,\"name\":\"Home\",\"item\":\"https:\/\/ekkla.ch\/de\/\"},{\"@type\":\"ListItem\",\"position\":2,\"name\":\"Shop\",\"item\":\"https:\/\/ekkla.ch\/de\/shop\/\"},{\"@type\":\"ListItem\",\"position\":3,\"name\":\"Pflanzenbox \u2013 2 F\u00e4cher \u2013 Ferm Living\"}]},{\"@type\":\"WebSite\",\"@id\":\"https:\/\/ekkla.ch\/#website\",\"url\":\"https:\/\/ekkla.ch\/\",\"name\":\"Ekkla\",\"description\":\"Der Onlineshop f\u00fcr Beleuchtung\",\"publisher\":{\"@id\":\"https:\/\/ekkla.ch\/#organization\"},\"potentialAction\":[{\"@type\":\"SearchAction\",\"target\":{\"@type\":\"EntryPoint\",\"urlTemplate\":\"https:\/\/ekkla.ch\/?s={search_term_string}\"},\"query-input\":\"required name=search_term_string\"}],\"inLanguage\":\"de\"},{\"@type\":\"Organization\",\"@id\":\"https:\/\/ekkla.ch\/#organization\",\"name\":\"Ekkla\",\"url\":\"https:\/\/ekkla.ch\/\",\"logo\":{\"@type\":\"ImageObject\",\"inLanguage\":\"de\",\"@id\":\"https:\/\/ekkla.ch\/#\/schema\/logo\/image\/\",\"url\":\"http:\/\/ekkla.ch\/wp-content\/uploads\/2019\/07\/logo-1.svg\",\"contentUrl\":\"http:\/\/ekkla.ch\/wp-content\/uploads\/2019\/07\/logo-1.svg\",\"width\":1,\"height\":1,\"caption\":\"Ekkla\"},\"image\":{\"@id\":\"https:\/\/ekkla.ch\/#\/schema\/logo\/image\/\"},\"sameAs\":[\"https:\/\/www.instagram.com\/ekkla_light\/\"]}]}<\/script>\n<!-- \/ Yoast SEO Premium plugin. -->","yoast_head_json":{"title":"Pflanzenbox | Schwarz | Ferm Living | Ekkla","description":"Ferm Living erfindet den Geist seiner ber\u00fchmten Plant Box neu mit einer Kollektion in raffiniertem und modularem Design, die Stil und Funktionalit\u00e4t vereint.","robots":{"index":"index","follow":"follow","max-snippet":"max-snippet:-1","max-image-preview":"max-image-preview:large","max-video-preview":"max-video-preview:-1"},"canonical":"https:\/\/ekkla.ch\/de\/produit\/lounge-sessel-herman-schwarz-ferm-living-copie\/","og_locale":"de_DE","og_type":"article","og_title":"Pflanzenbox \u2013 2 F\u00e4cher \u2013 Ferm Living","og_description":"Ferm Living erfindet den Geist seiner ber\u00fchmten Plant Box neu mit einer Kollektion in raffiniertem und modularem Design, die Stil und Funktionalit\u00e4t vereint.","og_url":"https:\/\/ekkla.ch\/de\/produit\/lounge-sessel-herman-schwarz-ferm-living-copie\/","og_site_name":"Ekkla","article_modified_time":"2025-07-29T09:32:03+00:00","og_image":[{"width":1000,"height":1000,"url":"https:\/\/ekkla.ch\/wp-content\/uploads\/2025\/07\/1-3.jpg","type":"image\/jpeg"}],"twitter_card":"summary_large_image","twitter_misc":{"Gesch\u00e4tzte Lesezeit":"1\u00a0Minute"},"schema":{"@context":"https:\/\/schema.org","@graph":[{"@type":"WebPage","@id":"https:\/\/ekkla.ch\/de\/produit\/lounge-sessel-herman-schwarz-ferm-living-copie\/","url":"https:\/\/ekkla.ch\/de\/produit\/lounge-sessel-herman-schwarz-ferm-living-copie\/","name":"Pflanzenbox | Schwarz | Ferm Living | Ekkla","isPartOf":{"@id":"https:\/\/ekkla.ch\/#website"},"primaryImageOfPage":{"@id":"https:\/\/ekkla.ch\/de\/produit\/lounge-sessel-herman-schwarz-ferm-living-copie\/#primaryimage"},"image":{"@id":"https:\/\/ekkla.ch\/de\/produit\/lounge-sessel-herman-schwarz-ferm-living-copie\/#primaryimage"},"thumbnailUrl":"https:\/\/ekkla.ch\/wp-content\/uploads\/2025\/07\/1-3.jpg","datePublished":"2025-07-29T08:19:14+00:00","dateModified":"2025-07-29T09:32:03+00:00","description":"Ferm Living erfindet den Geist seiner ber\u00fchmten Plant Box neu mit einer Kollektion in raffiniertem und modularem Design, die Stil und Funktionalit\u00e4t vereint.","breadcrumb":{"@id":"https:\/\/ekkla.ch\/de\/produit\/lounge-sessel-herman-schwarz-ferm-living-copie\/#breadcrumb"},"inLanguage":"de","potentialAction":[{"@type":"ReadAction","target":["https:\/\/ekkla.ch\/de\/produit\/lounge-sessel-herman-schwarz-ferm-living-copie\/"]}]},{"@type":"ImageObject","inLanguage":"de","@id":"https:\/\/ekkla.ch\/de\/produit\/lounge-sessel-herman-schwarz-ferm-living-copie\/#primaryimage","url":"https:\/\/ekkla.ch\/wp-content\/uploads\/2025\/07\/1-3.jpg","contentUrl":"https:\/\/ekkla.ch\/wp-content\/uploads\/2025\/07\/1-3.jpg","width":1000,"height":1000},{"@type":"BreadcrumbList","@id":"https:\/\/ekkla.ch\/de\/produit\/lounge-sessel-herman-schwarz-ferm-living-copie\/#breadcrumb","itemListElement":[{"@type":"ListItem","position":1,"name":"Home","item":"https:\/\/ekkla.ch\/de\/"},{"@type":"ListItem","position":2,"name":"Shop","item":"https:\/\/ekkla.ch\/de\/shop\/"},{"@type":"ListItem","position":3,"name":"Pflanzenbox \u2013 2 F\u00e4cher \u2013 Ferm Living"}]},{"@type":"WebSite","@id":"https:\/\/ekkla.ch\/#website","url":"https:\/\/ekkla.ch\/","name":"Ekkla","description":"Der Onlineshop f\u00fcr Beleuchtung","publisher":{"@id":"https:\/\/ekkla.ch\/#organization"},"potentialAction":[{"@type":"SearchAction","target":{"@type":"EntryPoint","urlTemplate":"https:\/\/ekkla.ch\/?s={search_term_string}"},"query-input":"required name=search_term_string"}],"inLanguage":"de"},{"@type":"Organization","@id":"https:\/\/ekkla.ch\/#organization","name":"Ekkla","url":"https:\/\/ekkla.ch\/","logo":{"@type":"ImageObject","inLanguage":"de","@id":"https:\/\/ekkla.ch\/#\/schema\/logo\/image\/","url":"http:\/\/ekkla.ch\/wp-content\/uploads\/2019\/07\/logo-1.svg","contentUrl":"http:\/\/ekkla.ch\/wp-content\/uploads\/2019\/07\/logo-1.svg","width":1,"height":1,"caption":"Ekkla"},"image":{"@id":"https:\/\/ekkla.ch\/#\/schema\/logo\/image\/"},"sameAs":["https:\/\/www.instagram.com\/ekkla_light\/"]}]}},"_links":{"self":[{"href":"https:\/\/ekkla.ch\/de\/wp-json\/wp\/v2\/product\/207902"}],"collection":[{"href":"https:\/\/ekkla.ch\/de\/wp-json\/wp\/v2\/product"}],"about":[{"href":"https:\/\/ekkla.ch\/de\/wp-json\/wp\/v2\/types\/product"}],"wp:featuredmedia":[{"embeddable":true,"href":"https:\/\/ekkla.ch\/de\/wp-json\/wp\/v2\/media\/207904"}],"wp:attachment":[{"href":"https:\/\/ekkla.ch\/de\/wp-json\/wp\/v2\/media?parent=207902"}],"wp:term":[{"taxonomy":"product_cat","embeddable":true,"href":"https:\/\/ekkla.ch\/de\/wp-json\/wp\/v2\/product_cat?post=207902"},{"taxonomy":"product_tag","embeddable":true,"href":"https:\/\/ekkla.ch\/de\/wp-json\/wp\/v2\/product_tag?post=207902"}],"curies":[{"name":"wp","href":"https:\/\/api.w.org\/{rel}","templated":true}]}}