{"id":207932,"date":"2025-07-29T13:25:03","date_gmt":"2025-07-29T11:25:04","guid":{"rendered":"https:\/\/ekkla.ch\/?post_type=product&#038;p=207932"},"modified":"2025-07-29T14:25:41","modified_gmt":"2025-07-29T12:25:41","slug":"pflanzenbox-1-fach-hellgrau-ferm-living-copie","status":"publish","type":"product","link":"https:\/\/ekkla.ch\/de\/produit\/pflanzenbox-1-fach-hellgrau-ferm-living-copie\/","title":{"rendered":"Pflanzenbox \u2013 1 Fach \u2013 Cashmere\u2013 Ferm Living"},"content":{"rendered":"<p>Ferm Living pr\u00e4sentiert seine Plant Box, einen ebenso eleganten wie praktischen Pflanzk\u00fcbel, der unserem Interieur einen dynamischen Farbtupfer verleiht. Sein minimalistisches und raffiniertes Design besteht aus einer schlanken Stahlkonstruktion, auf der ein rechteckiger Aluminiumk\u00fcbel thront.<\/p>\n<p>Er ist leicht und einfach zu bewegen, sodass Sie Ihre Pflanzen je nach Lichteinfall neu ausrichten k\u00f6nnen, und f\u00fcgt sich gleichzeitig nat\u00fcrlich in jeden Raum ein. Der Plant Box ist mehr als nur ein einfacher Pflanzk\u00fcbel, er besticht durch seine Vielseitigkeit: Dank seines originellen Formats kann er auch als Raumteiler dienen oder sich in ein Aufbewahrungsm\u00f6bel f\u00fcr B\u00fccher, Spielzeug oder Alltagsgegenst\u00e4nde verwandeln.<\/p>\n<p>Mit ihren klaren Linien und frischen Farben ist sie ein unverzichtbares Designerst\u00fcck, das ebenso n\u00fctzlich wie dekorativ ist.<\/p>\n<h2><strong>Merkmale &amp; Eigenschaften<\/strong><\/h2>\n<p style=\"font-weight: 400;\"><strong>Marke<\/strong> Ferm Living<\/p>\n<p style=\"font-weight: 400;\"><strong>Farben<\/strong> Cashmere<\/p>\n<p style=\"font-weight: 400;\"><strong>Material<\/strong> Verzinktes, pulverbeschichtetes Eisen. F\u00fcr den Aussenbereich geeignet.<\/p>\n<p><strong>H\u00f6he (cm) <\/strong>65<\/p>\n<p style=\"font-weight: 400;\"><strong>L\u00e4nge (cm) <\/strong>60<\/p>\n<p style=\"font-weight: 400;\"><strong>Breite (cm) <\/strong>25<\/p>\n<p style=\"font-weight: 400;\"><strong>Gewicht (kg)<\/strong> 9.3<\/p>\n","protected":false},"excerpt":{"rendered":"<p>Ferm Living pr\u00e4sentiert seine Plant Box, einen ebenso eleganten wie praktischen Pflanzk\u00fcbel, der unserem Interieur einen dynamischen Farbtupfer verleiht. Sein minimalistisches und raffiniertes Design besteht aus einer schlanken Stahlkonstruktion, auf der ein rechteckiger Aluminiumk\u00fcbel thront. Er ist leicht und einfach zu bewegen, sodass Sie Ihre Pflanzen je nach Lichteinfall neu ausrichten k\u00f6nnen, und f\u00fcgt sich [&hellip;]<\/p>\n","protected":false},"featured_media":207920,"template":"","meta":{"_acf_changed":false,"om_disable_all_campaigns":false},"product_cat":[964,974,1085],"product_tag":[1244,896,1188,1265,816,403],"bundled_by":[],"bundle_stock_status":"instock","bundle_stock_quantity":1,"bundle_virtual":false,"bundle_layout":"","bundle_add_to_cart_form_location":"","bundle_editable_in_cart":false,"bundle_sold_individually_context":"","bundle_item_grouping":"","bundle_min_size":"","bundle_max_size":"","bundle_price":[],"bundled_items":[],"bundle_sell_ids":[],"acf":[],"yoast_head":"<!-- This site is optimized with the Yoast SEO Premium plugin v22.2 (Yoast SEO v22.8) - https:\/\/yoast.com\/wordpress\/plugins\/seo\/ -->\n<title>Pflanzenbox | Cashmere| Ferm Living | Ekkla<\/title>\n<meta name=\"description\" content=\"Ferm Living pr\u00e4sentiert seine Plant Box, einen ebenso eleganten wie praktischen Pflanzk\u00fcbel, der unserem Interieur einen dynamischen Farbtupfer verleiht.\" \/>\n<meta name=\"robots\" content=\"index, follow, max-snippet:-1, max-image-preview:large, max-video-preview:-1\" \/>\n<link rel=\"canonical\" href=\"https:\/\/ekkla.ch\/de\/produit\/pflanzenbox-1-fach-hellgrau-ferm-living-copie\/\" \/>\n<meta property=\"og:locale\" content=\"de_DE\" \/>\n<meta property=\"og:type\" content=\"article\" \/>\n<meta property=\"og:title\" content=\"Pflanzenbox \u2013 1 Fach \u2013 Cashmere\u2013 Ferm Living\" \/>\n<meta property=\"og:description\" content=\"Ferm Living pr\u00e4sentiert seine Plant Box, einen ebenso eleganten wie praktischen Pflanzk\u00fcbel, der unserem Interieur einen dynamischen Farbtupfer verleiht.\" \/>\n<meta property=\"og:url\" content=\"https:\/\/ekkla.ch\/de\/produit\/pflanzenbox-1-fach-hellgrau-ferm-living-copie\/\" \/>\n<meta property=\"og:site_name\" content=\"Ekkla\" \/>\n<meta property=\"article:modified_time\" content=\"2025-07-29T12:25:41+00:00\" \/>\n<meta property=\"og:image\" content=\"https:\/\/ekkla.ch\/wp-content\/uploads\/2025\/07\/2-5.jpg\" \/>\n\t<meta property=\"og:image:width\" content=\"1000\" \/>\n\t<meta property=\"og:image:height\" content=\"1000\" \/>\n\t<meta property=\"og:image:type\" content=\"image\/jpeg\" \/>\n<meta name=\"twitter:card\" content=\"summary_large_image\" \/>\n<meta name=\"twitter:label1\" content=\"Gesch\u00e4tzte Lesezeit\" \/>\n\t<meta name=\"twitter:data1\" content=\"1\u00a0Minute\" \/>\n<script type=\"application\/ld+json\" class=\"yoast-schema-graph\">{\"@context\":\"https:\/\/schema.org\",\"@graph\":[{\"@type\":\"WebPage\",\"@id\":\"https:\/\/ekkla.ch\/de\/produit\/pflanzenbox-1-fach-hellgrau-ferm-living-copie\/\",\"url\":\"https:\/\/ekkla.ch\/de\/produit\/pflanzenbox-1-fach-hellgrau-ferm-living-copie\/\",\"name\":\"Pflanzenbox | Cashmere| Ferm Living | Ekkla\",\"isPartOf\":{\"@id\":\"https:\/\/ekkla.ch\/#website\"},\"primaryImageOfPage\":{\"@id\":\"https:\/\/ekkla.ch\/de\/produit\/pflanzenbox-1-fach-hellgrau-ferm-living-copie\/#primaryimage\"},\"image\":{\"@id\":\"https:\/\/ekkla.ch\/de\/produit\/pflanzenbox-1-fach-hellgrau-ferm-living-copie\/#primaryimage\"},\"thumbnailUrl\":\"https:\/\/ekkla.ch\/wp-content\/uploads\/2025\/07\/2-5.jpg\",\"datePublished\":\"2025-07-29T11:25:04+00:00\",\"dateModified\":\"2025-07-29T12:25:41+00:00\",\"description\":\"Ferm Living pr\u00e4sentiert seine Plant Box, einen ebenso eleganten wie praktischen Pflanzk\u00fcbel, der unserem Interieur einen dynamischen Farbtupfer verleiht.\",\"breadcrumb\":{\"@id\":\"https:\/\/ekkla.ch\/de\/produit\/pflanzenbox-1-fach-hellgrau-ferm-living-copie\/#breadcrumb\"},\"inLanguage\":\"de\",\"potentialAction\":[{\"@type\":\"ReadAction\",\"target\":[\"https:\/\/ekkla.ch\/de\/produit\/pflanzenbox-1-fach-hellgrau-ferm-living-copie\/\"]}]},{\"@type\":\"ImageObject\",\"inLanguage\":\"de\",\"@id\":\"https:\/\/ekkla.ch\/de\/produit\/pflanzenbox-1-fach-hellgrau-ferm-living-copie\/#primaryimage\",\"url\":\"https:\/\/ekkla.ch\/wp-content\/uploads\/2025\/07\/2-5.jpg\",\"contentUrl\":\"https:\/\/ekkla.ch\/wp-content\/uploads\/2025\/07\/2-5.jpg\",\"width\":1000,\"height\":1000},{\"@type\":\"BreadcrumbList\",\"@id\":\"https:\/\/ekkla.ch\/de\/produit\/pflanzenbox-1-fach-hellgrau-ferm-living-copie\/#breadcrumb\",\"itemListElement\":[{\"@type\":\"ListItem\",\"position\":1,\"name\":\"Home\",\"item\":\"https:\/\/ekkla.ch\/de\/\"},{\"@type\":\"ListItem\",\"position\":2,\"name\":\"Shop\",\"item\":\"https:\/\/ekkla.ch\/de\/shop\/\"},{\"@type\":\"ListItem\",\"position\":3,\"name\":\"Pflanzenbox \u2013 1 Fach \u2013 Cashmere\u2013 Ferm Living\"}]},{\"@type\":\"WebSite\",\"@id\":\"https:\/\/ekkla.ch\/#website\",\"url\":\"https:\/\/ekkla.ch\/\",\"name\":\"Ekkla\",\"description\":\"Der Onlineshop f\u00fcr Beleuchtung\",\"publisher\":{\"@id\":\"https:\/\/ekkla.ch\/#organization\"},\"potentialAction\":[{\"@type\":\"SearchAction\",\"target\":{\"@type\":\"EntryPoint\",\"urlTemplate\":\"https:\/\/ekkla.ch\/?s={search_term_string}\"},\"query-input\":\"required name=search_term_string\"}],\"inLanguage\":\"de\"},{\"@type\":\"Organization\",\"@id\":\"https:\/\/ekkla.ch\/#organization\",\"name\":\"Ekkla\",\"url\":\"https:\/\/ekkla.ch\/\",\"logo\":{\"@type\":\"ImageObject\",\"inLanguage\":\"de\",\"@id\":\"https:\/\/ekkla.ch\/#\/schema\/logo\/image\/\",\"url\":\"http:\/\/ekkla.ch\/wp-content\/uploads\/2019\/07\/logo-1.svg\",\"contentUrl\":\"http:\/\/ekkla.ch\/wp-content\/uploads\/2019\/07\/logo-1.svg\",\"width\":1,\"height\":1,\"caption\":\"Ekkla\"},\"image\":{\"@id\":\"https:\/\/ekkla.ch\/#\/schema\/logo\/image\/\"},\"sameAs\":[\"https:\/\/www.instagram.com\/ekkla_light\/\"]}]}<\/script>\n<!-- \/ Yoast SEO Premium plugin. -->","yoast_head_json":{"title":"Pflanzenbox | Cashmere| Ferm Living | Ekkla","description":"Ferm Living pr\u00e4sentiert seine Plant Box, einen ebenso eleganten wie praktischen Pflanzk\u00fcbel, der unserem Interieur einen dynamischen Farbtupfer verleiht.","robots":{"index":"index","follow":"follow","max-snippet":"max-snippet:-1","max-image-preview":"max-image-preview:large","max-video-preview":"max-video-preview:-1"},"canonical":"https:\/\/ekkla.ch\/de\/produit\/pflanzenbox-1-fach-hellgrau-ferm-living-copie\/","og_locale":"de_DE","og_type":"article","og_title":"Pflanzenbox \u2013 1 Fach \u2013 Cashmere\u2013 Ferm Living","og_description":"Ferm Living pr\u00e4sentiert seine Plant Box, einen ebenso eleganten wie praktischen Pflanzk\u00fcbel, der unserem Interieur einen dynamischen Farbtupfer verleiht.","og_url":"https:\/\/ekkla.ch\/de\/produit\/pflanzenbox-1-fach-hellgrau-ferm-living-copie\/","og_site_name":"Ekkla","article_modified_time":"2025-07-29T12:25:41+00:00","og_image":[{"width":1000,"height":1000,"url":"https:\/\/ekkla.ch\/wp-content\/uploads\/2025\/07\/2-5.jpg","type":"image\/jpeg"}],"twitter_card":"summary_large_image","twitter_misc":{"Gesch\u00e4tzte Lesezeit":"1\u00a0Minute"},"schema":{"@context":"https:\/\/schema.org","@graph":[{"@type":"WebPage","@id":"https:\/\/ekkla.ch\/de\/produit\/pflanzenbox-1-fach-hellgrau-ferm-living-copie\/","url":"https:\/\/ekkla.ch\/de\/produit\/pflanzenbox-1-fach-hellgrau-ferm-living-copie\/","name":"Pflanzenbox | Cashmere| Ferm Living | Ekkla","isPartOf":{"@id":"https:\/\/ekkla.ch\/#website"},"primaryImageOfPage":{"@id":"https:\/\/ekkla.ch\/de\/produit\/pflanzenbox-1-fach-hellgrau-ferm-living-copie\/#primaryimage"},"image":{"@id":"https:\/\/ekkla.ch\/de\/produit\/pflanzenbox-1-fach-hellgrau-ferm-living-copie\/#primaryimage"},"thumbnailUrl":"https:\/\/ekkla.ch\/wp-content\/uploads\/2025\/07\/2-5.jpg","datePublished":"2025-07-29T11:25:04+00:00","dateModified":"2025-07-29T12:25:41+00:00","description":"Ferm Living pr\u00e4sentiert seine Plant Box, einen ebenso eleganten wie praktischen Pflanzk\u00fcbel, der unserem Interieur einen dynamischen Farbtupfer verleiht.","breadcrumb":{"@id":"https:\/\/ekkla.ch\/de\/produit\/pflanzenbox-1-fach-hellgrau-ferm-living-copie\/#breadcrumb"},"inLanguage":"de","potentialAction":[{"@type":"ReadAction","target":["https:\/\/ekkla.ch\/de\/produit\/pflanzenbox-1-fach-hellgrau-ferm-living-copie\/"]}]},{"@type":"ImageObject","inLanguage":"de","@id":"https:\/\/ekkla.ch\/de\/produit\/pflanzenbox-1-fach-hellgrau-ferm-living-copie\/#primaryimage","url":"https:\/\/ekkla.ch\/wp-content\/uploads\/2025\/07\/2-5.jpg","contentUrl":"https:\/\/ekkla.ch\/wp-content\/uploads\/2025\/07\/2-5.jpg","width":1000,"height":1000},{"@type":"BreadcrumbList","@id":"https:\/\/ekkla.ch\/de\/produit\/pflanzenbox-1-fach-hellgrau-ferm-living-copie\/#breadcrumb","itemListElement":[{"@type":"ListItem","position":1,"name":"Home","item":"https:\/\/ekkla.ch\/de\/"},{"@type":"ListItem","position":2,"name":"Shop","item":"https:\/\/ekkla.ch\/de\/shop\/"},{"@type":"ListItem","position":3,"name":"Pflanzenbox \u2013 1 Fach \u2013 Cashmere\u2013 Ferm Living"}]},{"@type":"WebSite","@id":"https:\/\/ekkla.ch\/#website","url":"https:\/\/ekkla.ch\/","name":"Ekkla","description":"Der Onlineshop f\u00fcr Beleuchtung","publisher":{"@id":"https:\/\/ekkla.ch\/#organization"},"potentialAction":[{"@type":"SearchAction","target":{"@type":"EntryPoint","urlTemplate":"https:\/\/ekkla.ch\/?s={search_term_string}"},"query-input":"required name=search_term_string"}],"inLanguage":"de"},{"@type":"Organization","@id":"https:\/\/ekkla.ch\/#organization","name":"Ekkla","url":"https:\/\/ekkla.ch\/","logo":{"@type":"ImageObject","inLanguage":"de","@id":"https:\/\/ekkla.ch\/#\/schema\/logo\/image\/","url":"http:\/\/ekkla.ch\/wp-content\/uploads\/2019\/07\/logo-1.svg","contentUrl":"http:\/\/ekkla.ch\/wp-content\/uploads\/2019\/07\/logo-1.svg","width":1,"height":1,"caption":"Ekkla"},"image":{"@id":"https:\/\/ekkla.ch\/#\/schema\/logo\/image\/"},"sameAs":["https:\/\/www.instagram.com\/ekkla_light\/"]}]}},"_links":{"self":[{"href":"https:\/\/ekkla.ch\/de\/wp-json\/wp\/v2\/product\/207932"}],"collection":[{"href":"https:\/\/ekkla.ch\/de\/wp-json\/wp\/v2\/product"}],"about":[{"href":"https:\/\/ekkla.ch\/de\/wp-json\/wp\/v2\/types\/product"}],"wp:featuredmedia":[{"embeddable":true,"href":"https:\/\/ekkla.ch\/de\/wp-json\/wp\/v2\/media\/207920"}],"wp:attachment":[{"href":"https:\/\/ekkla.ch\/de\/wp-json\/wp\/v2\/media?parent=207932"}],"wp:term":[{"taxonomy":"product_cat","embeddable":true,"href":"https:\/\/ekkla.ch\/de\/wp-json\/wp\/v2\/product_cat?post=207932"},{"taxonomy":"product_tag","embeddable":true,"href":"https:\/\/ekkla.ch\/de\/wp-json\/wp\/v2\/product_tag?post=207932"}],"curies":[{"name":"wp","href":"https:\/\/api.w.org\/{rel}","templated":true}]}}