{"id":207944,"date":"2025-07-29T16:33:22","date_gmt":"2025-07-29T14:33:22","guid":{"rendered":"https:\/\/ekkla.ch\/produit\/tischlampe-nod-neapelgelb-tiptoe\/"},"modified":"2025-08-07T09:36:59","modified_gmt":"2025-08-07T07:36:59","slug":"tischlampe-nod-neapelgelb-tiptoe","status":"publish","type":"product","link":"https:\/\/ekkla.ch\/de\/produit\/tischlampe-nod-neapelgelb-tiptoe\/","title":{"rendered":"Klemmleuchte NOD \u2013 Neapelgelb \u2013 TIPTOE"},"content":{"rendered":"<p>Entdecken Sie die Klemmleuchte NOD, die erste Leuchte von TIPTOE, die das Ergebnis von mehr als anderthalb Jahren Forschung und Entwicklung ist. Getreu der DNA der Marke TIPTOE verk\u00f6rpert diese Designleuchte Einfachheit, Funktionalit\u00e4t und Langlebigkeit \u2013 Werte, die jedes unserer Designs leiten.<\/p>\n<p>Die NOD-Lampe greift mit ihrem Klemmbefestigungssystem den Geist des ber\u00fchmten TIPTOE-Tischfu\u00dfes auf. Diese technische Entscheidung ist nicht nur \u00e4sthetisch: Sie macht die Lampe einfach zu installieren, ohne Bohren oder Werkzeug, und garantiert gleichzeitig eine ausgezeichnete Stabilit\u00e4t. Sie k\u00f6nnen sie an einem Regal, einem Kopfteil oder einem Schreibtisch befestigen \u2013 ideal f\u00fcr eine pr\u00e4zise und flexible Zusatzbeleuchtung.<\/p>\n<p>Die aus nachhaltigen Materialien entworfene und in Europa hergestellte Klemmleuchte NOD entspricht dem TIPTOE-Anspruch an \u00f6kologisches Design. Die Teile sind austauschbar und auf Langlebigkeit ausgelegt, ganz im Sinne eines verantwortungsvollen Konsums. Ihr zeitloses Design f\u00fcgt sich sowohl in ein modernes, skandinavisches als auch in ein minimalistisches Interieur ein.<\/p>\n<p>Mit der Lampe NOD erfindet TIPTOE die Zusatzleuchte neu und verleiht ihr eine starke \u00c4sthetik und echte N\u00fctzlichkeit. Ihr schlichtes Design, ihre raffinierte Befestigung und ihre nachhaltige Herstellung machen sie zur idealen Wahl f\u00fcr alle, die eine \u00e4sthetische und verantwortungsbewusste Klemmleuchte suchen.<\/p>\n<h2>Beschreibung<\/h2>\n<p><strong>Marke<\/strong>\u00a0TIPTOE<\/p>\n<p><strong>Farbe Neapelgelb <\/strong><\/p>\n<p><strong>Materialien<\/strong> Stahl und Aluminium<\/p>\n<p><b>Lichtquelle\u00a0<\/b>Integrierte LED<\/p>\n<p><strong>Lichtintensit\u00e4t<\/strong> Einstellbar<\/p>\n<p><strong>H\u00f6he (cm)<\/strong> 27<\/p>\n<p><strong>H\u00f6he mit Klemme (cm)<\/strong> 34<\/p>\n<p><strong>Breite (cm)<\/strong> 12<\/p>\n<p><strong>Kabell\u00e4nge (cm)<\/strong> 200<\/p>\n<p><strong>Gewicht (kg)<\/strong> 0,8<\/p>\n","protected":false},"excerpt":{"rendered":"<p>Entdecken Sie die Klemmleuchte NOD, die erste Leuchte von TIPTOE, die das Ergebnis von mehr als anderthalb Jahren Forschung und Entwicklung ist. Getreu der DNA der Marke TIPTOE verk\u00f6rpert diese Designleuchte Einfachheit, Funktionalit\u00e4t und Langlebigkeit \u2013 Werte, die jedes unserer Designs leiten. Die NOD-Lampe greift mit ihrem Klemmbefestigungssystem den Geist des ber\u00fchmten TIPTOE-Tischfu\u00dfes auf. Diese [&hellip;]<\/p>\n","protected":false},"featured_media":207950,"template":"","meta":{"_acf_changed":false,"om_disable_all_campaigns":false},"product_cat":[290],"product_tag":[1242,1265,403],"bundled_by":[],"bundle_stock_status":"instock","bundle_stock_quantity":1,"bundle_virtual":false,"bundle_layout":"","bundle_add_to_cart_form_location":"","bundle_editable_in_cart":false,"bundle_sold_individually_context":"","bundle_item_grouping":"","bundle_min_size":"","bundle_max_size":"","bundle_price":[],"bundled_items":[],"bundle_sell_ids":[],"acf":[],"yoast_head":"<!-- This site is optimized with the Yoast SEO Premium plugin v22.2 (Yoast SEO v22.8) - https:\/\/yoast.com\/wordpress\/plugins\/seo\/ -->\n<title>Tischlampe NOD | Neapelgelb | TIPTOE<\/title>\n<meta name=\"description\" content=\"Entdecken Sie die Klemmleuchte NOD, die erste Leuchte von TIPTOE, die das Ergebnis von mehr als anderthalb Jahren Forschung und Entwicklung ist.\" \/>\n<meta name=\"robots\" content=\"index, follow, max-snippet:-1, max-image-preview:large, max-video-preview:-1\" \/>\n<link rel=\"canonical\" href=\"https:\/\/ekkla.ch\/de\/produit\/tischlampe-nod-neapelgelb-tiptoe\/\" \/>\n<meta property=\"og:locale\" content=\"de_DE\" \/>\n<meta property=\"og:type\" content=\"article\" \/>\n<meta property=\"og:title\" content=\"Klemmleuchte NOD \u2013 Neapelgelb \u2013 TIPTOE\" \/>\n<meta property=\"og:description\" content=\"Entdecken Sie die Klemmleuchte NOD, die erste Leuchte von TIPTOE, die das Ergebnis von mehr als anderthalb Jahren Forschung und Entwicklung ist.\" \/>\n<meta property=\"og:url\" content=\"https:\/\/ekkla.ch\/de\/produit\/tischlampe-nod-neapelgelb-tiptoe\/\" \/>\n<meta property=\"og:site_name\" content=\"Ekkla\" \/>\n<meta property=\"article:modified_time\" content=\"2025-08-07T07:36:59+00:00\" \/>\n<meta property=\"og:image\" content=\"https:\/\/ekkla.ch\/wp-content\/uploads\/2025\/07\/1-6.jpg\" \/>\n\t<meta property=\"og:image:width\" content=\"1000\" \/>\n\t<meta property=\"og:image:height\" content=\"1000\" \/>\n\t<meta property=\"og:image:type\" content=\"image\/jpeg\" \/>\n<meta name=\"twitter:card\" content=\"summary_large_image\" \/>\n<meta name=\"twitter:label1\" content=\"Gesch\u00e4tzte Lesezeit\" \/>\n\t<meta name=\"twitter:data1\" content=\"2\u00a0Minuten\" \/>\n<script type=\"application\/ld+json\" class=\"yoast-schema-graph\">{\"@context\":\"https:\/\/schema.org\",\"@graph\":[{\"@type\":\"WebPage\",\"@id\":\"https:\/\/ekkla.ch\/de\/produit\/tischlampe-nod-neapelgelb-tiptoe\/\",\"url\":\"https:\/\/ekkla.ch\/de\/produit\/tischlampe-nod-neapelgelb-tiptoe\/\",\"name\":\"Tischlampe NOD | Neapelgelb | TIPTOE\",\"isPartOf\":{\"@id\":\"https:\/\/ekkla.ch\/#website\"},\"primaryImageOfPage\":{\"@id\":\"https:\/\/ekkla.ch\/de\/produit\/tischlampe-nod-neapelgelb-tiptoe\/#primaryimage\"},\"image\":{\"@id\":\"https:\/\/ekkla.ch\/de\/produit\/tischlampe-nod-neapelgelb-tiptoe\/#primaryimage\"},\"thumbnailUrl\":\"https:\/\/ekkla.ch\/wp-content\/uploads\/2025\/07\/1-6.jpg\",\"datePublished\":\"2025-07-29T14:33:22+00:00\",\"dateModified\":\"2025-08-07T07:36:59+00:00\",\"description\":\"Entdecken Sie die Klemmleuchte NOD, die erste Leuchte von TIPTOE, die das Ergebnis von mehr als anderthalb Jahren Forschung und Entwicklung ist.\",\"breadcrumb\":{\"@id\":\"https:\/\/ekkla.ch\/de\/produit\/tischlampe-nod-neapelgelb-tiptoe\/#breadcrumb\"},\"inLanguage\":\"de\",\"potentialAction\":[{\"@type\":\"ReadAction\",\"target\":[\"https:\/\/ekkla.ch\/de\/produit\/tischlampe-nod-neapelgelb-tiptoe\/\"]}]},{\"@type\":\"ImageObject\",\"inLanguage\":\"de\",\"@id\":\"https:\/\/ekkla.ch\/de\/produit\/tischlampe-nod-neapelgelb-tiptoe\/#primaryimage\",\"url\":\"https:\/\/ekkla.ch\/wp-content\/uploads\/2025\/07\/1-6.jpg\",\"contentUrl\":\"https:\/\/ekkla.ch\/wp-content\/uploads\/2025\/07\/1-6.jpg\",\"width\":1000,\"height\":1000},{\"@type\":\"BreadcrumbList\",\"@id\":\"https:\/\/ekkla.ch\/de\/produit\/tischlampe-nod-neapelgelb-tiptoe\/#breadcrumb\",\"itemListElement\":[{\"@type\":\"ListItem\",\"position\":1,\"name\":\"Home\",\"item\":\"https:\/\/ekkla.ch\/de\/\"},{\"@type\":\"ListItem\",\"position\":2,\"name\":\"Shop\",\"item\":\"https:\/\/ekkla.ch\/de\/shop\/\"},{\"@type\":\"ListItem\",\"position\":3,\"name\":\"Klemmleuchte NOD \u2013 Neapelgelb \u2013 TIPTOE\"}]},{\"@type\":\"WebSite\",\"@id\":\"https:\/\/ekkla.ch\/#website\",\"url\":\"https:\/\/ekkla.ch\/\",\"name\":\"Ekkla\",\"description\":\"Der Onlineshop f\u00fcr Beleuchtung\",\"publisher\":{\"@id\":\"https:\/\/ekkla.ch\/#organization\"},\"potentialAction\":[{\"@type\":\"SearchAction\",\"target\":{\"@type\":\"EntryPoint\",\"urlTemplate\":\"https:\/\/ekkla.ch\/?s={search_term_string}\"},\"query-input\":\"required name=search_term_string\"}],\"inLanguage\":\"de\"},{\"@type\":\"Organization\",\"@id\":\"https:\/\/ekkla.ch\/#organization\",\"name\":\"Ekkla\",\"url\":\"https:\/\/ekkla.ch\/\",\"logo\":{\"@type\":\"ImageObject\",\"inLanguage\":\"de\",\"@id\":\"https:\/\/ekkla.ch\/#\/schema\/logo\/image\/\",\"url\":\"http:\/\/ekkla.ch\/wp-content\/uploads\/2019\/07\/logo-1.svg\",\"contentUrl\":\"http:\/\/ekkla.ch\/wp-content\/uploads\/2019\/07\/logo-1.svg\",\"width\":1,\"height\":1,\"caption\":\"Ekkla\"},\"image\":{\"@id\":\"https:\/\/ekkla.ch\/#\/schema\/logo\/image\/\"},\"sameAs\":[\"https:\/\/www.instagram.com\/ekkla_light\/\"]}]}<\/script>\n<!-- \/ Yoast SEO Premium plugin. -->","yoast_head_json":{"title":"Tischlampe NOD | Neapelgelb | TIPTOE","description":"Entdecken Sie die Klemmleuchte NOD, die erste Leuchte von TIPTOE, die das Ergebnis von mehr als anderthalb Jahren Forschung und Entwicklung ist.","robots":{"index":"index","follow":"follow","max-snippet":"max-snippet:-1","max-image-preview":"max-image-preview:large","max-video-preview":"max-video-preview:-1"},"canonical":"https:\/\/ekkla.ch\/de\/produit\/tischlampe-nod-neapelgelb-tiptoe\/","og_locale":"de_DE","og_type":"article","og_title":"Klemmleuchte NOD \u2013 Neapelgelb \u2013 TIPTOE","og_description":"Entdecken Sie die Klemmleuchte NOD, die erste Leuchte von TIPTOE, die das Ergebnis von mehr als anderthalb Jahren Forschung und Entwicklung ist.","og_url":"https:\/\/ekkla.ch\/de\/produit\/tischlampe-nod-neapelgelb-tiptoe\/","og_site_name":"Ekkla","article_modified_time":"2025-08-07T07:36:59+00:00","og_image":[{"width":1000,"height":1000,"url":"https:\/\/ekkla.ch\/wp-content\/uploads\/2025\/07\/1-6.jpg","type":"image\/jpeg"}],"twitter_card":"summary_large_image","twitter_misc":{"Gesch\u00e4tzte Lesezeit":"2\u00a0Minuten"},"schema":{"@context":"https:\/\/schema.org","@graph":[{"@type":"WebPage","@id":"https:\/\/ekkla.ch\/de\/produit\/tischlampe-nod-neapelgelb-tiptoe\/","url":"https:\/\/ekkla.ch\/de\/produit\/tischlampe-nod-neapelgelb-tiptoe\/","name":"Tischlampe NOD | Neapelgelb | TIPTOE","isPartOf":{"@id":"https:\/\/ekkla.ch\/#website"},"primaryImageOfPage":{"@id":"https:\/\/ekkla.ch\/de\/produit\/tischlampe-nod-neapelgelb-tiptoe\/#primaryimage"},"image":{"@id":"https:\/\/ekkla.ch\/de\/produit\/tischlampe-nod-neapelgelb-tiptoe\/#primaryimage"},"thumbnailUrl":"https:\/\/ekkla.ch\/wp-content\/uploads\/2025\/07\/1-6.jpg","datePublished":"2025-07-29T14:33:22+00:00","dateModified":"2025-08-07T07:36:59+00:00","description":"Entdecken Sie die Klemmleuchte NOD, die erste Leuchte von TIPTOE, die das Ergebnis von mehr als anderthalb Jahren Forschung und Entwicklung ist.","breadcrumb":{"@id":"https:\/\/ekkla.ch\/de\/produit\/tischlampe-nod-neapelgelb-tiptoe\/#breadcrumb"},"inLanguage":"de","potentialAction":[{"@type":"ReadAction","target":["https:\/\/ekkla.ch\/de\/produit\/tischlampe-nod-neapelgelb-tiptoe\/"]}]},{"@type":"ImageObject","inLanguage":"de","@id":"https:\/\/ekkla.ch\/de\/produit\/tischlampe-nod-neapelgelb-tiptoe\/#primaryimage","url":"https:\/\/ekkla.ch\/wp-content\/uploads\/2025\/07\/1-6.jpg","contentUrl":"https:\/\/ekkla.ch\/wp-content\/uploads\/2025\/07\/1-6.jpg","width":1000,"height":1000},{"@type":"BreadcrumbList","@id":"https:\/\/ekkla.ch\/de\/produit\/tischlampe-nod-neapelgelb-tiptoe\/#breadcrumb","itemListElement":[{"@type":"ListItem","position":1,"name":"Home","item":"https:\/\/ekkla.ch\/de\/"},{"@type":"ListItem","position":2,"name":"Shop","item":"https:\/\/ekkla.ch\/de\/shop\/"},{"@type":"ListItem","position":3,"name":"Klemmleuchte NOD \u2013 Neapelgelb \u2013 TIPTOE"}]},{"@type":"WebSite","@id":"https:\/\/ekkla.ch\/#website","url":"https:\/\/ekkla.ch\/","name":"Ekkla","description":"Der Onlineshop f\u00fcr Beleuchtung","publisher":{"@id":"https:\/\/ekkla.ch\/#organization"},"potentialAction":[{"@type":"SearchAction","target":{"@type":"EntryPoint","urlTemplate":"https:\/\/ekkla.ch\/?s={search_term_string}"},"query-input":"required name=search_term_string"}],"inLanguage":"de"},{"@type":"Organization","@id":"https:\/\/ekkla.ch\/#organization","name":"Ekkla","url":"https:\/\/ekkla.ch\/","logo":{"@type":"ImageObject","inLanguage":"de","@id":"https:\/\/ekkla.ch\/#\/schema\/logo\/image\/","url":"http:\/\/ekkla.ch\/wp-content\/uploads\/2019\/07\/logo-1.svg","contentUrl":"http:\/\/ekkla.ch\/wp-content\/uploads\/2019\/07\/logo-1.svg","width":1,"height":1,"caption":"Ekkla"},"image":{"@id":"https:\/\/ekkla.ch\/#\/schema\/logo\/image\/"},"sameAs":["https:\/\/www.instagram.com\/ekkla_light\/"]}]}},"_links":{"self":[{"href":"https:\/\/ekkla.ch\/de\/wp-json\/wp\/v2\/product\/207944"}],"collection":[{"href":"https:\/\/ekkla.ch\/de\/wp-json\/wp\/v2\/product"}],"about":[{"href":"https:\/\/ekkla.ch\/de\/wp-json\/wp\/v2\/types\/product"}],"wp:featuredmedia":[{"embeddable":true,"href":"https:\/\/ekkla.ch\/de\/wp-json\/wp\/v2\/media\/207950"}],"wp:attachment":[{"href":"https:\/\/ekkla.ch\/de\/wp-json\/wp\/v2\/media?parent=207944"}],"wp:term":[{"taxonomy":"product_cat","embeddable":true,"href":"https:\/\/ekkla.ch\/de\/wp-json\/wp\/v2\/product_cat?post=207944"},{"taxonomy":"product_tag","embeddable":true,"href":"https:\/\/ekkla.ch\/de\/wp-json\/wp\/v2\/product_tag?post=207944"}],"curies":[{"name":"wp","href":"https:\/\/api.w.org\/{rel}","templated":true}]}}