{"id":208164,"date":"2025-08-08T11:14:24","date_gmt":"2025-08-08T09:14:25","guid":{"rendered":"https:\/\/ekkla.ch\/?post_type=product&#038;p=208164"},"modified":"2025-08-08T11:18:28","modified_gmt":"2025-08-08T09:18:28","slug":"tischleuchte-nod-graphitschwarz-tiptoe-copie","status":"publish","type":"product","link":"https:\/\/ekkla.ch\/de\/produit\/tischleuchte-nod-graphitschwarz-tiptoe-copie\/","title":{"rendered":"Tischleuchte NOD \u2013 Weiss Wolke \u2013 TIPTOE"},"content":{"rendered":"<p>Entdecken Sie die Tischlampe NOD \u2013 die erste Leuchte aus dem Hause TIPTOE, entstanden nach \u00fcber eineinhalb Jahren intensiver Forschung und Entwicklung. Getreu der DNA der Marke verk\u00f6rpert diese Designerlampe Einfachheit, Funktionalit\u00e4t und Nachhaltigkeit \u2013 Werte, die jedes unserer Produkte pr\u00e4gen.<\/p>\n<p>Die Tischversion der NOD-Lampe greift die klaren Linien und den cleveren Geist der TIPTOE-Kollektionen auf. Direkt auf einem Nachttisch, Schreibtisch oder Regal platziert, spendet sie ein sanftes und gezieltes Licht \u2013 perfekt zum Lesen, Arbeiten oder um eine gem\u00fctliche Atmosph\u00e4re zu schaffen.<\/p>\n<p>Gefertigt aus langlebigen Materialien und produziert in Europa, steht die Tischlampe NOD ganz im Zeichen des nachhaltigen Designs, das TIPTOE am Herzen liegt. Alle Bestandteile sind austauschbar und auf Langlebigkeit ausgelegt \u2013 f\u00fcr einen bewussten und verantwortungsvollen Konsum.<\/p>\n<p>Mit ihrem zeitlosen Design f\u00fcgt sich die NOD-Lampe m\u00fchelos in moderne, skandinavische oder minimalistische Einrichtungen ein. Sie definiert die Tischleuchte neu \u2013 mit starkem Charakter, funktionalem Nutzen und echter Umweltverantwortung \u2013 ganz ohne Kompromisse.<\/p>\n<h2>Beschreibung<\/h2>\n<p><strong>Marke<\/strong>\u00a0TIPTOE<\/p>\n<p><strong>Farbe <\/strong>Weiss Wolke<\/p>\n<p><strong>Materialien<\/strong> Stahl und Aluminium<\/p>\n<p><b>Lichtquelle\u00a0<\/b>Integrierte LED<\/p>\n<p><strong>Lichtintensit\u00e4t<\/strong> Einstellbar<\/p>\n<p><strong>H\u00f6he (cm)<\/strong> 25<\/p>\n<p><strong>Breite (cm)<\/strong> 12<\/p>\n<p><strong>Neigung (\u00b0) 35<\/strong><\/p>\n<p><strong>Kabell\u00e4nge (cm)<\/strong> 200<\/p>\n<p><strong>Gewicht (kg)<\/strong> 0,7<\/p>\n","protected":false},"excerpt":{"rendered":"<p>Entdecken Sie die Tischlampe NOD \u2013 die erste Leuchte aus dem Hause TIPTOE, entstanden nach \u00fcber eineinhalb Jahren intensiver Forschung und Entwicklung. Getreu der DNA der Marke verk\u00f6rpert diese Designerlampe Einfachheit, Funktionalit\u00e4t und Nachhaltigkeit \u2013 Werte, die jedes unserer Produkte pr\u00e4gen. Die Tischversion der NOD-Lampe greift die klaren Linien und den cleveren Geist der TIPTOE-Kollektionen [&hellip;]<\/p>\n","protected":false},"featured_media":208084,"template":"","meta":{"_acf_changed":false,"om_disable_all_campaigns":false},"product_cat":[290],"product_tag":[1254,1265,1235],"bundled_by":[],"bundle_stock_status":"onbackorder","bundle_stock_quantity":null,"bundle_virtual":false,"bundle_layout":"","bundle_add_to_cart_form_location":"","bundle_editable_in_cart":false,"bundle_sold_individually_context":"","bundle_item_grouping":"","bundle_min_size":"","bundle_max_size":"","bundle_price":[],"bundled_items":[],"bundle_sell_ids":[],"acf":[],"yoast_head":"<!-- This site is optimized with the Yoast SEO Premium plugin v22.2 (Yoast SEO v22.8) - https:\/\/yoast.com\/wordpress\/plugins\/seo\/ -->\n<title>Tischleuchte NOD | Weiss Wolke | TIPTOE<\/title>\n<meta name=\"description\" content=\"Entdecken Sie die Tischleuchte NOD, die erste Leuchte von TIPTOE, die das Ergebnis von mehr als anderthalb Jahren Forschung und Entwicklung ist.\" \/>\n<meta name=\"robots\" content=\"index, follow, max-snippet:-1, max-image-preview:large, max-video-preview:-1\" \/>\n<link rel=\"canonical\" href=\"https:\/\/ekkla.ch\/de\/produit\/tischleuchte-nod-graphitschwarz-tiptoe-copie\/\" \/>\n<meta property=\"og:locale\" content=\"de_DE\" \/>\n<meta property=\"og:type\" content=\"article\" \/>\n<meta property=\"og:title\" content=\"Tischleuchte NOD \u2013 Weiss Wolke \u2013 TIPTOE\" \/>\n<meta property=\"og:description\" content=\"Entdecken Sie die Tischleuchte NOD, die erste Leuchte von TIPTOE, die das Ergebnis von mehr als anderthalb Jahren Forschung und Entwicklung ist.\" \/>\n<meta property=\"og:url\" content=\"https:\/\/ekkla.ch\/de\/produit\/tischleuchte-nod-graphitschwarz-tiptoe-copie\/\" \/>\n<meta property=\"og:site_name\" content=\"Ekkla\" \/>\n<meta property=\"article:modified_time\" content=\"2025-08-08T09:18:28+00:00\" \/>\n<meta property=\"og:image\" content=\"https:\/\/ekkla.ch\/wp-content\/uploads\/2025\/08\/11.jpg\" \/>\n\t<meta property=\"og:image:width\" content=\"1000\" \/>\n\t<meta property=\"og:image:height\" content=\"1000\" \/>\n\t<meta property=\"og:image:type\" content=\"image\/jpeg\" \/>\n<meta name=\"twitter:card\" content=\"summary_large_image\" \/>\n<meta name=\"twitter:label1\" content=\"Gesch\u00e4tzte Lesezeit\" \/>\n\t<meta name=\"twitter:data1\" content=\"2\u00a0Minuten\" \/>\n<script type=\"application\/ld+json\" class=\"yoast-schema-graph\">{\"@context\":\"https:\/\/schema.org\",\"@graph\":[{\"@type\":\"WebPage\",\"@id\":\"https:\/\/ekkla.ch\/de\/produit\/tischleuchte-nod-graphitschwarz-tiptoe-copie\/\",\"url\":\"https:\/\/ekkla.ch\/de\/produit\/tischleuchte-nod-graphitschwarz-tiptoe-copie\/\",\"name\":\"Tischleuchte NOD | Weiss Wolke | TIPTOE\",\"isPartOf\":{\"@id\":\"https:\/\/ekkla.ch\/#website\"},\"primaryImageOfPage\":{\"@id\":\"https:\/\/ekkla.ch\/de\/produit\/tischleuchte-nod-graphitschwarz-tiptoe-copie\/#primaryimage\"},\"image\":{\"@id\":\"https:\/\/ekkla.ch\/de\/produit\/tischleuchte-nod-graphitschwarz-tiptoe-copie\/#primaryimage\"},\"thumbnailUrl\":\"https:\/\/ekkla.ch\/wp-content\/uploads\/2025\/08\/11.jpg\",\"datePublished\":\"2025-08-08T09:14:25+00:00\",\"dateModified\":\"2025-08-08T09:18:28+00:00\",\"description\":\"Entdecken Sie die Tischleuchte NOD, die erste Leuchte von TIPTOE, die das Ergebnis von mehr als anderthalb Jahren Forschung und Entwicklung ist.\",\"breadcrumb\":{\"@id\":\"https:\/\/ekkla.ch\/de\/produit\/tischleuchte-nod-graphitschwarz-tiptoe-copie\/#breadcrumb\"},\"inLanguage\":\"de\",\"potentialAction\":[{\"@type\":\"ReadAction\",\"target\":[\"https:\/\/ekkla.ch\/de\/produit\/tischleuchte-nod-graphitschwarz-tiptoe-copie\/\"]}]},{\"@type\":\"ImageObject\",\"inLanguage\":\"de\",\"@id\":\"https:\/\/ekkla.ch\/de\/produit\/tischleuchte-nod-graphitschwarz-tiptoe-copie\/#primaryimage\",\"url\":\"https:\/\/ekkla.ch\/wp-content\/uploads\/2025\/08\/11.jpg\",\"contentUrl\":\"https:\/\/ekkla.ch\/wp-content\/uploads\/2025\/08\/11.jpg\",\"width\":1000,\"height\":1000},{\"@type\":\"BreadcrumbList\",\"@id\":\"https:\/\/ekkla.ch\/de\/produit\/tischleuchte-nod-graphitschwarz-tiptoe-copie\/#breadcrumb\",\"itemListElement\":[{\"@type\":\"ListItem\",\"position\":1,\"name\":\"Home\",\"item\":\"https:\/\/ekkla.ch\/de\/\"},{\"@type\":\"ListItem\",\"position\":2,\"name\":\"Shop\",\"item\":\"https:\/\/ekkla.ch\/de\/shop\/\"},{\"@type\":\"ListItem\",\"position\":3,\"name\":\"Tischleuchte NOD \u2013 Weiss Wolke \u2013 TIPTOE\"}]},{\"@type\":\"WebSite\",\"@id\":\"https:\/\/ekkla.ch\/#website\",\"url\":\"https:\/\/ekkla.ch\/\",\"name\":\"Ekkla\",\"description\":\"Der Onlineshop f\u00fcr Beleuchtung\",\"publisher\":{\"@id\":\"https:\/\/ekkla.ch\/#organization\"},\"potentialAction\":[{\"@type\":\"SearchAction\",\"target\":{\"@type\":\"EntryPoint\",\"urlTemplate\":\"https:\/\/ekkla.ch\/?s={search_term_string}\"},\"query-input\":\"required name=search_term_string\"}],\"inLanguage\":\"de\"},{\"@type\":\"Organization\",\"@id\":\"https:\/\/ekkla.ch\/#organization\",\"name\":\"Ekkla\",\"url\":\"https:\/\/ekkla.ch\/\",\"logo\":{\"@type\":\"ImageObject\",\"inLanguage\":\"de\",\"@id\":\"https:\/\/ekkla.ch\/#\/schema\/logo\/image\/\",\"url\":\"http:\/\/ekkla.ch\/wp-content\/uploads\/2019\/07\/logo-1.svg\",\"contentUrl\":\"http:\/\/ekkla.ch\/wp-content\/uploads\/2019\/07\/logo-1.svg\",\"width\":1,\"height\":1,\"caption\":\"Ekkla\"},\"image\":{\"@id\":\"https:\/\/ekkla.ch\/#\/schema\/logo\/image\/\"},\"sameAs\":[\"https:\/\/www.instagram.com\/ekkla_light\/\"]}]}<\/script>\n<!-- \/ Yoast SEO Premium plugin. -->","yoast_head_json":{"title":"Tischleuchte NOD | Weiss Wolke | TIPTOE","description":"Entdecken Sie die Tischleuchte NOD, die erste Leuchte von TIPTOE, die das Ergebnis von mehr als anderthalb Jahren Forschung und Entwicklung ist.","robots":{"index":"index","follow":"follow","max-snippet":"max-snippet:-1","max-image-preview":"max-image-preview:large","max-video-preview":"max-video-preview:-1"},"canonical":"https:\/\/ekkla.ch\/de\/produit\/tischleuchte-nod-graphitschwarz-tiptoe-copie\/","og_locale":"de_DE","og_type":"article","og_title":"Tischleuchte NOD \u2013 Weiss Wolke \u2013 TIPTOE","og_description":"Entdecken Sie die Tischleuchte NOD, die erste Leuchte von TIPTOE, die das Ergebnis von mehr als anderthalb Jahren Forschung und Entwicklung ist.","og_url":"https:\/\/ekkla.ch\/de\/produit\/tischleuchte-nod-graphitschwarz-tiptoe-copie\/","og_site_name":"Ekkla","article_modified_time":"2025-08-08T09:18:28+00:00","og_image":[{"width":1000,"height":1000,"url":"https:\/\/ekkla.ch\/wp-content\/uploads\/2025\/08\/11.jpg","type":"image\/jpeg"}],"twitter_card":"summary_large_image","twitter_misc":{"Gesch\u00e4tzte Lesezeit":"2\u00a0Minuten"},"schema":{"@context":"https:\/\/schema.org","@graph":[{"@type":"WebPage","@id":"https:\/\/ekkla.ch\/de\/produit\/tischleuchte-nod-graphitschwarz-tiptoe-copie\/","url":"https:\/\/ekkla.ch\/de\/produit\/tischleuchte-nod-graphitschwarz-tiptoe-copie\/","name":"Tischleuchte NOD | Weiss Wolke | TIPTOE","isPartOf":{"@id":"https:\/\/ekkla.ch\/#website"},"primaryImageOfPage":{"@id":"https:\/\/ekkla.ch\/de\/produit\/tischleuchte-nod-graphitschwarz-tiptoe-copie\/#primaryimage"},"image":{"@id":"https:\/\/ekkla.ch\/de\/produit\/tischleuchte-nod-graphitschwarz-tiptoe-copie\/#primaryimage"},"thumbnailUrl":"https:\/\/ekkla.ch\/wp-content\/uploads\/2025\/08\/11.jpg","datePublished":"2025-08-08T09:14:25+00:00","dateModified":"2025-08-08T09:18:28+00:00","description":"Entdecken Sie die Tischleuchte NOD, die erste Leuchte von TIPTOE, die das Ergebnis von mehr als anderthalb Jahren Forschung und Entwicklung ist.","breadcrumb":{"@id":"https:\/\/ekkla.ch\/de\/produit\/tischleuchte-nod-graphitschwarz-tiptoe-copie\/#breadcrumb"},"inLanguage":"de","potentialAction":[{"@type":"ReadAction","target":["https:\/\/ekkla.ch\/de\/produit\/tischleuchte-nod-graphitschwarz-tiptoe-copie\/"]}]},{"@type":"ImageObject","inLanguage":"de","@id":"https:\/\/ekkla.ch\/de\/produit\/tischleuchte-nod-graphitschwarz-tiptoe-copie\/#primaryimage","url":"https:\/\/ekkla.ch\/wp-content\/uploads\/2025\/08\/11.jpg","contentUrl":"https:\/\/ekkla.ch\/wp-content\/uploads\/2025\/08\/11.jpg","width":1000,"height":1000},{"@type":"BreadcrumbList","@id":"https:\/\/ekkla.ch\/de\/produit\/tischleuchte-nod-graphitschwarz-tiptoe-copie\/#breadcrumb","itemListElement":[{"@type":"ListItem","position":1,"name":"Home","item":"https:\/\/ekkla.ch\/de\/"},{"@type":"ListItem","position":2,"name":"Shop","item":"https:\/\/ekkla.ch\/de\/shop\/"},{"@type":"ListItem","position":3,"name":"Tischleuchte NOD \u2013 Weiss Wolke \u2013 TIPTOE"}]},{"@type":"WebSite","@id":"https:\/\/ekkla.ch\/#website","url":"https:\/\/ekkla.ch\/","name":"Ekkla","description":"Der Onlineshop f\u00fcr Beleuchtung","publisher":{"@id":"https:\/\/ekkla.ch\/#organization"},"potentialAction":[{"@type":"SearchAction","target":{"@type":"EntryPoint","urlTemplate":"https:\/\/ekkla.ch\/?s={search_term_string}"},"query-input":"required name=search_term_string"}],"inLanguage":"de"},{"@type":"Organization","@id":"https:\/\/ekkla.ch\/#organization","name":"Ekkla","url":"https:\/\/ekkla.ch\/","logo":{"@type":"ImageObject","inLanguage":"de","@id":"https:\/\/ekkla.ch\/#\/schema\/logo\/image\/","url":"http:\/\/ekkla.ch\/wp-content\/uploads\/2019\/07\/logo-1.svg","contentUrl":"http:\/\/ekkla.ch\/wp-content\/uploads\/2019\/07\/logo-1.svg","width":1,"height":1,"caption":"Ekkla"},"image":{"@id":"https:\/\/ekkla.ch\/#\/schema\/logo\/image\/"},"sameAs":["https:\/\/www.instagram.com\/ekkla_light\/"]}]}},"_links":{"self":[{"href":"https:\/\/ekkla.ch\/de\/wp-json\/wp\/v2\/product\/208164"}],"collection":[{"href":"https:\/\/ekkla.ch\/de\/wp-json\/wp\/v2\/product"}],"about":[{"href":"https:\/\/ekkla.ch\/de\/wp-json\/wp\/v2\/types\/product"}],"wp:featuredmedia":[{"embeddable":true,"href":"https:\/\/ekkla.ch\/de\/wp-json\/wp\/v2\/media\/208084"}],"wp:attachment":[{"href":"https:\/\/ekkla.ch\/de\/wp-json\/wp\/v2\/media?parent=208164"}],"wp:term":[{"taxonomy":"product_cat","embeddable":true,"href":"https:\/\/ekkla.ch\/de\/wp-json\/wp\/v2\/product_cat?post=208164"},{"taxonomy":"product_tag","embeddable":true,"href":"https:\/\/ekkla.ch\/de\/wp-json\/wp\/v2\/product_tag?post=208164"}],"curies":[{"name":"wp","href":"https:\/\/api.w.org\/{rel}","templated":true}]}}