{"id":208354,"date":"2025-08-12T13:55:27","date_gmt":"2025-08-12T11:55:27","guid":{"rendered":"https:\/\/ekkla.ch\/?post_type=product&#038;p=208354"},"modified":"2025-08-20T15:27:50","modified_gmt":"2025-08-20T13:27:50","slug":"tisch-und-schreibtischfuss-75-cm-eukalyptusgrau-tiptoe-copie","status":"publish","type":"product","link":"https:\/\/ekkla.ch\/de\/produit\/tisch-und-schreibtischfuss-75-cm-eukalyptusgrau-tiptoe-copie\/","title":{"rendered":"Tisch- und Schreibtischfuss \u2013 90 cm \u2013 Eukalyptusgrau \u2013 TIPTOE"},"content":{"rendered":"<p>Der Tiptoe Standard-Tischfu\u00df 90 cm ist die ideale L\u00f6sung, um ein M\u00f6belst\u00fcck zu schaffen, das gleichzeitig robust, elegant und vollst\u00e4ndig individuell gestaltbar ist. Hergestellt aus hochwertigem, pulverbeschichtetem Stahl, gew\u00e4hrleistet er optimale Stabilit\u00e4t und au\u00dfergew\u00f6hnliche Langlebigkeit.<\/p>\n<p>Dieser Tischfuss besticht durch sein minimalistisches Design und seine matte Oberfl\u00e4che \u2013 ein sanfter, nat\u00fcrlicher Farbton, der sich harmonisch in skandinavische, industrielle oder moderne Wohnr\u00e4ume einf\u00fcgt. Seine Vielseitigkeit erm\u00f6glicht die Kombination mit einer gro\u00dfen Auswahl an Tischplatten, sei es aus Holz, Glas oder Metall, und schafft so ein einzigartiges M\u00f6belst\u00fcck, das Ihren pers\u00f6nlichen Stil widerspiegelt.<\/p>\n<p>Die Montage des Tiptoe-Fu\u00dfes ist dank des integrierten Befestigungssystems einfach und schnell. Er wird einfach unter die Tischplatte geschraubt, sodass Sie ein stabiles, sofort einsatzbereites M\u00f6belst\u00fcck erhalten \u2013 ganz ohne komplizierte Werkzeuge. Dieses modulare Konzept ist ideal f\u00fcr DIY-Enthusiasten, die ma\u00dfgeschneiderte M\u00f6belst\u00fccke entwerfen m\u00f6chten, aber auch f\u00fcr Profis, die auf der Suche nach designorientierten und funktionalen M\u00f6beln sind.<\/p>\n<p>Die Pflege ist unkompliziert: Ein feuchtes Tuch gen\u00fcgt, um die Sch\u00f6nheit der Farbe Grau-Eukalyptus zu erhalten. Mit dem Tiptoe-Tischfu\u00df setzen Sie auf ein langlebiges Produkt mit zeitlosem Design, das Ihrem Interieur Charakter und Eleganz verleiht und Ihnen gleichzeitig volle kreative Freiheit l\u00e4sst.<\/p>\n<h2>Beschreibung<\/h2>\n<p><strong>Marke<\/strong>\u00a0TIPTOE<\/p>\n<p><strong>Farbe<\/strong> Eukalyptusgrau<\/p>\n<p><strong>Materialien<\/strong> Hochfester pulverbeschichteter Stahl<\/p>\n<p><strong>H\u00f6he (cm)<\/strong> 90<\/p>\n<p><strong>Maximale Plattenst\u00e4rke (cm)<\/strong> 4<\/p>\n<p><strong>Gewicht (kg)<\/strong> 3,5<\/p>\n","protected":false},"excerpt":{"rendered":"<p>Der Tiptoe Standard-Tischfu\u00df 90 cm ist die ideale L\u00f6sung, um ein M\u00f6belst\u00fcck zu schaffen, das gleichzeitig robust, elegant und vollst\u00e4ndig individuell gestaltbar ist. Hergestellt aus hochwertigem, pulverbeschichtetem Stahl, gew\u00e4hrleistet er optimale Stabilit\u00e4t und au\u00dfergew\u00f6hnliche Langlebigkeit. Dieser Tischfuss besticht durch sein minimalistisches Design und seine matte Oberfl\u00e4che \u2013 ein sanfter, nat\u00fcrlicher Farbton, der sich harmonisch in [&hellip;]<\/p>\n","protected":false},"featured_media":208365,"template":"","meta":{"_acf_changed":false,"om_disable_all_campaigns":false},"product_cat":[964,970],"product_tag":[1254,1265,1235],"bundled_by":[],"bundle_stock_status":"onbackorder","bundle_stock_quantity":null,"bundle_virtual":false,"bundle_layout":"","bundle_add_to_cart_form_location":"","bundle_editable_in_cart":false,"bundle_sold_individually_context":"","bundle_item_grouping":"","bundle_min_size":"","bundle_max_size":"","bundle_price":[],"bundled_items":[],"bundle_sell_ids":[],"acf":[],"yoast_head":"<!-- This site is optimized with the Yoast SEO Premium plugin v22.2 (Yoast SEO v22.8) - https:\/\/yoast.com\/wordpress\/plugins\/seo\/ -->\n<title>Tisch- und Schreibtischfuss | Eukalyptusgrau | TIPTOE | Ekkla<\/title>\n<meta name=\"description\" content=\"Der Tiptoe Standard-Tischfuss 90 cm ist die ideale L\u00f6sung, um ein M\u00f6belst\u00fcck zu schaffen, das gleichzeitig robust, elegant und vollst\u00e4ndig individuell gestaltbar ist.\" \/>\n<meta name=\"robots\" content=\"index, follow, max-snippet:-1, max-image-preview:large, max-video-preview:-1\" \/>\n<link rel=\"canonical\" href=\"https:\/\/ekkla.ch\/de\/produit\/tisch-und-schreibtischfuss-75-cm-eukalyptusgrau-tiptoe-copie\/\" \/>\n<meta property=\"og:locale\" content=\"de_DE\" \/>\n<meta property=\"og:type\" content=\"article\" \/>\n<meta property=\"og:title\" content=\"Tisch- und Schreibtischfuss \u2013 90 cm \u2013 Eukalyptusgrau \u2013 TIPTOE\" \/>\n<meta property=\"og:description\" content=\"Der Tiptoe Standard-Tischfuss 90 cm ist die ideale L\u00f6sung, um ein M\u00f6belst\u00fcck zu schaffen, das gleichzeitig robust, elegant und vollst\u00e4ndig individuell gestaltbar ist.\" \/>\n<meta property=\"og:url\" content=\"https:\/\/ekkla.ch\/de\/produit\/tisch-und-schreibtischfuss-75-cm-eukalyptusgrau-tiptoe-copie\/\" \/>\n<meta property=\"og:site_name\" content=\"Ekkla\" \/>\n<meta property=\"article:modified_time\" content=\"2025-08-20T13:27:50+00:00\" \/>\n<meta property=\"og:image\" content=\"https:\/\/ekkla.ch\/wp-content\/uploads\/2025\/08\/TIPTOE_table_leg_75_eucalyptus-2.jpg\" \/>\n\t<meta property=\"og:image:width\" content=\"1000\" \/>\n\t<meta property=\"og:image:height\" content=\"1000\" \/>\n\t<meta property=\"og:image:type\" content=\"image\/jpeg\" \/>\n<meta name=\"twitter:card\" content=\"summary_large_image\" \/>\n<meta name=\"twitter:label1\" content=\"Gesch\u00e4tzte Lesezeit\" \/>\n\t<meta name=\"twitter:data1\" content=\"2\u00a0Minuten\" \/>\n<script type=\"application\/ld+json\" class=\"yoast-schema-graph\">{\"@context\":\"https:\/\/schema.org\",\"@graph\":[{\"@type\":\"WebPage\",\"@id\":\"https:\/\/ekkla.ch\/de\/produit\/tisch-und-schreibtischfuss-75-cm-eukalyptusgrau-tiptoe-copie\/\",\"url\":\"https:\/\/ekkla.ch\/de\/produit\/tisch-und-schreibtischfuss-75-cm-eukalyptusgrau-tiptoe-copie\/\",\"name\":\"Tisch- und Schreibtischfuss | Eukalyptusgrau | TIPTOE | Ekkla\",\"isPartOf\":{\"@id\":\"https:\/\/ekkla.ch\/#website\"},\"primaryImageOfPage\":{\"@id\":\"https:\/\/ekkla.ch\/de\/produit\/tisch-und-schreibtischfuss-75-cm-eukalyptusgrau-tiptoe-copie\/#primaryimage\"},\"image\":{\"@id\":\"https:\/\/ekkla.ch\/de\/produit\/tisch-und-schreibtischfuss-75-cm-eukalyptusgrau-tiptoe-copie\/#primaryimage\"},\"thumbnailUrl\":\"https:\/\/ekkla.ch\/wp-content\/uploads\/2025\/08\/TIPTOE_table_leg_75_eucalyptus-2.jpg\",\"datePublished\":\"2025-08-12T11:55:27+00:00\",\"dateModified\":\"2025-08-20T13:27:50+00:00\",\"description\":\"Der Tiptoe Standard-Tischfuss 90 cm ist die ideale L\u00f6sung, um ein M\u00f6belst\u00fcck zu schaffen, das gleichzeitig robust, elegant und vollst\u00e4ndig individuell gestaltbar ist.\",\"breadcrumb\":{\"@id\":\"https:\/\/ekkla.ch\/de\/produit\/tisch-und-schreibtischfuss-75-cm-eukalyptusgrau-tiptoe-copie\/#breadcrumb\"},\"inLanguage\":\"de\",\"potentialAction\":[{\"@type\":\"ReadAction\",\"target\":[\"https:\/\/ekkla.ch\/de\/produit\/tisch-und-schreibtischfuss-75-cm-eukalyptusgrau-tiptoe-copie\/\"]}]},{\"@type\":\"ImageObject\",\"inLanguage\":\"de\",\"@id\":\"https:\/\/ekkla.ch\/de\/produit\/tisch-und-schreibtischfuss-75-cm-eukalyptusgrau-tiptoe-copie\/#primaryimage\",\"url\":\"https:\/\/ekkla.ch\/wp-content\/uploads\/2025\/08\/TIPTOE_table_leg_75_eucalyptus-2.jpg\",\"contentUrl\":\"https:\/\/ekkla.ch\/wp-content\/uploads\/2025\/08\/TIPTOE_table_leg_75_eucalyptus-2.jpg\",\"width\":1000,\"height\":1000},{\"@type\":\"BreadcrumbList\",\"@id\":\"https:\/\/ekkla.ch\/de\/produit\/tisch-und-schreibtischfuss-75-cm-eukalyptusgrau-tiptoe-copie\/#breadcrumb\",\"itemListElement\":[{\"@type\":\"ListItem\",\"position\":1,\"name\":\"Home\",\"item\":\"https:\/\/ekkla.ch\/de\/\"},{\"@type\":\"ListItem\",\"position\":2,\"name\":\"Shop\",\"item\":\"https:\/\/ekkla.ch\/de\/shop\/\"},{\"@type\":\"ListItem\",\"position\":3,\"name\":\"Tisch- und Schreibtischfuss \u2013 90 cm \u2013 Eukalyptusgrau \u2013 TIPTOE\"}]},{\"@type\":\"WebSite\",\"@id\":\"https:\/\/ekkla.ch\/#website\",\"url\":\"https:\/\/ekkla.ch\/\",\"name\":\"Ekkla\",\"description\":\"Der Onlineshop f\u00fcr Beleuchtung\",\"publisher\":{\"@id\":\"https:\/\/ekkla.ch\/#organization\"},\"potentialAction\":[{\"@type\":\"SearchAction\",\"target\":{\"@type\":\"EntryPoint\",\"urlTemplate\":\"https:\/\/ekkla.ch\/?s={search_term_string}\"},\"query-input\":\"required name=search_term_string\"}],\"inLanguage\":\"de\"},{\"@type\":\"Organization\",\"@id\":\"https:\/\/ekkla.ch\/#organization\",\"name\":\"Ekkla\",\"url\":\"https:\/\/ekkla.ch\/\",\"logo\":{\"@type\":\"ImageObject\",\"inLanguage\":\"de\",\"@id\":\"https:\/\/ekkla.ch\/#\/schema\/logo\/image\/\",\"url\":\"http:\/\/ekkla.ch\/wp-content\/uploads\/2019\/07\/logo-1.svg\",\"contentUrl\":\"http:\/\/ekkla.ch\/wp-content\/uploads\/2019\/07\/logo-1.svg\",\"width\":1,\"height\":1,\"caption\":\"Ekkla\"},\"image\":{\"@id\":\"https:\/\/ekkla.ch\/#\/schema\/logo\/image\/\"},\"sameAs\":[\"https:\/\/www.instagram.com\/ekkla_light\/\"]}]}<\/script>\n<!-- \/ Yoast SEO Premium plugin. -->","yoast_head_json":{"title":"Tisch- und Schreibtischfuss | Eukalyptusgrau | TIPTOE | Ekkla","description":"Der Tiptoe Standard-Tischfuss 90 cm ist die ideale L\u00f6sung, um ein M\u00f6belst\u00fcck zu schaffen, das gleichzeitig robust, elegant und vollst\u00e4ndig individuell gestaltbar ist.","robots":{"index":"index","follow":"follow","max-snippet":"max-snippet:-1","max-image-preview":"max-image-preview:large","max-video-preview":"max-video-preview:-1"},"canonical":"https:\/\/ekkla.ch\/de\/produit\/tisch-und-schreibtischfuss-75-cm-eukalyptusgrau-tiptoe-copie\/","og_locale":"de_DE","og_type":"article","og_title":"Tisch- und Schreibtischfuss \u2013 90 cm \u2013 Eukalyptusgrau \u2013 TIPTOE","og_description":"Der Tiptoe Standard-Tischfuss 90 cm ist die ideale L\u00f6sung, um ein M\u00f6belst\u00fcck zu schaffen, das gleichzeitig robust, elegant und vollst\u00e4ndig individuell gestaltbar ist.","og_url":"https:\/\/ekkla.ch\/de\/produit\/tisch-und-schreibtischfuss-75-cm-eukalyptusgrau-tiptoe-copie\/","og_site_name":"Ekkla","article_modified_time":"2025-08-20T13:27:50+00:00","og_image":[{"width":1000,"height":1000,"url":"https:\/\/ekkla.ch\/wp-content\/uploads\/2025\/08\/TIPTOE_table_leg_75_eucalyptus-2.jpg","type":"image\/jpeg"}],"twitter_card":"summary_large_image","twitter_misc":{"Gesch\u00e4tzte Lesezeit":"2\u00a0Minuten"},"schema":{"@context":"https:\/\/schema.org","@graph":[{"@type":"WebPage","@id":"https:\/\/ekkla.ch\/de\/produit\/tisch-und-schreibtischfuss-75-cm-eukalyptusgrau-tiptoe-copie\/","url":"https:\/\/ekkla.ch\/de\/produit\/tisch-und-schreibtischfuss-75-cm-eukalyptusgrau-tiptoe-copie\/","name":"Tisch- und Schreibtischfuss | Eukalyptusgrau | TIPTOE | Ekkla","isPartOf":{"@id":"https:\/\/ekkla.ch\/#website"},"primaryImageOfPage":{"@id":"https:\/\/ekkla.ch\/de\/produit\/tisch-und-schreibtischfuss-75-cm-eukalyptusgrau-tiptoe-copie\/#primaryimage"},"image":{"@id":"https:\/\/ekkla.ch\/de\/produit\/tisch-und-schreibtischfuss-75-cm-eukalyptusgrau-tiptoe-copie\/#primaryimage"},"thumbnailUrl":"https:\/\/ekkla.ch\/wp-content\/uploads\/2025\/08\/TIPTOE_table_leg_75_eucalyptus-2.jpg","datePublished":"2025-08-12T11:55:27+00:00","dateModified":"2025-08-20T13:27:50+00:00","description":"Der Tiptoe Standard-Tischfuss 90 cm ist die ideale L\u00f6sung, um ein M\u00f6belst\u00fcck zu schaffen, das gleichzeitig robust, elegant und vollst\u00e4ndig individuell gestaltbar ist.","breadcrumb":{"@id":"https:\/\/ekkla.ch\/de\/produit\/tisch-und-schreibtischfuss-75-cm-eukalyptusgrau-tiptoe-copie\/#breadcrumb"},"inLanguage":"de","potentialAction":[{"@type":"ReadAction","target":["https:\/\/ekkla.ch\/de\/produit\/tisch-und-schreibtischfuss-75-cm-eukalyptusgrau-tiptoe-copie\/"]}]},{"@type":"ImageObject","inLanguage":"de","@id":"https:\/\/ekkla.ch\/de\/produit\/tisch-und-schreibtischfuss-75-cm-eukalyptusgrau-tiptoe-copie\/#primaryimage","url":"https:\/\/ekkla.ch\/wp-content\/uploads\/2025\/08\/TIPTOE_table_leg_75_eucalyptus-2.jpg","contentUrl":"https:\/\/ekkla.ch\/wp-content\/uploads\/2025\/08\/TIPTOE_table_leg_75_eucalyptus-2.jpg","width":1000,"height":1000},{"@type":"BreadcrumbList","@id":"https:\/\/ekkla.ch\/de\/produit\/tisch-und-schreibtischfuss-75-cm-eukalyptusgrau-tiptoe-copie\/#breadcrumb","itemListElement":[{"@type":"ListItem","position":1,"name":"Home","item":"https:\/\/ekkla.ch\/de\/"},{"@type":"ListItem","position":2,"name":"Shop","item":"https:\/\/ekkla.ch\/de\/shop\/"},{"@type":"ListItem","position":3,"name":"Tisch- und Schreibtischfuss \u2013 90 cm \u2013 Eukalyptusgrau \u2013 TIPTOE"}]},{"@type":"WebSite","@id":"https:\/\/ekkla.ch\/#website","url":"https:\/\/ekkla.ch\/","name":"Ekkla","description":"Der Onlineshop f\u00fcr Beleuchtung","publisher":{"@id":"https:\/\/ekkla.ch\/#organization"},"potentialAction":[{"@type":"SearchAction","target":{"@type":"EntryPoint","urlTemplate":"https:\/\/ekkla.ch\/?s={search_term_string}"},"query-input":"required name=search_term_string"}],"inLanguage":"de"},{"@type":"Organization","@id":"https:\/\/ekkla.ch\/#organization","name":"Ekkla","url":"https:\/\/ekkla.ch\/","logo":{"@type":"ImageObject","inLanguage":"de","@id":"https:\/\/ekkla.ch\/#\/schema\/logo\/image\/","url":"http:\/\/ekkla.ch\/wp-content\/uploads\/2019\/07\/logo-1.svg","contentUrl":"http:\/\/ekkla.ch\/wp-content\/uploads\/2019\/07\/logo-1.svg","width":1,"height":1,"caption":"Ekkla"},"image":{"@id":"https:\/\/ekkla.ch\/#\/schema\/logo\/image\/"},"sameAs":["https:\/\/www.instagram.com\/ekkla_light\/"]}]}},"_links":{"self":[{"href":"https:\/\/ekkla.ch\/de\/wp-json\/wp\/v2\/product\/208354"}],"collection":[{"href":"https:\/\/ekkla.ch\/de\/wp-json\/wp\/v2\/product"}],"about":[{"href":"https:\/\/ekkla.ch\/de\/wp-json\/wp\/v2\/types\/product"}],"wp:featuredmedia":[{"embeddable":true,"href":"https:\/\/ekkla.ch\/de\/wp-json\/wp\/v2\/media\/208365"}],"wp:attachment":[{"href":"https:\/\/ekkla.ch\/de\/wp-json\/wp\/v2\/media?parent=208354"}],"wp:term":[{"taxonomy":"product_cat","embeddable":true,"href":"https:\/\/ekkla.ch\/de\/wp-json\/wp\/v2\/product_cat?post=208354"},{"taxonomy":"product_tag","embeddable":true,"href":"https:\/\/ekkla.ch\/de\/wp-json\/wp\/v2\/product_tag?post=208354"}],"curies":[{"name":"wp","href":"https:\/\/api.w.org\/{rel}","templated":true}]}}