{"id":208414,"date":"2025-08-14T14:41:46","date_gmt":"2025-08-14T12:41:47","guid":{"rendered":"https:\/\/ekkla.ch\/?post_type=product&#038;p=208414"},"modified":"2025-08-19T11:41:04","modified_gmt":"2025-08-19T09:41:04","slug":"hocker-lou-eiche-eukalyptusgrau-tiptoe-copie","status":"publish","type":"product","link":"https:\/\/ekkla.ch\/de\/produit\/hocker-lou-eiche-eukalyptusgrau-tiptoe-copie\/","title":{"rendered":"Hocker LOU Eiche- Eukalyptusgrau &#8211; TIPTOE (Copie)"},"content":{"rendered":"<p>Der SSD-Stuhl von TIPTOE ist ein M\u00f6belst\u00fcck, das Eleganz, Praktikabilit\u00e4t und \u00f6kologisches Engagement vereint. Er ist vollst\u00e4ndig aus Holz gefertigt und besteht aus einer Sitzfl\u00e4che und einer R\u00fcckenlehne aus geformtem, eichenfurniertem Holz, kombiniert mit Beinen aus massiver Eiche. Diese Mischung edler Materialien verleiht dem Stuhl eine warme, nat\u00fcrliche Ausstrahlung und garantiert gleichzeitig h\u00f6chste Stabilit\u00e4t.<\/p>\n<p>F\u00fcr den t\u00e4glichen Gebrauch konzipiert, ist der Stuhl leicht, ergonomisch und bis zu vier St\u00fcck stapelbar, was Platz spart, wenn er nicht benutzt wird. Er besteht aus nur f\u00fcnf Elementen, was nicht nur die Montage in wenigen Minuten erleichtert, sondern auch das Zerlegen zur Reinigung oder zum Austausch eines Teils.<\/p>\n<p>Das Holz stammt ausschlie\u00dflich aus nachhaltig bewirtschafteten europ\u00e4ischen W\u00e4ldern und ist FSC- oder PEFC-zertifiziert \u2013 ein Beweis f\u00fcr das Engagement von TIPTOE f\u00fcr langlebige und umweltfreundliche M\u00f6bel. Flach verpackt geliefert, reduziert der SSD Full Wood Stuhl den CO\u2082-Fu\u00dfabdruck beim Transport, w\u00e4hrend seine robuste Konstruktion eine lange Lebensdauer garantiert.<\/p>\n<p>Mit einer Sitzh\u00f6he von 45 cm und seiner geringen Stellfl\u00e4che f\u00fcgt er sich problemlos in jede Umgebung ein, sei es ein Esszimmer, ein B\u00fcro oder ein Coworking-Space. Sein klares Design und die nat\u00fcrliche Eichenoberfl\u00e4che erm\u00f6glichen eine harmonische Integration in skandinavische, moderne oder industrielle Innenr\u00e4ume.<\/p>\n<p>Die Pflege ist unkompliziert: Ein weiches, leicht feuchtes Tuch gen\u00fcgt, um den Glanz des Holzes zu bewahren \u2013 ohne abrasive Reinigungsmittel. Wer sich f\u00fcr den SSD Full Wood Stuhl von TIPTOE entscheidet, setzt auf zeitloses Design, verantwortungsvolle Herstellung und t\u00e4glichen Komfort.<\/p>\n<h2>Beschreibung<\/h2>\n<p><strong>Marke<\/strong>\u00a0TIPTOE<\/p>\n<p><strong>Farbe<\/strong> Holz<\/p>\n<p><strong>Materialien <\/strong>Eiche<\/p>\n<p><strong>Sitzh\u00f6he (cm)<\/strong>: 45<\/p>\n<p><strong>Gesamth\u00f6he (cm)<\/strong>: 78<\/p>\n<p><strong>Sitzdurchmesser (cm)<\/strong>: 41<\/p>\n<p><strong>Gewicht (kg)<\/strong>: 4,6<\/p>\n","protected":false},"excerpt":{"rendered":"<p>Der SSD-Stuhl von TIPTOE ist ein M\u00f6belst\u00fcck, das Eleganz, Praktikabilit\u00e4t und \u00f6kologisches Engagement vereint. Er ist vollst\u00e4ndig aus Holz gefertigt und besteht aus einer Sitzfl\u00e4che und einer R\u00fcckenlehne aus geformtem, eichenfurniertem Holz, kombiniert mit Beinen aus massiver Eiche. Diese Mischung edler Materialien verleiht dem Stuhl eine warme, nat\u00fcrliche Ausstrahlung und garantiert gleichzeitig h\u00f6chste Stabilit\u00e4t. F\u00fcr [&hellip;]<\/p>\n","protected":false},"featured_media":208453,"template":"","meta":{"_acf_changed":false,"om_disable_all_campaigns":false},"product_cat":[964,968],"product_tag":[1254,1265,1235],"bundled_by":[],"bundle_stock_status":"onbackorder","bundle_stock_quantity":1,"bundle_virtual":false,"bundle_layout":"","bundle_add_to_cart_form_location":"","bundle_editable_in_cart":false,"bundle_sold_individually_context":"","bundle_item_grouping":"","bundle_min_size":"","bundle_max_size":"","bundle_price":[],"bundled_items":[],"bundle_sell_ids":[],"acf":[],"yoast_head":"<!-- This site is optimized with the Yoast SEO Premium plugin v22.2 (Yoast SEO v22.8) - https:\/\/yoast.com\/wordpress\/plugins\/seo\/ -->\n<title>Stuhl SSD | Eiche | TIPTOE | Ekkla<\/title>\n<meta name=\"description\" content=\"Der Stuhl SSD von TIPTOE ist ein M\u00f6belst\u00fcck, das Eleganz, Funktionalit\u00e4t und \u00f6kologisches Engagement vereint. Er ist vollst\u00e4ndig aus Holz gefertigt.\" \/>\n<meta name=\"robots\" content=\"index, follow, max-snippet:-1, max-image-preview:large, max-video-preview:-1\" \/>\n<link rel=\"canonical\" href=\"https:\/\/ekkla.ch\/de\/produit\/hocker-lou-eiche-eukalyptusgrau-tiptoe-copie\/\" \/>\n<meta property=\"og:locale\" content=\"de_DE\" \/>\n<meta property=\"og:type\" content=\"article\" \/>\n<meta property=\"og:title\" content=\"Hocker LOU Eiche- Eukalyptusgrau - TIPTOE (Copie)\" \/>\n<meta property=\"og:description\" content=\"Der Stuhl SSD von TIPTOE ist ein M\u00f6belst\u00fcck, das Eleganz, Funktionalit\u00e4t und \u00f6kologisches Engagement vereint. Er ist vollst\u00e4ndig aus Holz gefertigt.\" \/>\n<meta property=\"og:url\" content=\"https:\/\/ekkla.ch\/de\/produit\/hocker-lou-eiche-eukalyptusgrau-tiptoe-copie\/\" \/>\n<meta property=\"og:site_name\" content=\"Ekkla\" \/>\n<meta property=\"article:modified_time\" content=\"2025-08-19T09:41:04+00:00\" \/>\n<meta property=\"og:image\" content=\"https:\/\/ekkla.ch\/wp-content\/uploads\/2025\/08\/254.jpg\" \/>\n\t<meta property=\"og:image:width\" content=\"1000\" \/>\n\t<meta property=\"og:image:height\" content=\"1000\" \/>\n\t<meta property=\"og:image:type\" content=\"image\/jpeg\" \/>\n<meta name=\"twitter:card\" content=\"summary_large_image\" \/>\n<meta name=\"twitter:label1\" content=\"Gesch\u00e4tzte Lesezeit\" \/>\n\t<meta name=\"twitter:data1\" content=\"2\u00a0Minuten\" \/>\n<script type=\"application\/ld+json\" class=\"yoast-schema-graph\">{\"@context\":\"https:\/\/schema.org\",\"@graph\":[{\"@type\":\"WebPage\",\"@id\":\"https:\/\/ekkla.ch\/de\/produit\/hocker-lou-eiche-eukalyptusgrau-tiptoe-copie\/\",\"url\":\"https:\/\/ekkla.ch\/de\/produit\/hocker-lou-eiche-eukalyptusgrau-tiptoe-copie\/\",\"name\":\"Stuhl SSD | Eiche | TIPTOE | Ekkla\",\"isPartOf\":{\"@id\":\"https:\/\/ekkla.ch\/#website\"},\"primaryImageOfPage\":{\"@id\":\"https:\/\/ekkla.ch\/de\/produit\/hocker-lou-eiche-eukalyptusgrau-tiptoe-copie\/#primaryimage\"},\"image\":{\"@id\":\"https:\/\/ekkla.ch\/de\/produit\/hocker-lou-eiche-eukalyptusgrau-tiptoe-copie\/#primaryimage\"},\"thumbnailUrl\":\"https:\/\/ekkla.ch\/wp-content\/uploads\/2025\/08\/254.jpg\",\"datePublished\":\"2025-08-14T12:41:47+00:00\",\"dateModified\":\"2025-08-19T09:41:04+00:00\",\"description\":\"Der Stuhl SSD von TIPTOE ist ein M\u00f6belst\u00fcck, das Eleganz, Funktionalit\u00e4t und \u00f6kologisches Engagement vereint. Er ist vollst\u00e4ndig aus Holz gefertigt.\",\"breadcrumb\":{\"@id\":\"https:\/\/ekkla.ch\/de\/produit\/hocker-lou-eiche-eukalyptusgrau-tiptoe-copie\/#breadcrumb\"},\"inLanguage\":\"de\",\"potentialAction\":[{\"@type\":\"ReadAction\",\"target\":[\"https:\/\/ekkla.ch\/de\/produit\/hocker-lou-eiche-eukalyptusgrau-tiptoe-copie\/\"]}]},{\"@type\":\"ImageObject\",\"inLanguage\":\"de\",\"@id\":\"https:\/\/ekkla.ch\/de\/produit\/hocker-lou-eiche-eukalyptusgrau-tiptoe-copie\/#primaryimage\",\"url\":\"https:\/\/ekkla.ch\/wp-content\/uploads\/2025\/08\/254.jpg\",\"contentUrl\":\"https:\/\/ekkla.ch\/wp-content\/uploads\/2025\/08\/254.jpg\",\"width\":1000,\"height\":1000},{\"@type\":\"BreadcrumbList\",\"@id\":\"https:\/\/ekkla.ch\/de\/produit\/hocker-lou-eiche-eukalyptusgrau-tiptoe-copie\/#breadcrumb\",\"itemListElement\":[{\"@type\":\"ListItem\",\"position\":1,\"name\":\"Home\",\"item\":\"https:\/\/ekkla.ch\/de\/\"},{\"@type\":\"ListItem\",\"position\":2,\"name\":\"Shop\",\"item\":\"https:\/\/ekkla.ch\/de\/shop\/\"},{\"@type\":\"ListItem\",\"position\":3,\"name\":\"Hocker LOU Eiche- Eukalyptusgrau &#8211; TIPTOE (Copie)\"}]},{\"@type\":\"WebSite\",\"@id\":\"https:\/\/ekkla.ch\/#website\",\"url\":\"https:\/\/ekkla.ch\/\",\"name\":\"Ekkla\",\"description\":\"Der Onlineshop f\u00fcr Beleuchtung\",\"publisher\":{\"@id\":\"https:\/\/ekkla.ch\/#organization\"},\"potentialAction\":[{\"@type\":\"SearchAction\",\"target\":{\"@type\":\"EntryPoint\",\"urlTemplate\":\"https:\/\/ekkla.ch\/?s={search_term_string}\"},\"query-input\":\"required name=search_term_string\"}],\"inLanguage\":\"de\"},{\"@type\":\"Organization\",\"@id\":\"https:\/\/ekkla.ch\/#organization\",\"name\":\"Ekkla\",\"url\":\"https:\/\/ekkla.ch\/\",\"logo\":{\"@type\":\"ImageObject\",\"inLanguage\":\"de\",\"@id\":\"https:\/\/ekkla.ch\/#\/schema\/logo\/image\/\",\"url\":\"http:\/\/ekkla.ch\/wp-content\/uploads\/2019\/07\/logo-1.svg\",\"contentUrl\":\"http:\/\/ekkla.ch\/wp-content\/uploads\/2019\/07\/logo-1.svg\",\"width\":1,\"height\":1,\"caption\":\"Ekkla\"},\"image\":{\"@id\":\"https:\/\/ekkla.ch\/#\/schema\/logo\/image\/\"},\"sameAs\":[\"https:\/\/www.instagram.com\/ekkla_light\/\"]}]}<\/script>\n<!-- \/ Yoast SEO Premium plugin. -->","yoast_head_json":{"title":"Stuhl SSD | Eiche | TIPTOE | Ekkla","description":"Der Stuhl SSD von TIPTOE ist ein M\u00f6belst\u00fcck, das Eleganz, Funktionalit\u00e4t und \u00f6kologisches Engagement vereint. Er ist vollst\u00e4ndig aus Holz gefertigt.","robots":{"index":"index","follow":"follow","max-snippet":"max-snippet:-1","max-image-preview":"max-image-preview:large","max-video-preview":"max-video-preview:-1"},"canonical":"https:\/\/ekkla.ch\/de\/produit\/hocker-lou-eiche-eukalyptusgrau-tiptoe-copie\/","og_locale":"de_DE","og_type":"article","og_title":"Hocker LOU Eiche- Eukalyptusgrau - TIPTOE (Copie)","og_description":"Der Stuhl SSD von TIPTOE ist ein M\u00f6belst\u00fcck, das Eleganz, Funktionalit\u00e4t und \u00f6kologisches Engagement vereint. Er ist vollst\u00e4ndig aus Holz gefertigt.","og_url":"https:\/\/ekkla.ch\/de\/produit\/hocker-lou-eiche-eukalyptusgrau-tiptoe-copie\/","og_site_name":"Ekkla","article_modified_time":"2025-08-19T09:41:04+00:00","og_image":[{"width":1000,"height":1000,"url":"https:\/\/ekkla.ch\/wp-content\/uploads\/2025\/08\/254.jpg","type":"image\/jpeg"}],"twitter_card":"summary_large_image","twitter_misc":{"Gesch\u00e4tzte Lesezeit":"2\u00a0Minuten"},"schema":{"@context":"https:\/\/schema.org","@graph":[{"@type":"WebPage","@id":"https:\/\/ekkla.ch\/de\/produit\/hocker-lou-eiche-eukalyptusgrau-tiptoe-copie\/","url":"https:\/\/ekkla.ch\/de\/produit\/hocker-lou-eiche-eukalyptusgrau-tiptoe-copie\/","name":"Stuhl SSD | Eiche | TIPTOE | Ekkla","isPartOf":{"@id":"https:\/\/ekkla.ch\/#website"},"primaryImageOfPage":{"@id":"https:\/\/ekkla.ch\/de\/produit\/hocker-lou-eiche-eukalyptusgrau-tiptoe-copie\/#primaryimage"},"image":{"@id":"https:\/\/ekkla.ch\/de\/produit\/hocker-lou-eiche-eukalyptusgrau-tiptoe-copie\/#primaryimage"},"thumbnailUrl":"https:\/\/ekkla.ch\/wp-content\/uploads\/2025\/08\/254.jpg","datePublished":"2025-08-14T12:41:47+00:00","dateModified":"2025-08-19T09:41:04+00:00","description":"Der Stuhl SSD von TIPTOE ist ein M\u00f6belst\u00fcck, das Eleganz, Funktionalit\u00e4t und \u00f6kologisches Engagement vereint. Er ist vollst\u00e4ndig aus Holz gefertigt.","breadcrumb":{"@id":"https:\/\/ekkla.ch\/de\/produit\/hocker-lou-eiche-eukalyptusgrau-tiptoe-copie\/#breadcrumb"},"inLanguage":"de","potentialAction":[{"@type":"ReadAction","target":["https:\/\/ekkla.ch\/de\/produit\/hocker-lou-eiche-eukalyptusgrau-tiptoe-copie\/"]}]},{"@type":"ImageObject","inLanguage":"de","@id":"https:\/\/ekkla.ch\/de\/produit\/hocker-lou-eiche-eukalyptusgrau-tiptoe-copie\/#primaryimage","url":"https:\/\/ekkla.ch\/wp-content\/uploads\/2025\/08\/254.jpg","contentUrl":"https:\/\/ekkla.ch\/wp-content\/uploads\/2025\/08\/254.jpg","width":1000,"height":1000},{"@type":"BreadcrumbList","@id":"https:\/\/ekkla.ch\/de\/produit\/hocker-lou-eiche-eukalyptusgrau-tiptoe-copie\/#breadcrumb","itemListElement":[{"@type":"ListItem","position":1,"name":"Home","item":"https:\/\/ekkla.ch\/de\/"},{"@type":"ListItem","position":2,"name":"Shop","item":"https:\/\/ekkla.ch\/de\/shop\/"},{"@type":"ListItem","position":3,"name":"Hocker LOU Eiche- Eukalyptusgrau &#8211; TIPTOE (Copie)"}]},{"@type":"WebSite","@id":"https:\/\/ekkla.ch\/#website","url":"https:\/\/ekkla.ch\/","name":"Ekkla","description":"Der Onlineshop f\u00fcr Beleuchtung","publisher":{"@id":"https:\/\/ekkla.ch\/#organization"},"potentialAction":[{"@type":"SearchAction","target":{"@type":"EntryPoint","urlTemplate":"https:\/\/ekkla.ch\/?s={search_term_string}"},"query-input":"required name=search_term_string"}],"inLanguage":"de"},{"@type":"Organization","@id":"https:\/\/ekkla.ch\/#organization","name":"Ekkla","url":"https:\/\/ekkla.ch\/","logo":{"@type":"ImageObject","inLanguage":"de","@id":"https:\/\/ekkla.ch\/#\/schema\/logo\/image\/","url":"http:\/\/ekkla.ch\/wp-content\/uploads\/2019\/07\/logo-1.svg","contentUrl":"http:\/\/ekkla.ch\/wp-content\/uploads\/2019\/07\/logo-1.svg","width":1,"height":1,"caption":"Ekkla"},"image":{"@id":"https:\/\/ekkla.ch\/#\/schema\/logo\/image\/"},"sameAs":["https:\/\/www.instagram.com\/ekkla_light\/"]}]}},"_links":{"self":[{"href":"https:\/\/ekkla.ch\/de\/wp-json\/wp\/v2\/product\/208414"}],"collection":[{"href":"https:\/\/ekkla.ch\/de\/wp-json\/wp\/v2\/product"}],"about":[{"href":"https:\/\/ekkla.ch\/de\/wp-json\/wp\/v2\/types\/product"}],"wp:featuredmedia":[{"embeddable":true,"href":"https:\/\/ekkla.ch\/de\/wp-json\/wp\/v2\/media\/208453"}],"wp:attachment":[{"href":"https:\/\/ekkla.ch\/de\/wp-json\/wp\/v2\/media?parent=208414"}],"wp:term":[{"taxonomy":"product_cat","embeddable":true,"href":"https:\/\/ekkla.ch\/de\/wp-json\/wp\/v2\/product_cat?post=208414"},{"taxonomy":"product_tag","embeddable":true,"href":"https:\/\/ekkla.ch\/de\/wp-json\/wp\/v2\/product_tag?post=208414"}],"curies":[{"name":"wp","href":"https:\/\/api.w.org\/{rel}","templated":true}]}}