{"id":208788,"date":"2025-08-21T13:09:49","date_gmt":"2025-08-21T11:09:50","guid":{"rendered":"https:\/\/ekkla.ch\/?post_type=product&#038;p=208788"},"modified":"2025-08-21T13:18:50","modified_gmt":"2025-08-21T11:18:50","slug":"tischbein-fur-couchtisch-43-cm-briochegelb-tiptoe-copie-copie","status":"publish","type":"product","link":"https:\/\/ekkla.ch\/de\/produit\/tischbein-fur-couchtisch-43-cm-briochegelb-tiptoe-copie-copie\/","title":{"rendered":"Regal PLI \u2013 Graphitschwarz \u2013 45 cm \u2013 TIPTOE"},"content":{"rendered":"<p>Die PLI Wandablage von TIPTOE ist ein M\u00f6belst\u00fcck mit klarem und funktionalem Design, das sich harmonisch in jedes Interieur einf\u00fcgt. Gefertigt aus pulverbeschichtetem Stahl und in verschiedenen Farben erh\u00e4ltlich, \u00fcberzeugt sie durch ihre minimalistische und moderne Ausstrahlung. Ihre leichte, aber robuste Form macht sie zur idealen L\u00f6sung, um B\u00fccher, Deko-Objekte oder Alltagsgegenst\u00e4nde stilvoll zu pr\u00e4sentieren und zu ordnen.<\/p>\n<p>Dank ihrer schlichten Linien und des cleveren Befestigungssystems l\u00e4sst sich die PLI Ablage m\u00fchelos im Flur, Wohnzimmer, Schlafzimmer oder sogar in der K\u00fcche anbringen. Ihr zeitloses Design passt sowohl zu skandinavischen Einrichtungen als auch zu industriellen oder modernen Wohnstilen.<\/p>\n<p>Wie alle TIPTOE Produkte wird auch die PLI Ablage vollst\u00e4ndig in Europa aus langlebigen und verantwortungsvoll ausgew\u00e4hlten Materialien hergestellt. Sie ist widerstandsf\u00e4hig und praktisch, wurde f\u00fcr eine lange Lebensdauer konzipiert und begleitet Sie \u00fcber viele Jahre hinweg, w\u00e4hrend sie Ihrem Zuhause Stil und Pers\u00f6nlichkeit verleiht. Diese Ablage ist in drei Gr\u00f6ssen erh\u00e4ltlich: 30, 45 und 60 cm.<\/p>\n<p>Mit der Wahl einer PLI Wandablage von TIPTOE entscheiden Sie sich f\u00fcr ein M\u00f6belst\u00fcck, das designorientiert, robust und nachhaltig ist und Ihre R\u00e4ume aufwertet, ohne sie zu \u00fcberladen.<\/p>\n<h2>Beschreibung<\/h2>\n<p><strong>Marke<\/strong>\u00a0TIPTOE<\/p>\n<p><strong>Farbe<\/strong> Graphitschwarz<\/p>\n<p><strong>Materialien<\/strong> Hochfester pulverbeschichteter Stahl<\/p>\n<p><strong>L\u00e4nge (cm)<\/strong> 45<\/p>\n<p data-start=\"1588\" data-end=\"1609\"><strong data-start=\"1588\" data-end=\"1603\">Breite (cm)<\/strong>: 15<\/p>\n<p data-start=\"1612\" data-end=\"1632\"><strong data-start=\"1612\" data-end=\"1627\">St\u00e4rke (cm)<\/strong>: 2<\/p>\n<p><strong>Gewicht (kg)<\/strong> 2,4<\/p>\n","protected":false},"excerpt":{"rendered":"<p>Die PLI Wandablage von TIPTOE ist ein M\u00f6belst\u00fcck mit klarem und funktionalem Design, das sich harmonisch in jedes Interieur einf\u00fcgt. Gefertigt aus pulverbeschichtetem Stahl und in verschiedenen Farben erh\u00e4ltlich, \u00fcberzeugt sie durch ihre minimalistische und moderne Ausstrahlung. Ihre leichte, aber robuste Form macht sie zur idealen L\u00f6sung, um B\u00fccher, Deko-Objekte oder Alltagsgegenst\u00e4nde stilvoll zu pr\u00e4sentieren [&hellip;]<\/p>\n","protected":false},"featured_media":208718,"template":"","meta":{"_acf_changed":false,"om_disable_all_campaigns":false},"product_cat":[964,974],"product_tag":[1254,1265,1235],"bundled_by":[],"bundle_stock_status":"onbackorder","bundle_stock_quantity":null,"bundle_virtual":false,"bundle_layout":"","bundle_add_to_cart_form_location":"","bundle_editable_in_cart":false,"bundle_sold_individually_context":"","bundle_item_grouping":"","bundle_min_size":"","bundle_max_size":"","bundle_price":[],"bundled_items":[],"bundle_sell_ids":[],"acf":[],"yoast_head":"<!-- This site is optimized with the Yoast SEO Premium plugin v22.2 (Yoast SEO v22.8) - https:\/\/yoast.com\/wordpress\/plugins\/seo\/ -->\n<title>Regal PLI | Graphitschwarz | TIPTOE | Ekkla<\/title>\n<meta name=\"description\" content=\"Das Regal PLI von TIPTOE ist ein M\u00f6belst\u00fcck mit schlichtem und funktionalem Design, das sich in jedes Interieur einf\u00fcgt.\" \/>\n<meta name=\"robots\" content=\"index, follow, max-snippet:-1, max-image-preview:large, max-video-preview:-1\" \/>\n<link rel=\"canonical\" href=\"https:\/\/ekkla.ch\/de\/produit\/tischbein-fur-couchtisch-43-cm-briochegelb-tiptoe-copie-copie\/\" \/>\n<meta property=\"og:locale\" content=\"de_DE\" \/>\n<meta property=\"og:type\" content=\"article\" \/>\n<meta property=\"og:title\" content=\"Regal PLI \u2013 Graphitschwarz \u2013 45 cm \u2013 TIPTOE\" \/>\n<meta property=\"og:description\" content=\"Das Regal PLI von TIPTOE ist ein M\u00f6belst\u00fcck mit schlichtem und funktionalem Design, das sich in jedes Interieur einf\u00fcgt.\" \/>\n<meta property=\"og:url\" content=\"https:\/\/ekkla.ch\/de\/produit\/tischbein-fur-couchtisch-43-cm-briochegelb-tiptoe-copie-copie\/\" \/>\n<meta property=\"og:site_name\" content=\"Ekkla\" \/>\n<meta property=\"article:modified_time\" content=\"2025-08-21T11:18:50+00:00\" \/>\n<meta property=\"og:image\" content=\"https:\/\/ekkla.ch\/wp-content\/uploads\/2025\/08\/etagere_pli_tiptoe_ekkla-noir-graphite-45.jpg\" \/>\n\t<meta property=\"og:image:width\" content=\"1000\" \/>\n\t<meta property=\"og:image:height\" content=\"1000\" \/>\n\t<meta property=\"og:image:type\" content=\"image\/jpeg\" \/>\n<meta name=\"twitter:card\" content=\"summary_large_image\" \/>\n<meta name=\"twitter:label1\" content=\"Gesch\u00e4tzte Lesezeit\" \/>\n\t<meta name=\"twitter:data1\" content=\"2\u00a0Minuten\" \/>\n<script type=\"application\/ld+json\" class=\"yoast-schema-graph\">{\"@context\":\"https:\/\/schema.org\",\"@graph\":[{\"@type\":\"WebPage\",\"@id\":\"https:\/\/ekkla.ch\/de\/produit\/tischbein-fur-couchtisch-43-cm-briochegelb-tiptoe-copie-copie\/\",\"url\":\"https:\/\/ekkla.ch\/de\/produit\/tischbein-fur-couchtisch-43-cm-briochegelb-tiptoe-copie-copie\/\",\"name\":\"Regal PLI | Graphitschwarz | TIPTOE | Ekkla\",\"isPartOf\":{\"@id\":\"https:\/\/ekkla.ch\/#website\"},\"primaryImageOfPage\":{\"@id\":\"https:\/\/ekkla.ch\/de\/produit\/tischbein-fur-couchtisch-43-cm-briochegelb-tiptoe-copie-copie\/#primaryimage\"},\"image\":{\"@id\":\"https:\/\/ekkla.ch\/de\/produit\/tischbein-fur-couchtisch-43-cm-briochegelb-tiptoe-copie-copie\/#primaryimage\"},\"thumbnailUrl\":\"https:\/\/ekkla.ch\/wp-content\/uploads\/2025\/08\/etagere_pli_tiptoe_ekkla-noir-graphite-45.jpg\",\"datePublished\":\"2025-08-21T11:09:50+00:00\",\"dateModified\":\"2025-08-21T11:18:50+00:00\",\"description\":\"Das Regal PLI von TIPTOE ist ein M\u00f6belst\u00fcck mit schlichtem und funktionalem Design, das sich in jedes Interieur einf\u00fcgt.\",\"breadcrumb\":{\"@id\":\"https:\/\/ekkla.ch\/de\/produit\/tischbein-fur-couchtisch-43-cm-briochegelb-tiptoe-copie-copie\/#breadcrumb\"},\"inLanguage\":\"de\",\"potentialAction\":[{\"@type\":\"ReadAction\",\"target\":[\"https:\/\/ekkla.ch\/de\/produit\/tischbein-fur-couchtisch-43-cm-briochegelb-tiptoe-copie-copie\/\"]}]},{\"@type\":\"ImageObject\",\"inLanguage\":\"de\",\"@id\":\"https:\/\/ekkla.ch\/de\/produit\/tischbein-fur-couchtisch-43-cm-briochegelb-tiptoe-copie-copie\/#primaryimage\",\"url\":\"https:\/\/ekkla.ch\/wp-content\/uploads\/2025\/08\/etagere_pli_tiptoe_ekkla-noir-graphite-45.jpg\",\"contentUrl\":\"https:\/\/ekkla.ch\/wp-content\/uploads\/2025\/08\/etagere_pli_tiptoe_ekkla-noir-graphite-45.jpg\",\"width\":1000,\"height\":1000},{\"@type\":\"BreadcrumbList\",\"@id\":\"https:\/\/ekkla.ch\/de\/produit\/tischbein-fur-couchtisch-43-cm-briochegelb-tiptoe-copie-copie\/#breadcrumb\",\"itemListElement\":[{\"@type\":\"ListItem\",\"position\":1,\"name\":\"Home\",\"item\":\"https:\/\/ekkla.ch\/de\/\"},{\"@type\":\"ListItem\",\"position\":2,\"name\":\"Shop\",\"item\":\"https:\/\/ekkla.ch\/de\/shop\/\"},{\"@type\":\"ListItem\",\"position\":3,\"name\":\"Regal PLI \u2013 Graphitschwarz \u2013 45 cm \u2013 TIPTOE\"}]},{\"@type\":\"WebSite\",\"@id\":\"https:\/\/ekkla.ch\/#website\",\"url\":\"https:\/\/ekkla.ch\/\",\"name\":\"Ekkla\",\"description\":\"Der Onlineshop f\u00fcr Beleuchtung\",\"publisher\":{\"@id\":\"https:\/\/ekkla.ch\/#organization\"},\"potentialAction\":[{\"@type\":\"SearchAction\",\"target\":{\"@type\":\"EntryPoint\",\"urlTemplate\":\"https:\/\/ekkla.ch\/?s={search_term_string}\"},\"query-input\":\"required name=search_term_string\"}],\"inLanguage\":\"de\"},{\"@type\":\"Organization\",\"@id\":\"https:\/\/ekkla.ch\/#organization\",\"name\":\"Ekkla\",\"url\":\"https:\/\/ekkla.ch\/\",\"logo\":{\"@type\":\"ImageObject\",\"inLanguage\":\"de\",\"@id\":\"https:\/\/ekkla.ch\/#\/schema\/logo\/image\/\",\"url\":\"http:\/\/ekkla.ch\/wp-content\/uploads\/2019\/07\/logo-1.svg\",\"contentUrl\":\"http:\/\/ekkla.ch\/wp-content\/uploads\/2019\/07\/logo-1.svg\",\"width\":1,\"height\":1,\"caption\":\"Ekkla\"},\"image\":{\"@id\":\"https:\/\/ekkla.ch\/#\/schema\/logo\/image\/\"},\"sameAs\":[\"https:\/\/www.instagram.com\/ekkla_light\/\"]}]}<\/script>\n<!-- \/ Yoast SEO Premium plugin. -->","yoast_head_json":{"title":"Regal PLI | Graphitschwarz | TIPTOE | Ekkla","description":"Das Regal PLI von TIPTOE ist ein M\u00f6belst\u00fcck mit schlichtem und funktionalem Design, das sich in jedes Interieur einf\u00fcgt.","robots":{"index":"index","follow":"follow","max-snippet":"max-snippet:-1","max-image-preview":"max-image-preview:large","max-video-preview":"max-video-preview:-1"},"canonical":"https:\/\/ekkla.ch\/de\/produit\/tischbein-fur-couchtisch-43-cm-briochegelb-tiptoe-copie-copie\/","og_locale":"de_DE","og_type":"article","og_title":"Regal PLI \u2013 Graphitschwarz \u2013 45 cm \u2013 TIPTOE","og_description":"Das Regal PLI von TIPTOE ist ein M\u00f6belst\u00fcck mit schlichtem und funktionalem Design, das sich in jedes Interieur einf\u00fcgt.","og_url":"https:\/\/ekkla.ch\/de\/produit\/tischbein-fur-couchtisch-43-cm-briochegelb-tiptoe-copie-copie\/","og_site_name":"Ekkla","article_modified_time":"2025-08-21T11:18:50+00:00","og_image":[{"width":1000,"height":1000,"url":"https:\/\/ekkla.ch\/wp-content\/uploads\/2025\/08\/etagere_pli_tiptoe_ekkla-noir-graphite-45.jpg","type":"image\/jpeg"}],"twitter_card":"summary_large_image","twitter_misc":{"Gesch\u00e4tzte Lesezeit":"2\u00a0Minuten"},"schema":{"@context":"https:\/\/schema.org","@graph":[{"@type":"WebPage","@id":"https:\/\/ekkla.ch\/de\/produit\/tischbein-fur-couchtisch-43-cm-briochegelb-tiptoe-copie-copie\/","url":"https:\/\/ekkla.ch\/de\/produit\/tischbein-fur-couchtisch-43-cm-briochegelb-tiptoe-copie-copie\/","name":"Regal PLI | Graphitschwarz | TIPTOE | Ekkla","isPartOf":{"@id":"https:\/\/ekkla.ch\/#website"},"primaryImageOfPage":{"@id":"https:\/\/ekkla.ch\/de\/produit\/tischbein-fur-couchtisch-43-cm-briochegelb-tiptoe-copie-copie\/#primaryimage"},"image":{"@id":"https:\/\/ekkla.ch\/de\/produit\/tischbein-fur-couchtisch-43-cm-briochegelb-tiptoe-copie-copie\/#primaryimage"},"thumbnailUrl":"https:\/\/ekkla.ch\/wp-content\/uploads\/2025\/08\/etagere_pli_tiptoe_ekkla-noir-graphite-45.jpg","datePublished":"2025-08-21T11:09:50+00:00","dateModified":"2025-08-21T11:18:50+00:00","description":"Das Regal PLI von TIPTOE ist ein M\u00f6belst\u00fcck mit schlichtem und funktionalem Design, das sich in jedes Interieur einf\u00fcgt.","breadcrumb":{"@id":"https:\/\/ekkla.ch\/de\/produit\/tischbein-fur-couchtisch-43-cm-briochegelb-tiptoe-copie-copie\/#breadcrumb"},"inLanguage":"de","potentialAction":[{"@type":"ReadAction","target":["https:\/\/ekkla.ch\/de\/produit\/tischbein-fur-couchtisch-43-cm-briochegelb-tiptoe-copie-copie\/"]}]},{"@type":"ImageObject","inLanguage":"de","@id":"https:\/\/ekkla.ch\/de\/produit\/tischbein-fur-couchtisch-43-cm-briochegelb-tiptoe-copie-copie\/#primaryimage","url":"https:\/\/ekkla.ch\/wp-content\/uploads\/2025\/08\/etagere_pli_tiptoe_ekkla-noir-graphite-45.jpg","contentUrl":"https:\/\/ekkla.ch\/wp-content\/uploads\/2025\/08\/etagere_pli_tiptoe_ekkla-noir-graphite-45.jpg","width":1000,"height":1000},{"@type":"BreadcrumbList","@id":"https:\/\/ekkla.ch\/de\/produit\/tischbein-fur-couchtisch-43-cm-briochegelb-tiptoe-copie-copie\/#breadcrumb","itemListElement":[{"@type":"ListItem","position":1,"name":"Home","item":"https:\/\/ekkla.ch\/de\/"},{"@type":"ListItem","position":2,"name":"Shop","item":"https:\/\/ekkla.ch\/de\/shop\/"},{"@type":"ListItem","position":3,"name":"Regal PLI \u2013 Graphitschwarz \u2013 45 cm \u2013 TIPTOE"}]},{"@type":"WebSite","@id":"https:\/\/ekkla.ch\/#website","url":"https:\/\/ekkla.ch\/","name":"Ekkla","description":"Der Onlineshop f\u00fcr Beleuchtung","publisher":{"@id":"https:\/\/ekkla.ch\/#organization"},"potentialAction":[{"@type":"SearchAction","target":{"@type":"EntryPoint","urlTemplate":"https:\/\/ekkla.ch\/?s={search_term_string}"},"query-input":"required name=search_term_string"}],"inLanguage":"de"},{"@type":"Organization","@id":"https:\/\/ekkla.ch\/#organization","name":"Ekkla","url":"https:\/\/ekkla.ch\/","logo":{"@type":"ImageObject","inLanguage":"de","@id":"https:\/\/ekkla.ch\/#\/schema\/logo\/image\/","url":"http:\/\/ekkla.ch\/wp-content\/uploads\/2019\/07\/logo-1.svg","contentUrl":"http:\/\/ekkla.ch\/wp-content\/uploads\/2019\/07\/logo-1.svg","width":1,"height":1,"caption":"Ekkla"},"image":{"@id":"https:\/\/ekkla.ch\/#\/schema\/logo\/image\/"},"sameAs":["https:\/\/www.instagram.com\/ekkla_light\/"]}]}},"_links":{"self":[{"href":"https:\/\/ekkla.ch\/de\/wp-json\/wp\/v2\/product\/208788"}],"collection":[{"href":"https:\/\/ekkla.ch\/de\/wp-json\/wp\/v2\/product"}],"about":[{"href":"https:\/\/ekkla.ch\/de\/wp-json\/wp\/v2\/types\/product"}],"wp:featuredmedia":[{"embeddable":true,"href":"https:\/\/ekkla.ch\/de\/wp-json\/wp\/v2\/media\/208718"}],"wp:attachment":[{"href":"https:\/\/ekkla.ch\/de\/wp-json\/wp\/v2\/media?parent=208788"}],"wp:term":[{"taxonomy":"product_cat","embeddable":true,"href":"https:\/\/ekkla.ch\/de\/wp-json\/wp\/v2\/product_cat?post=208788"},{"taxonomy":"product_tag","embeddable":true,"href":"https:\/\/ekkla.ch\/de\/wp-json\/wp\/v2\/product_tag?post=208788"}],"curies":[{"name":"wp","href":"https:\/\/api.w.org\/{rel}","templated":true}]}}