{"id":208946,"date":"2025-09-01T11:59:59","date_gmt":"2025-09-01T10:00:00","guid":{"rendered":"https:\/\/ekkla.ch\/?post_type=product&#038;p=208946"},"modified":"2025-09-01T16:21:25","modified_gmt":"2025-09-01T14:21:25","slug":"sofa-sumo-medium-recycelter-samt-almond-fatboy-copie","status":"publish","type":"product","link":"https:\/\/ekkla.ch\/de\/produit\/sofa-sumo-medium-recycelter-samt-almond-fatboy-copie\/","title":{"rendered":"Gartentisch \u2013 Dumpty &#8211; Honey &#8211; Fatboy"},"content":{"rendered":"<div class=\"experience-component-flowbox\">\n<div class=\"custom-layout-2-col\">\n<div class=\"custom-container wg7-text-image-small inverted\">\n<div class=\"second-col\">\n<div class=\"experience-region experience-column2\">\n<div data-ratio-number=\"3-2\" data-ratio-number-small=\"3-2\" data-columns-number=\"2\" data-columns-number-small=\"1\">\n<div id=\"cc3ff7cc685f8dcb41efd29bfe0d\" class=\"content-and-cta\">\n<div class=\"undefined\">\n<div class=\"content-and-cta-content \">\n<div class=\"description undefined\">\n<div class=\"w-100\">\n<div class=\"experience-region experience-main\">\n<div class=\"experience-component experience-dynamic-productDetail\">\n<div class=\"product-detail product-wrapper\" data-pid=\"106711\">\n<div class=\"pdp-grid\">\n<div class=\"description-and-detail\">\n<div id=\"accordionPDP\" class=\"accordion\">\n<div class=\"accordion-item\">\n<div id=\"collapse_ProductInformationAttributes\" class=\"accordion-collapse collapse show\" aria-labelledby=\"heading_ProductInformationAttributes\">\n<div class=\"attribute-group _ProductInformationAttributes\">\n<div class=\"attribute-values _longDescription\">\n<div class=\"label label-values\">\n<div class=\"label label-value\">\n<div id=\"maincontent\" role=\"main\">\n<div class=\"product-detail product-wrapper\" data-pid=\"106222\">\n<div class=\"pdp-grid\">\n<div class=\"description-and-detail\">\n<div id=\"accordionPDP\" class=\"accordion\">\n<div class=\"accordion-item\">\n<div id=\"collapse_ProductInformationAttributes\" class=\"accordion-collapse collapse show\" aria-labelledby=\"heading_ProductInformationAttributes\">\n<div class=\"attribute-group _ProductInformationAttributes\">\n<div class=\"attribute-values _longDescription\">\n<div class=\"label label-values\">\n<div class=\"label label-value\">\n<div class=\"flex max-w-full flex-col flex-grow\">\n<div class=\"min-h-8 text-message flex w-full flex-col items-end gap-2 whitespace-normal break-words [.text-message+&amp;]:mt-5\" dir=\"auto\" data-message-author-role=\"assistant\" data-message-id=\"5c0c881f-4ffc-44b2-b1e6-220d0b114b0f\">\n<div class=\"flex w-full flex-col gap-1 empty:hidden first:pt-[3px]\">\n<div class=\"markdown prose w-full break-words dark:prose-invert light\">\n<div class=\"attribute-values _longDescription\">\n<div class=\"label label-values\">\n<div class=\"label label-value\">\n<div class=\"flex max-w-full flex-col flex-grow\">\n<div class=\"min-h-8 text-message flex w-full flex-col items-end gap-2 whitespace-normal break-words [.text-message+&amp;]:mt-5\" dir=\"auto\" data-message-author-role=\"assistant\" data-message-id=\"4f32d902-c0d1-40f1-beea-fe72d0ba0201\">\n<div class=\"flex w-full flex-col gap-1 empty:hidden first:pt-[3px]\">\n<div class=\"markdown prose w-full break-words dark:prose-invert light\">\n<div class=\"flex max-w-full flex-col flex-grow\">\n<div class=\"min-h-8 text-message flex w-full flex-col items-end gap-2 whitespace-normal break-words [.text-message+&amp;]:mt-5\" dir=\"auto\" data-message-author-role=\"assistant\" data-message-id=\"237d989d-b698-4ccc-ba5e-69d710340b62\">\n<div class=\"flex w-full flex-col gap-1 empty:hidden first:pt-[3px]\">\n<div class=\"markdown prose w-full break-words dark:prose-invert light\">\n<div class=\"flex max-w-full flex-col flex-grow\">\n<div class=\"min-h-8 text-message flex w-full flex-col items-end gap-2 whitespace-normal break-words [.text-message+&amp;]:mt-5\" dir=\"auto\" data-message-author-role=\"assistant\" data-message-id=\"41497738-2181-4604-8696-940177ac7ecc\">\n<div class=\"flex w-full flex-col gap-1 empty:hidden first:pt-[3px]\">\n<div class=\"markdown prose w-full break-words dark:prose-invert light\">\n<div class=\"flex max-w-full flex-col flex-grow\">\n<div class=\"min-h-8 text-message flex w-full flex-col items-end gap-2 whitespace-normal break-words [.text-message+&amp;]:mt-5\" dir=\"auto\" data-message-author-role=\"assistant\" data-message-id=\"2a47b991-518c-4c20-a1d8-2ad35b39c36e\">\n<div class=\"flex w-full flex-col gap-1 empty:hidden first:pt-[3px]\">\n<div class=\"markdown prose w-full break-words dark:prose-invert light\">\n<div class=\"flex max-w-full flex-col flex-grow\">\n<div class=\"min-h-8 text-message flex w-full flex-col items-end gap-2 whitespace-normal break-words [.text-message+&amp;]:mt-5\" dir=\"auto\" data-message-author-role=\"assistant\" data-message-id=\"37a764a9-089c-4fb5-877e-665e936c1241\">\n<div class=\"flex w-full flex-col gap-1 empty:hidden first:pt-[3px]\">\n<div class=\"markdown prose w-full break-words dark:prose-invert light\">\n<div class=\"flex max-w-full flex-col flex-grow\">\n<div class=\"min-h-8 text-message flex w-full flex-col items-end gap-2 whitespace-normal break-words [.text-message+&amp;]:mt-5\" dir=\"auto\" data-message-author-role=\"assistant\" data-message-id=\"46f2a61e-8db7-4ca5-aa30-9cabcb834a44\">\n<div class=\"flex w-full flex-col gap-1 empty:hidden first:pt-[3px]\">\n<div class=\"markdown prose w-full break-words dark:prose-invert light\">\n<div class=\"flex max-w-full flex-col flex-grow\">\n<div class=\"min-h-8 text-message flex w-full flex-col items-end gap-2 whitespace-normal break-words [.text-message+&amp;]:mt-5\" dir=\"auto\" data-message-author-role=\"assistant\" data-message-id=\"e6ca5aa3-24c7-4776-9e05-a11579e8ff1c\">\n<div class=\"flex w-full flex-col gap-1 empty:hidden first:pt-[3px]\">\n<div class=\"markdown prose w-full break-words dark:prose-invert light\">\n<div class=\"attribute-values _longDescription\">\n<div class=\"label label-values\">\n<div class=\"label label-value\">\n<div class=\"flex max-w-full flex-col flex-grow\">\n<div class=\"min-h-8 text-message flex w-full flex-col items-end gap-2 whitespace-normal break-words [.text-message+&amp;]:mt-5\" dir=\"auto\" data-message-author-role=\"assistant\" data-message-id=\"93d1b75f-904a-40c4-acc7-aceaa40b5374\">\n<div class=\"flex w-full flex-col gap-1 empty:hidden first:pt-[3px]\">\n<div class=\"markdown prose w-full break-words dark:prose-invert light\">\n<div class=\"flex max-w-full flex-col flex-grow\">\n<div class=\"min-h-8 text-message flex w-full flex-col items-end gap-2 whitespace-normal break-words [.text-message+&amp;]:mt-5\" dir=\"auto\" data-message-author-role=\"assistant\" data-message-id=\"b692cb8e-5f8d-46d2-9a88-d0c17723a486\">\n<div class=\"flex w-full flex-col gap-1 empty:hidden first:pt-[3px]\">\n<div class=\"markdown prose w-full break-words dark:prose-invert light\">\n<p>Der aufblasbare Couchtisch Fatboy Dumpty Honey ist ein Outdoor-M\u00f6belst\u00fcck, das zugleich praktisch, designorientiert und originell ist. Er wurde entwickelt, um entspannte Momente auf der Terrasse, im Garten oder am Pool zu begleiten, und \u00fcberzeugt mit seiner gro\u00dfz\u00fcgig runden Form und seiner eleganten Ausstrahlung. Gefertigt aus robusten, wetterfesten Materialien, ist dieser Beistelltisch auf Langlebigkeit ausgelegt und bringt zugleich eine verspielte und moderne Note in Ihren Au\u00dfenbereich. Die stabile Stahlplatte sorgt f\u00fcr perfekten Halt Ihrer Gl\u00e4ser, Teller oder Dekorationsobjekte, w\u00e4hrend die aufblasbare Struktur den Tisch unglaublich leicht und m\u00fchelos transportierbar macht. Ein spontanes Aperitif oder eine Umgestaltung der Garteneinrichtung? Den Fatboy Dumpty Outdoor k\u00f6nnen Sie im Handumdrehen neu positionieren. Bei Flecken oder kleinen Missgeschicken reicht es, den abnehmbaren Bezug in die Waschmaschine zu geben, und schon wirkt der Tisch wieder wie neu. Mit seiner warmen, trendigen Honey-Farbgebung f\u00fcgt er sich perfekt in ein modernes, einladendes und stilvolles Outdoor-Design ein. Der Dumpty Outdoor von Fatboy vereint Komfort, Design und Funktionalit\u00e4t und wird schnell zu einem unverzichtbaren Begleiter f\u00fcr alle Ihre Momente im Freien.<\/p>\n<\/div>\n<\/div>\n<\/div>\n<\/div>\n<\/div>\n<\/div>\n<\/div>\n<\/div>\n<\/div>\n<\/div>\n<\/div>\n<\/div>\n<\/div>\n<\/div>\n<\/div>\n<\/div>\n<\/div>\n<\/div>\n<\/div>\n<\/div>\n<\/div>\n<\/div>\n<\/div>\n<\/div>\n<\/div>\n<\/div>\n<\/div>\n<\/div>\n<\/div>\n<\/div>\n<\/div>\n<\/div>\n<\/div>\n<\/div>\n<\/div>\n<\/div>\n<\/div>\n<\/div>\n<\/div>\n<\/div>\n<\/div>\n<\/div>\n<\/div>\n<\/div>\n<\/div>\n<\/div>\n<\/div>\n<\/div>\n<\/div>\n<\/div>\n<\/div>\n<\/div>\n<\/div>\n<\/div>\n<\/div>\n<\/div>\n<\/div>\n<\/div>\n<\/div>\n<\/div>\n<\/div>\n<\/div>\n<\/div>\n<\/div>\n<\/div>\n<\/div>\n<\/div>\n<\/div>\n<\/div>\n<\/div>\n<\/div>\n<\/div>\n<\/div>\n<\/div>\n<\/div>\n<\/div>\n<\/div>\n<\/div>\n<\/div>\n<\/div>\n<blockquote>\n<h2>Merkmale &amp; Eigenschaften<\/h2>\n<p><strong>Marke<\/strong> Fatboy<\/p>\n<p><strong>Farbe<\/strong> Gelb<\/p>\n<p><strong>Material<\/strong> Olefin, Elektrophorese und Pulverbeschichtung, umweltfreundliches Vinylchlorid<\/p>\n<p><strong>Durchmesser (cm) <\/strong>87,5<\/p>\n<p><strong>H\u00f6he (cm) <\/strong>35<\/p>\n<div class=\"attribute-values _height\">\n<div class=\"label label-values\">\n<div class=\"label label-value\">\n<p><strong>Gewicht (kg)<\/strong> 7,71<\/p>\n<\/div>\n<\/div>\n<\/div>\n<\/blockquote>\n","protected":false},"excerpt":{"rendered":"<p>Der aufblasbare Couchtisch Fatboy Dumpty Honey ist ein Outdoor-M\u00f6belst\u00fcck, das zugleich praktisch, designorientiert und originell ist. Er wurde entwickelt, um entspannte Momente auf der Terrasse, im Garten oder am Pool zu begleiten, und \u00fcberzeugt mit seiner gro\u00dfz\u00fcgig runden Form und seiner eleganten Ausstrahlung. Gefertigt aus robusten, wetterfesten Materialien, ist dieser Beistelltisch auf Langlebigkeit ausgelegt und [&hellip;]<\/p>\n","protected":false},"featured_media":208948,"template":"","meta":{"_acf_changed":false,"om_disable_all_campaigns":false},"product_cat":[964,979],"product_tag":[1252,898,1188,1265,801,403],"bundled_by":[],"bundle_stock_status":"instock","bundle_stock_quantity":1,"bundle_virtual":false,"bundle_layout":"","bundle_add_to_cart_form_location":"","bundle_editable_in_cart":false,"bundle_sold_individually_context":"","bundle_item_grouping":"","bundle_min_size":"","bundle_max_size":"","bundle_price":[],"bundled_items":[],"bundle_sell_ids":[],"acf":[],"yoast_head":"<!-- This site is optimized with the Yoast SEO Premium plugin v22.2 (Yoast SEO v22.8) - https:\/\/yoast.com\/wordpress\/plugins\/seo\/ -->\n<title>Gartentisch \u2013 Dumpty I Honey I Fatboy I Ekkla<\/title>\n<meta name=\"description\" content=\"Der aufblasbare Couchtisch Fatboy Dumpty Honey ist ein Outdoor-M\u00f6belst\u00fcck, das zugleich praktisch, designorientiert und originell ist.\" \/>\n<meta name=\"robots\" content=\"index, follow, max-snippet:-1, max-image-preview:large, max-video-preview:-1\" \/>\n<link rel=\"canonical\" href=\"https:\/\/ekkla.ch\/de\/produit\/sofa-sumo-medium-recycelter-samt-almond-fatboy-copie\/\" \/>\n<meta property=\"og:locale\" content=\"de_DE\" \/>\n<meta property=\"og:type\" content=\"article\" \/>\n<meta property=\"og:title\" content=\"Gartentisch \u2013 Dumpty - Honey - Fatboy\" \/>\n<meta property=\"og:description\" content=\"Der aufblasbare Couchtisch Fatboy Dumpty Honey ist ein Outdoor-M\u00f6belst\u00fcck, das zugleich praktisch, designorientiert und originell ist.\" \/>\n<meta property=\"og:url\" content=\"https:\/\/ekkla.ch\/de\/produit\/sofa-sumo-medium-recycelter-samt-almond-fatboy-copie\/\" \/>\n<meta property=\"og:site_name\" content=\"Ekkla\" \/>\n<meta property=\"article:modified_time\" content=\"2025-09-01T14:21:25+00:00\" \/>\n<meta property=\"og:image\" content=\"https:\/\/ekkla.ch\/wp-content\/uploads\/2025\/09\/ekkla-fatboy-dumpty-honey.jpg\" \/>\n\t<meta property=\"og:image:width\" content=\"1000\" \/>\n\t<meta property=\"og:image:height\" content=\"1000\" \/>\n\t<meta property=\"og:image:type\" content=\"image\/jpeg\" \/>\n<meta name=\"twitter:card\" content=\"summary_large_image\" \/>\n<meta name=\"twitter:label1\" content=\"Gesch\u00e4tzte Lesezeit\" \/>\n\t<meta name=\"twitter:data1\" content=\"1\u00a0Minute\" \/>\n<script type=\"application\/ld+json\" class=\"yoast-schema-graph\">{\"@context\":\"https:\/\/schema.org\",\"@graph\":[{\"@type\":\"WebPage\",\"@id\":\"https:\/\/ekkla.ch\/de\/produit\/sofa-sumo-medium-recycelter-samt-almond-fatboy-copie\/\",\"url\":\"https:\/\/ekkla.ch\/de\/produit\/sofa-sumo-medium-recycelter-samt-almond-fatboy-copie\/\",\"name\":\"Gartentisch \u2013 Dumpty I Honey I Fatboy I Ekkla\",\"isPartOf\":{\"@id\":\"https:\/\/ekkla.ch\/#website\"},\"primaryImageOfPage\":{\"@id\":\"https:\/\/ekkla.ch\/de\/produit\/sofa-sumo-medium-recycelter-samt-almond-fatboy-copie\/#primaryimage\"},\"image\":{\"@id\":\"https:\/\/ekkla.ch\/de\/produit\/sofa-sumo-medium-recycelter-samt-almond-fatboy-copie\/#primaryimage\"},\"thumbnailUrl\":\"https:\/\/ekkla.ch\/wp-content\/uploads\/2025\/09\/ekkla-fatboy-dumpty-honey.jpg\",\"datePublished\":\"2025-09-01T10:00:00+00:00\",\"dateModified\":\"2025-09-01T14:21:25+00:00\",\"description\":\"Der aufblasbare Couchtisch Fatboy Dumpty Honey ist ein Outdoor-M\u00f6belst\u00fcck, das zugleich praktisch, designorientiert und originell ist.\",\"breadcrumb\":{\"@id\":\"https:\/\/ekkla.ch\/de\/produit\/sofa-sumo-medium-recycelter-samt-almond-fatboy-copie\/#breadcrumb\"},\"inLanguage\":\"de\",\"potentialAction\":[{\"@type\":\"ReadAction\",\"target\":[\"https:\/\/ekkla.ch\/de\/produit\/sofa-sumo-medium-recycelter-samt-almond-fatboy-copie\/\"]}]},{\"@type\":\"ImageObject\",\"inLanguage\":\"de\",\"@id\":\"https:\/\/ekkla.ch\/de\/produit\/sofa-sumo-medium-recycelter-samt-almond-fatboy-copie\/#primaryimage\",\"url\":\"https:\/\/ekkla.ch\/wp-content\/uploads\/2025\/09\/ekkla-fatboy-dumpty-honey.jpg\",\"contentUrl\":\"https:\/\/ekkla.ch\/wp-content\/uploads\/2025\/09\/ekkla-fatboy-dumpty-honey.jpg\",\"width\":1000,\"height\":1000},{\"@type\":\"BreadcrumbList\",\"@id\":\"https:\/\/ekkla.ch\/de\/produit\/sofa-sumo-medium-recycelter-samt-almond-fatboy-copie\/#breadcrumb\",\"itemListElement\":[{\"@type\":\"ListItem\",\"position\":1,\"name\":\"Home\",\"item\":\"https:\/\/ekkla.ch\/de\/\"},{\"@type\":\"ListItem\",\"position\":2,\"name\":\"Shop\",\"item\":\"https:\/\/ekkla.ch\/de\/shop\/\"},{\"@type\":\"ListItem\",\"position\":3,\"name\":\"Gartentisch \u2013 Dumpty - Honey - Fatboy\"}]},{\"@type\":\"WebSite\",\"@id\":\"https:\/\/ekkla.ch\/#website\",\"url\":\"https:\/\/ekkla.ch\/\",\"name\":\"Ekkla\",\"description\":\"Der Onlineshop f\u00fcr Beleuchtung\",\"publisher\":{\"@id\":\"https:\/\/ekkla.ch\/#organization\"},\"potentialAction\":[{\"@type\":\"SearchAction\",\"target\":{\"@type\":\"EntryPoint\",\"urlTemplate\":\"https:\/\/ekkla.ch\/?s={search_term_string}\"},\"query-input\":\"required name=search_term_string\"}],\"inLanguage\":\"de\"},{\"@type\":\"Organization\",\"@id\":\"https:\/\/ekkla.ch\/#organization\",\"name\":\"Ekkla\",\"url\":\"https:\/\/ekkla.ch\/\",\"logo\":{\"@type\":\"ImageObject\",\"inLanguage\":\"de\",\"@id\":\"https:\/\/ekkla.ch\/#\/schema\/logo\/image\/\",\"url\":\"http:\/\/ekkla.ch\/wp-content\/uploads\/2019\/07\/logo-1.svg\",\"contentUrl\":\"http:\/\/ekkla.ch\/wp-content\/uploads\/2019\/07\/logo-1.svg\",\"width\":1,\"height\":1,\"caption\":\"Ekkla\"},\"image\":{\"@id\":\"https:\/\/ekkla.ch\/#\/schema\/logo\/image\/\"},\"sameAs\":[\"https:\/\/www.instagram.com\/ekkla_light\/\"]}]}<\/script>\n<!-- \/ Yoast SEO Premium plugin. -->","yoast_head_json":{"title":"Gartentisch \u2013 Dumpty I Honey I Fatboy I Ekkla","description":"Der aufblasbare Couchtisch Fatboy Dumpty Honey ist ein Outdoor-M\u00f6belst\u00fcck, das zugleich praktisch, designorientiert und originell ist.","robots":{"index":"index","follow":"follow","max-snippet":"max-snippet:-1","max-image-preview":"max-image-preview:large","max-video-preview":"max-video-preview:-1"},"canonical":"https:\/\/ekkla.ch\/de\/produit\/sofa-sumo-medium-recycelter-samt-almond-fatboy-copie\/","og_locale":"de_DE","og_type":"article","og_title":"Gartentisch \u2013 Dumpty - Honey - Fatboy","og_description":"Der aufblasbare Couchtisch Fatboy Dumpty Honey ist ein Outdoor-M\u00f6belst\u00fcck, das zugleich praktisch, designorientiert und originell ist.","og_url":"https:\/\/ekkla.ch\/de\/produit\/sofa-sumo-medium-recycelter-samt-almond-fatboy-copie\/","og_site_name":"Ekkla","article_modified_time":"2025-09-01T14:21:25+00:00","og_image":[{"width":1000,"height":1000,"url":"https:\/\/ekkla.ch\/wp-content\/uploads\/2025\/09\/ekkla-fatboy-dumpty-honey.jpg","type":"image\/jpeg"}],"twitter_card":"summary_large_image","twitter_misc":{"Gesch\u00e4tzte Lesezeit":"1\u00a0Minute"},"schema":{"@context":"https:\/\/schema.org","@graph":[{"@type":"WebPage","@id":"https:\/\/ekkla.ch\/de\/produit\/sofa-sumo-medium-recycelter-samt-almond-fatboy-copie\/","url":"https:\/\/ekkla.ch\/de\/produit\/sofa-sumo-medium-recycelter-samt-almond-fatboy-copie\/","name":"Gartentisch \u2013 Dumpty I Honey I Fatboy I Ekkla","isPartOf":{"@id":"https:\/\/ekkla.ch\/#website"},"primaryImageOfPage":{"@id":"https:\/\/ekkla.ch\/de\/produit\/sofa-sumo-medium-recycelter-samt-almond-fatboy-copie\/#primaryimage"},"image":{"@id":"https:\/\/ekkla.ch\/de\/produit\/sofa-sumo-medium-recycelter-samt-almond-fatboy-copie\/#primaryimage"},"thumbnailUrl":"https:\/\/ekkla.ch\/wp-content\/uploads\/2025\/09\/ekkla-fatboy-dumpty-honey.jpg","datePublished":"2025-09-01T10:00:00+00:00","dateModified":"2025-09-01T14:21:25+00:00","description":"Der aufblasbare Couchtisch Fatboy Dumpty Honey ist ein Outdoor-M\u00f6belst\u00fcck, das zugleich praktisch, designorientiert und originell ist.","breadcrumb":{"@id":"https:\/\/ekkla.ch\/de\/produit\/sofa-sumo-medium-recycelter-samt-almond-fatboy-copie\/#breadcrumb"},"inLanguage":"de","potentialAction":[{"@type":"ReadAction","target":["https:\/\/ekkla.ch\/de\/produit\/sofa-sumo-medium-recycelter-samt-almond-fatboy-copie\/"]}]},{"@type":"ImageObject","inLanguage":"de","@id":"https:\/\/ekkla.ch\/de\/produit\/sofa-sumo-medium-recycelter-samt-almond-fatboy-copie\/#primaryimage","url":"https:\/\/ekkla.ch\/wp-content\/uploads\/2025\/09\/ekkla-fatboy-dumpty-honey.jpg","contentUrl":"https:\/\/ekkla.ch\/wp-content\/uploads\/2025\/09\/ekkla-fatboy-dumpty-honey.jpg","width":1000,"height":1000},{"@type":"BreadcrumbList","@id":"https:\/\/ekkla.ch\/de\/produit\/sofa-sumo-medium-recycelter-samt-almond-fatboy-copie\/#breadcrumb","itemListElement":[{"@type":"ListItem","position":1,"name":"Home","item":"https:\/\/ekkla.ch\/de\/"},{"@type":"ListItem","position":2,"name":"Shop","item":"https:\/\/ekkla.ch\/de\/shop\/"},{"@type":"ListItem","position":3,"name":"Gartentisch \u2013 Dumpty - Honey - Fatboy"}]},{"@type":"WebSite","@id":"https:\/\/ekkla.ch\/#website","url":"https:\/\/ekkla.ch\/","name":"Ekkla","description":"Der Onlineshop f\u00fcr Beleuchtung","publisher":{"@id":"https:\/\/ekkla.ch\/#organization"},"potentialAction":[{"@type":"SearchAction","target":{"@type":"EntryPoint","urlTemplate":"https:\/\/ekkla.ch\/?s={search_term_string}"},"query-input":"required name=search_term_string"}],"inLanguage":"de"},{"@type":"Organization","@id":"https:\/\/ekkla.ch\/#organization","name":"Ekkla","url":"https:\/\/ekkla.ch\/","logo":{"@type":"ImageObject","inLanguage":"de","@id":"https:\/\/ekkla.ch\/#\/schema\/logo\/image\/","url":"http:\/\/ekkla.ch\/wp-content\/uploads\/2019\/07\/logo-1.svg","contentUrl":"http:\/\/ekkla.ch\/wp-content\/uploads\/2019\/07\/logo-1.svg","width":1,"height":1,"caption":"Ekkla"},"image":{"@id":"https:\/\/ekkla.ch\/#\/schema\/logo\/image\/"},"sameAs":["https:\/\/www.instagram.com\/ekkla_light\/"]}]}},"_links":{"self":[{"href":"https:\/\/ekkla.ch\/de\/wp-json\/wp\/v2\/product\/208946"}],"collection":[{"href":"https:\/\/ekkla.ch\/de\/wp-json\/wp\/v2\/product"}],"about":[{"href":"https:\/\/ekkla.ch\/de\/wp-json\/wp\/v2\/types\/product"}],"wp:featuredmedia":[{"embeddable":true,"href":"https:\/\/ekkla.ch\/de\/wp-json\/wp\/v2\/media\/208948"}],"wp:attachment":[{"href":"https:\/\/ekkla.ch\/de\/wp-json\/wp\/v2\/media?parent=208946"}],"wp:term":[{"taxonomy":"product_cat","embeddable":true,"href":"https:\/\/ekkla.ch\/de\/wp-json\/wp\/v2\/product_cat?post=208946"},{"taxonomy":"product_tag","embeddable":true,"href":"https:\/\/ekkla.ch\/de\/wp-json\/wp\/v2\/product_tag?post=208946"}],"curies":[{"name":"wp","href":"https:\/\/api.w.org\/{rel}","templated":true}]}}