{"id":209030,"date":"2025-09-03T14:46:44","date_gmt":"2025-09-03T12:46:45","guid":{"rendered":"https:\/\/ekkla.ch\/?post_type=product&#038;p=209030"},"modified":"2025-09-03T14:49:48","modified_gmt":"2025-09-03T12:49:48","slug":"king-pillow-kissen-gelb-und-weiss-fatboy-copie","status":"publish","type":"product","link":"https:\/\/ekkla.ch\/de\/produit\/king-pillow-kissen-gelb-und-weiss-fatboy-copie\/","title":{"rendered":"King Pillow Kissen \u2013 Rose \u2013 Fatboy"},"content":{"rendered":"<div class=\"experience-component-flowbox\">\n<div class=\"custom-layout-2-col\">\n<div class=\"custom-container wg7-text-image-small inverted\">\n<div class=\"second-col\">\n<div class=\"experience-region experience-column2\">\n<div data-ratio-number=\"3-2\" data-ratio-number-small=\"3-2\" data-columns-number=\"2\" data-columns-number-small=\"1\">\n<div id=\"cc3ff7cc685f8dcb41efd29bfe0d\" class=\"content-and-cta\">\n<div class=\"undefined\">\n<div class=\"content-and-cta-content \">\n<div class=\"description undefined\">\n<div class=\"w-100\">\n<div class=\"experience-region experience-main\">\n<div class=\"experience-component experience-dynamic-productDetail\">\n<div class=\"product-detail product-wrapper\" data-pid=\"106711\">\n<div class=\"pdp-grid\">\n<div class=\"description-and-detail\">\n<div id=\"accordionPDP\" class=\"accordion\">\n<div class=\"accordion-item\">\n<div id=\"collapse_ProductInformationAttributes\" class=\"accordion-collapse collapse show\" aria-labelledby=\"heading_ProductInformationAttributes\">\n<div class=\"attribute-group _ProductInformationAttributes\">\n<div class=\"attribute-values _longDescription\">\n<div class=\"label label-values\">\n<div class=\"label label-value\">\n<div id=\"maincontent\" role=\"main\">\n<div class=\"product-detail product-wrapper\" data-pid=\"106222\">\n<div class=\"pdp-grid\">\n<div class=\"description-and-detail\">\n<div id=\"accordionPDP\" class=\"accordion\">\n<div class=\"accordion-item\">\n<div id=\"collapse_ProductInformationAttributes\" class=\"accordion-collapse collapse show\" aria-labelledby=\"heading_ProductInformationAttributes\">\n<div class=\"attribute-group _ProductInformationAttributes\">\n<div class=\"attribute-values _longDescription\">\n<div class=\"label label-values\">\n<div class=\"label label-value\">\n<div class=\"flex max-w-full flex-col flex-grow\">\n<div class=\"min-h-8 text-message flex w-full flex-col items-end gap-2 whitespace-normal break-words [.text-message+&amp;]:mt-5\" dir=\"auto\" data-message-author-role=\"assistant\" data-message-id=\"5c0c881f-4ffc-44b2-b1e6-220d0b114b0f\">\n<div class=\"flex w-full flex-col gap-1 empty:hidden first:pt-[3px]\">\n<div class=\"markdown prose w-full break-words dark:prose-invert light\">\n<div class=\"attribute-values _longDescription\">\n<div class=\"label label-values\">\n<div class=\"label label-value\">\n<div class=\"flex max-w-full flex-col flex-grow\">\n<div class=\"min-h-8 text-message flex w-full flex-col items-end gap-2 whitespace-normal break-words [.text-message+&amp;]:mt-5\" dir=\"auto\" data-message-author-role=\"assistant\" data-message-id=\"4f32d902-c0d1-40f1-beea-fe72d0ba0201\">\n<div class=\"flex w-full flex-col gap-1 empty:hidden first:pt-[3px]\">\n<div class=\"markdown prose w-full break-words dark:prose-invert light\">\n<div class=\"flex max-w-full flex-col flex-grow\">\n<div class=\"min-h-8 text-message flex w-full flex-col items-end gap-2 whitespace-normal break-words [.text-message+&amp;]:mt-5\" dir=\"auto\" data-message-author-role=\"assistant\" data-message-id=\"237d989d-b698-4ccc-ba5e-69d710340b62\">\n<div class=\"flex w-full flex-col gap-1 empty:hidden first:pt-[3px]\">\n<div class=\"markdown prose w-full break-words dark:prose-invert light\">\n<div class=\"flex max-w-full flex-col flex-grow\">\n<div class=\"min-h-8 text-message flex w-full flex-col items-end gap-2 whitespace-normal break-words [.text-message+&amp;]:mt-5\" dir=\"auto\" data-message-author-role=\"assistant\" data-message-id=\"41497738-2181-4604-8696-940177ac7ecc\">\n<div class=\"flex w-full flex-col gap-1 empty:hidden first:pt-[3px]\">\n<div class=\"markdown prose w-full break-words dark:prose-invert light\">\n<div class=\"flex max-w-full flex-col flex-grow\">\n<div class=\"min-h-8 text-message flex w-full flex-col items-end gap-2 whitespace-normal break-words [.text-message+&amp;]:mt-5\" dir=\"auto\" data-message-author-role=\"assistant\" data-message-id=\"2a47b991-518c-4c20-a1d8-2ad35b39c36e\">\n<div class=\"flex w-full flex-col gap-1 empty:hidden first:pt-[3px]\">\n<div class=\"markdown prose w-full break-words dark:prose-invert light\">\n<div class=\"flex max-w-full flex-col flex-grow\">\n<div class=\"min-h-8 text-message flex w-full flex-col items-end gap-2 whitespace-normal break-words [.text-message+&amp;]:mt-5\" dir=\"auto\" data-message-author-role=\"assistant\" data-message-id=\"37a764a9-089c-4fb5-877e-665e936c1241\">\n<div class=\"flex w-full flex-col gap-1 empty:hidden first:pt-[3px]\">\n<div class=\"markdown prose w-full break-words dark:prose-invert light\">\n<div class=\"flex max-w-full flex-col flex-grow\">\n<div class=\"min-h-8 text-message flex w-full flex-col items-end gap-2 whitespace-normal break-words [.text-message+&amp;]:mt-5\" dir=\"auto\" data-message-author-role=\"assistant\" data-message-id=\"46f2a61e-8db7-4ca5-aa30-9cabcb834a44\">\n<div class=\"flex w-full flex-col gap-1 empty:hidden first:pt-[3px]\">\n<div class=\"markdown prose w-full break-words dark:prose-invert light\">\n<div class=\"flex max-w-full flex-col flex-grow\">\n<div class=\"min-h-8 text-message flex w-full flex-col items-end gap-2 whitespace-normal break-words [.text-message+&amp;]:mt-5\" dir=\"auto\" data-message-author-role=\"assistant\" data-message-id=\"e6ca5aa3-24c7-4776-9e05-a11579e8ff1c\">\n<div class=\"flex w-full flex-col gap-1 empty:hidden first:pt-[3px]\">\n<div class=\"markdown prose w-full break-words dark:prose-invert light\">\n<div class=\"attribute-values _longDescription\">\n<div class=\"label label-values\">\n<div class=\"label label-value\">\n<div class=\"flex max-w-full flex-col flex-grow\">\n<div class=\"min-h-8 text-message flex w-full flex-col items-end gap-2 whitespace-normal break-words [.text-message+&amp;]:mt-5\" dir=\"auto\" data-message-author-role=\"assistant\" data-message-id=\"93d1b75f-904a-40c4-acc7-aceaa40b5374\">\n<div class=\"flex w-full flex-col gap-1 empty:hidden first:pt-[3px]\">\n<div class=\"markdown prose w-full break-words dark:prose-invert light\">\n<div class=\"flex max-w-full flex-col flex-grow\">\n<div class=\"min-h-8 text-message flex w-full flex-col items-end gap-2 whitespace-normal break-words [.text-message+&amp;]:mt-5\" dir=\"auto\" data-message-author-role=\"assistant\" data-message-id=\"b692cb8e-5f8d-46d2-9a88-d0c17723a486\">\n<div class=\"flex w-full flex-col gap-1 empty:hidden first:pt-[3px]\">\n<div class=\"markdown prose w-full break-words dark:prose-invert light\">\n<p>Die Fatboy King Pillow Kissen sind das ideale Accessoire, um deine Designm\u00f6bel zu erg\u00e4nzen und zu personalisieren. Sie sind so konzipiert, dass sie perfekt zu den Sumo Sofas und den Paletti Lounge-Sets passen und dabei Komfort mit Stil verbinden.<\/p>\n<p>Erh\u00e4ltlich in einer einfarbigen Version f\u00fcr einen schlichten, eleganten Look oder in einer gemusterten, farbenfrohen Variante f\u00fcr einen Hauch Originalit\u00e4t, lassen sich die King Pillow Kissen m\u00fchelos in jedes Innen- und Au\u00dfendekor integrieren.<\/p>\n<p>Gefertigt mit der einzigartigen Fatboy-Handwerkskunst, bieten diese dekorativen Kissen gro\u00dfz\u00fcgigen Komfort und die Widerstandsf\u00e4higkeit, die f\u00fcr den t\u00e4glichen Gebrauch erforderlich ist.<\/p>\n<p>Ob du ein Designkissen, ein Dekokissen oder ein hochwertiges Sofakissen suchst \u2013 das Fatboy King Pillow ist die perfekte Wahl, um deinem Raum Stil zu verleihen.<\/p>\n<\/div>\n<\/div>\n<\/div>\n<\/div>\n<\/div>\n<\/div>\n<\/div>\n<\/div>\n<\/div>\n<\/div>\n<\/div>\n<\/div>\n<\/div>\n<\/div>\n<\/div>\n<\/div>\n<\/div>\n<\/div>\n<\/div>\n<\/div>\n<\/div>\n<\/div>\n<\/div>\n<\/div>\n<\/div>\n<\/div>\n<\/div>\n<\/div>\n<\/div>\n<\/div>\n<\/div>\n<\/div>\n<\/div>\n<\/div>\n<\/div>\n<\/div>\n<\/div>\n<\/div>\n<\/div>\n<\/div>\n<\/div>\n<\/div>\n<\/div>\n<\/div>\n<\/div>\n<\/div>\n<\/div>\n<\/div>\n<\/div>\n<\/div>\n<\/div>\n<\/div>\n<\/div>\n<\/div>\n<\/div>\n<\/div>\n<\/div>\n<\/div>\n<\/div>\n<\/div>\n<\/div>\n<\/div>\n<\/div>\n<\/div>\n<\/div>\n<\/div>\n<\/div>\n<\/div>\n<\/div>\n<\/div>\n<\/div>\n<\/div>\n<\/div>\n<\/div>\n<\/div>\n<\/div>\n<\/div>\n<\/div>\n<\/div>\n<\/div>\n<blockquote>\n<h2>Merkmale &amp; Eigenschaften<\/h2>\n<p><strong>Marke<\/strong> Fatboy<\/p>\n<p><strong>Farbe<\/strong> Rose<\/p>\n<p><strong>Material<\/strong> Olefin<\/p>\n<p><strong>L\u00e4nge (cm) <\/strong>66<\/p>\n<p><strong>Breite (cm) <\/strong>40<\/p>\n<div class=\"attribute-values _height\">\n<div class=\"label label-values\">\n<div class=\"label label-value\">\n<p><strong>Gewicht (kg)<\/strong> 0,95<\/p>\n<\/div>\n<\/div>\n<\/div>\n<\/blockquote>\n","protected":false},"excerpt":{"rendered":"<p>Die Fatboy King Pillow Kissen sind das ideale Accessoire, um deine Designm\u00f6bel zu erg\u00e4nzen und zu personalisieren. Sie sind so konzipiert, dass sie perfekt zu den Sumo Sofas und den Paletti Lounge-Sets passen und dabei Komfort mit Stil verbinden. Erh\u00e4ltlich in einer einfarbigen Version f\u00fcr einen schlichten, eleganten Look oder in einer gemusterten, farbenfrohen Variante [&hellip;]<\/p>\n","protected":false},"featured_media":209024,"template":"","meta":{"_acf_changed":false,"om_disable_all_campaigns":false},"product_cat":[1123,1085],"product_tag":[1248,898,1188,1265,801,403],"bundled_by":[],"bundle_stock_status":"instock","bundle_stock_quantity":1,"bundle_virtual":false,"bundle_layout":"","bundle_add_to_cart_form_location":"","bundle_editable_in_cart":false,"bundle_sold_individually_context":"","bundle_item_grouping":"","bundle_min_size":"","bundle_max_size":"","bundle_price":[],"bundled_items":[],"bundle_sell_ids":[],"acf":[],"yoast_head":"<!-- This site is optimized with the Yoast SEO Premium plugin v22.2 (Yoast SEO v22.8) - https:\/\/yoast.com\/wordpress\/plugins\/seo\/ -->\n<title>King Pillow Kissen | Rose | Fatboy | Ekkla<\/title>\n<meta name=\"description\" content=\"Die Fatboy King Pillow Kissen sind das ideale Accessoire, um deine Designm\u00f6bel zu erg\u00e4nzen und zu personalisieren. Sie verleihen deinem Interieur einen charmanten Look.\" \/>\n<meta name=\"robots\" content=\"index, follow, max-snippet:-1, max-image-preview:large, max-video-preview:-1\" \/>\n<link rel=\"canonical\" href=\"https:\/\/ekkla.ch\/de\/produit\/king-pillow-kissen-gelb-und-weiss-fatboy-copie\/\" \/>\n<meta property=\"og:locale\" content=\"de_DE\" \/>\n<meta property=\"og:type\" content=\"article\" \/>\n<meta property=\"og:title\" content=\"King Pillow Kissen \u2013 Rose \u2013 Fatboy\" \/>\n<meta property=\"og:description\" content=\"Die Fatboy King Pillow Kissen sind das ideale Accessoire, um deine Designm\u00f6bel zu erg\u00e4nzen und zu personalisieren. Sie verleihen deinem Interieur einen charmanten Look.\" \/>\n<meta property=\"og:url\" content=\"https:\/\/ekkla.ch\/de\/produit\/king-pillow-kissen-gelb-und-weiss-fatboy-copie\/\" \/>\n<meta property=\"og:site_name\" content=\"Ekkla\" \/>\n<meta property=\"article:modified_time\" content=\"2025-09-03T12:49:48+00:00\" \/>\n<meta property=\"og:image\" content=\"https:\/\/ekkla.ch\/wp-content\/uploads\/2025\/09\/King-pillow-coussin-fatboy-ekkla-rose.jpg\" \/>\n\t<meta property=\"og:image:width\" content=\"1000\" \/>\n\t<meta property=\"og:image:height\" content=\"1000\" \/>\n\t<meta property=\"og:image:type\" content=\"image\/jpeg\" \/>\n<meta name=\"twitter:card\" content=\"summary_large_image\" \/>\n<meta name=\"twitter:label1\" content=\"Gesch\u00e4tzte Lesezeit\" \/>\n\t<meta name=\"twitter:data1\" content=\"1\u00a0Minute\" \/>\n<script type=\"application\/ld+json\" class=\"yoast-schema-graph\">{\"@context\":\"https:\/\/schema.org\",\"@graph\":[{\"@type\":\"WebPage\",\"@id\":\"https:\/\/ekkla.ch\/de\/produit\/king-pillow-kissen-gelb-und-weiss-fatboy-copie\/\",\"url\":\"https:\/\/ekkla.ch\/de\/produit\/king-pillow-kissen-gelb-und-weiss-fatboy-copie\/\",\"name\":\"King Pillow Kissen | Rose | Fatboy | Ekkla\",\"isPartOf\":{\"@id\":\"https:\/\/ekkla.ch\/#website\"},\"primaryImageOfPage\":{\"@id\":\"https:\/\/ekkla.ch\/de\/produit\/king-pillow-kissen-gelb-und-weiss-fatboy-copie\/#primaryimage\"},\"image\":{\"@id\":\"https:\/\/ekkla.ch\/de\/produit\/king-pillow-kissen-gelb-und-weiss-fatboy-copie\/#primaryimage\"},\"thumbnailUrl\":\"https:\/\/ekkla.ch\/wp-content\/uploads\/2025\/09\/King-pillow-coussin-fatboy-ekkla-rose.jpg\",\"datePublished\":\"2025-09-03T12:46:45+00:00\",\"dateModified\":\"2025-09-03T12:49:48+00:00\",\"description\":\"Die Fatboy King Pillow Kissen sind das ideale Accessoire, um deine Designm\u00f6bel zu erg\u00e4nzen und zu personalisieren. Sie verleihen deinem Interieur einen charmanten Look.\",\"breadcrumb\":{\"@id\":\"https:\/\/ekkla.ch\/de\/produit\/king-pillow-kissen-gelb-und-weiss-fatboy-copie\/#breadcrumb\"},\"inLanguage\":\"de\",\"potentialAction\":[{\"@type\":\"ReadAction\",\"target\":[\"https:\/\/ekkla.ch\/de\/produit\/king-pillow-kissen-gelb-und-weiss-fatboy-copie\/\"]}]},{\"@type\":\"ImageObject\",\"inLanguage\":\"de\",\"@id\":\"https:\/\/ekkla.ch\/de\/produit\/king-pillow-kissen-gelb-und-weiss-fatboy-copie\/#primaryimage\",\"url\":\"https:\/\/ekkla.ch\/wp-content\/uploads\/2025\/09\/King-pillow-coussin-fatboy-ekkla-rose.jpg\",\"contentUrl\":\"https:\/\/ekkla.ch\/wp-content\/uploads\/2025\/09\/King-pillow-coussin-fatboy-ekkla-rose.jpg\",\"width\":1000,\"height\":1000},{\"@type\":\"BreadcrumbList\",\"@id\":\"https:\/\/ekkla.ch\/de\/produit\/king-pillow-kissen-gelb-und-weiss-fatboy-copie\/#breadcrumb\",\"itemListElement\":[{\"@type\":\"ListItem\",\"position\":1,\"name\":\"Home\",\"item\":\"https:\/\/ekkla.ch\/de\/\"},{\"@type\":\"ListItem\",\"position\":2,\"name\":\"Shop\",\"item\":\"https:\/\/ekkla.ch\/de\/shop\/\"},{\"@type\":\"ListItem\",\"position\":3,\"name\":\"King Pillow Kissen \u2013 Rose \u2013 Fatboy\"}]},{\"@type\":\"WebSite\",\"@id\":\"https:\/\/ekkla.ch\/#website\",\"url\":\"https:\/\/ekkla.ch\/\",\"name\":\"Ekkla\",\"description\":\"Der Onlineshop f\u00fcr Beleuchtung\",\"publisher\":{\"@id\":\"https:\/\/ekkla.ch\/#organization\"},\"potentialAction\":[{\"@type\":\"SearchAction\",\"target\":{\"@type\":\"EntryPoint\",\"urlTemplate\":\"https:\/\/ekkla.ch\/?s={search_term_string}\"},\"query-input\":\"required name=search_term_string\"}],\"inLanguage\":\"de\"},{\"@type\":\"Organization\",\"@id\":\"https:\/\/ekkla.ch\/#organization\",\"name\":\"Ekkla\",\"url\":\"https:\/\/ekkla.ch\/\",\"logo\":{\"@type\":\"ImageObject\",\"inLanguage\":\"de\",\"@id\":\"https:\/\/ekkla.ch\/#\/schema\/logo\/image\/\",\"url\":\"http:\/\/ekkla.ch\/wp-content\/uploads\/2019\/07\/logo-1.svg\",\"contentUrl\":\"http:\/\/ekkla.ch\/wp-content\/uploads\/2019\/07\/logo-1.svg\",\"width\":1,\"height\":1,\"caption\":\"Ekkla\"},\"image\":{\"@id\":\"https:\/\/ekkla.ch\/#\/schema\/logo\/image\/\"},\"sameAs\":[\"https:\/\/www.instagram.com\/ekkla_light\/\"]}]}<\/script>\n<!-- \/ Yoast SEO Premium plugin. -->","yoast_head_json":{"title":"King Pillow Kissen | Rose | Fatboy | Ekkla","description":"Die Fatboy King Pillow Kissen sind das ideale Accessoire, um deine Designm\u00f6bel zu erg\u00e4nzen und zu personalisieren. Sie verleihen deinem Interieur einen charmanten Look.","robots":{"index":"index","follow":"follow","max-snippet":"max-snippet:-1","max-image-preview":"max-image-preview:large","max-video-preview":"max-video-preview:-1"},"canonical":"https:\/\/ekkla.ch\/de\/produit\/king-pillow-kissen-gelb-und-weiss-fatboy-copie\/","og_locale":"de_DE","og_type":"article","og_title":"King Pillow Kissen \u2013 Rose \u2013 Fatboy","og_description":"Die Fatboy King Pillow Kissen sind das ideale Accessoire, um deine Designm\u00f6bel zu erg\u00e4nzen und zu personalisieren. Sie verleihen deinem Interieur einen charmanten Look.","og_url":"https:\/\/ekkla.ch\/de\/produit\/king-pillow-kissen-gelb-und-weiss-fatboy-copie\/","og_site_name":"Ekkla","article_modified_time":"2025-09-03T12:49:48+00:00","og_image":[{"width":1000,"height":1000,"url":"https:\/\/ekkla.ch\/wp-content\/uploads\/2025\/09\/King-pillow-coussin-fatboy-ekkla-rose.jpg","type":"image\/jpeg"}],"twitter_card":"summary_large_image","twitter_misc":{"Gesch\u00e4tzte Lesezeit":"1\u00a0Minute"},"schema":{"@context":"https:\/\/schema.org","@graph":[{"@type":"WebPage","@id":"https:\/\/ekkla.ch\/de\/produit\/king-pillow-kissen-gelb-und-weiss-fatboy-copie\/","url":"https:\/\/ekkla.ch\/de\/produit\/king-pillow-kissen-gelb-und-weiss-fatboy-copie\/","name":"King Pillow Kissen | Rose | Fatboy | Ekkla","isPartOf":{"@id":"https:\/\/ekkla.ch\/#website"},"primaryImageOfPage":{"@id":"https:\/\/ekkla.ch\/de\/produit\/king-pillow-kissen-gelb-und-weiss-fatboy-copie\/#primaryimage"},"image":{"@id":"https:\/\/ekkla.ch\/de\/produit\/king-pillow-kissen-gelb-und-weiss-fatboy-copie\/#primaryimage"},"thumbnailUrl":"https:\/\/ekkla.ch\/wp-content\/uploads\/2025\/09\/King-pillow-coussin-fatboy-ekkla-rose.jpg","datePublished":"2025-09-03T12:46:45+00:00","dateModified":"2025-09-03T12:49:48+00:00","description":"Die Fatboy King Pillow Kissen sind das ideale Accessoire, um deine Designm\u00f6bel zu erg\u00e4nzen und zu personalisieren. Sie verleihen deinem Interieur einen charmanten Look.","breadcrumb":{"@id":"https:\/\/ekkla.ch\/de\/produit\/king-pillow-kissen-gelb-und-weiss-fatboy-copie\/#breadcrumb"},"inLanguage":"de","potentialAction":[{"@type":"ReadAction","target":["https:\/\/ekkla.ch\/de\/produit\/king-pillow-kissen-gelb-und-weiss-fatboy-copie\/"]}]},{"@type":"ImageObject","inLanguage":"de","@id":"https:\/\/ekkla.ch\/de\/produit\/king-pillow-kissen-gelb-und-weiss-fatboy-copie\/#primaryimage","url":"https:\/\/ekkla.ch\/wp-content\/uploads\/2025\/09\/King-pillow-coussin-fatboy-ekkla-rose.jpg","contentUrl":"https:\/\/ekkla.ch\/wp-content\/uploads\/2025\/09\/King-pillow-coussin-fatboy-ekkla-rose.jpg","width":1000,"height":1000},{"@type":"BreadcrumbList","@id":"https:\/\/ekkla.ch\/de\/produit\/king-pillow-kissen-gelb-und-weiss-fatboy-copie\/#breadcrumb","itemListElement":[{"@type":"ListItem","position":1,"name":"Home","item":"https:\/\/ekkla.ch\/de\/"},{"@type":"ListItem","position":2,"name":"Shop","item":"https:\/\/ekkla.ch\/de\/shop\/"},{"@type":"ListItem","position":3,"name":"King Pillow Kissen \u2013 Rose \u2013 Fatboy"}]},{"@type":"WebSite","@id":"https:\/\/ekkla.ch\/#website","url":"https:\/\/ekkla.ch\/","name":"Ekkla","description":"Der Onlineshop f\u00fcr Beleuchtung","publisher":{"@id":"https:\/\/ekkla.ch\/#organization"},"potentialAction":[{"@type":"SearchAction","target":{"@type":"EntryPoint","urlTemplate":"https:\/\/ekkla.ch\/?s={search_term_string}"},"query-input":"required name=search_term_string"}],"inLanguage":"de"},{"@type":"Organization","@id":"https:\/\/ekkla.ch\/#organization","name":"Ekkla","url":"https:\/\/ekkla.ch\/","logo":{"@type":"ImageObject","inLanguage":"de","@id":"https:\/\/ekkla.ch\/#\/schema\/logo\/image\/","url":"http:\/\/ekkla.ch\/wp-content\/uploads\/2019\/07\/logo-1.svg","contentUrl":"http:\/\/ekkla.ch\/wp-content\/uploads\/2019\/07\/logo-1.svg","width":1,"height":1,"caption":"Ekkla"},"image":{"@id":"https:\/\/ekkla.ch\/#\/schema\/logo\/image\/"},"sameAs":["https:\/\/www.instagram.com\/ekkla_light\/"]}]}},"_links":{"self":[{"href":"https:\/\/ekkla.ch\/de\/wp-json\/wp\/v2\/product\/209030"}],"collection":[{"href":"https:\/\/ekkla.ch\/de\/wp-json\/wp\/v2\/product"}],"about":[{"href":"https:\/\/ekkla.ch\/de\/wp-json\/wp\/v2\/types\/product"}],"wp:featuredmedia":[{"embeddable":true,"href":"https:\/\/ekkla.ch\/de\/wp-json\/wp\/v2\/media\/209024"}],"wp:attachment":[{"href":"https:\/\/ekkla.ch\/de\/wp-json\/wp\/v2\/media?parent=209030"}],"wp:term":[{"taxonomy":"product_cat","embeddable":true,"href":"https:\/\/ekkla.ch\/de\/wp-json\/wp\/v2\/product_cat?post=209030"},{"taxonomy":"product_tag","embeddable":true,"href":"https:\/\/ekkla.ch\/de\/wp-json\/wp\/v2\/product_tag?post=209030"}],"curies":[{"name":"wp","href":"https:\/\/api.w.org\/{rel}","templated":true}]}}