{"id":209096,"date":"2025-10-17T15:22:00","date_gmt":"2025-10-17T13:22:00","guid":{"rendered":"https:\/\/ekkla.ch\/produit\/beistelltisch-bebop-maya-blau-o40-cm-fermob\/"},"modified":"2025-10-17T15:56:26","modified_gmt":"2025-10-17T13:56:26","slug":"beistelltisch-bebop-maya-blau-o40-cm-fermob","status":"publish","type":"product","link":"https:\/\/ekkla.ch\/de\/produit\/beistelltisch-bebop-maya-blau-o40-cm-fermob\/","title":{"rendered":"Beistelltisch Bebop \u2013 Maya-Blau \u2013 \u00d840 cm \u2013 Fermob"},"content":{"rendered":"<p data-start=\"271\" data-end=\"455\">Bringen Sie mit dem Bebop Beistelltisch Kreativit\u00e4t und Funktionalit\u00e4t in Ihr Zuhause \u2013 ein puristisch gestaltetes M\u00f6belst\u00fcck, das sich m\u00fchelos an all Ihre Lebensmomente anpasst.<\/p>\n<p data-start=\"457\" data-end=\"704\">Dank seiner freischwebenden Struktur bietet dieser Beistelltisch eine aussergew\u00f6hnliche Beweglichkeit:<br data-start=\"563\" data-end=\"566\" \/>Arbeiten Sie bequem im Sessel, geniessen Sie ein Mittagessen auf der Terrasse oder schaffen Sie eine gem\u00fctliche Leseecke neben dem Sofa.<\/p>\n<p data-start=\"706\" data-end=\"958\">Die Tischplatte mit 40 cm Durchmesser bietet Platz f\u00fcr Laptop, Kaffee oder Buch \u2013 ganz nach Lust und Laune.<br data-start=\"817\" data-end=\"820\" \/>Leicht, aber robust, l\u00e4sst sich der Bebop-Tisch m\u00fchelos bewegen und f\u00fcgt sich harmonisch ins Wohnzimmer, Schlafzimmer oder B\u00fcro ein.<\/p>\n<p data-start=\"960\" data-end=\"1268\">Erh\u00e4ltlich in allen Fermob-Farben, k\u00f6nnen Sie Ihre Einrichtung individuell gestalten: Ton in Ton f\u00fcr eine sanfte Atmosph\u00e4re oder in einer kr\u00e4ftigen Farbe f\u00fcr einen modernen, verspielten Akzent.<br data-start=\"1157\" data-end=\"1160\" \/>Sein luftiges, minimalistisches Design belebt den Raum \u2013 drinnen wie draussen \u2013 ohne ihn zu \u00fcberladen.<\/p>\n<p data-start=\"1270\" data-end=\"1580\">Mit dem Bebop Beistelltisch geniessen Sie ein M\u00f6belst\u00fcck, das praktisch, dekorativ und verspielt ist \u2013 ganz im Fermob-Geist: die perfekte Verbindung von Sch\u00f6nheit und Funktionalit\u00e4t.<br data-start=\"1460\" data-end=\"1463\" \/>Ein Must-have f\u00fcr Designliebhaberinnen und -liebhaber, die Wert auf inspirierendes und vielseitiges Mobiliar legen.<\/p>\n<h3 data-start=\"1587\" data-end=\"1611\"><strong data-start=\"1591\" data-end=\"1611\">Technische Daten<\/strong><\/h3>\n<ul data-start=\"1612\" data-end=\"1771\">\n<li data-start=\"1612\" data-end=\"1633\">\n<p data-start=\"1614\" data-end=\"1633\"><strong data-start=\"1614\" data-end=\"1624\">Marke:<\/strong> Fermob<\/p>\n<\/li>\n<li data-start=\"1634\" data-end=\"1658\">\n<p data-start=\"1636\" data-end=\"1658\"><strong data-start=\"1636\" data-end=\"1646\">Farbe:<\/strong> Maya-Blau<\/p>\n<\/li>\n<li data-start=\"1659\" data-end=\"1696\">\n<p data-start=\"1661\" data-end=\"1696\"><strong data-start=\"1661\" data-end=\"1674\">Material:<\/strong> Aluminium und Stahl<\/p>\n<\/li>\n<li data-start=\"1697\" data-end=\"1725\">\n<p data-start=\"1699\" data-end=\"1725\"><strong data-start=\"1699\" data-end=\"1720\">Durchmesser (cm):<\/strong> 40<\/p>\n<\/li>\n<li data-start=\"1726\" data-end=\"1747\">\n<p data-start=\"1728\" data-end=\"1747\"><strong data-start=\"1728\" data-end=\"1742\">H\u00f6he (cm):<\/strong> 60<\/p>\n<\/li>\n<li data-start=\"1748\" data-end=\"1771\">\n<p data-start=\"1750\" data-end=\"1771\"><strong data-start=\"1750\" data-end=\"1767\">Gewicht (kg):<\/strong> 9<\/p>\n<\/li>\n<\/ul>\n<p data-start=\"1270\" data-end=\"1580\">\n","protected":false},"excerpt":{"rendered":"<p>Bringen Sie mit dem Bebop Beistelltisch Kreativit\u00e4t und Funktionalit\u00e4t in Ihr Zuhause \u2013 ein puristisch gestaltetes M\u00f6belst\u00fcck, das sich m\u00fchelos an all Ihre Lebensmomente anpasst. Dank seiner freischwebenden Struktur bietet dieser Beistelltisch eine aussergew\u00f6hnliche Beweglichkeit:Arbeiten Sie bequem im Sessel, geniessen Sie ein Mittagessen auf der Terrasse oder schaffen Sie eine gem\u00fctliche Leseecke neben dem Sofa. [&hellip;]<\/p>\n","protected":false},"featured_media":209116,"template":"","meta":{"_acf_changed":false,"om_disable_all_campaigns":false},"product_cat":[964,979],"product_tag":[1244,1265,403],"bundled_by":[],"bundle_stock_status":"instock","bundle_stock_quantity":1,"bundle_virtual":false,"bundle_layout":"","bundle_add_to_cart_form_location":"","bundle_editable_in_cart":false,"bundle_sold_individually_context":"","bundle_item_grouping":"","bundle_min_size":"","bundle_max_size":"","bundle_price":[],"bundled_items":[],"bundle_sell_ids":[],"acf":[],"yoast_head":"<!-- This site is optimized with the Yoast SEO Premium plugin v22.2 (Yoast SEO v22.8) - https:\/\/yoast.com\/wordpress\/plugins\/seo\/ -->\n<title>Beistelltisch Bebop | Maya-Blau | Aluminium | Fermob | Ekkla<\/title>\n<meta name=\"description\" content=\"Beistelltisch Bebop von Fermob: schlicht, mobil und farbenfroh. Ideal als Beistelltisch oder Sofatisch \u2013 f\u00fcr drinnen und draussen.\" \/>\n<meta name=\"robots\" content=\"index, follow, max-snippet:-1, max-image-preview:large, max-video-preview:-1\" \/>\n<link rel=\"canonical\" href=\"https:\/\/ekkla.ch\/de\/produit\/beistelltisch-bebop-maya-blau-o40-cm-fermob\/\" \/>\n<meta property=\"og:locale\" content=\"de_DE\" \/>\n<meta property=\"og:type\" content=\"article\" \/>\n<meta property=\"og:title\" content=\"Beistelltisch Bebop \u2013 Maya-Blau \u2013 \u00d840 cm \u2013 Fermob\" \/>\n<meta property=\"og:description\" content=\"Beistelltisch Bebop von Fermob: schlicht, mobil und farbenfroh. Ideal als Beistelltisch oder Sofatisch \u2013 f\u00fcr drinnen und draussen.\" \/>\n<meta property=\"og:url\" content=\"https:\/\/ekkla.ch\/de\/produit\/beistelltisch-bebop-maya-blau-o40-cm-fermob\/\" \/>\n<meta property=\"og:site_name\" content=\"Ekkla\" \/>\n<meta property=\"article:modified_time\" content=\"2025-10-17T13:56:26+00:00\" \/>\n<meta name=\"twitter:card\" content=\"summary_large_image\" \/>\n<meta name=\"twitter:label1\" content=\"Gesch\u00e4tzte Lesezeit\" \/>\n\t<meta name=\"twitter:data1\" content=\"1\u00a0Minute\" \/>\n<script type=\"application\/ld+json\" class=\"yoast-schema-graph\">{\"@context\":\"https:\/\/schema.org\",\"@graph\":[{\"@type\":\"WebPage\",\"@id\":\"https:\/\/ekkla.ch\/de\/produit\/beistelltisch-bebop-maya-blau-o40-cm-fermob\/\",\"url\":\"https:\/\/ekkla.ch\/de\/produit\/beistelltisch-bebop-maya-blau-o40-cm-fermob\/\",\"name\":\"Beistelltisch Bebop | Maya-Blau | Aluminium | Fermob | Ekkla\",\"isPartOf\":{\"@id\":\"https:\/\/ekkla.ch\/#website\"},\"primaryImageOfPage\":{\"@id\":\"https:\/\/ekkla.ch\/de\/produit\/beistelltisch-bebop-maya-blau-o40-cm-fermob\/#primaryimage\"},\"image\":{\"@id\":\"https:\/\/ekkla.ch\/de\/produit\/beistelltisch-bebop-maya-blau-o40-cm-fermob\/#primaryimage\"},\"thumbnailUrl\":\"https:\/\/ekkla.ch\/wp-content\/uploads\/2025\/10\/2.jpg\",\"datePublished\":\"2025-10-17T13:22:00+00:00\",\"dateModified\":\"2025-10-17T13:56:26+00:00\",\"description\":\"Beistelltisch Bebop von Fermob: schlicht, mobil und farbenfroh. Ideal als Beistelltisch oder Sofatisch \u2013 f\u00fcr drinnen und draussen.\",\"breadcrumb\":{\"@id\":\"https:\/\/ekkla.ch\/de\/produit\/beistelltisch-bebop-maya-blau-o40-cm-fermob\/#breadcrumb\"},\"inLanguage\":\"de\",\"potentialAction\":[{\"@type\":\"ReadAction\",\"target\":[\"https:\/\/ekkla.ch\/de\/produit\/beistelltisch-bebop-maya-blau-o40-cm-fermob\/\"]}]},{\"@type\":\"ImageObject\",\"inLanguage\":\"de\",\"@id\":\"https:\/\/ekkla.ch\/de\/produit\/beistelltisch-bebop-maya-blau-o40-cm-fermob\/#primaryimage\",\"url\":\"https:\/\/ekkla.ch\/wp-content\/uploads\/2025\/10\/2.jpg\",\"contentUrl\":\"https:\/\/ekkla.ch\/wp-content\/uploads\/2025\/10\/2.jpg\",\"width\":1000,\"height\":1000},{\"@type\":\"BreadcrumbList\",\"@id\":\"https:\/\/ekkla.ch\/de\/produit\/beistelltisch-bebop-maya-blau-o40-cm-fermob\/#breadcrumb\",\"itemListElement\":[{\"@type\":\"ListItem\",\"position\":1,\"name\":\"Home\",\"item\":\"https:\/\/ekkla.ch\/de\/\"},{\"@type\":\"ListItem\",\"position\":2,\"name\":\"Shop\",\"item\":\"https:\/\/ekkla.ch\/de\/shop\/\"},{\"@type\":\"ListItem\",\"position\":3,\"name\":\"Beistelltisch Bebop \u2013 Maya-Blau \u2013 \u00d840 cm \u2013 Fermob\"}]},{\"@type\":\"WebSite\",\"@id\":\"https:\/\/ekkla.ch\/#website\",\"url\":\"https:\/\/ekkla.ch\/\",\"name\":\"Ekkla\",\"description\":\"Der Onlineshop f\u00fcr Beleuchtung\",\"publisher\":{\"@id\":\"https:\/\/ekkla.ch\/#organization\"},\"potentialAction\":[{\"@type\":\"SearchAction\",\"target\":{\"@type\":\"EntryPoint\",\"urlTemplate\":\"https:\/\/ekkla.ch\/?s={search_term_string}\"},\"query-input\":\"required name=search_term_string\"}],\"inLanguage\":\"de\"},{\"@type\":\"Organization\",\"@id\":\"https:\/\/ekkla.ch\/#organization\",\"name\":\"Ekkla\",\"url\":\"https:\/\/ekkla.ch\/\",\"logo\":{\"@type\":\"ImageObject\",\"inLanguage\":\"de\",\"@id\":\"https:\/\/ekkla.ch\/#\/schema\/logo\/image\/\",\"url\":\"http:\/\/ekkla.ch\/wp-content\/uploads\/2019\/07\/logo-1.svg\",\"contentUrl\":\"http:\/\/ekkla.ch\/wp-content\/uploads\/2019\/07\/logo-1.svg\",\"width\":1,\"height\":1,\"caption\":\"Ekkla\"},\"image\":{\"@id\":\"https:\/\/ekkla.ch\/#\/schema\/logo\/image\/\"},\"sameAs\":[\"https:\/\/www.instagram.com\/ekkla_light\/\"]}]}<\/script>\n<!-- \/ Yoast SEO Premium plugin. -->","yoast_head_json":{"title":"Beistelltisch Bebop | Maya-Blau | Aluminium | Fermob | Ekkla","description":"Beistelltisch Bebop von Fermob: schlicht, mobil und farbenfroh. Ideal als Beistelltisch oder Sofatisch \u2013 f\u00fcr drinnen und draussen.","robots":{"index":"index","follow":"follow","max-snippet":"max-snippet:-1","max-image-preview":"max-image-preview:large","max-video-preview":"max-video-preview:-1"},"canonical":"https:\/\/ekkla.ch\/de\/produit\/beistelltisch-bebop-maya-blau-o40-cm-fermob\/","og_locale":"de_DE","og_type":"article","og_title":"Beistelltisch Bebop \u2013 Maya-Blau \u2013 \u00d840 cm \u2013 Fermob","og_description":"Beistelltisch Bebop von Fermob: schlicht, mobil und farbenfroh. Ideal als Beistelltisch oder Sofatisch \u2013 f\u00fcr drinnen und draussen.","og_url":"https:\/\/ekkla.ch\/de\/produit\/beistelltisch-bebop-maya-blau-o40-cm-fermob\/","og_site_name":"Ekkla","article_modified_time":"2025-10-17T13:56:26+00:00","twitter_card":"summary_large_image","twitter_misc":{"Gesch\u00e4tzte Lesezeit":"1\u00a0Minute"},"schema":{"@context":"https:\/\/schema.org","@graph":[{"@type":"WebPage","@id":"https:\/\/ekkla.ch\/de\/produit\/beistelltisch-bebop-maya-blau-o40-cm-fermob\/","url":"https:\/\/ekkla.ch\/de\/produit\/beistelltisch-bebop-maya-blau-o40-cm-fermob\/","name":"Beistelltisch Bebop | Maya-Blau | Aluminium | Fermob | Ekkla","isPartOf":{"@id":"https:\/\/ekkla.ch\/#website"},"primaryImageOfPage":{"@id":"https:\/\/ekkla.ch\/de\/produit\/beistelltisch-bebop-maya-blau-o40-cm-fermob\/#primaryimage"},"image":{"@id":"https:\/\/ekkla.ch\/de\/produit\/beistelltisch-bebop-maya-blau-o40-cm-fermob\/#primaryimage"},"thumbnailUrl":"https:\/\/ekkla.ch\/wp-content\/uploads\/2025\/10\/2.jpg","datePublished":"2025-10-17T13:22:00+00:00","dateModified":"2025-10-17T13:56:26+00:00","description":"Beistelltisch Bebop von Fermob: schlicht, mobil und farbenfroh. Ideal als Beistelltisch oder Sofatisch \u2013 f\u00fcr drinnen und draussen.","breadcrumb":{"@id":"https:\/\/ekkla.ch\/de\/produit\/beistelltisch-bebop-maya-blau-o40-cm-fermob\/#breadcrumb"},"inLanguage":"de","potentialAction":[{"@type":"ReadAction","target":["https:\/\/ekkla.ch\/de\/produit\/beistelltisch-bebop-maya-blau-o40-cm-fermob\/"]}]},{"@type":"ImageObject","inLanguage":"de","@id":"https:\/\/ekkla.ch\/de\/produit\/beistelltisch-bebop-maya-blau-o40-cm-fermob\/#primaryimage","url":"https:\/\/ekkla.ch\/wp-content\/uploads\/2025\/10\/2.jpg","contentUrl":"https:\/\/ekkla.ch\/wp-content\/uploads\/2025\/10\/2.jpg","width":1000,"height":1000},{"@type":"BreadcrumbList","@id":"https:\/\/ekkla.ch\/de\/produit\/beistelltisch-bebop-maya-blau-o40-cm-fermob\/#breadcrumb","itemListElement":[{"@type":"ListItem","position":1,"name":"Home","item":"https:\/\/ekkla.ch\/de\/"},{"@type":"ListItem","position":2,"name":"Shop","item":"https:\/\/ekkla.ch\/de\/shop\/"},{"@type":"ListItem","position":3,"name":"Beistelltisch Bebop \u2013 Maya-Blau \u2013 \u00d840 cm \u2013 Fermob"}]},{"@type":"WebSite","@id":"https:\/\/ekkla.ch\/#website","url":"https:\/\/ekkla.ch\/","name":"Ekkla","description":"Der Onlineshop f\u00fcr Beleuchtung","publisher":{"@id":"https:\/\/ekkla.ch\/#organization"},"potentialAction":[{"@type":"SearchAction","target":{"@type":"EntryPoint","urlTemplate":"https:\/\/ekkla.ch\/?s={search_term_string}"},"query-input":"required name=search_term_string"}],"inLanguage":"de"},{"@type":"Organization","@id":"https:\/\/ekkla.ch\/#organization","name":"Ekkla","url":"https:\/\/ekkla.ch\/","logo":{"@type":"ImageObject","inLanguage":"de","@id":"https:\/\/ekkla.ch\/#\/schema\/logo\/image\/","url":"http:\/\/ekkla.ch\/wp-content\/uploads\/2019\/07\/logo-1.svg","contentUrl":"http:\/\/ekkla.ch\/wp-content\/uploads\/2019\/07\/logo-1.svg","width":1,"height":1,"caption":"Ekkla"},"image":{"@id":"https:\/\/ekkla.ch\/#\/schema\/logo\/image\/"},"sameAs":["https:\/\/www.instagram.com\/ekkla_light\/"]}]}},"_links":{"self":[{"href":"https:\/\/ekkla.ch\/de\/wp-json\/wp\/v2\/product\/209096"}],"collection":[{"href":"https:\/\/ekkla.ch\/de\/wp-json\/wp\/v2\/product"}],"about":[{"href":"https:\/\/ekkla.ch\/de\/wp-json\/wp\/v2\/types\/product"}],"wp:featuredmedia":[{"embeddable":true,"href":"https:\/\/ekkla.ch\/de\/wp-json\/wp\/v2\/media\/209116"}],"wp:attachment":[{"href":"https:\/\/ekkla.ch\/de\/wp-json\/wp\/v2\/media?parent=209096"}],"wp:term":[{"taxonomy":"product_cat","embeddable":true,"href":"https:\/\/ekkla.ch\/de\/wp-json\/wp\/v2\/product_cat?post=209096"},{"taxonomy":"product_tag","embeddable":true,"href":"https:\/\/ekkla.ch\/de\/wp-json\/wp\/v2\/product_tag?post=209096"}],"curies":[{"name":"wp","href":"https:\/\/api.w.org\/{rel}","templated":true}]}}