{"id":209114,"date":"2025-10-17T15:57:20","date_gmt":"2025-10-17T13:57:20","guid":{"rendered":"https:\/\/ekkla.ch\/produit\/couchtisch-bebop-baumwoll-weiss-o45-cm-fermob\/"},"modified":"2025-10-17T16:15:28","modified_gmt":"2025-10-17T14:15:28","slug":"couchtisch-bebop-baumwoll-weiss-o45-cm-fermob","status":"publish","type":"product","link":"https:\/\/ekkla.ch\/de\/produit\/couchtisch-bebop-baumwoll-weiss-o45-cm-fermob\/","title":{"rendered":"Couchtisch Bebop \u2013 Baumwoll-Weiss \u2013 \u00d845 cm \u2013 Fermob"},"content":{"rendered":"<p data-start=\"246\" data-end=\"402\">Verleihen Sie Ihren R\u00e4umen Stil mit dem kleinen Couchtisch von Fermob \u2013 ein ikonisches St\u00fcck, das Kreativit\u00e4t, Eleganz und Funktionalit\u00e4t vereint.<\/p>\n<p data-start=\"404\" data-end=\"584\">Mit seiner Tischplatte von 45 cm Durchmesser ist er das kompakteste Modell der Kollektion: perfekt als Beistelltisch, Nachttisch im Designerstil oder kleiner Gartentisch.<\/p>\n<p data-start=\"586\" data-end=\"803\">Sein sanft gerundetes Design, entworfen von einem Designer der \u00c9cole des Arts D\u00e9coratifs in Paris, verk\u00f6rpert ganz den Fermob-Geist: weiche Linien, lebendige Farben und ein langlebiges, durchdachtes Konzept.<\/p>\n<p data-start=\"805\" data-end=\"1095\">Aus UV- und korrosionsbest\u00e4ndig behandeltem Metall gefertigt, ist dieser Tisch \u00e4usserst wetterfest \u2013 ideal f\u00fcr drinnen und draussen.<br data-start=\"941\" data-end=\"944\" \/>Leicht, praktisch und voller Charakter f\u00fcgt er sich harmonisch in jeden Einrichtungsstil ein \u2013 vom modernen Wohnzimmer bis zur farbenfrohen Terrasse.<\/p>\n<p data-start=\"1097\" data-end=\"1225\">Eine Ikone des Fermob-Outdoor-Mobiliars, geschaffen, um Ihre Entspannungsmomente mit Stil und Pers\u00f6nlichkeit zu begleiten.<\/p>\n<h3 data-start=\"1232\" data-end=\"1256\"><strong data-start=\"1236\" data-end=\"1256\">Technische Daten<\/strong><\/h3>\n<ul data-start=\"1257\" data-end=\"1425\">\n<li data-start=\"1257\" data-end=\"1278\">\n<p data-start=\"1259\" data-end=\"1278\"><strong data-start=\"1259\" data-end=\"1269\">Marke:<\/strong> Fermob<\/p>\n<\/li>\n<li data-start=\"1279\" data-end=\"1308\">\n<p data-start=\"1281\" data-end=\"1308\"><strong data-start=\"1281\" data-end=\"1291\">Farbe:<\/strong> Baumwoll-Weiss<\/p>\n<\/li>\n<li data-start=\"1309\" data-end=\"1346\">\n<p data-start=\"1311\" data-end=\"1346\"><strong data-start=\"1311\" data-end=\"1324\">Material:<\/strong> Aluminium und Stahl<\/p>\n<\/li>\n<li data-start=\"1347\" data-end=\"1375\">\n<p data-start=\"1349\" data-end=\"1375\"><strong data-start=\"1349\" data-end=\"1370\">Durchmesser (cm):<\/strong> 45<\/p>\n<\/li>\n<li data-start=\"1376\" data-end=\"1399\">\n<p data-start=\"1378\" data-end=\"1399\"><strong data-start=\"1378\" data-end=\"1392\">H\u00f6he (cm):<\/strong> 45.5<\/p>\n<\/li>\n<li data-start=\"1400\" data-end=\"1425\">\n<p data-start=\"1402\" data-end=\"1425\"><strong data-start=\"1402\" data-end=\"1419\">Gewicht (kg):<\/strong> 6.5<\/p>\n<\/li>\n<\/ul>\n","protected":false},"excerpt":{"rendered":"<p>Verleihen Sie Ihren R\u00e4umen Stil mit dem kleinen Couchtisch von Fermob \u2013 ein ikonisches St\u00fcck, das Kreativit\u00e4t, Eleganz und Funktionalit\u00e4t vereint. Mit seiner Tischplatte von 45 cm Durchmesser ist er das kompakteste Modell der Kollektion: perfekt als Beistelltisch, Nachttisch im Designerstil oder kleiner Gartentisch. Sein sanft gerundetes Design, entworfen von einem Designer der \u00c9cole des [&hellip;]<\/p>\n","protected":false},"featured_media":209126,"template":"","meta":{"_acf_changed":false,"om_disable_all_campaigns":false},"product_cat":[964,979],"product_tag":[],"bundled_by":[],"bundle_stock_status":"onbackorder","bundle_stock_quantity":1,"bundle_virtual":false,"bundle_layout":"","bundle_add_to_cart_form_location":"","bundle_editable_in_cart":false,"bundle_sold_individually_context":"","bundle_item_grouping":"","bundle_min_size":"","bundle_max_size":"","bundle_price":[],"bundled_items":[],"bundle_sell_ids":[],"acf":[],"yoast_head":"<!-- This site is optimized with the Yoast SEO Premium plugin v22.2 (Yoast SEO v22.8) - https:\/\/yoast.com\/wordpress\/plugins\/seo\/ -->\n<title>Couchtisch Bebop | Baumwoll-Weiss | Aluminium | Fermob | Ekkla<\/title>\n<meta name=\"description\" content=\"Couchtisch Bebop von Fermob: schlicht, mobil und farbenfroh. Ideal als Beistelltisch oder Sofatisch \u2013 f\u00fcr drinnen und draussen.\" \/>\n<meta name=\"robots\" content=\"index, follow, max-snippet:-1, max-image-preview:large, max-video-preview:-1\" \/>\n<link rel=\"canonical\" href=\"https:\/\/ekkla.ch\/de\/produit\/couchtisch-bebop-baumwoll-weiss-o45-cm-fermob\/\" \/>\n<meta property=\"og:locale\" content=\"de_DE\" \/>\n<meta property=\"og:type\" content=\"article\" \/>\n<meta property=\"og:title\" content=\"Couchtisch Bebop \u2013 Baumwoll-Weiss \u2013 \u00d845 cm \u2013 Fermob\" \/>\n<meta property=\"og:description\" content=\"Couchtisch Bebop von Fermob: schlicht, mobil und farbenfroh. Ideal als Beistelltisch oder Sofatisch \u2013 f\u00fcr drinnen und draussen.\" \/>\n<meta property=\"og:url\" content=\"https:\/\/ekkla.ch\/de\/produit\/couchtisch-bebop-baumwoll-weiss-o45-cm-fermob\/\" \/>\n<meta property=\"og:site_name\" content=\"Ekkla\" \/>\n<meta property=\"article:modified_time\" content=\"2025-10-17T14:15:28+00:00\" \/>\n<meta name=\"twitter:card\" content=\"summary_large_image\" \/>\n<meta name=\"twitter:label1\" content=\"Gesch\u00e4tzte Lesezeit\" \/>\n\t<meta name=\"twitter:data1\" content=\"1\u00a0Minute\" \/>\n<script type=\"application\/ld+json\" class=\"yoast-schema-graph\">{\"@context\":\"https:\/\/schema.org\",\"@graph\":[{\"@type\":\"WebPage\",\"@id\":\"https:\/\/ekkla.ch\/de\/produit\/couchtisch-bebop-baumwoll-weiss-o45-cm-fermob\/\",\"url\":\"https:\/\/ekkla.ch\/de\/produit\/couchtisch-bebop-baumwoll-weiss-o45-cm-fermob\/\",\"name\":\"Couchtisch Bebop | Baumwoll-Weiss | Aluminium | Fermob | Ekkla\",\"isPartOf\":{\"@id\":\"https:\/\/ekkla.ch\/#website\"},\"primaryImageOfPage\":{\"@id\":\"https:\/\/ekkla.ch\/de\/produit\/couchtisch-bebop-baumwoll-weiss-o45-cm-fermob\/#primaryimage\"},\"image\":{\"@id\":\"https:\/\/ekkla.ch\/de\/produit\/couchtisch-bebop-baumwoll-weiss-o45-cm-fermob\/#primaryimage\"},\"thumbnailUrl\":\"https:\/\/ekkla.ch\/wp-content\/uploads\/2025\/10\/chaise-sisley-image-produit-horgenglaurs-ekkla.jpg\",\"datePublished\":\"2025-10-17T13:57:20+00:00\",\"dateModified\":\"2025-10-17T14:15:28+00:00\",\"description\":\"Couchtisch Bebop von Fermob: schlicht, mobil und farbenfroh. Ideal als Beistelltisch oder Sofatisch \u2013 f\u00fcr drinnen und draussen.\",\"breadcrumb\":{\"@id\":\"https:\/\/ekkla.ch\/de\/produit\/couchtisch-bebop-baumwoll-weiss-o45-cm-fermob\/#breadcrumb\"},\"inLanguage\":\"de\",\"potentialAction\":[{\"@type\":\"ReadAction\",\"target\":[\"https:\/\/ekkla.ch\/de\/produit\/couchtisch-bebop-baumwoll-weiss-o45-cm-fermob\/\"]}]},{\"@type\":\"ImageObject\",\"inLanguage\":\"de\",\"@id\":\"https:\/\/ekkla.ch\/de\/produit\/couchtisch-bebop-baumwoll-weiss-o45-cm-fermob\/#primaryimage\",\"url\":\"https:\/\/ekkla.ch\/wp-content\/uploads\/2025\/10\/chaise-sisley-image-produit-horgenglaurs-ekkla.jpg\",\"contentUrl\":\"https:\/\/ekkla.ch\/wp-content\/uploads\/2025\/10\/chaise-sisley-image-produit-horgenglaurs-ekkla.jpg\",\"width\":1000,\"height\":1000},{\"@type\":\"BreadcrumbList\",\"@id\":\"https:\/\/ekkla.ch\/de\/produit\/couchtisch-bebop-baumwoll-weiss-o45-cm-fermob\/#breadcrumb\",\"itemListElement\":[{\"@type\":\"ListItem\",\"position\":1,\"name\":\"Home\",\"item\":\"https:\/\/ekkla.ch\/de\/\"},{\"@type\":\"ListItem\",\"position\":2,\"name\":\"Shop\",\"item\":\"https:\/\/ekkla.ch\/de\/shop\/\"},{\"@type\":\"ListItem\",\"position\":3,\"name\":\"Couchtisch Bebop \u2013 Baumwoll-Weiss \u2013 \u00d845 cm \u2013 Fermob\"}]},{\"@type\":\"WebSite\",\"@id\":\"https:\/\/ekkla.ch\/#website\",\"url\":\"https:\/\/ekkla.ch\/\",\"name\":\"Ekkla\",\"description\":\"Der Onlineshop f\u00fcr Beleuchtung\",\"publisher\":{\"@id\":\"https:\/\/ekkla.ch\/#organization\"},\"potentialAction\":[{\"@type\":\"SearchAction\",\"target\":{\"@type\":\"EntryPoint\",\"urlTemplate\":\"https:\/\/ekkla.ch\/?s={search_term_string}\"},\"query-input\":\"required name=search_term_string\"}],\"inLanguage\":\"de\"},{\"@type\":\"Organization\",\"@id\":\"https:\/\/ekkla.ch\/#organization\",\"name\":\"Ekkla\",\"url\":\"https:\/\/ekkla.ch\/\",\"logo\":{\"@type\":\"ImageObject\",\"inLanguage\":\"de\",\"@id\":\"https:\/\/ekkla.ch\/#\/schema\/logo\/image\/\",\"url\":\"http:\/\/ekkla.ch\/wp-content\/uploads\/2019\/07\/logo-1.svg\",\"contentUrl\":\"http:\/\/ekkla.ch\/wp-content\/uploads\/2019\/07\/logo-1.svg\",\"width\":1,\"height\":1,\"caption\":\"Ekkla\"},\"image\":{\"@id\":\"https:\/\/ekkla.ch\/#\/schema\/logo\/image\/\"},\"sameAs\":[\"https:\/\/www.instagram.com\/ekkla_light\/\"]}]}<\/script>\n<!-- \/ Yoast SEO Premium plugin. -->","yoast_head_json":{"title":"Couchtisch Bebop | Baumwoll-Weiss | Aluminium | Fermob | Ekkla","description":"Couchtisch Bebop von Fermob: schlicht, mobil und farbenfroh. Ideal als Beistelltisch oder Sofatisch \u2013 f\u00fcr drinnen und draussen.","robots":{"index":"index","follow":"follow","max-snippet":"max-snippet:-1","max-image-preview":"max-image-preview:large","max-video-preview":"max-video-preview:-1"},"canonical":"https:\/\/ekkla.ch\/de\/produit\/couchtisch-bebop-baumwoll-weiss-o45-cm-fermob\/","og_locale":"de_DE","og_type":"article","og_title":"Couchtisch Bebop \u2013 Baumwoll-Weiss \u2013 \u00d845 cm \u2013 Fermob","og_description":"Couchtisch Bebop von Fermob: schlicht, mobil und farbenfroh. Ideal als Beistelltisch oder Sofatisch \u2013 f\u00fcr drinnen und draussen.","og_url":"https:\/\/ekkla.ch\/de\/produit\/couchtisch-bebop-baumwoll-weiss-o45-cm-fermob\/","og_site_name":"Ekkla","article_modified_time":"2025-10-17T14:15:28+00:00","twitter_card":"summary_large_image","twitter_misc":{"Gesch\u00e4tzte Lesezeit":"1\u00a0Minute"},"schema":{"@context":"https:\/\/schema.org","@graph":[{"@type":"WebPage","@id":"https:\/\/ekkla.ch\/de\/produit\/couchtisch-bebop-baumwoll-weiss-o45-cm-fermob\/","url":"https:\/\/ekkla.ch\/de\/produit\/couchtisch-bebop-baumwoll-weiss-o45-cm-fermob\/","name":"Couchtisch Bebop | Baumwoll-Weiss | Aluminium | Fermob | Ekkla","isPartOf":{"@id":"https:\/\/ekkla.ch\/#website"},"primaryImageOfPage":{"@id":"https:\/\/ekkla.ch\/de\/produit\/couchtisch-bebop-baumwoll-weiss-o45-cm-fermob\/#primaryimage"},"image":{"@id":"https:\/\/ekkla.ch\/de\/produit\/couchtisch-bebop-baumwoll-weiss-o45-cm-fermob\/#primaryimage"},"thumbnailUrl":"https:\/\/ekkla.ch\/wp-content\/uploads\/2025\/10\/chaise-sisley-image-produit-horgenglaurs-ekkla.jpg","datePublished":"2025-10-17T13:57:20+00:00","dateModified":"2025-10-17T14:15:28+00:00","description":"Couchtisch Bebop von Fermob: schlicht, mobil und farbenfroh. Ideal als Beistelltisch oder Sofatisch \u2013 f\u00fcr drinnen und draussen.","breadcrumb":{"@id":"https:\/\/ekkla.ch\/de\/produit\/couchtisch-bebop-baumwoll-weiss-o45-cm-fermob\/#breadcrumb"},"inLanguage":"de","potentialAction":[{"@type":"ReadAction","target":["https:\/\/ekkla.ch\/de\/produit\/couchtisch-bebop-baumwoll-weiss-o45-cm-fermob\/"]}]},{"@type":"ImageObject","inLanguage":"de","@id":"https:\/\/ekkla.ch\/de\/produit\/couchtisch-bebop-baumwoll-weiss-o45-cm-fermob\/#primaryimage","url":"https:\/\/ekkla.ch\/wp-content\/uploads\/2025\/10\/chaise-sisley-image-produit-horgenglaurs-ekkla.jpg","contentUrl":"https:\/\/ekkla.ch\/wp-content\/uploads\/2025\/10\/chaise-sisley-image-produit-horgenglaurs-ekkla.jpg","width":1000,"height":1000},{"@type":"BreadcrumbList","@id":"https:\/\/ekkla.ch\/de\/produit\/couchtisch-bebop-baumwoll-weiss-o45-cm-fermob\/#breadcrumb","itemListElement":[{"@type":"ListItem","position":1,"name":"Home","item":"https:\/\/ekkla.ch\/de\/"},{"@type":"ListItem","position":2,"name":"Shop","item":"https:\/\/ekkla.ch\/de\/shop\/"},{"@type":"ListItem","position":3,"name":"Couchtisch Bebop \u2013 Baumwoll-Weiss \u2013 \u00d845 cm \u2013 Fermob"}]},{"@type":"WebSite","@id":"https:\/\/ekkla.ch\/#website","url":"https:\/\/ekkla.ch\/","name":"Ekkla","description":"Der Onlineshop f\u00fcr Beleuchtung","publisher":{"@id":"https:\/\/ekkla.ch\/#organization"},"potentialAction":[{"@type":"SearchAction","target":{"@type":"EntryPoint","urlTemplate":"https:\/\/ekkla.ch\/?s={search_term_string}"},"query-input":"required name=search_term_string"}],"inLanguage":"de"},{"@type":"Organization","@id":"https:\/\/ekkla.ch\/#organization","name":"Ekkla","url":"https:\/\/ekkla.ch\/","logo":{"@type":"ImageObject","inLanguage":"de","@id":"https:\/\/ekkla.ch\/#\/schema\/logo\/image\/","url":"http:\/\/ekkla.ch\/wp-content\/uploads\/2019\/07\/logo-1.svg","contentUrl":"http:\/\/ekkla.ch\/wp-content\/uploads\/2019\/07\/logo-1.svg","width":1,"height":1,"caption":"Ekkla"},"image":{"@id":"https:\/\/ekkla.ch\/#\/schema\/logo\/image\/"},"sameAs":["https:\/\/www.instagram.com\/ekkla_light\/"]}]}},"_links":{"self":[{"href":"https:\/\/ekkla.ch\/de\/wp-json\/wp\/v2\/product\/209114"}],"collection":[{"href":"https:\/\/ekkla.ch\/de\/wp-json\/wp\/v2\/product"}],"about":[{"href":"https:\/\/ekkla.ch\/de\/wp-json\/wp\/v2\/types\/product"}],"wp:featuredmedia":[{"embeddable":true,"href":"https:\/\/ekkla.ch\/de\/wp-json\/wp\/v2\/media\/209126"}],"wp:attachment":[{"href":"https:\/\/ekkla.ch\/de\/wp-json\/wp\/v2\/media?parent=209114"}],"wp:term":[{"taxonomy":"product_cat","embeddable":true,"href":"https:\/\/ekkla.ch\/de\/wp-json\/wp\/v2\/product_cat?post=209114"},{"taxonomy":"product_tag","embeddable":true,"href":"https:\/\/ekkla.ch\/de\/wp-json\/wp\/v2\/product_tag?post=209114"}],"curies":[{"name":"wp","href":"https:\/\/api.w.org\/{rel}","templated":true}]}}