{"id":209147,"date":"2025-10-17T16:32:33","date_gmt":"2025-10-17T14:32:33","guid":{"rendered":"https:\/\/ekkla.ch\/produit\/schreibtisch-pavilion-av17-lackierte-eiche-und-cremefarbenes-linoleum-verchromtes-gestell-tradition\/"},"modified":"2025-10-17T17:08:40","modified_gmt":"2025-10-17T15:08:40","slug":"schreibtisch-pavilion-av17-lackierte-eiche-und-cremefarbenes-linoleum-verchromtes-gestell-tradition","status":"publish","type":"product","link":"https:\/\/ekkla.ch\/de\/produit\/schreibtisch-pavilion-av17-lackierte-eiche-und-cremefarbenes-linoleum-verchromtes-gestell-tradition\/","title":{"rendered":"Schreibtisch Pavilion AV17 \u2013 lackierte Eiche und cremefarbenes Linoleum \u2013 verchromtes Gestell \u2013 &#038;Tradition"},"content":{"rendered":"<p><strong data-start=\"0\" data-end=\"34\">Der Schreibtisch Pavilion AV17<\/strong>, entworfen von <strong data-start=\"50\" data-end=\"70\" data-is-only-node=\"\">Anderssen &amp; Voll<\/strong> f\u00fcr <strong data-start=\"75\" data-end=\"89\">&amp;Tradition<\/strong>, vereint skandinavische Eleganz mit zeitloser Funktionalit\u00e4t. Inspiriert von den anmutigen Linien des Pavillons von Langelinie in Kopenhagen, besticht er durch seine leichte Silhouette und die perfekte Balance zwischen Schlichtheit und Raffinesse. Die Linoleum-Arbeitsfl\u00e4che, eingefasst von einer furnierten Holzkante, bietet eine angenehm weiche Haptik, w\u00e4hrend das verchromte Stahlgestell Stabilit\u00e4t und Leichtigkeit verleiht. Kompakt und dennoch ger\u00e4umig f\u00fcgt sich der Pavilion AV17 harmonisch in moderne Wohnr\u00e4ume ein \u2013 ob als Arbeitstisch, Konsole oder eleganter Beistelltisch. Sein sanft geschwungenes Design und die edlen Materialien verk\u00f6rpern die Handwerkskunst von <strong data-start=\"765\" data-end=\"779\">&amp;Tradition<\/strong>: ein zeitloses M\u00f6belst\u00fcck, geschaffen, um zu bestehen und t\u00e4gliche Kreativit\u00e4t zu inspirieren.<\/p>\n<p><strong data-start=\"878\" data-end=\"898\">Technische Daten<\/strong><br data-start=\"898\" data-end=\"901\" \/>Marke: &amp;Tradition<br data-start=\"918\" data-end=\"921\" \/>Farben: helles Eichenholz und Offwhite<br data-start=\"959\" data-end=\"962\" \/>Materialien: Eichenholz, Linoleum und Stahl<br data-start=\"1005\" data-end=\"1008\" \/>Tiefe (cm): 66<br data-start=\"1022\" data-end=\"1025\" \/>Gesamth\u00f6he (cm): 81<br data-start=\"1044\" data-end=\"1047\" \/>Arbeitsh\u00f6he (cm): 74<br data-start=\"1067\" data-end=\"1070\" \/>Breite (cm): 132<br data-start=\"1086\" data-end=\"1089\" \/>Gewicht (kg): 27.6<\/p>\n","protected":false},"excerpt":{"rendered":"<p>Der Schreibtisch Pavilion AV17, entworfen von Anderssen &amp; Voll f\u00fcr &amp;Tradition, vereint skandinavische Eleganz mit zeitloser Funktionalit\u00e4t. Inspiriert von den anmutigen Linien des Pavillons von Langelinie in Kopenhagen, besticht er durch seine leichte Silhouette und die perfekte Balance zwischen Schlichtheit und Raffinesse. Die Linoleum-Arbeitsfl\u00e4che, eingefasst von einer furnierten Holzkante, bietet eine angenehm weiche Haptik, w\u00e4hrend [&hellip;]<\/p>\n","protected":false},"featured_media":209138,"template":"","meta":{"_acf_changed":false,"om_disable_all_campaigns":false},"product_cat":[1038,964],"product_tag":[1242,403],"bundled_by":[],"bundle_stock_status":"instock","bundle_stock_quantity":1,"bundle_virtual":false,"bundle_layout":"","bundle_add_to_cart_form_location":"","bundle_editable_in_cart":false,"bundle_sold_individually_context":"","bundle_item_grouping":"","bundle_min_size":"","bundle_max_size":"","bundle_price":[],"bundled_items":[],"bundle_sell_ids":[],"acf":[],"yoast_head":"<!-- This site is optimized with the Yoast SEO Premium plugin v22.2 (Yoast SEO v22.8) - https:\/\/yoast.com\/wordpress\/plugins\/seo\/ -->\n<title>Pavilion AV17 \u2013 Skandinavischer Schreibtisch aus Eiche und Linoleum von &amp;Tradition<\/title>\n<meta name=\"description\" content=\"Entdecken Sie den Pavilion AV17 Schreibtisch von &amp;Tradition. Skandinavisches, klares Design aus Holz, Linoleum und Stahl \u2013 f\u00fcr einen eleganten und funktionalen Arbeitsplatz.\" \/>\n<meta name=\"robots\" content=\"index, follow, max-snippet:-1, max-image-preview:large, max-video-preview:-1\" \/>\n<link rel=\"canonical\" href=\"https:\/\/ekkla.ch\/de\/produit\/schreibtisch-pavilion-av17-lackierte-eiche-und-cremefarbenes-linoleum-verchromtes-gestell-tradition\/\" \/>\n<meta property=\"og:locale\" content=\"de_DE\" \/>\n<meta property=\"og:type\" content=\"article\" \/>\n<meta property=\"og:title\" content=\"Schreibtisch Pavilion AV17 \u2013 lackierte Eiche und cremefarbenes Linoleum \u2013 verchromtes Gestell \u2013 &amp;Tradition\" \/>\n<meta property=\"og:description\" content=\"Entdecken Sie den Pavilion AV17 Schreibtisch von &amp;Tradition. Skandinavisches, klares Design aus Holz, Linoleum und Stahl \u2013 f\u00fcr einen eleganten und funktionalen Arbeitsplatz.\" \/>\n<meta property=\"og:url\" content=\"https:\/\/ekkla.ch\/de\/produit\/schreibtisch-pavilion-av17-lackierte-eiche-und-cremefarbenes-linoleum-verchromtes-gestell-tradition\/\" \/>\n<meta property=\"og:site_name\" content=\"Ekkla\" \/>\n<meta property=\"article:modified_time\" content=\"2025-10-17T15:08:40+00:00\" \/>\n<meta property=\"og:image\" content=\"https:\/\/ekkla.ch\/wp-content\/uploads\/2025\/10\/2-1.jpg\" \/>\n\t<meta property=\"og:image:width\" content=\"1000\" \/>\n\t<meta property=\"og:image:height\" content=\"1000\" \/>\n\t<meta property=\"og:image:type\" content=\"image\/jpeg\" \/>\n<meta name=\"twitter:card\" content=\"summary_large_image\" \/>\n<meta name=\"twitter:label1\" content=\"Gesch\u00e4tzte Lesezeit\" \/>\n\t<meta name=\"twitter:data1\" content=\"1\u00a0Minute\" \/>\n<script type=\"application\/ld+json\" class=\"yoast-schema-graph\">{\"@context\":\"https:\/\/schema.org\",\"@graph\":[{\"@type\":\"WebPage\",\"@id\":\"https:\/\/ekkla.ch\/de\/produit\/schreibtisch-pavilion-av17-lackierte-eiche-und-cremefarbenes-linoleum-verchromtes-gestell-tradition\/\",\"url\":\"https:\/\/ekkla.ch\/de\/produit\/schreibtisch-pavilion-av17-lackierte-eiche-und-cremefarbenes-linoleum-verchromtes-gestell-tradition\/\",\"name\":\"Pavilion AV17 \u2013 Skandinavischer Schreibtisch aus Eiche und Linoleum von &Tradition\",\"isPartOf\":{\"@id\":\"https:\/\/ekkla.ch\/#website\"},\"primaryImageOfPage\":{\"@id\":\"https:\/\/ekkla.ch\/de\/produit\/schreibtisch-pavilion-av17-lackierte-eiche-und-cremefarbenes-linoleum-verchromtes-gestell-tradition\/#primaryimage\"},\"image\":{\"@id\":\"https:\/\/ekkla.ch\/de\/produit\/schreibtisch-pavilion-av17-lackierte-eiche-und-cremefarbenes-linoleum-verchromtes-gestell-tradition\/#primaryimage\"},\"thumbnailUrl\":\"https:\/\/ekkla.ch\/wp-content\/uploads\/2025\/10\/2-1.jpg\",\"datePublished\":\"2025-10-17T14:32:33+00:00\",\"dateModified\":\"2025-10-17T15:08:40+00:00\",\"description\":\"Entdecken Sie den Pavilion AV17 Schreibtisch von &Tradition. Skandinavisches, klares Design aus Holz, Linoleum und Stahl \u2013 f\u00fcr einen eleganten und funktionalen Arbeitsplatz.\",\"breadcrumb\":{\"@id\":\"https:\/\/ekkla.ch\/de\/produit\/schreibtisch-pavilion-av17-lackierte-eiche-und-cremefarbenes-linoleum-verchromtes-gestell-tradition\/#breadcrumb\"},\"inLanguage\":\"de\",\"potentialAction\":[{\"@type\":\"ReadAction\",\"target\":[\"https:\/\/ekkla.ch\/de\/produit\/schreibtisch-pavilion-av17-lackierte-eiche-und-cremefarbenes-linoleum-verchromtes-gestell-tradition\/\"]}]},{\"@type\":\"ImageObject\",\"inLanguage\":\"de\",\"@id\":\"https:\/\/ekkla.ch\/de\/produit\/schreibtisch-pavilion-av17-lackierte-eiche-und-cremefarbenes-linoleum-verchromtes-gestell-tradition\/#primaryimage\",\"url\":\"https:\/\/ekkla.ch\/wp-content\/uploads\/2025\/10\/2-1.jpg\",\"contentUrl\":\"https:\/\/ekkla.ch\/wp-content\/uploads\/2025\/10\/2-1.jpg\",\"width\":1000,\"height\":1000},{\"@type\":\"BreadcrumbList\",\"@id\":\"https:\/\/ekkla.ch\/de\/produit\/schreibtisch-pavilion-av17-lackierte-eiche-und-cremefarbenes-linoleum-verchromtes-gestell-tradition\/#breadcrumb\",\"itemListElement\":[{\"@type\":\"ListItem\",\"position\":1,\"name\":\"Home\",\"item\":\"https:\/\/ekkla.ch\/de\/\"},{\"@type\":\"ListItem\",\"position\":2,\"name\":\"Shop\",\"item\":\"https:\/\/ekkla.ch\/de\/shop\/\"},{\"@type\":\"ListItem\",\"position\":3,\"name\":\"Schreibtisch Pavilion AV17 \u2013 lackierte Eiche und cremefarbenes Linoleum \u2013 verchromtes Gestell \u2013 &#038;Tradition\"}]},{\"@type\":\"WebSite\",\"@id\":\"https:\/\/ekkla.ch\/#website\",\"url\":\"https:\/\/ekkla.ch\/\",\"name\":\"Ekkla\",\"description\":\"Der Onlineshop f\u00fcr Beleuchtung\",\"publisher\":{\"@id\":\"https:\/\/ekkla.ch\/#organization\"},\"potentialAction\":[{\"@type\":\"SearchAction\",\"target\":{\"@type\":\"EntryPoint\",\"urlTemplate\":\"https:\/\/ekkla.ch\/?s={search_term_string}\"},\"query-input\":\"required name=search_term_string\"}],\"inLanguage\":\"de\"},{\"@type\":\"Organization\",\"@id\":\"https:\/\/ekkla.ch\/#organization\",\"name\":\"Ekkla\",\"url\":\"https:\/\/ekkla.ch\/\",\"logo\":{\"@type\":\"ImageObject\",\"inLanguage\":\"de\",\"@id\":\"https:\/\/ekkla.ch\/#\/schema\/logo\/image\/\",\"url\":\"http:\/\/ekkla.ch\/wp-content\/uploads\/2019\/07\/logo-1.svg\",\"contentUrl\":\"http:\/\/ekkla.ch\/wp-content\/uploads\/2019\/07\/logo-1.svg\",\"width\":1,\"height\":1,\"caption\":\"Ekkla\"},\"image\":{\"@id\":\"https:\/\/ekkla.ch\/#\/schema\/logo\/image\/\"},\"sameAs\":[\"https:\/\/www.instagram.com\/ekkla_light\/\"]}]}<\/script>\n<!-- \/ Yoast SEO Premium plugin. -->","yoast_head_json":{"title":"Pavilion AV17 \u2013 Skandinavischer Schreibtisch aus Eiche und Linoleum von &Tradition","description":"Entdecken Sie den Pavilion AV17 Schreibtisch von &Tradition. Skandinavisches, klares Design aus Holz, Linoleum und Stahl \u2013 f\u00fcr einen eleganten und funktionalen Arbeitsplatz.","robots":{"index":"index","follow":"follow","max-snippet":"max-snippet:-1","max-image-preview":"max-image-preview:large","max-video-preview":"max-video-preview:-1"},"canonical":"https:\/\/ekkla.ch\/de\/produit\/schreibtisch-pavilion-av17-lackierte-eiche-und-cremefarbenes-linoleum-verchromtes-gestell-tradition\/","og_locale":"de_DE","og_type":"article","og_title":"Schreibtisch Pavilion AV17 \u2013 lackierte Eiche und cremefarbenes Linoleum \u2013 verchromtes Gestell \u2013 &Tradition","og_description":"Entdecken Sie den Pavilion AV17 Schreibtisch von &Tradition. Skandinavisches, klares Design aus Holz, Linoleum und Stahl \u2013 f\u00fcr einen eleganten und funktionalen Arbeitsplatz.","og_url":"https:\/\/ekkla.ch\/de\/produit\/schreibtisch-pavilion-av17-lackierte-eiche-und-cremefarbenes-linoleum-verchromtes-gestell-tradition\/","og_site_name":"Ekkla","article_modified_time":"2025-10-17T15:08:40+00:00","og_image":[{"width":1000,"height":1000,"url":"https:\/\/ekkla.ch\/wp-content\/uploads\/2025\/10\/2-1.jpg","type":"image\/jpeg"}],"twitter_card":"summary_large_image","twitter_misc":{"Gesch\u00e4tzte Lesezeit":"1\u00a0Minute"},"schema":{"@context":"https:\/\/schema.org","@graph":[{"@type":"WebPage","@id":"https:\/\/ekkla.ch\/de\/produit\/schreibtisch-pavilion-av17-lackierte-eiche-und-cremefarbenes-linoleum-verchromtes-gestell-tradition\/","url":"https:\/\/ekkla.ch\/de\/produit\/schreibtisch-pavilion-av17-lackierte-eiche-und-cremefarbenes-linoleum-verchromtes-gestell-tradition\/","name":"Pavilion AV17 \u2013 Skandinavischer Schreibtisch aus Eiche und Linoleum von &Tradition","isPartOf":{"@id":"https:\/\/ekkla.ch\/#website"},"primaryImageOfPage":{"@id":"https:\/\/ekkla.ch\/de\/produit\/schreibtisch-pavilion-av17-lackierte-eiche-und-cremefarbenes-linoleum-verchromtes-gestell-tradition\/#primaryimage"},"image":{"@id":"https:\/\/ekkla.ch\/de\/produit\/schreibtisch-pavilion-av17-lackierte-eiche-und-cremefarbenes-linoleum-verchromtes-gestell-tradition\/#primaryimage"},"thumbnailUrl":"https:\/\/ekkla.ch\/wp-content\/uploads\/2025\/10\/2-1.jpg","datePublished":"2025-10-17T14:32:33+00:00","dateModified":"2025-10-17T15:08:40+00:00","description":"Entdecken Sie den Pavilion AV17 Schreibtisch von &Tradition. Skandinavisches, klares Design aus Holz, Linoleum und Stahl \u2013 f\u00fcr einen eleganten und funktionalen Arbeitsplatz.","breadcrumb":{"@id":"https:\/\/ekkla.ch\/de\/produit\/schreibtisch-pavilion-av17-lackierte-eiche-und-cremefarbenes-linoleum-verchromtes-gestell-tradition\/#breadcrumb"},"inLanguage":"de","potentialAction":[{"@type":"ReadAction","target":["https:\/\/ekkla.ch\/de\/produit\/schreibtisch-pavilion-av17-lackierte-eiche-und-cremefarbenes-linoleum-verchromtes-gestell-tradition\/"]}]},{"@type":"ImageObject","inLanguage":"de","@id":"https:\/\/ekkla.ch\/de\/produit\/schreibtisch-pavilion-av17-lackierte-eiche-und-cremefarbenes-linoleum-verchromtes-gestell-tradition\/#primaryimage","url":"https:\/\/ekkla.ch\/wp-content\/uploads\/2025\/10\/2-1.jpg","contentUrl":"https:\/\/ekkla.ch\/wp-content\/uploads\/2025\/10\/2-1.jpg","width":1000,"height":1000},{"@type":"BreadcrumbList","@id":"https:\/\/ekkla.ch\/de\/produit\/schreibtisch-pavilion-av17-lackierte-eiche-und-cremefarbenes-linoleum-verchromtes-gestell-tradition\/#breadcrumb","itemListElement":[{"@type":"ListItem","position":1,"name":"Home","item":"https:\/\/ekkla.ch\/de\/"},{"@type":"ListItem","position":2,"name":"Shop","item":"https:\/\/ekkla.ch\/de\/shop\/"},{"@type":"ListItem","position":3,"name":"Schreibtisch Pavilion AV17 \u2013 lackierte Eiche und cremefarbenes Linoleum \u2013 verchromtes Gestell \u2013 &#038;Tradition"}]},{"@type":"WebSite","@id":"https:\/\/ekkla.ch\/#website","url":"https:\/\/ekkla.ch\/","name":"Ekkla","description":"Der Onlineshop f\u00fcr Beleuchtung","publisher":{"@id":"https:\/\/ekkla.ch\/#organization"},"potentialAction":[{"@type":"SearchAction","target":{"@type":"EntryPoint","urlTemplate":"https:\/\/ekkla.ch\/?s={search_term_string}"},"query-input":"required name=search_term_string"}],"inLanguage":"de"},{"@type":"Organization","@id":"https:\/\/ekkla.ch\/#organization","name":"Ekkla","url":"https:\/\/ekkla.ch\/","logo":{"@type":"ImageObject","inLanguage":"de","@id":"https:\/\/ekkla.ch\/#\/schema\/logo\/image\/","url":"http:\/\/ekkla.ch\/wp-content\/uploads\/2019\/07\/logo-1.svg","contentUrl":"http:\/\/ekkla.ch\/wp-content\/uploads\/2019\/07\/logo-1.svg","width":1,"height":1,"caption":"Ekkla"},"image":{"@id":"https:\/\/ekkla.ch\/#\/schema\/logo\/image\/"},"sameAs":["https:\/\/www.instagram.com\/ekkla_light\/"]}]}},"_links":{"self":[{"href":"https:\/\/ekkla.ch\/de\/wp-json\/wp\/v2\/product\/209147"}],"collection":[{"href":"https:\/\/ekkla.ch\/de\/wp-json\/wp\/v2\/product"}],"about":[{"href":"https:\/\/ekkla.ch\/de\/wp-json\/wp\/v2\/types\/product"}],"wp:featuredmedia":[{"embeddable":true,"href":"https:\/\/ekkla.ch\/de\/wp-json\/wp\/v2\/media\/209138"}],"wp:attachment":[{"href":"https:\/\/ekkla.ch\/de\/wp-json\/wp\/v2\/media?parent=209147"}],"wp:term":[{"taxonomy":"product_cat","embeddable":true,"href":"https:\/\/ekkla.ch\/de\/wp-json\/wp\/v2\/product_cat?post=209147"},{"taxonomy":"product_tag","embeddable":true,"href":"https:\/\/ekkla.ch\/de\/wp-json\/wp\/v2\/product_tag?post=209147"}],"curies":[{"name":"wp","href":"https:\/\/api.w.org\/{rel}","templated":true}]}}