{"id":209155,"date":"2025-10-17T17:14:06","date_gmt":"2025-10-17T15:14:06","guid":{"rendered":"https:\/\/ekkla.ch\/produit\/teppich-cruise-ap11-240-x-240-cm-colombo-grau-blau-tradition\/"},"modified":"2025-10-17T17:21:31","modified_gmt":"2025-10-17T15:21:31","slug":"teppich-cruise-ap11-240-x-240-cm-colombo-grau-blau-tradition","status":"publish","type":"product","link":"https:\/\/ekkla.ch\/de\/produit\/teppich-cruise-ap11-240-x-240-cm-colombo-grau-blau-tradition\/","title":{"rendered":"Teppich Cruise AP11 \u2013 240 x 240 cm \u2013 Colombo Grau Blau \u2013 &#038;Tradition"},"content":{"rendered":"<p>Der vom Designstudio All The Way to Paris f\u00fcr &amp;Tradition entworfene Teppich Cruise AP11 verbindet zeitgen\u00f6ssische Eleganz mit sinnlichem Komfort. Inspiriert von den subtilen Nuancen der Natur und dem Spiel des Lichts, besticht dieser Teppich durch eine harmonische Farbpalette und eine raffinierte Textur, die zum Entspannen einladen.<\/p>\n<p>Der Cruise AP11 wird aus hochwertiger neuseel\u00e4ndischer Wolle handgewebt und zeichnet sich durch sein dezentes Relief und sein zartes geometrisches Muster aus, das an die wechselnden Reflexe des Wassers erinnert. Seine dichte und weiche Oberfl\u00e4che verleiht jedem Raum, sei es dem Wohnzimmer, dem Schlafzimmer oder dem B\u00fcro, sofortige W\u00e4rme.<\/p>\n<p>Dieser moderne und zugleich zeitlose Teppich passt perfekt zum skandinavischen Design, das &amp;Tradition so sch\u00e4tzt: ein Streben nach Ausgewogenheit zwischen Einfachheit, Authentizit\u00e4t und Wohlbefinden. Der Cruise AP11 ist in verschiedenen Gr\u00f6\u00dfen und Farben erh\u00e4ltlich, passt sich jedem Ambiente an und unterstreicht auf subtile Weise die Pers\u00f6nlichkeit eines Interieurs.<\/p>\n<p>Als Symbol f\u00fcr sorgf\u00e4ltige Handwerkskunst und einen sensiblen Umgang mit dem Material verk\u00f6rpert der Teppich Cruise AP11 die nordische Lebenskunst: ruhig, elegant und nachhaltig.<\/p>\n<p>.<\/p>\n<blockquote>\n<h2>Merkmale &amp; Eigenschaften<\/h2>\n<div class=\"flex-1 overflow-hidden\">\n<div class=\"h-full\">\n<div class=\"react-scroll-to-bottom--css-fhlzq-79elbk h-full\">\n<div class=\"react-scroll-to-bottom--css-fhlzq-1n7m0yu\">\n<div class=\"flex flex-col text-sm md:pb-9\">\n<article class=\"w-full text-token-text-primary focus-visible:outline-2 focus-visible:outline-offset-[-4px]\" dir=\"auto\" data-testid=\"conversation-turn-11\" data-scroll-anchor=\"true\">\n<div class=\"m-auto text-base py-[18px] px-3 md:px-4 w-full md:px-5 lg:px-4 xl:px-5\">\n<div class=\"mx-auto flex flex-1 gap-4 text-base md:gap-5 lg:gap-6 md:max-w-3xl lg:max-w-[40rem] xl:max-w-[48rem]\">\n<div class=\"group\/conversation-turn relative flex w-full min-w-0 flex-col agent-turn\">\n<div class=\"flex-col gap-1 md:gap-3\">\n<div class=\"flex max-w-full flex-col flex-grow\">\n<div class=\"min-h-8 text-message flex w-full flex-col items-end gap-2 whitespace-normal break-words [.text-message+&amp;]:mt-5\" dir=\"auto\" data-message-author-role=\"assistant\" data-message-id=\"866d18de-5fd6-4732-a36b-3e79294d2f99\" data-message-model-slug=\"gpt-4o\">\n<div class=\"flex w-full flex-col gap-1 empty:hidden first:pt-[3px]\">\n<div class=\"markdown prose w-full break-words dark:prose-invert light\">\n<p><strong>Marke<\/strong>\u00a0&amp;Tradition<\/p>\n<p><b>Farben <\/b>Grau<\/p>\n<\/div>\n<\/div>\n<\/div>\n<\/div>\n<\/div>\n<\/div>\n<\/div>\n<\/div>\n<\/article>\n<\/div>\n<\/div>\n<\/div>\n<\/div>\n<\/div>\n<p><strong>Material<\/strong> Wolle aus Neuseeland, Viskose und Bambusseide<\/p>\n<p><strong>L\u00e4nge (cm)<\/strong> 240<\/p>\n<p><strong>Breite (cm)<\/strong> 240<\/p>\n<p><strong>Gewicht (kg)<\/strong> 24,5<\/p><\/blockquote>\n","protected":false},"excerpt":{"rendered":"<p>Der vom Designstudio All The Way to Paris f\u00fcr &amp;Tradition entworfene Teppich Cruise AP11 verbindet zeitgen\u00f6ssische Eleganz mit sinnlichem Komfort. Inspiriert von den subtilen Nuancen der Natur und dem Spiel des Lichts, besticht dieser Teppich durch eine harmonische Farbpalette und eine raffinierte Textur, die zum Entspannen einladen. Der Cruise AP11 wird aus hochwertiger neuseel\u00e4ndischer Wolle [&hellip;]<\/p>\n","protected":false},"featured_media":209132,"template":"","meta":{"_acf_changed":false,"om_disable_all_campaigns":false},"product_cat":[964,987],"product_tag":[1242,1188,1265,403],"bundled_by":[],"bundle_stock_status":"instock","bundle_stock_quantity":1,"bundle_virtual":false,"bundle_layout":"","bundle_add_to_cart_form_location":"","bundle_editable_in_cart":false,"bundle_sold_individually_context":"","bundle_item_grouping":"","bundle_min_size":"","bundle_max_size":"","bundle_price":[],"bundled_items":[],"bundle_sell_ids":[],"acf":[],"yoast_head":"<!-- This site is optimized with the Yoast SEO Premium plugin v22.2 (Yoast SEO v22.8) - https:\/\/yoast.com\/wordpress\/plugins\/seo\/ -->\n<title>Teppich Cruise AP11I Colombo Grau Blau I &amp;Tradition I Ekkla<\/title>\n<meta name=\"description\" content=\"Inspiriert von den Nuancen der Natur und dem Spiel des Lichts, offenbart dieser Teppich eine Palette harmonischer Farbt\u00f6ne, die zum Entspannen einladen.\" \/>\n<meta name=\"robots\" content=\"index, follow, max-snippet:-1, max-image-preview:large, max-video-preview:-1\" \/>\n<link rel=\"canonical\" href=\"https:\/\/ekkla.ch\/de\/produit\/teppich-cruise-ap11-240-x-240-cm-colombo-grau-blau-tradition\/\" \/>\n<meta property=\"og:locale\" content=\"de_DE\" \/>\n<meta property=\"og:type\" content=\"article\" \/>\n<meta property=\"og:title\" content=\"Teppich Cruise AP11 \u2013 240 x 240 cm \u2013 Colombo Grau Blau \u2013 &amp;Tradition\" \/>\n<meta property=\"og:description\" content=\"Inspiriert von den Nuancen der Natur und dem Spiel des Lichts, offenbart dieser Teppich eine Palette harmonischer Farbt\u00f6ne, die zum Entspannen einladen.\" \/>\n<meta property=\"og:url\" content=\"https:\/\/ekkla.ch\/de\/produit\/teppich-cruise-ap11-240-x-240-cm-colombo-grau-blau-tradition\/\" \/>\n<meta property=\"og:site_name\" content=\"Ekkla\" \/>\n<meta property=\"article:modified_time\" content=\"2025-10-17T15:21:31+00:00\" \/>\n<meta property=\"og:image\" content=\"https:\/\/ekkla.ch\/wp-content\/uploads\/2025\/10\/tapis-cruis-ap11-gris-andtradition-ekkla.jpg\" \/>\n\t<meta property=\"og:image:width\" content=\"1000\" \/>\n\t<meta property=\"og:image:height\" content=\"1000\" \/>\n\t<meta property=\"og:image:type\" content=\"image\/jpeg\" \/>\n<meta name=\"twitter:card\" content=\"summary_large_image\" \/>\n<meta name=\"twitter:label1\" content=\"Gesch\u00e4tzte Lesezeit\" \/>\n\t<meta name=\"twitter:data1\" content=\"1\u00a0Minute\" \/>\n<script type=\"application\/ld+json\" class=\"yoast-schema-graph\">{\"@context\":\"https:\/\/schema.org\",\"@graph\":[{\"@type\":\"WebPage\",\"@id\":\"https:\/\/ekkla.ch\/de\/produit\/teppich-cruise-ap11-240-x-240-cm-colombo-grau-blau-tradition\/\",\"url\":\"https:\/\/ekkla.ch\/de\/produit\/teppich-cruise-ap11-240-x-240-cm-colombo-grau-blau-tradition\/\",\"name\":\"Teppich Cruise AP11I Colombo Grau Blau I &Tradition I Ekkla\",\"isPartOf\":{\"@id\":\"https:\/\/ekkla.ch\/#website\"},\"primaryImageOfPage\":{\"@id\":\"https:\/\/ekkla.ch\/de\/produit\/teppich-cruise-ap11-240-x-240-cm-colombo-grau-blau-tradition\/#primaryimage\"},\"image\":{\"@id\":\"https:\/\/ekkla.ch\/de\/produit\/teppich-cruise-ap11-240-x-240-cm-colombo-grau-blau-tradition\/#primaryimage\"},\"thumbnailUrl\":\"https:\/\/ekkla.ch\/wp-content\/uploads\/2025\/10\/tapis-cruis-ap11-gris-andtradition-ekkla.jpg\",\"datePublished\":\"2025-10-17T15:14:06+00:00\",\"dateModified\":\"2025-10-17T15:21:31+00:00\",\"description\":\"Inspiriert von den Nuancen der Natur und dem Spiel des Lichts, offenbart dieser Teppich eine Palette harmonischer Farbt\u00f6ne, die zum Entspannen einladen.\",\"breadcrumb\":{\"@id\":\"https:\/\/ekkla.ch\/de\/produit\/teppich-cruise-ap11-240-x-240-cm-colombo-grau-blau-tradition\/#breadcrumb\"},\"inLanguage\":\"de\",\"potentialAction\":[{\"@type\":\"ReadAction\",\"target\":[\"https:\/\/ekkla.ch\/de\/produit\/teppich-cruise-ap11-240-x-240-cm-colombo-grau-blau-tradition\/\"]}]},{\"@type\":\"ImageObject\",\"inLanguage\":\"de\",\"@id\":\"https:\/\/ekkla.ch\/de\/produit\/teppich-cruise-ap11-240-x-240-cm-colombo-grau-blau-tradition\/#primaryimage\",\"url\":\"https:\/\/ekkla.ch\/wp-content\/uploads\/2025\/10\/tapis-cruis-ap11-gris-andtradition-ekkla.jpg\",\"contentUrl\":\"https:\/\/ekkla.ch\/wp-content\/uploads\/2025\/10\/tapis-cruis-ap11-gris-andtradition-ekkla.jpg\",\"width\":1000,\"height\":1000},{\"@type\":\"BreadcrumbList\",\"@id\":\"https:\/\/ekkla.ch\/de\/produit\/teppich-cruise-ap11-240-x-240-cm-colombo-grau-blau-tradition\/#breadcrumb\",\"itemListElement\":[{\"@type\":\"ListItem\",\"position\":1,\"name\":\"Home\",\"item\":\"https:\/\/ekkla.ch\/de\/\"},{\"@type\":\"ListItem\",\"position\":2,\"name\":\"Shop\",\"item\":\"https:\/\/ekkla.ch\/de\/shop\/\"},{\"@type\":\"ListItem\",\"position\":3,\"name\":\"Teppich Cruise AP11 \u2013 240 x 240 cm \u2013 Colombo Grau Blau \u2013 &#038;Tradition\"}]},{\"@type\":\"WebSite\",\"@id\":\"https:\/\/ekkla.ch\/#website\",\"url\":\"https:\/\/ekkla.ch\/\",\"name\":\"Ekkla\",\"description\":\"Der Onlineshop f\u00fcr Beleuchtung\",\"publisher\":{\"@id\":\"https:\/\/ekkla.ch\/#organization\"},\"potentialAction\":[{\"@type\":\"SearchAction\",\"target\":{\"@type\":\"EntryPoint\",\"urlTemplate\":\"https:\/\/ekkla.ch\/?s={search_term_string}\"},\"query-input\":\"required name=search_term_string\"}],\"inLanguage\":\"de\"},{\"@type\":\"Organization\",\"@id\":\"https:\/\/ekkla.ch\/#organization\",\"name\":\"Ekkla\",\"url\":\"https:\/\/ekkla.ch\/\",\"logo\":{\"@type\":\"ImageObject\",\"inLanguage\":\"de\",\"@id\":\"https:\/\/ekkla.ch\/#\/schema\/logo\/image\/\",\"url\":\"http:\/\/ekkla.ch\/wp-content\/uploads\/2019\/07\/logo-1.svg\",\"contentUrl\":\"http:\/\/ekkla.ch\/wp-content\/uploads\/2019\/07\/logo-1.svg\",\"width\":1,\"height\":1,\"caption\":\"Ekkla\"},\"image\":{\"@id\":\"https:\/\/ekkla.ch\/#\/schema\/logo\/image\/\"},\"sameAs\":[\"https:\/\/www.instagram.com\/ekkla_light\/\"]}]}<\/script>\n<!-- \/ Yoast SEO Premium plugin. -->","yoast_head_json":{"title":"Teppich Cruise AP11I Colombo Grau Blau I &Tradition I Ekkla","description":"Inspiriert von den Nuancen der Natur und dem Spiel des Lichts, offenbart dieser Teppich eine Palette harmonischer Farbt\u00f6ne, die zum Entspannen einladen.","robots":{"index":"index","follow":"follow","max-snippet":"max-snippet:-1","max-image-preview":"max-image-preview:large","max-video-preview":"max-video-preview:-1"},"canonical":"https:\/\/ekkla.ch\/de\/produit\/teppich-cruise-ap11-240-x-240-cm-colombo-grau-blau-tradition\/","og_locale":"de_DE","og_type":"article","og_title":"Teppich Cruise AP11 \u2013 240 x 240 cm \u2013 Colombo Grau Blau \u2013 &Tradition","og_description":"Inspiriert von den Nuancen der Natur und dem Spiel des Lichts, offenbart dieser Teppich eine Palette harmonischer Farbt\u00f6ne, die zum Entspannen einladen.","og_url":"https:\/\/ekkla.ch\/de\/produit\/teppich-cruise-ap11-240-x-240-cm-colombo-grau-blau-tradition\/","og_site_name":"Ekkla","article_modified_time":"2025-10-17T15:21:31+00:00","og_image":[{"width":1000,"height":1000,"url":"https:\/\/ekkla.ch\/wp-content\/uploads\/2025\/10\/tapis-cruis-ap11-gris-andtradition-ekkla.jpg","type":"image\/jpeg"}],"twitter_card":"summary_large_image","twitter_misc":{"Gesch\u00e4tzte Lesezeit":"1\u00a0Minute"},"schema":{"@context":"https:\/\/schema.org","@graph":[{"@type":"WebPage","@id":"https:\/\/ekkla.ch\/de\/produit\/teppich-cruise-ap11-240-x-240-cm-colombo-grau-blau-tradition\/","url":"https:\/\/ekkla.ch\/de\/produit\/teppich-cruise-ap11-240-x-240-cm-colombo-grau-blau-tradition\/","name":"Teppich Cruise AP11I Colombo Grau Blau I &Tradition I Ekkla","isPartOf":{"@id":"https:\/\/ekkla.ch\/#website"},"primaryImageOfPage":{"@id":"https:\/\/ekkla.ch\/de\/produit\/teppich-cruise-ap11-240-x-240-cm-colombo-grau-blau-tradition\/#primaryimage"},"image":{"@id":"https:\/\/ekkla.ch\/de\/produit\/teppich-cruise-ap11-240-x-240-cm-colombo-grau-blau-tradition\/#primaryimage"},"thumbnailUrl":"https:\/\/ekkla.ch\/wp-content\/uploads\/2025\/10\/tapis-cruis-ap11-gris-andtradition-ekkla.jpg","datePublished":"2025-10-17T15:14:06+00:00","dateModified":"2025-10-17T15:21:31+00:00","description":"Inspiriert von den Nuancen der Natur und dem Spiel des Lichts, offenbart dieser Teppich eine Palette harmonischer Farbt\u00f6ne, die zum Entspannen einladen.","breadcrumb":{"@id":"https:\/\/ekkla.ch\/de\/produit\/teppich-cruise-ap11-240-x-240-cm-colombo-grau-blau-tradition\/#breadcrumb"},"inLanguage":"de","potentialAction":[{"@type":"ReadAction","target":["https:\/\/ekkla.ch\/de\/produit\/teppich-cruise-ap11-240-x-240-cm-colombo-grau-blau-tradition\/"]}]},{"@type":"ImageObject","inLanguage":"de","@id":"https:\/\/ekkla.ch\/de\/produit\/teppich-cruise-ap11-240-x-240-cm-colombo-grau-blau-tradition\/#primaryimage","url":"https:\/\/ekkla.ch\/wp-content\/uploads\/2025\/10\/tapis-cruis-ap11-gris-andtradition-ekkla.jpg","contentUrl":"https:\/\/ekkla.ch\/wp-content\/uploads\/2025\/10\/tapis-cruis-ap11-gris-andtradition-ekkla.jpg","width":1000,"height":1000},{"@type":"BreadcrumbList","@id":"https:\/\/ekkla.ch\/de\/produit\/teppich-cruise-ap11-240-x-240-cm-colombo-grau-blau-tradition\/#breadcrumb","itemListElement":[{"@type":"ListItem","position":1,"name":"Home","item":"https:\/\/ekkla.ch\/de\/"},{"@type":"ListItem","position":2,"name":"Shop","item":"https:\/\/ekkla.ch\/de\/shop\/"},{"@type":"ListItem","position":3,"name":"Teppich Cruise AP11 \u2013 240 x 240 cm \u2013 Colombo Grau Blau \u2013 &#038;Tradition"}]},{"@type":"WebSite","@id":"https:\/\/ekkla.ch\/#website","url":"https:\/\/ekkla.ch\/","name":"Ekkla","description":"Der Onlineshop f\u00fcr Beleuchtung","publisher":{"@id":"https:\/\/ekkla.ch\/#organization"},"potentialAction":[{"@type":"SearchAction","target":{"@type":"EntryPoint","urlTemplate":"https:\/\/ekkla.ch\/?s={search_term_string}"},"query-input":"required name=search_term_string"}],"inLanguage":"de"},{"@type":"Organization","@id":"https:\/\/ekkla.ch\/#organization","name":"Ekkla","url":"https:\/\/ekkla.ch\/","logo":{"@type":"ImageObject","inLanguage":"de","@id":"https:\/\/ekkla.ch\/#\/schema\/logo\/image\/","url":"http:\/\/ekkla.ch\/wp-content\/uploads\/2019\/07\/logo-1.svg","contentUrl":"http:\/\/ekkla.ch\/wp-content\/uploads\/2019\/07\/logo-1.svg","width":1,"height":1,"caption":"Ekkla"},"image":{"@id":"https:\/\/ekkla.ch\/#\/schema\/logo\/image\/"},"sameAs":["https:\/\/www.instagram.com\/ekkla_light\/"]}]}},"_links":{"self":[{"href":"https:\/\/ekkla.ch\/de\/wp-json\/wp\/v2\/product\/209155"}],"collection":[{"href":"https:\/\/ekkla.ch\/de\/wp-json\/wp\/v2\/product"}],"about":[{"href":"https:\/\/ekkla.ch\/de\/wp-json\/wp\/v2\/types\/product"}],"wp:featuredmedia":[{"embeddable":true,"href":"https:\/\/ekkla.ch\/de\/wp-json\/wp\/v2\/media\/209132"}],"wp:attachment":[{"href":"https:\/\/ekkla.ch\/de\/wp-json\/wp\/v2\/media?parent=209155"}],"wp:term":[{"taxonomy":"product_cat","embeddable":true,"href":"https:\/\/ekkla.ch\/de\/wp-json\/wp\/v2\/product_cat?post=209155"},{"taxonomy":"product_tag","embeddable":true,"href":"https:\/\/ekkla.ch\/de\/wp-json\/wp\/v2\/product_tag?post=209155"}],"curies":[{"name":"wp","href":"https:\/\/api.w.org\/{rel}","templated":true}]}}