{"id":209301,"date":"2025-10-27T14:04:03","date_gmt":"2025-10-27T13:04:03","guid":{"rendered":"https:\/\/ekkla.ch\/produit\/pendelleuchte-teresa-taubengrau-50-cm-kartell\/"},"modified":"2025-10-28T09:05:54","modified_gmt":"2025-10-28T08:05:54","slug":"pendelleuchte-teresa-taubengrau-50-cm-kartell","status":"publish","type":"product","link":"https:\/\/ekkla.ch\/de\/produit\/pendelleuchte-teresa-taubengrau-50-cm-kartell\/","title":{"rendered":"Pendelleuchte Teresa \u2013 Taubengrau \u2013 50 cm \u2013 Kartell"},"content":{"rendered":"<p data-start=\"202\" data-end=\"561\">Entworfen vom italienischen Designer Ferruccio Laviani f\u00fcr Kartell, verk\u00f6rpert die Pendelleuchte <em data-start=\"307\" data-end=\"315\">Teresa<\/em> die Eleganz und Sanftheit, die die Marke auszeichnen. Ihre flie\u00dfenden, organischen Formen \u2013 inspiriert von der zarten Bewegung von Bl\u00fctenbl\u00e4ttern \u2013 verbreiten ein warmes, umh\u00fcllendes Licht, das eine einladende Atmosph\u00e4re in jedem Raum schafft.<\/p>\n<p data-start=\"563\" data-end=\"920\">Diese neue H\u00e4ngeleuchten-Version der Teresa zeigt die ganze Meisterschaft des zeitgen\u00f6ssischen italienischen Designs: eine perfekte Balance zwischen technischer Innovation und visueller Poesie. Ihre skulpturale Silhouette zieht die Blicke auf sich, bleibt dabei aber leicht und luftig \u2013 ideal, um sowohl moderne als auch klassische Interieurs zu veredeln.<\/p>\n<p data-start=\"922\" data-end=\"1116\">Erh\u00e4ltlich in mehreren raffinierten Farbvarianten, wird die <em data-start=\"982\" data-end=\"1004\">Teresa Pendelleuchte<\/em> zu einem echten Highlight der Kartell-Kollektion \u2013 ein Symbol f\u00fcr zeitloses, leuchtendes Design voller Anmut.<\/p>\n<p data-start=\"1118\" data-end=\"1310\">Bringen Sie mit der <em data-start=\"1138\" data-end=\"1160\">Teresa Pendelleuchte<\/em> von Kartell einen Hauch italienischer Raffinesse in Ihr Zuhause \u2013 eine Kreation, die \u00c4sthetik, Emotion und Moderne in vollendeter Harmonie vereint.<\/p>\n<h2 data-start=\"1312\" data-end=\"1533\"><strong data-start=\"1312\" data-end=\"1329\">Eigenschaften<\/strong><\/h2>\n<p data-start=\"1312\" data-end=\"1533\"><strong>Marke:<\/strong> Kartell<\/p>\n<p data-start=\"1312\" data-end=\"1533\"><strong>Farbe:<\/strong> Taubengrau<\/p>\n<p data-start=\"1312\" data-end=\"1533\"><strong>Material:<\/strong> Get\u00f6ntes, recyceltes PMMA<\/p>\n<p data-start=\"1312\" data-end=\"1533\"><strong>Fassung<\/strong>: E27 (11W) inklusive \/ dimmbar<\/p>\n<p data-start=\"1312\" data-end=\"1533\"><strong>Farbtemperatur (K):<\/strong> 2700<\/p>\n<p data-start=\"1312\" data-end=\"1533\"><strong>H\u00f6he (cm)<\/strong>: 24,5<\/p>\n<p data-start=\"1312\" data-end=\"1533\"><strong>Durchmesser (cm):<\/strong> 50<\/p>\n<p data-start=\"1312\" data-end=\"1533\"><strong>Gewicht (kg)<\/strong>: 2,6<\/p>\n","protected":false},"excerpt":{"rendered":"<p>Entworfen vom italienischen Designer Ferruccio Laviani f\u00fcr Kartell, verk\u00f6rpert die Pendelleuchte Teresa die Eleganz und Sanftheit, die die Marke auszeichnen. Ihre flie\u00dfenden, organischen Formen \u2013 inspiriert von der zarten Bewegung von Bl\u00fctenbl\u00e4ttern \u2013 verbreiten ein warmes, umh\u00fcllendes Licht, das eine einladende Atmosph\u00e4re in jedem Raum schafft. Diese neue H\u00e4ngeleuchten-Version der Teresa zeigt die ganze Meisterschaft [&hellip;]<\/p>\n","protected":false},"featured_media":209290,"template":"","meta":{"_acf_changed":false,"om_disable_all_campaigns":false},"product_cat":[291],"product_tag":[1258,896,1188,1265,801,816],"bundled_by":[],"bundle_stock_status":"onbackorder","bundle_stock_quantity":null,"bundle_virtual":false,"bundle_layout":"","bundle_add_to_cart_form_location":"","bundle_editable_in_cart":false,"bundle_sold_individually_context":"","bundle_item_grouping":"","bundle_min_size":"","bundle_max_size":"","bundle_price":[],"bundled_items":[],"bundle_sell_ids":[],"acf":[],"yoast_head":"<!-- This site is optimized with the Yoast SEO Premium plugin v22.2 (Yoast SEO v22.8) - https:\/\/yoast.com\/wordpress\/plugins\/seo\/ -->\n<title>Pendelleuchte Teresa I Taubengrau I 50 cm I Kartell I Ekkla<\/title>\n<meta name=\"description\" content=\"Entdecken Sie die hochwertige Teresa Pendelleuchte \u2013 ideal f\u00fcr Ihr Wohnzimmer. F\u00fcr eine puristische und elegante Einrichtung, inspiriert von der Anmut einer Bl\u00fcte.\" \/>\n<meta name=\"robots\" content=\"index, follow, max-snippet:-1, max-image-preview:large, max-video-preview:-1\" \/>\n<link rel=\"canonical\" href=\"https:\/\/ekkla.ch\/de\/produit\/pendelleuchte-teresa-taubengrau-50-cm-kartell\/\" \/>\n<meta property=\"og:locale\" content=\"de_DE\" \/>\n<meta property=\"og:type\" content=\"article\" \/>\n<meta property=\"og:title\" content=\"Pendelleuchte Teresa \u2013 Taubengrau \u2013 50 cm \u2013 Kartell\" \/>\n<meta property=\"og:description\" content=\"Entdecken Sie die hochwertige Teresa Pendelleuchte \u2013 ideal f\u00fcr Ihr Wohnzimmer. F\u00fcr eine puristische und elegante Einrichtung, inspiriert von der Anmut einer Bl\u00fcte.\" \/>\n<meta property=\"og:url\" content=\"https:\/\/ekkla.ch\/de\/produit\/pendelleuchte-teresa-taubengrau-50-cm-kartell\/\" \/>\n<meta property=\"og:site_name\" content=\"Ekkla\" \/>\n<meta property=\"article:modified_time\" content=\"2025-10-28T08:05:54+00:00\" \/>\n<meta property=\"og:image\" content=\"https:\/\/ekkla.ch\/wp-content\/uploads\/2025\/10\/suspension-teresa-kartell-ekkla-grid-colombe.jpg\" \/>\n\t<meta property=\"og:image:width\" content=\"1000\" \/>\n\t<meta property=\"og:image:height\" content=\"1000\" \/>\n\t<meta property=\"og:image:type\" content=\"image\/jpeg\" \/>\n<meta name=\"twitter:card\" content=\"summary_large_image\" \/>\n<meta name=\"twitter:label1\" content=\"Gesch\u00e4tzte Lesezeit\" \/>\n\t<meta name=\"twitter:data1\" content=\"2\u00a0Minuten\" \/>\n<script type=\"application\/ld+json\" class=\"yoast-schema-graph\">{\"@context\":\"https:\/\/schema.org\",\"@graph\":[{\"@type\":\"WebPage\",\"@id\":\"https:\/\/ekkla.ch\/de\/produit\/pendelleuchte-teresa-taubengrau-50-cm-kartell\/\",\"url\":\"https:\/\/ekkla.ch\/de\/produit\/pendelleuchte-teresa-taubengrau-50-cm-kartell\/\",\"name\":\"Pendelleuchte Teresa I Taubengrau I 50 cm I Kartell I Ekkla\",\"isPartOf\":{\"@id\":\"https:\/\/ekkla.ch\/#website\"},\"primaryImageOfPage\":{\"@id\":\"https:\/\/ekkla.ch\/de\/produit\/pendelleuchte-teresa-taubengrau-50-cm-kartell\/#primaryimage\"},\"image\":{\"@id\":\"https:\/\/ekkla.ch\/de\/produit\/pendelleuchte-teresa-taubengrau-50-cm-kartell\/#primaryimage\"},\"thumbnailUrl\":\"https:\/\/ekkla.ch\/wp-content\/uploads\/2025\/10\/suspension-teresa-kartell-ekkla-grid-colombe.jpg\",\"datePublished\":\"2025-10-27T13:04:03+00:00\",\"dateModified\":\"2025-10-28T08:05:54+00:00\",\"description\":\"Entdecken Sie die hochwertige Teresa Pendelleuchte \u2013 ideal f\u00fcr Ihr Wohnzimmer. F\u00fcr eine puristische und elegante Einrichtung, inspiriert von der Anmut einer Bl\u00fcte.\",\"breadcrumb\":{\"@id\":\"https:\/\/ekkla.ch\/de\/produit\/pendelleuchte-teresa-taubengrau-50-cm-kartell\/#breadcrumb\"},\"inLanguage\":\"de\",\"potentialAction\":[{\"@type\":\"ReadAction\",\"target\":[\"https:\/\/ekkla.ch\/de\/produit\/pendelleuchte-teresa-taubengrau-50-cm-kartell\/\"]}]},{\"@type\":\"ImageObject\",\"inLanguage\":\"de\",\"@id\":\"https:\/\/ekkla.ch\/de\/produit\/pendelleuchte-teresa-taubengrau-50-cm-kartell\/#primaryimage\",\"url\":\"https:\/\/ekkla.ch\/wp-content\/uploads\/2025\/10\/suspension-teresa-kartell-ekkla-grid-colombe.jpg\",\"contentUrl\":\"https:\/\/ekkla.ch\/wp-content\/uploads\/2025\/10\/suspension-teresa-kartell-ekkla-grid-colombe.jpg\",\"width\":1000,\"height\":1000},{\"@type\":\"BreadcrumbList\",\"@id\":\"https:\/\/ekkla.ch\/de\/produit\/pendelleuchte-teresa-taubengrau-50-cm-kartell\/#breadcrumb\",\"itemListElement\":[{\"@type\":\"ListItem\",\"position\":1,\"name\":\"Home\",\"item\":\"https:\/\/ekkla.ch\/de\/\"},{\"@type\":\"ListItem\",\"position\":2,\"name\":\"Shop\",\"item\":\"https:\/\/ekkla.ch\/de\/shop\/\"},{\"@type\":\"ListItem\",\"position\":3,\"name\":\"Pendelleuchte Teresa \u2013 Taubengrau \u2013 50 cm \u2013 Kartell\"}]},{\"@type\":\"WebSite\",\"@id\":\"https:\/\/ekkla.ch\/#website\",\"url\":\"https:\/\/ekkla.ch\/\",\"name\":\"Ekkla\",\"description\":\"Der Onlineshop f\u00fcr Beleuchtung\",\"publisher\":{\"@id\":\"https:\/\/ekkla.ch\/#organization\"},\"potentialAction\":[{\"@type\":\"SearchAction\",\"target\":{\"@type\":\"EntryPoint\",\"urlTemplate\":\"https:\/\/ekkla.ch\/?s={search_term_string}\"},\"query-input\":\"required name=search_term_string\"}],\"inLanguage\":\"de\"},{\"@type\":\"Organization\",\"@id\":\"https:\/\/ekkla.ch\/#organization\",\"name\":\"Ekkla\",\"url\":\"https:\/\/ekkla.ch\/\",\"logo\":{\"@type\":\"ImageObject\",\"inLanguage\":\"de\",\"@id\":\"https:\/\/ekkla.ch\/#\/schema\/logo\/image\/\",\"url\":\"http:\/\/ekkla.ch\/wp-content\/uploads\/2019\/07\/logo-1.svg\",\"contentUrl\":\"http:\/\/ekkla.ch\/wp-content\/uploads\/2019\/07\/logo-1.svg\",\"width\":1,\"height\":1,\"caption\":\"Ekkla\"},\"image\":{\"@id\":\"https:\/\/ekkla.ch\/#\/schema\/logo\/image\/\"},\"sameAs\":[\"https:\/\/www.instagram.com\/ekkla_light\/\"]}]}<\/script>\n<!-- \/ Yoast SEO Premium plugin. -->","yoast_head_json":{"title":"Pendelleuchte Teresa I Taubengrau I 50 cm I Kartell I Ekkla","description":"Entdecken Sie die hochwertige Teresa Pendelleuchte \u2013 ideal f\u00fcr Ihr Wohnzimmer. F\u00fcr eine puristische und elegante Einrichtung, inspiriert von der Anmut einer Bl\u00fcte.","robots":{"index":"index","follow":"follow","max-snippet":"max-snippet:-1","max-image-preview":"max-image-preview:large","max-video-preview":"max-video-preview:-1"},"canonical":"https:\/\/ekkla.ch\/de\/produit\/pendelleuchte-teresa-taubengrau-50-cm-kartell\/","og_locale":"de_DE","og_type":"article","og_title":"Pendelleuchte Teresa \u2013 Taubengrau \u2013 50 cm \u2013 Kartell","og_description":"Entdecken Sie die hochwertige Teresa Pendelleuchte \u2013 ideal f\u00fcr Ihr Wohnzimmer. F\u00fcr eine puristische und elegante Einrichtung, inspiriert von der Anmut einer Bl\u00fcte.","og_url":"https:\/\/ekkla.ch\/de\/produit\/pendelleuchte-teresa-taubengrau-50-cm-kartell\/","og_site_name":"Ekkla","article_modified_time":"2025-10-28T08:05:54+00:00","og_image":[{"width":1000,"height":1000,"url":"https:\/\/ekkla.ch\/wp-content\/uploads\/2025\/10\/suspension-teresa-kartell-ekkla-grid-colombe.jpg","type":"image\/jpeg"}],"twitter_card":"summary_large_image","twitter_misc":{"Gesch\u00e4tzte Lesezeit":"2\u00a0Minuten"},"schema":{"@context":"https:\/\/schema.org","@graph":[{"@type":"WebPage","@id":"https:\/\/ekkla.ch\/de\/produit\/pendelleuchte-teresa-taubengrau-50-cm-kartell\/","url":"https:\/\/ekkla.ch\/de\/produit\/pendelleuchte-teresa-taubengrau-50-cm-kartell\/","name":"Pendelleuchte Teresa I Taubengrau I 50 cm I Kartell I Ekkla","isPartOf":{"@id":"https:\/\/ekkla.ch\/#website"},"primaryImageOfPage":{"@id":"https:\/\/ekkla.ch\/de\/produit\/pendelleuchte-teresa-taubengrau-50-cm-kartell\/#primaryimage"},"image":{"@id":"https:\/\/ekkla.ch\/de\/produit\/pendelleuchte-teresa-taubengrau-50-cm-kartell\/#primaryimage"},"thumbnailUrl":"https:\/\/ekkla.ch\/wp-content\/uploads\/2025\/10\/suspension-teresa-kartell-ekkla-grid-colombe.jpg","datePublished":"2025-10-27T13:04:03+00:00","dateModified":"2025-10-28T08:05:54+00:00","description":"Entdecken Sie die hochwertige Teresa Pendelleuchte \u2013 ideal f\u00fcr Ihr Wohnzimmer. F\u00fcr eine puristische und elegante Einrichtung, inspiriert von der Anmut einer Bl\u00fcte.","breadcrumb":{"@id":"https:\/\/ekkla.ch\/de\/produit\/pendelleuchte-teresa-taubengrau-50-cm-kartell\/#breadcrumb"},"inLanguage":"de","potentialAction":[{"@type":"ReadAction","target":["https:\/\/ekkla.ch\/de\/produit\/pendelleuchte-teresa-taubengrau-50-cm-kartell\/"]}]},{"@type":"ImageObject","inLanguage":"de","@id":"https:\/\/ekkla.ch\/de\/produit\/pendelleuchte-teresa-taubengrau-50-cm-kartell\/#primaryimage","url":"https:\/\/ekkla.ch\/wp-content\/uploads\/2025\/10\/suspension-teresa-kartell-ekkla-grid-colombe.jpg","contentUrl":"https:\/\/ekkla.ch\/wp-content\/uploads\/2025\/10\/suspension-teresa-kartell-ekkla-grid-colombe.jpg","width":1000,"height":1000},{"@type":"BreadcrumbList","@id":"https:\/\/ekkla.ch\/de\/produit\/pendelleuchte-teresa-taubengrau-50-cm-kartell\/#breadcrumb","itemListElement":[{"@type":"ListItem","position":1,"name":"Home","item":"https:\/\/ekkla.ch\/de\/"},{"@type":"ListItem","position":2,"name":"Shop","item":"https:\/\/ekkla.ch\/de\/shop\/"},{"@type":"ListItem","position":3,"name":"Pendelleuchte Teresa \u2013 Taubengrau \u2013 50 cm \u2013 Kartell"}]},{"@type":"WebSite","@id":"https:\/\/ekkla.ch\/#website","url":"https:\/\/ekkla.ch\/","name":"Ekkla","description":"Der Onlineshop f\u00fcr Beleuchtung","publisher":{"@id":"https:\/\/ekkla.ch\/#organization"},"potentialAction":[{"@type":"SearchAction","target":{"@type":"EntryPoint","urlTemplate":"https:\/\/ekkla.ch\/?s={search_term_string}"},"query-input":"required name=search_term_string"}],"inLanguage":"de"},{"@type":"Organization","@id":"https:\/\/ekkla.ch\/#organization","name":"Ekkla","url":"https:\/\/ekkla.ch\/","logo":{"@type":"ImageObject","inLanguage":"de","@id":"https:\/\/ekkla.ch\/#\/schema\/logo\/image\/","url":"http:\/\/ekkla.ch\/wp-content\/uploads\/2019\/07\/logo-1.svg","contentUrl":"http:\/\/ekkla.ch\/wp-content\/uploads\/2019\/07\/logo-1.svg","width":1,"height":1,"caption":"Ekkla"},"image":{"@id":"https:\/\/ekkla.ch\/#\/schema\/logo\/image\/"},"sameAs":["https:\/\/www.instagram.com\/ekkla_light\/"]}]}},"_links":{"self":[{"href":"https:\/\/ekkla.ch\/de\/wp-json\/wp\/v2\/product\/209301"}],"collection":[{"href":"https:\/\/ekkla.ch\/de\/wp-json\/wp\/v2\/product"}],"about":[{"href":"https:\/\/ekkla.ch\/de\/wp-json\/wp\/v2\/types\/product"}],"wp:featuredmedia":[{"embeddable":true,"href":"https:\/\/ekkla.ch\/de\/wp-json\/wp\/v2\/media\/209290"}],"wp:attachment":[{"href":"https:\/\/ekkla.ch\/de\/wp-json\/wp\/v2\/media?parent=209301"}],"wp:term":[{"taxonomy":"product_cat","embeddable":true,"href":"https:\/\/ekkla.ch\/de\/wp-json\/wp\/v2\/product_cat?post=209301"},{"taxonomy":"product_tag","embeddable":true,"href":"https:\/\/ekkla.ch\/de\/wp-json\/wp\/v2\/product_tag?post=209301"}],"curies":[{"name":"wp","href":"https:\/\/api.w.org\/{rel}","templated":true}]}}