{"id":209403,"date":"2025-11-03T13:54:18","date_gmt":"2025-11-03T12:54:18","guid":{"rendered":"https:\/\/ekkla.ch\/produit\/tragbare-lampe-mist-ap21-guatemala-gruen-traditio\/"},"modified":"2025-11-03T17:14:12","modified_gmt":"2025-11-03T16:14:12","slug":"tragbare-lampe-mist-ap21-guatemala-gruen-traditio","status":"publish","type":"product","link":"https:\/\/ekkla.ch\/de\/produit\/tragbare-lampe-mist-ap21-guatemala-gruen-traditio\/","title":{"rendered":"Tragbare Lampe Mist AP21 \u2013 Guatemala Gr\u00fcn \u2013 &#038;Tradition"},"content":{"rendered":"<p>Die tragbare Lampe Mist AP21 von &amp;Tradition verk\u00f6rpert die Feinheit des skandinavischen Designs in einer sanften und zeitlosen Form. Kompakt und kabellos spendet sie ein warmes, einh\u00fcllendes Licht \u2013 perfekt, um auf einem Tisch, einem Sideboard oder im Au\u00dfenbereich eine beruhigende Atmosph\u00e4re zu schaffen.<\/p>\n<p>Dank ihres unauff\u00e4lligen Formats und des wiederaufladbaren Akkus f\u00fcgt sich die Mist AP21 harmonisch in jede Umgebung ein \u2013 vom Wohnzimmer \u00fcber das Schlafzimmer bis hin zu Terrasse oder Empfangsbereichen. Ihr sanftes, diffuses Licht erinnert an den Zauber des Morgennebels und sorgt f\u00fcr Ruhe und visuelle Balance.<\/p>\n<p>Hergestellt aus mundgeblasenem Glas und naturbelassenem Marmor, reflektiert diese Lampe das handwerkliche K\u00f6nnen und die zur\u00fcckhaltende Eleganz, die das Universum von &amp;Tradition pr\u00e4gen. Jedes Exemplar zeichnet sich durch seine einzigartigen Farb- und Strukturnuancen aus und vereint poetisches und funktionales Design.<\/p>\n<p>Die Mist AP21 ist nicht nur eine Lampe, sondern ein mobiles Lichterlebnis, das Ihre ruhigen und gem\u00fctlichen Momente des Alltags begleitet.<\/p>\n<h2>Eigenschaften<\/h2>\n<p><strong>Marke<\/strong>: &amp;Tradition<\/p>\n<p><strong>Farbe:<\/strong> Gr\u00fcn<\/p>\n<p><strong>Materialien:<\/strong> Mundgeblasenes Glas, Marmor<\/p>\n<p><strong>H\u00f6he (cm)<\/strong>: 12<\/p>\n<p><strong>Durchmesser (cm)<\/strong>: 16<\/p>\n<p><strong>Gewicht (kg)<\/strong>: 1<\/p>\n","protected":false},"excerpt":{"rendered":"<p>Die tragbare Lampe Mist AP21 von &amp;Tradition verk\u00f6rpert die Feinheit des skandinavischen Designs in einer sanften und zeitlosen Form. Kompakt und kabellos spendet sie ein warmes, einh\u00fcllendes Licht \u2013 perfekt, um auf einem Tisch, einem Sideboard oder im Au\u00dfenbereich eine beruhigende Atmosph\u00e4re zu schaffen. Dank ihres unauff\u00e4lligen Formats und des wiederaufladbaren Akkus f\u00fcgt sich die [&hellip;]<\/p>\n","protected":false},"featured_media":209415,"template":"","meta":{"_acf_changed":false,"om_disable_all_campaigns":false},"product_cat":[1087,290],"product_tag":[1242,403],"bundled_by":[],"bundle_stock_status":"instock","bundle_stock_quantity":1,"bundle_virtual":false,"bundle_layout":"","bundle_add_to_cart_form_location":"","bundle_editable_in_cart":false,"bundle_sold_individually_context":"","bundle_item_grouping":"","bundle_min_size":"","bundle_max_size":"","bundle_price":[],"bundled_items":[],"bundle_sell_ids":[],"acf":[],"yoast_head":"<!-- This site is optimized with the Yoast SEO Premium plugin v22.2 (Yoast SEO v22.8) - https:\/\/yoast.com\/wordpress\/plugins\/seo\/ -->\n<title>Tragbare Lampe Mist AP21 | Guatemala Gr\u00fcn | &amp;Tradition<\/title>\n<meta name=\"description\" content=\"Die tragbare Lampe Mist AP21 von &amp;Tradition verk\u00f6rpert die Feinheit des skandinavischen Designs in einer sanften und zeitlosen Form.\" \/>\n<meta name=\"robots\" content=\"index, follow, max-snippet:-1, max-image-preview:large, max-video-preview:-1\" \/>\n<link rel=\"canonical\" href=\"https:\/\/ekkla.ch\/de\/produit\/tragbare-lampe-mist-ap21-guatemala-gruen-traditio\/\" \/>\n<meta property=\"og:locale\" content=\"de_DE\" \/>\n<meta property=\"og:type\" content=\"article\" \/>\n<meta property=\"og:title\" content=\"Tragbare Lampe Mist AP21 \u2013 Guatemala Gr\u00fcn \u2013 &amp;Tradition\" \/>\n<meta property=\"og:description\" content=\"Die tragbare Lampe Mist AP21 von &amp;Tradition verk\u00f6rpert die Feinheit des skandinavischen Designs in einer sanften und zeitlosen Form.\" \/>\n<meta property=\"og:url\" content=\"https:\/\/ekkla.ch\/de\/produit\/tragbare-lampe-mist-ap21-guatemala-gruen-traditio\/\" \/>\n<meta property=\"og:site_name\" content=\"Ekkla\" \/>\n<meta property=\"article:modified_time\" content=\"2025-11-03T16:14:12+00:00\" \/>\n<meta property=\"og:image\" content=\"https:\/\/ekkla.ch\/wp-content\/uploads\/2025\/11\/ekkla-andtradition-lampe-portable-mist-ap21-vert.jpg\" \/>\n\t<meta property=\"og:image:width\" content=\"1000\" \/>\n\t<meta property=\"og:image:height\" content=\"1000\" \/>\n\t<meta property=\"og:image:type\" content=\"image\/jpeg\" \/>\n<meta name=\"twitter:card\" content=\"summary_large_image\" \/>\n<meta name=\"twitter:label1\" content=\"Gesch\u00e4tzte Lesezeit\" \/>\n\t<meta name=\"twitter:data1\" content=\"1\u00a0Minute\" \/>\n<script type=\"application\/ld+json\" class=\"yoast-schema-graph\">{\"@context\":\"https:\/\/schema.org\",\"@graph\":[{\"@type\":\"WebPage\",\"@id\":\"https:\/\/ekkla.ch\/de\/produit\/tragbare-lampe-mist-ap21-guatemala-gruen-traditio\/\",\"url\":\"https:\/\/ekkla.ch\/de\/produit\/tragbare-lampe-mist-ap21-guatemala-gruen-traditio\/\",\"name\":\"Tragbare Lampe Mist AP21 | Guatemala Gr\u00fcn | &Tradition\",\"isPartOf\":{\"@id\":\"https:\/\/ekkla.ch\/#website\"},\"primaryImageOfPage\":{\"@id\":\"https:\/\/ekkla.ch\/de\/produit\/tragbare-lampe-mist-ap21-guatemala-gruen-traditio\/#primaryimage\"},\"image\":{\"@id\":\"https:\/\/ekkla.ch\/de\/produit\/tragbare-lampe-mist-ap21-guatemala-gruen-traditio\/#primaryimage\"},\"thumbnailUrl\":\"https:\/\/ekkla.ch\/wp-content\/uploads\/2025\/11\/ekkla-andtradition-lampe-portable-mist-ap21-vert.jpg\",\"datePublished\":\"2025-11-03T12:54:18+00:00\",\"dateModified\":\"2025-11-03T16:14:12+00:00\",\"description\":\"Die tragbare Lampe Mist AP21 von &Tradition verk\u00f6rpert die Feinheit des skandinavischen Designs in einer sanften und zeitlosen Form.\",\"breadcrumb\":{\"@id\":\"https:\/\/ekkla.ch\/de\/produit\/tragbare-lampe-mist-ap21-guatemala-gruen-traditio\/#breadcrumb\"},\"inLanguage\":\"de\",\"potentialAction\":[{\"@type\":\"ReadAction\",\"target\":[\"https:\/\/ekkla.ch\/de\/produit\/tragbare-lampe-mist-ap21-guatemala-gruen-traditio\/\"]}]},{\"@type\":\"ImageObject\",\"inLanguage\":\"de\",\"@id\":\"https:\/\/ekkla.ch\/de\/produit\/tragbare-lampe-mist-ap21-guatemala-gruen-traditio\/#primaryimage\",\"url\":\"https:\/\/ekkla.ch\/wp-content\/uploads\/2025\/11\/ekkla-andtradition-lampe-portable-mist-ap21-vert.jpg\",\"contentUrl\":\"https:\/\/ekkla.ch\/wp-content\/uploads\/2025\/11\/ekkla-andtradition-lampe-portable-mist-ap21-vert.jpg\",\"width\":1000,\"height\":1000},{\"@type\":\"BreadcrumbList\",\"@id\":\"https:\/\/ekkla.ch\/de\/produit\/tragbare-lampe-mist-ap21-guatemala-gruen-traditio\/#breadcrumb\",\"itemListElement\":[{\"@type\":\"ListItem\",\"position\":1,\"name\":\"Home\",\"item\":\"https:\/\/ekkla.ch\/de\/\"},{\"@type\":\"ListItem\",\"position\":2,\"name\":\"Shop\",\"item\":\"https:\/\/ekkla.ch\/de\/shop\/\"},{\"@type\":\"ListItem\",\"position\":3,\"name\":\"Tragbare Lampe Mist AP21 \u2013 Guatemala Gr\u00fcn \u2013 &amp;Tradition\"}]},{\"@type\":\"WebSite\",\"@id\":\"https:\/\/ekkla.ch\/#website\",\"url\":\"https:\/\/ekkla.ch\/\",\"name\":\"Ekkla\",\"description\":\"Der Onlineshop f\u00fcr Beleuchtung\",\"publisher\":{\"@id\":\"https:\/\/ekkla.ch\/#organization\"},\"potentialAction\":[{\"@type\":\"SearchAction\",\"target\":{\"@type\":\"EntryPoint\",\"urlTemplate\":\"https:\/\/ekkla.ch\/?s={search_term_string}\"},\"query-input\":\"required name=search_term_string\"}],\"inLanguage\":\"de\"},{\"@type\":\"Organization\",\"@id\":\"https:\/\/ekkla.ch\/#organization\",\"name\":\"Ekkla\",\"url\":\"https:\/\/ekkla.ch\/\",\"logo\":{\"@type\":\"ImageObject\",\"inLanguage\":\"de\",\"@id\":\"https:\/\/ekkla.ch\/#\/schema\/logo\/image\/\",\"url\":\"http:\/\/ekkla.ch\/wp-content\/uploads\/2019\/07\/logo-1.svg\",\"contentUrl\":\"http:\/\/ekkla.ch\/wp-content\/uploads\/2019\/07\/logo-1.svg\",\"width\":1,\"height\":1,\"caption\":\"Ekkla\"},\"image\":{\"@id\":\"https:\/\/ekkla.ch\/#\/schema\/logo\/image\/\"},\"sameAs\":[\"https:\/\/www.instagram.com\/ekkla_light\/\"]}]}<\/script>\n<!-- \/ Yoast SEO Premium plugin. -->","yoast_head_json":{"title":"Tragbare Lampe Mist AP21 | Guatemala Gr\u00fcn | &Tradition","description":"Die tragbare Lampe Mist AP21 von &Tradition verk\u00f6rpert die Feinheit des skandinavischen Designs in einer sanften und zeitlosen Form.","robots":{"index":"index","follow":"follow","max-snippet":"max-snippet:-1","max-image-preview":"max-image-preview:large","max-video-preview":"max-video-preview:-1"},"canonical":"https:\/\/ekkla.ch\/de\/produit\/tragbare-lampe-mist-ap21-guatemala-gruen-traditio\/","og_locale":"de_DE","og_type":"article","og_title":"Tragbare Lampe Mist AP21 \u2013 Guatemala Gr\u00fcn \u2013 &Tradition","og_description":"Die tragbare Lampe Mist AP21 von &Tradition verk\u00f6rpert die Feinheit des skandinavischen Designs in einer sanften und zeitlosen Form.","og_url":"https:\/\/ekkla.ch\/de\/produit\/tragbare-lampe-mist-ap21-guatemala-gruen-traditio\/","og_site_name":"Ekkla","article_modified_time":"2025-11-03T16:14:12+00:00","og_image":[{"width":1000,"height":1000,"url":"https:\/\/ekkla.ch\/wp-content\/uploads\/2025\/11\/ekkla-andtradition-lampe-portable-mist-ap21-vert.jpg","type":"image\/jpeg"}],"twitter_card":"summary_large_image","twitter_misc":{"Gesch\u00e4tzte Lesezeit":"1\u00a0Minute"},"schema":{"@context":"https:\/\/schema.org","@graph":[{"@type":"WebPage","@id":"https:\/\/ekkla.ch\/de\/produit\/tragbare-lampe-mist-ap21-guatemala-gruen-traditio\/","url":"https:\/\/ekkla.ch\/de\/produit\/tragbare-lampe-mist-ap21-guatemala-gruen-traditio\/","name":"Tragbare Lampe Mist AP21 | Guatemala Gr\u00fcn | &Tradition","isPartOf":{"@id":"https:\/\/ekkla.ch\/#website"},"primaryImageOfPage":{"@id":"https:\/\/ekkla.ch\/de\/produit\/tragbare-lampe-mist-ap21-guatemala-gruen-traditio\/#primaryimage"},"image":{"@id":"https:\/\/ekkla.ch\/de\/produit\/tragbare-lampe-mist-ap21-guatemala-gruen-traditio\/#primaryimage"},"thumbnailUrl":"https:\/\/ekkla.ch\/wp-content\/uploads\/2025\/11\/ekkla-andtradition-lampe-portable-mist-ap21-vert.jpg","datePublished":"2025-11-03T12:54:18+00:00","dateModified":"2025-11-03T16:14:12+00:00","description":"Die tragbare Lampe Mist AP21 von &Tradition verk\u00f6rpert die Feinheit des skandinavischen Designs in einer sanften und zeitlosen Form.","breadcrumb":{"@id":"https:\/\/ekkla.ch\/de\/produit\/tragbare-lampe-mist-ap21-guatemala-gruen-traditio\/#breadcrumb"},"inLanguage":"de","potentialAction":[{"@type":"ReadAction","target":["https:\/\/ekkla.ch\/de\/produit\/tragbare-lampe-mist-ap21-guatemala-gruen-traditio\/"]}]},{"@type":"ImageObject","inLanguage":"de","@id":"https:\/\/ekkla.ch\/de\/produit\/tragbare-lampe-mist-ap21-guatemala-gruen-traditio\/#primaryimage","url":"https:\/\/ekkla.ch\/wp-content\/uploads\/2025\/11\/ekkla-andtradition-lampe-portable-mist-ap21-vert.jpg","contentUrl":"https:\/\/ekkla.ch\/wp-content\/uploads\/2025\/11\/ekkla-andtradition-lampe-portable-mist-ap21-vert.jpg","width":1000,"height":1000},{"@type":"BreadcrumbList","@id":"https:\/\/ekkla.ch\/de\/produit\/tragbare-lampe-mist-ap21-guatemala-gruen-traditio\/#breadcrumb","itemListElement":[{"@type":"ListItem","position":1,"name":"Home","item":"https:\/\/ekkla.ch\/de\/"},{"@type":"ListItem","position":2,"name":"Shop","item":"https:\/\/ekkla.ch\/de\/shop\/"},{"@type":"ListItem","position":3,"name":"Tragbare Lampe Mist AP21 \u2013 Guatemala Gr\u00fcn \u2013 &amp;Tradition"}]},{"@type":"WebSite","@id":"https:\/\/ekkla.ch\/#website","url":"https:\/\/ekkla.ch\/","name":"Ekkla","description":"Der Onlineshop f\u00fcr Beleuchtung","publisher":{"@id":"https:\/\/ekkla.ch\/#organization"},"potentialAction":[{"@type":"SearchAction","target":{"@type":"EntryPoint","urlTemplate":"https:\/\/ekkla.ch\/?s={search_term_string}"},"query-input":"required name=search_term_string"}],"inLanguage":"de"},{"@type":"Organization","@id":"https:\/\/ekkla.ch\/#organization","name":"Ekkla","url":"https:\/\/ekkla.ch\/","logo":{"@type":"ImageObject","inLanguage":"de","@id":"https:\/\/ekkla.ch\/#\/schema\/logo\/image\/","url":"http:\/\/ekkla.ch\/wp-content\/uploads\/2019\/07\/logo-1.svg","contentUrl":"http:\/\/ekkla.ch\/wp-content\/uploads\/2019\/07\/logo-1.svg","width":1,"height":1,"caption":"Ekkla"},"image":{"@id":"https:\/\/ekkla.ch\/#\/schema\/logo\/image\/"},"sameAs":["https:\/\/www.instagram.com\/ekkla_light\/"]}]}},"_links":{"self":[{"href":"https:\/\/ekkla.ch\/de\/wp-json\/wp\/v2\/product\/209403"}],"collection":[{"href":"https:\/\/ekkla.ch\/de\/wp-json\/wp\/v2\/product"}],"about":[{"href":"https:\/\/ekkla.ch\/de\/wp-json\/wp\/v2\/types\/product"}],"wp:featuredmedia":[{"embeddable":true,"href":"https:\/\/ekkla.ch\/de\/wp-json\/wp\/v2\/media\/209415"}],"wp:attachment":[{"href":"https:\/\/ekkla.ch\/de\/wp-json\/wp\/v2\/media?parent=209403"}],"wp:term":[{"taxonomy":"product_cat","embeddable":true,"href":"https:\/\/ekkla.ch\/de\/wp-json\/wp\/v2\/product_cat?post=209403"},{"taxonomy":"product_tag","embeddable":true,"href":"https:\/\/ekkla.ch\/de\/wp-json\/wp\/v2\/product_tag?post=209403"}],"curies":[{"name":"wp","href":"https:\/\/api.w.org\/{rel}","templated":true}]}}