{"id":22226,"date":"2020-05-05T17:08:18","date_gmt":"2020-05-05T15:08:18","guid":{"rendered":"https:\/\/ekkla.ch\/?post_type=product&#038;p=22226"},"modified":"2022-11-15T13:22:19","modified_gmt":"2022-11-15T12:22:19","slug":"haengelduchte-storm-messing-cvl-luminaires","status":"publish","type":"product","link":"https:\/\/ekkla.ch\/de\/produit\/haengelduchte-storm-messing-cvl-luminaires\/","title":{"rendered":"H\u00e4ngeleuchte Storm Messing &#8211; CVL Luminaires"},"content":{"rendered":"<p>Die H\u00e4ngeleuchte <em>Storm<\/em> wurde von der\u00a0talentierten Emilie Cath\u00e9lineau f\u00fcr das franz\u00f6sische Haus CVL entworfen. Sie verf\u00fchrt mit ihren reinen und raffinierten Linien sowie ihrem modernen Design, und erleuchtet Ihr Interieur stilvoll. Dank der in den Zylinder integrierten LEDs ist die Lichtstreuung zart und harmonisch. Die L\u00e4nge der Kabel kann w\u00e4hrend der Installation angepasst werden.<\/p>\n<p>Bei dieser Leuchte handelt es sich um ein handgefertigtes, handmontiertes und nur auf Bestellung produziertes Modell. Daher\u00a0betr\u00e4gt die Lieferzeit 6 bis 8 Wochen.<\/p>\n<blockquote>\n<h2 style=\"text-align: left;\">Merkmale &amp; Eigenschaften<\/h2>\n<p><strong>Marke<\/strong> CVL Luminaires<\/p>\n<p style=\"text-align: left;\"><strong>Farbe<\/strong> Gold<\/p>\n<p style=\"text-align: left;\"><strong>Material<\/strong> Massives Messing<\/p>\n<p style=\"text-align: left;\"><strong>Stromversorgung\u00a0<\/strong>\u00a0Integrierte LEDs<\/p>\n<p style=\"text-align: left;\"><strong>Lichtintensit\u00e4t (lm)<\/strong> 600<\/p>\n<p style=\"text-align: left;\"><strong>Lichtfarbe \u00a0(k)<\/strong>\u00a02700<\/p>\n<p style=\"text-align: left;\"><strong>Dimmbar <\/strong>Nein (Verf\u00fcgbar auf Anfrage, bitte kontaktieren Sie uns)<\/p>\n<p><strong>H\u00f6he (cm)<\/strong> 48 bis 248<\/p>\n<p><strong>Breite (cm)<\/strong> 15,6<\/p>\n<p><strong>Tiefe (cm)<\/strong> 5<\/p>\n<h6>In Absprache mit der Marke ist diese Lampe von Spezialangeboten ausgeschlossen.<\/h6>\n<\/blockquote>\n","protected":false},"excerpt":{"rendered":"<p>Die H\u00e4ngeleuchte Storm wurde von der\u00a0talentierten Emilie Cath\u00e9lineau f\u00fcr das franz\u00f6sische Haus CVL entworfen. Sie verf\u00fchrt mit ihren reinen und raffinierten Linien sowie ihrem modernen Design, und erleuchtet Ihr Interieur stilvoll. Dank der in den Zylinder integrierten LEDs ist die Lichtstreuung zart und harmonisch. Die L\u00e4nge der Kabel kann w\u00e4hrend der Installation angepasst werden. Bei [&hellip;]<\/p>\n","protected":false},"featured_media":22399,"template":"","meta":{"_acf_changed":false,"om_disable_all_campaigns":false},"product_cat":[291],"product_tag":[1254,1265,801,704],"bundled_by":[],"bundle_stock_status":"onbackorder","bundle_stock_quantity":null,"bundle_virtual":false,"bundle_layout":"","bundle_add_to_cart_form_location":"","bundle_editable_in_cart":false,"bundle_sold_individually_context":"","bundle_item_grouping":"","bundle_min_size":"","bundle_max_size":"","bundle_price":[],"bundled_items":[],"bundle_sell_ids":[],"acf":[],"yoast_head":"<!-- This site is optimized with the Yoast SEO Premium plugin v22.2 (Yoast SEO v22.8) - https:\/\/yoast.com\/wordpress\/plugins\/seo\/ -->\n<title>CVL Luminaires | H\u00e4ngeleuchte Storm | Integrierte LED | Ekkla<\/title>\n<meta name=\"description\" content=\"Eine Leuchte mit integrierten LEDs im originellen Design. Ideal \u00fcber einer Bar oder einem Esstisch. Spielen Sie mit den Kabeln f\u00fcr die ideale H\u00f6he!\" \/>\n<meta name=\"robots\" content=\"index, follow, max-snippet:-1, max-image-preview:large, max-video-preview:-1\" \/>\n<link rel=\"canonical\" href=\"https:\/\/ekkla.ch\/de\/produit\/haengelduchte-storm-messing-cvl-luminaires\/\" \/>\n<meta property=\"og:locale\" content=\"de_DE\" \/>\n<meta property=\"og:type\" content=\"article\" \/>\n<meta property=\"og:title\" content=\"H\u00e4ngeleuchte Storm Messing - CVL Luminaires\" \/>\n<meta property=\"og:description\" content=\"Eine Leuchte mit integrierten LEDs im originellen Design. Ideal \u00fcber einer Bar oder einem Esstisch. Spielen Sie mit den Kabeln f\u00fcr die ideale H\u00f6he!\" \/>\n<meta property=\"og:url\" content=\"https:\/\/ekkla.ch\/de\/produit\/haengelduchte-storm-messing-cvl-luminaires\/\" \/>\n<meta property=\"og:site_name\" content=\"Ekkla\" \/>\n<meta property=\"article:modified_time\" content=\"2022-11-15T12:22:19+00:00\" \/>\n<meta property=\"og:image\" content=\"https:\/\/ekkla.ch\/wp-content\/uploads\/2020\/05\/Storm-laiton.jpg\" \/>\n\t<meta property=\"og:image:width\" content=\"900\" \/>\n\t<meta property=\"og:image:height\" content=\"900\" \/>\n\t<meta property=\"og:image:type\" content=\"image\/jpeg\" \/>\n<meta name=\"twitter:card\" content=\"summary_large_image\" \/>\n<meta name=\"twitter:label1\" content=\"Gesch\u00e4tzte Lesezeit\" \/>\n\t<meta name=\"twitter:data1\" content=\"1\u00a0Minute\" \/>\n<script type=\"application\/ld+json\" class=\"yoast-schema-graph\">{\"@context\":\"https:\/\/schema.org\",\"@graph\":[{\"@type\":\"WebPage\",\"@id\":\"https:\/\/ekkla.ch\/de\/produit\/haengelduchte-storm-messing-cvl-luminaires\/\",\"url\":\"https:\/\/ekkla.ch\/de\/produit\/haengelduchte-storm-messing-cvl-luminaires\/\",\"name\":\"CVL Luminaires | H\u00e4ngeleuchte Storm | Integrierte LED | Ekkla\",\"isPartOf\":{\"@id\":\"https:\/\/ekkla.ch\/#website\"},\"primaryImageOfPage\":{\"@id\":\"https:\/\/ekkla.ch\/de\/produit\/haengelduchte-storm-messing-cvl-luminaires\/#primaryimage\"},\"image\":{\"@id\":\"https:\/\/ekkla.ch\/de\/produit\/haengelduchte-storm-messing-cvl-luminaires\/#primaryimage\"},\"thumbnailUrl\":\"https:\/\/ekkla.ch\/wp-content\/uploads\/2020\/05\/Storm-laiton.jpg\",\"datePublished\":\"2020-05-05T15:08:18+00:00\",\"dateModified\":\"2022-11-15T12:22:19+00:00\",\"description\":\"Eine Leuchte mit integrierten LEDs im originellen Design. Ideal \u00fcber einer Bar oder einem Esstisch. Spielen Sie mit den Kabeln f\u00fcr die ideale H\u00f6he!\",\"breadcrumb\":{\"@id\":\"https:\/\/ekkla.ch\/de\/produit\/haengelduchte-storm-messing-cvl-luminaires\/#breadcrumb\"},\"inLanguage\":\"de\",\"potentialAction\":[{\"@type\":\"ReadAction\",\"target\":[\"https:\/\/ekkla.ch\/de\/produit\/haengelduchte-storm-messing-cvl-luminaires\/\"]}]},{\"@type\":\"ImageObject\",\"inLanguage\":\"de\",\"@id\":\"https:\/\/ekkla.ch\/de\/produit\/haengelduchte-storm-messing-cvl-luminaires\/#primaryimage\",\"url\":\"https:\/\/ekkla.ch\/wp-content\/uploads\/2020\/05\/Storm-laiton.jpg\",\"contentUrl\":\"https:\/\/ekkla.ch\/wp-content\/uploads\/2020\/05\/Storm-laiton.jpg\",\"width\":900,\"height\":900},{\"@type\":\"BreadcrumbList\",\"@id\":\"https:\/\/ekkla.ch\/de\/produit\/haengelduchte-storm-messing-cvl-luminaires\/#breadcrumb\",\"itemListElement\":[{\"@type\":\"ListItem\",\"position\":1,\"name\":\"Home\",\"item\":\"https:\/\/ekkla.ch\/de\/\"},{\"@type\":\"ListItem\",\"position\":2,\"name\":\"Shop\",\"item\":\"https:\/\/ekkla.ch\/de\/shop\/\"},{\"@type\":\"ListItem\",\"position\":3,\"name\":\"H\u00e4ngeleuchte Storm Messing &#8211; CVL Luminaires\"}]},{\"@type\":\"WebSite\",\"@id\":\"https:\/\/ekkla.ch\/#website\",\"url\":\"https:\/\/ekkla.ch\/\",\"name\":\"Ekkla\",\"description\":\"Der Onlineshop f\u00fcr Beleuchtung\",\"publisher\":{\"@id\":\"https:\/\/ekkla.ch\/#organization\"},\"potentialAction\":[{\"@type\":\"SearchAction\",\"target\":{\"@type\":\"EntryPoint\",\"urlTemplate\":\"https:\/\/ekkla.ch\/?s={search_term_string}\"},\"query-input\":\"required name=search_term_string\"}],\"inLanguage\":\"de\"},{\"@type\":\"Organization\",\"@id\":\"https:\/\/ekkla.ch\/#organization\",\"name\":\"Ekkla\",\"url\":\"https:\/\/ekkla.ch\/\",\"logo\":{\"@type\":\"ImageObject\",\"inLanguage\":\"de\",\"@id\":\"https:\/\/ekkla.ch\/#\/schema\/logo\/image\/\",\"url\":\"http:\/\/ekkla.ch\/wp-content\/uploads\/2019\/07\/logo-1.svg\",\"contentUrl\":\"http:\/\/ekkla.ch\/wp-content\/uploads\/2019\/07\/logo-1.svg\",\"width\":1,\"height\":1,\"caption\":\"Ekkla\"},\"image\":{\"@id\":\"https:\/\/ekkla.ch\/#\/schema\/logo\/image\/\"},\"sameAs\":[\"https:\/\/www.instagram.com\/ekkla_light\/\"]}]}<\/script>\n<!-- \/ Yoast SEO Premium plugin. -->","yoast_head_json":{"title":"CVL Luminaires | H\u00e4ngeleuchte Storm | Integrierte LED | Ekkla","description":"Eine Leuchte mit integrierten LEDs im originellen Design. Ideal \u00fcber einer Bar oder einem Esstisch. Spielen Sie mit den Kabeln f\u00fcr die ideale H\u00f6he!","robots":{"index":"index","follow":"follow","max-snippet":"max-snippet:-1","max-image-preview":"max-image-preview:large","max-video-preview":"max-video-preview:-1"},"canonical":"https:\/\/ekkla.ch\/de\/produit\/haengelduchte-storm-messing-cvl-luminaires\/","og_locale":"de_DE","og_type":"article","og_title":"H\u00e4ngeleuchte Storm Messing - CVL Luminaires","og_description":"Eine Leuchte mit integrierten LEDs im originellen Design. Ideal \u00fcber einer Bar oder einem Esstisch. Spielen Sie mit den Kabeln f\u00fcr die ideale H\u00f6he!","og_url":"https:\/\/ekkla.ch\/de\/produit\/haengelduchte-storm-messing-cvl-luminaires\/","og_site_name":"Ekkla","article_modified_time":"2022-11-15T12:22:19+00:00","og_image":[{"width":900,"height":900,"url":"https:\/\/ekkla.ch\/wp-content\/uploads\/2020\/05\/Storm-laiton.jpg","type":"image\/jpeg"}],"twitter_card":"summary_large_image","twitter_misc":{"Gesch\u00e4tzte Lesezeit":"1\u00a0Minute"},"schema":{"@context":"https:\/\/schema.org","@graph":[{"@type":"WebPage","@id":"https:\/\/ekkla.ch\/de\/produit\/haengelduchte-storm-messing-cvl-luminaires\/","url":"https:\/\/ekkla.ch\/de\/produit\/haengelduchte-storm-messing-cvl-luminaires\/","name":"CVL Luminaires | H\u00e4ngeleuchte Storm | Integrierte LED | Ekkla","isPartOf":{"@id":"https:\/\/ekkla.ch\/#website"},"primaryImageOfPage":{"@id":"https:\/\/ekkla.ch\/de\/produit\/haengelduchte-storm-messing-cvl-luminaires\/#primaryimage"},"image":{"@id":"https:\/\/ekkla.ch\/de\/produit\/haengelduchte-storm-messing-cvl-luminaires\/#primaryimage"},"thumbnailUrl":"https:\/\/ekkla.ch\/wp-content\/uploads\/2020\/05\/Storm-laiton.jpg","datePublished":"2020-05-05T15:08:18+00:00","dateModified":"2022-11-15T12:22:19+00:00","description":"Eine Leuchte mit integrierten LEDs im originellen Design. Ideal \u00fcber einer Bar oder einem Esstisch. Spielen Sie mit den Kabeln f\u00fcr die ideale H\u00f6he!","breadcrumb":{"@id":"https:\/\/ekkla.ch\/de\/produit\/haengelduchte-storm-messing-cvl-luminaires\/#breadcrumb"},"inLanguage":"de","potentialAction":[{"@type":"ReadAction","target":["https:\/\/ekkla.ch\/de\/produit\/haengelduchte-storm-messing-cvl-luminaires\/"]}]},{"@type":"ImageObject","inLanguage":"de","@id":"https:\/\/ekkla.ch\/de\/produit\/haengelduchte-storm-messing-cvl-luminaires\/#primaryimage","url":"https:\/\/ekkla.ch\/wp-content\/uploads\/2020\/05\/Storm-laiton.jpg","contentUrl":"https:\/\/ekkla.ch\/wp-content\/uploads\/2020\/05\/Storm-laiton.jpg","width":900,"height":900},{"@type":"BreadcrumbList","@id":"https:\/\/ekkla.ch\/de\/produit\/haengelduchte-storm-messing-cvl-luminaires\/#breadcrumb","itemListElement":[{"@type":"ListItem","position":1,"name":"Home","item":"https:\/\/ekkla.ch\/de\/"},{"@type":"ListItem","position":2,"name":"Shop","item":"https:\/\/ekkla.ch\/de\/shop\/"},{"@type":"ListItem","position":3,"name":"H\u00e4ngeleuchte Storm Messing &#8211; CVL Luminaires"}]},{"@type":"WebSite","@id":"https:\/\/ekkla.ch\/#website","url":"https:\/\/ekkla.ch\/","name":"Ekkla","description":"Der Onlineshop f\u00fcr Beleuchtung","publisher":{"@id":"https:\/\/ekkla.ch\/#organization"},"potentialAction":[{"@type":"SearchAction","target":{"@type":"EntryPoint","urlTemplate":"https:\/\/ekkla.ch\/?s={search_term_string}"},"query-input":"required name=search_term_string"}],"inLanguage":"de"},{"@type":"Organization","@id":"https:\/\/ekkla.ch\/#organization","name":"Ekkla","url":"https:\/\/ekkla.ch\/","logo":{"@type":"ImageObject","inLanguage":"de","@id":"https:\/\/ekkla.ch\/#\/schema\/logo\/image\/","url":"http:\/\/ekkla.ch\/wp-content\/uploads\/2019\/07\/logo-1.svg","contentUrl":"http:\/\/ekkla.ch\/wp-content\/uploads\/2019\/07\/logo-1.svg","width":1,"height":1,"caption":"Ekkla"},"image":{"@id":"https:\/\/ekkla.ch\/#\/schema\/logo\/image\/"},"sameAs":["https:\/\/www.instagram.com\/ekkla_light\/"]}]}},"_links":{"self":[{"href":"https:\/\/ekkla.ch\/de\/wp-json\/wp\/v2\/product\/22226"}],"collection":[{"href":"https:\/\/ekkla.ch\/de\/wp-json\/wp\/v2\/product"}],"about":[{"href":"https:\/\/ekkla.ch\/de\/wp-json\/wp\/v2\/types\/product"}],"wp:featuredmedia":[{"embeddable":true,"href":"https:\/\/ekkla.ch\/de\/wp-json\/wp\/v2\/media\/22399"}],"wp:attachment":[{"href":"https:\/\/ekkla.ch\/de\/wp-json\/wp\/v2\/media?parent=22226"}],"wp:term":[{"taxonomy":"product_cat","embeddable":true,"href":"https:\/\/ekkla.ch\/de\/wp-json\/wp\/v2\/product_cat?post=22226"},{"taxonomy":"product_tag","embeddable":true,"href":"https:\/\/ekkla.ch\/de\/wp-json\/wp\/v2\/product_tag?post=22226"}],"curies":[{"name":"wp","href":"https:\/\/api.w.org\/{rel}","templated":true}]}}