{"id":22246,"date":"2020-05-05T17:47:01","date_gmt":"2020-05-05T15:47:02","guid":{"rendered":"https:\/\/ekkla.ch\/?post_type=product&#038;p=22246"},"modified":"2022-11-15T12:51:59","modified_gmt":"2022-11-15T11:51:59","slug":"wandleuchte-tetra-cvl-luminaires","status":"publish","type":"product","link":"https:\/\/ekkla.ch\/de\/produit\/wandleuchte-tetra-cvl-luminaires\/","title":{"rendered":"Wandleuchte Tetra &#8211; CVL Luminaires"},"content":{"rendered":"<p>Die Wandleuchte Tetra wurde von der talentierten Emilie Cath\u00e9lineau f\u00fcr das franz\u00f6sische Haus CVL entworfen. Allein oder in der Mehrzahl zieht die dreieckige Wandleuchte Tetra Ihre authentischen Inspirationen durch das Licht an.\u00a0 Eine Leuchte mit schickem und klassischem Design, die sich leicht an die Umgebung anpasst und ein weiches und warmes Licht verbreitet.<\/p>\n<p>Deko-Tipp:\u00a0 W\u00e4hlen Sie mehrere Wandleuchten und erzeugen Sie einen authentischen und einzigartigen visuellen Effekt! Wenn die Tetra-Wandleuchten nebeneinander aufgestellt werden, k\u00f6nnen sie dank eines Kabels, das zwischen der Wand und der R\u00fcckseite der Leuchte verl\u00e4uft, miteinander verbunden werden. Diese Installation erfordert nur eine Steckdose.<\/p>\n<p>Bei dieser Leuchte handelt es sich um ein handgefertigtes, handmontiertes und nur auf Bestellung produziertes Modell, daher\u00a0betr\u00e4gt die Lieferzeit 6 bis 8 Wochen.<\/p>\n<blockquote>\n<h2 style=\"text-align: left;\">Merkmale &amp; Eigenschaften<\/h2>\n<p><strong>Marke<\/strong> CVL Luminaires<\/p>\n<p style=\"text-align: left;\"><strong>Farbe<\/strong> Gold<\/p>\n<p style=\"text-align: left;\"><strong>Material<\/strong>\u00a0Massives Messing<\/p>\n<p style=\"text-align: left;\"><strong>Stromversorgung<\/strong>\u00a0Integrierte LED&#8217;s &#8211; 900 Lumen<\/p>\n<p style=\"text-align: left;\"><strong>H\u00f6he (cm)<\/strong>\u00a031<\/p>\n<p style=\"text-align: left;\"><strong>Breite (cm)<\/strong>\u00a026<\/p>\n<p><strong>Tiefe (cm)<\/strong> 11<\/p>\n<h6>In Absprache mit der Marke ist diese Lampe von Spezialangeboten ausgeschlossen.<\/h6>\n<\/blockquote>\n","protected":false},"excerpt":{"rendered":"<p>Die Wandleuchte Tetra wurde von der talentierten Emilie Cath\u00e9lineau f\u00fcr das franz\u00f6sische Haus CVL entworfen. Allein oder in der Mehrzahl zieht die dreieckige Wandleuchte Tetra Ihre authentischen Inspirationen durch das Licht an.\u00a0 Eine Leuchte mit schickem und klassischem Design, die sich leicht an die Umgebung anpasst und ein weiches und warmes Licht verbreitet. Deko-Tipp:\u00a0 W\u00e4hlen [&hellip;]<\/p>\n","protected":false},"featured_media":189804,"template":"","meta":{"_acf_changed":false,"om_disable_all_campaigns":false},"product_cat":[286],"product_tag":[1254,1265,801,704],"bundled_by":[],"bundle_stock_status":"onbackorder","bundle_stock_quantity":null,"bundle_virtual":false,"bundle_layout":"","bundle_add_to_cart_form_location":"","bundle_editable_in_cart":false,"bundle_sold_individually_context":"","bundle_item_grouping":"","bundle_min_size":"","bundle_max_size":"","bundle_price":[],"bundled_items":[],"bundle_sell_ids":[],"acf":[],"yoast_head":"<!-- This site is optimized with the Yoast SEO Premium plugin v22.2 (Yoast SEO v22.8) - https:\/\/yoast.com\/wordpress\/plugins\/seo\/ -->\n<title>CVL Luminaires | Wandleuchte Tetra | Integrierte LED&#039;s | Ekkla<\/title>\n<meta name=\"description\" content=\"Wandleuchte mit integrierten LEDs in einem originellen und reinen Design. Sie k\u00f6nnen sie alleine oder in der Mehrzahl verwenden, um ein originelles und authentisches Ergebnis zu erzielen!\" \/>\n<meta name=\"robots\" content=\"index, follow, max-snippet:-1, max-image-preview:large, max-video-preview:-1\" \/>\n<link rel=\"canonical\" href=\"https:\/\/ekkla.ch\/de\/produit\/wandleuchte-tetra-cvl-luminaires\/\" \/>\n<meta property=\"og:locale\" content=\"de_DE\" \/>\n<meta property=\"og:type\" content=\"article\" \/>\n<meta property=\"og:title\" content=\"Wandleuchte Tetra - CVL Luminaires\" \/>\n<meta property=\"og:description\" content=\"Wandleuchte mit integrierten LEDs in einem originellen und reinen Design. Sie k\u00f6nnen sie alleine oder in der Mehrzahl verwenden, um ein originelles und authentisches Ergebnis zu erzielen!\" \/>\n<meta property=\"og:url\" content=\"https:\/\/ekkla.ch\/de\/produit\/wandleuchte-tetra-cvl-luminaires\/\" \/>\n<meta property=\"og:site_name\" content=\"Ekkla\" \/>\n<meta property=\"article:modified_time\" content=\"2022-11-15T11:51:59+00:00\" \/>\n<meta name=\"twitter:card\" content=\"summary_large_image\" \/>\n<meta name=\"twitter:label1\" content=\"Gesch\u00e4tzte Lesezeit\" \/>\n\t<meta name=\"twitter:data1\" content=\"1\u00a0Minute\" \/>\n<script type=\"application\/ld+json\" class=\"yoast-schema-graph\">{\"@context\":\"https:\/\/schema.org\",\"@graph\":[{\"@type\":\"WebPage\",\"@id\":\"https:\/\/ekkla.ch\/de\/produit\/wandleuchte-tetra-cvl-luminaires\/\",\"url\":\"https:\/\/ekkla.ch\/de\/produit\/wandleuchte-tetra-cvl-luminaires\/\",\"name\":\"CVL Luminaires | Wandleuchte Tetra | Integrierte LED's | Ekkla\",\"isPartOf\":{\"@id\":\"https:\/\/ekkla.ch\/#website\"},\"primaryImageOfPage\":{\"@id\":\"https:\/\/ekkla.ch\/de\/produit\/wandleuchte-tetra-cvl-luminaires\/#primaryimage\"},\"image\":{\"@id\":\"https:\/\/ekkla.ch\/de\/produit\/wandleuchte-tetra-cvl-luminaires\/#primaryimage\"},\"thumbnailUrl\":\"https:\/\/ekkla.ch\/wp-content\/uploads\/2019\/12\/Applique_Tetra-3.jpg\",\"datePublished\":\"2020-05-05T15:47:02+00:00\",\"dateModified\":\"2022-11-15T11:51:59+00:00\",\"description\":\"Wandleuchte mit integrierten LEDs in einem originellen und reinen Design. Sie k\u00f6nnen sie alleine oder in der Mehrzahl verwenden, um ein originelles und authentisches Ergebnis zu erzielen!\",\"breadcrumb\":{\"@id\":\"https:\/\/ekkla.ch\/de\/produit\/wandleuchte-tetra-cvl-luminaires\/#breadcrumb\"},\"inLanguage\":\"de\",\"potentialAction\":[{\"@type\":\"ReadAction\",\"target\":[\"https:\/\/ekkla.ch\/de\/produit\/wandleuchte-tetra-cvl-luminaires\/\"]}]},{\"@type\":\"ImageObject\",\"inLanguage\":\"de\",\"@id\":\"https:\/\/ekkla.ch\/de\/produit\/wandleuchte-tetra-cvl-luminaires\/#primaryimage\",\"url\":\"https:\/\/ekkla.ch\/wp-content\/uploads\/2019\/12\/Applique_Tetra-3.jpg\",\"contentUrl\":\"https:\/\/ekkla.ch\/wp-content\/uploads\/2019\/12\/Applique_Tetra-3.jpg\",\"width\":900,\"height\":900},{\"@type\":\"BreadcrumbList\",\"@id\":\"https:\/\/ekkla.ch\/de\/produit\/wandleuchte-tetra-cvl-luminaires\/#breadcrumb\",\"itemListElement\":[{\"@type\":\"ListItem\",\"position\":1,\"name\":\"Home\",\"item\":\"https:\/\/ekkla.ch\/de\/\"},{\"@type\":\"ListItem\",\"position\":2,\"name\":\"Shop\",\"item\":\"https:\/\/ekkla.ch\/de\/shop\/\"},{\"@type\":\"ListItem\",\"position\":3,\"name\":\"Wandleuchte Tetra &#8211; CVL Luminaires\"}]},{\"@type\":\"WebSite\",\"@id\":\"https:\/\/ekkla.ch\/#website\",\"url\":\"https:\/\/ekkla.ch\/\",\"name\":\"Ekkla\",\"description\":\"Der Onlineshop f\u00fcr Beleuchtung\",\"publisher\":{\"@id\":\"https:\/\/ekkla.ch\/#organization\"},\"potentialAction\":[{\"@type\":\"SearchAction\",\"target\":{\"@type\":\"EntryPoint\",\"urlTemplate\":\"https:\/\/ekkla.ch\/?s={search_term_string}\"},\"query-input\":\"required name=search_term_string\"}],\"inLanguage\":\"de\"},{\"@type\":\"Organization\",\"@id\":\"https:\/\/ekkla.ch\/#organization\",\"name\":\"Ekkla\",\"url\":\"https:\/\/ekkla.ch\/\",\"logo\":{\"@type\":\"ImageObject\",\"inLanguage\":\"de\",\"@id\":\"https:\/\/ekkla.ch\/#\/schema\/logo\/image\/\",\"url\":\"http:\/\/ekkla.ch\/wp-content\/uploads\/2019\/07\/logo-1.svg\",\"contentUrl\":\"http:\/\/ekkla.ch\/wp-content\/uploads\/2019\/07\/logo-1.svg\",\"width\":1,\"height\":1,\"caption\":\"Ekkla\"},\"image\":{\"@id\":\"https:\/\/ekkla.ch\/#\/schema\/logo\/image\/\"},\"sameAs\":[\"https:\/\/www.instagram.com\/ekkla_light\/\"]}]}<\/script>\n<!-- \/ Yoast SEO Premium plugin. -->","yoast_head_json":{"title":"CVL Luminaires | Wandleuchte Tetra | Integrierte LED's | Ekkla","description":"Wandleuchte mit integrierten LEDs in einem originellen und reinen Design. Sie k\u00f6nnen sie alleine oder in der Mehrzahl verwenden, um ein originelles und authentisches Ergebnis zu erzielen!","robots":{"index":"index","follow":"follow","max-snippet":"max-snippet:-1","max-image-preview":"max-image-preview:large","max-video-preview":"max-video-preview:-1"},"canonical":"https:\/\/ekkla.ch\/de\/produit\/wandleuchte-tetra-cvl-luminaires\/","og_locale":"de_DE","og_type":"article","og_title":"Wandleuchte Tetra - CVL Luminaires","og_description":"Wandleuchte mit integrierten LEDs in einem originellen und reinen Design. Sie k\u00f6nnen sie alleine oder in der Mehrzahl verwenden, um ein originelles und authentisches Ergebnis zu erzielen!","og_url":"https:\/\/ekkla.ch\/de\/produit\/wandleuchte-tetra-cvl-luminaires\/","og_site_name":"Ekkla","article_modified_time":"2022-11-15T11:51:59+00:00","twitter_card":"summary_large_image","twitter_misc":{"Gesch\u00e4tzte Lesezeit":"1\u00a0Minute"},"schema":{"@context":"https:\/\/schema.org","@graph":[{"@type":"WebPage","@id":"https:\/\/ekkla.ch\/de\/produit\/wandleuchte-tetra-cvl-luminaires\/","url":"https:\/\/ekkla.ch\/de\/produit\/wandleuchte-tetra-cvl-luminaires\/","name":"CVL Luminaires | Wandleuchte Tetra | Integrierte LED's | Ekkla","isPartOf":{"@id":"https:\/\/ekkla.ch\/#website"},"primaryImageOfPage":{"@id":"https:\/\/ekkla.ch\/de\/produit\/wandleuchte-tetra-cvl-luminaires\/#primaryimage"},"image":{"@id":"https:\/\/ekkla.ch\/de\/produit\/wandleuchte-tetra-cvl-luminaires\/#primaryimage"},"thumbnailUrl":"https:\/\/ekkla.ch\/wp-content\/uploads\/2019\/12\/Applique_Tetra-3.jpg","datePublished":"2020-05-05T15:47:02+00:00","dateModified":"2022-11-15T11:51:59+00:00","description":"Wandleuchte mit integrierten LEDs in einem originellen und reinen Design. Sie k\u00f6nnen sie alleine oder in der Mehrzahl verwenden, um ein originelles und authentisches Ergebnis zu erzielen!","breadcrumb":{"@id":"https:\/\/ekkla.ch\/de\/produit\/wandleuchte-tetra-cvl-luminaires\/#breadcrumb"},"inLanguage":"de","potentialAction":[{"@type":"ReadAction","target":["https:\/\/ekkla.ch\/de\/produit\/wandleuchte-tetra-cvl-luminaires\/"]}]},{"@type":"ImageObject","inLanguage":"de","@id":"https:\/\/ekkla.ch\/de\/produit\/wandleuchte-tetra-cvl-luminaires\/#primaryimage","url":"https:\/\/ekkla.ch\/wp-content\/uploads\/2019\/12\/Applique_Tetra-3.jpg","contentUrl":"https:\/\/ekkla.ch\/wp-content\/uploads\/2019\/12\/Applique_Tetra-3.jpg","width":900,"height":900},{"@type":"BreadcrumbList","@id":"https:\/\/ekkla.ch\/de\/produit\/wandleuchte-tetra-cvl-luminaires\/#breadcrumb","itemListElement":[{"@type":"ListItem","position":1,"name":"Home","item":"https:\/\/ekkla.ch\/de\/"},{"@type":"ListItem","position":2,"name":"Shop","item":"https:\/\/ekkla.ch\/de\/shop\/"},{"@type":"ListItem","position":3,"name":"Wandleuchte Tetra &#8211; CVL Luminaires"}]},{"@type":"WebSite","@id":"https:\/\/ekkla.ch\/#website","url":"https:\/\/ekkla.ch\/","name":"Ekkla","description":"Der Onlineshop f\u00fcr Beleuchtung","publisher":{"@id":"https:\/\/ekkla.ch\/#organization"},"potentialAction":[{"@type":"SearchAction","target":{"@type":"EntryPoint","urlTemplate":"https:\/\/ekkla.ch\/?s={search_term_string}"},"query-input":"required name=search_term_string"}],"inLanguage":"de"},{"@type":"Organization","@id":"https:\/\/ekkla.ch\/#organization","name":"Ekkla","url":"https:\/\/ekkla.ch\/","logo":{"@type":"ImageObject","inLanguage":"de","@id":"https:\/\/ekkla.ch\/#\/schema\/logo\/image\/","url":"http:\/\/ekkla.ch\/wp-content\/uploads\/2019\/07\/logo-1.svg","contentUrl":"http:\/\/ekkla.ch\/wp-content\/uploads\/2019\/07\/logo-1.svg","width":1,"height":1,"caption":"Ekkla"},"image":{"@id":"https:\/\/ekkla.ch\/#\/schema\/logo\/image\/"},"sameAs":["https:\/\/www.instagram.com\/ekkla_light\/"]}]}},"_links":{"self":[{"href":"https:\/\/ekkla.ch\/de\/wp-json\/wp\/v2\/product\/22246"}],"collection":[{"href":"https:\/\/ekkla.ch\/de\/wp-json\/wp\/v2\/product"}],"about":[{"href":"https:\/\/ekkla.ch\/de\/wp-json\/wp\/v2\/types\/product"}],"wp:featuredmedia":[{"embeddable":true,"href":"https:\/\/ekkla.ch\/de\/wp-json\/wp\/v2\/media\/189804"}],"wp:attachment":[{"href":"https:\/\/ekkla.ch\/de\/wp-json\/wp\/v2\/media?parent=22246"}],"wp:term":[{"taxonomy":"product_cat","embeddable":true,"href":"https:\/\/ekkla.ch\/de\/wp-json\/wp\/v2\/product_cat?post=22246"},{"taxonomy":"product_tag","embeddable":true,"href":"https:\/\/ekkla.ch\/de\/wp-json\/wp\/v2\/product_tag?post=22246"}],"curies":[{"name":"wp","href":"https:\/\/api.w.org\/{rel}","templated":true}]}}