{"id":22336,"date":"2020-05-06T10:22:42","date_gmt":"2020-05-06T08:22:43","guid":{"rendered":"https:\/\/ekkla.ch\/?post_type=product&#038;p=22336"},"modified":"2022-11-15T13:09:30","modified_gmt":"2022-11-15T12:09:30","slug":"leseleuchte-link-simple-cvl-luminaires","status":"publish","type":"product","link":"https:\/\/ekkla.ch\/de\/produit\/leseleuchte-link-simple-cvl-luminaires\/","title":{"rendered":"Leseleuchte Link Simple &#8211; CVL Luminaires"},"content":{"rendered":"<p><span lang=\"DE-CH\">Die Leseleuchte Link ist n\u00fcchtern und minimalistisch und schafft durch ihr Design einen perfekten Rahmen f\u00fcr Ihre Beleuchtung, vertikal oder horizontal.<\/span><\/p>\n<p><span lang=\"DE-CH\">Sie versch\u00f6nert Ihr Interieur auf schicke und moderne Weise und f\u00fcgt sich leicht in jede Umgebung ein. Die Kabel sind w\u00e4hrend der Installation verstellbar, damit Sie Ihre Leuchte in die gew\u00fcnschte Form und Neigung bringen k\u00f6nnen.<\/span><\/p>\n<p><span lang=\"DE-CH\">Bei dieser Leseleuchte handelt es sich um ein handgefertigtes, handmontiertes und nur auf Bestellung produziertes Modell. Daher\u00a0betr\u00e4gt die Lieferzeit 6 bis 8 Wochen.<\/span><\/p>\n<p><span lang=\"DE-CH\">\u00a0<\/span><\/p>\n<h2><span lang=\"DE-CH\">Merkmale &amp; Eigenschaften<\/span><\/h2>\n<p><strong>Marke<\/strong> CVL Luminaires<\/p>\n<p><strong><span lang=\"DE-CH\">Farbe<\/span><\/strong><span lang=\"DE-CH\">\u00a0Gold<\/span><\/p>\n<p><strong><span lang=\"DE-CH\">Material<\/span><\/strong><span lang=\"DE-CH\">\u00a0Massives Messing<\/span><\/p>\n<p><strong><span lang=\"DE-CH\">Stromversorgung<\/span><\/strong><span lang=\"DE-CH\">\u00a0Integrierete LED&#8217;s &#8211; 7360 Lumen<\/span><\/p>\n<p><strong><span lang=\"DE-CH\">H\u00f6he (cm)<\/span><\/strong><span class=\"apple-converted-space\"><span lang=\"DE-CH\">\u00a0<\/span><\/span><span lang=\"DE-CH\">4.5<\/span><\/p>\n<p><strong>Breite (cm)<\/strong><span class=\"apple-converted-space\"><b>\u00a0<\/b><\/span>5<\/p>\n<p><strong>Tiefe (cm)<\/strong> 32<\/p>\n<h6>In Absprache mit der Marke ist diese Lampe von Spezialangeboten ausgeschlossen.<\/h6>\n","protected":false},"excerpt":{"rendered":"<p>Die Leseleuchte Link ist n\u00fcchtern und minimalistisch und schafft durch ihr Design einen perfekten Rahmen f\u00fcr Ihre Beleuchtung, vertikal oder horizontal. Sie versch\u00f6nert Ihr Interieur auf schicke und moderne Weise und f\u00fcgt sich leicht in jede Umgebung ein. Die Kabel sind w\u00e4hrend der Installation verstellbar, damit Sie Ihre Leuchte in die gew\u00fcnschte Form und Neigung [&hellip;]<\/p>\n","protected":false},"featured_media":22358,"template":"","meta":{"_acf_changed":false,"om_disable_all_campaigns":false},"product_cat":[286],"product_tag":[1254,1265,801,704],"bundled_by":[],"bundle_stock_status":"onbackorder","bundle_stock_quantity":null,"bundle_virtual":false,"bundle_layout":"","bundle_add_to_cart_form_location":"","bundle_editable_in_cart":false,"bundle_sold_individually_context":"","bundle_item_grouping":"","bundle_min_size":"","bundle_max_size":"","bundle_price":[],"bundled_items":[],"bundle_sell_ids":[],"acf":[],"yoast_head":"<!-- This site is optimized with the Yoast SEO Premium plugin v22.2 (Yoast SEO v22.8) - https:\/\/yoast.com\/wordpress\/plugins\/seo\/ -->\n<title>CVL Luminaires | Leselicht Link Simple | Gold | Integrierte LED&#039;s | Ekkla<\/title>\n<meta name=\"description\" content=\"N\u00fcchtern und minimalistisch, das Leselicht Link rahmt das Licht ein. Diese Leseleuchte schm\u00fcckt Ihr Interieur auf schicke und moderne Weise.\" \/>\n<meta name=\"robots\" content=\"index, follow, max-snippet:-1, max-image-preview:large, max-video-preview:-1\" \/>\n<link rel=\"canonical\" href=\"https:\/\/ekkla.ch\/de\/produit\/leseleuchte-link-simple-cvl-luminaires\/\" \/>\n<meta property=\"og:locale\" content=\"de_DE\" \/>\n<meta property=\"og:type\" content=\"article\" \/>\n<meta property=\"og:title\" content=\"Leseleuchte Link Simple - CVL Luminaires\" \/>\n<meta property=\"og:description\" content=\"N\u00fcchtern und minimalistisch, das Leselicht Link rahmt das Licht ein. Diese Leseleuchte schm\u00fcckt Ihr Interieur auf schicke und moderne Weise.\" \/>\n<meta property=\"og:url\" content=\"https:\/\/ekkla.ch\/de\/produit\/leseleuchte-link-simple-cvl-luminaires\/\" \/>\n<meta property=\"og:site_name\" content=\"Ekkla\" \/>\n<meta property=\"article:modified_time\" content=\"2022-11-15T12:09:30+00:00\" \/>\n<meta property=\"og:image\" content=\"https:\/\/ekkla.ch\/wp-content\/uploads\/2020\/05\/Applique_Link_CLV_Simple-3.png\" \/>\n\t<meta property=\"og:image:width\" content=\"1081\" \/>\n\t<meta property=\"og:image:height\" content=\"1081\" \/>\n\t<meta property=\"og:image:type\" content=\"image\/png\" \/>\n<meta name=\"twitter:card\" content=\"summary_large_image\" \/>\n<meta name=\"twitter:label1\" content=\"Gesch\u00e4tzte Lesezeit\" \/>\n\t<meta name=\"twitter:data1\" content=\"1\u00a0Minute\" \/>\n<script type=\"application\/ld+json\" class=\"yoast-schema-graph\">{\"@context\":\"https:\/\/schema.org\",\"@graph\":[{\"@type\":\"WebPage\",\"@id\":\"https:\/\/ekkla.ch\/de\/produit\/leseleuchte-link-simple-cvl-luminaires\/\",\"url\":\"https:\/\/ekkla.ch\/de\/produit\/leseleuchte-link-simple-cvl-luminaires\/\",\"name\":\"CVL Luminaires | Leselicht Link Simple | Gold | Integrierte LED's | Ekkla\",\"isPartOf\":{\"@id\":\"https:\/\/ekkla.ch\/#website\"},\"primaryImageOfPage\":{\"@id\":\"https:\/\/ekkla.ch\/de\/produit\/leseleuchte-link-simple-cvl-luminaires\/#primaryimage\"},\"image\":{\"@id\":\"https:\/\/ekkla.ch\/de\/produit\/leseleuchte-link-simple-cvl-luminaires\/#primaryimage\"},\"thumbnailUrl\":\"https:\/\/ekkla.ch\/wp-content\/uploads\/2020\/05\/Applique_Link_CLV_Simple-3.png\",\"datePublished\":\"2020-05-06T08:22:43+00:00\",\"dateModified\":\"2022-11-15T12:09:30+00:00\",\"description\":\"N\u00fcchtern und minimalistisch, das Leselicht Link rahmt das Licht ein. Diese Leseleuchte schm\u00fcckt Ihr Interieur auf schicke und moderne Weise.\",\"breadcrumb\":{\"@id\":\"https:\/\/ekkla.ch\/de\/produit\/leseleuchte-link-simple-cvl-luminaires\/#breadcrumb\"},\"inLanguage\":\"de\",\"potentialAction\":[{\"@type\":\"ReadAction\",\"target\":[\"https:\/\/ekkla.ch\/de\/produit\/leseleuchte-link-simple-cvl-luminaires\/\"]}]},{\"@type\":\"ImageObject\",\"inLanguage\":\"de\",\"@id\":\"https:\/\/ekkla.ch\/de\/produit\/leseleuchte-link-simple-cvl-luminaires\/#primaryimage\",\"url\":\"https:\/\/ekkla.ch\/wp-content\/uploads\/2020\/05\/Applique_Link_CLV_Simple-3.png\",\"contentUrl\":\"https:\/\/ekkla.ch\/wp-content\/uploads\/2020\/05\/Applique_Link_CLV_Simple-3.png\",\"width\":1081,\"height\":1081},{\"@type\":\"BreadcrumbList\",\"@id\":\"https:\/\/ekkla.ch\/de\/produit\/leseleuchte-link-simple-cvl-luminaires\/#breadcrumb\",\"itemListElement\":[{\"@type\":\"ListItem\",\"position\":1,\"name\":\"Home\",\"item\":\"https:\/\/ekkla.ch\/de\/\"},{\"@type\":\"ListItem\",\"position\":2,\"name\":\"Shop\",\"item\":\"https:\/\/ekkla.ch\/de\/shop\/\"},{\"@type\":\"ListItem\",\"position\":3,\"name\":\"Leseleuchte Link Simple &#8211; CVL Luminaires\"}]},{\"@type\":\"WebSite\",\"@id\":\"https:\/\/ekkla.ch\/#website\",\"url\":\"https:\/\/ekkla.ch\/\",\"name\":\"Ekkla\",\"description\":\"Der Onlineshop f\u00fcr Beleuchtung\",\"publisher\":{\"@id\":\"https:\/\/ekkla.ch\/#organization\"},\"potentialAction\":[{\"@type\":\"SearchAction\",\"target\":{\"@type\":\"EntryPoint\",\"urlTemplate\":\"https:\/\/ekkla.ch\/?s={search_term_string}\"},\"query-input\":\"required name=search_term_string\"}],\"inLanguage\":\"de\"},{\"@type\":\"Organization\",\"@id\":\"https:\/\/ekkla.ch\/#organization\",\"name\":\"Ekkla\",\"url\":\"https:\/\/ekkla.ch\/\",\"logo\":{\"@type\":\"ImageObject\",\"inLanguage\":\"de\",\"@id\":\"https:\/\/ekkla.ch\/#\/schema\/logo\/image\/\",\"url\":\"http:\/\/ekkla.ch\/wp-content\/uploads\/2019\/07\/logo-1.svg\",\"contentUrl\":\"http:\/\/ekkla.ch\/wp-content\/uploads\/2019\/07\/logo-1.svg\",\"width\":1,\"height\":1,\"caption\":\"Ekkla\"},\"image\":{\"@id\":\"https:\/\/ekkla.ch\/#\/schema\/logo\/image\/\"},\"sameAs\":[\"https:\/\/www.instagram.com\/ekkla_light\/\"]}]}<\/script>\n<!-- \/ Yoast SEO Premium plugin. -->","yoast_head_json":{"title":"CVL Luminaires | Leselicht Link Simple | Gold | Integrierte LED's | Ekkla","description":"N\u00fcchtern und minimalistisch, das Leselicht Link rahmt das Licht ein. Diese Leseleuchte schm\u00fcckt Ihr Interieur auf schicke und moderne Weise.","robots":{"index":"index","follow":"follow","max-snippet":"max-snippet:-1","max-image-preview":"max-image-preview:large","max-video-preview":"max-video-preview:-1"},"canonical":"https:\/\/ekkla.ch\/de\/produit\/leseleuchte-link-simple-cvl-luminaires\/","og_locale":"de_DE","og_type":"article","og_title":"Leseleuchte Link Simple - CVL Luminaires","og_description":"N\u00fcchtern und minimalistisch, das Leselicht Link rahmt das Licht ein. Diese Leseleuchte schm\u00fcckt Ihr Interieur auf schicke und moderne Weise.","og_url":"https:\/\/ekkla.ch\/de\/produit\/leseleuchte-link-simple-cvl-luminaires\/","og_site_name":"Ekkla","article_modified_time":"2022-11-15T12:09:30+00:00","og_image":[{"width":1081,"height":1081,"url":"https:\/\/ekkla.ch\/wp-content\/uploads\/2020\/05\/Applique_Link_CLV_Simple-3.png","type":"image\/png"}],"twitter_card":"summary_large_image","twitter_misc":{"Gesch\u00e4tzte Lesezeit":"1\u00a0Minute"},"schema":{"@context":"https:\/\/schema.org","@graph":[{"@type":"WebPage","@id":"https:\/\/ekkla.ch\/de\/produit\/leseleuchte-link-simple-cvl-luminaires\/","url":"https:\/\/ekkla.ch\/de\/produit\/leseleuchte-link-simple-cvl-luminaires\/","name":"CVL Luminaires | Leselicht Link Simple | Gold | Integrierte LED's | Ekkla","isPartOf":{"@id":"https:\/\/ekkla.ch\/#website"},"primaryImageOfPage":{"@id":"https:\/\/ekkla.ch\/de\/produit\/leseleuchte-link-simple-cvl-luminaires\/#primaryimage"},"image":{"@id":"https:\/\/ekkla.ch\/de\/produit\/leseleuchte-link-simple-cvl-luminaires\/#primaryimage"},"thumbnailUrl":"https:\/\/ekkla.ch\/wp-content\/uploads\/2020\/05\/Applique_Link_CLV_Simple-3.png","datePublished":"2020-05-06T08:22:43+00:00","dateModified":"2022-11-15T12:09:30+00:00","description":"N\u00fcchtern und minimalistisch, das Leselicht Link rahmt das Licht ein. Diese Leseleuchte schm\u00fcckt Ihr Interieur auf schicke und moderne Weise.","breadcrumb":{"@id":"https:\/\/ekkla.ch\/de\/produit\/leseleuchte-link-simple-cvl-luminaires\/#breadcrumb"},"inLanguage":"de","potentialAction":[{"@type":"ReadAction","target":["https:\/\/ekkla.ch\/de\/produit\/leseleuchte-link-simple-cvl-luminaires\/"]}]},{"@type":"ImageObject","inLanguage":"de","@id":"https:\/\/ekkla.ch\/de\/produit\/leseleuchte-link-simple-cvl-luminaires\/#primaryimage","url":"https:\/\/ekkla.ch\/wp-content\/uploads\/2020\/05\/Applique_Link_CLV_Simple-3.png","contentUrl":"https:\/\/ekkla.ch\/wp-content\/uploads\/2020\/05\/Applique_Link_CLV_Simple-3.png","width":1081,"height":1081},{"@type":"BreadcrumbList","@id":"https:\/\/ekkla.ch\/de\/produit\/leseleuchte-link-simple-cvl-luminaires\/#breadcrumb","itemListElement":[{"@type":"ListItem","position":1,"name":"Home","item":"https:\/\/ekkla.ch\/de\/"},{"@type":"ListItem","position":2,"name":"Shop","item":"https:\/\/ekkla.ch\/de\/shop\/"},{"@type":"ListItem","position":3,"name":"Leseleuchte Link Simple &#8211; CVL Luminaires"}]},{"@type":"WebSite","@id":"https:\/\/ekkla.ch\/#website","url":"https:\/\/ekkla.ch\/","name":"Ekkla","description":"Der Onlineshop f\u00fcr Beleuchtung","publisher":{"@id":"https:\/\/ekkla.ch\/#organization"},"potentialAction":[{"@type":"SearchAction","target":{"@type":"EntryPoint","urlTemplate":"https:\/\/ekkla.ch\/?s={search_term_string}"},"query-input":"required name=search_term_string"}],"inLanguage":"de"},{"@type":"Organization","@id":"https:\/\/ekkla.ch\/#organization","name":"Ekkla","url":"https:\/\/ekkla.ch\/","logo":{"@type":"ImageObject","inLanguage":"de","@id":"https:\/\/ekkla.ch\/#\/schema\/logo\/image\/","url":"http:\/\/ekkla.ch\/wp-content\/uploads\/2019\/07\/logo-1.svg","contentUrl":"http:\/\/ekkla.ch\/wp-content\/uploads\/2019\/07\/logo-1.svg","width":1,"height":1,"caption":"Ekkla"},"image":{"@id":"https:\/\/ekkla.ch\/#\/schema\/logo\/image\/"},"sameAs":["https:\/\/www.instagram.com\/ekkla_light\/"]}]}},"_links":{"self":[{"href":"https:\/\/ekkla.ch\/de\/wp-json\/wp\/v2\/product\/22336"}],"collection":[{"href":"https:\/\/ekkla.ch\/de\/wp-json\/wp\/v2\/product"}],"about":[{"href":"https:\/\/ekkla.ch\/de\/wp-json\/wp\/v2\/types\/product"}],"wp:featuredmedia":[{"embeddable":true,"href":"https:\/\/ekkla.ch\/de\/wp-json\/wp\/v2\/media\/22358"}],"wp:attachment":[{"href":"https:\/\/ekkla.ch\/de\/wp-json\/wp\/v2\/media?parent=22336"}],"wp:term":[{"taxonomy":"product_cat","embeddable":true,"href":"https:\/\/ekkla.ch\/de\/wp-json\/wp\/v2\/product_cat?post=22336"},{"taxonomy":"product_tag","embeddable":true,"href":"https:\/\/ekkla.ch\/de\/wp-json\/wp\/v2\/product_tag?post=22336"}],"curies":[{"name":"wp","href":"https:\/\/api.w.org\/{rel}","templated":true}]}}